{"id":40,"date":"2023-05-24T13:00:19","date_gmt":"2023-05-24T13:00:19","guid":{"rendered":"https:\/\/www.alcoawheels.com\/china\/en\/?page_id=40"},"modified":"2023-08-24T16:27:11","modified_gmt":"2023-08-24T08:27:11","slug":"nuts-valves","status":"publish","type":"page","link":"https:\/\/www.alcoawheels.com\/china\/en\/nuts-valves\/","title":{"rendered":"Wheel Nuts and Valves"},"content":{"rendered":"\n<div class=\"wp-block-alcoa-wheels-hero-banner-innerpage hero-banner with-image layout-2 overlayEnable align- vertical-align- align-center vertical-align-center\" style=\"background-color:#eee\"><img decoding=\"async\" src=\"https:\/\/www.alcoawheels.com\/china\/en\/wp-content\/uploads\/sites\/7\/2023\/06\/nuts-valves-banner.jpeg\" alt=\"Wheel nuts and valves for alcoa wheels\" class=\"responsiveImage\"\/><div class=\"hero-banner__header\" style=\"text-align:center\"><div class=\"container\"><h1 class=\"hero-banner__header--title\">Wheel Nuts and Valves<\/h1><\/div><\/div><\/div>\n\n\n\n<div style=\"height:50px\" aria-hidden=\"true\" class=\"wp-block-spacer spacer-fifty\"><\/div>\n\n\n\n<div class=\"wp-block-alcoa-wheels-zigzag media-list__body\" id=\"zigzag-main-fa238412-ea8e-404b-9334-519e9770c6f2\"><div class=\"media-list__body_main  vertical-align-center  container\">\n<div class=\"wp-block-alcoa-wheels-zigzag-item media-list-item\"><div class=\"media-list-item__box_content\"><div class=\"media-list-item__box_content_inner\">\n<h3 class=\"wp-block-heading\" id=\"h-sleeved-wheel-nuts\">Sleeved wheel nuts<\/h3>\n\n\n\n<p>High quality short and long sleeved wheel nuts for mounting ALCOA<sup>\u00ae<\/sup>&nbsp;WHEELS. Available for Metric, UNF and BSF fitment.&nbsp;&nbsp;&nbsp;&nbsp;&nbsp;&nbsp;&nbsp;&nbsp;&nbsp;<\/p>\n<\/div><\/div><div class=\"media-list-item__box_image\"><img loading=\"lazy\" decoding=\"async\" width=\"1142\" height=\"400\" src=\"https:\/\/www.alcoawheels.com\/china\/en\/wp-content\/uploads\/sites\/7\/2023\/06\/nut-valves-nuts.jpeg\" alt=\"sleeved wheel nuts short and long\"\/><\/div><\/div>\n<\/div><\/div>\n\n\n\n<div style=\"height:50px\" aria-hidden=\"true\" class=\"wp-block-spacer spacer-fifty\"><\/div>\n\n\n\n<div class=\"wp-block-columns padded-columns is-layout-flex wp-container-core-columns-is-layout-9d6595d7 wp-block-columns-is-layout-flex\">\n<div class=\"wp-block-column is-layout-flow wp-block-column-is-layout-flow\">\n<h5 class=\"wp-block-heading\">M18 x 1.5 &#8211; short for \u00f8 bolt holes 26 mm<\/h5>\n\n\n\n<h5 class=\"wp-block-heading\">M18 x 1.5 &#8211; long for \u00f8 bolt holes 26 mm<\/h5>\n\n\n\n<h5 class=\"wp-block-heading\">&nbsp;<\/h5>\n\n\n\n<h5 class=\"wp-block-heading\">M20 x 1.5 &#8211; short for \u00f8 bolt holes&nbsp;30mm<\/h5>\n\n\n\n<h5 class=\"wp-block-heading\">M20 x 1.5 &#8211; long for \u00f8 bolt holes&nbsp;30mm<\/h5>\n\n\n\n<h5 class=\"wp-block-heading\">&nbsp;<\/h5>\n\n\n\n<h5 class=\"wp-block-heading\">M22x 1.5 &#8211; short for \u00f8 bolt holes 32mm<\/h5>\n\n\n\n<h5 class=\"wp-block-heading\">M22 x 1.5 &#8211; long for \u00f8 bolt holes 32mm<\/h5>\n<\/div>\n\n\n\n<div class=\"wp-block-column is-layout-flow wp-block-column-is-layout-flow\">\n<h5 class=\"wp-block-heading\">Volvo short 7\/8\u201d &#8211; 14 UNF 32mm<\/h5>\n\n\n\n<h5 class=\"wp-block-heading\">Volvo long 7\/8\u201d &#8211; 14 UNF 32mm<\/h5>\n\n\n\n<h5 class=\"wp-block-heading\">&nbsp;<\/h5>\n\n\n\n<h5 class=\"wp-block-heading\">Scania short 7\/8\u201d &#8211; 11 BSF 32mm<\/h5>\n\n\n\n<h5 class=\"wp-block-heading\">Scania long 7\/8\u201d &#8211; 11 BSF 32mm<\/h5>\n<\/div>\n<\/div>\n\n\n\n<div style=\"height:50px\" aria-hidden=\"true\" class=\"wp-block-spacer spacer-fifty\"><\/div>\n\n\n\n<div style=\"height:50px\" aria-hidden=\"true\" class=\"wp-block-spacer spacer-fifty\"><\/div>\n\n\n\n<hr class=\"wp-block-separator has-text-color has-alpha-channel-opacity has-background is-style-wide\" style=\"background-color:#cccccc;color:#cccccc\"\/>\n\n\n\n<div style=\"height:50px\" aria-hidden=\"true\" class=\"wp-block-spacer spacer-fifty\"><\/div>\n\n\n\n<h3 class=\"wp-block-heading\">Valves<\/h3>\n\n\n\n<p>Nickel plated valves for replacement. The special black T-shape grommet reduce the risk of galvanic corrosion between the valve and the wheel. Available in different sizes and angles.&nbsp;Consult the Product Information Valve chart for more details on older wheels.&nbsp;<\/p>\n\n\n\n<div class=\"wp-block-alcoa-wheels-zigzag media-list__body\" id=\"zigzag-main-d98be869-96da-468f-ae20-e48de792570f\"><div class=\"media-list__body_main  vertical-align-center  container row-reverse\">\n<div class=\"wp-block-alcoa-wheels-zigzag-item media-list-item\"><div class=\"media-list-item__box_content\"><div class=\"media-list-item__box_content_inner\">\n<h5 class=\"wp-block-heading\">straight nickel plated valve length 40mm<\/h5>\n\n\n\n<h5 class=\"wp-block-heading\"><br>straight nickel plated valve length 54mm<br><\/h5>\n\n\n\n<h5 class=\"wp-block-heading\">straight nickel plated valve length 60mm<br><\/h5>\n\n\n\n<h5 class=\"wp-block-heading\">straight nickel plated valve length 83mm (Workhorse<sup>\u00ae<\/sup>&nbsp;Wheels)<\/h5>\n<\/div><\/div><div class=\"media-list-item__box_image\"><img loading=\"lazy\" decoding=\"async\" width=\"1138\" height=\"682\" src=\"https:\/\/www.alcoawheels.com\/china\/en\/wp-content\/uploads\/sites\/7\/2023\/06\/nut-valves-valves-straight.jpeg\" alt=\"straight nickel plated valves\"\/><\/div><\/div>\n\n\n\n<div class=\"wp-block-alcoa-wheels-zigzag-item media-list-item\"><div class=\"media-list-item__box_content\"><div class=\"media-list-item__box_content_inner\">\n<h5 class=\"wp-block-heading has-text-align-right\">nickel plated valve with 7\u00b0 angle<\/h5>\n\n\n\n<h5 class=\"wp-block-heading\">nickel plated valve with 27\u00b0 angle<\/h5>\n\n\n\n<h5 class=\"wp-block-heading\">nickel plated valve with 45\u00b0 angle<\/h5>\n\n\n\n<h5 class=\"wp-block-heading\">nickel plated valve with 60\u00b0 angle<\/h5>\n<\/div><\/div><div class=\"media-list-item__box_image\"><img loading=\"lazy\" decoding=\"async\" width=\"1241\" height=\"583\" src=\"https:\/\/www.alcoawheels.com\/china\/en\/wp-content\/uploads\/sites\/7\/2023\/06\/nut-valves-valves-angle.jpeg\" alt=\"nickel plated valves\"\/><\/div><\/div>\n<\/div><\/div>\n\n\n\n<h3 class=\"wp-block-heading\">Valve extensions<\/h3>\n\n\n\n<p>Nickel plated and plastic valve extensions which enable tyre pressure checks. Available in&nbsp;20, 70 and 150 mm.<\/p>\n\n\n\n<div class=\"wp-block-alcoa-wheels-zigzag media-list__body\" id=\"zigzag-main-55df4ec1-7b0c-4f30-a319-e9d33e6e0c81\"><div class=\"media-list__body_main  vertical-align-center  container row-reverse\">\n<div class=\"wp-block-alcoa-wheels-zigzag-item media-list-item\"><div class=\"media-list-item__box_content\"><div class=\"media-list-item__box_content_inner\">\n<h5 class=\"wp-block-heading\">20mm nickel plated valve extension<br><\/h5>\n\n\n\n<h5 class=\"wp-block-heading\">70mm POM plastic valve extension<br><\/h5>\n\n\n\n<h5 class=\"wp-block-heading\">150mm POM plastic valve extension<\/h5>\n<\/div><\/div><div class=\"media-list-item__box_image\"><img loading=\"lazy\" decoding=\"async\" width=\"1006\" height=\"338\" src=\"https:\/\/www.alcoawheels.com\/china\/en\/wp-content\/uploads\/sites\/7\/2023\/06\/nut-valves-valves-ext-group.jpeg\" alt=\"valve extensions\"\/><\/div><\/div>\n<\/div><\/div>\n\n\n\n<div style=\"height:25px\" aria-hidden=\"true\" class=\"wp-block-spacer\"><\/div>\n\n\n\n<hr class=\"wp-block-separator has-text-color has-alpha-channel-opacity has-background is-style-wide\" style=\"background-color:#cccccc;color:#cccccc\"\/>\n\n\n\n<div style=\"height:50px\" aria-hidden=\"true\" class=\"wp-block-spacer spacer-fifty\"><\/div>\n\n\n\n<h5 class=\"wp-block-heading\">For more information:<\/h5>\n\n\n\n<p><a href=\"https:\/\/www.alcoawheels.com\/china\/en\/wp-content\/uploads\/sites\/7\/2023\/07\/ARC2161-Alcoa-Accessories-8pg-2012-web-v1.pdf\">Alcoa<sup>\u00ae<\/sup>&nbsp;Accessories Brochure<\/a><\/p>\n\n\n\n<div class=\"wp-block-alcoa-wheels-card-usecase-1 card-box-v1__body with-icon align-center vertical-align-center\" id=\"card_box_v1-6dc410b2-f5d5-4f5b-9403-beecbe781bef\"><div class=\"fullwidthcontainer\"><div class=\"card-box-v1__boxes has-4-columns\"><div class=\"card-box-v1__box  with-link \" style=\"background-color:#00afb9\"><img decoding=\"async\" src=\"https:\/\/www.alcoawheels.com\/china\/en\/wp-content\/themes\/alcoa-wheels\/assets\/build\/js\/blocks\/card-usecase-1\/..\/..\/..\/images\/placeholder-image.db2b4d5c.jpeg\" alt=\"Contact\"\/><div class=\"card-box-v1__box__inner pos-abs\"><div class=\"card-box-v1__box_icon\"><img loading=\"lazy\" decoding=\"async\" width=\"171\" height=\"171\" src=\"https:\/\/www.alcoawheels.com\/china\/en\/wp-content\/uploads\/sites\/7\/2023\/06\/contact.png\" alt=\"\"\/><\/div><div class=\"card-box-v1__box_content\"><h4 style=\"color:#ffffff\">Contact<\/h4><\/div><div class=\"btn-wrap\"><\/div><\/div><a href=\"http:\/\/go.alcoawheels.com\/l\/504541\/2019-07-29\/9ryxs8\" aria-label=\"Contact\"><\/a><\/div><div class=\"card-box-v1__box  with-link \" style=\"background-color:#34bfc7\"><img decoding=\"async\" src=\"https:\/\/www.alcoawheels.com\/china\/en\/wp-content\/themes\/alcoa-wheels\/assets\/build\/js\/blocks\/card-usecase-1\/..\/..\/..\/images\/placeholder-image.db2b4d5c.jpeg\" alt=\"Product Search\"\/><div class=\"card-box-v1__box__inner pos-abs\"><div class=\"card-box-v1__box_icon\"><img loading=\"lazy\" decoding=\"async\" width=\"169\" height=\"169\" src=\"https:\/\/www.alcoawheels.com\/china\/en\/wp-content\/uploads\/sites\/7\/2023\/06\/product-search.png\" alt=\"\"\/><\/div><div class=\"card-box-v1__box_content\"><h4 style=\"color:#ffffff\">Product Search<\/h4><\/div><div class=\"btn-wrap\"><\/div><\/div><a href=\"\/china\/en\/wheel-range\" aria-label=\"Product Search\"><\/a><\/div><div class=\"card-box-v1__box  with-link \" style=\"background-color:#00afb9\"><img decoding=\"async\" src=\"https:\/\/www.alcoawheels.com\/china\/en\/wp-content\/themes\/alcoa-wheels\/assets\/build\/js\/blocks\/card-usecase-1\/..\/..\/..\/images\/placeholder-image.db2b4d5c.jpeg\" alt=\"Where To Buy\"\/><div class=\"card-box-v1__box__inner pos-abs\"><div class=\"card-box-v1__box_icon\"><img loading=\"lazy\" decoding=\"async\" width=\"169\" height=\"169\" src=\"https:\/\/www.alcoawheels.com\/china\/en\/wp-content\/uploads\/sites\/7\/2023\/06\/where-to-buy.png\" alt=\"\"\/><\/div><div class=\"card-box-v1__box_content\"><h4 style=\"color:#ffffff\">Where To Buy<\/h4><\/div><div class=\"btn-wrap\"><\/div><\/div><a href=\"\/china\/en\/where-to-buy\" aria-label=\"Where To Buy\"><\/a><\/div><div class=\"card-box-v1__box  with-link \" style=\"background-color:#34bfc7\"><img decoding=\"async\" src=\"https:\/\/www.alcoawheels.com\/china\/en\/wp-content\/themes\/alcoa-wheels\/assets\/build\/js\/blocks\/card-usecase-1\/..\/..\/..\/images\/placeholder-image.db2b4d5c.jpeg\" alt=\"Product Literature\"\/><div class=\"card-box-v1__box__inner pos-abs\"><div class=\"card-box-v1__box_icon\"><img loading=\"lazy\" decoding=\"async\" width=\"169\" height=\"169\" src=\"https:\/\/www.alcoawheels.com\/china\/en\/wp-content\/uploads\/sites\/7\/2023\/06\/product-literature.png\" alt=\"\"\/><\/div><div class=\"card-box-v1__box_content\"><h4 style=\"color:#ffffff\">Product Literature<\/h4><\/div><div class=\"btn-wrap\"><\/div><\/div><a href=\"\/china\/en\/product-literature\" aria-label=\"Product Literature\"><\/a><\/div><\/div><\/div><\/div>\n","protected":false},"excerpt":{"rendered":"<p>M18 x 1.5 &#8211; short for \u00f8 bolt holes 26 mm M18 x 1.5 &#8211; long for \u00f8 bolt holes 26 mm &nbsp; M20 x 1.5 &#8211; short for \u00f8 bolt holes&nbsp;30mm M20 x 1.5 &#8211; long for \u00f8 bolt holes&nbsp;30mm &nbsp; M22x 1.5 &#8211; short for \u00f8 bolt holes 32mm M22 x 1.5 &#8211; [&hellip;]<\/p>\n","protected":false},"author":44,"featured_media":2012,"parent":0,"menu_order":0,"comment_status":"closed","ping_status":"closed","template":"","meta":{"_acf_changed":false,"protected_reviewer_email":"","editor_notices":[],"footnotes":""},"class_list":["post-40","page","type-page","status-publish","has-post-thumbnail","hentry"],"acf":[],"yoast_head":"<!-- This site is optimized with the Yoast SEO Premium plugin v27.4 (Yoast SEO v27.4) - https:\/\/yoast.com\/product\/yoast-seo-premium-wordpress\/ -->\n<title>Alcoa Wheels | Accessories | Wheel Nuts and Valves<\/title>\n<meta name=\"robots\" content=\"index, follow, max-snippet:-1, max-image-preview:large, max-video-preview:-1\" \/>\n<link rel=\"canonical\" href=\"https:\/\/www.alcoawheels.com\/china\/en\/nuts-valves\/\" \/>\n<meta property=\"og:locale\" content=\"en_US\" \/>\n<meta property=\"og:type\" content=\"article\" \/>\n<meta property=\"og:title\" content=\"Wheel Nuts and Valves\" \/>\n<meta property=\"og:description\" content=\"M18 x 1.5 &#8211; short for \u00f8 bolt holes 26 mm M18 x 1.5 &#8211; long for \u00f8 bolt holes 26 mm &nbsp; M20 x 1.5 &#8211; short for \u00f8 bolt holes&nbsp;30mm M20 x 1.5 &#8211; long for \u00f8 bolt holes&nbsp;30mm &nbsp; M22x 1.5 &#8211; short for \u00f8 bolt holes 32mm M22 x 1.5 &#8211; [&hellip;]\" \/>\n<meta property=\"og:url\" content=\"https:\/\/www.alcoawheels.com\/china\/en\/nuts-valves\/\" \/>\n<meta property=\"og:site_name\" content=\"China\" \/>\n<meta property=\"article:modified_time\" content=\"2023-08-24T08:27:11+00:00\" \/>\n<meta property=\"og:image\" content=\"https:\/\/www.alcoawheels.com\/china\/en\/wp-content\/uploads\/sites\/7\/2023\/07\/Valves-angle-mod.jpg\" \/>\n\t<meta property=\"og:image:width\" content=\"450\" \/>\n\t<meta property=\"og:image:height\" content=\"300\" \/>\n\t<meta property=\"og:image:type\" content=\"image\/jpeg\" \/>\n<meta name=\"twitter:card\" content=\"summary_large_image\" \/>\n<meta name=\"twitter:label1\" content=\"Est. reading time\" \/>\n\t<meta name=\"twitter:data1\" content=\"3 minutes\" \/>\n<script type=\"application\/ld+json\" class=\"yoast-schema-graph\">{\"@context\":\"https:\\\/\\\/schema.org\",\"@graph\":[{\"@type\":\"WebPage\",\"@id\":\"https:\\\/\\\/www.alcoawheels.com\\\/china\\\/en\\\/nuts-valves\\\/\",\"url\":\"https:\\\/\\\/www.alcoawheels.com\\\/china\\\/en\\\/nuts-valves\\\/\",\"name\":\"Alcoa Wheels | Accessories | Wheel Nuts and Valves\",\"isPartOf\":{\"@id\":\"https:\\\/\\\/www.alcoawheels.com\\\/china\\\/en\\\/#website\"},\"primaryImageOfPage\":{\"@id\":\"https:\\\/\\\/www.alcoawheels.com\\\/china\\\/en\\\/nuts-valves\\\/#primaryimage\"},\"image\":{\"@id\":\"https:\\\/\\\/www.alcoawheels.com\\\/china\\\/en\\\/nuts-valves\\\/#primaryimage\"},\"thumbnailUrl\":\"https:\\\/\\\/www.alcoawheels.com\\\/china\\\/en\\\/wp-content\\\/uploads\\\/sites\\\/7\\\/2023\\\/07\\\/Valves-angle-mod.jpg\",\"datePublished\":\"2023-05-24T13:00:19+00:00\",\"dateModified\":\"2023-08-24T08:27:11+00:00\",\"breadcrumb\":{\"@id\":\"https:\\\/\\\/www.alcoawheels.com\\\/china\\\/en\\\/nuts-valves\\\/#breadcrumb\"},\"inLanguage\":\"en-US\",\"potentialAction\":[{\"@type\":\"ReadAction\",\"target\":[\"https:\\\/\\\/www.alcoawheels.com\\\/china\\\/en\\\/nuts-valves\\\/\"]}]},{\"@type\":\"ImageObject\",\"inLanguage\":\"en-US\",\"@id\":\"https:\\\/\\\/www.alcoawheels.com\\\/china\\\/en\\\/nuts-valves\\\/#primaryimage\",\"url\":\"https:\\\/\\\/www.alcoawheels.com\\\/china\\\/en\\\/wp-content\\\/uploads\\\/sites\\\/7\\\/2023\\\/07\\\/Valves-angle-mod.jpg\",\"contentUrl\":\"https:\\\/\\\/www.alcoawheels.com\\\/china\\\/en\\\/wp-content\\\/uploads\\\/sites\\\/7\\\/2023\\\/07\\\/Valves-angle-mod.jpg\",\"width\":450,\"height\":300,\"caption\":\"Valves-angle\"},{\"@type\":\"BreadcrumbList\",\"@id\":\"https:\\\/\\\/www.alcoawheels.com\\\/china\\\/en\\\/nuts-valves\\\/#breadcrumb\",\"itemListElement\":[{\"@type\":\"ListItem\",\"position\":1,\"name\":\"Home\",\"item\":\"https:\\\/\\\/www.alcoawheels.com\\\/china\\\/en\\\/\"},{\"@type\":\"ListItem\",\"position\":2,\"name\":\"Wheel Nuts and Valves\"}]},{\"@type\":\"WebSite\",\"@id\":\"https:\\\/\\\/www.alcoawheels.com\\\/china\\\/en\\\/#website\",\"url\":\"https:\\\/\\\/www.alcoawheels.com\\\/china\\\/en\\\/\",\"name\":\"China\",\"description\":\"\",\"publisher\":{\"@id\":\"https:\\\/\\\/www.alcoawheels.com\\\/china\\\/en\\\/#organization\"},\"potentialAction\":[{\"@type\":\"SearchAction\",\"target\":{\"@type\":\"EntryPoint\",\"urlTemplate\":\"https:\\\/\\\/www.alcoawheels.com\\\/china\\\/en\\\/?s={search_term_string}\"},\"query-input\":{\"@type\":\"PropertyValueSpecification\",\"valueRequired\":true,\"valueName\":\"search_term_string\"}}],\"inLanguage\":\"en-US\"},{\"@type\":\"Organization\",\"@id\":\"https:\\\/\\\/www.alcoawheels.com\\\/china\\\/en\\\/#organization\",\"name\":\"China\",\"url\":\"https:\\\/\\\/www.alcoawheels.com\\\/china\\\/en\\\/\",\"logo\":{\"@type\":\"ImageObject\",\"inLanguage\":\"en-US\",\"@id\":\"https:\\\/\\\/www.alcoawheels.com\\\/china\\\/en\\\/#\\\/schema\\\/logo\\\/image\\\/\",\"url\":\"https:\\\/\\\/www.alcoawheels.com\\\/china\\\/en\\\/wp-content\\\/uploads\\\/sites\\\/7\\\/2023\\\/05\\\/favicon.png\",\"contentUrl\":\"https:\\\/\\\/www.alcoawheels.com\\\/china\\\/en\\\/wp-content\\\/uploads\\\/sites\\\/7\\\/2023\\\/05\\\/favicon.png\",\"width\":16,\"height\":16,\"caption\":\"China\"},\"image\":{\"@id\":\"https:\\\/\\\/www.alcoawheels.com\\\/china\\\/en\\\/#\\\/schema\\\/logo\\\/image\\\/\"}}]}<\/script>\n<!-- \/ Yoast SEO Premium plugin. -->","yoast_head_json":{"title":"Alcoa Wheels | Accessories | Wheel Nuts and Valves","robots":{"index":"index","follow":"follow","max-snippet":"max-snippet:-1","max-image-preview":"max-image-preview:large","max-video-preview":"max-video-preview:-1"},"canonical":"https:\/\/www.alcoawheels.com\/china\/en\/nuts-valves\/","og_locale":"en_US","og_type":"article","og_title":"Wheel Nuts and Valves","og_description":"M18 x 1.5 &#8211; short for \u00f8 bolt holes 26 mm M18 x 1.5 &#8211; long for \u00f8 bolt holes 26 mm &nbsp; M20 x 1.5 &#8211; short for \u00f8 bolt holes&nbsp;30mm M20 x 1.5 &#8211; long for \u00f8 bolt holes&nbsp;30mm &nbsp; M22x 1.5 &#8211; short for \u00f8 bolt holes 32mm M22 x 1.5 &#8211; [&hellip;]","og_url":"https:\/\/www.alcoawheels.com\/china\/en\/nuts-valves\/","og_site_name":"China","article_modified_time":"2023-08-24T08:27:11+00:00","og_image":[{"width":450,"height":300,"url":"https:\/\/www.alcoawheels.com\/china\/en\/wp-content\/uploads\/sites\/7\/2023\/07\/Valves-angle-mod.jpg","type":"image\/jpeg"}],"twitter_card":"summary_large_image","twitter_misc":{"Est. reading time":"3 minutes"},"schema":{"@context":"https:\/\/schema.org","@graph":[{"@type":"WebPage","@id":"https:\/\/www.alcoawheels.com\/china\/en\/nuts-valves\/","url":"https:\/\/www.alcoawheels.com\/china\/en\/nuts-valves\/","name":"Alcoa Wheels | Accessories | Wheel Nuts and Valves","isPartOf":{"@id":"https:\/\/www.alcoawheels.com\/china\/en\/#website"},"primaryImageOfPage":{"@id":"https:\/\/www.alcoawheels.com\/china\/en\/nuts-valves\/#primaryimage"},"image":{"@id":"https:\/\/www.alcoawheels.com\/china\/en\/nuts-valves\/#primaryimage"},"thumbnailUrl":"https:\/\/www.alcoawheels.com\/china\/en\/wp-content\/uploads\/sites\/7\/2023\/07\/Valves-angle-mod.jpg","datePublished":"2023-05-24T13:00:19+00:00","dateModified":"2023-08-24T08:27:11+00:00","breadcrumb":{"@id":"https:\/\/www.alcoawheels.com\/china\/en\/nuts-valves\/#breadcrumb"},"inLanguage":"en-US","potentialAction":[{"@type":"ReadAction","target":["https:\/\/www.alcoawheels.com\/china\/en\/nuts-valves\/"]}]},{"@type":"ImageObject","inLanguage":"en-US","@id":"https:\/\/www.alcoawheels.com\/china\/en\/nuts-valves\/#primaryimage","url":"https:\/\/www.alcoawheels.com\/china\/en\/wp-content\/uploads\/sites\/7\/2023\/07\/Valves-angle-mod.jpg","contentUrl":"https:\/\/www.alcoawheels.com\/china\/en\/wp-content\/uploads\/sites\/7\/2023\/07\/Valves-angle-mod.jpg","width":450,"height":300,"caption":"Valves-angle"},{"@type":"BreadcrumbList","@id":"https:\/\/www.alcoawheels.com\/china\/en\/nuts-valves\/#breadcrumb","itemListElement":[{"@type":"ListItem","position":1,"name":"Home","item":"https:\/\/www.alcoawheels.com\/china\/en\/"},{"@type":"ListItem","position":2,"name":"Wheel Nuts and Valves"}]},{"@type":"WebSite","@id":"https:\/\/www.alcoawheels.com\/china\/en\/#website","url":"https:\/\/www.alcoawheels.com\/china\/en\/","name":"China","description":"","publisher":{"@id":"https:\/\/www.alcoawheels.com\/china\/en\/#organization"},"potentialAction":[{"@type":"SearchAction","target":{"@type":"EntryPoint","urlTemplate":"https:\/\/www.alcoawheels.com\/china\/en\/?s={search_term_string}"},"query-input":{"@type":"PropertyValueSpecification","valueRequired":true,"valueName":"search_term_string"}}],"inLanguage":"en-US"},{"@type":"Organization","@id":"https:\/\/www.alcoawheels.com\/china\/en\/#organization","name":"China","url":"https:\/\/www.alcoawheels.com\/china\/en\/","logo":{"@type":"ImageObject","inLanguage":"en-US","@id":"https:\/\/www.alcoawheels.com\/china\/en\/#\/schema\/logo\/image\/","url":"https:\/\/www.alcoawheels.com\/china\/en\/wp-content\/uploads\/sites\/7\/2023\/05\/favicon.png","contentUrl":"https:\/\/www.alcoawheels.com\/china\/en\/wp-content\/uploads\/sites\/7\/2023\/05\/favicon.png","width":16,"height":16,"caption":"China"},"image":{"@id":"https:\/\/www.alcoawheels.com\/china\/en\/#\/schema\/logo\/image\/"}}]}},"parsely":{"version":"1.1.0","canonical_url":"https:\/\/alcoawheels.com\/china\/en\/nuts-valves\/","smart_links":{"inbound":0,"outbound":0},"traffic_boost_suggestions_count":0,"meta":{"@context":"https:\/\/schema.org","@type":"WebPage","headline":"Wheel Nuts and Valves","url":"http:\/\/www.alcoawheels.com\/china\/en\/nuts-valves\/","mainEntityOfPage":{"@type":"WebPage","@id":"http:\/\/www.alcoawheels.com\/china\/en\/nuts-valves\/"},"thumbnailUrl":"https:\/\/www.alcoawheels.com\/china\/en\/wp-content\/uploads\/sites\/7\/2023\/07\/Valves-angle-mod.jpg?w=150&h=150&crop=1","image":{"@type":"ImageObject","url":"https:\/\/www.alcoawheels.com\/china\/en\/wp-content\/uploads\/sites\/7\/2023\/07\/Valves-angle-mod.jpg"},"articleSection":"Uncategorized","author":[{"@type":"Person","name":"howmet"}],"creator":["howmet"],"publisher":{"@type":"Organization","name":"China","logo":""},"keywords":[],"dateCreated":"2023-05-24T13:00:19Z","datePublished":"2023-05-24T13:00:19Z","dateModified":"2023-08-24T08:27:11Z"},"rendered":"<script type=\"application\/ld+json\" class=\"wp-parsely-metadata\">{\"@context\":\"https:\\\/\\\/schema.org\",\"@type\":\"WebPage\",\"headline\":\"Wheel Nuts and Valves\",\"url\":\"http:\\\/\\\/www.alcoawheels.com\\\/china\\\/en\\\/nuts-valves\\\/\",\"mainEntityOfPage\":{\"@type\":\"WebPage\",\"@id\":\"http:\\\/\\\/www.alcoawheels.com\\\/china\\\/en\\\/nuts-valves\\\/\"},\"thumbnailUrl\":\"https:\\\/\\\/www.alcoawheels.com\\\/china\\\/en\\\/wp-content\\\/uploads\\\/sites\\\/7\\\/2023\\\/07\\\/Valves-angle-mod.jpg?w=150&h=150&crop=1\",\"image\":{\"@type\":\"ImageObject\",\"url\":\"https:\\\/\\\/www.alcoawheels.com\\\/china\\\/en\\\/wp-content\\\/uploads\\\/sites\\\/7\\\/2023\\\/07\\\/Valves-angle-mod.jpg\"},\"articleSection\":\"Uncategorized\",\"author\":[{\"@type\":\"Person\",\"name\":\"howmet\"}],\"creator\":[\"howmet\"],\"publisher\":{\"@type\":\"Organization\",\"name\":\"China\",\"logo\":\"\"},\"keywords\":[],\"dateCreated\":\"2023-05-24T13:00:19Z\",\"datePublished\":\"2023-05-24T13:00:19Z\",\"dateModified\":\"2023-08-24T08:27:11Z\"}<\/script>","tracker_url":"https:\/\/cdn.parsely.com\/keys\/alcoawheels.com\/p.js"},"jetpack_sharing_enabled":true,"_links":{"self":[{"href":"https:\/\/www.alcoawheels.com\/china\/en\/wp-json\/wp\/v2\/pages\/40","targetHints":{"allow":["GET"]}}],"collection":[{"href":"https:\/\/www.alcoawheels.com\/china\/en\/wp-json\/wp\/v2\/pages"}],"about":[{"href":"https:\/\/www.alcoawheels.com\/china\/en\/wp-json\/wp\/v2\/types\/page"}],"author":[{"embeddable":true,"href":"https:\/\/www.alcoawheels.com\/china\/en\/wp-json\/wp\/v2\/users\/44"}],"replies":[{"embeddable":true,"href":"https:\/\/www.alcoawheels.com\/china\/en\/wp-json\/wp\/v2\/comments?post=40"}],"version-history":[{"count":16,"href":"https:\/\/www.alcoawheels.com\/china\/en\/wp-json\/wp\/v2\/pages\/40\/revisions"}],"predecessor-version":[{"id":2053,"href":"https:\/\/www.alcoawheels.com\/china\/en\/wp-json\/wp\/v2\/pages\/40\/revisions\/2053"}],"wp:featuredmedia":[{"embeddable":true,"href":"https:\/\/www.alcoawheels.com\/china\/en\/wp-json\/wp\/v2\/media\/2012"}],"wp:attachment":[{"href":"https:\/\/www.alcoawheels.com\/china\/en\/wp-json\/wp\/v2\/media?parent=40"}],"curies":[{"name":"wp","href":"https:\/\/api.w.org\/{rel}","templated":true}]}}