{"id":16,"date":"2023-05-25T08:54:56","date_gmt":"2023-05-25T08:54:56","guid":{"rendered":"https:\/\/www.alcoawheels.com\/europe\/cs\/?page_id=16"},"modified":"2025-11-20T19:36:36","modified_gmt":"2025-11-20T18:36:36","slug":"pouziti","status":"publish","type":"page","link":"https:\/\/www.alcoawheels.com\/europe\/cs\/pouziti\/","title":{"rendered":"Pou\u017eit\u00ed"},"content":{"rendered":"\n<div class=\"wp-block-alcoa-wheels-hero-banner-innerpage hero-banner with-image layout-2 overlayEnable align- vertical-align-\" style=\"background-color:#eee\"><img decoding=\"async\" src=\"https:\/\/www.alcoawheels.com\/europe\/cs\/wp-content\/uploads\/sites\/9\/2023\/06\/applications-banner.jpeg\" alt=\"Alcoa Wheels application\" class=\"responsiveImage\"\/><div class=\"hero-banner__header\" style=\"text-align:center\"><div class=\"container\"><h1 class=\"hero-banner__header--title\">Pou\u017eit\u00ed<\/h1><\/div><\/div><\/div>\n\n\n\n<div style=\"height:50px\" aria-hidden=\"true\" class=\"wp-block-spacer spacer-fifty\"><\/div>\n\n\n\n<h2 class=\"wp-block-heading has-text-align-center\" id=\"tezka-doprava\">St\u0159edn\u011b t\u011b\u017ek\u00e1 a t\u011b\u017ek\u00e1 n\u00e1kladn\u00ed vozidla a p\u0159\u00edv\u011bsy<\/h2>\n\n\n\n<div style=\"height:50px\" aria-hidden=\"true\" class=\"wp-block-spacer spacer-fifty\"><\/div>\n\n\n\n<div class=\"wp-block-alcoa-wheels-zigzag media-list__body\" id=\"zigzag-main-f09c56b9-a904-418f-a4c8-bee3ab7dd016\"><div class=\"media-list__body_main  vertical-align-center  fullWidth\">\n<div class=\"wp-block-alcoa-wheels-zigzag-item media-list-item\"><div class=\"media-list-item__box_content\"><div class=\"media-list-item__box_content_inner\">\n<p>Vyu\u017eijte<a href=\"https:\/\/www.alcoawheels.com\/alcoawheels\/europe\/cs\/vyhody.asp#uspora-vahy\">&nbsp;<\/a><a href=\"\/europe\/cs\/vyhody\/#uspora-vahy\">\u00faspory hmotnost<\/a><a href=\"https:\/\/www.alcoawheels.com\/alcoawheels\/europe\/cs\/vyhody.asp#uspora-vahy\">i<\/a>, optimalizovanou pevnost a odolnost p\u0159i pou\u017eit\u00ed na n\u00e1kladn\u00edch vozidlech a p\u0159\u00edv\u011bsech. Kola Alcoa\u00ae mohou p\u0159isp\u011bt k<\/p>\n\n\n\n<div id=\"list-fde7764d-7bcb-4a4c-88c6-406561d6c319\" class=\"wp-block-alcoa-wheels-list-basic list\"><style>#list-fde7764d-7bcb-4a4c-88c6-406561d6c319 .listul.with-icn li span.list--item:before{background-image:url(https:\/\/www.alcoawheels.com\/europe\/cs\/wp-content\/uploads\/sites\/9\/2023\/05\/wheel-bullet.jpg);}<\/style><ul class=\"listul with-icn\"><li><span class=\"list--item\">Zv\u00fd\u0161en\u00e1 produktivita<\/span><\/li><li><span class=\"list--item\">Sn\u00ed\u017een\u00e9 n\u00e1roky na \u00fadr\u017ebu<\/span><\/li><li><span class=\"list--item\">Ni\u017e\u0161\u00ed provozn\u00ed n\u00e1klady<\/span><\/li><li><span class=\"list--item\">Ni\u017e\u0161\u00ed emise CO<sub>2<\/sub><\/span><\/li><li><span class=\"list--item\">Lep\u0161\u00ed vzhled<\/span><\/li><\/ul><\/div>\n\n\n\n<p>A\u0165 u\u017e \u010del\u00edte jak\u00fdmkoliv v\u00fdzv\u00e1m, nab\u00edz\u00edme \u0161irokou \u0161k\u00e1lu \u0159e\u0161en\u00ed. Ka\u017ed\u00e9 kolo Alcoa<sup>\u00ae<\/sup> p\u0159isp\u00edv\u00e1 k optimalizovan\u00e9 pevnosti a odolnosti p\u0159i sou\u010dasn\u00e9m sn\u00ed\u017een\u00ed hmotnosti pro vy\u0161\u0161\u00ed u\u017eite\u010dn\u00e9 zat\u00ed\u017een\u00ed.<\/p>\n\n\n\n<p>Dostupn\u00e9 jsou r\u016fzn\u00e9 velikosti, povrchov\u00e9 \u00fapravy a varianty proveden\u00ed podle va\u0161ich konkr\u00e9tn\u00edch po\u017eadavk\u016f.&nbsp;<\/p>\n\n\n\n<p>&nbsp;Pro z\u00edsk\u00e1n\u00ed v\u00edce informac\u00ed o&nbsp;na\u0161ich kolech, klikn\u011bte&nbsp;<a href=\"\/europe\/cs\/sortiment-disku\">zde<\/a>.<\/p>\n<\/div><\/div><div class=\"media-list-item__box_image\"><img loading=\"lazy\" decoding=\"async\" width=\"800\" height=\"800\" src=\"https:\/\/www.alcoawheels.com\/europe\/cs\/wp-content\/uploads\/sites\/9\/2023\/06\/applications-heavy-duty.jpg\" alt=\"Heavy duty trucks &amp; trailers example\"\/><\/div><\/div>\n<\/div><\/div>\n\n\n\n<div style=\"height:50px\" aria-hidden=\"true\" class=\"wp-block-spacer spacer-fifty\"><\/div>\n\n\n\n<hr class=\"wp-block-separator has-text-color has-alpha-channel-opacity has-background is-style-wide\" style=\"background-color:#cccccc;color:#cccccc\"\/>\n\n\n\n<div style=\"height:50px\" aria-hidden=\"true\" class=\"wp-block-spacer\"><\/div>\n\n\n\n<h2 class=\"wp-block-heading has-text-align-center\" id=\"mestsky-autobus\">M\u011bstsk\u00fd, mezim\u011bstsk\u00fd a d\u00e1lkov\u00fd autobus<\/h2>\n\n\n\n<div style=\"height:50px\" aria-hidden=\"true\" class=\"wp-block-spacer spacer-fifty\"><\/div>\n\n\n\n<div class=\"wp-block-alcoa-wheels-zigzag media-list__body\" id=\"card_box_v1-b0983e3f-23df-4e5d-a19b-00d973b1a26d\"><div class=\"media-list__body_main  vertical-align-center  fullWidth\">\n<div class=\"wp-block-alcoa-wheels-zigzag-item media-list-item\"><div class=\"media-list-item__box_content\"><div class=\"media-list-item__box_content_inner\">\n<p>Kola Alcoa<sup>\u00ae<\/sup> mohou p\u0159isp\u011bt ke<\/p>\n\n\n\n<div id=\"list-48676298-e1e8-4846-8308-c48ed9e2e2fb\" class=\"wp-block-alcoa-wheels-list-basic list\"><style>#list-48676298-e1e8-4846-8308-c48ed9e2e2fb .listul.with-icn li span.list--item:before{background-image:url(https:\/\/www.alcoawheels.com\/europe\/cs\/wp-content\/uploads\/sites\/9\/2023\/05\/wheel-bullet.jpg);}<\/style><ul class=\"listul with-icn\"><li><span class=\"list--item\">Zlep\u0161\u00ed v\u00fdkon vozidla<\/span><\/li><li><span class=\"list--item\">Lep\u0161\u00ed vzhled<\/span><\/li><li><span class=\"list--item\">Sn\u00ed\u017een\u00e9 n\u00e1roky na \u00fadr\u017ebu<\/span><\/li><li><span class=\"list--item\"><a href=\"\/europe\/cs\/vyhody\/#uspora-vahy\">\u00daspora hmotnosti<\/a><\/span><\/li><li><span class=\"list--item\">Ni\u017e\u0161\u00ed provozn\u00ed n\u00e1klady<\/span><\/li><li><span class=\"list--item\">Sn\u00ed\u017een\u00ed emis\u00ed CO2 ekvivalentu<\/span><\/li><\/ul><\/div>\n\n\n\n<p>A\u0165 u\u017e \u010del\u00edte jak\u00fdmkoliv v\u00fdzv\u00e1m, nab\u00edz\u00edme \u0161irokou \u0161k\u00e1lu \u0159e\u0161en\u00ed.<\/p>\n\n\n\n<p>R\u016fzn\u00e9 velikosti, proveden\u00ed a povrchov\u00e9 \u00fapravy jsou dostupn\u00e9 pro va\u0161e konkr\u00e9tn\u00ed autobusov\u00e9 a autokarov\u00e9 aplikace.&nbsp;<\/p>\n\n\n\n<p>Pro v\u00edce informac\u00ed o&nbsp;na\u0161ich kolech, klikn\u011bte&nbsp;<a href=\"\/europe\/cs\/sortiment-disku\">zde<\/a>.<\/p>\n<\/div><\/div><div class=\"media-list-item__box_image\"><img loading=\"lazy\" decoding=\"async\" width=\"800\" height=\"689\" src=\"https:\/\/www.alcoawheels.com\/europe\/cs\/wp-content\/uploads\/sites\/9\/2023\/06\/applications-bus.jpg\" alt=\"City bus, intercity bus &amp; coach example\"\/><\/div><\/div>\n<\/div><\/div>\n\n\n\n<div style=\"height:50px\" aria-hidden=\"true\" class=\"wp-block-spacer\"><\/div>\n\n\n\n<div class=\"wp-block-alcoa-wheels-card-usecase-1 card-box-v1__body with-icon align-center vertical-align-center\" id=\"card_box_v1-699cfb76-32a4-44c8-a23e-bebb90d1137e\"><div class=\"fullwidthcontainer\"><div class=\"card-box-v1__boxes has-4-columns\"><div class=\"card-box-v1__box  with-link \" style=\"background-color:#00afb9\"><img decoding=\"async\" src=\"https:\/\/www.alcoawheels.com\/europe\/cs\/wp-content\/themes\/alcoa-wheels\/assets\/build\/js\/blocks\/card-usecase-1\/..\/..\/..\/images\/placeholder-image.db2b4d5c.jpeg\" alt=\"Kontakt\"\/><div class=\"card-box-v1__box__inner pos-abs\"><div class=\"card-box-v1__box_icon\"><img loading=\"lazy\" decoding=\"async\" width=\"171\" height=\"171\" src=\"https:\/\/www.alcoawheels.com\/europe\/cs\/wp-content\/uploads\/sites\/9\/2023\/06\/contact.png\" alt=\"\"\/><\/div><div class=\"card-box-v1__box_content\"><h4 style=\"color:#ffffff\">Kontakt<\/h4><\/div><div class=\"btn-wrap\"><\/div><\/div><a href=\"\/europe\/cs\/kontakt\" aria-label=\"Kontakt\"><\/a><\/div><div class=\"card-box-v1__box  with-link \" style=\"background-color:#34bfc7\"><img decoding=\"async\" src=\"https:\/\/www.alcoawheels.com\/europe\/cs\/wp-content\/themes\/alcoa-wheels\/assets\/build\/js\/blocks\/card-usecase-1\/..\/..\/..\/images\/placeholder-image.db2b4d5c.jpeg\" alt=\"Sortiment disk\u016f\"\/><div class=\"card-box-v1__box__inner pos-abs\"><div class=\"card-box-v1__box_icon\"><img loading=\"lazy\" decoding=\"async\" width=\"169\" height=\"169\" src=\"https:\/\/www.alcoawheels.com\/europe\/cs\/wp-content\/uploads\/sites\/9\/2023\/06\/product-search.png\" alt=\"\"\/><\/div><div class=\"card-box-v1__box_content\"><h4 style=\"color:#ffffff\">Sortiment disk\u016f<\/h4><\/div><div class=\"btn-wrap\"><\/div><\/div><a href=\"\/europe\/cs\/sortiment-disku\" aria-label=\"Sortiment disk\u016f\"><\/a><\/div><div class=\"card-box-v1__box  with-link \" style=\"background-color:#00afb9\"><img decoding=\"async\" src=\"https:\/\/www.alcoawheels.com\/europe\/cs\/wp-content\/themes\/alcoa-wheels\/assets\/build\/js\/blocks\/card-usecase-1\/..\/..\/..\/images\/placeholder-image.db2b4d5c.jpeg\" alt=\"Kde lze zakoupit\"\/><div class=\"card-box-v1__box__inner pos-abs\"><div class=\"card-box-v1__box_icon\"><img loading=\"lazy\" decoding=\"async\" width=\"169\" height=\"169\" src=\"https:\/\/www.alcoawheels.com\/europe\/cs\/wp-content\/uploads\/sites\/9\/2023\/06\/where-to-buy.png\" alt=\"\"\/><\/div><div class=\"card-box-v1__box_content\"><h4 style=\"color:#ffffff\">Kde lze zakoupit<\/h4><\/div><div class=\"btn-wrap\"><\/div><\/div><a href=\"\/europe\/cs\/kde-lze-zakoupit\" aria-label=\"Kde lze zakoupit\"><\/a><\/div><div class=\"card-box-v1__box  with-link \" style=\"background-color:#34bfc7\"><img decoding=\"async\" src=\"https:\/\/www.alcoawheels.com\/europe\/cs\/wp-content\/themes\/alcoa-wheels\/assets\/build\/js\/blocks\/card-usecase-1\/..\/..\/..\/images\/placeholder-image.db2b4d5c.jpeg\" alt=\"Produktov\u00e1 Literatura\"\/><div class=\"card-box-v1__box__inner pos-abs\"><div class=\"card-box-v1__box_icon\"><img loading=\"lazy\" decoding=\"async\" width=\"169\" height=\"169\" src=\"https:\/\/www.alcoawheels.com\/europe\/cs\/wp-content\/uploads\/sites\/9\/2023\/06\/product-literature.png\" alt=\"\"\/><\/div><div class=\"card-box-v1__box_content\"><h4 style=\"color:#ffffff\">Produktov\u00e1 Literatura<\/h4><\/div><div class=\"btn-wrap\"><\/div><\/div><a href=\"\/europe\/cs\/produktova-literatura\" aria-label=\"Produktov\u00e1 Literatura\"><\/a><\/div><\/div><\/div><\/div>\n","protected":false},"excerpt":{"rendered":"<p>St\u0159edn\u011b t\u011b\u017ek\u00e1 a t\u011b\u017ek\u00e1 n\u00e1kladn\u00ed vozidla a p\u0159\u00edv\u011bsy M\u011bstsk\u00fd, mezim\u011bstsk\u00fd a d\u00e1lkov\u00fd autobus<\/p>\n","protected":false},"author":44,"featured_media":0,"parent":0,"menu_order":0,"comment_status":"closed","ping_status":"closed","template":"","meta":{"_acf_changed":false,"protected_reviewer_email":"","editor_notices":[],"footnotes":""},"class_list":["post-16","page","type-page","status-publish","hentry"],"acf":[],"yoast_head":"<!-- This site is optimized with the Yoast SEO Premium plugin v27.4 (Yoast SEO v27.4) - https:\/\/yoast.com\/product\/yoast-seo-premium-wordpress\/ -->\n<title>Finish Options for Aluminum Wheels | Alcoa Wheels<\/title>\n<meta name=\"description\" content=\"Alcoa aluminum wheels come in a variety of finish options. No matter what you&#039;re looking for, Alcoa has aluminum wheels perfect for your application.\" \/>\n<meta name=\"robots\" content=\"index, follow, max-snippet:-1, max-image-preview:large, max-video-preview:-1\" \/>\n<link rel=\"canonical\" href=\"https:\/\/www.alcoawheels.com\/europe\/cs\/pouziti\/\" \/>\n<meta property=\"og:locale\" content=\"en_US\" \/>\n<meta property=\"og:type\" content=\"article\" \/>\n<meta property=\"og:title\" content=\"Pou\u017eit\u00ed\" \/>\n<meta property=\"og:description\" content=\"Alcoa aluminum wheels come in a variety of finish options. No matter what you&#039;re looking for, Alcoa has aluminum wheels perfect for your application.\" \/>\n<meta property=\"og:url\" content=\"https:\/\/www.alcoawheels.com\/europe\/cs\/pouziti\/\" \/>\n<meta property=\"og:site_name\" content=\"Europe Czech\" \/>\n<meta property=\"article:modified_time\" content=\"2025-11-20T18:36:36+00:00\" \/>\n<meta property=\"og:image\" content=\"https:\/\/www.alcoawheels.com\/europe\/cs\/wp-content\/uploads\/sites\/9\/2023\/06\/applications-banner.jpeg\" \/>\n<meta name=\"twitter:card\" content=\"summary_large_image\" \/>\n<meta name=\"twitter:label1\" content=\"Est. reading time\" \/>\n\t<meta name=\"twitter:data1\" content=\"3 minutes\" \/>\n<script type=\"application\/ld+json\" class=\"yoast-schema-graph\">{\"@context\":\"https:\\\/\\\/schema.org\",\"@graph\":[{\"@type\":\"WebPage\",\"@id\":\"https:\\\/\\\/www.alcoawheels.com\\\/europe\\\/cs\\\/pouziti\\\/\",\"url\":\"https:\\\/\\\/www.alcoawheels.com\\\/europe\\\/cs\\\/pouziti\\\/\",\"name\":\"Finish Options for Aluminum Wheels | Alcoa Wheels\",\"isPartOf\":{\"@id\":\"https:\\\/\\\/www.alcoawheels.com\\\/europe\\\/cs\\\/#website\"},\"primaryImageOfPage\":{\"@id\":\"https:\\\/\\\/www.alcoawheels.com\\\/europe\\\/cs\\\/pouziti\\\/#primaryimage\"},\"image\":{\"@id\":\"https:\\\/\\\/www.alcoawheels.com\\\/europe\\\/cs\\\/pouziti\\\/#primaryimage\"},\"thumbnailUrl\":\"https:\\\/\\\/www.alcoawheels.com\\\/europe\\\/cs\\\/wp-content\\\/uploads\\\/sites\\\/9\\\/2023\\\/06\\\/applications-banner.jpeg\",\"datePublished\":\"2023-05-25T08:54:56+00:00\",\"dateModified\":\"2025-11-20T18:36:36+00:00\",\"description\":\"Alcoa aluminum wheels come in a variety of finish options. No matter what you're looking for, Alcoa has aluminum wheels perfect for your application.\",\"breadcrumb\":{\"@id\":\"https:\\\/\\\/www.alcoawheels.com\\\/europe\\\/cs\\\/pouziti\\\/#breadcrumb\"},\"inLanguage\":\"en-US\",\"potentialAction\":[{\"@type\":\"ReadAction\",\"target\":[\"https:\\\/\\\/www.alcoawheels.com\\\/europe\\\/cs\\\/pouziti\\\/\"]}]},{\"@type\":\"ImageObject\",\"inLanguage\":\"en-US\",\"@id\":\"https:\\\/\\\/www.alcoawheels.com\\\/europe\\\/cs\\\/pouziti\\\/#primaryimage\",\"url\":\"https:\\\/\\\/www.alcoawheels.com\\\/europe\\\/cs\\\/wp-content\\\/uploads\\\/sites\\\/9\\\/2023\\\/06\\\/applications-banner.jpeg\",\"contentUrl\":\"https:\\\/\\\/www.alcoawheels.com\\\/europe\\\/cs\\\/wp-content\\\/uploads\\\/sites\\\/9\\\/2023\\\/06\\\/applications-banner.jpeg\",\"width\":1119,\"height\":280,\"caption\":\"Alcoa Wheels application\"},{\"@type\":\"BreadcrumbList\",\"@id\":\"https:\\\/\\\/www.alcoawheels.com\\\/europe\\\/cs\\\/pouziti\\\/#breadcrumb\",\"itemListElement\":[{\"@type\":\"ListItem\",\"position\":1,\"name\":\"Home\",\"item\":\"https:\\\/\\\/www.alcoawheels.com\\\/europe\\\/cs\\\/\"},{\"@type\":\"ListItem\",\"position\":2,\"name\":\"Pou\u017eit\u00ed\"}]},{\"@type\":\"WebSite\",\"@id\":\"https:\\\/\\\/www.alcoawheels.com\\\/europe\\\/cs\\\/#website\",\"url\":\"https:\\\/\\\/www.alcoawheels.com\\\/europe\\\/cs\\\/\",\"name\":\"Europe Czech\",\"description\":\"\",\"publisher\":{\"@id\":\"https:\\\/\\\/www.alcoawheels.com\\\/europe\\\/cs\\\/#organization\"},\"potentialAction\":[{\"@type\":\"SearchAction\",\"target\":{\"@type\":\"EntryPoint\",\"urlTemplate\":\"https:\\\/\\\/www.alcoawheels.com\\\/europe\\\/cs\\\/?s={search_term_string}\"},\"query-input\":{\"@type\":\"PropertyValueSpecification\",\"valueRequired\":true,\"valueName\":\"search_term_string\"}}],\"inLanguage\":\"en-US\"},{\"@type\":\"Organization\",\"@id\":\"https:\\\/\\\/www.alcoawheels.com\\\/europe\\\/cs\\\/#organization\",\"name\":\"Europe Czech\",\"url\":\"https:\\\/\\\/www.alcoawheels.com\\\/europe\\\/cs\\\/\",\"logo\":{\"@type\":\"ImageObject\",\"inLanguage\":\"en-US\",\"@id\":\"https:\\\/\\\/www.alcoawheels.com\\\/europe\\\/cs\\\/#\\\/schema\\\/logo\\\/image\\\/\",\"url\":\"https:\\\/\\\/www.alcoawheels.com\\\/europe\\\/cs\\\/wp-content\\\/uploads\\\/sites\\\/9\\\/2023\\\/05\\\/logo-black.gif\",\"contentUrl\":\"https:\\\/\\\/www.alcoawheels.com\\\/europe\\\/cs\\\/wp-content\\\/uploads\\\/sites\\\/9\\\/2023\\\/05\\\/logo-black.gif\",\"width\":71,\"height\":64,\"caption\":\"Europe Czech\"},\"image\":{\"@id\":\"https:\\\/\\\/www.alcoawheels.com\\\/europe\\\/cs\\\/#\\\/schema\\\/logo\\\/image\\\/\"}}]}<\/script>\n<!-- \/ Yoast SEO Premium plugin. -->","yoast_head_json":{"title":"Finish Options for Aluminum Wheels | Alcoa Wheels","description":"Alcoa aluminum wheels come in a variety of finish options. No matter what you're looking for, Alcoa has aluminum wheels perfect for your application.","robots":{"index":"index","follow":"follow","max-snippet":"max-snippet:-1","max-image-preview":"max-image-preview:large","max-video-preview":"max-video-preview:-1"},"canonical":"https:\/\/www.alcoawheels.com\/europe\/cs\/pouziti\/","og_locale":"en_US","og_type":"article","og_title":"Pou\u017eit\u00ed","og_description":"Alcoa aluminum wheels come in a variety of finish options. No matter what you're looking for, Alcoa has aluminum wheels perfect for your application.","og_url":"https:\/\/www.alcoawheels.com\/europe\/cs\/pouziti\/","og_site_name":"Europe Czech","article_modified_time":"2025-11-20T18:36:36+00:00","og_image":[{"url":"https:\/\/www.alcoawheels.com\/europe\/cs\/wp-content\/uploads\/sites\/9\/2023\/06\/applications-banner.jpeg","type":"","width":"","height":""}],"twitter_card":"summary_large_image","twitter_misc":{"Est. reading time":"3 minutes"},"schema":{"@context":"https:\/\/schema.org","@graph":[{"@type":"WebPage","@id":"https:\/\/www.alcoawheels.com\/europe\/cs\/pouziti\/","url":"https:\/\/www.alcoawheels.com\/europe\/cs\/pouziti\/","name":"Finish Options for Aluminum Wheels | Alcoa Wheels","isPartOf":{"@id":"https:\/\/www.alcoawheels.com\/europe\/cs\/#website"},"primaryImageOfPage":{"@id":"https:\/\/www.alcoawheels.com\/europe\/cs\/pouziti\/#primaryimage"},"image":{"@id":"https:\/\/www.alcoawheels.com\/europe\/cs\/pouziti\/#primaryimage"},"thumbnailUrl":"https:\/\/www.alcoawheels.com\/europe\/cs\/wp-content\/uploads\/sites\/9\/2023\/06\/applications-banner.jpeg","datePublished":"2023-05-25T08:54:56+00:00","dateModified":"2025-11-20T18:36:36+00:00","description":"Alcoa aluminum wheels come in a variety of finish options. No matter what you're looking for, Alcoa has aluminum wheels perfect for your application.","breadcrumb":{"@id":"https:\/\/www.alcoawheels.com\/europe\/cs\/pouziti\/#breadcrumb"},"inLanguage":"en-US","potentialAction":[{"@type":"ReadAction","target":["https:\/\/www.alcoawheels.com\/europe\/cs\/pouziti\/"]}]},{"@type":"ImageObject","inLanguage":"en-US","@id":"https:\/\/www.alcoawheels.com\/europe\/cs\/pouziti\/#primaryimage","url":"https:\/\/www.alcoawheels.com\/europe\/cs\/wp-content\/uploads\/sites\/9\/2023\/06\/applications-banner.jpeg","contentUrl":"https:\/\/www.alcoawheels.com\/europe\/cs\/wp-content\/uploads\/sites\/9\/2023\/06\/applications-banner.jpeg","width":1119,"height":280,"caption":"Alcoa Wheels application"},{"@type":"BreadcrumbList","@id":"https:\/\/www.alcoawheels.com\/europe\/cs\/pouziti\/#breadcrumb","itemListElement":[{"@type":"ListItem","position":1,"name":"Home","item":"https:\/\/www.alcoawheels.com\/europe\/cs\/"},{"@type":"ListItem","position":2,"name":"Pou\u017eit\u00ed"}]},{"@type":"WebSite","@id":"https:\/\/www.alcoawheels.com\/europe\/cs\/#website","url":"https:\/\/www.alcoawheels.com\/europe\/cs\/","name":"Europe Czech","description":"","publisher":{"@id":"https:\/\/www.alcoawheels.com\/europe\/cs\/#organization"},"potentialAction":[{"@type":"SearchAction","target":{"@type":"EntryPoint","urlTemplate":"https:\/\/www.alcoawheels.com\/europe\/cs\/?s={search_term_string}"},"query-input":{"@type":"PropertyValueSpecification","valueRequired":true,"valueName":"search_term_string"}}],"inLanguage":"en-US"},{"@type":"Organization","@id":"https:\/\/www.alcoawheels.com\/europe\/cs\/#organization","name":"Europe Czech","url":"https:\/\/www.alcoawheels.com\/europe\/cs\/","logo":{"@type":"ImageObject","inLanguage":"en-US","@id":"https:\/\/www.alcoawheels.com\/europe\/cs\/#\/schema\/logo\/image\/","url":"https:\/\/www.alcoawheels.com\/europe\/cs\/wp-content\/uploads\/sites\/9\/2023\/05\/logo-black.gif","contentUrl":"https:\/\/www.alcoawheels.com\/europe\/cs\/wp-content\/uploads\/sites\/9\/2023\/05\/logo-black.gif","width":71,"height":64,"caption":"Europe Czech"},"image":{"@id":"https:\/\/www.alcoawheels.com\/europe\/cs\/#\/schema\/logo\/image\/"}}]}},"parsely":{"version":"1.1.0","canonical_url":"https:\/\/alcoawheels.com\/europe\/cs\/pouziti\/","smart_links":{"inbound":0,"outbound":0},"traffic_boost_suggestions_count":0,"meta":{"@context":"https:\/\/schema.org","@type":"WebPage","headline":"Pou\u017eit\u00ed","url":"http:\/\/www.alcoawheels.com\/europe\/cs\/pouziti\/","mainEntityOfPage":{"@type":"WebPage","@id":"http:\/\/www.alcoawheels.com\/europe\/cs\/pouziti\/"},"thumbnailUrl":"","image":{"@type":"ImageObject","url":""},"articleSection":"Uncategorized","author":[{"@type":"Person","name":"howmet"}],"creator":["howmet"],"publisher":{"@type":"Organization","name":"Europe Czech","logo":""},"keywords":[],"dateCreated":"2023-05-25T08:54:56Z","datePublished":"2023-05-25T08:54:56Z","dateModified":"2025-11-20T18:36:36Z"},"rendered":"<script type=\"application\/ld+json\" class=\"wp-parsely-metadata\">{\"@context\":\"https:\\\/\\\/schema.org\",\"@type\":\"WebPage\",\"headline\":\"Pou\\u017eit\\u00ed\",\"url\":\"http:\\\/\\\/www.alcoawheels.com\\\/europe\\\/cs\\\/pouziti\\\/\",\"mainEntityOfPage\":{\"@type\":\"WebPage\",\"@id\":\"http:\\\/\\\/www.alcoawheels.com\\\/europe\\\/cs\\\/pouziti\\\/\"},\"thumbnailUrl\":\"\",\"image\":{\"@type\":\"ImageObject\",\"url\":\"\"},\"articleSection\":\"Uncategorized\",\"author\":[{\"@type\":\"Person\",\"name\":\"howmet\"}],\"creator\":[\"howmet\"],\"publisher\":{\"@type\":\"Organization\",\"name\":\"Europe Czech\",\"logo\":\"\"},\"keywords\":[],\"dateCreated\":\"2023-05-25T08:54:56Z\",\"datePublished\":\"2023-05-25T08:54:56Z\",\"dateModified\":\"2025-11-20T18:36:36Z\"}<\/script>","tracker_url":"https:\/\/cdn.parsely.com\/keys\/alcoawheels.com\/p.js"},"jetpack_sharing_enabled":true,"_links":{"self":[{"href":"https:\/\/www.alcoawheels.com\/europe\/cs\/wp-json\/wp\/v2\/pages\/16","targetHints":{"allow":["GET"]}}],"collection":[{"href":"https:\/\/www.alcoawheels.com\/europe\/cs\/wp-json\/wp\/v2\/pages"}],"about":[{"href":"https:\/\/www.alcoawheels.com\/europe\/cs\/wp-json\/wp\/v2\/types\/page"}],"author":[{"embeddable":true,"href":"https:\/\/www.alcoawheels.com\/europe\/cs\/wp-json\/wp\/v2\/users\/44"}],"replies":[{"embeddable":true,"href":"https:\/\/www.alcoawheels.com\/europe\/cs\/wp-json\/wp\/v2\/comments?post=16"}],"version-history":[{"count":20,"href":"https:\/\/www.alcoawheels.com\/europe\/cs\/wp-json\/wp\/v2\/pages\/16\/revisions"}],"predecessor-version":[{"id":3961,"href":"https:\/\/www.alcoawheels.com\/europe\/cs\/wp-json\/wp\/v2\/pages\/16\/revisions\/3961"}],"wp:attachment":[{"href":"https:\/\/www.alcoawheels.com\/europe\/cs\/wp-json\/wp\/v2\/media?parent=16"}],"curies":[{"name":"wp","href":"https:\/\/api.w.org\/{rel}","templated":true}]}}