{"id":26,"date":"2023-05-25T08:57:36","date_gmt":"2023-05-25T08:57:36","guid":{"rendered":"https:\/\/www.alcoawheels.com\/europe\/cs\/?page_id=26"},"modified":"2025-11-24T16:37:28","modified_gmt":"2025-11-24T15:37:28","slug":"cisteni","status":"publish","type":"page","link":"https:\/\/www.alcoawheels.com\/europe\/cs\/cisteni\/","title":{"rendered":"\u010ci\u0161t\u011bn\u00ed"},"content":{"rendered":"\n<div class=\"wp-block-alcoa-wheels-hero-banner-innerpage hero-banner with-image layout-2 overlayEnable align- vertical-align-\" style=\"background-color:#eee\"><img decoding=\"async\" src=\"https:\/\/www.alcoawheels.com\/europe\/cs\/wp-content\/uploads\/sites\/9\/2025\/07\/202507_Accessories_banner_1119x280px_2.png\" alt=\"Wheel and brush\" class=\"responsiveImage\"\/><div class=\"hero-banner__header\" style=\"text-align:center\"><div class=\"container\"><h1 class=\"hero-banner__header--title\">\u010ci\u0161t\u011bn\u00ed<\/h1><\/div><\/div><\/div>\n\n\n\n<div style=\"height:50px\" aria-hidden=\"true\" class=\"wp-block-spacer spacer-fifty\"><\/div>\n\n\n\n<h3 class=\"wp-block-heading\" id=\"h-prislusenstvi-pro-kola-alcoa\">P\u0159\u00edslu\u0161enstv\u00ed pro kola Alcoa<sup>\u00ae<\/sup><\/h3>\n\n\n\n<p>\u00dadr\u017eba kol Alcoa<sup>\u00ae<\/sup> je a m\u011bla by b\u00fdt va\u0161\u00ed nejvy\u0161\u0161\u00ed prioritou<\/p>\n\n\n\n<p>1. P\u0159\u00edslu\u0161enstv\u00ed pro kola Alcoa<sup>\u00ae<\/sup> bylo vyv\u00edjeno a vyb\u00edr\u00e1no v pr\u016fb\u011bhu mnoha let, aby kola byla udr\u017eov\u00e1na v co nejlep\u0161\u00edm stavu a m\u011bla dlouhou \u017eivotnost.<\/p>\n\n\n\n<p>2. P\u0159\u00edslu\u0161enstv\u00ed pro kola Alcoa<sup>\u00ae<\/sup> je k dispozici v s\u00edti na\u0161ich autorizovan\u00fdch distributor\u016f.<\/p>\n\n\n\n<hr class=\"wp-block-separator has-text-color has-alpha-channel-opacity has-background is-style-wide\" style=\"background-color:#cccccc;color:#cccccc\"\/>\n\n\n\n<div class=\"wp-block-alcoa-wheels-zigzag media-list__body\" id=\"zigzag-main-78fdad57-75e4-4f4a-aa7b-484c4d51bffd\"><div class=\"media-list__body_main  vertical-align-center  container row-reverse\">\n<div class=\"wp-block-alcoa-wheels-zigzag-item media-list-item\"><div class=\"media-list-item__box_content\"><div class=\"media-list-item__box_content_inner\">\n<h5 class=\"wp-block-heading\" id=\"h-dura-bright-nbsp-wheel-wash\"><strong>Dura-Bright<sup>\u00ae<\/sup>&nbsp;Wheel Wash<\/strong><\/h5>\n\n\n\n<p>Vylep\u0161ete z\u00e1\u017eitek z Dura-Bright<sup>\u00ae<\/sup> pomoc\u00ed p\u0159\u00edpravku Dura-Bright<sup>\u00ae<\/sup> Wheel Wash. \u010cistic\u00ed roztok vyvinut\u00fd speci\u00e1ln\u011b pro povrchovou \u00fapravu Dura-Bright<sup>\u00ae<\/sup>, testovan\u00fd a schv\u00e1len\u00fd v\u00fdrobcem kol. K dispozici v 1l lahvi, 5l a 25l kanystru a v sad\u011b Dura-Bright<sup>\u00ae<\/sup> Wheel Wash Starter Kit.<\/p>\n\n\n\n<p>Dal\u0161\u00ed informace o&nbsp;\u010di\u0161t\u011bn\u00ed kol Dura-Bright<sup>\u00ae<\/sup>&nbsp;z\u00edsk\u00e1te kliknut\u00edm&nbsp;<a href=\"\/europe\/cs\/jak-vycistit-kolo\/#h-cisteni-kol-dura-bright\">sem<\/a>.<\/p>\n<\/div><\/div><div class=\"media-list-item__box_image\"><img loading=\"lazy\" decoding=\"async\" width=\"1500\" height=\"1500\" src=\"https:\/\/www.alcoawheels.com\/europe\/cs\/wp-content\/uploads\/sites\/9\/2025\/07\/DBWW_bottle_1L_low.jpg\" alt=\"Dura-bright Wheel Wash\"\/><\/div><\/div>\n\n\n\n<div class=\"wp-block-alcoa-wheels-zigzag-item media-list-item\"><div class=\"media-list-item__box_content\"><div class=\"media-list-item__box_content_inner\">\n<h5 class=\"wp-block-heading has-text-align-right\" id=\"h-alclean\"><strong>ALclean<\/strong><\/h5>\n\n\n\n<p class=\"has-text-align-right\">Le\u0161tic\u00ed pasta k obnoven\u00ed a udr\u017een\u00ed lesku kol Alcoa<sup>\u00ae<\/sup> LvL ONE<sup>\u00ae<\/sup>. Nevhodn\u00e9 pro kola Dura-Bright<sup>\u00ae<\/sup>.<\/p>\n\n\n\n<p class=\"has-text-align-right\">V\u00edce informac\u00ed o&nbsp;\u010di\u0161t\u011bn\u00ed zrcadlov\u011b le\u0161t\u011bn\u00fdch, brou\u0161en\u00fdch a&nbsp;LvL ONE<sup>\u00ae<\/sup>&nbsp;kol z\u00edsk\u00e1te kliknut\u00edm&nbsp;<a href=\"\/europe\/cs\/jak-vycistit-kolo\/#h-kola-lvl-one-zrcadlove-lestena-a-nbsp-brousena\">sem<\/a>.<\/p>\n<\/div><\/div><div class=\"media-list-item__box_image\"><img loading=\"lazy\" decoding=\"async\" width=\"1500\" height=\"1500\" src=\"https:\/\/www.alcoawheels.com\/europe\/cs\/wp-content\/uploads\/sites\/9\/2025\/09\/ALclean_can_1L_low.jpg\" alt=\"ALclean\"\/><\/div><\/div>\n\n\n\n<div class=\"wp-block-alcoa-wheels-zigzag-item media-list-item\"><div class=\"media-list-item__box_content\"><div class=\"media-list-item__box_content_inner\">\n<h5 class=\"wp-block-heading\" id=\"h-alpolish\"><strong>ALpolish<\/strong><\/h5>\n\n\n\n<p>Unik\u00e1tn\u00ed \u010disti\u010d kol pro Kola Alcoa<sup>\u00ae<\/sup> s povrchovou \u00fapravou Brushed a LvL ONE<sup>\u00ae<\/sup>.<br>K dispozici v 1l lahvi, 5l a 25l kanystru a v balen\u00ed ALkit3<\/p>\n<\/div><\/div><div class=\"media-list-item__box_image\"><img loading=\"lazy\" decoding=\"async\" width=\"1500\" height=\"1500\" src=\"https:\/\/www.alcoawheels.com\/europe\/cs\/wp-content\/uploads\/sites\/9\/2025\/07\/ALpolish_bottle_low.jpg\" alt=\"Thumbnail\"\/><\/div><\/div>\n\n\n\n<div class=\"wp-block-alcoa-wheels-zigzag-item media-list-item\"><div class=\"media-list-item__box_content\"><div class=\"media-list-item__box_content_inner\">\n<h5 class=\"wp-block-heading has-text-align-right\" id=\"h-albrush2\"><strong>ALbrush2<\/strong><\/h5>\n\n\n\n<p class=\"has-text-align-right\">Kart\u00e1\u010d pr\u00e9miov\u00e9 kvalitys dlouhou \u017eivotnost\u00ed s pogumovan\u00fdm okrajem chr\u00e1n\u00edc\u00edm kola p\u0159ed po\u0161kozen\u00edm p\u0159i \u010di\u0161t\u011bn\u00ed.<\/p>\n<\/div><\/div><div class=\"media-list-item__box_image\"><img loading=\"lazy\" decoding=\"async\" width=\"5816\" height=\"5814\" src=\"https:\/\/www.alcoawheels.com\/europe\/cs\/wp-content\/uploads\/sites\/9\/2025\/07\/ALbrush_1_high.jpg\" alt=\"AL Brush\"\/><\/div><\/div>\n\n\n\n<div class=\"wp-block-alcoa-wheels-zigzag-item media-list-item\"><div class=\"media-list-item__box_content\"><div class=\"media-list-item__box_content_inner\">\n<h5 class=\"wp-block-heading\" id=\"h-alkit3\"><strong>ALkit3<\/strong><\/h5>\n\n\n\n<p>Kompletn\u00ed sada pro \u010di\u0161t\u011bn\u00ed kol Brushed a LvL ONE<sup>\u00ae<\/sup>. Obsahuje 1 l ALclean, 1 tubu 250 g ALpolish a 1 kart\u00e1\u010d ALbrush.<\/p>\n<\/div><\/div><div class=\"media-list-item__box_image\"><img loading=\"lazy\" decoding=\"async\" width=\"1500\" height=\"1500\" src=\"https:\/\/www.alcoawheels.com\/europe\/cs\/wp-content\/uploads\/sites\/9\/2025\/09\/ALkit3_box_and_products_low.jpg\" alt=\"ALkit3\"\/><\/div><\/div>\n<\/div><\/div>\n\n\n\n<hr class=\"wp-block-separator has-text-color has-alpha-channel-opacity has-background is-style-wide\" style=\"background-color:#cccccc;color:#cccccc\"\/>\n\n\n\n<div style=\"height:50px\" aria-hidden=\"true\" class=\"wp-block-spacer spacer-fifty\"><\/div>\n\n\n\n<p class=\"u-margin-b10\">V\u00edce informac\u00ed:<\/p>\n\n\n\t\t<div class=\"wp-block-alcoa-product-literature\">\n\t\t\t<div class=\"product-literature-columns container wp-block-alcoa-wheels-related-documents\">\n\t\t\t\t\t\t\t\t\t<div class=\"literature-inner\">\n\t\t\t\t\t\t<div class=\"literature-inner-item\">\n\t\t\t\t\t\t\t<div class=\"pdf-lists-items\">\n\t\t\t\t\t\t\t\t\t\t\t\t\t\t\t\t\t\t\t\t\t\t\t\t\t\t<div class=\"pdf-files\">\n\t\t\t\t\t\t\t\t\t\t<a href=\"https:\/\/www.alcoawheels.com\/europe\/cs\/wp-content\/uploads\/sites\/9\/2026\/02\/Alcoa-Wheels-Accessories-CS.pdf\" target=\"_blank\" class=\"pdf-file\">\n\t\t\t\t\t\t\t\t\t\t\tKatalog p\u0159\u00edslu\u0161enstv\u00ed ALCOA<sup>\u00ae<\/sup> WHEELS\t\t\t\t\t\t\t\t\t\t<\/a>\n\t\t\t\t\t\t\t\t\t\t<div class=\"pdf-size\">2.97 MB<\/div>\n\t\t\t\t\t\t\t\t\t<\/div>\n\t\t\t\t\t\t\t\t\t\t\t\t\t\t\t\t\t\t\t\t\t\t\t\t\t\t<div class=\"pdf-files\">\n\t\t\t\t\t\t\t\t\t\t<a href=\"https:\/\/www.alcoawheels.com\/europe\/cs\/wp-content\/uploads\/sites\/9\/2025\/09\/Alcoa-Wheels-Cleaning-leaflet-CS.pdf\" target=\"_blank\" class=\"pdf-file\">\n\t\t\t\t\t\t\t\t\t\t\tPokyny pro \u010di\u0161t\u011bn\u00ed kol Alcoa<sup>\u00ae<\/sup>\t\t\t\t\t\t\t\t\t\t<\/a>\n\t\t\t\t\t\t\t\t\t\t<div class=\"pdf-size\">1.26 MB<\/div>\n\t\t\t\t\t\t\t\t\t<\/div>\n\t\t\t\t\t\t\t\t\t\t\t\t\t\t\t<\/div>\n\t\t\t\t\t\t<\/div>\n\t\t\t\t\t<\/div>\n\t\t\t\t\t\t\t<\/div>\n\n\t\t<\/div>\n\n\n\n<div id=\"alcoa-wheels-buttons-09beb2f2-9e46-4810-aef4-a9f4e25e3a9b\" class=\"wp-block-alcoa-wheels-button-group alcoa-wheels-buttons\"><div class=\"button-row\"><div class=\"button-item\" button-item=\"0\"><p class=\"btn-main btn-link-left-arrow\" aria-label=\"<a href=&quot;https:\/\/apps.spheracloud.net\/communicator\/login.aspx?userid=qD3CEfpiugwA&amp;companyid=SzqDqsuXTJwA&amp;method=home&quot;&gt;Safety Data (MSDS)<\/a&gt;\"><a href=\"https:\/\/apps.spheracloud.net\/communicator\/login.aspx?userid=qD3CEfpiugwA&amp;companyid=SzqDqsuXTJwA&amp;method=home\">Safety Data (MSDS)<\/a><\/p><\/div><\/div><\/div>\n\n\n\n<div style=\"height:50px\" aria-hidden=\"true\" class=\"wp-block-spacer spacer-fifty\"><\/div>\n\n\n\n<div class=\"wp-block-alcoa-wheels-card-usecase-1 card-box-v1__body with-icon align-center vertical-align-center\" id=\"card_box_v1-a853ba78-ca0c-49f4-a25c-e6fc727b894b\"><div class=\"fullwidthcontainer\"><div class=\"card-box-v1__boxes has-4-columns\"><div class=\"card-box-v1__box  with-link \" style=\"background-color:#00afb9\"><img decoding=\"async\" src=\"https:\/\/www.alcoawheels.com\/europe\/cs\/wp-content\/themes\/alcoa-wheels\/assets\/build\/js\/blocks\/card-usecase-1\/..\/..\/..\/images\/placeholder-image.db2b4d5c.jpeg\" alt=\"Kontakt\"\/><div class=\"card-box-v1__box__inner pos-abs\"><div class=\"card-box-v1__box_icon\"><img loading=\"lazy\" decoding=\"async\" width=\"171\" height=\"171\" src=\"https:\/\/www.alcoawheels.com\/europe\/cs\/wp-content\/uploads\/sites\/9\/2023\/06\/contact.png\" alt=\"\"\/><\/div><div class=\"card-box-v1__box_content\"><h4 style=\"color:#ffffff\">Kontakt<\/h4><\/div><div class=\"btn-wrap\"><\/div><\/div><a href=\"\/europe\/cs\/kontakt\" aria-label=\"Kontakt\"><\/a><\/div><div class=\"card-box-v1__box  with-link \" style=\"background-color:#34bfc7\"><img decoding=\"async\" src=\"https:\/\/www.alcoawheels.com\/europe\/cs\/wp-content\/themes\/alcoa-wheels\/assets\/build\/js\/blocks\/card-usecase-1\/..\/..\/..\/images\/placeholder-image.db2b4d5c.jpeg\" alt=\"Sortiment disk\u016f\"\/><div class=\"card-box-v1__box__inner pos-abs\"><div class=\"card-box-v1__box_icon\"><img loading=\"lazy\" decoding=\"async\" width=\"169\" height=\"169\" src=\"https:\/\/www.alcoawheels.com\/europe\/cs\/wp-content\/uploads\/sites\/9\/2023\/06\/product-search.png\" alt=\"\"\/><\/div><div class=\"card-box-v1__box_content\"><h4 style=\"color:#ffffff\">Sortiment disk\u016f<\/h4><\/div><div class=\"btn-wrap\"><\/div><\/div><a href=\"\/europe\/cs\/sortiment-disku\" aria-label=\"Sortiment disk\u016f\"><\/a><\/div><div class=\"card-box-v1__box  with-link \" style=\"background-color:#00afb9\"><img decoding=\"async\" src=\"https:\/\/www.alcoawheels.com\/europe\/cs\/wp-content\/themes\/alcoa-wheels\/assets\/build\/js\/blocks\/card-usecase-1\/..\/..\/..\/images\/placeholder-image.db2b4d5c.jpeg\" alt=\"Kde lze zakoupit\"\/><div class=\"card-box-v1__box__inner pos-abs\"><div class=\"card-box-v1__box_icon\"><img loading=\"lazy\" decoding=\"async\" width=\"169\" height=\"169\" src=\"https:\/\/www.alcoawheels.com\/europe\/cs\/wp-content\/uploads\/sites\/9\/2023\/06\/where-to-buy.png\" alt=\"\"\/><\/div><div class=\"card-box-v1__box_content\"><h4 style=\"color:#ffffff\">Kde lze zakoupit<\/h4><\/div><div class=\"btn-wrap\"><\/div><\/div><a href=\"\/europe\/cs\/kde-lze-zakoupit\" aria-label=\"Kde lze zakoupit\"><\/a><\/div><div class=\"card-box-v1__box  with-link \" style=\"background-color:#34bfc7\"><img decoding=\"async\" src=\"https:\/\/www.alcoawheels.com\/europe\/cs\/wp-content\/themes\/alcoa-wheels\/assets\/build\/js\/blocks\/card-usecase-1\/..\/..\/..\/images\/placeholder-image.db2b4d5c.jpeg\" alt=\"Produktov\u00e1 Literatura\"\/><div class=\"card-box-v1__box__inner pos-abs\"><div class=\"card-box-v1__box_icon\"><img loading=\"lazy\" decoding=\"async\" width=\"169\" height=\"169\" src=\"https:\/\/www.alcoawheels.com\/europe\/cs\/wp-content\/uploads\/sites\/9\/2023\/06\/product-literature.png\" alt=\"\"\/><\/div><div class=\"card-box-v1__box_content\"><h4 style=\"color:#ffffff\">Produktov\u00e1 Literatura<\/h4><\/div><div class=\"btn-wrap\"><\/div><\/div><a href=\"\/europe\/cs\/produktova-literatura\" aria-label=\"Produktov\u00e1 Literatura\"><\/a><\/div><\/div><\/div><\/div>\n","protected":false},"excerpt":{"rendered":"<p>P\u0159\u00edslu\u0161enstv\u00ed pro kola Alcoa\u00ae \u00dadr\u017eba kol Alcoa\u00ae je a m\u011bla by b\u00fdt va\u0161\u00ed nejvy\u0161\u0161\u00ed prioritou 1. P\u0159\u00edslu\u0161enstv\u00ed pro kola Alcoa\u00ae bylo vyv\u00edjeno a vyb\u00edr\u00e1no v pr\u016fb\u011bhu mnoha let, aby kola byla udr\u017eov\u00e1na v co nejlep\u0161\u00edm stavu a m\u011bla dlouhou \u017eivotnost. 2. P\u0159\u00edslu\u0161enstv\u00ed pro kola Alcoa\u00ae je k dispozici v s\u00edti na\u0161ich autorizovan\u00fdch distributor\u016f. V\u00edce informac\u00ed:<\/p>\n","protected":false},"author":44,"featured_media":3977,"parent":0,"menu_order":0,"comment_status":"closed","ping_status":"closed","template":"","meta":{"_acf_changed":false,"protected_reviewer_email":"","editor_notices":[],"footnotes":""},"class_list":["post-26","page","type-page","status-publish","has-post-thumbnail","hentry"],"acf":[],"yoast_head":"<!-- This site is optimized with the Yoast SEO Premium plugin v27.3 (Yoast SEO v27.3) - https:\/\/yoast.com\/product\/yoast-seo-premium-wordpress\/ -->\n<title>Alcoa Wheels | P\u0159\u00edslu\u0161enstv\u00ed | \u010ci\u0161t\u011bn\u00ed<\/title>\n<meta name=\"robots\" content=\"index, follow, max-snippet:-1, max-image-preview:large, max-video-preview:-1\" \/>\n<link rel=\"canonical\" href=\"https:\/\/www.alcoawheels.com\/europe\/cs\/cisteni\/\" \/>\n<meta property=\"og:locale\" content=\"en_US\" \/>\n<meta property=\"og:type\" content=\"article\" \/>\n<meta property=\"og:title\" content=\"\u010ci\u0161t\u011bn\u00ed\" \/>\n<meta property=\"og:description\" content=\"P\u0159\u00edslu\u0161enstv\u00ed pro kola Alcoa\u00ae \u00dadr\u017eba kol Alcoa\u00ae je a m\u011bla by b\u00fdt va\u0161\u00ed nejvy\u0161\u0161\u00ed prioritou 1. P\u0159\u00edslu\u0161enstv\u00ed pro kola Alcoa\u00ae bylo vyv\u00edjeno a vyb\u00edr\u00e1no v pr\u016fb\u011bhu mnoha let, aby kola byla udr\u017eov\u00e1na v co nejlep\u0161\u00edm stavu a m\u011bla dlouhou \u017eivotnost. 2. P\u0159\u00edslu\u0161enstv\u00ed pro kola Alcoa\u00ae je k dispozici v s\u00edti na\u0161ich autorizovan\u00fdch distributor\u016f. V\u00edce informac\u00ed:\" \/>\n<meta property=\"og:url\" content=\"https:\/\/www.alcoawheels.com\/europe\/cs\/cisteni\/\" \/>\n<meta property=\"og:site_name\" content=\"Europe Czech\" \/>\n<meta property=\"article:modified_time\" content=\"2025-11-24T15:37:28+00:00\" \/>\n<meta property=\"og:image\" content=\"https:\/\/www.alcoawheels.com\/europe\/cs\/wp-content\/uploads\/sites\/9\/2025\/11\/DBWW_bottle_1L_low-resize.jpg\" \/>\n\t<meta property=\"og:image:width\" content=\"450\" \/>\n\t<meta property=\"og:image:height\" content=\"300\" \/>\n\t<meta property=\"og:image:type\" content=\"image\/jpeg\" \/>\n<meta name=\"twitter:card\" content=\"summary_large_image\" \/>\n<meta name=\"twitter:label1\" content=\"Est. reading time\" \/>\n\t<meta name=\"twitter:data1\" content=\"5 minutes\" \/>\n<script type=\"application\/ld+json\" class=\"yoast-schema-graph\">{\"@context\":\"https:\\\/\\\/schema.org\",\"@graph\":[{\"@type\":\"WebPage\",\"@id\":\"https:\\\/\\\/www.alcoawheels.com\\\/europe\\\/cs\\\/cisteni\\\/\",\"url\":\"https:\\\/\\\/www.alcoawheels.com\\\/europe\\\/cs\\\/cisteni\\\/\",\"name\":\"Alcoa Wheels | P\u0159\u00edslu\u0161enstv\u00ed | \u010ci\u0161t\u011bn\u00ed\",\"isPartOf\":{\"@id\":\"https:\\\/\\\/www.alcoawheels.com\\\/europe\\\/cs\\\/#website\"},\"primaryImageOfPage\":{\"@id\":\"https:\\\/\\\/www.alcoawheels.com\\\/europe\\\/cs\\\/cisteni\\\/#primaryimage\"},\"image\":{\"@id\":\"https:\\\/\\\/www.alcoawheels.com\\\/europe\\\/cs\\\/cisteni\\\/#primaryimage\"},\"thumbnailUrl\":\"https:\\\/\\\/www.alcoawheels.com\\\/europe\\\/cs\\\/wp-content\\\/uploads\\\/sites\\\/9\\\/2025\\\/11\\\/DBWW_bottle_1L_low-resize.jpg\",\"datePublished\":\"2023-05-25T08:57:36+00:00\",\"dateModified\":\"2025-11-24T15:37:28+00:00\",\"breadcrumb\":{\"@id\":\"https:\\\/\\\/www.alcoawheels.com\\\/europe\\\/cs\\\/cisteni\\\/#breadcrumb\"},\"inLanguage\":\"en-US\",\"potentialAction\":[{\"@type\":\"ReadAction\",\"target\":[\"https:\\\/\\\/www.alcoawheels.com\\\/europe\\\/cs\\\/cisteni\\\/\"]}]},{\"@type\":\"ImageObject\",\"inLanguage\":\"en-US\",\"@id\":\"https:\\\/\\\/www.alcoawheels.com\\\/europe\\\/cs\\\/cisteni\\\/#primaryimage\",\"url\":\"https:\\\/\\\/www.alcoawheels.com\\\/europe\\\/cs\\\/wp-content\\\/uploads\\\/sites\\\/9\\\/2025\\\/11\\\/DBWW_bottle_1L_low-resize.jpg\",\"contentUrl\":\"https:\\\/\\\/www.alcoawheels.com\\\/europe\\\/cs\\\/wp-content\\\/uploads\\\/sites\\\/9\\\/2025\\\/11\\\/DBWW_bottle_1L_low-resize.jpg\",\"width\":450,\"height\":300},{\"@type\":\"BreadcrumbList\",\"@id\":\"https:\\\/\\\/www.alcoawheels.com\\\/europe\\\/cs\\\/cisteni\\\/#breadcrumb\",\"itemListElement\":[{\"@type\":\"ListItem\",\"position\":1,\"name\":\"Home\",\"item\":\"https:\\\/\\\/www.alcoawheels.com\\\/europe\\\/cs\\\/\"},{\"@type\":\"ListItem\",\"position\":2,\"name\":\"\u010ci\u0161t\u011bn\u00ed\"}]},{\"@type\":\"WebSite\",\"@id\":\"https:\\\/\\\/www.alcoawheels.com\\\/europe\\\/cs\\\/#website\",\"url\":\"https:\\\/\\\/www.alcoawheels.com\\\/europe\\\/cs\\\/\",\"name\":\"Europe Czech\",\"description\":\"\",\"publisher\":{\"@id\":\"https:\\\/\\\/www.alcoawheels.com\\\/europe\\\/cs\\\/#organization\"},\"potentialAction\":[{\"@type\":\"SearchAction\",\"target\":{\"@type\":\"EntryPoint\",\"urlTemplate\":\"https:\\\/\\\/www.alcoawheels.com\\\/europe\\\/cs\\\/?s={search_term_string}\"},\"query-input\":{\"@type\":\"PropertyValueSpecification\",\"valueRequired\":true,\"valueName\":\"search_term_string\"}}],\"inLanguage\":\"en-US\"},{\"@type\":\"Organization\",\"@id\":\"https:\\\/\\\/www.alcoawheels.com\\\/europe\\\/cs\\\/#organization\",\"name\":\"Europe Czech\",\"url\":\"https:\\\/\\\/www.alcoawheels.com\\\/europe\\\/cs\\\/\",\"logo\":{\"@type\":\"ImageObject\",\"inLanguage\":\"en-US\",\"@id\":\"https:\\\/\\\/www.alcoawheels.com\\\/europe\\\/cs\\\/#\\\/schema\\\/logo\\\/image\\\/\",\"url\":\"https:\\\/\\\/www.alcoawheels.com\\\/europe\\\/cs\\\/wp-content\\\/uploads\\\/sites\\\/9\\\/2023\\\/05\\\/logo-black.gif\",\"contentUrl\":\"https:\\\/\\\/www.alcoawheels.com\\\/europe\\\/cs\\\/wp-content\\\/uploads\\\/sites\\\/9\\\/2023\\\/05\\\/logo-black.gif\",\"width\":71,\"height\":64,\"caption\":\"Europe Czech\"},\"image\":{\"@id\":\"https:\\\/\\\/www.alcoawheels.com\\\/europe\\\/cs\\\/#\\\/schema\\\/logo\\\/image\\\/\"}}]}<\/script>\n<!-- \/ Yoast SEO Premium plugin. -->","yoast_head_json":{"title":"Alcoa Wheels | P\u0159\u00edslu\u0161enstv\u00ed | \u010ci\u0161t\u011bn\u00ed","robots":{"index":"index","follow":"follow","max-snippet":"max-snippet:-1","max-image-preview":"max-image-preview:large","max-video-preview":"max-video-preview:-1"},"canonical":"https:\/\/www.alcoawheels.com\/europe\/cs\/cisteni\/","og_locale":"en_US","og_type":"article","og_title":"\u010ci\u0161t\u011bn\u00ed","og_description":"P\u0159\u00edslu\u0161enstv\u00ed pro kola Alcoa\u00ae \u00dadr\u017eba kol Alcoa\u00ae je a m\u011bla by b\u00fdt va\u0161\u00ed nejvy\u0161\u0161\u00ed prioritou 1. P\u0159\u00edslu\u0161enstv\u00ed pro kola Alcoa\u00ae bylo vyv\u00edjeno a vyb\u00edr\u00e1no v pr\u016fb\u011bhu mnoha let, aby kola byla udr\u017eov\u00e1na v co nejlep\u0161\u00edm stavu a m\u011bla dlouhou \u017eivotnost. 2. P\u0159\u00edslu\u0161enstv\u00ed pro kola Alcoa\u00ae je k dispozici v s\u00edti na\u0161ich autorizovan\u00fdch distributor\u016f. V\u00edce informac\u00ed:","og_url":"https:\/\/www.alcoawheels.com\/europe\/cs\/cisteni\/","og_site_name":"Europe Czech","article_modified_time":"2025-11-24T15:37:28+00:00","og_image":[{"width":450,"height":300,"url":"https:\/\/www.alcoawheels.com\/europe\/cs\/wp-content\/uploads\/sites\/9\/2025\/11\/DBWW_bottle_1L_low-resize.jpg","type":"image\/jpeg"}],"twitter_card":"summary_large_image","twitter_misc":{"Est. reading time":"5 minutes"},"schema":{"@context":"https:\/\/schema.org","@graph":[{"@type":"WebPage","@id":"https:\/\/www.alcoawheels.com\/europe\/cs\/cisteni\/","url":"https:\/\/www.alcoawheels.com\/europe\/cs\/cisteni\/","name":"Alcoa Wheels | P\u0159\u00edslu\u0161enstv\u00ed | \u010ci\u0161t\u011bn\u00ed","isPartOf":{"@id":"https:\/\/www.alcoawheels.com\/europe\/cs\/#website"},"primaryImageOfPage":{"@id":"https:\/\/www.alcoawheels.com\/europe\/cs\/cisteni\/#primaryimage"},"image":{"@id":"https:\/\/www.alcoawheels.com\/europe\/cs\/cisteni\/#primaryimage"},"thumbnailUrl":"https:\/\/www.alcoawheels.com\/europe\/cs\/wp-content\/uploads\/sites\/9\/2025\/11\/DBWW_bottle_1L_low-resize.jpg","datePublished":"2023-05-25T08:57:36+00:00","dateModified":"2025-11-24T15:37:28+00:00","breadcrumb":{"@id":"https:\/\/www.alcoawheels.com\/europe\/cs\/cisteni\/#breadcrumb"},"inLanguage":"en-US","potentialAction":[{"@type":"ReadAction","target":["https:\/\/www.alcoawheels.com\/europe\/cs\/cisteni\/"]}]},{"@type":"ImageObject","inLanguage":"en-US","@id":"https:\/\/www.alcoawheels.com\/europe\/cs\/cisteni\/#primaryimage","url":"https:\/\/www.alcoawheels.com\/europe\/cs\/wp-content\/uploads\/sites\/9\/2025\/11\/DBWW_bottle_1L_low-resize.jpg","contentUrl":"https:\/\/www.alcoawheels.com\/europe\/cs\/wp-content\/uploads\/sites\/9\/2025\/11\/DBWW_bottle_1L_low-resize.jpg","width":450,"height":300},{"@type":"BreadcrumbList","@id":"https:\/\/www.alcoawheels.com\/europe\/cs\/cisteni\/#breadcrumb","itemListElement":[{"@type":"ListItem","position":1,"name":"Home","item":"https:\/\/www.alcoawheels.com\/europe\/cs\/"},{"@type":"ListItem","position":2,"name":"\u010ci\u0161t\u011bn\u00ed"}]},{"@type":"WebSite","@id":"https:\/\/www.alcoawheels.com\/europe\/cs\/#website","url":"https:\/\/www.alcoawheels.com\/europe\/cs\/","name":"Europe Czech","description":"","publisher":{"@id":"https:\/\/www.alcoawheels.com\/europe\/cs\/#organization"},"potentialAction":[{"@type":"SearchAction","target":{"@type":"EntryPoint","urlTemplate":"https:\/\/www.alcoawheels.com\/europe\/cs\/?s={search_term_string}"},"query-input":{"@type":"PropertyValueSpecification","valueRequired":true,"valueName":"search_term_string"}}],"inLanguage":"en-US"},{"@type":"Organization","@id":"https:\/\/www.alcoawheels.com\/europe\/cs\/#organization","name":"Europe Czech","url":"https:\/\/www.alcoawheels.com\/europe\/cs\/","logo":{"@type":"ImageObject","inLanguage":"en-US","@id":"https:\/\/www.alcoawheels.com\/europe\/cs\/#\/schema\/logo\/image\/","url":"https:\/\/www.alcoawheels.com\/europe\/cs\/wp-content\/uploads\/sites\/9\/2023\/05\/logo-black.gif","contentUrl":"https:\/\/www.alcoawheels.com\/europe\/cs\/wp-content\/uploads\/sites\/9\/2023\/05\/logo-black.gif","width":71,"height":64,"caption":"Europe Czech"},"image":{"@id":"https:\/\/www.alcoawheels.com\/europe\/cs\/#\/schema\/logo\/image\/"}}]}},"parsely":{"version":"1.1.0","canonical_url":"https:\/\/alcoawheels.com\/europe\/cs\/cisteni\/","smart_links":{"inbound":0,"outbound":0},"traffic_boost_suggestions_count":0,"meta":{"@context":"https:\/\/schema.org","@type":"WebPage","headline":"\u010ci\u0161t\u011bn\u00ed","url":"http:\/\/www.alcoawheels.com\/europe\/cs\/cisteni\/","mainEntityOfPage":{"@type":"WebPage","@id":"http:\/\/www.alcoawheels.com\/europe\/cs\/cisteni\/"},"thumbnailUrl":"https:\/\/www.alcoawheels.com\/europe\/cs\/wp-content\/uploads\/sites\/9\/2025\/11\/DBWW_bottle_1L_low-resize.jpg?w=150&h=150&crop=1","image":{"@type":"ImageObject","url":"https:\/\/www.alcoawheels.com\/europe\/cs\/wp-content\/uploads\/sites\/9\/2025\/11\/DBWW_bottle_1L_low-resize.jpg"},"articleSection":"Uncategorized","author":[{"@type":"Person","name":"howmet"}],"creator":["howmet"],"publisher":{"@type":"Organization","name":"Europe Czech","logo":""},"keywords":[],"dateCreated":"2023-05-25T08:57:36Z","datePublished":"2023-05-25T08:57:36Z","dateModified":"2025-11-24T15:37:28Z"},"rendered":"<script type=\"application\/ld+json\" class=\"wp-parsely-metadata\">{\"@context\":\"https:\\\/\\\/schema.org\",\"@type\":\"WebPage\",\"headline\":\"\\u010ci\\u0161t\\u011bn\\u00ed\",\"url\":\"http:\\\/\\\/www.alcoawheels.com\\\/europe\\\/cs\\\/cisteni\\\/\",\"mainEntityOfPage\":{\"@type\":\"WebPage\",\"@id\":\"http:\\\/\\\/www.alcoawheels.com\\\/europe\\\/cs\\\/cisteni\\\/\"},\"thumbnailUrl\":\"https:\\\/\\\/www.alcoawheels.com\\\/europe\\\/cs\\\/wp-content\\\/uploads\\\/sites\\\/9\\\/2025\\\/11\\\/DBWW_bottle_1L_low-resize.jpg?w=150&h=150&crop=1\",\"image\":{\"@type\":\"ImageObject\",\"url\":\"https:\\\/\\\/www.alcoawheels.com\\\/europe\\\/cs\\\/wp-content\\\/uploads\\\/sites\\\/9\\\/2025\\\/11\\\/DBWW_bottle_1L_low-resize.jpg\"},\"articleSection\":\"Uncategorized\",\"author\":[{\"@type\":\"Person\",\"name\":\"howmet\"}],\"creator\":[\"howmet\"],\"publisher\":{\"@type\":\"Organization\",\"name\":\"Europe Czech\",\"logo\":\"\"},\"keywords\":[],\"dateCreated\":\"2023-05-25T08:57:36Z\",\"datePublished\":\"2023-05-25T08:57:36Z\",\"dateModified\":\"2025-11-24T15:37:28Z\"}<\/script>","tracker_url":"https:\/\/cdn.parsely.com\/keys\/alcoawheels.com\/p.js"},"jetpack_sharing_enabled":true,"_links":{"self":[{"href":"https:\/\/www.alcoawheels.com\/europe\/cs\/wp-json\/wp\/v2\/pages\/26","targetHints":{"allow":["GET"]}}],"collection":[{"href":"https:\/\/www.alcoawheels.com\/europe\/cs\/wp-json\/wp\/v2\/pages"}],"about":[{"href":"https:\/\/www.alcoawheels.com\/europe\/cs\/wp-json\/wp\/v2\/types\/page"}],"author":[{"embeddable":true,"href":"https:\/\/www.alcoawheels.com\/europe\/cs\/wp-json\/wp\/v2\/users\/44"}],"replies":[{"embeddable":true,"href":"https:\/\/www.alcoawheels.com\/europe\/cs\/wp-json\/wp\/v2\/comments?post=26"}],"version-history":[{"count":39,"href":"https:\/\/www.alcoawheels.com\/europe\/cs\/wp-json\/wp\/v2\/pages\/26\/revisions"}],"predecessor-version":[{"id":3978,"href":"https:\/\/www.alcoawheels.com\/europe\/cs\/wp-json\/wp\/v2\/pages\/26\/revisions\/3978"}],"wp:featuredmedia":[{"embeddable":true,"href":"https:\/\/www.alcoawheels.com\/europe\/cs\/wp-json\/wp\/v2\/media\/3977"}],"wp:attachment":[{"href":"https:\/\/www.alcoawheels.com\/europe\/cs\/wp-json\/wp\/v2\/media?parent=26"}],"curies":[{"name":"wp","href":"https:\/\/api.w.org\/{rel}","templated":true}]}}