		{"id":34,"date":"2023-05-25T08:58:54","date_gmt":"2023-05-25T08:58:54","guid":{"rendered":"https:\/\/www.alcoawheels.com\/europe\/cs\/?page_id=34"},"modified":"2025-12-17T08:47:17","modified_gmt":"2025-12-17T07:47:17","slug":"kde-lze-zakoupit","status":"publish","type":"page","link":"https:\/\/www.alcoawheels.com\/europe\/cs\/kde-lze-zakoupit\/","title":{"rendered":"Kde lze zakoupit"},"content":{"rendered":"\n<div class=\"wp-block-alcoa-wheels-hero-banner-innerpage hero-banner with-image layout-2 overlayEnable align- vertical-align-\" style=\"background-color:#eee\"><img decoding=\"async\" src=\"https:\/\/www.alcoawheels.com\/europe\/cs\/wp-content\/uploads\/sites\/9\/2023\/06\/hero-where-to-buy.webp\" alt=\"hero-where-to-buy\" class=\"responsiveImage\"\/><div class=\"hero-banner__header\" style=\"text-align:center\"><div class=\"container\"><h1 class=\"hero-banner__header--title\">Vyhled\u00e1n\u00ed distributora<\/h1><\/div><\/div><\/div>\n\n\n\n<div style=\"height:50px\" aria-hidden=\"true\" class=\"wp-block-spacer spacer-fifty\"><\/div>\n\n\n\n<h5 class=\"wp-block-heading\" id=\"h-jak-koupit-kovana-hlinikova-kola-alcoa\"><strong><strong>Jak koupit kovan\u00e1 hlin\u00edkov\u00e1 kola Alcoa<sup>\u00ae<\/sup>?<\/strong><\/strong><\/h5>\n\n\n\n<p>Kola Alcoa<sup>\u00ae<\/sup> lze zakoupit v\u00a0s\u00edti ofici\u00e1ln\u00edch distributor\u016f. Pomoc\u00ed na\u0161\u00ed aplikace vyhledejte nejbli\u017e\u0161\u00edho. Nebo kontaktujte na\u0161eho v\u00fdrobce kol.<\/p>\n\n\n\n<hr class=\"wp-block-separator alignwide has-text-color has-alpha-channel-opacity has-background is-style-wide\" style=\"background-color:#282828;color:#282828\"\/>\n\n\n\n<div style=\"height:50px\" aria-hidden=\"true\" class=\"wp-block-spacer spacer-fifty\"><\/div>\n\n\n\n<h5 class=\"wp-block-heading\" id=\"h-aplikace-pro-vyhledani-distributora\"><strong><strong>Aplikace pro vyhled\u00e1n\u00ed distributora:<\/strong><\/strong><\/h5>\n\n\n\n<p class=\"u-margin-b30\">Vyhledejte distributory kol Alcoa<sup>\u00ae<\/sup> a\u00a0p\u0159\u00edslu\u0161enstv\u00ed<\/p>\n\n\n\t\t<div class=\"wp-block-aw-distributor-distributors-location\" data-nonce=\"d99f9fca01\">\n\t\t\t\t\t\t\t<div class=\"distributor-map\">\n\t\t\t\t\t<div class=\"form-group\">\n\t\t\t\t\t\t\t\t\t\t\t\t\t\t<select id=\"country\" name=\"country\" size=\"1\">\n\t\t\t\t\t\t\t\t\t<option selected=\"selected\" value=\"\">Zobrazit v\u0161echna m\u00edsta<\/option>\n\t\t\t\t\t\t\t\t\t\t\t\t\t\t\t\t\t\t\t<option value=\"austria\">AUSTRIA<\/option>\n\t\t\t\t\t\t\t\t\t\t\t\t\t\t\t\t\t\t\t<option value=\"belgium\">BELGIUM<\/option>\n\t\t\t\t\t\t\t\t\t\t\t\t\t\t\t\t\t\t\t<option value=\"czech-republic\">CZECH REPUBLIC<\/option>\n\t\t\t\t\t\t\t\t\t\t\t\t\t\t\t\t\t\t\t<option value=\"denmark\">DENMARK<\/option>\n\t\t\t\t\t\t\t\t\t\t\t\t\t\t\t\t\t\t\t<option value=\"finland\">FINLAND<\/option>\n\t\t\t\t\t\t\t\t\t\t\t\t\t\t\t\t\t\t\t<option value=\"france\">FRANCE<\/option>\n\t\t\t\t\t\t\t\t\t\t\t\t\t\t\t\t\t\t\t<option value=\"germany\">GERMANY<\/option>\n\t\t\t\t\t\t\t\t\t\t\t\t\t\t\t\t\t\t\t<option value=\"greece\">GREECE<\/option>\n\t\t\t\t\t\t\t\t\t\t\t\t\t\t\t\t\t\t\t<option value=\"hungary\">HUNGARY<\/option>\n\t\t\t\t\t\t\t\t\t\t\t\t\t\t\t\t\t\t\t<option value=\"ireland\">IRELAND<\/option>\n\t\t\t\t\t\t\t\t\t\t\t\t\t\t\t\t\t\t\t<option value=\"israel\">ISRAEL<\/option>\n\t\t\t\t\t\t\t\t\t\t\t\t\t\t\t\t\t\t\t<option value=\"italy\">ITALY<\/option>\n\t\t\t\t\t\t\t\t\t\t\t\t\t\t\t\t\t\t\t<option value=\"lithuania\">LITHUANIA<\/option>\n\t\t\t\t\t\t\t\t\t\t\t\t\t\t\t\t\t\t\t<option value=\"luxembourg\">LUXEMBOURG<\/option>\n\t\t\t\t\t\t\t\t\t\t\t\t\t\t\t\t\t\t\t<option value=\"netherlands\">NETHERLANDS<\/option>\n\t\t\t\t\t\t\t\t\t\t\t\t\t\t\t\t\t\t\t<option value=\"norway\">NORWAY<\/option>\n\t\t\t\t\t\t\t\t\t\t\t\t\t\t\t\t\t\t\t<option value=\"poland\">POLAND<\/option>\n\t\t\t\t\t\t\t\t\t\t\t\t\t\t\t\t\t\t\t<option value=\"portugal\">PORTUGAL<\/option>\n\t\t\t\t\t\t\t\t\t\t\t\t\t\t\t\t\t\t\t<option value=\"romania\">ROMANIA<\/option>\n\t\t\t\t\t\t\t\t\t\t\t\t\t\t\t\t\t\t\t<option value=\"serbia\">SERBIA<\/option>\n\t\t\t\t\t\t\t\t\t\t\t\t\t\t\t\t\t\t\t<option value=\"slovenia\">SLOVENIA<\/option>\n\t\t\t\t\t\t\t\t\t\t\t\t\t\t\t\t\t\t\t<option value=\"spain\">SPAIN<\/option>\n\t\t\t\t\t\t\t\t\t\t\t\t\t\t\t\t\t\t\t<option value=\"sweden\">SWEDEN<\/option>\n\t\t\t\t\t\t\t\t\t\t\t\t\t\t\t\t\t\t\t<option value=\"switzerland\">SWITZERLAND<\/option>\n\t\t\t\t\t\t\t\t\t\t\t\t\t\t\t\t\t\t\t<option value=\"turkey\">TURKEY<\/option>\n\t\t\t\t\t\t\t\t\t\t\t\t\t\t\t\t\t\t\t<option value=\"united-kingdom\">UNITED KINGDOM<\/option>\n\t\t\t\t\t\t\t\t\t\t\t\t\t\t\t\t\t<\/select>\n\t\t\t\t\t\t\t\t\t\t\t\t\t\t\t\t\t\t\t<\/div>\n\t\t\t\t<\/div>\n\t\t\t\t<input type='hidden' id='map-latitude' value='51.5'>\n\t\t\t\t<input type='hidden' id='map-longitude' value='15'>\n\t\t\t\t\t\t\t\t\t<img decoding=\"async\" src=\"https:\/\/www.alcoawheels.com\/europe\/cs\/wp-content\/plugins\/aw-distributors\/\/assets\/images\/google-map.png\" alt=\"google-map\">\n\t\t\t\t\t\t<\/div>\n\t\t\n\n\n<p>Pokud va\u0161e zem\u011b nen\u00ed uvedena v seznamu, vypl\u0148te pros\u00edm n\u00e1\u0161 <a href=\"https:\/\/www.alcoawheels.com\/europe\/cs\/kontakt\/\">kontaktn\u00ed formul\u00e1\u0159<\/a>:<\/p>\n\n\n\n<div style=\"height:50px\" aria-hidden=\"true\" class=\"wp-block-spacer spacer-fifty\"><\/div>\n\n\n\n<div class=\"wp-block-alcoa-wheels-card-usecase-1 card-box-v1__body with-icon align-center vertical-align-center\" id=\"card_box_v1-ef02a6ca-20e8-42b7-b721-f4b528da53f9\"><div class=\"fullwidthcontainer\"><div class=\"card-box-v1__boxes has-4-columns\"><div class=\"card-box-v1__box  with-link \" style=\"background-color:#00afb9\"><img decoding=\"async\" src=\"https:\/\/www.alcoawheels.com\/europe\/cs\/wp-content\/themes\/alcoa-wheels\/assets\/build\/js\/blocks\/card-usecase-1\/..\/..\/..\/images\/placeholder-image.db2b4d5c.jpeg\" alt=\"Kontakt\"\/><div class=\"card-box-v1__box__inner pos-abs\"><div class=\"card-box-v1__box_icon\"><img loading=\"lazy\" decoding=\"async\" width=\"171\" height=\"171\" src=\"https:\/\/www.alcoawheels.com\/europe\/cs\/wp-content\/uploads\/sites\/9\/2023\/06\/contact.png\" alt=\"\"\/><\/div><div class=\"card-box-v1__box_content\"><h4 style=\"color:#ffffff\">Kontakt<\/h4><\/div><div class=\"btn-wrap\"><\/div><\/div><a href=\"\/europe\/cs\/kontakt\" aria-label=\"Kontakt\"><\/a><\/div><div class=\"card-box-v1__box  with-link \" style=\"background-color:#34bfc7\"><img decoding=\"async\" src=\"https:\/\/www.alcoawheels.com\/europe\/cs\/wp-content\/themes\/alcoa-wheels\/assets\/build\/js\/blocks\/card-usecase-1\/..\/..\/..\/images\/placeholder-image.db2b4d5c.jpeg\" alt=\"Sortiment disk\u016f\"\/><div class=\"card-box-v1__box__inner pos-abs\"><div class=\"card-box-v1__box_icon\"><img loading=\"lazy\" decoding=\"async\" width=\"169\" height=\"169\" src=\"https:\/\/www.alcoawheels.com\/europe\/cs\/wp-content\/uploads\/sites\/9\/2023\/06\/product-search.png\" alt=\"\"\/><\/div><div class=\"card-box-v1__box_content\"><h4 style=\"color:#ffffff\">Sortiment disk\u016f<\/h4><\/div><div class=\"btn-wrap\"><\/div><\/div><a href=\"\/europe\/cs\/sortiment-disku\" aria-label=\"Sortiment disk\u016f\"><\/a><\/div><div class=\"card-box-v1__box  with-link \" style=\"background-color:#00afb9\"><img decoding=\"async\" src=\"https:\/\/www.alcoawheels.com\/europe\/cs\/wp-content\/themes\/alcoa-wheels\/assets\/build\/js\/blocks\/card-usecase-1\/..\/..\/..\/images\/placeholder-image.db2b4d5c.jpeg\" alt=\"Kde lze zakoupit\"\/><div class=\"card-box-v1__box__inner pos-abs\"><div class=\"card-box-v1__box_icon\"><img loading=\"lazy\" decoding=\"async\" width=\"169\" height=\"169\" src=\"https:\/\/www.alcoawheels.com\/europe\/cs\/wp-content\/uploads\/sites\/9\/2023\/06\/where-to-buy.png\" alt=\"\"\/><\/div><div class=\"card-box-v1__box_content\"><h4 style=\"color:#ffffff\">Kde lze zakoupit<\/h4><\/div><div class=\"btn-wrap\"><\/div><\/div><a href=\"\/europe\/cs\/kde-lze-zakoupit\" aria-label=\"Kde lze zakoupit\"><\/a><\/div><div class=\"card-box-v1__box  with-link \" style=\"background-color:#34bfc7\"><img decoding=\"async\" src=\"https:\/\/www.alcoawheels.com\/europe\/cs\/wp-content\/themes\/alcoa-wheels\/assets\/build\/js\/blocks\/card-usecase-1\/..\/..\/..\/images\/placeholder-image.db2b4d5c.jpeg\" alt=\"Produktov\u00e1 Literatura\"\/><div class=\"card-box-v1__box__inner pos-abs\"><div class=\"card-box-v1__box_icon\"><img loading=\"lazy\" decoding=\"async\" width=\"169\" height=\"169\" src=\"https:\/\/www.alcoawheels.com\/europe\/cs\/wp-content\/uploads\/sites\/9\/2023\/06\/product-literature.png\" alt=\"\"\/><\/div><div class=\"card-box-v1__box_content\"><h4 style=\"color:#ffffff\">Produktov\u00e1 Literatura<\/h4><\/div><div class=\"btn-wrap\"><\/div><\/div><a href=\"\/europe\/cs\/produktova-literatura\" aria-label=\"Produktov\u00e1 Literatura\"><\/a><\/div><\/div><\/div><\/div>\n","protected":false},"excerpt":{"rendered":"<p>Jak koupit kovan\u00e1 hlin\u00edkov\u00e1 kola Alcoa\u00ae? Kola Alcoa\u00ae lze zakoupit v\u00a0s\u00edti ofici\u00e1ln\u00edch distributor\u016f. Pomoc\u00ed na\u0161\u00ed aplikace vyhledejte nejbli\u017e\u0161\u00edho. Nebo kontaktujte na\u0161eho v\u00fdrobce kol. Aplikace pro vyhled\u00e1n\u00ed distributora: Vyhledejte distributory kol Alcoa\u00ae a\u00a0p\u0159\u00edslu\u0161enstv\u00ed Pokud va\u0161e zem\u011b nen\u00ed uvedena v seznamu, vypl\u0148te pros\u00edm n\u00e1\u0161 kontaktn\u00ed formul\u00e1\u0159:<\/p>\n","protected":false},"author":44,"featured_media":0,"parent":0,"menu_order":0,"comment_status":"closed","ping_status":"closed","template":"","meta":{"_acf_changed":false,"protected_reviewer_email":"","editor_notices":[],"footnotes":""},"class_list":["post-34","page","type-page","status-publish","hentry"],"acf":[],"yoast_head":"<!-- This site is optimized with the Yoast SEO Premium plugin v27.5 (Yoast SEO v27.5) - https:\/\/yoast.com\/product\/yoast-seo-premium-wordpress\/ -->\n<title>Kde lze zakoupit| Alcoa \u00ae Wheels<\/title>\n<meta name=\"robots\" content=\"index, follow, max-snippet:-1, max-image-preview:large, max-video-preview:-1\" \/>\n<link rel=\"canonical\" href=\"https:\/\/www.alcoawheels.com\/europe\/cs\/kde-lze-zakoupit\/\" \/>\n<meta property=\"og:locale\" content=\"en_US\" \/>\n<meta property=\"og:type\" content=\"article\" \/>\n<meta property=\"og:title\" content=\"Kde lze zakoupit\" \/>\n<meta property=\"og:description\" content=\"Jak koupit kovan\u00e1 hlin\u00edkov\u00e1 kola Alcoa\u00ae? Kola Alcoa\u00ae lze zakoupit v\u00a0s\u00edti ofici\u00e1ln\u00edch distributor\u016f. Pomoc\u00ed na\u0161\u00ed aplikace vyhledejte nejbli\u017e\u0161\u00edho. Nebo kontaktujte na\u0161eho v\u00fdrobce kol. Aplikace pro vyhled\u00e1n\u00ed distributora: Vyhledejte distributory kol Alcoa\u00ae a\u00a0p\u0159\u00edslu\u0161enstv\u00ed Pokud va\u0161e zem\u011b nen\u00ed uvedena v seznamu, vypl\u0148te pros\u00edm n\u00e1\u0161 kontaktn\u00ed formul\u00e1\u0159:\" \/>\n<meta property=\"og:url\" content=\"https:\/\/www.alcoawheels.com\/europe\/cs\/kde-lze-zakoupit\/\" \/>\n<meta property=\"og:site_name\" content=\"Europe Czech\" \/>\n<meta property=\"article:modified_time\" content=\"2025-12-17T07:47:17+00:00\" \/>\n<meta property=\"og:image\" content=\"https:\/\/www.alcoawheels.com\/europe\/cs\/wp-content\/uploads\/sites\/9\/2023\/06\/hero-where-to-buy.webp\" \/>\n<meta name=\"twitter:card\" content=\"summary_large_image\" \/>\n<meta name=\"twitter:label1\" content=\"Est. reading time\" \/>\n\t<meta name=\"twitter:data1\" content=\"3 minutes\" \/>\n<script type=\"application\/ld+json\" class=\"yoast-schema-graph\">{\"@context\":\"https:\\\/\\\/schema.org\",\"@graph\":[{\"@type\":\"WebPage\",\"@id\":\"https:\\\/\\\/www.alcoawheels.com\\\/europe\\\/cs\\\/kde-lze-zakoupit\\\/\",\"url\":\"https:\\\/\\\/www.alcoawheels.com\\\/europe\\\/cs\\\/kde-lze-zakoupit\\\/\",\"name\":\"Kde lze zakoupit| Alcoa \u00ae Wheels\",\"isPartOf\":{\"@id\":\"https:\\\/\\\/www.alcoawheels.com\\\/europe\\\/cs\\\/#website\"},\"primaryImageOfPage\":{\"@id\":\"https:\\\/\\\/www.alcoawheels.com\\\/europe\\\/cs\\\/kde-lze-zakoupit\\\/#primaryimage\"},\"image\":{\"@id\":\"https:\\\/\\\/www.alcoawheels.com\\\/europe\\\/cs\\\/kde-lze-zakoupit\\\/#primaryimage\"},\"thumbnailUrl\":\"https:\\\/\\\/www.alcoawheels.com\\\/europe\\\/cs\\\/wp-content\\\/uploads\\\/sites\\\/9\\\/2023\\\/06\\\/hero-where-to-buy.webp\",\"datePublished\":\"2023-05-25T08:58:54+00:00\",\"dateModified\":\"2025-12-17T07:47:17+00:00\",\"breadcrumb\":{\"@id\":\"https:\\\/\\\/www.alcoawheels.com\\\/europe\\\/cs\\\/kde-lze-zakoupit\\\/#breadcrumb\"},\"inLanguage\":\"en-US\",\"potentialAction\":[{\"@type\":\"ReadAction\",\"target\":[\"https:\\\/\\\/www.alcoawheels.com\\\/europe\\\/cs\\\/kde-lze-zakoupit\\\/\"]}]},{\"@type\":\"ImageObject\",\"inLanguage\":\"en-US\",\"@id\":\"https:\\\/\\\/www.alcoawheels.com\\\/europe\\\/cs\\\/kde-lze-zakoupit\\\/#primaryimage\",\"url\":\"https:\\\/\\\/www.alcoawheels.com\\\/europe\\\/cs\\\/wp-content\\\/uploads\\\/sites\\\/9\\\/2023\\\/06\\\/hero-where-to-buy.webp\",\"contentUrl\":\"https:\\\/\\\/www.alcoawheels.com\\\/europe\\\/cs\\\/wp-content\\\/uploads\\\/sites\\\/9\\\/2023\\\/06\\\/hero-where-to-buy.webp\",\"width\":1119,\"height\":280,\"caption\":\"hero-where-to-buy\"},{\"@type\":\"BreadcrumbList\",\"@id\":\"https:\\\/\\\/www.alcoawheels.com\\\/europe\\\/cs\\\/kde-lze-zakoupit\\\/#breadcrumb\",\"itemListElement\":[{\"@type\":\"ListItem\",\"position\":1,\"name\":\"Home\",\"item\":\"https:\\\/\\\/www.alcoawheels.com\\\/europe\\\/cs\\\/\"},{\"@type\":\"ListItem\",\"position\":2,\"name\":\"Kde lze zakoupit\"}]},{\"@type\":\"WebSite\",\"@id\":\"https:\\\/\\\/www.alcoawheels.com\\\/europe\\\/cs\\\/#website\",\"url\":\"https:\\\/\\\/www.alcoawheels.com\\\/europe\\\/cs\\\/\",\"name\":\"Europe Czech\",\"description\":\"\",\"publisher\":{\"@id\":\"https:\\\/\\\/www.alcoawheels.com\\\/europe\\\/cs\\\/#organization\"},\"potentialAction\":[{\"@type\":\"SearchAction\",\"target\":{\"@type\":\"EntryPoint\",\"urlTemplate\":\"https:\\\/\\\/www.alcoawheels.com\\\/europe\\\/cs\\\/?s={search_term_string}\"},\"query-input\":{\"@type\":\"PropertyValueSpecification\",\"valueRequired\":true,\"valueName\":\"search_term_string\"}}],\"inLanguage\":\"en-US\"},{\"@type\":\"Organization\",\"@id\":\"https:\\\/\\\/www.alcoawheels.com\\\/europe\\\/cs\\\/#organization\",\"name\":\"Europe Czech\",\"url\":\"https:\\\/\\\/www.alcoawheels.com\\\/europe\\\/cs\\\/\",\"logo\":{\"@type\":\"ImageObject\",\"inLanguage\":\"en-US\",\"@id\":\"https:\\\/\\\/www.alcoawheels.com\\\/europe\\\/cs\\\/#\\\/schema\\\/logo\\\/image\\\/\",\"url\":\"https:\\\/\\\/www.alcoawheels.com\\\/europe\\\/cs\\\/wp-content\\\/uploads\\\/sites\\\/9\\\/2023\\\/05\\\/logo-black.gif\",\"contentUrl\":\"https:\\\/\\\/www.alcoawheels.com\\\/europe\\\/cs\\\/wp-content\\\/uploads\\\/sites\\\/9\\\/2023\\\/05\\\/logo-black.gif\",\"width\":71,\"height\":64,\"caption\":\"Europe Czech\"},\"image\":{\"@id\":\"https:\\\/\\\/www.alcoawheels.com\\\/europe\\\/cs\\\/#\\\/schema\\\/logo\\\/image\\\/\"}}]}<\/script>\n<!-- \/ Yoast SEO Premium plugin. -->","yoast_head_json":{"title":"Kde lze zakoupit| Alcoa \u00ae Wheels","robots":{"index":"index","follow":"follow","max-snippet":"max-snippet:-1","max-image-preview":"max-image-preview:large","max-video-preview":"max-video-preview:-1"},"canonical":"https:\/\/www.alcoawheels.com\/europe\/cs\/kde-lze-zakoupit\/","og_locale":"en_US","og_type":"article","og_title":"Kde lze zakoupit","og_description":"Jak koupit kovan\u00e1 hlin\u00edkov\u00e1 kola Alcoa\u00ae? Kola Alcoa\u00ae lze zakoupit v\u00a0s\u00edti ofici\u00e1ln\u00edch distributor\u016f. Pomoc\u00ed na\u0161\u00ed aplikace vyhledejte nejbli\u017e\u0161\u00edho. Nebo kontaktujte na\u0161eho v\u00fdrobce kol. Aplikace pro vyhled\u00e1n\u00ed distributora: Vyhledejte distributory kol Alcoa\u00ae a\u00a0p\u0159\u00edslu\u0161enstv\u00ed Pokud va\u0161e zem\u011b nen\u00ed uvedena v seznamu, vypl\u0148te pros\u00edm n\u00e1\u0161 kontaktn\u00ed formul\u00e1\u0159:","og_url":"https:\/\/www.alcoawheels.com\/europe\/cs\/kde-lze-zakoupit\/","og_site_name":"Europe Czech","article_modified_time":"2025-12-17T07:47:17+00:00","og_image":[{"url":"https:\/\/www.alcoawheels.com\/europe\/cs\/wp-content\/uploads\/sites\/9\/2023\/06\/hero-where-to-buy.webp","type":"","width":"","height":""}],"twitter_card":"summary_large_image","twitter_misc":{"Est. reading time":"3 minutes"},"schema":{"@context":"https:\/\/schema.org","@graph":[{"@type":"WebPage","@id":"https:\/\/www.alcoawheels.com\/europe\/cs\/kde-lze-zakoupit\/","url":"https:\/\/www.alcoawheels.com\/europe\/cs\/kde-lze-zakoupit\/","name":"Kde lze zakoupit| Alcoa \u00ae Wheels","isPartOf":{"@id":"https:\/\/www.alcoawheels.com\/europe\/cs\/#website"},"primaryImageOfPage":{"@id":"https:\/\/www.alcoawheels.com\/europe\/cs\/kde-lze-zakoupit\/#primaryimage"},"image":{"@id":"https:\/\/www.alcoawheels.com\/europe\/cs\/kde-lze-zakoupit\/#primaryimage"},"thumbnailUrl":"https:\/\/www.alcoawheels.com\/europe\/cs\/wp-content\/uploads\/sites\/9\/2023\/06\/hero-where-to-buy.webp","datePublished":"2023-05-25T08:58:54+00:00","dateModified":"2025-12-17T07:47:17+00:00","breadcrumb":{"@id":"https:\/\/www.alcoawheels.com\/europe\/cs\/kde-lze-zakoupit\/#breadcrumb"},"inLanguage":"en-US","potentialAction":[{"@type":"ReadAction","target":["https:\/\/www.alcoawheels.com\/europe\/cs\/kde-lze-zakoupit\/"]}]},{"@type":"ImageObject","inLanguage":"en-US","@id":"https:\/\/www.alcoawheels.com\/europe\/cs\/kde-lze-zakoupit\/#primaryimage","url":"https:\/\/www.alcoawheels.com\/europe\/cs\/wp-content\/uploads\/sites\/9\/2023\/06\/hero-where-to-buy.webp","contentUrl":"https:\/\/www.alcoawheels.com\/europe\/cs\/wp-content\/uploads\/sites\/9\/2023\/06\/hero-where-to-buy.webp","width":1119,"height":280,"caption":"hero-where-to-buy"},{"@type":"BreadcrumbList","@id":"https:\/\/www.alcoawheels.com\/europe\/cs\/kde-lze-zakoupit\/#breadcrumb","itemListElement":[{"@type":"ListItem","position":1,"name":"Home","item":"https:\/\/www.alcoawheels.com\/europe\/cs\/"},{"@type":"ListItem","position":2,"name":"Kde lze zakoupit"}]},{"@type":"WebSite","@id":"https:\/\/www.alcoawheels.com\/europe\/cs\/#website","url":"https:\/\/www.alcoawheels.com\/europe\/cs\/","name":"Europe Czech","description":"","publisher":{"@id":"https:\/\/www.alcoawheels.com\/europe\/cs\/#organization"},"potentialAction":[{"@type":"SearchAction","target":{"@type":"EntryPoint","urlTemplate":"https:\/\/www.alcoawheels.com\/europe\/cs\/?s={search_term_string}"},"query-input":{"@type":"PropertyValueSpecification","valueRequired":true,"valueName":"search_term_string"}}],"inLanguage":"en-US"},{"@type":"Organization","@id":"https:\/\/www.alcoawheels.com\/europe\/cs\/#organization","name":"Europe Czech","url":"https:\/\/www.alcoawheels.com\/europe\/cs\/","logo":{"@type":"ImageObject","inLanguage":"en-US","@id":"https:\/\/www.alcoawheels.com\/europe\/cs\/#\/schema\/logo\/image\/","url":"https:\/\/www.alcoawheels.com\/europe\/cs\/wp-content\/uploads\/sites\/9\/2023\/05\/logo-black.gif","contentUrl":"https:\/\/www.alcoawheels.com\/europe\/cs\/wp-content\/uploads\/sites\/9\/2023\/05\/logo-black.gif","width":71,"height":64,"caption":"Europe Czech"},"image":{"@id":"https:\/\/www.alcoawheels.com\/europe\/cs\/#\/schema\/logo\/image\/"}}]}},"parsely":{"version":"1.1.0","canonical_url":"https:\/\/alcoawheels.com\/europe\/cs\/kde-lze-zakoupit\/","smart_links":{"inbound":0,"outbound":0},"traffic_boost_suggestions_count":0,"meta":{"@context":"https:\/\/schema.org","@type":"WebPage","headline":"Kde lze zakoupit","url":"http:\/\/www.alcoawheels.com\/europe\/cs\/kde-lze-zakoupit\/","mainEntityOfPage":{"@type":"WebPage","@id":"http:\/\/www.alcoawheels.com\/europe\/cs\/kde-lze-zakoupit\/"},"thumbnailUrl":"","image":{"@type":"ImageObject","url":""},"articleSection":"Uncategorized","author":[{"@type":"Person","name":"howmet"}],"creator":["howmet"],"publisher":{"@type":"Organization","name":"Europe Czech","logo":""},"keywords":[],"dateCreated":"2023-05-25T08:58:54Z","datePublished":"2023-05-25T08:58:54Z","dateModified":"2025-12-17T07:47:17Z"},"rendered":"<script type=\"application\/ld+json\" class=\"wp-parsely-metadata\">{\"@context\":\"https:\\\/\\\/schema.org\",\"@type\":\"WebPage\",\"headline\":\"Kde lze zakoupit\",\"url\":\"http:\\\/\\\/www.alcoawheels.com\\\/europe\\\/cs\\\/kde-lze-zakoupit\\\/\",\"mainEntityOfPage\":{\"@type\":\"WebPage\",\"@id\":\"http:\\\/\\\/www.alcoawheels.com\\\/europe\\\/cs\\\/kde-lze-zakoupit\\\/\"},\"thumbnailUrl\":\"\",\"image\":{\"@type\":\"ImageObject\",\"url\":\"\"},\"articleSection\":\"Uncategorized\",\"author\":[{\"@type\":\"Person\",\"name\":\"howmet\"}],\"creator\":[\"howmet\"],\"publisher\":{\"@type\":\"Organization\",\"name\":\"Europe Czech\",\"logo\":\"\"},\"keywords\":[],\"dateCreated\":\"2023-05-25T08:58:54Z\",\"datePublished\":\"2023-05-25T08:58:54Z\",\"dateModified\":\"2025-12-17T07:47:17Z\"}<\/script>","tracker_url":"https:\/\/cdn.parsely.com\/keys\/alcoawheels.com\/p.js"},"jetpack_sharing_enabled":true,"_links":{"self":[{"href":"https:\/\/www.alcoawheels.com\/europe\/cs\/wp-json\/wp\/v2\/pages\/34","targetHints":{"allow":["GET"]}}],"collection":[{"href":"https:\/\/www.alcoawheels.com\/europe\/cs\/wp-json\/wp\/v2\/pages"}],"about":[{"href":"https:\/\/www.alcoawheels.com\/europe\/cs\/wp-json\/wp\/v2\/types\/page"}],"author":[{"embeddable":true,"href":"https:\/\/www.alcoawheels.com\/europe\/cs\/wp-json\/wp\/v2\/users\/44"}],"replies":[{"embeddable":true,"href":"https:\/\/www.alcoawheels.com\/europe\/cs\/wp-json\/wp\/v2\/comments?post=34"}],"version-history":[{"count":18,"href":"https:\/\/www.alcoawheels.com\/europe\/cs\/wp-json\/wp\/v2\/pages\/34\/revisions"}],"predecessor-version":[{"id":3991,"href":"https:\/\/www.alcoawheels.com\/europe\/cs\/wp-json\/wp\/v2\/pages\/34\/revisions\/3991"}],"wp:attachment":[{"href":"https:\/\/www.alcoawheels.com\/europe\/cs\/wp-json\/wp\/v2\/media?parent=34"}],"curies":[{"name":"wp","href":"https:\/\/api.w.org\/{rel}","templated":true}]}}