{"id":3719,"date":"2024-09-17T14:28:06","date_gmt":"2024-09-17T12:28:06","guid":{"rendered":"https:\/\/www.alcoawheels.com\/europe\/cs\/?page_id=3719"},"modified":"2025-02-07T14:45:43","modified_gmt":"2025-02-07T13:45:43","slug":"sledovani-stavu-registracniho-formulare-disku","status":"publish","type":"page","link":"https:\/\/www.alcoawheels.com\/europe\/cs\/sledovani-stavu-registracniho-formulare-disku\/","title":{"rendered":"Sledov\u00e1n\u00ed stavu registra\u010dn\u00edho formul\u00e1\u0159e disku"},"content":{"rendered":"\n<div class=\"wp-block-alcoa-wheels-hero-banner-innerpage hero-banner with-image layout-2 overlayEnable align- vertical-align- align-center vertical-align-center\" style=\"background-color:#eee\"><img decoding=\"async\" src=\"https:\/\/www.alcoawheels.com\/europe\/en\/wp-content\/uploads\/sites\/8\/2023\/06\/fsc-intro-banner.jpg\" alt=\"Fleet Service Center for Alcoa Wheels\" class=\"responsiveImage\"\/><div class=\"hero-banner__header\" style=\"text-align:center\"><div class=\"container\"><h1 class=\"hero-banner__header--title\">Sledov\u00e1n\u00ed stavu registra\u010dn\u00edho formul\u00e1\u0159e disku<\/h1><\/div><\/div><\/div>\n\n\n\n<div style=\"height:50px\" aria-hidden=\"true\" class=\"wp-block-spacer\"><\/div>\n\n\n    <div class=\"lead-status-block-frontend\" data-attributes=\"{&quot;email&quot;:&quot;Zadejte sv\\u016fj e-mail&quot;,&quot;leadId&quot;:&quot;Zadejte  p\\u0159id\\u011blen\\u00e9 ID&quot;,&quot;status&quot;:&quot;Informace o stavu&quot;,&quot;resetText&quot;:&quot;Vymazat&quot;,&quot;loading&quot;:&quot;Na\\u010d\\u00edt\\u00e1n\\u00ed stavu \\u017e\\u00e1dosti\\u2026&quot;,&quot;noMatch&quot;:&quot;Pro zadanou e-mailovou adresu a ID nebyla nalezena \\u017e\\u00e1dn\\u00e1 odpov\\u00eddaj\\u00edc\\u00ed stopa. Ov\\u011b\\u0159te pros\\u00edm sv\\u00e9 \\u00fadaje a zkuste to znovu.&quot;,&quot;dearCustomer&quot;:&quot;V\\u00e1\\u017een\\u00fd z\\u00e1kazn\\u00edku&quot;,&quot;thankYou&quot;:&quot;Nejnov\\u011bj\\u0161\\u00ed stav va\\u0161\\u00ed registrace disku ID naleznete n\\u00ed\\u017ee:&quot;,&quot;customerMessage&quot;:&quot;Posledn\\u00ed stav va\\u0161\\u00ed registrace disku ID&quot;,&quot;description&quot;:&quot;Popis webov\\u00fdch str\\u00e1nek&quot;,&quot;followMessage&quot;:&quot;Pro dal\\u0161\\u00ed informace se pros\\u00edm obra\\u0165te na:&quot;,&quot;followEmail&quot;:&quot;fleet@howmet.com&quot;,&quot;followPhone&quot;:&quot;nebo +3622531841 mezi 8.00-16.30 SE\\u010c v pracovn\\u00ed dny.&quot;,&quot;checkboxText&quot;:&quot;Za\\u0161krtnut\\u00edm pol\\u00ed\\u010dka souhlas\\u00edte s&quot;,&quot;privacyText&quot;:&quot;na\\u0161imi z\\u00e1sadami ochrany osobn\\u00edch \\u00fadaj\\u016f.&quot;,&quot;privacyLink&quot;:&quot;\\\/europe\\\/cs\\\/soukromi\\\/&quot;,&quot;consentMessage&quot;:&quot;Odesl\\u00e1n\\u00edm t\\u00e9to \\u017e\\u00e1dosti souhlas\\u00edm s p\\u0159ed\\u00e1n\\u00edm sv\\u00fdch v\\u00fd\\u0161e uveden\\u00fdch osobn\\u00edch \\u00fadaj\\u016f spole\\u010dnosti Howmet Aerospace Inc.\\na v\\u0161em j\\u00ed ovl\\u00e1dan\\u00fdm subjekt\\u016fm ve Spojen\\u00fdch st\\u00e1tech americk\\u00fdch i jinde a jejich opr\\u00e1vn\\u011bn\\u00fdm smluvn\\u00edm partner\\u016fm nebo z\\u00e1stupc\\u016fm t\\u0159et\\u00edch stran a se zpracov\\u00e1n\\u00edm t\\u011bchto \\u00fadaj\\u016f za \\u00fa\\u010delem vy\\u0159\\u00edzen\\u00ed m\\u00e9 \\u017e\\u00e1dosti. Spole\\u010dnost Howmet Aerospace pou\\u017eije poskytnut\\u00e9 informace v\\u00fdhradn\\u011b pro \\u00fa\\u010dely odpov\\u011bdi na \\u017e\\u00e1dost a uchov\\u00e1 \\u00fadaje po dobu nezbytn\\u011b nutnou k vy\\u0159\\u00edzen\\u00ed \\u017e\\u00e1dosti. Potvrzuji, \\u017ee jsem pln\\u011b informov\\u00e1n o d\\u016fvodech zpracov\\u00e1n\\u00ed a p\\u0159ed\\u00e1v\\u00e1n\\u00ed m\\u00fdch osobn\\u00edch \\u00fadaj\\u016f a jsem si v\\u011bdom v\\u0161ech sv\\u00fdch pr\\u00e1v t\\u00fdkaj\\u00edc\\u00edch se t\\u011bchto osobn\\u00edch \\u00fadaj\\u016f a v\\u0161ech platn\\u00fdch z\\u00e1kon\\u016f. Pokud se kdykoli v budoucnu rozhodnu, \\u017ee chci sv\\u016fj v\\u00fd\\u0161e uveden\\u00fd souhlas odvolat, budu kontaktovat spole\\u010dnost Howmet Aerospace a informovat ji o tomto rozhodnut\\u00ed. M\\u00e1m rovn\\u011b\\u017e pr\\u00e1vo na opravu jak\\u00fdchkoli nespr\\u00e1vn\\u00fdch \\u00fadaj\\u016f, kter\\u00e9 spole\\u010dnost Howmet Aerospace uchov\\u00e1v\\u00e1.&quot;,&quot;leadStatus&quot;:&quot;Lead Status&quot;,&quot;leadTime&quot;:&quot;Lead Time&quot;}\">\n        <form class=\"lead_form\">\n            <input type=\"email\" placeholder=\"Zadejte sv\u016fj e-mail\" required class=\"email_input\">\n            <input type=\"text\" placeholder=\"Zadejte  p\u0159id\u011blen\u00e9 ID\" required>\n            <button type=\"submit\" class=\"input-group-addon submit_button\" disabled>Informace o stavu<\/button>\n            <button type=\"button\" class=\"input-group-addon reset-button\">Vymazat<\/button>\n            <p class=\"field-label consent-label\"><strong>Za\u0161krtnut\u00edm pol\u00ed\u010dka souhlas\u00edte s<\/strong> <a href=\"\/europe\/cs\/soukromi\/\" target=\"_blank\">na\u0161imi z\u00e1sadami ochrany osobn\u00edch \u00fadaj\u016f.<\/a>.<\/p>\n            <div class=\"checkbox-group\" id=\"checkbox_group\">\n                <div class=\"formbuilder-checkbox\">\n                    <input type=\"checkbox\" id=\"consent\" name=\"consent_message\" value=\"Odesl\u00e1n\u00edm t\u00e9to \u017e\u00e1dosti souhlas\u00edm s p\u0159ed\u00e1n\u00edm sv\u00fdch v\u00fd\u0161e uveden\u00fdch osobn\u00edch \u00fadaj\u016f spole\u010dnosti Howmet Aerospace Inc.\na v\u0161em j\u00ed ovl\u00e1dan\u00fdm subjekt\u016fm ve Spojen\u00fdch st\u00e1tech americk\u00fdch i jinde a jejich opr\u00e1vn\u011bn\u00fdm smluvn\u00edm partner\u016fm nebo z\u00e1stupc\u016fm t\u0159et\u00edch stran a se zpracov\u00e1n\u00edm t\u011bchto \u00fadaj\u016f za \u00fa\u010delem vy\u0159\u00edzen\u00ed m\u00e9 \u017e\u00e1dosti. Spole\u010dnost Howmet Aerospace pou\u017eije poskytnut\u00e9 informace v\u00fdhradn\u011b pro \u00fa\u010dely odpov\u011bdi na \u017e\u00e1dost a uchov\u00e1 \u00fadaje po dobu nezbytn\u011b nutnou k vy\u0159\u00edzen\u00ed \u017e\u00e1dosti. Potvrzuji, \u017ee jsem pln\u011b informov\u00e1n o d\u016fvodech zpracov\u00e1n\u00ed a p\u0159ed\u00e1v\u00e1n\u00ed m\u00fdch osobn\u00edch \u00fadaj\u016f a jsem si v\u011bdom v\u0161ech sv\u00fdch pr\u00e1v t\u00fdkaj\u00edc\u00edch se t\u011bchto osobn\u00edch \u00fadaj\u016f a v\u0161ech platn\u00fdch z\u00e1kon\u016f. Pokud se kdykoli v budoucnu rozhodnu, \u017ee chci sv\u016fj v\u00fd\u0161e uveden\u00fd souhlas odvolat, budu kontaktovat spole\u010dnost Howmet Aerospace a informovat ji o tomto rozhodnut\u00ed. M\u00e1m rovn\u011b\u017e pr\u00e1vo na opravu jak\u00fdchkoli nespr\u00e1vn\u00fdch \u00fadaj\u016f, kter\u00e9 spole\u010dnost Howmet Aerospace uchov\u00e1v\u00e1.\" class=\"consent_message\" required>\n                    <label for=\"consent_message\">Odesl\u00e1n\u00edm t\u00e9to \u017e\u00e1dosti souhlas\u00edm s p\u0159ed\u00e1n\u00edm sv\u00fdch v\u00fd\u0161e uveden\u00fdch osobn\u00edch \u00fadaj\u016f spole\u010dnosti Howmet Aerospace Inc.\na v\u0161em j\u00ed ovl\u00e1dan\u00fdm subjekt\u016fm ve Spojen\u00fdch st\u00e1tech americk\u00fdch i jinde a jejich opr\u00e1vn\u011bn\u00fdm smluvn\u00edm partner\u016fm nebo z\u00e1stupc\u016fm t\u0159et\u00edch stran a se zpracov\u00e1n\u00edm t\u011bchto \u00fadaj\u016f za \u00fa\u010delem vy\u0159\u00edzen\u00ed m\u00e9 \u017e\u00e1dosti. Spole\u010dnost Howmet Aerospace pou\u017eije poskytnut\u00e9 informace v\u00fdhradn\u011b pro \u00fa\u010dely odpov\u011bdi na \u017e\u00e1dost a uchov\u00e1 \u00fadaje po dobu nezbytn\u011b nutnou k vy\u0159\u00edzen\u00ed \u017e\u00e1dosti. Potvrzuji, \u017ee jsem pln\u011b informov\u00e1n o d\u016fvodech zpracov\u00e1n\u00ed a p\u0159ed\u00e1v\u00e1n\u00ed m\u00fdch osobn\u00edch \u00fadaj\u016f a jsem si v\u011bdom v\u0161ech sv\u00fdch pr\u00e1v t\u00fdkaj\u00edc\u00edch se t\u011bchto osobn\u00edch \u00fadaj\u016f a v\u0161ech platn\u00fdch z\u00e1kon\u016f. Pokud se kdykoli v budoucnu rozhodnu, \u017ee chci sv\u016fj v\u00fd\u0161e uveden\u00fd souhlas odvolat, budu kontaktovat spole\u010dnost Howmet Aerospace a informovat ji o tomto rozhodnut\u00ed. M\u00e1m rovn\u011b\u017e pr\u00e1vo na opravu jak\u00fdchkoli nespr\u00e1vn\u00fdch \u00fadaj\u016f, kter\u00e9 spole\u010dnost Howmet Aerospace uchov\u00e1v\u00e1.<\/label>\n                <\/div>\n            <\/div>\n        <\/form>\n        <div class=\"lead_section\"><\/div>\n    <\/div>\n\n\n\n<div style=\"height:50px\" aria-hidden=\"true\" class=\"wp-block-spacer\"><\/div>\n\n\n\n<p>Pot\u0159ebujete odeslat dal\u0161\u00ed registra\u010dn\u00ed formul\u00e1\u0159 disku? Klikn\u011bte pros\u00edm <a href=\"https:\/\/www.alcoawheels.com\/europe\/cs\/zakaznicka-podpora\/\">zde<\/a>.<\/p>\n\n\n\n<p>Pokud m\u00e1te n\u011bjak\u00e9 pot\u00ed\u017ee nebo dotazy, nav\u0161tivte str\u00e1nku <a href=\"https:\/\/www.alcoawheels.com\/europe\/cs\/zakaznicka-podpora\/\">Z\u00e1kaznick\u00e1 podpora<\/a> a\/nebo na\u0161i <a href=\"https:\/\/www.alcoawheels.com\/europe\/cs\/casto-kladene-otazky\/\">sekci \u010casto kladen\u00e9<\/a> dotazy.<\/p>\n","protected":false},"excerpt":{"rendered":"<p>Pot\u0159ebujete odeslat dal\u0161\u00ed registra\u010dn\u00ed formul\u00e1\u0159 disku? Klikn\u011bte pros\u00edm zde. Pokud m\u00e1te n\u011bjak\u00e9 pot\u00ed\u017ee nebo dotazy, nav\u0161tivte str\u00e1nku Z\u00e1kaznick\u00e1 podpora a\/nebo na\u0161i sekci \u010casto kladen\u00e9 dotazy.<\/p>\n","protected":false},"author":62,"featured_media":0,"parent":0,"menu_order":0,"comment_status":"closed","ping_status":"closed","template":"","meta":{"_acf_changed":false,"protected_reviewer_email":"","editor_notices":[],"footnotes":""},"class_list":["post-3719","page","type-page","status-publish","hentry"],"acf":[],"yoast_head":"<!-- This site is optimized with the Yoast SEO Premium plugin v27.3 (Yoast SEO v27.3) - https:\/\/yoast.com\/product\/yoast-seo-premium-wordpress\/ -->\n<title>Sledov\u00e1n\u00ed stavu registra\u010dn\u00edho formul\u00e1\u0159e disku - Europe Czech<\/title>\n<meta name=\"robots\" content=\"index, follow, max-snippet:-1, max-image-preview:large, max-video-preview:-1\" \/>\n<link rel=\"canonical\" href=\"https:\/\/www.alcoawheels.com\/europe\/cs\/sledovani-stavu-registracniho-formulare-disku\/\" \/>\n<meta property=\"og:locale\" content=\"en_US\" \/>\n<meta property=\"og:type\" content=\"article\" \/>\n<meta property=\"og:title\" content=\"Sledov\u00e1n\u00ed stavu registra\u010dn\u00edho formul\u00e1\u0159e disku\" \/>\n<meta property=\"og:description\" content=\"Pot\u0159ebujete odeslat dal\u0161\u00ed registra\u010dn\u00ed formul\u00e1\u0159 disku? Klikn\u011bte pros\u00edm zde. Pokud m\u00e1te n\u011bjak\u00e9 pot\u00ed\u017ee nebo dotazy, nav\u0161tivte str\u00e1nku Z\u00e1kaznick\u00e1 podpora a\/nebo na\u0161i sekci \u010casto kladen\u00e9 dotazy.\" \/>\n<meta property=\"og:url\" content=\"https:\/\/www.alcoawheels.com\/europe\/cs\/sledovani-stavu-registracniho-formulare-disku\/\" \/>\n<meta property=\"og:site_name\" content=\"Europe Czech\" \/>\n<meta property=\"article:modified_time\" content=\"2025-02-07T13:45:43+00:00\" \/>\n<meta property=\"og:image\" content=\"https:\/\/www.alcoawheels.com\/europe\/en\/wp-content\/uploads\/sites\/8\/2023\/06\/fsc-intro-banner.jpg\" \/>\n<meta name=\"twitter:card\" content=\"summary_large_image\" \/>\n<meta name=\"twitter:label1\" content=\"Est. reading time\" \/>\n\t<meta name=\"twitter:data1\" content=\"1 minute\" \/>\n<script type=\"application\/ld+json\" class=\"yoast-schema-graph\">{\"@context\":\"https:\\\/\\\/schema.org\",\"@graph\":[{\"@type\":\"WebPage\",\"@id\":\"https:\\\/\\\/www.alcoawheels.com\\\/europe\\\/cs\\\/sledovani-stavu-registracniho-formulare-disku\\\/\",\"url\":\"https:\\\/\\\/www.alcoawheels.com\\\/europe\\\/cs\\\/sledovani-stavu-registracniho-formulare-disku\\\/\",\"name\":\"Sledov\u00e1n\u00ed stavu registra\u010dn\u00edho formul\u00e1\u0159e disku - Europe Czech\",\"isPartOf\":{\"@id\":\"https:\\\/\\\/www.alcoawheels.com\\\/europe\\\/cs\\\/#website\"},\"primaryImageOfPage\":{\"@id\":\"https:\\\/\\\/www.alcoawheels.com\\\/europe\\\/cs\\\/sledovani-stavu-registracniho-formulare-disku\\\/#primaryimage\"},\"image\":{\"@id\":\"https:\\\/\\\/www.alcoawheels.com\\\/europe\\\/cs\\\/sledovani-stavu-registracniho-formulare-disku\\\/#primaryimage\"},\"thumbnailUrl\":\"https:\\\/\\\/www.alcoawheels.com\\\/europe\\\/en\\\/wp-content\\\/uploads\\\/sites\\\/8\\\/2023\\\/06\\\/fsc-intro-banner.jpg\",\"datePublished\":\"2024-09-17T12:28:06+00:00\",\"dateModified\":\"2025-02-07T13:45:43+00:00\",\"breadcrumb\":{\"@id\":\"https:\\\/\\\/www.alcoawheels.com\\\/europe\\\/cs\\\/sledovani-stavu-registracniho-formulare-disku\\\/#breadcrumb\"},\"inLanguage\":\"en-US\",\"potentialAction\":[{\"@type\":\"ReadAction\",\"target\":[\"https:\\\/\\\/www.alcoawheels.com\\\/europe\\\/cs\\\/sledovani-stavu-registracniho-formulare-disku\\\/\"]}]},{\"@type\":\"ImageObject\",\"inLanguage\":\"en-US\",\"@id\":\"https:\\\/\\\/www.alcoawheels.com\\\/europe\\\/cs\\\/sledovani-stavu-registracniho-formulare-disku\\\/#primaryimage\",\"url\":\"https:\\\/\\\/www.alcoawheels.com\\\/europe\\\/en\\\/wp-content\\\/uploads\\\/sites\\\/8\\\/2023\\\/06\\\/fsc-intro-banner.jpg\",\"contentUrl\":\"https:\\\/\\\/www.alcoawheels.com\\\/europe\\\/en\\\/wp-content\\\/uploads\\\/sites\\\/8\\\/2023\\\/06\\\/fsc-intro-banner.jpg\"},{\"@type\":\"BreadcrumbList\",\"@id\":\"https:\\\/\\\/www.alcoawheels.com\\\/europe\\\/cs\\\/sledovani-stavu-registracniho-formulare-disku\\\/#breadcrumb\",\"itemListElement\":[{\"@type\":\"ListItem\",\"position\":1,\"name\":\"Home\",\"item\":\"https:\\\/\\\/www.alcoawheels.com\\\/europe\\\/cs\\\/\"},{\"@type\":\"ListItem\",\"position\":2,\"name\":\"Sledov\u00e1n\u00ed stavu registra\u010dn\u00edho formul\u00e1\u0159e disku\"}]},{\"@type\":\"WebSite\",\"@id\":\"https:\\\/\\\/www.alcoawheels.com\\\/europe\\\/cs\\\/#website\",\"url\":\"https:\\\/\\\/www.alcoawheels.com\\\/europe\\\/cs\\\/\",\"name\":\"Europe Czech\",\"description\":\"\",\"publisher\":{\"@id\":\"https:\\\/\\\/www.alcoawheels.com\\\/europe\\\/cs\\\/#organization\"},\"potentialAction\":[{\"@type\":\"SearchAction\",\"target\":{\"@type\":\"EntryPoint\",\"urlTemplate\":\"https:\\\/\\\/www.alcoawheels.com\\\/europe\\\/cs\\\/?s={search_term_string}\"},\"query-input\":{\"@type\":\"PropertyValueSpecification\",\"valueRequired\":true,\"valueName\":\"search_term_string\"}}],\"inLanguage\":\"en-US\"},{\"@type\":\"Organization\",\"@id\":\"https:\\\/\\\/www.alcoawheels.com\\\/europe\\\/cs\\\/#organization\",\"name\":\"Europe Czech\",\"url\":\"https:\\\/\\\/www.alcoawheels.com\\\/europe\\\/cs\\\/\",\"logo\":{\"@type\":\"ImageObject\",\"inLanguage\":\"en-US\",\"@id\":\"https:\\\/\\\/www.alcoawheels.com\\\/europe\\\/cs\\\/#\\\/schema\\\/logo\\\/image\\\/\",\"url\":\"https:\\\/\\\/www.alcoawheels.com\\\/europe\\\/cs\\\/wp-content\\\/uploads\\\/sites\\\/9\\\/2023\\\/05\\\/logo-black.gif\",\"contentUrl\":\"https:\\\/\\\/www.alcoawheels.com\\\/europe\\\/cs\\\/wp-content\\\/uploads\\\/sites\\\/9\\\/2023\\\/05\\\/logo-black.gif\",\"width\":71,\"height\":64,\"caption\":\"Europe Czech\"},\"image\":{\"@id\":\"https:\\\/\\\/www.alcoawheels.com\\\/europe\\\/cs\\\/#\\\/schema\\\/logo\\\/image\\\/\"}}]}<\/script>\n<!-- \/ Yoast SEO Premium plugin. -->","yoast_head_json":{"title":"Sledov\u00e1n\u00ed stavu registra\u010dn\u00edho formul\u00e1\u0159e disku - Europe Czech","robots":{"index":"index","follow":"follow","max-snippet":"max-snippet:-1","max-image-preview":"max-image-preview:large","max-video-preview":"max-video-preview:-1"},"canonical":"https:\/\/www.alcoawheels.com\/europe\/cs\/sledovani-stavu-registracniho-formulare-disku\/","og_locale":"en_US","og_type":"article","og_title":"Sledov\u00e1n\u00ed stavu registra\u010dn\u00edho formul\u00e1\u0159e disku","og_description":"Pot\u0159ebujete odeslat dal\u0161\u00ed registra\u010dn\u00ed formul\u00e1\u0159 disku? Klikn\u011bte pros\u00edm zde. Pokud m\u00e1te n\u011bjak\u00e9 pot\u00ed\u017ee nebo dotazy, nav\u0161tivte str\u00e1nku Z\u00e1kaznick\u00e1 podpora a\/nebo na\u0161i sekci \u010casto kladen\u00e9 dotazy.","og_url":"https:\/\/www.alcoawheels.com\/europe\/cs\/sledovani-stavu-registracniho-formulare-disku\/","og_site_name":"Europe Czech","article_modified_time":"2025-02-07T13:45:43+00:00","og_image":[{"url":"https:\/\/www.alcoawheels.com\/europe\/en\/wp-content\/uploads\/sites\/8\/2023\/06\/fsc-intro-banner.jpg","type":"","width":"","height":""}],"twitter_card":"summary_large_image","twitter_misc":{"Est. reading time":"1 minute"},"schema":{"@context":"https:\/\/schema.org","@graph":[{"@type":"WebPage","@id":"https:\/\/www.alcoawheels.com\/europe\/cs\/sledovani-stavu-registracniho-formulare-disku\/","url":"https:\/\/www.alcoawheels.com\/europe\/cs\/sledovani-stavu-registracniho-formulare-disku\/","name":"Sledov\u00e1n\u00ed stavu registra\u010dn\u00edho formul\u00e1\u0159e disku - Europe Czech","isPartOf":{"@id":"https:\/\/www.alcoawheels.com\/europe\/cs\/#website"},"primaryImageOfPage":{"@id":"https:\/\/www.alcoawheels.com\/europe\/cs\/sledovani-stavu-registracniho-formulare-disku\/#primaryimage"},"image":{"@id":"https:\/\/www.alcoawheels.com\/europe\/cs\/sledovani-stavu-registracniho-formulare-disku\/#primaryimage"},"thumbnailUrl":"https:\/\/www.alcoawheels.com\/europe\/en\/wp-content\/uploads\/sites\/8\/2023\/06\/fsc-intro-banner.jpg","datePublished":"2024-09-17T12:28:06+00:00","dateModified":"2025-02-07T13:45:43+00:00","breadcrumb":{"@id":"https:\/\/www.alcoawheels.com\/europe\/cs\/sledovani-stavu-registracniho-formulare-disku\/#breadcrumb"},"inLanguage":"en-US","potentialAction":[{"@type":"ReadAction","target":["https:\/\/www.alcoawheels.com\/europe\/cs\/sledovani-stavu-registracniho-formulare-disku\/"]}]},{"@type":"ImageObject","inLanguage":"en-US","@id":"https:\/\/www.alcoawheels.com\/europe\/cs\/sledovani-stavu-registracniho-formulare-disku\/#primaryimage","url":"https:\/\/www.alcoawheels.com\/europe\/en\/wp-content\/uploads\/sites\/8\/2023\/06\/fsc-intro-banner.jpg","contentUrl":"https:\/\/www.alcoawheels.com\/europe\/en\/wp-content\/uploads\/sites\/8\/2023\/06\/fsc-intro-banner.jpg"},{"@type":"BreadcrumbList","@id":"https:\/\/www.alcoawheels.com\/europe\/cs\/sledovani-stavu-registracniho-formulare-disku\/#breadcrumb","itemListElement":[{"@type":"ListItem","position":1,"name":"Home","item":"https:\/\/www.alcoawheels.com\/europe\/cs\/"},{"@type":"ListItem","position":2,"name":"Sledov\u00e1n\u00ed stavu registra\u010dn\u00edho formul\u00e1\u0159e disku"}]},{"@type":"WebSite","@id":"https:\/\/www.alcoawheels.com\/europe\/cs\/#website","url":"https:\/\/www.alcoawheels.com\/europe\/cs\/","name":"Europe Czech","description":"","publisher":{"@id":"https:\/\/www.alcoawheels.com\/europe\/cs\/#organization"},"potentialAction":[{"@type":"SearchAction","target":{"@type":"EntryPoint","urlTemplate":"https:\/\/www.alcoawheels.com\/europe\/cs\/?s={search_term_string}"},"query-input":{"@type":"PropertyValueSpecification","valueRequired":true,"valueName":"search_term_string"}}],"inLanguage":"en-US"},{"@type":"Organization","@id":"https:\/\/www.alcoawheels.com\/europe\/cs\/#organization","name":"Europe Czech","url":"https:\/\/www.alcoawheels.com\/europe\/cs\/","logo":{"@type":"ImageObject","inLanguage":"en-US","@id":"https:\/\/www.alcoawheels.com\/europe\/cs\/#\/schema\/logo\/image\/","url":"https:\/\/www.alcoawheels.com\/europe\/cs\/wp-content\/uploads\/sites\/9\/2023\/05\/logo-black.gif","contentUrl":"https:\/\/www.alcoawheels.com\/europe\/cs\/wp-content\/uploads\/sites\/9\/2023\/05\/logo-black.gif","width":71,"height":64,"caption":"Europe Czech"},"image":{"@id":"https:\/\/www.alcoawheels.com\/europe\/cs\/#\/schema\/logo\/image\/"}}]}},"parsely":{"version":"1.1.0","canonical_url":"https:\/\/alcoawheels.com\/europe\/cs\/sledovani-stavu-registracniho-formulare-disku\/","smart_links":{"inbound":0,"outbound":0},"traffic_boost_suggestions_count":0,"meta":{"@context":"https:\/\/schema.org","@type":"WebPage","headline":"Sledov\u00e1n\u00ed stavu registra\u010dn\u00edho formul\u00e1\u0159e disku","url":"http:\/\/www.alcoawheels.com\/europe\/cs\/sledovani-stavu-registracniho-formulare-disku\/","mainEntityOfPage":{"@type":"WebPage","@id":"http:\/\/www.alcoawheels.com\/europe\/cs\/sledovani-stavu-registracniho-formulare-disku\/"},"thumbnailUrl":"","image":{"@type":"ImageObject","url":""},"articleSection":"Uncategorized","author":[{"@type":"Person","name":"riccirm"}],"creator":["riccirm"],"publisher":{"@type":"Organization","name":"Europe Czech","logo":""},"keywords":[],"dateCreated":"2024-09-17T12:28:06Z","datePublished":"2024-09-17T12:28:06Z","dateModified":"2025-02-07T13:45:43Z"},"rendered":"<script type=\"application\/ld+json\" class=\"wp-parsely-metadata\">{\"@context\":\"https:\\\/\\\/schema.org\",\"@type\":\"WebPage\",\"headline\":\"Sledov\\u00e1n\\u00ed stavu registra\\u010dn\\u00edho formul\\u00e1\\u0159e disku\",\"url\":\"http:\\\/\\\/www.alcoawheels.com\\\/europe\\\/cs\\\/sledovani-stavu-registracniho-formulare-disku\\\/\",\"mainEntityOfPage\":{\"@type\":\"WebPage\",\"@id\":\"http:\\\/\\\/www.alcoawheels.com\\\/europe\\\/cs\\\/sledovani-stavu-registracniho-formulare-disku\\\/\"},\"thumbnailUrl\":\"\",\"image\":{\"@type\":\"ImageObject\",\"url\":\"\"},\"articleSection\":\"Uncategorized\",\"author\":[{\"@type\":\"Person\",\"name\":\"riccirm\"}],\"creator\":[\"riccirm\"],\"publisher\":{\"@type\":\"Organization\",\"name\":\"Europe Czech\",\"logo\":\"\"},\"keywords\":[],\"dateCreated\":\"2024-09-17T12:28:06Z\",\"datePublished\":\"2024-09-17T12:28:06Z\",\"dateModified\":\"2025-02-07T13:45:43Z\"}<\/script>","tracker_url":"https:\/\/cdn.parsely.com\/keys\/alcoawheels.com\/p.js"},"jetpack_sharing_enabled":true,"_links":{"self":[{"href":"https:\/\/www.alcoawheels.com\/europe\/cs\/wp-json\/wp\/v2\/pages\/3719","targetHints":{"allow":["GET"]}}],"collection":[{"href":"https:\/\/www.alcoawheels.com\/europe\/cs\/wp-json\/wp\/v2\/pages"}],"about":[{"href":"https:\/\/www.alcoawheels.com\/europe\/cs\/wp-json\/wp\/v2\/types\/page"}],"author":[{"embeddable":true,"href":"https:\/\/www.alcoawheels.com\/europe\/cs\/wp-json\/wp\/v2\/users\/62"}],"replies":[{"embeddable":true,"href":"https:\/\/www.alcoawheels.com\/europe\/cs\/wp-json\/wp\/v2\/comments?post=3719"}],"version-history":[{"count":12,"href":"https:\/\/www.alcoawheels.com\/europe\/cs\/wp-json\/wp\/v2\/pages\/3719\/revisions"}],"predecessor-version":[{"id":3776,"href":"https:\/\/www.alcoawheels.com\/europe\/cs\/wp-json\/wp\/v2\/pages\/3719\/revisions\/3776"}],"wp:attachment":[{"href":"https:\/\/www.alcoawheels.com\/europe\/cs\/wp-json\/wp\/v2\/media?parent=3719"}],"curies":[{"name":"wp","href":"https:\/\/api.w.org\/{rel}","templated":true}]}}