{"id":39,"date":"2023-05-25T08:59:26","date_gmt":"2023-05-25T08:59:26","guid":{"rendered":"https:\/\/www.alcoawheels.com\/europe\/cs\/?page_id=39"},"modified":"2026-01-12T13:41:12","modified_gmt":"2026-01-12T12:41:12","slug":"zakaznicka-podpora-uvod","status":"publish","type":"page","link":"https:\/\/www.alcoawheels.com\/europe\/cs\/zakaznicka-podpora-uvod\/","title":{"rendered":"Z\u00e1kaznick\u00e1 podpora"},"content":{"rendered":"\n<div class=\"wp-block-alcoa-wheels-hero-banner-innerpage hero-banner with-image layout-2 overlayEnable align- vertical-align-\" style=\"background-color:#eee\"><img decoding=\"async\" src=\"https:\/\/www.alcoawheels.com\/europe\/cs\/wp-content\/uploads\/sites\/9\/2023\/06\/fsc-intro-banner.jpg\" alt=\"Fleet Service Center for Alcoa Wheels\" class=\"responsiveImage\"\/><div class=\"hero-banner__header\" style=\"text-align:center\"><div class=\"container\"><h1 class=\"hero-banner__header--title\">Servisn\u00ed podpora<\/h1><\/div><\/div><\/div>\n\n\n\n<div style=\"height:25px\" aria-hidden=\"true\" class=\"wp-block-spacer spacer-fifty\"><\/div>\n\n\n\n<div class=\"wp-block-buttons is-layout-flex wp-block-buttons-is-layout-flex\">\n<div class=\"wp-block-button is-style-fill\"><a class=\"wp-block-button__link has-white-color has-text-color has-background has-link-color wp-element-button\" href=\"https:\/\/www.alcoawheels.com\/europe\/cs\/sledovani-stavu-registracniho-formulare-disku\/\" style=\"border-radius:0px;background-color:#00afba\">Sledov\u00e1n\u00ed stavu registra\u010dn\u00edho formul\u00e1\u0159e disku<\/a><\/div>\n<\/div>\n\n\n\n<div style=\"height:35px\" aria-hidden=\"true\" class=\"wp-block-spacer\"><\/div>\n\n\n\n\n\n<p>Centrum servisn\u00ed podpory m\u016f\u017ee b\u00fdt kontaktov\u00e1no pro:<\/p>\n\n\n\n<div class=\"wp-block-alcoa-wheels-lists alcoa-wheels-lists-block\"><div class=\"list-wrapper\"><ol style=\"list-style-type:none\">\n<div class=\"wp-block-alcoa-wheels-list-items inner-list-item-wrapper  with-icon list-item-wrapper\"><img decoding=\"async\" src=\"https:\/\/www.alcoawheels.com\/europe\/cs\/wp-content\/uploads\/sites\/9\/2023\/05\/wheel-bullet.jpg\" class=\"image-icon\" alt=\"https:\/\/www.alcoawheels.com\/europe\/cs\/wp-content\/uploads\/sites\/9\/2023\/05\/wheel-bullet.jpg\"\/><li class=\"inner-list-item  with-icon\"><span>technickou a\u00a0poprodejn\u00ed podporu<\/span><\/li><\/div>\n\n\n\n<div class=\"wp-block-alcoa-wheels-list-items inner-list-item-wrapper  with-icon list-item-wrapper\"><img decoding=\"async\" src=\"https:\/\/www.alcoawheels.com\/europe\/cs\/wp-content\/uploads\/sites\/9\/2023\/05\/wheel-bullet.jpg\" class=\"image-icon\" alt=\"https:\/\/www.alcoawheels.com\/europe\/cs\/wp-content\/uploads\/sites\/9\/2023\/05\/wheel-bullet.jpg\"\/><li class=\"inner-list-item  with-icon\"><span>\u00fadr\u017ebu a\u00a0\u010dist\u011bn\u00ed kol Alcoa<\/span><\/li><\/div>\n\n\n\n<div class=\"wp-block-alcoa-wheels-list-items inner-list-item-wrapper  with-icon list-item-wrapper\"><img decoding=\"async\" src=\"https:\/\/www.alcoawheels.com\/europe\/cs\/wp-content\/uploads\/sites\/9\/2023\/05\/wheel-bullet.jpg\" class=\"image-icon\" alt=\"https:\/\/www.alcoawheels.com\/europe\/cs\/wp-content\/uploads\/sites\/9\/2023\/05\/wheel-bullet.jpg\"\/><li class=\"inner-list-item  with-icon\"><span>informace o\u00a0produktech a\u00a0p\u0159\u00edslu\u0161enstv\u00ed pro kola Alcoa<\/span><\/li><\/div>\n<\/ol><\/div><\/div>\n\n\n\n<p>Kola, kter\u00e1 je nutn\u00e9 znovu prozkoumat nebo byla vy\u0159azena z&nbsp;provozu, lze nahl\u00e1sit centru servisn\u00ed podpory&nbsp;<a href=\"\/europe\/cs\/zakaznicka-podpora\">registra\u010dn\u00edm formul\u00e1\u0159em kola<\/a>.<\/p>\n\n\n\n<div class=\"wp-block-alcoa-wheels-message alert-warning-group\"><p>Nav&scaron;tivte pros&iacute;m <a href=\"..\/casto-kladene-otazky\/\">FAQ<\/a> pro podrobn&eacute; informace o na&scaron;em z&aacute;ru\u010dn&iacute;m procesu.<\/p><\/div>\n\n\n\n<p>Toto centrum \u0159e\u0161\u00ed reklamace z&nbsp;n\u00e1sleduj\u00edc\u00edch zem\u00ed: Rakousko, Belgie, Chorvatsko, \u010cesk\u00e1 republika, D\u00e1nsko, Finsko, Francie, N\u011bmecko, \u0158ecko, Ma\u010farsko, Irsko, It\u00e1lie, Lucembursko, Nizozemsko, Norsko, Polsko, Portugalsko, Rumunsko, Slovensko, Slovinsko, \u0160pan\u011blsko, \u0160v\u00e9dsko, \u0160v\u00fdcarsko, Turecko a&nbsp;Spojen\u00e9 kr\u00e1lovstv\u00ed.<\/p>\n\n\n\n<p>Technick\u00e9 informace si m\u016f\u017eete st\u00e1hnout&nbsp;<a href=\"\/europe\/cs\/produktova-literatura\">zde<\/a>.<br>Kliknut\u00edm&nbsp;<a href=\"\/europe\/cs\/wp-content\/uploads\/sites\/9\/2023\/05\/Alcoa-Wheels-Limited-warranty-CS.pdf\">sem<\/a><a href=\"https:\/\/www.alcoawheels.com\/alcoawheels\/europe\/cs\/pdf\/Alcoa-Wheels-Limited-warranty-CS.pdf\">&nbsp;<\/a>zobraz\u00edte omezenou z\u00e1ruku na kole\u010dka Alcoa<sup>\u00ae&nbsp;<\/sup>Wheels.<\/p>\n\n\n\n<p>Contact the Howmet Aerospace Fleet Service Center:&nbsp;<img loading=\"lazy\" decoding=\"async\" width=\"12\" height=\"12\" class=\"wp-image-176\" style=\"width: 12px;\" src=\"https:\/\/www.alcoawheels.com\/europe\/cs\/wp-content\/uploads\/sites\/9\/2023\/05\/phone-icon.4e773c4f.png\" alt=\"\"> <a href=\"tel:0036-2253-1841\">0036 2253 1841<\/a><\/p>\n\n\n\n<p>Pokud nen\u00ed va\u0161e zem\u011b uvedena v&nbsp;seznamu, obra\u0165te se na centrum technick\u00e9 podpory:&nbsp;<a href=\"mailto:fleet@howmet.com\">fleet@howmet.com<\/a><\/p>\n\n\n\n<div class=\"wp-block-alcoa-wheels-card-usecase-1 card-box-v1__body with-icon align-center vertical-align-center\" id=\"card_box_v1-845e11aa-b7b7-4613-abf7-653636602357\"><div class=\"fullwidthcontainer\"><div class=\"card-box-v1__boxes has-4-columns\"><div class=\"card-box-v1__box  with-link \" style=\"background-color:#00afb9\"><img decoding=\"async\" src=\"https:\/\/www.alcoawheels.com\/europe\/cs\/wp-content\/themes\/alcoa-wheels\/assets\/build\/js\/blocks\/card-usecase-1\/..\/..\/..\/images\/placeholder-image.db2b4d5c.jpeg\" alt=\"Kontakt\"\/><div class=\"card-box-v1__box__inner pos-abs\"><div class=\"card-box-v1__box_icon\"><img loading=\"lazy\" decoding=\"async\" width=\"171\" height=\"171\" src=\"https:\/\/www.alcoawheels.com\/europe\/cs\/wp-content\/uploads\/sites\/9\/2023\/06\/contact.png\" alt=\"\"\/><\/div><div class=\"card-box-v1__box_content\"><h4 style=\"color:#ffffff\">Kontakt<\/h4><\/div><div class=\"btn-wrap\"><\/div><\/div><a href=\"\/europe\/cs\/kontakt\" aria-label=\"Kontakt\"><\/a><\/div><div class=\"card-box-v1__box  with-link \" style=\"background-color:#34bfc7\"><img decoding=\"async\" src=\"https:\/\/www.alcoawheels.com\/europe\/cs\/wp-content\/themes\/alcoa-wheels\/assets\/build\/js\/blocks\/card-usecase-1\/..\/..\/..\/images\/placeholder-image.db2b4d5c.jpeg\" alt=\"Sortiment disk\u016f\"\/><div class=\"card-box-v1__box__inner pos-abs\"><div class=\"card-box-v1__box_icon\"><img loading=\"lazy\" decoding=\"async\" width=\"169\" height=\"169\" src=\"https:\/\/www.alcoawheels.com\/europe\/cs\/wp-content\/uploads\/sites\/9\/2023\/06\/product-search.png\" alt=\"\"\/><\/div><div class=\"card-box-v1__box_content\"><h4 style=\"color:#ffffff\">Sortiment disk\u016f<\/h4><\/div><div class=\"btn-wrap\"><\/div><\/div><a href=\"\/europe\/cs\/sortiment-disku\" aria-label=\"Sortiment disk\u016f\"><\/a><\/div><div class=\"card-box-v1__box  with-link \" style=\"background-color:#00afb9\"><img decoding=\"async\" src=\"https:\/\/www.alcoawheels.com\/europe\/cs\/wp-content\/themes\/alcoa-wheels\/assets\/build\/js\/blocks\/card-usecase-1\/..\/..\/..\/images\/placeholder-image.db2b4d5c.jpeg\" alt=\"Kde lze zakoupit\"\/><div class=\"card-box-v1__box__inner pos-abs\"><div class=\"card-box-v1__box_icon\"><img loading=\"lazy\" decoding=\"async\" width=\"169\" height=\"169\" src=\"https:\/\/www.alcoawheels.com\/europe\/cs\/wp-content\/uploads\/sites\/9\/2023\/06\/where-to-buy.png\" alt=\"\"\/><\/div><div class=\"card-box-v1__box_content\"><h4 style=\"color:#ffffff\">Kde lze zakoupit<\/h4><\/div><div class=\"btn-wrap\"><\/div><\/div><a href=\"\/europe\/cs\/kde-lze-zakoupit\" aria-label=\"Kde lze zakoupit\"><\/a><\/div><div class=\"card-box-v1__box  with-link \" style=\"background-color:#34bfc7\"><img decoding=\"async\" src=\"https:\/\/www.alcoawheels.com\/europe\/cs\/wp-content\/themes\/alcoa-wheels\/assets\/build\/js\/blocks\/card-usecase-1\/..\/..\/..\/images\/placeholder-image.db2b4d5c.jpeg\" alt=\"Produktov\u00e1 Literatura\"\/><div class=\"card-box-v1__box__inner pos-abs\"><div class=\"card-box-v1__box_icon\"><img loading=\"lazy\" decoding=\"async\" width=\"169\" height=\"169\" src=\"https:\/\/www.alcoawheels.com\/europe\/cs\/wp-content\/uploads\/sites\/9\/2023\/06\/product-literature.png\" alt=\"\"\/><\/div><div class=\"card-box-v1__box_content\"><h4 style=\"color:#ffffff\">Produktov\u00e1 Literatura<\/h4><\/div><div class=\"btn-wrap\"><\/div><\/div><a href=\"\/europe\/cs\/produktova-literatura\" aria-label=\"Produktov\u00e1 Literatura\"><\/a><\/div><\/div><\/div><\/div>\n","protected":false},"excerpt":{"rendered":"<p>Centrum servisn\u00ed podpory m\u016f\u017ee b\u00fdt kontaktov\u00e1no pro: Kola, kter\u00e1 je nutn\u00e9 znovu prozkoumat nebo byla vy\u0159azena z&nbsp;provozu, lze nahl\u00e1sit centru servisn\u00ed podpory&nbsp;registra\u010dn\u00edm formul\u00e1\u0159em kola. Toto centrum \u0159e\u0161\u00ed reklamace z&nbsp;n\u00e1sleduj\u00edc\u00edch zem\u00ed: Rakousko, Belgie, Chorvatsko, \u010cesk\u00e1 republika, D\u00e1nsko, Finsko, Francie, N\u011bmecko, \u0158ecko, Ma\u010farsko, Irsko, It\u00e1lie, Lucembursko, Nizozemsko, Norsko, Polsko, Portugalsko, Rumunsko, Slovensko, Slovinsko, \u0160pan\u011blsko, \u0160v\u00e9dsko, \u0160v\u00fdcarsko, Turecko [&hellip;]<\/p>\n","protected":false},"author":44,"featured_media":0,"parent":0,"menu_order":0,"comment_status":"closed","ping_status":"closed","template":"","meta":{"_acf_changed":false,"protected_reviewer_email":"","editor_notices":[],"footnotes":""},"class_list":["post-39","page","type-page","status-publish","hentry"],"acf":[],"yoast_head":"<!-- This site is optimized with the Yoast SEO Premium plugin v27.3 (Yoast SEO v27.3) - https:\/\/yoast.com\/product\/yoast-seo-premium-wordpress\/ -->\n<title>Alcoa Wheels | Technick\u00e9 informace | Z\u00e1kaznick\u00e1 podpora | Obecn\u00e9 informace<\/title>\n<meta name=\"robots\" content=\"index, follow, max-snippet:-1, max-image-preview:large, max-video-preview:-1\" \/>\n<link rel=\"canonical\" href=\"https:\/\/www.alcoawheels.com\/europe\/cs\/zakaznicka-podpora-uvod\/\" \/>\n<meta property=\"og:locale\" content=\"en_US\" \/>\n<meta property=\"og:type\" content=\"article\" \/>\n<meta property=\"og:title\" content=\"Z\u00e1kaznick\u00e1 podpora\" \/>\n<meta property=\"og:description\" content=\"Centrum servisn\u00ed podpory m\u016f\u017ee b\u00fdt kontaktov\u00e1no pro: Kola, kter\u00e1 je nutn\u00e9 znovu prozkoumat nebo byla vy\u0159azena z&nbsp;provozu, lze nahl\u00e1sit centru servisn\u00ed podpory&nbsp;registra\u010dn\u00edm formul\u00e1\u0159em kola. Toto centrum \u0159e\u0161\u00ed reklamace z&nbsp;n\u00e1sleduj\u00edc\u00edch zem\u00ed: Rakousko, Belgie, Chorvatsko, \u010cesk\u00e1 republika, D\u00e1nsko, Finsko, Francie, N\u011bmecko, \u0158ecko, Ma\u010farsko, Irsko, It\u00e1lie, Lucembursko, Nizozemsko, Norsko, Polsko, Portugalsko, Rumunsko, Slovensko, Slovinsko, \u0160pan\u011blsko, \u0160v\u00e9dsko, \u0160v\u00fdcarsko, Turecko [&hellip;]\" \/>\n<meta property=\"og:url\" content=\"https:\/\/www.alcoawheels.com\/europe\/cs\/zakaznicka-podpora-uvod\/\" \/>\n<meta property=\"og:site_name\" content=\"Europe Czech\" \/>\n<meta property=\"article:modified_time\" content=\"2026-01-12T12:41:12+00:00\" \/>\n<meta property=\"og:image\" content=\"https:\/\/www.alcoawheels.com\/europe\/cs\/wp-content\/uploads\/sites\/9\/2023\/06\/fsc-intro-banner.jpg\" \/>\n<meta name=\"twitter:card\" content=\"summary_large_image\" \/>\n<meta name=\"twitter:label1\" content=\"Est. reading time\" \/>\n\t<meta name=\"twitter:data1\" content=\"4 minutes\" \/>\n<script type=\"application\/ld+json\" class=\"yoast-schema-graph\">{\"@context\":\"https:\\\/\\\/schema.org\",\"@graph\":[{\"@type\":\"WebPage\",\"@id\":\"https:\\\/\\\/www.alcoawheels.com\\\/europe\\\/cs\\\/zakaznicka-podpora-uvod\\\/\",\"url\":\"https:\\\/\\\/www.alcoawheels.com\\\/europe\\\/cs\\\/zakaznicka-podpora-uvod\\\/\",\"name\":\"Alcoa Wheels | Technick\u00e9 informace | Z\u00e1kaznick\u00e1 podpora | Obecn\u00e9 informace\",\"isPartOf\":{\"@id\":\"https:\\\/\\\/www.alcoawheels.com\\\/europe\\\/cs\\\/#website\"},\"primaryImageOfPage\":{\"@id\":\"https:\\\/\\\/www.alcoawheels.com\\\/europe\\\/cs\\\/zakaznicka-podpora-uvod\\\/#primaryimage\"},\"image\":{\"@id\":\"https:\\\/\\\/www.alcoawheels.com\\\/europe\\\/cs\\\/zakaznicka-podpora-uvod\\\/#primaryimage\"},\"thumbnailUrl\":\"https:\\\/\\\/www.alcoawheels.com\\\/europe\\\/cs\\\/wp-content\\\/uploads\\\/sites\\\/9\\\/2023\\\/06\\\/fsc-intro-banner.jpg\",\"datePublished\":\"2023-05-25T08:59:26+00:00\",\"dateModified\":\"2026-01-12T12:41:12+00:00\",\"breadcrumb\":{\"@id\":\"https:\\\/\\\/www.alcoawheels.com\\\/europe\\\/cs\\\/zakaznicka-podpora-uvod\\\/#breadcrumb\"},\"inLanguage\":\"en-US\",\"potentialAction\":[{\"@type\":\"ReadAction\",\"target\":[\"https:\\\/\\\/www.alcoawheels.com\\\/europe\\\/cs\\\/zakaznicka-podpora-uvod\\\/\"]}]},{\"@type\":\"ImageObject\",\"inLanguage\":\"en-US\",\"@id\":\"https:\\\/\\\/www.alcoawheels.com\\\/europe\\\/cs\\\/zakaznicka-podpora-uvod\\\/#primaryimage\",\"url\":\"https:\\\/\\\/www.alcoawheels.com\\\/europe\\\/cs\\\/wp-content\\\/uploads\\\/sites\\\/9\\\/2023\\\/06\\\/fsc-intro-banner.jpg\",\"contentUrl\":\"https:\\\/\\\/www.alcoawheels.com\\\/europe\\\/cs\\\/wp-content\\\/uploads\\\/sites\\\/9\\\/2023\\\/06\\\/fsc-intro-banner.jpg\",\"width\":1119,\"height\":280,\"caption\":\"Fleet Service Center for Alcoa Wheels\"},{\"@type\":\"BreadcrumbList\",\"@id\":\"https:\\\/\\\/www.alcoawheels.com\\\/europe\\\/cs\\\/zakaznicka-podpora-uvod\\\/#breadcrumb\",\"itemListElement\":[{\"@type\":\"ListItem\",\"position\":1,\"name\":\"Home\",\"item\":\"https:\\\/\\\/www.alcoawheels.com\\\/europe\\\/cs\\\/\"},{\"@type\":\"ListItem\",\"position\":2,\"name\":\"Z\u00e1kaznick\u00e1 podpora\"}]},{\"@type\":\"WebSite\",\"@id\":\"https:\\\/\\\/www.alcoawheels.com\\\/europe\\\/cs\\\/#website\",\"url\":\"https:\\\/\\\/www.alcoawheels.com\\\/europe\\\/cs\\\/\",\"name\":\"Europe Czech\",\"description\":\"\",\"publisher\":{\"@id\":\"https:\\\/\\\/www.alcoawheels.com\\\/europe\\\/cs\\\/#organization\"},\"potentialAction\":[{\"@type\":\"SearchAction\",\"target\":{\"@type\":\"EntryPoint\",\"urlTemplate\":\"https:\\\/\\\/www.alcoawheels.com\\\/europe\\\/cs\\\/?s={search_term_string}\"},\"query-input\":{\"@type\":\"PropertyValueSpecification\",\"valueRequired\":true,\"valueName\":\"search_term_string\"}}],\"inLanguage\":\"en-US\"},{\"@type\":\"Organization\",\"@id\":\"https:\\\/\\\/www.alcoawheels.com\\\/europe\\\/cs\\\/#organization\",\"name\":\"Europe Czech\",\"url\":\"https:\\\/\\\/www.alcoawheels.com\\\/europe\\\/cs\\\/\",\"logo\":{\"@type\":\"ImageObject\",\"inLanguage\":\"en-US\",\"@id\":\"https:\\\/\\\/www.alcoawheels.com\\\/europe\\\/cs\\\/#\\\/schema\\\/logo\\\/image\\\/\",\"url\":\"https:\\\/\\\/www.alcoawheels.com\\\/europe\\\/cs\\\/wp-content\\\/uploads\\\/sites\\\/9\\\/2023\\\/05\\\/logo-black.gif\",\"contentUrl\":\"https:\\\/\\\/www.alcoawheels.com\\\/europe\\\/cs\\\/wp-content\\\/uploads\\\/sites\\\/9\\\/2023\\\/05\\\/logo-black.gif\",\"width\":71,\"height\":64,\"caption\":\"Europe Czech\"},\"image\":{\"@id\":\"https:\\\/\\\/www.alcoawheels.com\\\/europe\\\/cs\\\/#\\\/schema\\\/logo\\\/image\\\/\"}}]}<\/script>\n<!-- \/ Yoast SEO Premium plugin. -->","yoast_head_json":{"title":"Alcoa Wheels | Technick\u00e9 informace | Z\u00e1kaznick\u00e1 podpora | Obecn\u00e9 informace","robots":{"index":"index","follow":"follow","max-snippet":"max-snippet:-1","max-image-preview":"max-image-preview:large","max-video-preview":"max-video-preview:-1"},"canonical":"https:\/\/www.alcoawheels.com\/europe\/cs\/zakaznicka-podpora-uvod\/","og_locale":"en_US","og_type":"article","og_title":"Z\u00e1kaznick\u00e1 podpora","og_description":"Centrum servisn\u00ed podpory m\u016f\u017ee b\u00fdt kontaktov\u00e1no pro: Kola, kter\u00e1 je nutn\u00e9 znovu prozkoumat nebo byla vy\u0159azena z&nbsp;provozu, lze nahl\u00e1sit centru servisn\u00ed podpory&nbsp;registra\u010dn\u00edm formul\u00e1\u0159em kola. Toto centrum \u0159e\u0161\u00ed reklamace z&nbsp;n\u00e1sleduj\u00edc\u00edch zem\u00ed: Rakousko, Belgie, Chorvatsko, \u010cesk\u00e1 republika, D\u00e1nsko, Finsko, Francie, N\u011bmecko, \u0158ecko, Ma\u010farsko, Irsko, It\u00e1lie, Lucembursko, Nizozemsko, Norsko, Polsko, Portugalsko, Rumunsko, Slovensko, Slovinsko, \u0160pan\u011blsko, \u0160v\u00e9dsko, \u0160v\u00fdcarsko, Turecko [&hellip;]","og_url":"https:\/\/www.alcoawheels.com\/europe\/cs\/zakaznicka-podpora-uvod\/","og_site_name":"Europe Czech","article_modified_time":"2026-01-12T12:41:12+00:00","og_image":[{"url":"https:\/\/www.alcoawheels.com\/europe\/cs\/wp-content\/uploads\/sites\/9\/2023\/06\/fsc-intro-banner.jpg","type":"","width":"","height":""}],"twitter_card":"summary_large_image","twitter_misc":{"Est. reading time":"4 minutes"},"schema":{"@context":"https:\/\/schema.org","@graph":[{"@type":"WebPage","@id":"https:\/\/www.alcoawheels.com\/europe\/cs\/zakaznicka-podpora-uvod\/","url":"https:\/\/www.alcoawheels.com\/europe\/cs\/zakaznicka-podpora-uvod\/","name":"Alcoa Wheels | Technick\u00e9 informace | Z\u00e1kaznick\u00e1 podpora | Obecn\u00e9 informace","isPartOf":{"@id":"https:\/\/www.alcoawheels.com\/europe\/cs\/#website"},"primaryImageOfPage":{"@id":"https:\/\/www.alcoawheels.com\/europe\/cs\/zakaznicka-podpora-uvod\/#primaryimage"},"image":{"@id":"https:\/\/www.alcoawheels.com\/europe\/cs\/zakaznicka-podpora-uvod\/#primaryimage"},"thumbnailUrl":"https:\/\/www.alcoawheels.com\/europe\/cs\/wp-content\/uploads\/sites\/9\/2023\/06\/fsc-intro-banner.jpg","datePublished":"2023-05-25T08:59:26+00:00","dateModified":"2026-01-12T12:41:12+00:00","breadcrumb":{"@id":"https:\/\/www.alcoawheels.com\/europe\/cs\/zakaznicka-podpora-uvod\/#breadcrumb"},"inLanguage":"en-US","potentialAction":[{"@type":"ReadAction","target":["https:\/\/www.alcoawheels.com\/europe\/cs\/zakaznicka-podpora-uvod\/"]}]},{"@type":"ImageObject","inLanguage":"en-US","@id":"https:\/\/www.alcoawheels.com\/europe\/cs\/zakaznicka-podpora-uvod\/#primaryimage","url":"https:\/\/www.alcoawheels.com\/europe\/cs\/wp-content\/uploads\/sites\/9\/2023\/06\/fsc-intro-banner.jpg","contentUrl":"https:\/\/www.alcoawheels.com\/europe\/cs\/wp-content\/uploads\/sites\/9\/2023\/06\/fsc-intro-banner.jpg","width":1119,"height":280,"caption":"Fleet Service Center for Alcoa Wheels"},{"@type":"BreadcrumbList","@id":"https:\/\/www.alcoawheels.com\/europe\/cs\/zakaznicka-podpora-uvod\/#breadcrumb","itemListElement":[{"@type":"ListItem","position":1,"name":"Home","item":"https:\/\/www.alcoawheels.com\/europe\/cs\/"},{"@type":"ListItem","position":2,"name":"Z\u00e1kaznick\u00e1 podpora"}]},{"@type":"WebSite","@id":"https:\/\/www.alcoawheels.com\/europe\/cs\/#website","url":"https:\/\/www.alcoawheels.com\/europe\/cs\/","name":"Europe Czech","description":"","publisher":{"@id":"https:\/\/www.alcoawheels.com\/europe\/cs\/#organization"},"potentialAction":[{"@type":"SearchAction","target":{"@type":"EntryPoint","urlTemplate":"https:\/\/www.alcoawheels.com\/europe\/cs\/?s={search_term_string}"},"query-input":{"@type":"PropertyValueSpecification","valueRequired":true,"valueName":"search_term_string"}}],"inLanguage":"en-US"},{"@type":"Organization","@id":"https:\/\/www.alcoawheels.com\/europe\/cs\/#organization","name":"Europe Czech","url":"https:\/\/www.alcoawheels.com\/europe\/cs\/","logo":{"@type":"ImageObject","inLanguage":"en-US","@id":"https:\/\/www.alcoawheels.com\/europe\/cs\/#\/schema\/logo\/image\/","url":"https:\/\/www.alcoawheels.com\/europe\/cs\/wp-content\/uploads\/sites\/9\/2023\/05\/logo-black.gif","contentUrl":"https:\/\/www.alcoawheels.com\/europe\/cs\/wp-content\/uploads\/sites\/9\/2023\/05\/logo-black.gif","width":71,"height":64,"caption":"Europe Czech"},"image":{"@id":"https:\/\/www.alcoawheels.com\/europe\/cs\/#\/schema\/logo\/image\/"}}]}},"parsely":{"version":"1.1.0","canonical_url":"https:\/\/alcoawheels.com\/europe\/cs\/zakaznicka-podpora-uvod\/","smart_links":{"inbound":0,"outbound":0},"traffic_boost_suggestions_count":0,"meta":{"@context":"https:\/\/schema.org","@type":"WebPage","headline":"Z\u00e1kaznick\u00e1 podpora","url":"http:\/\/www.alcoawheels.com\/europe\/cs\/zakaznicka-podpora-uvod\/","mainEntityOfPage":{"@type":"WebPage","@id":"http:\/\/www.alcoawheels.com\/europe\/cs\/zakaznicka-podpora-uvod\/"},"thumbnailUrl":"","image":{"@type":"ImageObject","url":""},"articleSection":"Uncategorized","author":[{"@type":"Person","name":"howmet"}],"creator":["howmet"],"publisher":{"@type":"Organization","name":"Europe Czech","logo":""},"keywords":[],"dateCreated":"2023-05-25T08:59:26Z","datePublished":"2023-05-25T08:59:26Z","dateModified":"2026-01-12T12:41:12Z"},"rendered":"<script type=\"application\/ld+json\" class=\"wp-parsely-metadata\">{\"@context\":\"https:\\\/\\\/schema.org\",\"@type\":\"WebPage\",\"headline\":\"Z\\u00e1kaznick\\u00e1 podpora\",\"url\":\"http:\\\/\\\/www.alcoawheels.com\\\/europe\\\/cs\\\/zakaznicka-podpora-uvod\\\/\",\"mainEntityOfPage\":{\"@type\":\"WebPage\",\"@id\":\"http:\\\/\\\/www.alcoawheels.com\\\/europe\\\/cs\\\/zakaznicka-podpora-uvod\\\/\"},\"thumbnailUrl\":\"\",\"image\":{\"@type\":\"ImageObject\",\"url\":\"\"},\"articleSection\":\"Uncategorized\",\"author\":[{\"@type\":\"Person\",\"name\":\"howmet\"}],\"creator\":[\"howmet\"],\"publisher\":{\"@type\":\"Organization\",\"name\":\"Europe Czech\",\"logo\":\"\"},\"keywords\":[],\"dateCreated\":\"2023-05-25T08:59:26Z\",\"datePublished\":\"2023-05-25T08:59:26Z\",\"dateModified\":\"2026-01-12T12:41:12Z\"}<\/script>","tracker_url":"https:\/\/cdn.parsely.com\/keys\/alcoawheels.com\/p.js"},"jetpack_sharing_enabled":true,"_links":{"self":[{"href":"https:\/\/www.alcoawheels.com\/europe\/cs\/wp-json\/wp\/v2\/pages\/39","targetHints":{"allow":["GET"]}}],"collection":[{"href":"https:\/\/www.alcoawheels.com\/europe\/cs\/wp-json\/wp\/v2\/pages"}],"about":[{"href":"https:\/\/www.alcoawheels.com\/europe\/cs\/wp-json\/wp\/v2\/types\/page"}],"author":[{"embeddable":true,"href":"https:\/\/www.alcoawheels.com\/europe\/cs\/wp-json\/wp\/v2\/users\/44"}],"replies":[{"embeddable":true,"href":"https:\/\/www.alcoawheels.com\/europe\/cs\/wp-json\/wp\/v2\/comments?post=39"}],"version-history":[{"count":38,"href":"https:\/\/www.alcoawheels.com\/europe\/cs\/wp-json\/wp\/v2\/pages\/39\/revisions"}],"predecessor-version":[{"id":4004,"href":"https:\/\/www.alcoawheels.com\/europe\/cs\/wp-json\/wp\/v2\/pages\/39\/revisions\/4004"}],"wp:attachment":[{"href":"https:\/\/www.alcoawheels.com\/europe\/cs\/wp-json\/wp\/v2\/media?parent=39"}],"curies":[{"name":"wp","href":"https:\/\/api.w.org\/{rel}","templated":true}]}}