{"id":23,"date":"2023-05-25T10:01:57","date_gmt":"2023-05-25T10:01:57","guid":{"rendered":"https:\/\/www.alcoawheels.com\/europe\/da\/?page_id=23"},"modified":"2025-09-04T08:17:39","modified_gmt":"2025-09-04T06:17:39","slug":"finish","status":"publish","type":"page","link":"https:\/\/www.alcoawheels.com\/europe\/da\/finish\/","title":{"rendered":"Finish"},"content":{"rendered":"\n<div class=\"wp-block-alcoa-wheels-hero-banner-innerpage hero-banner with-image layout-2 overlayEnable align- vertical-align- align-center vertical-align-center\" style=\"background-color:#eee\"><img decoding=\"async\" src=\"https:\/\/www.alcoawheels.com\/europe\/da\/wp-content\/uploads\/sites\/10\/2023\/06\/finish-banner.jpg\" alt=\"Finish muligheder Aloca Wheels\" class=\"responsiveImage\"\/><div class=\"hero-banner__header\" style=\"text-align:center\"><div class=\"container\"><h1 class=\"hero-banner__header--title\">Finish-muligheder<\/h1><\/div><\/div><\/div>\n\n\n\n<div style=\"height:50px\" aria-hidden=\"true\" class=\"wp-block-spacer spacer-fifty\"><\/div>\n\n\n\n<h2 class=\"wp-block-heading has-text-align-center\" id=\"borstet\">B\u00f8rstet<\/h2>\n\n\n\n<div class=\"wp-block-alcoa-wheels-zigzag media-list__body\" id=\"zigzag-main-f974ec46-6cd0-44b2-a6e5-940f8aa235d4\"><div class=\"media-list__body_main imageFirst vertical-align-center  fullWidth\">\n<div class=\"wp-block-alcoa-wheels-zigzag-item media-list-item\"><div class=\"media-list-item__box_content\"><div class=\"media-list-item__box_content_inner\">\n<p class=\"has-text-align-left\">B\u00f8rstet er en entry level satin finish.<\/p>\n\n\n\n<p class=\"has-text-align-left\">Klik <a href=\"https:\/\/www.youtube.com\/watch?v=x1SKTgX060M\">her<\/a> for mere information om, hvordan du reng\u00f8r b\u00f8rstede f\u00e6lge.<\/p>\n\n\n\n<p>Hvordan identificerer man Brushed f\u00e6lge?<br>1. rullestemplet varenummer slutter p\u00e5 0 eller 0DF<br>2. BL\u00c5 etiket p\u00e5 f\u00e6lgen<\/p>\n<\/div><\/div><div class=\"media-list-item__box_image\"><img loading=\"lazy\" decoding=\"async\" width=\"450\" height=\"402\" src=\"https:\/\/www.alcoawheels.com\/europe\/da\/wp-content\/uploads\/sites\/10\/2023\/06\/finish-brushed.jpg\" alt=\"Brushed (b\u00f8rstet) finish\"\/><\/div><\/div>\n<\/div><\/div>\n\n\n\n<hr class=\"wp-block-separator has-text-color has-alpha-channel-opacity has-background is-style-wide\" style=\"background-color:#cccccc;color:#cccccc\"\/>\n\n\n\n<div style=\"height:50px\" aria-hidden=\"true\" class=\"wp-block-spacer spacer-fifty\"><\/div>\n\n\n\n<h2 class=\"wp-block-heading has-text-align-center\" id=\"lvl-one\">LvL ONE<sup>\u00ae<\/sup><\/h2>\n\n\n\n<div class=\"wp-block-alcoa-wheels-zigzag media-list__body\" id=\"zigzag-main-f974ec46-6cd0-44b2-a6e5-940f8aa235d4\"><div class=\"media-list__body_main  vertical-align-center  fullWidth row-reverse\">\n<div class=\"wp-block-alcoa-wheels-zigzag-item media-list-item\"><div class=\"media-list-item__box_content\"><div class=\"media-list-item__box_content_inner\">\n<h5 class=\"wp-block-heading\" id=\"h-mere-iojnefaldende-losninger-med-en-glattere-og-blankere-overflade-sammenlignet-med-brushed-faelge\"><strong>Mere i\u00f8jnefaldende l\u00f8sninger med en glattere og blankere overflade sammenlignet med Brushed f\u00e6lge.<\/strong><\/h5>\n\n\n\n<p>Alcoa<sup>\u00ae<\/sup> LvL ONE<sup>\u00ae<\/sup> er en poleret finish p\u00e5 begynderniveau med en glattere og mere blank overflade end den b\u00f8rstede finish. LvL ONE<sup>\u00ae<\/sup> hjul kr\u00e6ver den s\u00e6dvanlige procedure, n\u00e5r det kommer til vedligeholdelse. \u00d8nskes en blank overflade, er polering n\u00f8dvendig.<\/p>\n\n\n\n<p>Klik <a href=\"https:\/\/www.youtube.com\/watch?v=x1SKTgX060M\" target=\"_blank\" rel=\"noreferrer noopener\">her<\/a> for mere information om, hvordan du reng\u00f8r LvL ONE<sup>\u00ae<\/sup>-f\u00e6lge.<\/p>\n\n\n\n<p>Hvordan identificerer man LvL ONE<sup>\u00ae<\/sup>-f\u00e6lge?<br>1. rullestemplet varenummer, der slutter p\u00e5 7<br>2. BL\u00c5 LvL ONE<sup>\u00ae<\/sup>-etiket p\u00e5 f\u00e6lgen<\/p>\n<\/div><\/div><div class=\"media-list-item__box_image\"><img loading=\"lazy\" decoding=\"async\" width=\"450\" height=\"404\" src=\"https:\/\/www.alcoawheels.com\/europe\/da\/wp-content\/uploads\/sites\/10\/2023\/06\/finish-lvl-one.jpg\" alt=\"LvL ONE finish\"\/><\/div><\/div>\n<\/div><\/div>\n\n\n\n<div style=\"height:50px\" aria-hidden=\"true\" class=\"wp-block-spacer spacer-fifty\"><\/div>\n\n\n\n<hr class=\"wp-block-separator has-text-color has-alpha-channel-opacity has-background is-style-wide\" style=\"background-color:#cccccc;color:#cccccc\"\/>\n\n\n\n<div style=\"height:50px\" aria-hidden=\"true\" class=\"wp-block-spacer spacer-fifty\"><\/div>\n\n\n\n<h2 class=\"wp-block-heading has-text-align-center\" id=\"dura-bright-evo\">Dura-Bright<sup>\u00ae<\/sup>&nbsp;EVO<\/h2>\n\n\n\n<div class=\"wp-block-alcoa-wheels-zigzag media-list__body\" id=\"zigzag-main-f974ec46-6cd0-44b2-a6e5-940f8aa235d4\"><div class=\"media-list__body_main imageFirst vertical-align-center  fullWidth\">\n<div class=\"wp-block-alcoa-wheels-zigzag-item media-list-item\"><div class=\"media-list-item__box_content\"><div class=\"media-list-item__box_content_inner\">\n<h5 class=\"wp-block-heading has-text-align-left\"><strong>Flot udseende, let vedligeholdelse<\/strong><\/h5>\n\n\n\n<p class=\"has-text-align-left\">Alcoa<sup>\u00ae<\/sup> Wheels f\u00e5s med Dura-Bright<sup>\u00ae<\/sup> EVO overfladebehandling, der holder hjulene lyse og skinnende i \u00e5revis uden polering. Vedligeholdelse er ekstremt let ved blot at bruge vand og s\u00e6be takket v\u00e6re den propriet\u00e6re teknologi.<\/p>\n\n\n\n<p class=\"has-text-align-left\">Dura-Bright<sup>\u00ae<\/sup> er ikke en bel\u00e6gning, men en overfladebehandling, der tr\u00e6nger ind i<br>aluminium og bliver en integreret del af f\u00e6lgen. Det vil ikke sk\u00e5r, revne, skalle eller korrodere, som konventionelle bel\u00e6gninger g\u00f8r.<\/p>\n\n\n\n<p class=\"has-text-align-left\">Klik <a href=\"https:\/\/www.youtube.com\/watch?v=3zcGCwi61xw\">her<\/a> for mere information om, hvordan du reng\u00f8r Dura-Bright<sup>\u00ae<\/sup>-f\u00e6lge.<\/p>\n\n\n\n<p class=\"has-text-align-left\">Hvordan identificerer man Dura-Bright<sup>\u00ae<\/sup>-f\u00e6lge?<br>1. rullestemplets varenummer slutter p\u00e5 DB eller DD<br>2. Sort etiket p\u00e5 f\u00e6lgen<\/p>\n<\/div><\/div><div class=\"media-list-item__box_image\"><img loading=\"lazy\" decoding=\"async\" width=\"450\" height=\"402\" src=\"https:\/\/www.alcoawheels.com\/europe\/da\/wp-content\/uploads\/sites\/10\/2023\/06\/finish-dura-bright.jpg\" alt=\"Dura-Bright EVO Finish\"\/><\/div><\/div>\n<\/div><\/div>\n\n\n\n<div style=\"height:50px\" aria-hidden=\"true\" class=\"wp-block-spacer spacer-fifty\"><\/div>\n\n\n\n<hr class=\"wp-block-separator has-text-color has-alpha-channel-opacity has-background is-style-wide\" style=\"background-color:#cccccc;color:#cccccc\"\/>\n\n\n\n<div style=\"height:50px\" aria-hidden=\"true\" class=\"wp-block-spacer spacer-fifty\"><\/div>\n\n\n\n<div class=\"wp-block-alcoa-wheels-related-documents card-box-v1__body\" id=\"related-documents-e8b9754f-73cc-41ea-834b-71d381d5ad35\"><div class=\"full-row\"><div class=\"related_documents__boxes\"><div class=\"related_documents__box_content\"><h3>For flere oplysninger:<\/h3><\/div><ul><li class=\"show-items-hover-wrap\" name=\"document1\" id=\"document1\"><p><a href=\"https:\/\/www.alcoawheels.com\/europe\/da\/wp-content\/uploads\/sites\/10\/2024\/05\/Alcoa-Wheels-Specification-Sheet-DA.pdf\">Alcoa\u00aehjulspecifikationsark<\/a><\/p><p><span>842 KB<\/span><\/p><\/li><\/ul><\/div><\/div><\/div>\n\n\n\n<div style=\"height:50px\" aria-hidden=\"true\" class=\"wp-block-spacer spacer-fifty\"><\/div>\n\n\n\n<div class=\"wp-block-alcoa-wheels-card-usecase-1 card-box-v1__body with-icon align-center vertical-align-center\" id=\"card_box_v1-7fc59975-62d8-4cbf-a3d6-f18c2c4766fa\"><div class=\"fullwidthcontainer\"><div class=\"card-box-v1__boxes has-4-columns\"><div class=\"card-box-v1__box  with-link \" style=\"background-color:#00afb9\"><img decoding=\"async\" src=\"https:\/\/www.alcoawheels.com\/europe\/da\/wp-content\/themes\/alcoa-wheels\/assets\/build\/js\/blocks\/card-usecase-1\/..\/..\/..\/images\/placeholder-image.db2b4d5c.jpeg\" alt=\"Kontakt\"\/><div class=\"card-box-v1__box__inner pos-abs\"><div class=\"card-box-v1__box_icon\"><img loading=\"lazy\" decoding=\"async\" width=\"171\" height=\"171\" src=\"https:\/\/www.alcoawheels.com\/europe\/da\/wp-content\/uploads\/sites\/10\/2023\/06\/contact.png\" alt=\"\"\/><\/div><div class=\"card-box-v1__box_content\"><h4 style=\"color:#ffffff\">Kontakt<\/h4><\/div><div class=\"btn-wrap\"><\/div><\/div><a href=\"\/europe\/da\/kontakt\" aria-label=\"Kontakt\"><\/a><\/div><div class=\"card-box-v1__box  with-link \" style=\"background-color:#34bfc7\"><img decoding=\"async\" src=\"https:\/\/www.alcoawheels.com\/europe\/da\/wp-content\/themes\/alcoa-wheels\/assets\/build\/js\/blocks\/card-usecase-1\/..\/..\/..\/images\/placeholder-image.db2b4d5c.jpeg\" alt=\"F\u00e6lgudvalg\"\/><div class=\"card-box-v1__box__inner pos-abs\"><div class=\"card-box-v1__box_icon\"><img loading=\"lazy\" decoding=\"async\" width=\"169\" height=\"169\" src=\"https:\/\/www.alcoawheels.com\/europe\/da\/wp-content\/uploads\/sites\/10\/2023\/06\/product-search.png\" alt=\"\"\/><\/div><div class=\"card-box-v1__box_content\"><h4 style=\"color:#ffffff\">F\u00e6lgudvalg<\/h4><\/div><div class=\"btn-wrap\"><\/div><\/div><a href=\"\/europe\/da\/faelgudvalg\" aria-label=\"F\u00e6lgudvalg\"><\/a><\/div><div class=\"card-box-v1__box  with-link \" style=\"background-color:#00afb9\"><img decoding=\"async\" src=\"https:\/\/www.alcoawheels.com\/europe\/da\/wp-content\/themes\/alcoa-wheels\/assets\/build\/js\/blocks\/card-usecase-1\/..\/..\/..\/images\/placeholder-image.db2b4d5c.jpeg\" alt=\"Hvor kan man k\u00f8be\"\/><div class=\"card-box-v1__box__inner pos-abs\"><div class=\"card-box-v1__box_icon\"><img loading=\"lazy\" decoding=\"async\" width=\"169\" height=\"169\" src=\"https:\/\/www.alcoawheels.com\/europe\/da\/wp-content\/uploads\/sites\/10\/2023\/06\/where-to-buy.png\" alt=\"\"\/><\/div><div class=\"card-box-v1__box_content\"><h4 style=\"color:#ffffff\">Hvor kan man k\u00f8be<\/h4><\/div><div class=\"btn-wrap\"><\/div><\/div><a href=\"\/europe\/da\/hvor-kan-man-kobe\" aria-label=\"Hvor kan man k\u00f8be\"><\/a><\/div><div class=\"card-box-v1__box  with-link \" style=\"background-color:#34bfc7\"><img decoding=\"async\" src=\"https:\/\/www.alcoawheels.com\/europe\/da\/wp-content\/themes\/alcoa-wheels\/assets\/build\/js\/blocks\/card-usecase-1\/..\/..\/..\/images\/placeholder-image.db2b4d5c.jpeg\" alt=\"Produktlitteratur\"\/><div class=\"card-box-v1__box__inner pos-abs\"><div class=\"card-box-v1__box_icon\"><img loading=\"lazy\" decoding=\"async\" width=\"169\" height=\"169\" src=\"https:\/\/www.alcoawheels.com\/europe\/da\/wp-content\/uploads\/sites\/10\/2023\/06\/product-literature.png\" alt=\"\"\/><\/div><div class=\"card-box-v1__box_content\"><h4 style=\"color:#ffffff\">Produktlitteratur<\/h4><\/div><div class=\"btn-wrap\"><\/div><\/div><a href=\"\/europe\/da\/produktlitteratur\" aria-label=\"Produktlitteratur\"><\/a><\/div><\/div><\/div><\/div>\n","protected":false},"excerpt":{"rendered":"<p>B\u00f8rstet LvL ONE\u00ae Dura-Bright\u00ae&nbsp;EVO<\/p>\n","protected":false},"author":44,"featured_media":0,"parent":0,"menu_order":0,"comment_status":"closed","ping_status":"closed","template":"","meta":{"_acf_changed":false,"protected_reviewer_email":"","editor_notices":[],"footnotes":""},"class_list":["post-23","page","type-page","status-publish","hentry"],"acf":[],"yoast_head":"<!-- This site is optimized with the Yoast SEO Premium plugin v27.2 (Yoast SEO v27.2) - https:\/\/yoast.com\/product\/yoast-seo-premium-wordpress\/ -->\n<title>Finish Options for Aluminum Wheels | Alcoa Wheels<\/title>\n<meta name=\"description\" content=\"Alcoa aluminum wheels come in a variety of finish options. No matter what you&#039;re looking for, Alcoa has aluminum wheels perfect for your application.\" \/>\n<meta name=\"robots\" content=\"index, follow, max-snippet:-1, max-image-preview:large, max-video-preview:-1\" \/>\n<link rel=\"canonical\" href=\"https:\/\/www.alcoawheels.com\/europe\/da\/finish\/\" \/>\n<meta property=\"og:locale\" content=\"en_US\" \/>\n<meta property=\"og:type\" content=\"article\" \/>\n<meta property=\"og:title\" content=\"Finish\" \/>\n<meta property=\"og:description\" content=\"Alcoa aluminum wheels come in a variety of finish options. No matter what you&#039;re looking for, Alcoa has aluminum wheels perfect for your application.\" \/>\n<meta property=\"og:url\" content=\"https:\/\/www.alcoawheels.com\/europe\/da\/finish\/\" \/>\n<meta property=\"og:site_name\" content=\"Europe Danish\" \/>\n<meta property=\"article:modified_time\" content=\"2025-09-04T06:17:39+00:00\" \/>\n<meta property=\"og:image\" content=\"https:\/\/www.alcoawheels.com\/europe\/da\/wp-content\/uploads\/sites\/10\/2023\/06\/finish-banner.jpg\" \/>\n<meta name=\"twitter:card\" content=\"summary_large_image\" \/>\n<meta name=\"twitter:label1\" content=\"Est. reading time\" \/>\n\t<meta name=\"twitter:data1\" content=\"4 minutes\" \/>\n<script type=\"application\/ld+json\" class=\"yoast-schema-graph\">{\"@context\":\"https:\/\/schema.org\",\"@graph\":[{\"@type\":\"WebPage\",\"@id\":\"https:\/\/www.alcoawheels.com\/europe\/da\/finish\/\",\"url\":\"https:\/\/www.alcoawheels.com\/europe\/da\/finish\/\",\"name\":\"Finish Options for Aluminum Wheels | Alcoa Wheels\",\"isPartOf\":{\"@id\":\"https:\/\/www.alcoawheels.com\/europe\/da\/#website\"},\"primaryImageOfPage\":{\"@id\":\"https:\/\/www.alcoawheels.com\/europe\/da\/finish\/#primaryimage\"},\"image\":{\"@id\":\"https:\/\/www.alcoawheels.com\/europe\/da\/finish\/#primaryimage\"},\"thumbnailUrl\":\"https:\/\/www.alcoawheels.com\/europe\/da\/wp-content\/uploads\/sites\/10\/2023\/06\/finish-banner.jpg\",\"datePublished\":\"2023-05-25T10:01:57+00:00\",\"dateModified\":\"2025-09-04T06:17:39+00:00\",\"description\":\"Alcoa aluminum wheels come in a variety of finish options. No matter what you're looking for, Alcoa has aluminum wheels perfect for your application.\",\"breadcrumb\":{\"@id\":\"https:\/\/www.alcoawheels.com\/europe\/da\/finish\/#breadcrumb\"},\"inLanguage\":\"en-US\",\"potentialAction\":[{\"@type\":\"ReadAction\",\"target\":[\"https:\/\/www.alcoawheels.com\/europe\/da\/finish\/\"]}]},{\"@type\":\"ImageObject\",\"inLanguage\":\"en-US\",\"@id\":\"https:\/\/www.alcoawheels.com\/europe\/da\/finish\/#primaryimage\",\"url\":\"https:\/\/www.alcoawheels.com\/europe\/da\/wp-content\/uploads\/sites\/10\/2023\/06\/finish-banner.jpg\",\"contentUrl\":\"https:\/\/www.alcoawheels.com\/europe\/da\/wp-content\/uploads\/sites\/10\/2023\/06\/finish-banner.jpg\",\"width\":1119,\"height\":280,\"caption\":\"Finish muligheder Aloca Wheels\"},{\"@type\":\"BreadcrumbList\",\"@id\":\"https:\/\/www.alcoawheels.com\/europe\/da\/finish\/#breadcrumb\",\"itemListElement\":[{\"@type\":\"ListItem\",\"position\":1,\"name\":\"Home\",\"item\":\"https:\/\/www.alcoawheels.com\/europe\/da\/\"},{\"@type\":\"ListItem\",\"position\":2,\"name\":\"Finish\"}]},{\"@type\":\"WebSite\",\"@id\":\"https:\/\/www.alcoawheels.com\/europe\/da\/#website\",\"url\":\"https:\/\/www.alcoawheels.com\/europe\/da\/\",\"name\":\"Europe Danish\",\"description\":\"\",\"publisher\":{\"@id\":\"https:\/\/www.alcoawheels.com\/europe\/da\/#organization\"},\"potentialAction\":[{\"@type\":\"SearchAction\",\"target\":{\"@type\":\"EntryPoint\",\"urlTemplate\":\"https:\/\/www.alcoawheels.com\/europe\/da\/?s={search_term_string}\"},\"query-input\":{\"@type\":\"PropertyValueSpecification\",\"valueRequired\":true,\"valueName\":\"search_term_string\"}}],\"inLanguage\":\"en-US\"},{\"@type\":\"Organization\",\"@id\":\"https:\/\/www.alcoawheels.com\/europe\/da\/#organization\",\"name\":\"Europe Danish\",\"url\":\"https:\/\/www.alcoawheels.com\/europe\/da\/\",\"logo\":{\"@type\":\"ImageObject\",\"inLanguage\":\"en-US\",\"@id\":\"https:\/\/www.alcoawheels.com\/europe\/da\/#\/schema\/logo\/image\/\",\"url\":\"https:\/\/www.alcoawheels.com\/europe\/da\/wp-content\/uploads\/sites\/10\/2023\/05\/logo-black.gif\",\"contentUrl\":\"https:\/\/www.alcoawheels.com\/europe\/da\/wp-content\/uploads\/sites\/10\/2023\/05\/logo-black.gif\",\"width\":71,\"height\":64,\"caption\":\"Europe Danish\"},\"image\":{\"@id\":\"https:\/\/www.alcoawheels.com\/europe\/da\/#\/schema\/logo\/image\/\"}}]}<\/script>\n<!-- \/ Yoast SEO Premium plugin. -->","yoast_head_json":{"title":"Finish Options for Aluminum Wheels | Alcoa Wheels","description":"Alcoa aluminum wheels come in a variety of finish options. No matter what you're looking for, Alcoa has aluminum wheels perfect for your application.","robots":{"index":"index","follow":"follow","max-snippet":"max-snippet:-1","max-image-preview":"max-image-preview:large","max-video-preview":"max-video-preview:-1"},"canonical":"https:\/\/www.alcoawheels.com\/europe\/da\/finish\/","og_locale":"en_US","og_type":"article","og_title":"Finish","og_description":"Alcoa aluminum wheels come in a variety of finish options. No matter what you're looking for, Alcoa has aluminum wheels perfect for your application.","og_url":"https:\/\/www.alcoawheels.com\/europe\/da\/finish\/","og_site_name":"Europe Danish","article_modified_time":"2025-09-04T06:17:39+00:00","og_image":[{"url":"https:\/\/www.alcoawheels.com\/europe\/da\/wp-content\/uploads\/sites\/10\/2023\/06\/finish-banner.jpg","type":"","width":"","height":""}],"twitter_card":"summary_large_image","twitter_misc":{"Est. reading time":"4 minutes"},"schema":{"@context":"https:\/\/schema.org","@graph":[{"@type":"WebPage","@id":"https:\/\/www.alcoawheels.com\/europe\/da\/finish\/","url":"https:\/\/www.alcoawheels.com\/europe\/da\/finish\/","name":"Finish Options for Aluminum Wheels | Alcoa Wheels","isPartOf":{"@id":"https:\/\/www.alcoawheels.com\/europe\/da\/#website"},"primaryImageOfPage":{"@id":"https:\/\/www.alcoawheels.com\/europe\/da\/finish\/#primaryimage"},"image":{"@id":"https:\/\/www.alcoawheels.com\/europe\/da\/finish\/#primaryimage"},"thumbnailUrl":"https:\/\/www.alcoawheels.com\/europe\/da\/wp-content\/uploads\/sites\/10\/2023\/06\/finish-banner.jpg","datePublished":"2023-05-25T10:01:57+00:00","dateModified":"2025-09-04T06:17:39+00:00","description":"Alcoa aluminum wheels come in a variety of finish options. No matter what you're looking for, Alcoa has aluminum wheels perfect for your application.","breadcrumb":{"@id":"https:\/\/www.alcoawheels.com\/europe\/da\/finish\/#breadcrumb"},"inLanguage":"en-US","potentialAction":[{"@type":"ReadAction","target":["https:\/\/www.alcoawheels.com\/europe\/da\/finish\/"]}]},{"@type":"ImageObject","inLanguage":"en-US","@id":"https:\/\/www.alcoawheels.com\/europe\/da\/finish\/#primaryimage","url":"https:\/\/www.alcoawheels.com\/europe\/da\/wp-content\/uploads\/sites\/10\/2023\/06\/finish-banner.jpg","contentUrl":"https:\/\/www.alcoawheels.com\/europe\/da\/wp-content\/uploads\/sites\/10\/2023\/06\/finish-banner.jpg","width":1119,"height":280,"caption":"Finish muligheder Aloca Wheels"},{"@type":"BreadcrumbList","@id":"https:\/\/www.alcoawheels.com\/europe\/da\/finish\/#breadcrumb","itemListElement":[{"@type":"ListItem","position":1,"name":"Home","item":"https:\/\/www.alcoawheels.com\/europe\/da\/"},{"@type":"ListItem","position":2,"name":"Finish"}]},{"@type":"WebSite","@id":"https:\/\/www.alcoawheels.com\/europe\/da\/#website","url":"https:\/\/www.alcoawheels.com\/europe\/da\/","name":"Europe Danish","description":"","publisher":{"@id":"https:\/\/www.alcoawheels.com\/europe\/da\/#organization"},"potentialAction":[{"@type":"SearchAction","target":{"@type":"EntryPoint","urlTemplate":"https:\/\/www.alcoawheels.com\/europe\/da\/?s={search_term_string}"},"query-input":{"@type":"PropertyValueSpecification","valueRequired":true,"valueName":"search_term_string"}}],"inLanguage":"en-US"},{"@type":"Organization","@id":"https:\/\/www.alcoawheels.com\/europe\/da\/#organization","name":"Europe Danish","url":"https:\/\/www.alcoawheels.com\/europe\/da\/","logo":{"@type":"ImageObject","inLanguage":"en-US","@id":"https:\/\/www.alcoawheels.com\/europe\/da\/#\/schema\/logo\/image\/","url":"https:\/\/www.alcoawheels.com\/europe\/da\/wp-content\/uploads\/sites\/10\/2023\/05\/logo-black.gif","contentUrl":"https:\/\/www.alcoawheels.com\/europe\/da\/wp-content\/uploads\/sites\/10\/2023\/05\/logo-black.gif","width":71,"height":64,"caption":"Europe Danish"},"image":{"@id":"https:\/\/www.alcoawheels.com\/europe\/da\/#\/schema\/logo\/image\/"}}]}},"parsely":{"version":"1.1.0","canonical_url":"https:\/\/alcoawheels.com\/europe\/da\/finish\/","smart_links":{"inbound":0,"outbound":0},"traffic_boost_suggestions_count":0,"meta":{"@context":"https:\/\/schema.org","@type":"WebPage","headline":"Finish","url":"http:\/\/www.alcoawheels.com\/europe\/da\/finish\/","mainEntityOfPage":{"@type":"WebPage","@id":"http:\/\/www.alcoawheels.com\/europe\/da\/finish\/"},"thumbnailUrl":"","image":{"@type":"ImageObject","url":""},"articleSection":"Uncategorized","author":[{"@type":"Person","name":"howmet"}],"creator":["howmet"],"publisher":{"@type":"Organization","name":"Europe Danish","logo":""},"keywords":[],"dateCreated":"2023-05-25T10:01:57Z","datePublished":"2023-05-25T10:01:57Z","dateModified":"2025-09-04T06:17:39Z"},"rendered":"<script type=\"application\/ld+json\" class=\"wp-parsely-metadata\">{\"@context\":\"https:\\\/\\\/schema.org\",\"@type\":\"WebPage\",\"headline\":\"Finish\",\"url\":\"http:\\\/\\\/www.alcoawheels.com\\\/europe\\\/da\\\/finish\\\/\",\"mainEntityOfPage\":{\"@type\":\"WebPage\",\"@id\":\"http:\\\/\\\/www.alcoawheels.com\\\/europe\\\/da\\\/finish\\\/\"},\"thumbnailUrl\":\"\",\"image\":{\"@type\":\"ImageObject\",\"url\":\"\"},\"articleSection\":\"Uncategorized\",\"author\":[{\"@type\":\"Person\",\"name\":\"howmet\"}],\"creator\":[\"howmet\"],\"publisher\":{\"@type\":\"Organization\",\"name\":\"Europe Danish\",\"logo\":\"\"},\"keywords\":[],\"dateCreated\":\"2023-05-25T10:01:57Z\",\"datePublished\":\"2023-05-25T10:01:57Z\",\"dateModified\":\"2025-09-04T06:17:39Z\"}<\/script>","tracker_url":"https:\/\/cdn.parsely.com\/keys\/alcoawheels.com\/p.js"},"jetpack_sharing_enabled":true,"_links":{"self":[{"href":"https:\/\/www.alcoawheels.com\/europe\/da\/wp-json\/wp\/v2\/pages\/23","targetHints":{"allow":["GET"]}}],"collection":[{"href":"https:\/\/www.alcoawheels.com\/europe\/da\/wp-json\/wp\/v2\/pages"}],"about":[{"href":"https:\/\/www.alcoawheels.com\/europe\/da\/wp-json\/wp\/v2\/types\/page"}],"author":[{"embeddable":true,"href":"https:\/\/www.alcoawheels.com\/europe\/da\/wp-json\/wp\/v2\/users\/44"}],"replies":[{"embeddable":true,"href":"https:\/\/www.alcoawheels.com\/europe\/da\/wp-json\/wp\/v2\/comments?post=23"}],"version-history":[{"count":27,"href":"https:\/\/www.alcoawheels.com\/europe\/da\/wp-json\/wp\/v2\/pages\/23\/revisions"}],"predecessor-version":[{"id":3953,"href":"https:\/\/www.alcoawheels.com\/europe\/da\/wp-json\/wp\/v2\/pages\/23\/revisions\/3953"}],"wp:attachment":[{"href":"https:\/\/www.alcoawheels.com\/europe\/da\/wp-json\/wp\/v2\/media?parent=23"}],"curies":[{"name":"wp","href":"https:\/\/api.w.org\/{rel}","templated":true}]}}