{"id":25,"date":"2023-05-25T10:02:12","date_gmt":"2023-05-25T10:02:12","guid":{"rendered":"https:\/\/www.alcoawheels.com\/europe\/da\/?page_id=25"},"modified":"2025-11-21T21:26:00","modified_gmt":"2025-11-21T20:26:00","slug":"specielle-anvendelses-omrader","status":"publish","type":"page","link":"https:\/\/www.alcoawheels.com\/europe\/da\/specielle-anvendelses-omrader\/","title":{"rendered":"Specielle anvendelsesomr\u00e5der"},"content":{"rendered":"\n<div class=\"wp-block-alcoa-wheels-hero-banner-innerpage hero-banner with-image layout-2 overlayEnable align- vertical-align- align-center vertical-align-center\" style=\"background-color:#eee\"><img decoding=\"async\" src=\"https:\/\/www.alcoawheels.com\/europe\/da\/wp-content\/uploads\/sites\/10\/2023\/06\/special-applications-banner.jpg\" alt=\"Specialanvendelse Aloca Wheels\" class=\"responsiveImage\"\/><div class=\"hero-banner__header\" style=\"text-align:center\"><div class=\"container\"><h1 class=\"hero-banner__header--title\">Specialanvendelse<\/h1><\/div><\/div><\/div>\n\n\n\n<div style=\"height:50px\" aria-hidden=\"true\" class=\"wp-block-spacer spacer-fifty\"><\/div>\n\n\n\n<h2 class=\"wp-block-heading has-text-align-center\" id=\"low-deck\">Low Deck anh\u00e6nger f\u00e6lge<\/h2>\n\n\n\n<div style=\"height:50px\" aria-hidden=\"true\" class=\"wp-block-spacer spacer-fifty\"><\/div>\n\n\n\n<div class=\"wp-block-alcoa-wheels-zigzag media-list__body\" id=\"zigzag-main-f974ec46-6cd0-44b2-a6e5-940f8aa235d4\"><div class=\"media-list__body_main  vertical-align-center  fullWidth row-reverse\">\n<div class=\"wp-block-alcoa-wheels-zigzag-item media-list-item\"><div class=\"media-list-item__box_content\"><div class=\"media-list-item__box_content_inner\">\n<h5 class=\"wp-block-heading\"><strong>17.5\u201dx6.00\u201d f\u00e6lg<\/strong><\/h5>\n\n\n\n<h5 class=\"wp-block-heading\">Maks. belastning p\u00e5 2500 kg<\/h5>\n\n\n\n<h5 class=\"wp-block-heading\">10 monteringshuller<\/h5>\n\n\n\n<h5 class=\"wp-block-heading\">Vejer kun 12.6 kg!<\/h5>\n\n\n\n<h5 class=\"wp-block-heading\">&nbsp;<\/h5>\n\n\n\n<h5 class=\"wp-block-heading\"><strong>17.5\u201dX6.75\u201d f\u00e6lg<\/strong>&nbsp;<\/h5>\n\n\n\n<h5 class=\"wp-block-heading\">Maks. Belastning p\u00e5 3000 kg<\/h5>\n\n\n\n<h5 class=\"wp-block-heading\">10 monteringshuller<\/h5>\n\n\n\n<h5 class=\"wp-block-heading\">Vejer kun 13.7 kg!<\/h5>\n<\/div><\/div><div class=\"media-list-item__box_image\"><img loading=\"lazy\" decoding=\"async\" width=\"450\" height=\"423\" src=\"https:\/\/www.alcoawheels.com\/europe\/da\/wp-content\/uploads\/sites\/10\/2023\/06\/special-applications-low-deck-trailer-wheels.jpg\" alt=\"Low deck trailer f\u00e6lg 17.5 x 6.75\"\/><\/div><\/div>\n<\/div><\/div>\n\n\n\n<div style=\"height:50px\" aria-hidden=\"true\" class=\"wp-block-spacer spacer-fifty\"><\/div>\n\n\n\n<hr class=\"wp-block-separator has-text-color has-alpha-channel-opacity has-background is-style-wide\" style=\"background-color:#cccccc;color:#cccccc\"\/>\n\n\n\n<div style=\"height:50px\" aria-hidden=\"true\" class=\"wp-block-spacer spacer-fifty\"><\/div>\n\n\n\n<h2 class=\"wp-block-heading has-text-align-center\" id=\"mega-trailer\">F\u00e6lge til Mega anh\u00e6ngere<\/h2>\n\n\n\n<div style=\"height:50px\" aria-hidden=\"true\" class=\"wp-block-spacer spacer-fifty\"><\/div>\n\n\n\n<div class=\"wp-block-alcoa-wheels-zigzag media-list__body\" id=\"zigzag-main-f974ec46-6cd0-44b2-a6e5-940f8aa235d4\"><div class=\"media-list__body_main  vertical-align-center  fullWidth row-reverse\">\n<div class=\"wp-block-alcoa-wheels-zigzag-item media-list-item\"><div class=\"media-list-item__box_content\"><div class=\"media-list-item__box_content_inner\">\n<h5 class=\"wp-block-heading\" id=\"h-19-5-x14-00-faelg-indpresningsdybde-120-mm\"><strong>19.5\u201dx14.00\u201d f\u00e6lg, indpresningsdybde 120 mm<\/strong><\/h5>\n\n\n\n<h5 class=\"wp-block-heading\" id=\"h-10-monteringshuller\">10 monteringshuller<\/h5>\n\n\n\n<h5 class=\"wp-block-heading\" id=\"h-letteste-i-klassen-vejer-kun-21-6-kg\">Letteste i klassen! Vejer kun 21.6 kg!<\/h5>\n\n\n\n<h5 class=\"wp-block-heading\" id=\"h-nbsp\">&nbsp;<\/h5>\n\n\n\n<h5 class=\"wp-block-heading\" id=\"h-19-5-x14-00-faelg-forskydning-0-mm\"><strong>19.5\u201dx14.00\u201d f\u00e6lg, forskydning 0 mm<\/strong><\/h5>\n\n\n\n<h5 class=\"wp-block-heading\" id=\"h-8-monteringshuller\">8 monteringshuller<\/h5>\n\n\n\n<h5 class=\"wp-block-heading\" id=\"h-howmet-aerospace-eksklusiv\">Howmet Aerospace eksklusiv!<\/h5>\n\n\n\n<h5 class=\"wp-block-heading\" id=\"h-vejer-nbsp-23-6-kg\">Vejer&nbsp;23.6 kg.<\/h5>\n<\/div><\/div><div class=\"media-list-item__box_image\"><img loading=\"lazy\" decoding=\"async\" width=\"450\" height=\"422\" src=\"https:\/\/www.alcoawheels.com\/europe\/da\/wp-content\/uploads\/sites\/10\/2023\/06\/special-applications-wheels-for-megatrailers.jpg\" alt=\"F\u00e6lge til mega trailers 19.5 x 14.00 indpresning 120 mm\"\/><\/div><\/div>\n<\/div><\/div>\n\n\n\n<div style=\"height:50px\" aria-hidden=\"true\" class=\"wp-block-spacer spacer-fifty\"><\/div>\n\n\n\n<hr class=\"wp-block-separator has-text-color has-alpha-channel-opacity has-background is-style-wide\" style=\"background-color:#cccccc;color:#cccccc\"\/>\n\n\n\n<div style=\"height:50px\" aria-hidden=\"true\" class=\"wp-block-spacer spacer-fifty\"><\/div>\n\n\n\n<h2 class=\"wp-block-heading has-text-align-center\" id=\"dura-flange\">Dura-Flange<sup>\u00ae<\/sup><\/h2>\n\n\n\n<div style=\"height:50px\" aria-hidden=\"true\" class=\"wp-block-spacer spacer-fifty\"><\/div>\n\n\n\n<div class=\"wp-block-alcoa-wheels-zigzag media-list__body\" id=\"zigzag-main-45ea29ee-eb36-4195-af23-94703bac8f49\"><div class=\"media-list__body_main  vertical-align-center  container\">\n<div class=\"wp-block-alcoa-wheels-zigzag-item media-list-item\"><div class=\"media-list-item__box_content\"><div class=\"media-list-item__box_content_inner\">\n<h5 class=\"wp-block-heading\"><strong>Yderligere beskyttelse for en endnu l\u00e6ngere levetid<\/strong><\/h5>\n\n\n\n<p>Alcoa<sup>\u00ae<\/sup> Dura-Flange<sup>\u00ae<\/sup> f\u00e6lge har en propriet\u00e6r behandling p\u00e5 begge f\u00e6lghorn, der giver et beskyttende lag for at reducere f\u00e6lghornsslid, og kan bidrage til en \u00f8get levetid sammenlignet med andre aluminiumsf\u00e6lge under samme forhold.<\/p>\n<\/div><\/div><div class=\"media-list-item__box_image\"><img loading=\"lazy\" decoding=\"async\" width=\"500\" height=\"333\" src=\"https:\/\/www.alcoawheels.com\/europe\/da\/wp-content\/uploads\/sites\/10\/2023\/07\/surface-treatments-dura-flange.jpg\" alt=\"Dura-Flange Alcoa Wheels\"\/><\/div><\/div>\n<\/div><\/div>\n\n\n\n<h5 class=\"wp-block-heading\"><strong>Vejtest<\/strong><\/h5>\n\n\n\n<p>Dura-Flange<sup>\u00ae<\/sup>&nbsp;f\u00e6lge er de mest egnede til transport, hvor belastningen er tung og tilb\u00f8jelig til at skifte, hvilket g\u00f8r, at d\u00e6kkanten gnider mod f\u00e6lgflangen. Det er fx:<\/p>\n\n\n\n<div class=\"wp-block-alcoa-wheels-lists alcoa-wheels-lists-block\"><div class=\"list-wrapper\"><ol style=\"list-style-type:none\">\n<div class=\"wp-block-alcoa-wheels-list-items inner-list-item-wrapper  with-icon list-item-wrapper\"><img decoding=\"async\" src=\"https:\/\/www.alcoawheels.com\/europe\/da\/wp-content\/uploads\/sites\/10\/2023\/06\/wheel-bullet.jpg\" class=\"image-icon\" alt=\"https:\/\/www.alcoawheels.com\/europe\/da\/wp-content\/uploads\/sites\/10\/2023\/06\/wheel-bullet.jpg\"\/><li class=\"inner-list-item  with-icon\"><span>transport under ekstreme forhold, fx minedrift<\/span><\/li><\/div>\n\n\n\n<div class=\"wp-block-alcoa-wheels-list-items inner-list-item-wrapper  with-icon list-item-wrapper\"><img decoding=\"async\" src=\"https:\/\/www.alcoawheels.com\/europe\/da\/wp-content\/uploads\/sites\/10\/2023\/06\/wheel-bullet.jpg\" class=\"image-icon\" alt=\"https:\/\/www.alcoawheels.com\/europe\/da\/wp-content\/uploads\/sites\/10\/2023\/06\/wheel-bullet.jpg\"\/><li class=\"inner-list-item  with-icon\"><span>tung sl\u00e6bning, f.eks. skovning<\/span><\/li><\/div>\n\n\n\n<div class=\"wp-block-alcoa-wheels-list-items inner-list-item-wrapper  with-icon list-item-wrapper\"><img decoding=\"async\" src=\"https:\/\/www.alcoawheels.com\/europe\/da\/wp-content\/uploads\/sites\/10\/2023\/06\/wheel-bullet.jpg\" class=\"image-icon\" alt=\"https:\/\/www.alcoawheels.com\/europe\/da\/wp-content\/uploads\/sites\/10\/2023\/06\/wheel-bullet.jpg\"\/><li class=\"inner-list-item  with-icon\"><span>tankskibe, der k\u00f8rer p\u00e5 og off road (f.eks. m\u00e6lkeindsamling, br\u00e6ndstofdistribution)<\/span><\/li><\/div>\n\n\n\n<div class=\"wp-block-alcoa-wheels-list-items inner-list-item-wrapper  with-icon list-item-wrapper\"><img decoding=\"async\" src=\"https:\/\/www.alcoawheels.com\/europe\/da\/wp-content\/uploads\/sites\/10\/2023\/06\/wheel-bullet.jpg\" class=\"image-icon\" alt=\"https:\/\/www.alcoawheels.com\/europe\/da\/wp-content\/uploads\/sites\/10\/2023\/06\/wheel-bullet.jpg\"\/><li class=\"inner-list-item  with-icon\"><span>bybus<\/span><\/li><\/div>\n<\/ol><\/div><\/div>\n\n\n\n<div class=\"wp-block-alcoa-wheels-zigzag media-list__body\" id=\"zigzag-main-3b3b0bea-091c-4d01-a453-e2a068faddd0\"><div class=\"media-list__body_main  vertical-align-center  container\">\n<div class=\"wp-block-alcoa-wheels-zigzag-item media-list-item\"><div class=\"media-list-item__box_content\"><div class=\"media-list-item__box_content_inner\">\n<h5 class=\"wp-block-heading\"><strong>F\u00e6lgflange-beskyttelse<\/strong><\/h5>\n\n\n\n<p>Dura-Flange<sup>\u00ae<\/sup> f\u00e6lge er let genkendelige p\u00e5 &#8220;Rim Wear Protected&#8221;-m\u00e6rkatet. Varenumre, der slutter med DF, er Dura-Flange<sup>\u00ae<\/sup> behandlet.<\/p>\n<\/div><\/div><div class=\"media-list-item__box_image\"><img loading=\"lazy\" decoding=\"async\" width=\"410\" height=\"142\" src=\"https:\/\/www.alcoawheels.com\/europe\/da\/wp-content\/uploads\/sites\/10\/2023\/07\/surface-treatments-dura-flange-sticker.jpg\" alt=\"Dura-Flange klisterm\u00e6rke\"\/><\/div><\/div>\n<\/div><\/div>\n\n\n\n<div style=\"height:50px\" aria-hidden=\"true\" class=\"wp-block-spacer spacer-fifty\"><\/div>\n\n\n\n<div class=\"wp-block-alcoa-wheels-card-usecase-1 card-box-v1__body with-icon align-center vertical-align-center\" id=\"card_box_v1-7fc59975-62d8-4cbf-a3d6-f18c2c4766fa\"><div class=\"fullwidthcontainer\"><div class=\"card-box-v1__boxes has-4-columns\"><div class=\"card-box-v1__box  with-link \" style=\"background-color:#00afb9\"><img decoding=\"async\" src=\"https:\/\/www.alcoawheels.com\/europe\/da\/wp-content\/themes\/alcoa-wheels\/assets\/build\/js\/blocks\/card-usecase-1\/..\/..\/..\/images\/placeholder-image.db2b4d5c.jpeg\" alt=\"Kontakt\"\/><div class=\"card-box-v1__box__inner pos-abs\"><div class=\"card-box-v1__box_icon\"><img loading=\"lazy\" decoding=\"async\" width=\"171\" height=\"171\" src=\"https:\/\/www.alcoawheels.com\/europe\/da\/wp-content\/uploads\/sites\/10\/2023\/06\/contact.png\" alt=\"\"\/><\/div><div class=\"card-box-v1__box_content\"><h4 style=\"color:#ffffff\">Kontakt<\/h4><\/div><div class=\"btn-wrap\"><\/div><\/div><a href=\"\/europe\/da\/kontakt\" aria-label=\"Kontakt\"><\/a><\/div><div class=\"card-box-v1__box  with-link \" style=\"background-color:#34bfc7\"><img decoding=\"async\" src=\"https:\/\/www.alcoawheels.com\/europe\/da\/wp-content\/themes\/alcoa-wheels\/assets\/build\/js\/blocks\/card-usecase-1\/..\/..\/..\/images\/placeholder-image.db2b4d5c.jpeg\" alt=\"F\u00e6lgudvalg\"\/><div class=\"card-box-v1__box__inner pos-abs\"><div class=\"card-box-v1__box_icon\"><img loading=\"lazy\" decoding=\"async\" width=\"169\" height=\"169\" src=\"https:\/\/www.alcoawheels.com\/europe\/da\/wp-content\/uploads\/sites\/10\/2023\/06\/product-search.png\" alt=\"\"\/><\/div><div class=\"card-box-v1__box_content\"><h4 style=\"color:#ffffff\">F\u00e6lgudvalg<\/h4><\/div><div class=\"btn-wrap\"><\/div><\/div><a href=\"\/europe\/da\/faelgudvalg\" aria-label=\"F\u00e6lgudvalg\"><\/a><\/div><div class=\"card-box-v1__box  with-link \" style=\"background-color:#00afb9\"><img decoding=\"async\" src=\"https:\/\/www.alcoawheels.com\/europe\/da\/wp-content\/themes\/alcoa-wheels\/assets\/build\/js\/blocks\/card-usecase-1\/..\/..\/..\/images\/placeholder-image.db2b4d5c.jpeg\" alt=\"Hvor kan man k\u00f8be\"\/><div class=\"card-box-v1__box__inner pos-abs\"><div class=\"card-box-v1__box_icon\"><img loading=\"lazy\" decoding=\"async\" width=\"169\" height=\"169\" src=\"https:\/\/www.alcoawheels.com\/europe\/da\/wp-content\/uploads\/sites\/10\/2023\/06\/where-to-buy.png\" alt=\"\"\/><\/div><div class=\"card-box-v1__box_content\"><h4 style=\"color:#ffffff\">Hvor kan man k\u00f8be<\/h4><\/div><div class=\"btn-wrap\"><\/div><\/div><a href=\"\/europe\/da\/hvor-kan-man-kobe\" aria-label=\"Hvor kan man k\u00f8be\"><\/a><\/div><div class=\"card-box-v1__box  with-link \" style=\"background-color:#34bfc7\"><img decoding=\"async\" src=\"https:\/\/www.alcoawheels.com\/europe\/da\/wp-content\/themes\/alcoa-wheels\/assets\/build\/js\/blocks\/card-usecase-1\/..\/..\/..\/images\/placeholder-image.db2b4d5c.jpeg\" alt=\"Produktlitteratur\"\/><div class=\"card-box-v1__box__inner pos-abs\"><div class=\"card-box-v1__box_icon\"><img loading=\"lazy\" decoding=\"async\" width=\"169\" height=\"169\" src=\"https:\/\/www.alcoawheels.com\/europe\/da\/wp-content\/uploads\/sites\/10\/2023\/06\/product-literature.png\" alt=\"\"\/><\/div><div class=\"card-box-v1__box_content\"><h4 style=\"color:#ffffff\">Produktlitteratur<\/h4><\/div><div class=\"btn-wrap\"><\/div><\/div><a href=\"\/europe\/da\/produktlitteratur\" aria-label=\"Produktlitteratur\"><\/a><\/div><\/div><\/div><\/div>\n","protected":false},"excerpt":{"rendered":"<p>Low Deck anh\u00e6nger f\u00e6lge F\u00e6lge til Mega anh\u00e6ngere Dura-Flange\u00ae Vejtest Dura-Flange\u00ae&nbsp;f\u00e6lge er de mest egnede til transport, hvor belastningen er tung og tilb\u00f8jelig til at skifte, hvilket g\u00f8r, at d\u00e6kkanten gnider mod f\u00e6lgflangen. Det er fx:<\/p>\n","protected":false},"author":44,"featured_media":0,"parent":0,"menu_order":0,"comment_status":"closed","ping_status":"closed","template":"","meta":{"_acf_changed":false,"protected_reviewer_email":"","editor_notices":[],"footnotes":""},"class_list":["post-25","page","type-page","status-publish","hentry"],"acf":[],"yoast_head":"<!-- This site is optimized with the Yoast SEO Premium plugin v27.4 (Yoast SEO v27.4) - https:\/\/yoast.com\/product\/yoast-seo-premium-wordpress\/ -->\n<title>Finish Options for Aluminum Wheels | Alcoa Wheels<\/title>\n<meta name=\"description\" content=\"Alcoa aluminum wheels come in a variety of finish options. No matter what you&#039;re looking for, Alcoa has aluminum wheels perfect for your application.\" \/>\n<meta name=\"robots\" content=\"index, follow, max-snippet:-1, max-image-preview:large, max-video-preview:-1\" \/>\n<link rel=\"canonical\" href=\"https:\/\/www.alcoawheels.com\/europe\/da\/specielle-anvendelses-omrader\/\" \/>\n<meta property=\"og:locale\" content=\"en_US\" \/>\n<meta property=\"og:type\" content=\"article\" \/>\n<meta property=\"og:title\" content=\"Specielle anvendelsesomr\u00e5der\" \/>\n<meta property=\"og:description\" content=\"Alcoa aluminum wheels come in a variety of finish options. No matter what you&#039;re looking for, Alcoa has aluminum wheels perfect for your application.\" \/>\n<meta property=\"og:url\" content=\"https:\/\/www.alcoawheels.com\/europe\/da\/specielle-anvendelses-omrader\/\" \/>\n<meta property=\"og:site_name\" content=\"Europe Danish\" \/>\n<meta property=\"article:modified_time\" content=\"2025-11-21T20:26:00+00:00\" \/>\n<meta property=\"og:image\" content=\"https:\/\/www.alcoawheels.com\/europe\/da\/wp-content\/uploads\/sites\/10\/2023\/06\/special-applications-banner.jpg\" \/>\n<meta name=\"twitter:card\" content=\"summary_large_image\" \/>\n<meta name=\"twitter:label1\" content=\"Est. reading time\" \/>\n\t<meta name=\"twitter:data1\" content=\"5 minutes\" \/>\n<script type=\"application\/ld+json\" class=\"yoast-schema-graph\">{\"@context\":\"https:\\\/\\\/schema.org\",\"@graph\":[{\"@type\":\"WebPage\",\"@id\":\"https:\\\/\\\/www.alcoawheels.com\\\/europe\\\/da\\\/specielle-anvendelses-omrader\\\/\",\"url\":\"https:\\\/\\\/www.alcoawheels.com\\\/europe\\\/da\\\/specielle-anvendelses-omrader\\\/\",\"name\":\"Finish Options for Aluminum Wheels | Alcoa Wheels\",\"isPartOf\":{\"@id\":\"https:\\\/\\\/www.alcoawheels.com\\\/europe\\\/da\\\/#website\"},\"primaryImageOfPage\":{\"@id\":\"https:\\\/\\\/www.alcoawheels.com\\\/europe\\\/da\\\/specielle-anvendelses-omrader\\\/#primaryimage\"},\"image\":{\"@id\":\"https:\\\/\\\/www.alcoawheels.com\\\/europe\\\/da\\\/specielle-anvendelses-omrader\\\/#primaryimage\"},\"thumbnailUrl\":\"https:\\\/\\\/www.alcoawheels.com\\\/europe\\\/da\\\/wp-content\\\/uploads\\\/sites\\\/10\\\/2023\\\/06\\\/special-applications-banner.jpg\",\"datePublished\":\"2023-05-25T10:02:12+00:00\",\"dateModified\":\"2025-11-21T20:26:00+00:00\",\"description\":\"Alcoa aluminum wheels come in a variety of finish options. No matter what you're looking for, Alcoa has aluminum wheels perfect for your application.\",\"breadcrumb\":{\"@id\":\"https:\\\/\\\/www.alcoawheels.com\\\/europe\\\/da\\\/specielle-anvendelses-omrader\\\/#breadcrumb\"},\"inLanguage\":\"en-US\",\"potentialAction\":[{\"@type\":\"ReadAction\",\"target\":[\"https:\\\/\\\/www.alcoawheels.com\\\/europe\\\/da\\\/specielle-anvendelses-omrader\\\/\"]}]},{\"@type\":\"ImageObject\",\"inLanguage\":\"en-US\",\"@id\":\"https:\\\/\\\/www.alcoawheels.com\\\/europe\\\/da\\\/specielle-anvendelses-omrader\\\/#primaryimage\",\"url\":\"https:\\\/\\\/www.alcoawheels.com\\\/europe\\\/da\\\/wp-content\\\/uploads\\\/sites\\\/10\\\/2023\\\/06\\\/special-applications-banner.jpg\",\"contentUrl\":\"https:\\\/\\\/www.alcoawheels.com\\\/europe\\\/da\\\/wp-content\\\/uploads\\\/sites\\\/10\\\/2023\\\/06\\\/special-applications-banner.jpg\",\"width\":1119,\"height\":280,\"caption\":\"Specialanvendelse Aloca Wheels\"},{\"@type\":\"BreadcrumbList\",\"@id\":\"https:\\\/\\\/www.alcoawheels.com\\\/europe\\\/da\\\/specielle-anvendelses-omrader\\\/#breadcrumb\",\"itemListElement\":[{\"@type\":\"ListItem\",\"position\":1,\"name\":\"Home\",\"item\":\"https:\\\/\\\/www.alcoawheels.com\\\/europe\\\/da\\\/\"},{\"@type\":\"ListItem\",\"position\":2,\"name\":\"Specielle anvendelsesomr\u00e5der\"}]},{\"@type\":\"WebSite\",\"@id\":\"https:\\\/\\\/www.alcoawheels.com\\\/europe\\\/da\\\/#website\",\"url\":\"https:\\\/\\\/www.alcoawheels.com\\\/europe\\\/da\\\/\",\"name\":\"Europe Danish\",\"description\":\"\",\"publisher\":{\"@id\":\"https:\\\/\\\/www.alcoawheels.com\\\/europe\\\/da\\\/#organization\"},\"potentialAction\":[{\"@type\":\"SearchAction\",\"target\":{\"@type\":\"EntryPoint\",\"urlTemplate\":\"https:\\\/\\\/www.alcoawheels.com\\\/europe\\\/da\\\/?s={search_term_string}\"},\"query-input\":{\"@type\":\"PropertyValueSpecification\",\"valueRequired\":true,\"valueName\":\"search_term_string\"}}],\"inLanguage\":\"en-US\"},{\"@type\":\"Organization\",\"@id\":\"https:\\\/\\\/www.alcoawheels.com\\\/europe\\\/da\\\/#organization\",\"name\":\"Europe Danish\",\"url\":\"https:\\\/\\\/www.alcoawheels.com\\\/europe\\\/da\\\/\",\"logo\":{\"@type\":\"ImageObject\",\"inLanguage\":\"en-US\",\"@id\":\"https:\\\/\\\/www.alcoawheels.com\\\/europe\\\/da\\\/#\\\/schema\\\/logo\\\/image\\\/\",\"url\":\"https:\\\/\\\/www.alcoawheels.com\\\/europe\\\/da\\\/wp-content\\\/uploads\\\/sites\\\/10\\\/2023\\\/05\\\/logo-black.gif\",\"contentUrl\":\"https:\\\/\\\/www.alcoawheels.com\\\/europe\\\/da\\\/wp-content\\\/uploads\\\/sites\\\/10\\\/2023\\\/05\\\/logo-black.gif\",\"width\":71,\"height\":64,\"caption\":\"Europe Danish\"},\"image\":{\"@id\":\"https:\\\/\\\/www.alcoawheels.com\\\/europe\\\/da\\\/#\\\/schema\\\/logo\\\/image\\\/\"}}]}<\/script>\n<!-- \/ Yoast SEO Premium plugin. -->","yoast_head_json":{"title":"Finish Options for Aluminum Wheels | Alcoa Wheels","description":"Alcoa aluminum wheels come in a variety of finish options. No matter what you're looking for, Alcoa has aluminum wheels perfect for your application.","robots":{"index":"index","follow":"follow","max-snippet":"max-snippet:-1","max-image-preview":"max-image-preview:large","max-video-preview":"max-video-preview:-1"},"canonical":"https:\/\/www.alcoawheels.com\/europe\/da\/specielle-anvendelses-omrader\/","og_locale":"en_US","og_type":"article","og_title":"Specielle anvendelsesomr\u00e5der","og_description":"Alcoa aluminum wheels come in a variety of finish options. No matter what you're looking for, Alcoa has aluminum wheels perfect for your application.","og_url":"https:\/\/www.alcoawheels.com\/europe\/da\/specielle-anvendelses-omrader\/","og_site_name":"Europe Danish","article_modified_time":"2025-11-21T20:26:00+00:00","og_image":[{"url":"https:\/\/www.alcoawheels.com\/europe\/da\/wp-content\/uploads\/sites\/10\/2023\/06\/special-applications-banner.jpg","type":"","width":"","height":""}],"twitter_card":"summary_large_image","twitter_misc":{"Est. reading time":"5 minutes"},"schema":{"@context":"https:\/\/schema.org","@graph":[{"@type":"WebPage","@id":"https:\/\/www.alcoawheels.com\/europe\/da\/specielle-anvendelses-omrader\/","url":"https:\/\/www.alcoawheels.com\/europe\/da\/specielle-anvendelses-omrader\/","name":"Finish Options for Aluminum Wheels | Alcoa Wheels","isPartOf":{"@id":"https:\/\/www.alcoawheels.com\/europe\/da\/#website"},"primaryImageOfPage":{"@id":"https:\/\/www.alcoawheels.com\/europe\/da\/specielle-anvendelses-omrader\/#primaryimage"},"image":{"@id":"https:\/\/www.alcoawheels.com\/europe\/da\/specielle-anvendelses-omrader\/#primaryimage"},"thumbnailUrl":"https:\/\/www.alcoawheels.com\/europe\/da\/wp-content\/uploads\/sites\/10\/2023\/06\/special-applications-banner.jpg","datePublished":"2023-05-25T10:02:12+00:00","dateModified":"2025-11-21T20:26:00+00:00","description":"Alcoa aluminum wheels come in a variety of finish options. No matter what you're looking for, Alcoa has aluminum wheels perfect for your application.","breadcrumb":{"@id":"https:\/\/www.alcoawheels.com\/europe\/da\/specielle-anvendelses-omrader\/#breadcrumb"},"inLanguage":"en-US","potentialAction":[{"@type":"ReadAction","target":["https:\/\/www.alcoawheels.com\/europe\/da\/specielle-anvendelses-omrader\/"]}]},{"@type":"ImageObject","inLanguage":"en-US","@id":"https:\/\/www.alcoawheels.com\/europe\/da\/specielle-anvendelses-omrader\/#primaryimage","url":"https:\/\/www.alcoawheels.com\/europe\/da\/wp-content\/uploads\/sites\/10\/2023\/06\/special-applications-banner.jpg","contentUrl":"https:\/\/www.alcoawheels.com\/europe\/da\/wp-content\/uploads\/sites\/10\/2023\/06\/special-applications-banner.jpg","width":1119,"height":280,"caption":"Specialanvendelse Aloca Wheels"},{"@type":"BreadcrumbList","@id":"https:\/\/www.alcoawheels.com\/europe\/da\/specielle-anvendelses-omrader\/#breadcrumb","itemListElement":[{"@type":"ListItem","position":1,"name":"Home","item":"https:\/\/www.alcoawheels.com\/europe\/da\/"},{"@type":"ListItem","position":2,"name":"Specielle anvendelsesomr\u00e5der"}]},{"@type":"WebSite","@id":"https:\/\/www.alcoawheels.com\/europe\/da\/#website","url":"https:\/\/www.alcoawheels.com\/europe\/da\/","name":"Europe Danish","description":"","publisher":{"@id":"https:\/\/www.alcoawheels.com\/europe\/da\/#organization"},"potentialAction":[{"@type":"SearchAction","target":{"@type":"EntryPoint","urlTemplate":"https:\/\/www.alcoawheels.com\/europe\/da\/?s={search_term_string}"},"query-input":{"@type":"PropertyValueSpecification","valueRequired":true,"valueName":"search_term_string"}}],"inLanguage":"en-US"},{"@type":"Organization","@id":"https:\/\/www.alcoawheels.com\/europe\/da\/#organization","name":"Europe Danish","url":"https:\/\/www.alcoawheels.com\/europe\/da\/","logo":{"@type":"ImageObject","inLanguage":"en-US","@id":"https:\/\/www.alcoawheels.com\/europe\/da\/#\/schema\/logo\/image\/","url":"https:\/\/www.alcoawheels.com\/europe\/da\/wp-content\/uploads\/sites\/10\/2023\/05\/logo-black.gif","contentUrl":"https:\/\/www.alcoawheels.com\/europe\/da\/wp-content\/uploads\/sites\/10\/2023\/05\/logo-black.gif","width":71,"height":64,"caption":"Europe Danish"},"image":{"@id":"https:\/\/www.alcoawheels.com\/europe\/da\/#\/schema\/logo\/image\/"}}]}},"parsely":{"version":"1.1.0","canonical_url":"https:\/\/alcoawheels.com\/europe\/da\/specielle-anvendelses-omrader\/","smart_links":{"inbound":0,"outbound":0},"traffic_boost_suggestions_count":0,"meta":{"@context":"https:\/\/schema.org","@type":"WebPage","headline":"Specielle anvendelsesomr\u00e5der","url":"http:\/\/www.alcoawheels.com\/europe\/da\/specielle-anvendelses-omrader\/","mainEntityOfPage":{"@type":"WebPage","@id":"http:\/\/www.alcoawheels.com\/europe\/da\/specielle-anvendelses-omrader\/"},"thumbnailUrl":"","image":{"@type":"ImageObject","url":""},"articleSection":"Uncategorized","author":[{"@type":"Person","name":"howmet"}],"creator":["howmet"],"publisher":{"@type":"Organization","name":"Europe Danish","logo":""},"keywords":[],"dateCreated":"2023-05-25T10:02:12Z","datePublished":"2023-05-25T10:02:12Z","dateModified":"2025-11-21T20:26:00Z"},"rendered":"<script type=\"application\/ld+json\" class=\"wp-parsely-metadata\">{\"@context\":\"https:\\\/\\\/schema.org\",\"@type\":\"WebPage\",\"headline\":\"Specielle anvendelsesomr\\u00e5der\",\"url\":\"http:\\\/\\\/www.alcoawheels.com\\\/europe\\\/da\\\/specielle-anvendelses-omrader\\\/\",\"mainEntityOfPage\":{\"@type\":\"WebPage\",\"@id\":\"http:\\\/\\\/www.alcoawheels.com\\\/europe\\\/da\\\/specielle-anvendelses-omrader\\\/\"},\"thumbnailUrl\":\"\",\"image\":{\"@type\":\"ImageObject\",\"url\":\"\"},\"articleSection\":\"Uncategorized\",\"author\":[{\"@type\":\"Person\",\"name\":\"howmet\"}],\"creator\":[\"howmet\"],\"publisher\":{\"@type\":\"Organization\",\"name\":\"Europe Danish\",\"logo\":\"\"},\"keywords\":[],\"dateCreated\":\"2023-05-25T10:02:12Z\",\"datePublished\":\"2023-05-25T10:02:12Z\",\"dateModified\":\"2025-11-21T20:26:00Z\"}<\/script>","tracker_url":"https:\/\/cdn.parsely.com\/keys\/alcoawheels.com\/p.js"},"jetpack_sharing_enabled":true,"_links":{"self":[{"href":"https:\/\/www.alcoawheels.com\/europe\/da\/wp-json\/wp\/v2\/pages\/25","targetHints":{"allow":["GET"]}}],"collection":[{"href":"https:\/\/www.alcoawheels.com\/europe\/da\/wp-json\/wp\/v2\/pages"}],"about":[{"href":"https:\/\/www.alcoawheels.com\/europe\/da\/wp-json\/wp\/v2\/types\/page"}],"author":[{"embeddable":true,"href":"https:\/\/www.alcoawheels.com\/europe\/da\/wp-json\/wp\/v2\/users\/44"}],"replies":[{"embeddable":true,"href":"https:\/\/www.alcoawheels.com\/europe\/da\/wp-json\/wp\/v2\/comments?post=25"}],"version-history":[{"count":28,"href":"https:\/\/www.alcoawheels.com\/europe\/da\/wp-json\/wp\/v2\/pages\/25\/revisions"}],"predecessor-version":[{"id":3972,"href":"https:\/\/www.alcoawheels.com\/europe\/da\/wp-json\/wp\/v2\/pages\/25\/revisions\/3972"}],"wp:attachment":[{"href":"https:\/\/www.alcoawheels.com\/europe\/da\/wp-json\/wp\/v2\/media?parent=25"}],"curies":[{"name":"wp","href":"https:\/\/api.w.org\/{rel}","templated":true}]}}