{"id":29,"date":"2023-05-25T10:03:13","date_gmt":"2023-05-25T10:03:13","guid":{"rendered":"https:\/\/www.alcoawheels.com\/europe\/da\/?page_id=29"},"modified":"2025-11-24T16:39:03","modified_gmt":"2025-11-24T15:39:03","slug":"rengoring","status":"publish","type":"page","link":"https:\/\/www.alcoawheels.com\/europe\/da\/rengoring\/","title":{"rendered":"Reng\u00f8ring"},"content":{"rendered":"\n<div class=\"wp-block-alcoa-wheels-hero-banner-innerpage hero-banner with-image layout-2 overlayEnable align- vertical-align-\" style=\"background-color:#eee\"><img decoding=\"async\" src=\"https:\/\/www.alcoawheels.com\/europe\/da\/wp-content\/uploads\/sites\/10\/2025\/07\/202507_Accessories_banner_1119x280px_2.png\" alt=\"Wheel and brush\" class=\"responsiveImage\"\/><div class=\"hero-banner__header\" style=\"text-align:center\"><div class=\"container\"><h1 class=\"hero-banner__header--title\">Reng\u00f8ring<\/h1><\/div><\/div><\/div>\n\n\n\n<div style=\"height:50px\" aria-hidden=\"true\" class=\"wp-block-spacer spacer-fifty\"><\/div>\n\n\n\n<h3 class=\"wp-block-heading\" id=\"h-tilbehor-til-alcoa-faelge\">Tilbeh\u00f8r til Alcoa<sup>\u00ae<\/sup>-f\u00e6lge<\/h3>\n\n\n\n<p>Vedligeholdelse af dineAlcoa<sup>\u00ae<\/sup>-f\u00e6lge er og b\u00f8r v\u00e6re en topprioritet.<\/p>\n\n\n\n<p>1. Tilbeh\u00f8rsprodukter til Alcoa<sup>\u00ae<\/sup>-f\u00e6lge er udviklet og udvalgt gennem mange \u00e5r for at holde f\u00e6lgene i den bedst mulige stand og sikre en lang levetid.<\/p>\n\n\n\n<p>2. Tilbeh\u00f8rsprodukter til Alcoa-f\u00e6lge kan f\u00e5s hos vores autoriserede forhandlernetv\u00e6rk.<\/p>\n\n\n\n<hr class=\"wp-block-separator has-text-color has-alpha-channel-opacity has-background is-style-wide\" style=\"background-color:#cccccc;color:#cccccc\"\/>\n\n\n\n<div class=\"wp-block-alcoa-wheels-zigzag media-list__body\" id=\"zigzag-main-dd37ab2b-fdde-4f03-8751-426b0a716ec7\"><div class=\"media-list__body_main  vertical-align-center  container row-reverse\">\n<div class=\"wp-block-alcoa-wheels-zigzag-item media-list-item\"><div class=\"media-list-item__box_content\"><div class=\"media-list-item__box_content_inner\">\n<h5 class=\"wp-block-heading\"><strong>Dura-Bright<sup>\u00ae<\/sup>&nbsp;Wheel Wash<\/strong><\/h5>\n\n\n\n<p>F\u00e5 en endnu bedre Dura-Bright<sup>\u00ae<\/sup>-oplevelse med Dura-Bright<sup>\u00ae<\/sup> Wheel Wash. En reng\u00f8ringsv\u00e6ske, der er udviklet specielt til Dura-Bright<sup>\u00ae<\/sup>-overfladen og testet og godkendt af hjulproducenten. F\u00e5s i 1 liters flaske, 5 liters og 25 liters dunk og i et s\u00e6t som Dura-Bright<sup>\u00ae<\/sup> Wheel Wash Starter Kit.<\/p>\n\n\n\n<p>Klik&nbsp;<a href=\"\/europe\/da\/hvordan-rengores\/#h-reng\u00f8ring-dura-bright-f\u00e6lge\">her<\/a><a href=\"\/europe\/da\/hvordan-rengores\">&nbsp;<\/a>for mere information om, hvordan du reng\u00f8r Dura-Bright<sup>\u00ae<\/sup>-f\u00e6lge.<\/p>\n<\/div><\/div><div class=\"media-list-item__box_image\"><img loading=\"lazy\" decoding=\"async\" width=\"1500\" height=\"1500\" src=\"https:\/\/www.alcoawheels.com\/europe\/da\/wp-content\/uploads\/sites\/10\/2025\/07\/DBWW_bottle_1L_low.jpg\" alt=\"Dura-bright Wheel Wash\"\/><\/div><\/div>\n\n\n\n<div class=\"wp-block-alcoa-wheels-zigzag-item media-list-item\"><div class=\"media-list-item__box_content\"><div class=\"media-list-item__box_content_inner\">\n<h5 class=\"wp-block-heading has-text-align-right\"><strong>ALclean<\/strong><\/h5>\n\n\n\n<p class=\"has-text-align-right\">En unik f\u00e6lgrens til Alcoa<sup>\u00ae<\/sup>-f\u00e6lge med b\u00f8rstet og LvL ONE<sup>\u00ae<\/sup> finish. F\u00e5s i 1 liters flaske, 5 liters og 25 liters dunk og i et s\u00e6t som ALkit3.<\/p>\n\n\n\n<p class=\"has-text-align-right\">Klik&nbsp;<a href=\"\/europe\/da\/hvordan-rengores\/#h-lvl-one-spejlpoleret-og-borstet-faelg\">her<\/a><a href=\"https:\/\/www.alcoawheels.com\/alcoawheels\/europe\/da\/hvordan-rengores.asp\">&nbsp;<\/a>for mere information om, hvordan du reng\u00f8r Dura-Bright<sup>\u00ae<\/sup>-f\u00e6lge.<\/p>\n<\/div><\/div><div class=\"media-list-item__box_image\"><img loading=\"lazy\" decoding=\"async\" width=\"1500\" height=\"1500\" src=\"https:\/\/www.alcoawheels.com\/europe\/da\/wp-content\/uploads\/sites\/10\/2025\/09\/ALclean_can_1L_low.jpg\" alt=\"ALclean\"\/><\/div><\/div>\n\n\n\n<div class=\"wp-block-alcoa-wheels-zigzag-item media-list-item\"><div class=\"media-list-item__box_content\"><div class=\"media-list-item__box_content_inner\">\n<h5 class=\"wp-block-heading\"><strong>ALpolish<\/strong><\/h5>\n\n\n\n<p>Et polerings middel til at genoprette og bevare glansen p\u00e5 Alcoa<sup>\u00ae<\/sup> LvL ONE<sup>\u00ae<\/sup>-f\u00e6lge. Ikke egnet til Dura-Bright<sup>\u00ae<\/sup>-f\u00e6lge.<\/p>\n<\/div><\/div><div class=\"media-list-item__box_image\"><img loading=\"lazy\" decoding=\"async\" width=\"1500\" height=\"1500\" src=\"https:\/\/www.alcoawheels.com\/europe\/da\/wp-content\/uploads\/sites\/10\/2025\/07\/ALpolish_bottle_low.jpg\" alt=\"Thumbnail\"\/><\/div><\/div>\n\n\n\n<div class=\"wp-block-alcoa-wheels-zigzag-item media-list-item\"><div class=\"media-list-item__box_content\"><div class=\"media-list-item__box_content_inner\">\n<h5 class=\"wp-block-heading has-text-align-right\" id=\"h-albrush2\"><strong>ALbrush2<\/strong><\/h5>\n\n\n\n<p class=\"has-text-align-right\">En premium kvalitetog langtidsholdbar b\u00f8rste med gummikant, der beskytter hjulene mod skader under reng\u00f8ring.<\/p>\n<\/div><\/div><div class=\"media-list-item__box_image\"><img loading=\"lazy\" decoding=\"async\" width=\"5816\" height=\"5814\" src=\"https:\/\/www.alcoawheels.com\/europe\/da\/wp-content\/uploads\/sites\/10\/2025\/07\/ALbrush_1_high.jpg\" alt=\"AL Brush\"\/><\/div><\/div>\n\n\n\n<div class=\"wp-block-alcoa-wheels-zigzag-item media-list-item\"><div class=\"media-list-item__box_content\"><div class=\"media-list-item__box_content_inner\">\n<h5 class=\"wp-block-heading\"><strong>ALkit3<\/strong><\/h5>\n\n\n\n<p>Et komplet s\u00e6t til reng\u00f8ring af b\u00f8rstede og LvL ONE<sup>\u00ae<\/sup>-f\u00e6lge. Indeholder 1 liter ALclean, 1 tube med 250 ml ALpolish og 1 ALbrush.<\/p>\n<\/div><\/div><div class=\"media-list-item__box_image\"><img loading=\"lazy\" decoding=\"async\" width=\"1500\" height=\"1500\" src=\"https:\/\/www.alcoawheels.com\/europe\/da\/wp-content\/uploads\/sites\/10\/2025\/09\/ALkit3_box_and_products_low.jpg\" alt=\"ALkit3\"\/><\/div><\/div>\n<\/div><\/div>\n\n\n\n<div style=\"height:50px\" aria-hidden=\"true\" class=\"wp-block-spacer spacer-fifty\"><\/div>\n\n\n\n<hr class=\"wp-block-separator has-text-color has-alpha-channel-opacity has-background is-style-wide\" style=\"background-color:#cccccc;color:#cccccc\"\/>\n\n\n\n<div style=\"height:50px\" aria-hidden=\"true\" class=\"wp-block-spacer spacer-fifty\"><\/div>\n\n\n\n<p class=\"u-margin-b10\">For flere oplysninger:<\/p>\n\n\n\t\t<div class=\"wp-block-alcoa-product-literature\">\n\t\t\t<div class=\"product-literature-columns container wp-block-alcoa-wheels-related-documents\">\n\t\t\t\t\t\t\t\t\t<div class=\"literature-inner\">\n\t\t\t\t\t\t<div class=\"literature-inner-item\">\n\t\t\t\t\t\t\t<div class=\"pdf-lists-items\">\n\t\t\t\t\t\t\t\t\t\t\t\t\t\t\t\t\t\t\t\t\t\t\t\t\t\t<div class=\"pdf-files\">\n\t\t\t\t\t\t\t\t\t\t<a href=\"https:\/\/www.alcoawheels.com\/europe\/da\/wp-content\/uploads\/sites\/10\/2026\/02\/Alcoa-Wheels-Accessories-DA.pdf\" target=\"_blank\" class=\"pdf-file\">\n\t\t\t\t\t\t\t\t\t\t\tProduktkatalog til Alcoa<sup>\u00ae<\/sup>-tilbeh\u00f8r\t\t\t\t\t\t\t\t\t\t<\/a>\n\t\t\t\t\t\t\t\t\t\t<div class=\"pdf-size\">2.93 MB<\/div>\n\t\t\t\t\t\t\t\t\t<\/div>\n\t\t\t\t\t\t\t\t\t\t\t\t\t\t\t\t\t\t\t\t\t\t\t\t\t\t<div class=\"pdf-files\">\n\t\t\t\t\t\t\t\t\t\t<a href=\"https:\/\/www.alcoawheels.com\/europe\/da\/wp-content\/uploads\/sites\/10\/2025\/09\/Alcoa-Wheels-Cleaning-leaflet-DA.pdf\" target=\"_blank\" class=\"pdf-file\">\n\t\t\t\t\t\t\t\t\t\t\tReng\u00f8ringsvejledning til Alcoa<sup>\u00ae<\/sup> f\u00e6lge\t\t\t\t\t\t\t\t\t\t<\/a>\n\t\t\t\t\t\t\t\t\t\t<div class=\"pdf-size\">1.25 MB<\/div>\n\t\t\t\t\t\t\t\t\t<\/div>\n\t\t\t\t\t\t\t\t\t\t\t\t\t\t\t<\/div>\n\t\t\t\t\t\t<\/div>\n\t\t\t\t\t<\/div>\n\t\t\t\t\t\t\t<\/div>\n\n\t\t<\/div>\n\n\n\n<div id=\"alcoa-wheels-buttons-debd0cd5-ab20-4b9d-84be-31a6a088facc\" class=\"wp-block-alcoa-wheels-button-group alcoa-wheels-buttons\"><div class=\"button-row\"><div class=\"button-item\" button-item=\"0\"><p class=\"btn-main btn-link-left-arrow\" aria-label=\"<a href=&quot;https:\/\/apps.spheracloud.net\/communicator\/login.aspx?userid=qD3CEfpiugwA&amp;companyid=SzqDqsuXTJwA&amp;method=home&quot;&gt;Safety Data (MSDS)<\/a&gt;\"><a href=\"https:\/\/apps.spheracloud.net\/communicator\/login.aspx?userid=qD3CEfpiugwA&amp;companyid=SzqDqsuXTJwA&amp;method=home\">Safety Data (MSDS)<\/a><\/p><\/div><\/div><\/div>\n\n\n\n<div style=\"height:50px\" aria-hidden=\"true\" class=\"wp-block-spacer spacer-fifty\"><\/div>\n\n\n\n<div class=\"wp-block-alcoa-wheels-card-usecase-1 card-box-v1__body with-icon align-center vertical-align-center\" id=\"card_box_v1-7fc59975-62d8-4cbf-a3d6-f18c2c4766fa\"><div class=\"fullwidthcontainer\"><div class=\"card-box-v1__boxes has-4-columns\"><div class=\"card-box-v1__box  with-link \" style=\"background-color:#00afb9\"><img decoding=\"async\" src=\"https:\/\/www.alcoawheels.com\/europe\/da\/wp-content\/themes\/alcoa-wheels\/assets\/build\/js\/blocks\/card-usecase-1\/..\/..\/..\/images\/placeholder-image.db2b4d5c.jpeg\" alt=\"Kontakt\"\/><div class=\"card-box-v1__box__inner pos-abs\"><div class=\"card-box-v1__box_icon\"><img loading=\"lazy\" decoding=\"async\" width=\"171\" height=\"171\" src=\"https:\/\/www.alcoawheels.com\/europe\/da\/wp-content\/uploads\/sites\/10\/2023\/06\/contact.png\" alt=\"\"\/><\/div><div class=\"card-box-v1__box_content\"><h4 style=\"color:#ffffff\">Kontakt<\/h4><\/div><div class=\"btn-wrap\"><\/div><\/div><a href=\"\/europe\/da\/kontakt\" aria-label=\"Kontakt\"><\/a><\/div><div class=\"card-box-v1__box  with-link \" style=\"background-color:#34bfc7\"><img decoding=\"async\" src=\"https:\/\/www.alcoawheels.com\/europe\/da\/wp-content\/themes\/alcoa-wheels\/assets\/build\/js\/blocks\/card-usecase-1\/..\/..\/..\/images\/placeholder-image.db2b4d5c.jpeg\" alt=\"F\u00e6lgudvalg\"\/><div class=\"card-box-v1__box__inner pos-abs\"><div class=\"card-box-v1__box_icon\"><img loading=\"lazy\" decoding=\"async\" width=\"169\" height=\"169\" src=\"https:\/\/www.alcoawheels.com\/europe\/da\/wp-content\/uploads\/sites\/10\/2023\/06\/product-search.png\" alt=\"\"\/><\/div><div class=\"card-box-v1__box_content\"><h4 style=\"color:#ffffff\">F\u00e6lgudvalg<\/h4><\/div><div class=\"btn-wrap\"><\/div><\/div><a href=\"\/europe\/da\/faelgudvalg\" aria-label=\"F\u00e6lgudvalg\"><\/a><\/div><div class=\"card-box-v1__box  with-link \" style=\"background-color:#00afb9\"><img decoding=\"async\" src=\"https:\/\/www.alcoawheels.com\/europe\/da\/wp-content\/themes\/alcoa-wheels\/assets\/build\/js\/blocks\/card-usecase-1\/..\/..\/..\/images\/placeholder-image.db2b4d5c.jpeg\" alt=\"Hvor kan man k\u00f8be\"\/><div class=\"card-box-v1__box__inner pos-abs\"><div class=\"card-box-v1__box_icon\"><img loading=\"lazy\" decoding=\"async\" width=\"169\" height=\"169\" src=\"https:\/\/www.alcoawheels.com\/europe\/da\/wp-content\/uploads\/sites\/10\/2023\/06\/where-to-buy.png\" alt=\"\"\/><\/div><div class=\"card-box-v1__box_content\"><h4 style=\"color:#ffffff\">Hvor kan man k\u00f8be<\/h4><\/div><div class=\"btn-wrap\"><\/div><\/div><a href=\"\/europe\/da\/hvor-kan-man-kobe\" aria-label=\"Hvor kan man k\u00f8be\"><\/a><\/div><div class=\"card-box-v1__box  with-link \" style=\"background-color:#34bfc7\"><img decoding=\"async\" src=\"https:\/\/www.alcoawheels.com\/europe\/da\/wp-content\/themes\/alcoa-wheels\/assets\/build\/js\/blocks\/card-usecase-1\/..\/..\/..\/images\/placeholder-image.db2b4d5c.jpeg\" alt=\"Produktlitteratur\"\/><div class=\"card-box-v1__box__inner pos-abs\"><div class=\"card-box-v1__box_icon\"><img loading=\"lazy\" decoding=\"async\" width=\"169\" height=\"169\" src=\"https:\/\/www.alcoawheels.com\/europe\/da\/wp-content\/uploads\/sites\/10\/2023\/06\/product-literature.png\" alt=\"\"\/><\/div><div class=\"card-box-v1__box_content\"><h4 style=\"color:#ffffff\">Produktlitteratur<\/h4><\/div><div class=\"btn-wrap\"><\/div><\/div><a href=\"\/europe\/da\/produktlitteratur\" aria-label=\"Produktlitteratur\"><\/a><\/div><\/div><\/div><\/div>\n","protected":false},"excerpt":{"rendered":"<p>Tilbeh\u00f8r til Alcoa\u00ae-f\u00e6lge Vedligeholdelse af dineAlcoa\u00ae-f\u00e6lge er og b\u00f8r v\u00e6re en topprioritet. 1. Tilbeh\u00f8rsprodukter til Alcoa\u00ae-f\u00e6lge er udviklet og udvalgt gennem mange \u00e5r for at holde f\u00e6lgene i den bedst mulige stand og sikre en lang levetid. 2. Tilbeh\u00f8rsprodukter til Alcoa-f\u00e6lge kan f\u00e5s hos vores autoriserede forhandlernetv\u00e6rk. For flere oplysninger:<\/p>\n","protected":false},"author":44,"featured_media":3979,"parent":0,"menu_order":0,"comment_status":"closed","ping_status":"closed","template":"","meta":{"_acf_changed":false,"protected_reviewer_email":"","editor_notices":[],"footnotes":""},"class_list":["post-29","page","type-page","status-publish","has-post-thumbnail","hentry"],"acf":[],"yoast_head":"<!-- This site is optimized with the Yoast SEO Premium plugin v27.3 (Yoast SEO v27.3) - https:\/\/yoast.com\/product\/yoast-seo-premium-wordpress\/ -->\n<title>Alcoa Wheels | Tilbeh\u00f8r | Reng\u00f8ring<\/title>\n<meta name=\"robots\" content=\"index, follow, max-snippet:-1, max-image-preview:large, max-video-preview:-1\" \/>\n<link rel=\"canonical\" href=\"https:\/\/www.alcoawheels.com\/europe\/da\/rengoring\/\" \/>\n<meta property=\"og:locale\" content=\"en_US\" \/>\n<meta property=\"og:type\" content=\"article\" \/>\n<meta property=\"og:title\" content=\"Reng\u00f8ring\" \/>\n<meta property=\"og:description\" content=\"Tilbeh\u00f8r til Alcoa\u00ae-f\u00e6lge Vedligeholdelse af dineAlcoa\u00ae-f\u00e6lge er og b\u00f8r v\u00e6re en topprioritet. 1. Tilbeh\u00f8rsprodukter til Alcoa\u00ae-f\u00e6lge er udviklet og udvalgt gennem mange \u00e5r for at holde f\u00e6lgene i den bedst mulige stand og sikre en lang levetid. 2. Tilbeh\u00f8rsprodukter til Alcoa-f\u00e6lge kan f\u00e5s hos vores autoriserede forhandlernetv\u00e6rk. For flere oplysninger:\" \/>\n<meta property=\"og:url\" content=\"https:\/\/www.alcoawheels.com\/europe\/da\/rengoring\/\" \/>\n<meta property=\"og:site_name\" content=\"Europe Danish\" \/>\n<meta property=\"article:modified_time\" content=\"2025-11-24T15:39:03+00:00\" \/>\n<meta property=\"og:image\" content=\"https:\/\/www.alcoawheels.com\/europe\/da\/wp-content\/uploads\/sites\/10\/2025\/11\/DBWW_bottle_1L_low-resize.jpg\" \/>\n\t<meta property=\"og:image:width\" content=\"450\" \/>\n\t<meta property=\"og:image:height\" content=\"300\" \/>\n\t<meta property=\"og:image:type\" content=\"image\/jpeg\" \/>\n<meta name=\"twitter:card\" content=\"summary_large_image\" \/>\n<meta name=\"twitter:label1\" content=\"Est. reading time\" \/>\n\t<meta name=\"twitter:data1\" content=\"5 minutes\" \/>\n<script type=\"application\/ld+json\" class=\"yoast-schema-graph\">{\"@context\":\"https:\\\/\\\/schema.org\",\"@graph\":[{\"@type\":\"WebPage\",\"@id\":\"https:\\\/\\\/www.alcoawheels.com\\\/europe\\\/da\\\/rengoring\\\/\",\"url\":\"https:\\\/\\\/www.alcoawheels.com\\\/europe\\\/da\\\/rengoring\\\/\",\"name\":\"Alcoa Wheels | Tilbeh\u00f8r | Reng\u00f8ring\",\"isPartOf\":{\"@id\":\"https:\\\/\\\/www.alcoawheels.com\\\/europe\\\/da\\\/#website\"},\"primaryImageOfPage\":{\"@id\":\"https:\\\/\\\/www.alcoawheels.com\\\/europe\\\/da\\\/rengoring\\\/#primaryimage\"},\"image\":{\"@id\":\"https:\\\/\\\/www.alcoawheels.com\\\/europe\\\/da\\\/rengoring\\\/#primaryimage\"},\"thumbnailUrl\":\"https:\\\/\\\/www.alcoawheels.com\\\/europe\\\/da\\\/wp-content\\\/uploads\\\/sites\\\/10\\\/2025\\\/11\\\/DBWW_bottle_1L_low-resize.jpg\",\"datePublished\":\"2023-05-25T10:03:13+00:00\",\"dateModified\":\"2025-11-24T15:39:03+00:00\",\"breadcrumb\":{\"@id\":\"https:\\\/\\\/www.alcoawheels.com\\\/europe\\\/da\\\/rengoring\\\/#breadcrumb\"},\"inLanguage\":\"en-US\",\"potentialAction\":[{\"@type\":\"ReadAction\",\"target\":[\"https:\\\/\\\/www.alcoawheels.com\\\/europe\\\/da\\\/rengoring\\\/\"]}]},{\"@type\":\"ImageObject\",\"inLanguage\":\"en-US\",\"@id\":\"https:\\\/\\\/www.alcoawheels.com\\\/europe\\\/da\\\/rengoring\\\/#primaryimage\",\"url\":\"https:\\\/\\\/www.alcoawheels.com\\\/europe\\\/da\\\/wp-content\\\/uploads\\\/sites\\\/10\\\/2025\\\/11\\\/DBWW_bottle_1L_low-resize.jpg\",\"contentUrl\":\"https:\\\/\\\/www.alcoawheels.com\\\/europe\\\/da\\\/wp-content\\\/uploads\\\/sites\\\/10\\\/2025\\\/11\\\/DBWW_bottle_1L_low-resize.jpg\",\"width\":450,\"height\":300,\"caption\":\"cleaning DB wheel wash\"},{\"@type\":\"BreadcrumbList\",\"@id\":\"https:\\\/\\\/www.alcoawheels.com\\\/europe\\\/da\\\/rengoring\\\/#breadcrumb\",\"itemListElement\":[{\"@type\":\"ListItem\",\"position\":1,\"name\":\"Home\",\"item\":\"https:\\\/\\\/www.alcoawheels.com\\\/europe\\\/da\\\/\"},{\"@type\":\"ListItem\",\"position\":2,\"name\":\"Reng\u00f8ring\"}]},{\"@type\":\"WebSite\",\"@id\":\"https:\\\/\\\/www.alcoawheels.com\\\/europe\\\/da\\\/#website\",\"url\":\"https:\\\/\\\/www.alcoawheels.com\\\/europe\\\/da\\\/\",\"name\":\"Europe Danish\",\"description\":\"\",\"publisher\":{\"@id\":\"https:\\\/\\\/www.alcoawheels.com\\\/europe\\\/da\\\/#organization\"},\"potentialAction\":[{\"@type\":\"SearchAction\",\"target\":{\"@type\":\"EntryPoint\",\"urlTemplate\":\"https:\\\/\\\/www.alcoawheels.com\\\/europe\\\/da\\\/?s={search_term_string}\"},\"query-input\":{\"@type\":\"PropertyValueSpecification\",\"valueRequired\":true,\"valueName\":\"search_term_string\"}}],\"inLanguage\":\"en-US\"},{\"@type\":\"Organization\",\"@id\":\"https:\\\/\\\/www.alcoawheels.com\\\/europe\\\/da\\\/#organization\",\"name\":\"Europe Danish\",\"url\":\"https:\\\/\\\/www.alcoawheels.com\\\/europe\\\/da\\\/\",\"logo\":{\"@type\":\"ImageObject\",\"inLanguage\":\"en-US\",\"@id\":\"https:\\\/\\\/www.alcoawheels.com\\\/europe\\\/da\\\/#\\\/schema\\\/logo\\\/image\\\/\",\"url\":\"https:\\\/\\\/www.alcoawheels.com\\\/europe\\\/da\\\/wp-content\\\/uploads\\\/sites\\\/10\\\/2023\\\/05\\\/logo-black.gif\",\"contentUrl\":\"https:\\\/\\\/www.alcoawheels.com\\\/europe\\\/da\\\/wp-content\\\/uploads\\\/sites\\\/10\\\/2023\\\/05\\\/logo-black.gif\",\"width\":71,\"height\":64,\"caption\":\"Europe Danish\"},\"image\":{\"@id\":\"https:\\\/\\\/www.alcoawheels.com\\\/europe\\\/da\\\/#\\\/schema\\\/logo\\\/image\\\/\"}}]}<\/script>\n<!-- \/ Yoast SEO Premium plugin. -->","yoast_head_json":{"title":"Alcoa Wheels | Tilbeh\u00f8r | Reng\u00f8ring","robots":{"index":"index","follow":"follow","max-snippet":"max-snippet:-1","max-image-preview":"max-image-preview:large","max-video-preview":"max-video-preview:-1"},"canonical":"https:\/\/www.alcoawheels.com\/europe\/da\/rengoring\/","og_locale":"en_US","og_type":"article","og_title":"Reng\u00f8ring","og_description":"Tilbeh\u00f8r til Alcoa\u00ae-f\u00e6lge Vedligeholdelse af dineAlcoa\u00ae-f\u00e6lge er og b\u00f8r v\u00e6re en topprioritet. 1. Tilbeh\u00f8rsprodukter til Alcoa\u00ae-f\u00e6lge er udviklet og udvalgt gennem mange \u00e5r for at holde f\u00e6lgene i den bedst mulige stand og sikre en lang levetid. 2. Tilbeh\u00f8rsprodukter til Alcoa-f\u00e6lge kan f\u00e5s hos vores autoriserede forhandlernetv\u00e6rk. For flere oplysninger:","og_url":"https:\/\/www.alcoawheels.com\/europe\/da\/rengoring\/","og_site_name":"Europe Danish","article_modified_time":"2025-11-24T15:39:03+00:00","og_image":[{"width":450,"height":300,"url":"https:\/\/www.alcoawheels.com\/europe\/da\/wp-content\/uploads\/sites\/10\/2025\/11\/DBWW_bottle_1L_low-resize.jpg","type":"image\/jpeg"}],"twitter_card":"summary_large_image","twitter_misc":{"Est. reading time":"5 minutes"},"schema":{"@context":"https:\/\/schema.org","@graph":[{"@type":"WebPage","@id":"https:\/\/www.alcoawheels.com\/europe\/da\/rengoring\/","url":"https:\/\/www.alcoawheels.com\/europe\/da\/rengoring\/","name":"Alcoa Wheels | Tilbeh\u00f8r | Reng\u00f8ring","isPartOf":{"@id":"https:\/\/www.alcoawheels.com\/europe\/da\/#website"},"primaryImageOfPage":{"@id":"https:\/\/www.alcoawheels.com\/europe\/da\/rengoring\/#primaryimage"},"image":{"@id":"https:\/\/www.alcoawheels.com\/europe\/da\/rengoring\/#primaryimage"},"thumbnailUrl":"https:\/\/www.alcoawheels.com\/europe\/da\/wp-content\/uploads\/sites\/10\/2025\/11\/DBWW_bottle_1L_low-resize.jpg","datePublished":"2023-05-25T10:03:13+00:00","dateModified":"2025-11-24T15:39:03+00:00","breadcrumb":{"@id":"https:\/\/www.alcoawheels.com\/europe\/da\/rengoring\/#breadcrumb"},"inLanguage":"en-US","potentialAction":[{"@type":"ReadAction","target":["https:\/\/www.alcoawheels.com\/europe\/da\/rengoring\/"]}]},{"@type":"ImageObject","inLanguage":"en-US","@id":"https:\/\/www.alcoawheels.com\/europe\/da\/rengoring\/#primaryimage","url":"https:\/\/www.alcoawheels.com\/europe\/da\/wp-content\/uploads\/sites\/10\/2025\/11\/DBWW_bottle_1L_low-resize.jpg","contentUrl":"https:\/\/www.alcoawheels.com\/europe\/da\/wp-content\/uploads\/sites\/10\/2025\/11\/DBWW_bottle_1L_low-resize.jpg","width":450,"height":300,"caption":"cleaning DB wheel wash"},{"@type":"BreadcrumbList","@id":"https:\/\/www.alcoawheels.com\/europe\/da\/rengoring\/#breadcrumb","itemListElement":[{"@type":"ListItem","position":1,"name":"Home","item":"https:\/\/www.alcoawheels.com\/europe\/da\/"},{"@type":"ListItem","position":2,"name":"Reng\u00f8ring"}]},{"@type":"WebSite","@id":"https:\/\/www.alcoawheels.com\/europe\/da\/#website","url":"https:\/\/www.alcoawheels.com\/europe\/da\/","name":"Europe Danish","description":"","publisher":{"@id":"https:\/\/www.alcoawheels.com\/europe\/da\/#organization"},"potentialAction":[{"@type":"SearchAction","target":{"@type":"EntryPoint","urlTemplate":"https:\/\/www.alcoawheels.com\/europe\/da\/?s={search_term_string}"},"query-input":{"@type":"PropertyValueSpecification","valueRequired":true,"valueName":"search_term_string"}}],"inLanguage":"en-US"},{"@type":"Organization","@id":"https:\/\/www.alcoawheels.com\/europe\/da\/#organization","name":"Europe Danish","url":"https:\/\/www.alcoawheels.com\/europe\/da\/","logo":{"@type":"ImageObject","inLanguage":"en-US","@id":"https:\/\/www.alcoawheels.com\/europe\/da\/#\/schema\/logo\/image\/","url":"https:\/\/www.alcoawheels.com\/europe\/da\/wp-content\/uploads\/sites\/10\/2023\/05\/logo-black.gif","contentUrl":"https:\/\/www.alcoawheels.com\/europe\/da\/wp-content\/uploads\/sites\/10\/2023\/05\/logo-black.gif","width":71,"height":64,"caption":"Europe Danish"},"image":{"@id":"https:\/\/www.alcoawheels.com\/europe\/da\/#\/schema\/logo\/image\/"}}]}},"parsely":{"version":"1.1.0","canonical_url":"https:\/\/alcoawheels.com\/europe\/da\/rengoring\/","smart_links":{"inbound":0,"outbound":0},"traffic_boost_suggestions_count":0,"meta":{"@context":"https:\/\/schema.org","@type":"WebPage","headline":"Reng\u00f8ring","url":"http:\/\/www.alcoawheels.com\/europe\/da\/rengoring\/","mainEntityOfPage":{"@type":"WebPage","@id":"http:\/\/www.alcoawheels.com\/europe\/da\/rengoring\/"},"thumbnailUrl":"https:\/\/www.alcoawheels.com\/europe\/da\/wp-content\/uploads\/sites\/10\/2025\/11\/DBWW_bottle_1L_low-resize.jpg?w=150&h=150&crop=1","image":{"@type":"ImageObject","url":"https:\/\/www.alcoawheels.com\/europe\/da\/wp-content\/uploads\/sites\/10\/2025\/11\/DBWW_bottle_1L_low-resize.jpg"},"articleSection":"Uncategorized","author":[{"@type":"Person","name":"howmet"}],"creator":["howmet"],"publisher":{"@type":"Organization","name":"Europe Danish","logo":""},"keywords":[],"dateCreated":"2023-05-25T10:03:13Z","datePublished":"2023-05-25T10:03:13Z","dateModified":"2025-11-24T15:39:03Z"},"rendered":"<script type=\"application\/ld+json\" class=\"wp-parsely-metadata\">{\"@context\":\"https:\\\/\\\/schema.org\",\"@type\":\"WebPage\",\"headline\":\"Reng\\u00f8ring\",\"url\":\"http:\\\/\\\/www.alcoawheels.com\\\/europe\\\/da\\\/rengoring\\\/\",\"mainEntityOfPage\":{\"@type\":\"WebPage\",\"@id\":\"http:\\\/\\\/www.alcoawheels.com\\\/europe\\\/da\\\/rengoring\\\/\"},\"thumbnailUrl\":\"https:\\\/\\\/www.alcoawheels.com\\\/europe\\\/da\\\/wp-content\\\/uploads\\\/sites\\\/10\\\/2025\\\/11\\\/DBWW_bottle_1L_low-resize.jpg?w=150&h=150&crop=1\",\"image\":{\"@type\":\"ImageObject\",\"url\":\"https:\\\/\\\/www.alcoawheels.com\\\/europe\\\/da\\\/wp-content\\\/uploads\\\/sites\\\/10\\\/2025\\\/11\\\/DBWW_bottle_1L_low-resize.jpg\"},\"articleSection\":\"Uncategorized\",\"author\":[{\"@type\":\"Person\",\"name\":\"howmet\"}],\"creator\":[\"howmet\"],\"publisher\":{\"@type\":\"Organization\",\"name\":\"Europe Danish\",\"logo\":\"\"},\"keywords\":[],\"dateCreated\":\"2023-05-25T10:03:13Z\",\"datePublished\":\"2023-05-25T10:03:13Z\",\"dateModified\":\"2025-11-24T15:39:03Z\"}<\/script>","tracker_url":"https:\/\/cdn.parsely.com\/keys\/alcoawheels.com\/p.js"},"jetpack_sharing_enabled":true,"_links":{"self":[{"href":"https:\/\/www.alcoawheels.com\/europe\/da\/wp-json\/wp\/v2\/pages\/29","targetHints":{"allow":["GET"]}}],"collection":[{"href":"https:\/\/www.alcoawheels.com\/europe\/da\/wp-json\/wp\/v2\/pages"}],"about":[{"href":"https:\/\/www.alcoawheels.com\/europe\/da\/wp-json\/wp\/v2\/types\/page"}],"author":[{"embeddable":true,"href":"https:\/\/www.alcoawheels.com\/europe\/da\/wp-json\/wp\/v2\/users\/44"}],"replies":[{"embeddable":true,"href":"https:\/\/www.alcoawheels.com\/europe\/da\/wp-json\/wp\/v2\/comments?post=29"}],"version-history":[{"count":29,"href":"https:\/\/www.alcoawheels.com\/europe\/da\/wp-json\/wp\/v2\/pages\/29\/revisions"}],"predecessor-version":[{"id":3980,"href":"https:\/\/www.alcoawheels.com\/europe\/da\/wp-json\/wp\/v2\/pages\/29\/revisions\/3980"}],"wp:featuredmedia":[{"embeddable":true,"href":"https:\/\/www.alcoawheels.com\/europe\/da\/wp-json\/wp\/v2\/media\/3979"}],"wp:attachment":[{"href":"https:\/\/www.alcoawheels.com\/europe\/da\/wp-json\/wp\/v2\/media?parent=29"}],"curies":[{"name":"wp","href":"https:\/\/api.w.org\/{rel}","templated":true}]}}