{"id":3736,"date":"2024-07-19T16:41:01","date_gmt":"2024-07-19T14:41:01","guid":{"rendered":"https:\/\/www.alcoawheels.com\/europe\/da\/?page_id=3736"},"modified":"2024-10-07T17:41:26","modified_gmt":"2024-10-07T15:41:26","slug":"styrketest","status":"publish","type":"page","link":"https:\/\/www.alcoawheels.com\/europe\/da\/styrketest\/","title":{"rendered":"Styrketest"},"content":{"rendered":"\n<div class=\"wp-block-alcoa-wheels-hero-banner-innerpage hero-banner with-image layout-2 overlayEnable align- vertical-align- align-center vertical-align-center\" style=\"background-color:#eee\"><img decoding=\"async\" src=\"https:\/\/www.alcoawheels.com\/europe\/da\/wp-content\/uploads\/sites\/10\/2023\/06\/benefits-banner.jpg\" alt=\"\" class=\"responsiveImage\"\/><div class=\"hero-banner__header\" style=\"text-align:center\"><div class=\"container\"><h1 class=\"hero-banner__header--title\">Styrketest<\/h1><\/div><\/div><\/div>\n\n\n\n<div style=\"height:50px\" aria-hidden=\"true\" class=\"wp-block-spacer spacer-fifty\"><\/div>\n\n\n\n<p>Alcoa<sup>\u00ae<\/sup> Ultra ONE<sup>\u00ae<\/sup> hjul 22,5&#8243; x 9,00&#8243; (varenummer 89U520) deformerede 50 mm under 442 kN \/ 45076 kg og var 3,4 gange st\u00e6rkere sammenlignet med Maxion st\u00e5lhjul (varenummer 2920841) med samme st\u00f8rrelse, der deformerede 50 mm under 129 kN \/ 13154 kg kraft.<\/p>\n\n\n<div class=\"wp-block-image\">\n<figure class=\"aligncenter size-large is-resized\"><img loading=\"lazy\" decoding=\"async\" height=\"569\" width=\"1024\" src=\"https:\/\/www.alcoawheels.com\/europe\/da\/wp-content\/uploads\/sites\/10\/2024\/07\/Alcoa-vs.-Steel-high-resolution.png?w=1024\" alt=\"\" class=\"wp-image-3739\" style=\"width:881px\" srcset=\"https:\/\/www.alcoawheels.com\/europe\/da\/wp-content\/uploads\/sites\/10\/2024\/07\/Alcoa-vs.-Steel-high-resolution.png 4266w, https:\/\/www.alcoawheels.com\/europe\/da\/wp-content\/uploads\/sites\/10\/2024\/07\/Alcoa-vs.-Steel-high-resolution.png?resize=300,167 300w, https:\/\/www.alcoawheels.com\/europe\/da\/wp-content\/uploads\/sites\/10\/2024\/07\/Alcoa-vs.-Steel-high-resolution.png?resize=768,427 768w, https:\/\/www.alcoawheels.com\/europe\/da\/wp-content\/uploads\/sites\/10\/2024\/07\/Alcoa-vs.-Steel-high-resolution.png?resize=1024,569 1024w, https:\/\/www.alcoawheels.com\/europe\/da\/wp-content\/uploads\/sites\/10\/2024\/07\/Alcoa-vs.-Steel-high-resolution.png?resize=1536,854 1536w, https:\/\/www.alcoawheels.com\/europe\/da\/wp-content\/uploads\/sites\/10\/2024\/07\/Alcoa-vs.-Steel-high-resolution.png?resize=2048,1139 2048w\" sizes=\"auto, (max-width: 1024px) 100vw, 1024px\" \/><\/figure>\n<\/div>\n\n\n<p>Styrketest &#8211; Sz\u00e9chenyi Istv\u00e1n University, Department of Vehicle Manufacturing and Technology, Ungarn, 2023<\/p>\n","protected":false},"excerpt":{"rendered":"<p>Alcoa\u00ae Ultra ONE\u00ae hjul 22,5&#8243; x 9,00&#8243; (varenummer 89U520) deformerede 50 mm under 442 kN \/ 45076 kg og var 3,4 gange st\u00e6rkere sammenlignet med Maxion st\u00e5lhjul (varenummer 2920841) med samme st\u00f8rrelse, der deformerede 50 mm under 129 kN \/ 13154 kg kraft. Styrketest &#8211; Sz\u00e9chenyi Istv\u00e1n University, Department of Vehicle Manufacturing and Technology, Ungarn, [&hellip;]<\/p>\n","protected":false},"author":62,"featured_media":0,"parent":0,"menu_order":0,"comment_status":"closed","ping_status":"closed","template":"","meta":{"_acf_changed":false,"protected_reviewer_email":"","editor_notices":[],"footnotes":""},"class_list":["post-3736","page","type-page","status-publish","hentry"],"acf":[],"yoast_head":"<!-- This site is optimized with the Yoast SEO Premium plugin v27.3 (Yoast SEO v27.3) - https:\/\/yoast.com\/product\/yoast-seo-premium-wordpress\/ -->\n<title>Styrketest - Europe Danish<\/title>\n<meta name=\"robots\" content=\"index, follow, max-snippet:-1, max-image-preview:large, max-video-preview:-1\" \/>\n<link rel=\"canonical\" href=\"https:\/\/www.alcoawheels.com\/europe\/da\/styrketest\/\" \/>\n<meta property=\"og:locale\" content=\"en_US\" \/>\n<meta property=\"og:type\" content=\"article\" \/>\n<meta property=\"og:title\" content=\"Styrketest\" \/>\n<meta property=\"og:description\" content=\"Alcoa\u00ae Ultra ONE\u00ae hjul 22,5&#8243; x 9,00&#8243; (varenummer 89U520) deformerede 50 mm under 442 kN \/ 45076 kg og var 3,4 gange st\u00e6rkere sammenlignet med Maxion st\u00e5lhjul (varenummer 2920841) med samme st\u00f8rrelse, der deformerede 50 mm under 129 kN \/ 13154 kg kraft. Styrketest &#8211; Sz\u00e9chenyi Istv\u00e1n University, Department of Vehicle Manufacturing and Technology, Ungarn, [&hellip;]\" \/>\n<meta property=\"og:url\" content=\"https:\/\/www.alcoawheels.com\/europe\/da\/styrketest\/\" \/>\n<meta property=\"og:site_name\" content=\"Europe Danish\" \/>\n<meta property=\"article:modified_time\" content=\"2024-10-07T15:41:26+00:00\" \/>\n<meta property=\"og:image\" content=\"https:\/\/www.alcoawheels.com\/europe\/da\/wp-content\/uploads\/sites\/10\/2023\/06\/benefits-banner.jpg\" \/>\n<meta name=\"twitter:card\" content=\"summary_large_image\" \/>\n<meta name=\"twitter:label1\" content=\"Est. reading time\" \/>\n\t<meta name=\"twitter:data1\" content=\"1 minute\" \/>\n<script type=\"application\/ld+json\" class=\"yoast-schema-graph\">{\"@context\":\"https:\\\/\\\/schema.org\",\"@graph\":[{\"@type\":\"WebPage\",\"@id\":\"https:\\\/\\\/www.alcoawheels.com\\\/europe\\\/da\\\/styrketest\\\/\",\"url\":\"https:\\\/\\\/www.alcoawheels.com\\\/europe\\\/da\\\/styrketest\\\/\",\"name\":\"Styrketest - Europe Danish\",\"isPartOf\":{\"@id\":\"https:\\\/\\\/www.alcoawheels.com\\\/europe\\\/da\\\/#website\"},\"primaryImageOfPage\":{\"@id\":\"https:\\\/\\\/www.alcoawheels.com\\\/europe\\\/da\\\/styrketest\\\/#primaryimage\"},\"image\":{\"@id\":\"https:\\\/\\\/www.alcoawheels.com\\\/europe\\\/da\\\/styrketest\\\/#primaryimage\"},\"thumbnailUrl\":\"https:\\\/\\\/www.alcoawheels.com\\\/europe\\\/da\\\/wp-content\\\/uploads\\\/sites\\\/10\\\/2023\\\/06\\\/benefits-banner.jpg\",\"datePublished\":\"2024-07-19T14:41:01+00:00\",\"dateModified\":\"2024-10-07T15:41:26+00:00\",\"breadcrumb\":{\"@id\":\"https:\\\/\\\/www.alcoawheels.com\\\/europe\\\/da\\\/styrketest\\\/#breadcrumb\"},\"inLanguage\":\"en-US\",\"potentialAction\":[{\"@type\":\"ReadAction\",\"target\":[\"https:\\\/\\\/www.alcoawheels.com\\\/europe\\\/da\\\/styrketest\\\/\"]}]},{\"@type\":\"ImageObject\",\"inLanguage\":\"en-US\",\"@id\":\"https:\\\/\\\/www.alcoawheels.com\\\/europe\\\/da\\\/styrketest\\\/#primaryimage\",\"url\":\"https:\\\/\\\/www.alcoawheels.com\\\/europe\\\/da\\\/wp-content\\\/uploads\\\/sites\\\/10\\\/2023\\\/06\\\/benefits-banner.jpg\",\"contentUrl\":\"https:\\\/\\\/www.alcoawheels.com\\\/europe\\\/da\\\/wp-content\\\/uploads\\\/sites\\\/10\\\/2023\\\/06\\\/benefits-banner.jpg\",\"width\":1119,\"height\":280},{\"@type\":\"BreadcrumbList\",\"@id\":\"https:\\\/\\\/www.alcoawheels.com\\\/europe\\\/da\\\/styrketest\\\/#breadcrumb\",\"itemListElement\":[{\"@type\":\"ListItem\",\"position\":1,\"name\":\"Home\",\"item\":\"https:\\\/\\\/www.alcoawheels.com\\\/europe\\\/da\\\/\"},{\"@type\":\"ListItem\",\"position\":2,\"name\":\"Styrketest\"}]},{\"@type\":\"WebSite\",\"@id\":\"https:\\\/\\\/www.alcoawheels.com\\\/europe\\\/da\\\/#website\",\"url\":\"https:\\\/\\\/www.alcoawheels.com\\\/europe\\\/da\\\/\",\"name\":\"Europe Danish\",\"description\":\"\",\"publisher\":{\"@id\":\"https:\\\/\\\/www.alcoawheels.com\\\/europe\\\/da\\\/#organization\"},\"potentialAction\":[{\"@type\":\"SearchAction\",\"target\":{\"@type\":\"EntryPoint\",\"urlTemplate\":\"https:\\\/\\\/www.alcoawheels.com\\\/europe\\\/da\\\/?s={search_term_string}\"},\"query-input\":{\"@type\":\"PropertyValueSpecification\",\"valueRequired\":true,\"valueName\":\"search_term_string\"}}],\"inLanguage\":\"en-US\"},{\"@type\":\"Organization\",\"@id\":\"https:\\\/\\\/www.alcoawheels.com\\\/europe\\\/da\\\/#organization\",\"name\":\"Europe Danish\",\"url\":\"https:\\\/\\\/www.alcoawheels.com\\\/europe\\\/da\\\/\",\"logo\":{\"@type\":\"ImageObject\",\"inLanguage\":\"en-US\",\"@id\":\"https:\\\/\\\/www.alcoawheels.com\\\/europe\\\/da\\\/#\\\/schema\\\/logo\\\/image\\\/\",\"url\":\"https:\\\/\\\/www.alcoawheels.com\\\/europe\\\/da\\\/wp-content\\\/uploads\\\/sites\\\/10\\\/2023\\\/05\\\/logo-black.gif\",\"contentUrl\":\"https:\\\/\\\/www.alcoawheels.com\\\/europe\\\/da\\\/wp-content\\\/uploads\\\/sites\\\/10\\\/2023\\\/05\\\/logo-black.gif\",\"width\":71,\"height\":64,\"caption\":\"Europe Danish\"},\"image\":{\"@id\":\"https:\\\/\\\/www.alcoawheels.com\\\/europe\\\/da\\\/#\\\/schema\\\/logo\\\/image\\\/\"}}]}<\/script>\n<!-- \/ Yoast SEO Premium plugin. -->","yoast_head_json":{"title":"Styrketest - Europe Danish","robots":{"index":"index","follow":"follow","max-snippet":"max-snippet:-1","max-image-preview":"max-image-preview:large","max-video-preview":"max-video-preview:-1"},"canonical":"https:\/\/www.alcoawheels.com\/europe\/da\/styrketest\/","og_locale":"en_US","og_type":"article","og_title":"Styrketest","og_description":"Alcoa\u00ae Ultra ONE\u00ae hjul 22,5&#8243; x 9,00&#8243; (varenummer 89U520) deformerede 50 mm under 442 kN \/ 45076 kg og var 3,4 gange st\u00e6rkere sammenlignet med Maxion st\u00e5lhjul (varenummer 2920841) med samme st\u00f8rrelse, der deformerede 50 mm under 129 kN \/ 13154 kg kraft. Styrketest &#8211; Sz\u00e9chenyi Istv\u00e1n University, Department of Vehicle Manufacturing and Technology, Ungarn, [&hellip;]","og_url":"https:\/\/www.alcoawheels.com\/europe\/da\/styrketest\/","og_site_name":"Europe Danish","article_modified_time":"2024-10-07T15:41:26+00:00","og_image":[{"url":"https:\/\/www.alcoawheels.com\/europe\/da\/wp-content\/uploads\/sites\/10\/2023\/06\/benefits-banner.jpg","type":"","width":"","height":""}],"twitter_card":"summary_large_image","twitter_misc":{"Est. reading time":"1 minute"},"schema":{"@context":"https:\/\/schema.org","@graph":[{"@type":"WebPage","@id":"https:\/\/www.alcoawheels.com\/europe\/da\/styrketest\/","url":"https:\/\/www.alcoawheels.com\/europe\/da\/styrketest\/","name":"Styrketest - Europe Danish","isPartOf":{"@id":"https:\/\/www.alcoawheels.com\/europe\/da\/#website"},"primaryImageOfPage":{"@id":"https:\/\/www.alcoawheels.com\/europe\/da\/styrketest\/#primaryimage"},"image":{"@id":"https:\/\/www.alcoawheels.com\/europe\/da\/styrketest\/#primaryimage"},"thumbnailUrl":"https:\/\/www.alcoawheels.com\/europe\/da\/wp-content\/uploads\/sites\/10\/2023\/06\/benefits-banner.jpg","datePublished":"2024-07-19T14:41:01+00:00","dateModified":"2024-10-07T15:41:26+00:00","breadcrumb":{"@id":"https:\/\/www.alcoawheels.com\/europe\/da\/styrketest\/#breadcrumb"},"inLanguage":"en-US","potentialAction":[{"@type":"ReadAction","target":["https:\/\/www.alcoawheels.com\/europe\/da\/styrketest\/"]}]},{"@type":"ImageObject","inLanguage":"en-US","@id":"https:\/\/www.alcoawheels.com\/europe\/da\/styrketest\/#primaryimage","url":"https:\/\/www.alcoawheels.com\/europe\/da\/wp-content\/uploads\/sites\/10\/2023\/06\/benefits-banner.jpg","contentUrl":"https:\/\/www.alcoawheels.com\/europe\/da\/wp-content\/uploads\/sites\/10\/2023\/06\/benefits-banner.jpg","width":1119,"height":280},{"@type":"BreadcrumbList","@id":"https:\/\/www.alcoawheels.com\/europe\/da\/styrketest\/#breadcrumb","itemListElement":[{"@type":"ListItem","position":1,"name":"Home","item":"https:\/\/www.alcoawheels.com\/europe\/da\/"},{"@type":"ListItem","position":2,"name":"Styrketest"}]},{"@type":"WebSite","@id":"https:\/\/www.alcoawheels.com\/europe\/da\/#website","url":"https:\/\/www.alcoawheels.com\/europe\/da\/","name":"Europe Danish","description":"","publisher":{"@id":"https:\/\/www.alcoawheels.com\/europe\/da\/#organization"},"potentialAction":[{"@type":"SearchAction","target":{"@type":"EntryPoint","urlTemplate":"https:\/\/www.alcoawheels.com\/europe\/da\/?s={search_term_string}"},"query-input":{"@type":"PropertyValueSpecification","valueRequired":true,"valueName":"search_term_string"}}],"inLanguage":"en-US"},{"@type":"Organization","@id":"https:\/\/www.alcoawheels.com\/europe\/da\/#organization","name":"Europe Danish","url":"https:\/\/www.alcoawheels.com\/europe\/da\/","logo":{"@type":"ImageObject","inLanguage":"en-US","@id":"https:\/\/www.alcoawheels.com\/europe\/da\/#\/schema\/logo\/image\/","url":"https:\/\/www.alcoawheels.com\/europe\/da\/wp-content\/uploads\/sites\/10\/2023\/05\/logo-black.gif","contentUrl":"https:\/\/www.alcoawheels.com\/europe\/da\/wp-content\/uploads\/sites\/10\/2023\/05\/logo-black.gif","width":71,"height":64,"caption":"Europe Danish"},"image":{"@id":"https:\/\/www.alcoawheels.com\/europe\/da\/#\/schema\/logo\/image\/"}}]}},"parsely":{"version":"1.1.0","canonical_url":"https:\/\/alcoawheels.com\/europe\/da\/styrketest\/","smart_links":{"inbound":0,"outbound":0},"traffic_boost_suggestions_count":0,"meta":{"@context":"https:\/\/schema.org","@type":"WebPage","headline":"Styrketest","url":"http:\/\/www.alcoawheels.com\/europe\/da\/styrketest\/","mainEntityOfPage":{"@type":"WebPage","@id":"http:\/\/www.alcoawheels.com\/europe\/da\/styrketest\/"},"thumbnailUrl":"","image":{"@type":"ImageObject","url":""},"articleSection":"Uncategorized","author":[{"@type":"Person","name":"riccirm"}],"creator":["riccirm"],"publisher":{"@type":"Organization","name":"Europe Danish","logo":""},"keywords":[],"dateCreated":"2024-07-19T14:41:01Z","datePublished":"2024-07-19T14:41:01Z","dateModified":"2024-10-07T15:41:26Z"},"rendered":"<script type=\"application\/ld+json\" class=\"wp-parsely-metadata\">{\"@context\":\"https:\\\/\\\/schema.org\",\"@type\":\"WebPage\",\"headline\":\"Styrketest\",\"url\":\"http:\\\/\\\/www.alcoawheels.com\\\/europe\\\/da\\\/styrketest\\\/\",\"mainEntityOfPage\":{\"@type\":\"WebPage\",\"@id\":\"http:\\\/\\\/www.alcoawheels.com\\\/europe\\\/da\\\/styrketest\\\/\"},\"thumbnailUrl\":\"\",\"image\":{\"@type\":\"ImageObject\",\"url\":\"\"},\"articleSection\":\"Uncategorized\",\"author\":[{\"@type\":\"Person\",\"name\":\"riccirm\"}],\"creator\":[\"riccirm\"],\"publisher\":{\"@type\":\"Organization\",\"name\":\"Europe Danish\",\"logo\":\"\"},\"keywords\":[],\"dateCreated\":\"2024-07-19T14:41:01Z\",\"datePublished\":\"2024-07-19T14:41:01Z\",\"dateModified\":\"2024-10-07T15:41:26Z\"}<\/script>","tracker_url":"https:\/\/cdn.parsely.com\/keys\/alcoawheels.com\/p.js"},"jetpack_sharing_enabled":true,"_links":{"self":[{"href":"https:\/\/www.alcoawheels.com\/europe\/da\/wp-json\/wp\/v2\/pages\/3736","targetHints":{"allow":["GET"]}}],"collection":[{"href":"https:\/\/www.alcoawheels.com\/europe\/da\/wp-json\/wp\/v2\/pages"}],"about":[{"href":"https:\/\/www.alcoawheels.com\/europe\/da\/wp-json\/wp\/v2\/types\/page"}],"author":[{"embeddable":true,"href":"https:\/\/www.alcoawheels.com\/europe\/da\/wp-json\/wp\/v2\/users\/62"}],"replies":[{"embeddable":true,"href":"https:\/\/www.alcoawheels.com\/europe\/da\/wp-json\/wp\/v2\/comments?post=3736"}],"version-history":[{"count":5,"href":"https:\/\/www.alcoawheels.com\/europe\/da\/wp-json\/wp\/v2\/pages\/3736\/revisions"}],"predecessor-version":[{"id":3772,"href":"https:\/\/www.alcoawheels.com\/europe\/da\/wp-json\/wp\/v2\/pages\/3736\/revisions\/3772"}],"wp:attachment":[{"href":"https:\/\/www.alcoawheels.com\/europe\/da\/wp-json\/wp\/v2\/media?parent=3736"}],"curies":[{"name":"wp","href":"https:\/\/api.w.org\/{rel}","templated":true}]}}