{"id":3762,"date":"2024-09-17T14:28:10","date_gmt":"2024-09-17T12:28:10","guid":{"rendered":"https:\/\/www.alcoawheels.com\/europe\/da\/?page_id=3762"},"modified":"2025-02-07T14:48:21","modified_gmt":"2025-02-07T13:48:21","slug":"faelgregistreringsformular-status-tracker","status":"publish","type":"page","link":"https:\/\/www.alcoawheels.com\/europe\/da\/faelgregistreringsformular-status-tracker\/","title":{"rendered":"F\u00e6lgregistreringsformular Status Tracker"},"content":{"rendered":"\n<div class=\"wp-block-alcoa-wheels-hero-banner-innerpage hero-banner with-image layout-2 overlayEnable align- vertical-align- align-center vertical-align-center\" style=\"background-color:#eee\"><img decoding=\"async\" src=\"https:\/\/www.alcoawheels.com\/europe\/en\/wp-content\/uploads\/sites\/8\/2023\/06\/fsc-intro-banner.jpg\" alt=\"Fleet Service Center for Alcoa Wheels\" class=\"responsiveImage\"\/><div class=\"hero-banner__header\" style=\"text-align:center\"><div class=\"container\"><h1 class=\"hero-banner__header--title\">F\u00e6lgregistreringsformular Status Tracker<\/h1><\/div><\/div><\/div>\n\n\n\n<div style=\"height:50px\" aria-hidden=\"true\" class=\"wp-block-spacer\"><\/div>\n\n\n    <div class=\"lead-status-block-frontend\" data-attributes=\"{&quot;email&quot;:&quot;Indtast din e-mail&quot;,&quot;leadId&quot;:&quot;Indtast lead-id&quot;,&quot;status&quot;:&quot;Statusoplysninger&quot;,&quot;resetText&quot;:&quot;Ryd&quot;,&quot;loading&quot;:&quot;Indl\\u00e6sning af emnestatus\\u2026&quot;,&quot;noMatch&quot;:&quot;Der er ikke fundet et matchende lead for den angivne e-mailadresse og ID. Bekr\\u00e6ft venligst dine oplysninger, og pr\\u00f8v igen.&quot;,&quot;dearCustomer&quot;:&quot;K\\u00e6re kunde&quot;,&quot;thankYou&quot;:&quot;Den seneste status for dit f\\u00e6lgregistrerings-ID kan du finde nedenfor:&quot;,&quot;customerMessage&quot;:&quot;Den seneste status for dit f\\u00e6lgregistrerings-ID&quot;,&quot;description&quot;:&quot;Beskrivelse af hjemmesiden&quot;,&quot;followMessage&quot;:&quot;For yderligere information kontakt venligst: &quot;,&quot;followEmail&quot;:&quot;fleet@howmet.com&quot;,&quot;followPhone&quot;:&quot;eller +3622531841 mellem 8.00-16.30 CET p\\u00e5 arbejdsdage.&quot;,&quot;checkboxText&quot;:&quot;Vink het vakje aan om ons privacybeleid te accepteren&quot;,&quot;privacyText&quot;:&quot;privatlivspolitik&quot;,&quot;privacyLink&quot;:&quot;\\\/europe\\\/da\\\/privatlivspolitik\\\/&quot;,&quot;consentMessage&quot;:&quot;Ved at indsende denne anmodning giver jeg hermed samtykke til overf\\u00f8rsel af mine personlige data, der er angivet ovenfor, til Howmet Aerospace Inc.\\nog alle dets kontrollerede enheder i USA og andre steder, og til deres autoriserede tredjepartsentrepren\\u00f8rer eller -agenter, og til behandling af s\\u00e5danne data med det form\\u00e5l at besvare min anmodning. Howmet Aerospace skal udelukkende bruge de leverede oplysninger med henblik p\\u00e5 at besvare anmodningen og skal gemme dataene s\\u00e5 l\\u00e6nge, som det er strengt n\\u00f8dvendigt for at kunne gennemf\\u00f8re anmodningen. Jeg bekr\\u00e6fter, at jeg er fuldt informeret om \\u00e5rsagerne til behandling og overf\\u00f8rsel af mine personlige oplysninger, og jeg er opm\\u00e6rksom p\\u00e5 alle mine rettigheder vedr\\u00f8rende s\\u00e5danne personlige oplysninger og alle g\\u00e6ldende love. Hvis jeg p\\u00e5 noget tidspunkt herefter beslutter, at jeg vil tr\\u00e6kke mit samtykke tilbage, skal jeg kontakte Howmet Aerospace for at informere dem om denne beslutning. Jeg har ogs\\u00e5 ret til at f\\u00e5 eventuelle ukorrekte oplysninger, der er gemt af Howmet Aerospace, rettet.\\u00ab\\&quot;\\nen alle door haar gecontroleerde entiteiten in de Verenigde Staten van Amerika en elders, en aan hun geautoriseerde externe contractanten of agenten, en voor de verwerking van dergelijke gegevens met als doel mijn verzoek te beantwoorden. Howmet Aerospace zal de verstrekte informatie uitsluitend gebruiken voor het beantwoorden van het verzoek en zal de gegevens zo lang bewaren als strikt noodzakelijk is om het verzoek te kunnen afhandelen. Ik bevestig dat ik volledig ge\\u00efnformeerd ben over de redenen voor de verwerking en overdracht van mijn persoonlijke gegevens en dat ik op de hoogte ben van al mijn rechten met betrekking tot dergelijke persoonlijke informatie en alle toepasselijke wetten. Indien ik op enig moment hierna besluit dat ik mijn hierboven gegeven toestemming wil intrekken, zal ik contact opnemen met Howmet Aerospace om hen van deze beslissing op de hoogte te stellen. Ik heb ook het recht om eventuele onjuiste informatie die is opgeslagen door Howmet Aerospace te laten rectificeren.&quot;,&quot;leadStatus&quot;:&quot;Lead Status&quot;,&quot;leadTime&quot;:&quot;Lead Time&quot;}\">\n        <form class=\"lead_form\">\n            <input type=\"email\" placeholder=\"Indtast din e-mail\" required class=\"email_input\">\n            <input type=\"text\" placeholder=\"Indtast lead-id\" required>\n            <button type=\"submit\" class=\"input-group-addon submit_button\" disabled>Statusoplysninger<\/button>\n            <button type=\"button\" class=\"input-group-addon reset-button\">Ryd<\/button>\n            <p class=\"field-label consent-label\"><strong>Vink het vakje aan om ons privacybeleid te accepteren<\/strong> <a href=\"\/europe\/da\/privatlivspolitik\/\" target=\"_blank\">privatlivspolitik<\/a>.<\/p>\n            <div class=\"checkbox-group\" id=\"checkbox_group\">\n                <div class=\"formbuilder-checkbox\">\n                    <input type=\"checkbox\" id=\"consent\" name=\"consent_message\" value=\"Ved at indsende denne anmodning giver jeg hermed samtykke til overf\u00f8rsel af mine personlige data, der er angivet ovenfor, til Howmet Aerospace Inc.\nog alle dets kontrollerede enheder i USA og andre steder, og til deres autoriserede tredjepartsentrepren\u00f8rer eller -agenter, og til behandling af s\u00e5danne data med det form\u00e5l at besvare min anmodning. Howmet Aerospace skal udelukkende bruge de leverede oplysninger med henblik p\u00e5 at besvare anmodningen og skal gemme dataene s\u00e5 l\u00e6nge, som det er strengt n\u00f8dvendigt for at kunne gennemf\u00f8re anmodningen. Jeg bekr\u00e6fter, at jeg er fuldt informeret om \u00e5rsagerne til behandling og overf\u00f8rsel af mine personlige oplysninger, og jeg er opm\u00e6rksom p\u00e5 alle mine rettigheder vedr\u00f8rende s\u00e5danne personlige oplysninger og alle g\u00e6ldende love. Hvis jeg p\u00e5 noget tidspunkt herefter beslutter, at jeg vil tr\u00e6kke mit samtykke tilbage, skal jeg kontakte Howmet Aerospace for at informere dem om denne beslutning. Jeg har ogs\u00e5 ret til at f\u00e5 eventuelle ukorrekte oplysninger, der er gemt af Howmet Aerospace, rettet.\u00ab&quot;\nen alle door haar gecontroleerde entiteiten in de Verenigde Staten van Amerika en elders, en aan hun geautoriseerde externe contractanten of agenten, en voor de verwerking van dergelijke gegevens met als doel mijn verzoek te beantwoorden. Howmet Aerospace zal de verstrekte informatie uitsluitend gebruiken voor het beantwoorden van het verzoek en zal de gegevens zo lang bewaren als strikt noodzakelijk is om het verzoek te kunnen afhandelen. Ik bevestig dat ik volledig ge\u00efnformeerd ben over de redenen voor de verwerking en overdracht van mijn persoonlijke gegevens en dat ik op de hoogte ben van al mijn rechten met betrekking tot dergelijke persoonlijke informatie en alle toepasselijke wetten. Indien ik op enig moment hierna besluit dat ik mijn hierboven gegeven toestemming wil intrekken, zal ik contact opnemen met Howmet Aerospace om hen van deze beslissing op de hoogte te stellen. Ik heb ook het recht om eventuele onjuiste informatie die is opgeslagen door Howmet Aerospace te laten rectificeren.\" class=\"consent_message\" required>\n                    <label for=\"consent_message\">Ved at indsende denne anmodning giver jeg hermed samtykke til overf\u00f8rsel af mine personlige data, der er angivet ovenfor, til Howmet Aerospace Inc.\nog alle dets kontrollerede enheder i USA og andre steder, og til deres autoriserede tredjepartsentrepren\u00f8rer eller -agenter, og til behandling af s\u00e5danne data med det form\u00e5l at besvare min anmodning. Howmet Aerospace skal udelukkende bruge de leverede oplysninger med henblik p\u00e5 at besvare anmodningen og skal gemme dataene s\u00e5 l\u00e6nge, som det er strengt n\u00f8dvendigt for at kunne gennemf\u00f8re anmodningen. Jeg bekr\u00e6fter, at jeg er fuldt informeret om \u00e5rsagerne til behandling og overf\u00f8rsel af mine personlige oplysninger, og jeg er opm\u00e6rksom p\u00e5 alle mine rettigheder vedr\u00f8rende s\u00e5danne personlige oplysninger og alle g\u00e6ldende love. Hvis jeg p\u00e5 noget tidspunkt herefter beslutter, at jeg vil tr\u00e6kke mit samtykke tilbage, skal jeg kontakte Howmet Aerospace for at informere dem om denne beslutning. Jeg har ogs\u00e5 ret til at f\u00e5 eventuelle ukorrekte oplysninger, der er gemt af Howmet Aerospace, rettet.\u00ab&quot;\nen alle door haar gecontroleerde entiteiten in de Verenigde Staten van Amerika en elders, en aan hun geautoriseerde externe contractanten of agenten, en voor de verwerking van dergelijke gegevens met als doel mijn verzoek te beantwoorden. Howmet Aerospace zal de verstrekte informatie uitsluitend gebruiken voor het beantwoorden van het verzoek en zal de gegevens zo lang bewaren als strikt noodzakelijk is om het verzoek te kunnen afhandelen. Ik bevestig dat ik volledig ge\u00efnformeerd ben over de redenen voor de verwerking en overdracht van mijn persoonlijke gegevens en dat ik op de hoogte ben van al mijn rechten met betrekking tot dergelijke persoonlijke informatie en alle toepasselijke wetten. Indien ik op enig moment hierna besluit dat ik mijn hierboven gegeven toestemming wil intrekken, zal ik contact opnemen met Howmet Aerospace om hen van deze beslissing op de hoogte te stellen. Ik heb ook het recht om eventuele onjuiste informatie die is opgeslagen door Howmet Aerospace te laten rectificeren.<\/label>\n                <\/div>\n            <\/div>\n        <\/form>\n        <div class=\"lead_section\"><\/div>\n    <\/div>\n\n\n\n<div style=\"height:50px\" aria-hidden=\"true\" class=\"wp-block-spacer\"><\/div>\n\n\n\n<p>Har du brug for at indsende en anden f\u00e6lgregistreringsformular? Klik venligst <a href=\"https:\/\/www.alcoawheels.com\/europe\/da\/fladeservicecenter\/\">her<\/a><\/p>\n\n\n\n<p>Hvis du oplever problemer eller har sp\u00f8rgsm\u00e5l, bedes du bes\u00f8ge <a href=\"https:\/\/www.alcoawheels.com\/europe\/da\/fsc-introduktion\/\">Fleet Service Center<\/a> og\/eller vores <a href=\"https:\/\/www.alcoawheels.com\/europe\/en\/faq\/\">FAQ-s<\/a><a href=\"https:\/\/www.alcoawheels.com\/europe\/da\/faq\/\">ektion<\/a>.<\/p>\n\n\n\n<p><\/p>\n","protected":false},"excerpt":{"rendered":"<p>Har du brug for at indsende en anden f\u00e6lgregistreringsformular? Klik venligst her Hvis du oplever problemer eller har sp\u00f8rgsm\u00e5l, bedes du bes\u00f8ge Fleet Service Center og\/eller vores FAQ-sektion.<\/p>\n","protected":false},"author":62,"featured_media":0,"parent":0,"menu_order":0,"comment_status":"closed","ping_status":"closed","template":"","meta":{"_acf_changed":false,"protected_reviewer_email":"","editor_notices":[],"footnotes":""},"class_list":["post-3762","page","type-page","status-publish","hentry"],"acf":[],"yoast_head":"<!-- This site is optimized with the Yoast SEO Premium plugin v27.4 (Yoast SEO v27.4) - https:\/\/yoast.com\/product\/yoast-seo-premium-wordpress\/ -->\n<title>F\u00e6lgregistreringsformular Status Tracker - Europe Danish<\/title>\n<meta name=\"robots\" content=\"index, follow, max-snippet:-1, max-image-preview:large, max-video-preview:-1\" \/>\n<link rel=\"canonical\" href=\"https:\/\/www.alcoawheels.com\/europe\/da\/faelgregistreringsformular-status-tracker\/\" \/>\n<meta property=\"og:locale\" content=\"en_US\" \/>\n<meta property=\"og:type\" content=\"article\" \/>\n<meta property=\"og:title\" content=\"F\u00e6lgregistreringsformular Status Tracker\" \/>\n<meta property=\"og:description\" content=\"Har du brug for at indsende en anden f\u00e6lgregistreringsformular? Klik venligst her Hvis du oplever problemer eller har sp\u00f8rgsm\u00e5l, bedes du bes\u00f8ge Fleet Service Center og\/eller vores FAQ-sektion.\" \/>\n<meta property=\"og:url\" content=\"https:\/\/www.alcoawheels.com\/europe\/da\/faelgregistreringsformular-status-tracker\/\" \/>\n<meta property=\"og:site_name\" content=\"Europe Danish\" \/>\n<meta property=\"article:modified_time\" content=\"2025-02-07T13:48:21+00:00\" \/>\n<meta property=\"og:image\" content=\"https:\/\/www.alcoawheels.com\/europe\/en\/wp-content\/uploads\/sites\/8\/2023\/06\/fsc-intro-banner.jpg\" \/>\n<meta name=\"twitter:card\" content=\"summary_large_image\" \/>\n<meta name=\"twitter:label1\" content=\"Est. reading time\" \/>\n\t<meta name=\"twitter:data1\" content=\"1 minute\" \/>\n<script type=\"application\/ld+json\" class=\"yoast-schema-graph\">{\"@context\":\"https:\\\/\\\/schema.org\",\"@graph\":[{\"@type\":\"WebPage\",\"@id\":\"https:\\\/\\\/www.alcoawheels.com\\\/europe\\\/da\\\/faelgregistreringsformular-status-tracker\\\/\",\"url\":\"https:\\\/\\\/www.alcoawheels.com\\\/europe\\\/da\\\/faelgregistreringsformular-status-tracker\\\/\",\"name\":\"F\u00e6lgregistreringsformular Status Tracker - Europe Danish\",\"isPartOf\":{\"@id\":\"https:\\\/\\\/www.alcoawheels.com\\\/europe\\\/da\\\/#website\"},\"primaryImageOfPage\":{\"@id\":\"https:\\\/\\\/www.alcoawheels.com\\\/europe\\\/da\\\/faelgregistreringsformular-status-tracker\\\/#primaryimage\"},\"image\":{\"@id\":\"https:\\\/\\\/www.alcoawheels.com\\\/europe\\\/da\\\/faelgregistreringsformular-status-tracker\\\/#primaryimage\"},\"thumbnailUrl\":\"https:\\\/\\\/www.alcoawheels.com\\\/europe\\\/en\\\/wp-content\\\/uploads\\\/sites\\\/8\\\/2023\\\/06\\\/fsc-intro-banner.jpg\",\"datePublished\":\"2024-09-17T12:28:10+00:00\",\"dateModified\":\"2025-02-07T13:48:21+00:00\",\"breadcrumb\":{\"@id\":\"https:\\\/\\\/www.alcoawheels.com\\\/europe\\\/da\\\/faelgregistreringsformular-status-tracker\\\/#breadcrumb\"},\"inLanguage\":\"en-US\",\"potentialAction\":[{\"@type\":\"ReadAction\",\"target\":[\"https:\\\/\\\/www.alcoawheels.com\\\/europe\\\/da\\\/faelgregistreringsformular-status-tracker\\\/\"]}]},{\"@type\":\"ImageObject\",\"inLanguage\":\"en-US\",\"@id\":\"https:\\\/\\\/www.alcoawheels.com\\\/europe\\\/da\\\/faelgregistreringsformular-status-tracker\\\/#primaryimage\",\"url\":\"https:\\\/\\\/www.alcoawheels.com\\\/europe\\\/en\\\/wp-content\\\/uploads\\\/sites\\\/8\\\/2023\\\/06\\\/fsc-intro-banner.jpg\",\"contentUrl\":\"https:\\\/\\\/www.alcoawheels.com\\\/europe\\\/en\\\/wp-content\\\/uploads\\\/sites\\\/8\\\/2023\\\/06\\\/fsc-intro-banner.jpg\"},{\"@type\":\"BreadcrumbList\",\"@id\":\"https:\\\/\\\/www.alcoawheels.com\\\/europe\\\/da\\\/faelgregistreringsformular-status-tracker\\\/#breadcrumb\",\"itemListElement\":[{\"@type\":\"ListItem\",\"position\":1,\"name\":\"Home\",\"item\":\"https:\\\/\\\/www.alcoawheels.com\\\/europe\\\/da\\\/\"},{\"@type\":\"ListItem\",\"position\":2,\"name\":\"F\u00e6lgregistreringsformular Status Tracker\"}]},{\"@type\":\"WebSite\",\"@id\":\"https:\\\/\\\/www.alcoawheels.com\\\/europe\\\/da\\\/#website\",\"url\":\"https:\\\/\\\/www.alcoawheels.com\\\/europe\\\/da\\\/\",\"name\":\"Europe Danish\",\"description\":\"\",\"publisher\":{\"@id\":\"https:\\\/\\\/www.alcoawheels.com\\\/europe\\\/da\\\/#organization\"},\"potentialAction\":[{\"@type\":\"SearchAction\",\"target\":{\"@type\":\"EntryPoint\",\"urlTemplate\":\"https:\\\/\\\/www.alcoawheels.com\\\/europe\\\/da\\\/?s={search_term_string}\"},\"query-input\":{\"@type\":\"PropertyValueSpecification\",\"valueRequired\":true,\"valueName\":\"search_term_string\"}}],\"inLanguage\":\"en-US\"},{\"@type\":\"Organization\",\"@id\":\"https:\\\/\\\/www.alcoawheels.com\\\/europe\\\/da\\\/#organization\",\"name\":\"Europe Danish\",\"url\":\"https:\\\/\\\/www.alcoawheels.com\\\/europe\\\/da\\\/\",\"logo\":{\"@type\":\"ImageObject\",\"inLanguage\":\"en-US\",\"@id\":\"https:\\\/\\\/www.alcoawheels.com\\\/europe\\\/da\\\/#\\\/schema\\\/logo\\\/image\\\/\",\"url\":\"https:\\\/\\\/www.alcoawheels.com\\\/europe\\\/da\\\/wp-content\\\/uploads\\\/sites\\\/10\\\/2023\\\/05\\\/logo-black.gif\",\"contentUrl\":\"https:\\\/\\\/www.alcoawheels.com\\\/europe\\\/da\\\/wp-content\\\/uploads\\\/sites\\\/10\\\/2023\\\/05\\\/logo-black.gif\",\"width\":71,\"height\":64,\"caption\":\"Europe Danish\"},\"image\":{\"@id\":\"https:\\\/\\\/www.alcoawheels.com\\\/europe\\\/da\\\/#\\\/schema\\\/logo\\\/image\\\/\"}}]}<\/script>\n<!-- \/ Yoast SEO Premium plugin. -->","yoast_head_json":{"title":"F\u00e6lgregistreringsformular Status Tracker - Europe Danish","robots":{"index":"index","follow":"follow","max-snippet":"max-snippet:-1","max-image-preview":"max-image-preview:large","max-video-preview":"max-video-preview:-1"},"canonical":"https:\/\/www.alcoawheels.com\/europe\/da\/faelgregistreringsformular-status-tracker\/","og_locale":"en_US","og_type":"article","og_title":"F\u00e6lgregistreringsformular Status Tracker","og_description":"Har du brug for at indsende en anden f\u00e6lgregistreringsformular? Klik venligst her Hvis du oplever problemer eller har sp\u00f8rgsm\u00e5l, bedes du bes\u00f8ge Fleet Service Center og\/eller vores FAQ-sektion.","og_url":"https:\/\/www.alcoawheels.com\/europe\/da\/faelgregistreringsformular-status-tracker\/","og_site_name":"Europe Danish","article_modified_time":"2025-02-07T13:48:21+00:00","og_image":[{"url":"https:\/\/www.alcoawheels.com\/europe\/en\/wp-content\/uploads\/sites\/8\/2023\/06\/fsc-intro-banner.jpg","type":"","width":"","height":""}],"twitter_card":"summary_large_image","twitter_misc":{"Est. reading time":"1 minute"},"schema":{"@context":"https:\/\/schema.org","@graph":[{"@type":"WebPage","@id":"https:\/\/www.alcoawheels.com\/europe\/da\/faelgregistreringsformular-status-tracker\/","url":"https:\/\/www.alcoawheels.com\/europe\/da\/faelgregistreringsformular-status-tracker\/","name":"F\u00e6lgregistreringsformular Status Tracker - Europe Danish","isPartOf":{"@id":"https:\/\/www.alcoawheels.com\/europe\/da\/#website"},"primaryImageOfPage":{"@id":"https:\/\/www.alcoawheels.com\/europe\/da\/faelgregistreringsformular-status-tracker\/#primaryimage"},"image":{"@id":"https:\/\/www.alcoawheels.com\/europe\/da\/faelgregistreringsformular-status-tracker\/#primaryimage"},"thumbnailUrl":"https:\/\/www.alcoawheels.com\/europe\/en\/wp-content\/uploads\/sites\/8\/2023\/06\/fsc-intro-banner.jpg","datePublished":"2024-09-17T12:28:10+00:00","dateModified":"2025-02-07T13:48:21+00:00","breadcrumb":{"@id":"https:\/\/www.alcoawheels.com\/europe\/da\/faelgregistreringsformular-status-tracker\/#breadcrumb"},"inLanguage":"en-US","potentialAction":[{"@type":"ReadAction","target":["https:\/\/www.alcoawheels.com\/europe\/da\/faelgregistreringsformular-status-tracker\/"]}]},{"@type":"ImageObject","inLanguage":"en-US","@id":"https:\/\/www.alcoawheels.com\/europe\/da\/faelgregistreringsformular-status-tracker\/#primaryimage","url":"https:\/\/www.alcoawheels.com\/europe\/en\/wp-content\/uploads\/sites\/8\/2023\/06\/fsc-intro-banner.jpg","contentUrl":"https:\/\/www.alcoawheels.com\/europe\/en\/wp-content\/uploads\/sites\/8\/2023\/06\/fsc-intro-banner.jpg"},{"@type":"BreadcrumbList","@id":"https:\/\/www.alcoawheels.com\/europe\/da\/faelgregistreringsformular-status-tracker\/#breadcrumb","itemListElement":[{"@type":"ListItem","position":1,"name":"Home","item":"https:\/\/www.alcoawheels.com\/europe\/da\/"},{"@type":"ListItem","position":2,"name":"F\u00e6lgregistreringsformular Status Tracker"}]},{"@type":"WebSite","@id":"https:\/\/www.alcoawheels.com\/europe\/da\/#website","url":"https:\/\/www.alcoawheels.com\/europe\/da\/","name":"Europe Danish","description":"","publisher":{"@id":"https:\/\/www.alcoawheels.com\/europe\/da\/#organization"},"potentialAction":[{"@type":"SearchAction","target":{"@type":"EntryPoint","urlTemplate":"https:\/\/www.alcoawheels.com\/europe\/da\/?s={search_term_string}"},"query-input":{"@type":"PropertyValueSpecification","valueRequired":true,"valueName":"search_term_string"}}],"inLanguage":"en-US"},{"@type":"Organization","@id":"https:\/\/www.alcoawheels.com\/europe\/da\/#organization","name":"Europe Danish","url":"https:\/\/www.alcoawheels.com\/europe\/da\/","logo":{"@type":"ImageObject","inLanguage":"en-US","@id":"https:\/\/www.alcoawheels.com\/europe\/da\/#\/schema\/logo\/image\/","url":"https:\/\/www.alcoawheels.com\/europe\/da\/wp-content\/uploads\/sites\/10\/2023\/05\/logo-black.gif","contentUrl":"https:\/\/www.alcoawheels.com\/europe\/da\/wp-content\/uploads\/sites\/10\/2023\/05\/logo-black.gif","width":71,"height":64,"caption":"Europe Danish"},"image":{"@id":"https:\/\/www.alcoawheels.com\/europe\/da\/#\/schema\/logo\/image\/"}}]}},"parsely":{"version":"1.1.0","canonical_url":"https:\/\/alcoawheels.com\/europe\/da\/faelgregistreringsformular-status-tracker\/","smart_links":{"inbound":0,"outbound":0},"traffic_boost_suggestions_count":0,"meta":{"@context":"https:\/\/schema.org","@type":"WebPage","headline":"F\u00e6lgregistreringsformular Status Tracker","url":"http:\/\/www.alcoawheels.com\/europe\/da\/faelgregistreringsformular-status-tracker\/","mainEntityOfPage":{"@type":"WebPage","@id":"http:\/\/www.alcoawheels.com\/europe\/da\/faelgregistreringsformular-status-tracker\/"},"thumbnailUrl":"","image":{"@type":"ImageObject","url":""},"articleSection":"Uncategorized","author":[{"@type":"Person","name":"riccirm"}],"creator":["riccirm"],"publisher":{"@type":"Organization","name":"Europe Danish","logo":""},"keywords":[],"dateCreated":"2024-09-17T12:28:10Z","datePublished":"2024-09-17T12:28:10Z","dateModified":"2025-02-07T13:48:21Z"},"rendered":"<script type=\"application\/ld+json\" class=\"wp-parsely-metadata\">{\"@context\":\"https:\\\/\\\/schema.org\",\"@type\":\"WebPage\",\"headline\":\"F\\u00e6lgregistreringsformular Status Tracker\",\"url\":\"http:\\\/\\\/www.alcoawheels.com\\\/europe\\\/da\\\/faelgregistreringsformular-status-tracker\\\/\",\"mainEntityOfPage\":{\"@type\":\"WebPage\",\"@id\":\"http:\\\/\\\/www.alcoawheels.com\\\/europe\\\/da\\\/faelgregistreringsformular-status-tracker\\\/\"},\"thumbnailUrl\":\"\",\"image\":{\"@type\":\"ImageObject\",\"url\":\"\"},\"articleSection\":\"Uncategorized\",\"author\":[{\"@type\":\"Person\",\"name\":\"riccirm\"}],\"creator\":[\"riccirm\"],\"publisher\":{\"@type\":\"Organization\",\"name\":\"Europe Danish\",\"logo\":\"\"},\"keywords\":[],\"dateCreated\":\"2024-09-17T12:28:10Z\",\"datePublished\":\"2024-09-17T12:28:10Z\",\"dateModified\":\"2025-02-07T13:48:21Z\"}<\/script>","tracker_url":"https:\/\/cdn.parsely.com\/keys\/alcoawheels.com\/p.js"},"jetpack_sharing_enabled":true,"_links":{"self":[{"href":"https:\/\/www.alcoawheels.com\/europe\/da\/wp-json\/wp\/v2\/pages\/3762","targetHints":{"allow":["GET"]}}],"collection":[{"href":"https:\/\/www.alcoawheels.com\/europe\/da\/wp-json\/wp\/v2\/pages"}],"about":[{"href":"https:\/\/www.alcoawheels.com\/europe\/da\/wp-json\/wp\/v2\/types\/page"}],"author":[{"embeddable":true,"href":"https:\/\/www.alcoawheels.com\/europe\/da\/wp-json\/wp\/v2\/users\/62"}],"replies":[{"embeddable":true,"href":"https:\/\/www.alcoawheels.com\/europe\/da\/wp-json\/wp\/v2\/comments?post=3762"}],"version-history":[{"count":16,"href":"https:\/\/www.alcoawheels.com\/europe\/da\/wp-json\/wp\/v2\/pages\/3762\/revisions"}],"predecessor-version":[{"id":3818,"href":"https:\/\/www.alcoawheels.com\/europe\/da\/wp-json\/wp\/v2\/pages\/3762\/revisions\/3818"}],"wp:attachment":[{"href":"https:\/\/www.alcoawheels.com\/europe\/da\/wp-json\/wp\/v2\/media?parent=3762"}],"curies":[{"name":"wp","href":"https:\/\/api.w.org\/{rel}","templated":true}]}}