{"id":51,"date":"2023-05-25T10:07:38","date_gmt":"2023-05-25T10:07:38","guid":{"rendered":"https:\/\/www.alcoawheels.com\/europe\/da\/?page_id=51"},"modified":"2025-06-09T21:16:19","modified_gmt":"2025-06-09T19:16:19","slug":"om","status":"publish","type":"page","link":"https:\/\/www.alcoawheels.com\/europe\/da\/om\/","title":{"rendered":"ALCOA\u00ae\u00a0WHEELS"},"content":{"rendered":"\n<div class=\"wp-block-alcoa-wheels-hero-banner-innerpage hero-banner with-image layout-2 overlayEnable align- vertical-align-\" style=\"background-color:#eee\"><img decoding=\"async\" src=\"https:\/\/www.alcoawheels.com\/europe\/da\/wp-content\/uploads\/sites\/10\/2023\/06\/about-banner.jpg\" alt=\"Om Alcoa Wheels Arconic\" class=\"responsiveImage\"\/><div class=\"hero-banner__header\" style=\"text-align:center\"><div class=\"container\"><h1 class=\"hero-banner__header--title\">Om Alcoa<sup>\u00ae<\/sup>\u00a0f\u00e6lge<\/h1><\/div><\/div><\/div>\n\n\n\n<div style=\"height:50px\" aria-hidden=\"true\" class=\"wp-block-spacer spacer-fifty\"><\/div>\n\n\n\n<h2 class=\"wp-block-heading has-text-align-center\" id=\"h-forende-maerke-inden-for-aluminiumsfaelge\">F\u00f8rende m\u00e6rke inden for aluminiumsf\u00e6lge<\/h2>\n\n\n\n<h4 class=\"wp-block-heading has-text-align-center\" id=\"h-vi-introducerede-transportindustrien-for-den-forste-smedede-aluminiumfaelg-i-1948-og-vi-har-genopfundet-den-lige-siden\">Vi introducerede transportindustrien for den f\u00f8rste smedede aluminiumf\u00e6lg i 1948, og vi har genopfundet den lige siden.<\/h4>\n\n\n\n<h5 class=\"wp-block-heading\" id=\"h-nbsp\">&nbsp;<\/h5>\n\n\n\n<h5 class=\"wp-block-heading has-text-align-left\" id=\"h-alcoa-nbsp-wheels-er-et-maerke-og-produkt-fra-forretningsenheden-howmet-wheel-systems-som-er-en-del-af-howmet-aerospace-inc-tidligere-kendt-som-arconic-inc-nbsp-i-2020-adskilte-arconic-inc-sig-i-to-uafhaengige-virksomheder-howmet-aerospace-inc-og-arconic-corporation-for-de-europaeiske-markeder-producerer-howmet-alcoa-nbsp-wheels-i-sin-produktionsfacilitet-i-ungarn-nbsp\">ALCOA<sup>\u00ae<\/sup>&nbsp;WHEELS er et m\u00e6rke og produkt fra forretningsenheden Howmet Wheel Systems, som er en del af Howmet Aerospace Inc. (tidligere kendt som Arconic Inc).<br>&nbsp;<br>I 2020 adskilte Arconic Inc. sig i to uafh\u00e6ngige virksomheder (Howmet Aerospace Inc. og Arconic Corporation). For de europ\u00e6iske markeder producerer Howmet ALCOA<sup>\u00ae<\/sup>&nbsp;WHEELS i sin produktionsfacilitet i Ungarn.&nbsp;<\/h5>\n\n\n\n<div class=\"wp-block-alcoa-wheels-zigzag media-list__body\" id=\"zigzag-main-76175082-45f2-4aa1-a2eb-4a34676fe245\"><div class=\"media-list__body_main  vertical-align-center  container row-reverse\">\n<div class=\"wp-block-alcoa-wheels-zigzag-item media-list-item\"><div class=\"media-list-item__box_content\"><div class=\"media-list-item__box_content_inner\">\n<h4 class=\"wp-block-heading\" id=\"h-1948\">1948<\/h4>\n\n\n\n<h5 class=\"wp-block-heading\" id=\"h-den-forste-smedede-lastvognsfaelg-i-aluminium-bliver-opfundet-nbsp\">Den f\u00f8rste smedede lastvognsf\u00e6lg i aluminium bliver opfundet.&nbsp;<\/h5>\n<\/div><\/div><div class=\"media-list-item__box_image\"><img loading=\"lazy\" decoding=\"async\" width=\"748\" height=\"581\" src=\"https:\/\/www.alcoawheels.com\/europe\/da\/wp-content\/uploads\/sites\/10\/2023\/06\/about-1948-europe.jpg\" alt=\"f\u00f8rste smedede aluminiumsf\u00e6lge til en lastbil\"\/><\/div><\/div>\n\n\n\n<div class=\"wp-block-alcoa-wheels-zigzag-item media-list-item\"><div class=\"media-list-item__box_content\"><div class=\"media-list-item__box_content_inner\">\n<h4 class=\"wp-block-heading has-text-align-right\" id=\"h-1978\">1978<\/h4>\n\n\n\n<h5 class=\"wp-block-heading has-text-align-right\" id=\"h-den-forste-lastvognsfaelg-i-aluminium-introduceres-i-europa-nbsp\">Den f\u00f8rste lastvognsf\u00e6lg i aluminium introduceres i Europa.&nbsp;<\/h5>\n<\/div><\/div><div class=\"media-list-item__box_image\"><img loading=\"lazy\" decoding=\"async\" width=\"751\" height=\"580\" src=\"https:\/\/www.alcoawheels.com\/europe\/da\/wp-content\/uploads\/sites\/10\/2023\/06\/about-1978-europe.jpg\" alt=\"f\u00f8rste smedede aluminiumsf\u00e6lge til en lastbil i Europa\"\/><\/div><\/div>\n\n\n\n<div class=\"wp-block-alcoa-wheels-zigzag-item media-list-item\"><div class=\"media-list-item__box_content\"><div class=\"media-list-item__box_content_inner\">\n<h4 class=\"wp-block-heading\" id=\"h-1997\">1997<\/h4>\n\n\n\n<h5 class=\"wp-block-heading\" id=\"h-det-europaeiske-produktionsanlaeg-i-ungarn-abner-sine-dore\">Det europ\u00e6iske produktionsanl\u00e6g i Ungarn \u00e5bner sine d\u00f8re.<\/h5>\n<\/div><\/div><div class=\"media-list-item__box_image\"><img loading=\"lazy\" decoding=\"async\" width=\"748\" height=\"580\" src=\"https:\/\/www.alcoawheels.com\/europe\/da\/wp-content\/uploads\/sites\/10\/2023\/06\/about-1997-europe.jpg\" alt=\"Produktions facilitet Ungarn 1997\"\/><\/div><\/div>\n\n\n\n<div class=\"wp-block-alcoa-wheels-zigzag-item media-list-item\"><div class=\"media-list-item__box_content\"><div class=\"media-list-item__box_content_inner\">\n<h4 class=\"wp-block-heading has-text-align-right\" id=\"h-2005\">2005<\/h4>\n\n\n\n<h5 class=\"wp-block-heading has-text-align-right\" id=\"h-introduktion-af-dura-flange-nbsp-faelge-til-ekstra-beskyttelse-mod-faelgflangeslid\">Introduktion af Dura-Flange<sup>\u00ae<\/sup>&nbsp;f\u00e6lge til ekstra beskyttelse mod f\u00e6lgflangeslid.<\/h5>\n<\/div><\/div><div class=\"media-list-item__box_image\"><img loading=\"lazy\" decoding=\"async\" width=\"748\" height=\"582\" src=\"https:\/\/www.alcoawheels.com\/europe\/da\/wp-content\/uploads\/sites\/10\/2023\/06\/about-2005-europe.jpg\" alt=\"Dura-Flange f\u00e6lge\"\/><\/div><\/div>\n\n\n\n<div class=\"wp-block-alcoa-wheels-zigzag-item media-list-item\"><div class=\"media-list-item__box_content\"><div class=\"media-list-item__box_content_inner\">\n<h4 class=\"wp-block-heading\" id=\"h-2006\">2006<\/h4>\n\n\n\n<h5 class=\"wp-block-heading\" id=\"h-det-forste-salg-af-dura-bright-nbsp-faelge-der-er-lette-at-vedligeholde-i-europa-nbsp\">Det f\u00f8rste salg af Dura-Bright<sup>\u00ae<\/sup>&nbsp;f\u00e6lge, der er lette at vedligeholde, i Europa.&nbsp;<\/h5>\n<\/div><\/div><div class=\"media-list-item__box_image\"><img loading=\"lazy\" decoding=\"async\" width=\"751\" height=\"581\" src=\"https:\/\/www.alcoawheels.com\/europe\/da\/wp-content\/uploads\/sites\/10\/2023\/06\/about-2006-europe.jpg\" alt=\"nem vedligeholdelse Dura-Bright f\u00e6lge\"\/><\/div><\/div>\n\n\n\n<div class=\"wp-block-alcoa-wheels-zigzag-item media-list-item\"><div class=\"media-list-item__box_content\"><div class=\"media-list-item__box_content_inner\">\n<h4 class=\"wp-block-heading has-text-align-right\" id=\"h-2013\">2013<\/h4>\n\n\n\n<h5 class=\"wp-block-heading has-text-align-right\" id=\"h-lancering-af-naeste-generation-af-dura-bright-nbsp-evo-faelge-i-europa-nbsp\">Lancering af n\u00e6ste generation af Dura-Bright<sup>\u00ae<\/sup>&nbsp;EVO f\u00e6lge i Europa.&nbsp;<\/h5>\n<\/div><\/div><div class=\"media-list-item__box_image\"><img loading=\"lazy\" decoding=\"async\" width=\"748\" height=\"581\" src=\"https:\/\/www.alcoawheels.com\/europe\/da\/wp-content\/uploads\/sites\/10\/2023\/06\/about-2013-europe.jpg\" alt=\"n\u00e6ste generation Dura-Bright EVO f\u00e6lge\"\/><\/div><\/div>\n\n\n\n<div class=\"wp-block-alcoa-wheels-zigzag-item media-list-item\"><div class=\"media-list-item__box_content\"><div class=\"media-list-item__box_content_inner\">\n<h4 class=\"wp-block-heading\" id=\"h-2015\">2015<\/h4>\n\n\n\n<h5 class=\"wp-block-heading\" id=\"h-introduktion-af-lvl-one-nbsp-finish-i-europa\">Introduktion af LvL ONE<sup>\u00ae<\/sup>&nbsp;finish i Europa.<\/h5>\n<\/div><\/div><div class=\"media-list-item__box_image\"><img loading=\"lazy\" decoding=\"async\" width=\"749\" height=\"580\" src=\"https:\/\/www.alcoawheels.com\/europe\/da\/wp-content\/uploads\/sites\/10\/2023\/06\/about-2015-europe.jpg\" alt=\"LvL ONE finish\"\/><\/div><\/div>\n\n\n\n<div class=\"wp-block-alcoa-wheels-zigzag-item media-list-item\"><div class=\"media-list-item__box_content\"><div class=\"media-list-item__box_content_inner\">\n<h4 class=\"wp-block-heading has-text-align-right\" id=\"h-2016\">2016<\/h4>\n\n\n\n<h5 class=\"wp-block-heading has-text-align-right\" id=\"h-alcoa-adskiller-sig-i-to-topmoderne-virksomheder-alcoa-inc-og-arconic-inc-alcoa-nbsp-wheels-bliver-et-arconic-produkt-brand-der-er-fremstillet-af-arconic-wheels-and-transportation-products\">Alcoa adskiller sig i to topmoderne virksomheder: Alcoa Inc. og Arconic Inc. ALCOA<sup>\u00ae<\/sup>&nbsp;WHEELS bliver et Arconic produkt-brand, der er fremstillet af Arconic Wheels and Transportation Products.<\/h5>\n<\/div><\/div><div class=\"media-list-item__box_image\"><img loading=\"lazy\" decoding=\"async\" width=\"362\" height=\"282\" src=\"https:\/\/www.alcoawheels.com\/europe\/da\/wp-content\/uploads\/sites\/10\/2023\/06\/about-2016-europe.jpg\" alt=\"Arconic logo\"\/><\/div><\/div>\n\n\n\n<div class=\"wp-block-alcoa-wheels-zigzag-item media-list-item\"><div class=\"media-list-item__box_content\"><div class=\"media-list-item__box_content_inner\">\n<h4 class=\"wp-block-heading\" id=\"h-2019\">2019<\/h4>\n\n\n\n<h5 class=\"wp-block-heading\" id=\"h-introduktion-af-ultra-one-nbsp-alcoa-faelge-med-magnaforce-legeringsteknologi-i-europa\">Introduktion af Ultra ONE<sup>\u00ae<\/sup>&nbsp;Alcoa<sup>\u00ae<\/sup>-f\u00e6lge med MagnaForce<sup>\u00ae<\/sup>-legeringsteknologi i Europa.<\/h5>\n<\/div><\/div><div class=\"media-list-item__box_image\"><img loading=\"lazy\" decoding=\"async\" width=\"1500\" height=\"998\" src=\"https:\/\/www.alcoawheels.com\/europe\/da\/wp-content\/uploads\/sites\/10\/2023\/06\/about-2019-europe.jpg\" alt=\"ultra one\"\/><\/div><\/div>\n<\/div><\/div>\n\n\n\n<div class=\"wp-block-alcoa-wheels-zigzag media-list__body\" id=\"zigzag-main-e266fd70-1c3c-40ea-b4cc-1b6d8f133662\"><div class=\"media-list__body_main  vertical-align-center  container row-reverse\">\n<div class=\"wp-block-alcoa-wheels-zigzag-item media-list-item\"><div class=\"media-list-item__box_content\"><div class=\"media-list-item__box_content_inner\">\n<h4 class=\"wp-block-heading\">2020<\/h4>\n\n\n\n<h5 class=\"wp-block-heading\">Arconic Inc. adskiller sig i to uafh\u00e6ngige, b\u00f8rsnoterede virksomheder \u2013 Howmet Aerospace Inc. og Arconic Corporation. ALCOA<sup>\u00ae<\/sup>&nbsp;WHEELS bliver et produktm\u00e6rke af Howmet Aerospace produceret af Howmet Wheel Systems.<\/h5>\n<\/div><\/div><div class=\"media-list-item__box_image\"><img loading=\"lazy\" decoding=\"async\" width=\"500\" height=\"250\" src=\"https:\/\/www.alcoawheels.com\/europe\/da\/wp-content\/uploads\/sites\/10\/2023\/06\/about-2020-europe.png\" alt=\"howmet\"\/><\/div><\/div>\n<\/div><\/div>\n\n\n\n<div style=\"height:50px\" aria-hidden=\"true\" class=\"wp-block-spacer spacer-fifty\"><\/div>\n\n\n\n<div class=\"wp-block-alcoa-wheels-card-usecase-1 card-box-v1__body with-icon align-center vertical-align-center\" id=\"card_box_v1-7fc59975-62d8-4cbf-a3d6-f18c2c4766fa\"><div class=\"fullwidthcontainer\"><div class=\"card-box-v1__boxes has-4-columns\"><div class=\"card-box-v1__box  with-link \" style=\"background-color:#00afb9\"><img decoding=\"async\" src=\"https:\/\/www.alcoawheels.com\/europe\/da\/wp-content\/themes\/alcoa-wheels\/assets\/build\/js\/blocks\/card-usecase-1\/..\/..\/..\/images\/placeholder-image.db2b4d5c.jpeg\" alt=\"Kontakt\"\/><div class=\"card-box-v1__box__inner pos-abs\"><div class=\"card-box-v1__box_icon\"><img loading=\"lazy\" decoding=\"async\" width=\"171\" height=\"171\" src=\"https:\/\/www.alcoawheels.com\/europe\/da\/wp-content\/uploads\/sites\/10\/2023\/06\/contact.png\" alt=\"\"\/><\/div><div class=\"card-box-v1__box_content\"><h4 style=\"color:#ffffff\">Kontakt<\/h4><\/div><div class=\"btn-wrap\"><\/div><\/div><a href=\"\/europe\/da\/kontakt\" aria-label=\"Kontakt\"><\/a><\/div><div class=\"card-box-v1__box  with-link \" style=\"background-color:#34bfc7\"><img decoding=\"async\" src=\"https:\/\/www.alcoawheels.com\/europe\/da\/wp-content\/themes\/alcoa-wheels\/assets\/build\/js\/blocks\/card-usecase-1\/..\/..\/..\/images\/placeholder-image.db2b4d5c.jpeg\" alt=\"F\u00e6lgudvalg\"\/><div class=\"card-box-v1__box__inner pos-abs\"><div class=\"card-box-v1__box_icon\"><img loading=\"lazy\" decoding=\"async\" width=\"169\" height=\"169\" src=\"https:\/\/www.alcoawheels.com\/europe\/da\/wp-content\/uploads\/sites\/10\/2023\/06\/product-search.png\" alt=\"\"\/><\/div><div class=\"card-box-v1__box_content\"><h4 style=\"color:#ffffff\">F\u00e6lgudvalg<\/h4><\/div><div class=\"btn-wrap\"><\/div><\/div><a href=\"\/europe\/da\/faelgudvalg\" aria-label=\"F\u00e6lgudvalg\"><\/a><\/div><div class=\"card-box-v1__box  with-link \" style=\"background-color:#00afb9\"><img decoding=\"async\" src=\"https:\/\/www.alcoawheels.com\/europe\/da\/wp-content\/themes\/alcoa-wheels\/assets\/build\/js\/blocks\/card-usecase-1\/..\/..\/..\/images\/placeholder-image.db2b4d5c.jpeg\" alt=\"Hvor kan man k\u00f8be\"\/><div class=\"card-box-v1__box__inner pos-abs\"><div class=\"card-box-v1__box_icon\"><img loading=\"lazy\" decoding=\"async\" width=\"169\" height=\"169\" src=\"https:\/\/www.alcoawheels.com\/europe\/da\/wp-content\/uploads\/sites\/10\/2023\/06\/where-to-buy.png\" alt=\"\"\/><\/div><div class=\"card-box-v1__box_content\"><h4 style=\"color:#ffffff\">Hvor kan man k\u00f8be<\/h4><\/div><div class=\"btn-wrap\"><\/div><\/div><a href=\"\/europe\/da\/hvor-kan-man-kobe\" aria-label=\"Hvor kan man k\u00f8be\"><\/a><\/div><div class=\"card-box-v1__box  with-link \" style=\"background-color:#34bfc7\"><img decoding=\"async\" src=\"https:\/\/www.alcoawheels.com\/europe\/da\/wp-content\/themes\/alcoa-wheels\/assets\/build\/js\/blocks\/card-usecase-1\/..\/..\/..\/images\/placeholder-image.db2b4d5c.jpeg\" alt=\"Produktlitteratur\"\/><div class=\"card-box-v1__box__inner pos-abs\"><div class=\"card-box-v1__box_icon\"><img loading=\"lazy\" decoding=\"async\" width=\"169\" height=\"169\" src=\"https:\/\/www.alcoawheels.com\/europe\/da\/wp-content\/uploads\/sites\/10\/2023\/06\/product-literature.png\" alt=\"\"\/><\/div><div class=\"card-box-v1__box_content\"><h4 style=\"color:#ffffff\">Produktlitteratur<\/h4><\/div><div class=\"btn-wrap\"><\/div><\/div><a href=\"\/europe\/da\/produktlitteratur\" aria-label=\"Produktlitteratur\"><\/a><\/div><\/div><\/div><\/div>\n","protected":false},"excerpt":{"rendered":"<p>F\u00f8rende m\u00e6rke inden for aluminiumsf\u00e6lge Vi introducerede transportindustrien for den f\u00f8rste smedede aluminiumf\u00e6lg i 1948, og vi har genopfundet den lige siden. &nbsp; ALCOA\u00ae&nbsp;WHEELS er et m\u00e6rke og produkt fra forretningsenheden Howmet Wheel Systems, som er en del af Howmet Aerospace Inc. (tidligere kendt som Arconic Inc).&nbsp;I 2020 adskilte Arconic Inc. sig i to uafh\u00e6ngige [&hellip;]<\/p>\n","protected":false},"author":44,"featured_media":0,"parent":0,"menu_order":0,"comment_status":"closed","ping_status":"closed","template":"","meta":{"_acf_changed":false,"protected_reviewer_email":"","editor_notices":[],"footnotes":""},"class_list":["post-51","page","type-page","status-publish","hentry"],"acf":[],"yoast_head":"<!-- This site is optimized with the Yoast SEO Premium plugin v27.3 (Yoast SEO v27.3) - https:\/\/yoast.com\/product\/yoast-seo-premium-wordpress\/ -->\n<title>About | Alcoa Wheels<\/title>\n<meta name=\"description\" content=\"Alcoa Wheels are the leading brand of forged aluminum wheels in the transportation industry. In fact, we started the industry.\" \/>\n<meta name=\"robots\" content=\"index, follow, max-snippet:-1, max-image-preview:large, max-video-preview:-1\" \/>\n<link rel=\"canonical\" href=\"https:\/\/www.alcoawheels.com\/europe\/da\/om\/\" \/>\n<meta property=\"og:locale\" content=\"en_US\" \/>\n<meta property=\"og:type\" content=\"article\" \/>\n<meta property=\"og:title\" content=\"ALCOA\u00ae\u00a0WHEELS\" \/>\n<meta property=\"og:description\" content=\"Alcoa Wheels are the leading brand of forged aluminum wheels in the transportation industry. In fact, we started the industry.\" \/>\n<meta property=\"og:url\" content=\"https:\/\/www.alcoawheels.com\/europe\/da\/om\/\" \/>\n<meta property=\"og:site_name\" content=\"Europe Danish\" \/>\n<meta property=\"article:modified_time\" content=\"2025-06-09T19:16:19+00:00\" \/>\n<meta property=\"og:image\" content=\"https:\/\/www.alcoawheels.com\/europe\/da\/wp-content\/uploads\/sites\/10\/2023\/06\/about-banner.jpg\" \/>\n<meta name=\"twitter:card\" content=\"summary_large_image\" \/>\n<script type=\"application\/ld+json\" class=\"yoast-schema-graph\">{\"@context\":\"https:\\\/\\\/schema.org\",\"@graph\":[{\"@type\":\"WebPage\",\"@id\":\"https:\\\/\\\/www.alcoawheels.com\\\/europe\\\/da\\\/om\\\/\",\"url\":\"https:\\\/\\\/www.alcoawheels.com\\\/europe\\\/da\\\/om\\\/\",\"name\":\"About | Alcoa Wheels\",\"isPartOf\":{\"@id\":\"https:\\\/\\\/www.alcoawheels.com\\\/europe\\\/da\\\/#website\"},\"primaryImageOfPage\":{\"@id\":\"https:\\\/\\\/www.alcoawheels.com\\\/europe\\\/da\\\/om\\\/#primaryimage\"},\"image\":{\"@id\":\"https:\\\/\\\/www.alcoawheels.com\\\/europe\\\/da\\\/om\\\/#primaryimage\"},\"thumbnailUrl\":\"https:\\\/\\\/www.alcoawheels.com\\\/europe\\\/da\\\/wp-content\\\/uploads\\\/sites\\\/10\\\/2023\\\/06\\\/about-banner.jpg\",\"datePublished\":\"2023-05-25T10:07:38+00:00\",\"dateModified\":\"2025-06-09T19:16:19+00:00\",\"description\":\"Alcoa Wheels are the leading brand of forged aluminum wheels in the transportation industry. In fact, we started the industry.\",\"breadcrumb\":{\"@id\":\"https:\\\/\\\/www.alcoawheels.com\\\/europe\\\/da\\\/om\\\/#breadcrumb\"},\"inLanguage\":\"en-US\",\"potentialAction\":[{\"@type\":\"ReadAction\",\"target\":[\"https:\\\/\\\/www.alcoawheels.com\\\/europe\\\/da\\\/om\\\/\"]}]},{\"@type\":\"ImageObject\",\"inLanguage\":\"en-US\",\"@id\":\"https:\\\/\\\/www.alcoawheels.com\\\/europe\\\/da\\\/om\\\/#primaryimage\",\"url\":\"https:\\\/\\\/www.alcoawheels.com\\\/europe\\\/da\\\/wp-content\\\/uploads\\\/sites\\\/10\\\/2023\\\/06\\\/about-banner.jpg\",\"contentUrl\":\"https:\\\/\\\/www.alcoawheels.com\\\/europe\\\/da\\\/wp-content\\\/uploads\\\/sites\\\/10\\\/2023\\\/06\\\/about-banner.jpg\",\"width\":1440,\"height\":400,\"caption\":\"Om Alcoa Wheels Arconic\"},{\"@type\":\"BreadcrumbList\",\"@id\":\"https:\\\/\\\/www.alcoawheels.com\\\/europe\\\/da\\\/om\\\/#breadcrumb\",\"itemListElement\":[{\"@type\":\"ListItem\",\"position\":1,\"name\":\"Home\",\"item\":\"https:\\\/\\\/www.alcoawheels.com\\\/europe\\\/da\\\/\"},{\"@type\":\"ListItem\",\"position\":2,\"name\":\"ALCOA\u00ae\u00a0WHEELS\"}]},{\"@type\":\"WebSite\",\"@id\":\"https:\\\/\\\/www.alcoawheels.com\\\/europe\\\/da\\\/#website\",\"url\":\"https:\\\/\\\/www.alcoawheels.com\\\/europe\\\/da\\\/\",\"name\":\"Europe Danish\",\"description\":\"\",\"publisher\":{\"@id\":\"https:\\\/\\\/www.alcoawheels.com\\\/europe\\\/da\\\/#organization\"},\"potentialAction\":[{\"@type\":\"SearchAction\",\"target\":{\"@type\":\"EntryPoint\",\"urlTemplate\":\"https:\\\/\\\/www.alcoawheels.com\\\/europe\\\/da\\\/?s={search_term_string}\"},\"query-input\":{\"@type\":\"PropertyValueSpecification\",\"valueRequired\":true,\"valueName\":\"search_term_string\"}}],\"inLanguage\":\"en-US\"},{\"@type\":\"Organization\",\"@id\":\"https:\\\/\\\/www.alcoawheels.com\\\/europe\\\/da\\\/#organization\",\"name\":\"Europe Danish\",\"url\":\"https:\\\/\\\/www.alcoawheels.com\\\/europe\\\/da\\\/\",\"logo\":{\"@type\":\"ImageObject\",\"inLanguage\":\"en-US\",\"@id\":\"https:\\\/\\\/www.alcoawheels.com\\\/europe\\\/da\\\/#\\\/schema\\\/logo\\\/image\\\/\",\"url\":\"https:\\\/\\\/www.alcoawheels.com\\\/europe\\\/da\\\/wp-content\\\/uploads\\\/sites\\\/10\\\/2023\\\/05\\\/logo-black.gif\",\"contentUrl\":\"https:\\\/\\\/www.alcoawheels.com\\\/europe\\\/da\\\/wp-content\\\/uploads\\\/sites\\\/10\\\/2023\\\/05\\\/logo-black.gif\",\"width\":71,\"height\":64,\"caption\":\"Europe Danish\"},\"image\":{\"@id\":\"https:\\\/\\\/www.alcoawheels.com\\\/europe\\\/da\\\/#\\\/schema\\\/logo\\\/image\\\/\"}}]}<\/script>\n<!-- \/ Yoast SEO Premium plugin. -->","yoast_head_json":{"title":"About | Alcoa Wheels","description":"Alcoa Wheels are the leading brand of forged aluminum wheels in the transportation industry. In fact, we started the industry.","robots":{"index":"index","follow":"follow","max-snippet":"max-snippet:-1","max-image-preview":"max-image-preview:large","max-video-preview":"max-video-preview:-1"},"canonical":"https:\/\/www.alcoawheels.com\/europe\/da\/om\/","og_locale":"en_US","og_type":"article","og_title":"ALCOA\u00ae\u00a0WHEELS","og_description":"Alcoa Wheels are the leading brand of forged aluminum wheels in the transportation industry. In fact, we started the industry.","og_url":"https:\/\/www.alcoawheels.com\/europe\/da\/om\/","og_site_name":"Europe Danish","article_modified_time":"2025-06-09T19:16:19+00:00","og_image":[{"url":"https:\/\/www.alcoawheels.com\/europe\/da\/wp-content\/uploads\/sites\/10\/2023\/06\/about-banner.jpg","type":"","width":"","height":""}],"twitter_card":"summary_large_image","schema":{"@context":"https:\/\/schema.org","@graph":[{"@type":"WebPage","@id":"https:\/\/www.alcoawheels.com\/europe\/da\/om\/","url":"https:\/\/www.alcoawheels.com\/europe\/da\/om\/","name":"About | Alcoa Wheels","isPartOf":{"@id":"https:\/\/www.alcoawheels.com\/europe\/da\/#website"},"primaryImageOfPage":{"@id":"https:\/\/www.alcoawheels.com\/europe\/da\/om\/#primaryimage"},"image":{"@id":"https:\/\/www.alcoawheels.com\/europe\/da\/om\/#primaryimage"},"thumbnailUrl":"https:\/\/www.alcoawheels.com\/europe\/da\/wp-content\/uploads\/sites\/10\/2023\/06\/about-banner.jpg","datePublished":"2023-05-25T10:07:38+00:00","dateModified":"2025-06-09T19:16:19+00:00","description":"Alcoa Wheels are the leading brand of forged aluminum wheels in the transportation industry. In fact, we started the industry.","breadcrumb":{"@id":"https:\/\/www.alcoawheels.com\/europe\/da\/om\/#breadcrumb"},"inLanguage":"en-US","potentialAction":[{"@type":"ReadAction","target":["https:\/\/www.alcoawheels.com\/europe\/da\/om\/"]}]},{"@type":"ImageObject","inLanguage":"en-US","@id":"https:\/\/www.alcoawheels.com\/europe\/da\/om\/#primaryimage","url":"https:\/\/www.alcoawheels.com\/europe\/da\/wp-content\/uploads\/sites\/10\/2023\/06\/about-banner.jpg","contentUrl":"https:\/\/www.alcoawheels.com\/europe\/da\/wp-content\/uploads\/sites\/10\/2023\/06\/about-banner.jpg","width":1440,"height":400,"caption":"Om Alcoa Wheels Arconic"},{"@type":"BreadcrumbList","@id":"https:\/\/www.alcoawheels.com\/europe\/da\/om\/#breadcrumb","itemListElement":[{"@type":"ListItem","position":1,"name":"Home","item":"https:\/\/www.alcoawheels.com\/europe\/da\/"},{"@type":"ListItem","position":2,"name":"ALCOA\u00ae\u00a0WHEELS"}]},{"@type":"WebSite","@id":"https:\/\/www.alcoawheels.com\/europe\/da\/#website","url":"https:\/\/www.alcoawheels.com\/europe\/da\/","name":"Europe Danish","description":"","publisher":{"@id":"https:\/\/www.alcoawheels.com\/europe\/da\/#organization"},"potentialAction":[{"@type":"SearchAction","target":{"@type":"EntryPoint","urlTemplate":"https:\/\/www.alcoawheels.com\/europe\/da\/?s={search_term_string}"},"query-input":{"@type":"PropertyValueSpecification","valueRequired":true,"valueName":"search_term_string"}}],"inLanguage":"en-US"},{"@type":"Organization","@id":"https:\/\/www.alcoawheels.com\/europe\/da\/#organization","name":"Europe Danish","url":"https:\/\/www.alcoawheels.com\/europe\/da\/","logo":{"@type":"ImageObject","inLanguage":"en-US","@id":"https:\/\/www.alcoawheels.com\/europe\/da\/#\/schema\/logo\/image\/","url":"https:\/\/www.alcoawheels.com\/europe\/da\/wp-content\/uploads\/sites\/10\/2023\/05\/logo-black.gif","contentUrl":"https:\/\/www.alcoawheels.com\/europe\/da\/wp-content\/uploads\/sites\/10\/2023\/05\/logo-black.gif","width":71,"height":64,"caption":"Europe Danish"},"image":{"@id":"https:\/\/www.alcoawheels.com\/europe\/da\/#\/schema\/logo\/image\/"}}]}},"parsely":{"version":"1.1.0","canonical_url":"https:\/\/alcoawheels.com\/europe\/da\/om\/","smart_links":{"inbound":0,"outbound":0},"traffic_boost_suggestions_count":0,"meta":{"@context":"https:\/\/schema.org","@type":"WebPage","headline":"ALCOA\u00ae\u00a0WHEELS","url":"http:\/\/www.alcoawheels.com\/europe\/da\/om\/","mainEntityOfPage":{"@type":"WebPage","@id":"http:\/\/www.alcoawheels.com\/europe\/da\/om\/"},"thumbnailUrl":"","image":{"@type":"ImageObject","url":""},"articleSection":"Uncategorized","author":[{"@type":"Person","name":"howmet"}],"creator":["howmet"],"publisher":{"@type":"Organization","name":"Europe Danish","logo":""},"keywords":[],"dateCreated":"2023-05-25T10:07:38Z","datePublished":"2023-05-25T10:07:38Z","dateModified":"2025-06-09T19:16:19Z"},"rendered":"<script type=\"application\/ld+json\" class=\"wp-parsely-metadata\">{\"@context\":\"https:\\\/\\\/schema.org\",\"@type\":\"WebPage\",\"headline\":\"ALCOA\\u00ae\\u00a0WHEELS\",\"url\":\"http:\\\/\\\/www.alcoawheels.com\\\/europe\\\/da\\\/om\\\/\",\"mainEntityOfPage\":{\"@type\":\"WebPage\",\"@id\":\"http:\\\/\\\/www.alcoawheels.com\\\/europe\\\/da\\\/om\\\/\"},\"thumbnailUrl\":\"\",\"image\":{\"@type\":\"ImageObject\",\"url\":\"\"},\"articleSection\":\"Uncategorized\",\"author\":[{\"@type\":\"Person\",\"name\":\"howmet\"}],\"creator\":[\"howmet\"],\"publisher\":{\"@type\":\"Organization\",\"name\":\"Europe Danish\",\"logo\":\"\"},\"keywords\":[],\"dateCreated\":\"2023-05-25T10:07:38Z\",\"datePublished\":\"2023-05-25T10:07:38Z\",\"dateModified\":\"2025-06-09T19:16:19Z\"}<\/script>","tracker_url":"https:\/\/cdn.parsely.com\/keys\/alcoawheels.com\/p.js"},"jetpack_sharing_enabled":true,"_links":{"self":[{"href":"https:\/\/www.alcoawheels.com\/europe\/da\/wp-json\/wp\/v2\/pages\/51","targetHints":{"allow":["GET"]}}],"collection":[{"href":"https:\/\/www.alcoawheels.com\/europe\/da\/wp-json\/wp\/v2\/pages"}],"about":[{"href":"https:\/\/www.alcoawheels.com\/europe\/da\/wp-json\/wp\/v2\/types\/page"}],"author":[{"embeddable":true,"href":"https:\/\/www.alcoawheels.com\/europe\/da\/wp-json\/wp\/v2\/users\/44"}],"replies":[{"embeddable":true,"href":"https:\/\/www.alcoawheels.com\/europe\/da\/wp-json\/wp\/v2\/comments?post=51"}],"version-history":[{"count":16,"href":"https:\/\/www.alcoawheels.com\/europe\/da\/wp-json\/wp\/v2\/pages\/51\/revisions"}],"predecessor-version":[{"id":3850,"href":"https:\/\/www.alcoawheels.com\/europe\/da\/wp-json\/wp\/v2\/pages\/51\/revisions\/3850"}],"wp:attachment":[{"href":"https:\/\/www.alcoawheels.com\/europe\/da\/wp-json\/wp\/v2\/media?parent=51"}],"curies":[{"name":"wp","href":"https:\/\/api.w.org\/{rel}","templated":true}]}}