{"id":15,"date":"2023-05-25T11:18:27","date_gmt":"2023-05-25T11:18:27","guid":{"rendered":"https:\/\/www.alcoawheels.com\/europe\/de\/?page_id=15"},"modified":"2025-11-20T19:35:50","modified_gmt":"2025-11-20T18:35:50","slug":"anwendungen","status":"publish","type":"page","link":"https:\/\/www.alcoawheels.com\/europe\/de\/anwendungen\/","title":{"rendered":"Anwendungen"},"content":{"rendered":"\n<div class=\"wp-block-alcoa-wheels-hero-banner-innerpage hero-banner with-image layout-2 overlayEnable align- vertical-align-\" style=\"background-color:#eee\"><img decoding=\"async\" src=\"https:\/\/www.alcoawheels.com\/europe\/de\/wp-content\/uploads\/sites\/11\/2023\/06\/applications-banner.jpg\" alt=\"Alcoa Wheels Anwendung\" class=\"responsiveImage\"\/><div class=\"hero-banner__header\" style=\"text-align:center\"><div class=\"container\"><h1 class=\"hero-banner__header--title\">Anwendungen<\/h1><\/div><\/div><\/div>\n\n\n\n<div style=\"height:50px\" aria-hidden=\"true\" class=\"wp-block-spacer spacer-fifty\"><\/div>\n\n\n\n<h2 class=\"wp-block-heading has-text-align-center\" id=\"Hohe-Beanspruchung\">Mittelschwere und schwere Lkw und Anh\u00e4nger<\/h2>\n\n\n\n<div style=\"height:50px\" aria-hidden=\"true\" class=\"wp-block-spacer spacer-fifty\"><\/div>\n\n\n\n<div class=\"wp-block-alcoa-wheels-zigzag media-list__body\" id=\"zigzag-main-f09c56b9-a904-418f-a4c8-bee3ab7dd016\"><div class=\"media-list__body_main  vertical-align-center  fullWidth\">\n<div class=\"wp-block-alcoa-wheels-zigzag-item media-list-item\"><div class=\"media-list-item__box_content\"><div class=\"media-list-item__box_content_inner\">\n<p>Profitieren Sie von <a href=\"\/europe\/de\/vorteile\/#Gewichtsersparnis\">Gewichtseinsparungen<\/a>, optimierter Festigkeit und Langlebigkeit f\u00fcr Lkw- und Anh\u00e4ngeranwendungen. Alcoa<sup>\u00ae<\/sup>-R\u00e4der tragen dazu bei:<\/p>\n\n\n\n<div id=\"list-fde7764d-7bcb-4a4c-88c6-406561d6c319\" class=\"wp-block-alcoa-wheels-list-basic list\"><style>#list-fde7764d-7bcb-4a4c-88c6-406561d6c319 .listul.with-icn li span.list--item:before{background-image:url(https:\/\/www.alcoawheels.com\/europe\/cs\/wp-content\/uploads\/sites\/9\/2023\/05\/wheel-bullet.jpg);}<\/style><ul class=\"listul with-icn\"><li><span class=\"list--item\">Gesteigerte Produktivit\u00e4t<\/span><\/li><li><span class=\"list--item\">Reduzierter Wartungsaufwand<\/span><\/li><li><span class=\"list--item\">Niedrigere Betriebskosten<\/span><\/li><li><span class=\"list--item\">Geringere CO<sub>2<\/sub>\u00a0Emissionen<\/span><\/li><li><span class=\"list--item\">Verbesserung des Erscheinungsbildes<\/span><\/li><\/ul><\/div>\n\n\n\n<p>Ganz gleich, vor welchen Herausforderungen Sie stehen, wir bieten eine breite Palette an L\u00f6sungen. Jedes Alcoa<sup>\u00ae<\/sup>-Rad tr\u00e4gt zu optimierter Festigkeit und Haltbarkeit bei und sorgt gleichzeitig f\u00fcr geringeres Gewicht und h\u00f6here Nutzlast.<\/p>\n\n\n\n<p>F\u00fcr Ihre spezifischen Anwendungen stehen mehrere Gr\u00f6\u00dfen, Ausf\u00fchrungsoptionen und Oberfl\u00e4chenbehandlungen zur Verf\u00fcgung.<\/p>\n\n\n\n<p>Klicken Sie&nbsp;<a href=\"\/europe\/de\/rader-sortiment\">hier<\/a>, um weitere Informationen \u00fcber unser R\u00e4dersortiment zu erhalten.<\/p>\n<\/div><\/div><div class=\"media-list-item__box_image\"><img loading=\"lazy\" decoding=\"async\" width=\"800\" height=\"800\" src=\"https:\/\/www.alcoawheels.com\/europe\/de\/wp-content\/uploads\/sites\/11\/2023\/06\/applications-heavy-duty.jpg\" alt=\"Schwerlast LKW &amp; Auflieger Beispiel 1\"\/><\/div><\/div>\n<\/div><\/div>\n\n\n\n<div style=\"height:50px\" aria-hidden=\"true\" class=\"wp-block-spacer spacer-fifty\"><\/div>\n\n\n\n<hr class=\"wp-block-separator has-text-color has-alpha-channel-opacity has-background is-style-wide\" style=\"background-color:#cccccc;color:#cccccc\"\/>\n\n\n\n<div style=\"height:50px\" aria-hidden=\"true\" class=\"wp-block-spacer spacer-fifty\"><\/div>\n\n\n\n<h2 class=\"wp-block-heading has-text-align-center\" id=\"Stadtbus-\u00dcberlandbus-und-Reisebus\">Stadtbus, \u00dcberlandbus und Reisebus<\/h2>\n\n\n\n<div style=\"height:50px\" aria-hidden=\"true\" class=\"wp-block-spacer spacer-fifty\"><\/div>\n\n\n\n<div class=\"wp-block-alcoa-wheels-zigzag media-list__body\" id=\"card_box_v1-d044109a-f2c2-4739-9d0c-5b10dfea3460\"><div class=\"media-list__body_main  vertical-align-center  fullWidth\">\n<div class=\"wp-block-alcoa-wheels-zigzag-item media-list-item\"><div class=\"media-list-item__box_content\"><div class=\"media-list-item__box_content_inner\">\n<p>Alcoa<sup>\u00ae<\/sup>-R\u00e4der k\u00f6nnen dazu beitragen,<\/p>\n\n\n\n<div id=\"list-48676298-e1e8-4846-8308-c48ed9e2e2fb\" class=\"wp-block-alcoa-wheels-list-basic list\"><style>#list-48676298-e1e8-4846-8308-c48ed9e2e2fb .listul.with-icn li span.list--item:before{background-image:url(https:\/\/www.alcoawheels.com\/europe\/cs\/wp-content\/uploads\/sites\/9\/2023\/05\/wheel-bullet.jpg);}<\/style><ul class=\"listul with-icn\"><li><span class=\"list--item\">Steigerung der Fahrzeugleistung<\/span><\/li><li><span class=\"list--item\">Verbesserung des Erscheinungsbildes<\/span><\/li><li><span class=\"list--item\">Reduzierter Wartungsaufwand<\/span><\/li><li><span class=\"list--item\"><a href=\"\/europe\/de\/vorteile\/#Gewichtsersparnis\">Gewichtsersparnis<\/a><\/span><\/li><li><span class=\"list--item\">Niedrigere Betriebskosten<\/span><\/li><li><span class=\"list--item\">Geringeres CO2-\u00c4quivalent<\/span><\/li><\/ul><\/div>\n\n\n\n<p>Ganz gleich, welche Herausforderungen Sie bew\u00e4ltigen m\u00fcssen, wir bieten Ihnen eine breite Palette an L\u00f6sungen.<\/p>\n\n\n\n<p>F\u00fcr Ihre speziellen Bus- oder Reisebusanwendungen stehen mehrere Gr\u00f6\u00dfen, Ausf\u00fchrungsoptionen und Oberfl\u00e4chenbehandlungen zur Verf\u00fcgung.<\/p>\n\n\n\n<p>Klicken Sie&nbsp;<a href=\"\/europe\/de\/rader-sortiment\">hier<\/a>, um weitere Informationen \u00fcber unser R\u00e4dersortiment zu erhalten.<\/p>\n<\/div><\/div><div class=\"media-list-item__box_image\"><img loading=\"lazy\" decoding=\"async\" width=\"800\" height=\"689\" src=\"https:\/\/www.alcoawheels.com\/europe\/de\/wp-content\/uploads\/sites\/11\/2023\/06\/applications-bus.jpg\" alt=\"Stadtbus, \u00dcberlandbus &amp; Reisebus Beispiel 1\"\/><\/div><\/div>\n<\/div><\/div>\n\n\n\n<div style=\"height:50px\" aria-hidden=\"true\" class=\"wp-block-spacer spacer-fifty\"><\/div>\n\n\n\n<div class=\"wp-block-alcoa-wheels-card-usecase-1 card-box-v1__body with-icon align-center vertical-align-center\" id=\"card_box_v1-07576f0a-e47d-44ca-a579-092b92842baa\"><div class=\"fullwidthcontainer\"><div class=\"card-box-v1__boxes has-4-columns\"><div class=\"card-box-v1__box  with-link \" style=\"background-color:#00afb9\"><img decoding=\"async\" src=\"https:\/\/www.alcoawheels.com\/europe\/de\/wp-content\/themes\/alcoa-wheels\/assets\/build\/js\/blocks\/card-usecase-1\/..\/..\/..\/images\/placeholder-image.db2b4d5c.jpeg\" alt=\"Kontakt\"\/><div class=\"card-box-v1__box__inner pos-abs\"><div class=\"card-box-v1__box_icon\"><img loading=\"lazy\" decoding=\"async\" width=\"171\" height=\"171\" src=\"https:\/\/www.alcoawheels.com\/europe\/de\/wp-content\/uploads\/sites\/11\/2023\/06\/contact.png\" alt=\"\"\/><\/div><div class=\"card-box-v1__box_content\"><h4 style=\"color:#ffffff\">Kontakt<\/h4><\/div><div class=\"btn-wrap\"><\/div><\/div><a href=\"\/europe\/de\/kontakt\" aria-label=\"Kontakt\"><\/a><\/div><div class=\"card-box-v1__box  with-link \" style=\"background-color:#34bfc7\"><img decoding=\"async\" src=\"https:\/\/www.alcoawheels.com\/europe\/de\/wp-content\/themes\/alcoa-wheels\/assets\/build\/js\/blocks\/card-usecase-1\/..\/..\/..\/images\/placeholder-image.db2b4d5c.jpeg\" alt=\"R\u00e4der-Sortiment\"\/><div class=\"card-box-v1__box__inner pos-abs\"><div class=\"card-box-v1__box_icon\"><img loading=\"lazy\" decoding=\"async\" width=\"169\" height=\"169\" src=\"https:\/\/www.alcoawheels.com\/europe\/de\/wp-content\/uploads\/sites\/11\/2023\/06\/product-search.png\" alt=\"\"\/><\/div><div class=\"card-box-v1__box_content\"><h4 style=\"color:#ffffff\">R\u00e4der-Sortiment<\/h4><\/div><div class=\"btn-wrap\"><\/div><\/div><a href=\"\/europe\/de\/rader-sortiment\" aria-label=\"R\u00e4der-Sortiment\"><\/a><\/div><div class=\"card-box-v1__box  with-link \" style=\"background-color:#00afb9\"><img decoding=\"async\" src=\"https:\/\/www.alcoawheels.com\/europe\/de\/wp-content\/themes\/alcoa-wheels\/assets\/build\/js\/blocks\/card-usecase-1\/..\/..\/..\/images\/placeholder-image.db2b4d5c.jpeg\" alt=\"H\u00e4ndler\"\/><div class=\"card-box-v1__box__inner pos-abs\"><div class=\"card-box-v1__box_icon\"><img loading=\"lazy\" decoding=\"async\" width=\"169\" height=\"169\" src=\"https:\/\/www.alcoawheels.com\/europe\/de\/wp-content\/uploads\/sites\/11\/2023\/06\/where-to-buy.png\" alt=\"\"\/><\/div><div class=\"card-box-v1__box_content\"><h4 style=\"color:#ffffff\">H\u00e4ndler<\/h4><\/div><div class=\"btn-wrap\"><\/div><\/div><a href=\"\/europe\/de\/handler\" aria-label=\"H\u00e4ndler\"><\/a><\/div><div class=\"card-box-v1__box  with-link \" style=\"background-color:#34bfc7\"><img decoding=\"async\" src=\"https:\/\/www.alcoawheels.com\/europe\/de\/wp-content\/themes\/alcoa-wheels\/assets\/build\/js\/blocks\/card-usecase-1\/..\/..\/..\/images\/placeholder-image.db2b4d5c.jpeg\" alt=\"Produktliteratur\"\/><div class=\"card-box-v1__box__inner pos-abs\"><div class=\"card-box-v1__box_icon\"><img loading=\"lazy\" decoding=\"async\" width=\"169\" height=\"169\" src=\"https:\/\/www.alcoawheels.com\/europe\/de\/wp-content\/uploads\/sites\/11\/2023\/06\/product-literature.png\" alt=\"\"\/><\/div><div class=\"card-box-v1__box_content\"><h4 style=\"color:#ffffff\">Produktliteratur<\/h4><\/div><div class=\"btn-wrap\"><\/div><\/div><a href=\"\/europe\/de\/produktliteratur\" aria-label=\"Produktliteratur\"><\/a><\/div><\/div><\/div><\/div>\n","protected":false},"excerpt":{"rendered":"<p>Mittelschwere und schwere Lkw und Anh\u00e4nger Stadtbus, \u00dcberlandbus und Reisebus<\/p>\n","protected":false},"author":44,"featured_media":0,"parent":0,"menu_order":0,"comment_status":"closed","ping_status":"closed","template":"","meta":{"_acf_changed":false,"protected_reviewer_email":"","editor_notices":[],"footnotes":""},"class_list":["post-15","page","type-page","status-publish","hentry"],"acf":[],"yoast_head":"<!-- This site is optimized with the Yoast SEO Premium plugin v27.4 (Yoast SEO v27.4) - https:\/\/yoast.com\/product\/yoast-seo-premium-wordpress\/ -->\n<title>Anwendungen | Alcoa Wheels<\/title>\n<meta name=\"description\" content=\"Alcoa\u00ae Wheels sind in verschiedenen Gr\u00f6\u00dfen, Finish-Optionen und Oberfl\u00e4chenbehandlungen f\u00fcr ihre spezielle Anwendung erh\u00e4ltlich. Wir haben L\u00f6sungen f\u00fcr Schwerlast-Lkw und Anh\u00e4nger, f\u00fcr mittelschwere LKW, f\u00fcr Stadtbusse, \u00dcberlandbusse und Reisebusse.\" \/>\n<meta name=\"robots\" content=\"index, follow, max-snippet:-1, max-image-preview:large, max-video-preview:-1\" \/>\n<link rel=\"canonical\" href=\"https:\/\/www.alcoawheels.com\/europe\/de\/anwendungen\/\" \/>\n<meta property=\"og:locale\" content=\"en_US\" \/>\n<meta property=\"og:type\" content=\"article\" \/>\n<meta property=\"og:title\" content=\"Anwendungen\" \/>\n<meta property=\"og:description\" content=\"Alcoa\u00ae Wheels sind in verschiedenen Gr\u00f6\u00dfen, Finish-Optionen und Oberfl\u00e4chenbehandlungen f\u00fcr ihre spezielle Anwendung erh\u00e4ltlich. Wir haben L\u00f6sungen f\u00fcr Schwerlast-Lkw und Anh\u00e4nger, f\u00fcr mittelschwere LKW, f\u00fcr Stadtbusse, \u00dcberlandbusse und Reisebusse.\" \/>\n<meta property=\"og:url\" content=\"https:\/\/www.alcoawheels.com\/europe\/de\/anwendungen\/\" \/>\n<meta property=\"og:site_name\" content=\"Europe German\" \/>\n<meta property=\"article:modified_time\" content=\"2025-11-20T18:35:50+00:00\" \/>\n<meta property=\"og:image\" content=\"https:\/\/www.alcoawheels.com\/europe\/de\/wp-content\/uploads\/sites\/11\/2023\/06\/applications-banner.jpg\" \/>\n<meta name=\"twitter:card\" content=\"summary_large_image\" \/>\n<meta name=\"twitter:label1\" content=\"Est. reading time\" \/>\n\t<meta name=\"twitter:data1\" content=\"3 minutes\" \/>\n<script type=\"application\/ld+json\" class=\"yoast-schema-graph\">{\"@context\":\"https:\\\/\\\/schema.org\",\"@graph\":[{\"@type\":\"WebPage\",\"@id\":\"https:\\\/\\\/www.alcoawheels.com\\\/europe\\\/de\\\/anwendungen\\\/\",\"url\":\"https:\\\/\\\/www.alcoawheels.com\\\/europe\\\/de\\\/anwendungen\\\/\",\"name\":\"Anwendungen | Alcoa Wheels\",\"isPartOf\":{\"@id\":\"https:\\\/\\\/www.alcoawheels.com\\\/europe\\\/de\\\/#website\"},\"primaryImageOfPage\":{\"@id\":\"https:\\\/\\\/www.alcoawheels.com\\\/europe\\\/de\\\/anwendungen\\\/#primaryimage\"},\"image\":{\"@id\":\"https:\\\/\\\/www.alcoawheels.com\\\/europe\\\/de\\\/anwendungen\\\/#primaryimage\"},\"thumbnailUrl\":\"https:\\\/\\\/www.alcoawheels.com\\\/europe\\\/de\\\/wp-content\\\/uploads\\\/sites\\\/11\\\/2023\\\/06\\\/applications-banner.jpg\",\"datePublished\":\"2023-05-25T11:18:27+00:00\",\"dateModified\":\"2025-11-20T18:35:50+00:00\",\"description\":\"Alcoa\u00ae Wheels sind in verschiedenen Gr\u00f6\u00dfen, Finish-Optionen und Oberfl\u00e4chenbehandlungen f\u00fcr ihre spezielle Anwendung erh\u00e4ltlich. Wir haben L\u00f6sungen f\u00fcr Schwerlast-Lkw und Anh\u00e4nger, f\u00fcr mittelschwere LKW, f\u00fcr Stadtbusse, \u00dcberlandbusse und Reisebusse.\",\"breadcrumb\":{\"@id\":\"https:\\\/\\\/www.alcoawheels.com\\\/europe\\\/de\\\/anwendungen\\\/#breadcrumb\"},\"inLanguage\":\"en-US\",\"potentialAction\":[{\"@type\":\"ReadAction\",\"target\":[\"https:\\\/\\\/www.alcoawheels.com\\\/europe\\\/de\\\/anwendungen\\\/\"]}]},{\"@type\":\"ImageObject\",\"inLanguage\":\"en-US\",\"@id\":\"https:\\\/\\\/www.alcoawheels.com\\\/europe\\\/de\\\/anwendungen\\\/#primaryimage\",\"url\":\"https:\\\/\\\/www.alcoawheels.com\\\/europe\\\/de\\\/wp-content\\\/uploads\\\/sites\\\/11\\\/2023\\\/06\\\/applications-banner.jpg\",\"contentUrl\":\"https:\\\/\\\/www.alcoawheels.com\\\/europe\\\/de\\\/wp-content\\\/uploads\\\/sites\\\/11\\\/2023\\\/06\\\/applications-banner.jpg\",\"width\":1119,\"height\":280,\"caption\":\"Alcoa Wheels Anwendung\"},{\"@type\":\"BreadcrumbList\",\"@id\":\"https:\\\/\\\/www.alcoawheels.com\\\/europe\\\/de\\\/anwendungen\\\/#breadcrumb\",\"itemListElement\":[{\"@type\":\"ListItem\",\"position\":1,\"name\":\"Home\",\"item\":\"https:\\\/\\\/www.alcoawheels.com\\\/europe\\\/de\\\/\"},{\"@type\":\"ListItem\",\"position\":2,\"name\":\"Anwendungen\"}]},{\"@type\":\"WebSite\",\"@id\":\"https:\\\/\\\/www.alcoawheels.com\\\/europe\\\/de\\\/#website\",\"url\":\"https:\\\/\\\/www.alcoawheels.com\\\/europe\\\/de\\\/\",\"name\":\"Europe German\",\"description\":\"\",\"publisher\":{\"@id\":\"https:\\\/\\\/www.alcoawheels.com\\\/europe\\\/de\\\/#organization\"},\"potentialAction\":[{\"@type\":\"SearchAction\",\"target\":{\"@type\":\"EntryPoint\",\"urlTemplate\":\"https:\\\/\\\/www.alcoawheels.com\\\/europe\\\/de\\\/?s={search_term_string}\"},\"query-input\":{\"@type\":\"PropertyValueSpecification\",\"valueRequired\":true,\"valueName\":\"search_term_string\"}}],\"inLanguage\":\"en-US\"},{\"@type\":\"Organization\",\"@id\":\"https:\\\/\\\/www.alcoawheels.com\\\/europe\\\/de\\\/#organization\",\"name\":\"Europe German\",\"url\":\"https:\\\/\\\/www.alcoawheels.com\\\/europe\\\/de\\\/\",\"logo\":{\"@type\":\"ImageObject\",\"inLanguage\":\"en-US\",\"@id\":\"https:\\\/\\\/www.alcoawheels.com\\\/europe\\\/de\\\/#\\\/schema\\\/logo\\\/image\\\/\",\"url\":\"https:\\\/\\\/www.alcoawheels.com\\\/europe\\\/de\\\/wp-content\\\/uploads\\\/sites\\\/11\\\/2023\\\/05\\\/logo-black.gif\",\"contentUrl\":\"https:\\\/\\\/www.alcoawheels.com\\\/europe\\\/de\\\/wp-content\\\/uploads\\\/sites\\\/11\\\/2023\\\/05\\\/logo-black.gif\",\"width\":71,\"height\":64,\"caption\":\"Europe German\"},\"image\":{\"@id\":\"https:\\\/\\\/www.alcoawheels.com\\\/europe\\\/de\\\/#\\\/schema\\\/logo\\\/image\\\/\"}}]}<\/script>\n<!-- \/ Yoast SEO Premium plugin. -->","yoast_head_json":{"title":"Anwendungen | Alcoa Wheels","description":"Alcoa\u00ae Wheels sind in verschiedenen Gr\u00f6\u00dfen, Finish-Optionen und Oberfl\u00e4chenbehandlungen f\u00fcr ihre spezielle Anwendung erh\u00e4ltlich. Wir haben L\u00f6sungen f\u00fcr Schwerlast-Lkw und Anh\u00e4nger, f\u00fcr mittelschwere LKW, f\u00fcr Stadtbusse, \u00dcberlandbusse und Reisebusse.","robots":{"index":"index","follow":"follow","max-snippet":"max-snippet:-1","max-image-preview":"max-image-preview:large","max-video-preview":"max-video-preview:-1"},"canonical":"https:\/\/www.alcoawheels.com\/europe\/de\/anwendungen\/","og_locale":"en_US","og_type":"article","og_title":"Anwendungen","og_description":"Alcoa\u00ae Wheels sind in verschiedenen Gr\u00f6\u00dfen, Finish-Optionen und Oberfl\u00e4chenbehandlungen f\u00fcr ihre spezielle Anwendung erh\u00e4ltlich. Wir haben L\u00f6sungen f\u00fcr Schwerlast-Lkw und Anh\u00e4nger, f\u00fcr mittelschwere LKW, f\u00fcr Stadtbusse, \u00dcberlandbusse und Reisebusse.","og_url":"https:\/\/www.alcoawheels.com\/europe\/de\/anwendungen\/","og_site_name":"Europe German","article_modified_time":"2025-11-20T18:35:50+00:00","og_image":[{"url":"https:\/\/www.alcoawheels.com\/europe\/de\/wp-content\/uploads\/sites\/11\/2023\/06\/applications-banner.jpg","type":"","width":"","height":""}],"twitter_card":"summary_large_image","twitter_misc":{"Est. reading time":"3 minutes"},"schema":{"@context":"https:\/\/schema.org","@graph":[{"@type":"WebPage","@id":"https:\/\/www.alcoawheels.com\/europe\/de\/anwendungen\/","url":"https:\/\/www.alcoawheels.com\/europe\/de\/anwendungen\/","name":"Anwendungen | Alcoa Wheels","isPartOf":{"@id":"https:\/\/www.alcoawheels.com\/europe\/de\/#website"},"primaryImageOfPage":{"@id":"https:\/\/www.alcoawheels.com\/europe\/de\/anwendungen\/#primaryimage"},"image":{"@id":"https:\/\/www.alcoawheels.com\/europe\/de\/anwendungen\/#primaryimage"},"thumbnailUrl":"https:\/\/www.alcoawheels.com\/europe\/de\/wp-content\/uploads\/sites\/11\/2023\/06\/applications-banner.jpg","datePublished":"2023-05-25T11:18:27+00:00","dateModified":"2025-11-20T18:35:50+00:00","description":"Alcoa\u00ae Wheels sind in verschiedenen Gr\u00f6\u00dfen, Finish-Optionen und Oberfl\u00e4chenbehandlungen f\u00fcr ihre spezielle Anwendung erh\u00e4ltlich. Wir haben L\u00f6sungen f\u00fcr Schwerlast-Lkw und Anh\u00e4nger, f\u00fcr mittelschwere LKW, f\u00fcr Stadtbusse, \u00dcberlandbusse und Reisebusse.","breadcrumb":{"@id":"https:\/\/www.alcoawheels.com\/europe\/de\/anwendungen\/#breadcrumb"},"inLanguage":"en-US","potentialAction":[{"@type":"ReadAction","target":["https:\/\/www.alcoawheels.com\/europe\/de\/anwendungen\/"]}]},{"@type":"ImageObject","inLanguage":"en-US","@id":"https:\/\/www.alcoawheels.com\/europe\/de\/anwendungen\/#primaryimage","url":"https:\/\/www.alcoawheels.com\/europe\/de\/wp-content\/uploads\/sites\/11\/2023\/06\/applications-banner.jpg","contentUrl":"https:\/\/www.alcoawheels.com\/europe\/de\/wp-content\/uploads\/sites\/11\/2023\/06\/applications-banner.jpg","width":1119,"height":280,"caption":"Alcoa Wheels Anwendung"},{"@type":"BreadcrumbList","@id":"https:\/\/www.alcoawheels.com\/europe\/de\/anwendungen\/#breadcrumb","itemListElement":[{"@type":"ListItem","position":1,"name":"Home","item":"https:\/\/www.alcoawheels.com\/europe\/de\/"},{"@type":"ListItem","position":2,"name":"Anwendungen"}]},{"@type":"WebSite","@id":"https:\/\/www.alcoawheels.com\/europe\/de\/#website","url":"https:\/\/www.alcoawheels.com\/europe\/de\/","name":"Europe German","description":"","publisher":{"@id":"https:\/\/www.alcoawheels.com\/europe\/de\/#organization"},"potentialAction":[{"@type":"SearchAction","target":{"@type":"EntryPoint","urlTemplate":"https:\/\/www.alcoawheels.com\/europe\/de\/?s={search_term_string}"},"query-input":{"@type":"PropertyValueSpecification","valueRequired":true,"valueName":"search_term_string"}}],"inLanguage":"en-US"},{"@type":"Organization","@id":"https:\/\/www.alcoawheels.com\/europe\/de\/#organization","name":"Europe German","url":"https:\/\/www.alcoawheels.com\/europe\/de\/","logo":{"@type":"ImageObject","inLanguage":"en-US","@id":"https:\/\/www.alcoawheels.com\/europe\/de\/#\/schema\/logo\/image\/","url":"https:\/\/www.alcoawheels.com\/europe\/de\/wp-content\/uploads\/sites\/11\/2023\/05\/logo-black.gif","contentUrl":"https:\/\/www.alcoawheels.com\/europe\/de\/wp-content\/uploads\/sites\/11\/2023\/05\/logo-black.gif","width":71,"height":64,"caption":"Europe German"},"image":{"@id":"https:\/\/www.alcoawheels.com\/europe\/de\/#\/schema\/logo\/image\/"}}]}},"parsely":{"version":"1.1.0","canonical_url":"https:\/\/alcoawheels.com\/europe\/de\/anwendungen\/","smart_links":{"inbound":0,"outbound":0},"traffic_boost_suggestions_count":0,"meta":{"@context":"https:\/\/schema.org","@type":"WebPage","headline":"Anwendungen","url":"http:\/\/www.alcoawheels.com\/europe\/de\/anwendungen\/","mainEntityOfPage":{"@type":"WebPage","@id":"http:\/\/www.alcoawheels.com\/europe\/de\/anwendungen\/"},"thumbnailUrl":"","image":{"@type":"ImageObject","url":""},"articleSection":"Uncategorized","author":[{"@type":"Person","name":"howmet"}],"creator":["howmet"],"publisher":{"@type":"Organization","name":"Europe German","logo":""},"keywords":[],"dateCreated":"2023-05-25T11:18:27Z","datePublished":"2023-05-25T11:18:27Z","dateModified":"2025-11-20T18:35:50Z"},"rendered":"<script type=\"application\/ld+json\" class=\"wp-parsely-metadata\">{\"@context\":\"https:\\\/\\\/schema.org\",\"@type\":\"WebPage\",\"headline\":\"Anwendungen\",\"url\":\"http:\\\/\\\/www.alcoawheels.com\\\/europe\\\/de\\\/anwendungen\\\/\",\"mainEntityOfPage\":{\"@type\":\"WebPage\",\"@id\":\"http:\\\/\\\/www.alcoawheels.com\\\/europe\\\/de\\\/anwendungen\\\/\"},\"thumbnailUrl\":\"\",\"image\":{\"@type\":\"ImageObject\",\"url\":\"\"},\"articleSection\":\"Uncategorized\",\"author\":[{\"@type\":\"Person\",\"name\":\"howmet\"}],\"creator\":[\"howmet\"],\"publisher\":{\"@type\":\"Organization\",\"name\":\"Europe German\",\"logo\":\"\"},\"keywords\":[],\"dateCreated\":\"2023-05-25T11:18:27Z\",\"datePublished\":\"2023-05-25T11:18:27Z\",\"dateModified\":\"2025-11-20T18:35:50Z\"}<\/script>","tracker_url":"https:\/\/cdn.parsely.com\/keys\/alcoawheels.com\/p.js"},"jetpack_sharing_enabled":true,"_links":{"self":[{"href":"https:\/\/www.alcoawheels.com\/europe\/de\/wp-json\/wp\/v2\/pages\/15","targetHints":{"allow":["GET"]}}],"collection":[{"href":"https:\/\/www.alcoawheels.com\/europe\/de\/wp-json\/wp\/v2\/pages"}],"about":[{"href":"https:\/\/www.alcoawheels.com\/europe\/de\/wp-json\/wp\/v2\/types\/page"}],"author":[{"embeddable":true,"href":"https:\/\/www.alcoawheels.com\/europe\/de\/wp-json\/wp\/v2\/users\/44"}],"replies":[{"embeddable":true,"href":"https:\/\/www.alcoawheels.com\/europe\/de\/wp-json\/wp\/v2\/comments?post=15"}],"version-history":[{"count":11,"href":"https:\/\/www.alcoawheels.com\/europe\/de\/wp-json\/wp\/v2\/pages\/15\/revisions"}],"predecessor-version":[{"id":4141,"href":"https:\/\/www.alcoawheels.com\/europe\/de\/wp-json\/wp\/v2\/pages\/15\/revisions\/4141"}],"wp:attachment":[{"href":"https:\/\/www.alcoawheels.com\/europe\/de\/wp-json\/wp\/v2\/media?parent=15"}],"curies":[{"name":"wp","href":"https:\/\/api.w.org\/{rel}","templated":true}]}}