{"id":19,"date":"2023-05-25T11:19:12","date_gmt":"2023-05-25T11:19:12","guid":{"rendered":"https:\/\/www.alcoawheels.com\/europe\/de\/?page_id=19"},"modified":"2025-09-04T08:30:10","modified_gmt":"2025-09-04T06:30:10","slug":"finish-optionen","status":"publish","type":"page","link":"https:\/\/www.alcoawheels.com\/europe\/de\/finish-optionen\/","title":{"rendered":"Finish Optionen"},"content":{"rendered":"\n<div class=\"wp-block-alcoa-wheels-hero-banner-innerpage hero-banner with-image layout-2 overlayEnable align- vertical-align-\" style=\"background-color:#eee\"><img decoding=\"async\" src=\"https:\/\/www.alcoawheels.com\/europe\/de\/wp-content\/uploads\/sites\/11\/2023\/06\/finish-banner.jpg\" alt=\"Alcoa Wheels Oberfl\u00e4chenausf\u00fchrungen\" class=\"responsiveImage\"\/><div class=\"hero-banner__header\" style=\"text-align:center\"><div class=\"container\"><h1 class=\"hero-banner__header--title\">Oberfl\u00e4chen-Optionen<\/h1><\/div><\/div><\/div>\n\n\n\n<div style=\"height:50px\" aria-hidden=\"true\" id=\"Geburstet\" class=\"wp-block-spacer spacer-fifty\"><\/div>\n\n\n\n<h2 class=\"wp-block-heading has-text-align-center\">Geb\u00fcrstet<\/h2>\n\n\n\n<div class=\"wp-block-alcoa-wheels-zigzag media-list__body\" id=\"zigzag-main-f974ec46-6cd0-44b2-a6e5-940f8aa235d4\"><div class=\"media-list__body_main imageFirst vertical-align-center  fullWidth\">\n<div class=\"wp-block-alcoa-wheels-zigzag-item media-list-item\"><div class=\"media-list-item__box_content\"><div class=\"media-list-item__box_content_inner\">\n<p class=\"has-text-align-left\">Geb\u00fcrstet ist ein Satin-Finish der Einstiegsklasse.<\/p>\n\n\n\n<p class=\"has-text-align-left\">Klicken Sie <a href=\"https:\/\/www.youtube.com\/watch?v=x1SKTgX060M\" target=\"_blank\" rel=\"noreferrer noopener\">hier<\/a>, um weitere Informationen zur Reinigung von geb\u00fcrsteten Felgen zu erhalten.<\/p>\n\n\n\n<p>Wie erkennt man geb\u00fcrstete R\u00e4der?<br>1. Rollstempel-Teilenummer endet auf 0 oder 0DF<br>2. BLAUES Etikett auf dem Rad<\/p>\n<\/div><\/div><div class=\"media-list-item__box_image\"><img loading=\"lazy\" decoding=\"async\" width=\"450\" height=\"402\" src=\"https:\/\/www.alcoawheels.com\/europe\/de\/wp-content\/uploads\/sites\/11\/2023\/06\/finish-brushed.jpg\" alt=\"Geb\u00fcrstete Ausf\u00fchrung\"\/><\/div><\/div>\n<\/div><\/div>\n\n\n\n<hr class=\"wp-block-separator has-text-color has-alpha-channel-opacity has-background is-style-wide\" style=\"background-color:#cccccc;color:#cccccc\"\/>\n\n\n\n<div style=\"height:50px\" aria-hidden=\"true\" class=\"wp-block-spacer spacer-fifty\"><\/div>\n\n\n\n<h2 class=\"wp-block-heading has-text-align-center\" id=\"lvl-one\">LvL ONE<sup>\u00ae<\/sup><\/h2>\n\n\n\n<div class=\"wp-block-alcoa-wheels-zigzag media-list__body\" id=\"zigzag-main-f974ec46-6cd0-44b2-a6e5-940f8aa235d4\"><div class=\"media-list__body_main  vertical-align-center  fullWidth row-reverse\">\n<div class=\"wp-block-alcoa-wheels-zigzag-item media-list-item\"><div class=\"media-list-item__box_content\"><div class=\"media-list-item__box_content_inner\">\n<h5 class=\"wp-block-heading\" id=\"h-auffalligere-losungen-mit-einer-glatteren-und-glanzenderen-oberflache-im-vergleich-zu-gebursteten-radern\"><strong>Auff\u00e4lligere L\u00f6sungen mit einer glatteren und gl\u00e4nzenderen Oberfl\u00e4che im Vergleich zu geb\u00fcrsteten R\u00e4dern.<\/strong><\/h5>\n\n\n\n<p>Alcoa<sup>\u00ae<\/sup> LvL ONE<sup>\u00ae<\/sup> ist eine polierte Einstiegsoberfl\u00e4che mit einer glatteren und gl\u00e4nzenderen Oberfl\u00e4che als die geb\u00fcrstete Oberfl\u00e4che. LvL ONE<sup>\u00ae<\/sup>&#8211; R\u00e4der erfordern bei der Wartung das \u00fcbliche Verfahren. Wenn eine gl\u00e4nzende Oberfl\u00e4che gew\u00fcnscht wird, ist Polieren erforderlich.<\/p>\n\n\n\n<p>Klicken Sie <a href=\"https:\/\/www.youtube.com\/watch?v=x1SKTgX060M\" target=\"_blank\" rel=\"noreferrer noopener\">hier<\/a> f\u00fcr weitere Informationen zur Reinigung von LvL ONE<sup>\u00ae<\/sup>-Felgen.<\/p>\n\n\n\n<p>Wie erkennt man LvL ONE<sup>\u00ae<\/sup>-R\u00e4der?<br>1. Rollstempel-Teilenummer endet auf 7<br>2. BLAUES LvL ONE<sup>\u00ae<\/sup>-Etikett auf dem Rad<\/p>\n<\/div><\/div><div class=\"media-list-item__box_image\"><img loading=\"lazy\" decoding=\"async\" width=\"450\" height=\"404\" src=\"https:\/\/www.alcoawheels.com\/europe\/de\/wp-content\/uploads\/sites\/11\/2023\/06\/finish-lvl-one.jpg\" alt=\"LvL One Ausf\u00fchrung\"\/><\/div><\/div>\n<\/div><\/div>\n\n\n\n<hr class=\"wp-block-separator has-text-color has-alpha-channel-opacity has-background is-style-wide\" style=\"background-color:#cccccc;color:#cccccc\"\/>\n\n\n\n<div style=\"height:50px\" aria-hidden=\"true\" class=\"wp-block-spacer spacer-fifty\"><\/div>\n\n\n\n<h2 class=\"wp-block-heading has-text-align-center\" id=\"dura-bright-evo\">Dura-Bright<sup>\u00ae<\/sup>&nbsp;EVO<\/h2>\n\n\n\n<div class=\"wp-block-alcoa-wheels-zigzag media-list__body\" id=\"zigzag-main-f974ec46-6cd0-44b2-a6e5-940f8aa235d4\"><div class=\"media-list__body_main imageFirst vertical-align-center  fullWidth\">\n<div class=\"wp-block-alcoa-wheels-zigzag-item media-list-item\"><div class=\"media-list-item__box_content\"><div class=\"media-list-item__box_content_inner\">\n<h5 class=\"wp-block-heading\"><strong>Gro\u00dfartiges Aussehen, einfache Pflege<\/strong><\/h5>\n\n\n\n<p>Alcoa<sup>\u00ae<\/sup>&#8211; R\u00e4der sind mit der Dura-Bright<sup>\u00ae<\/sup> EVO-Oberfl\u00e4chenbehandlung erh\u00e4ltlich, die daf\u00fcr sorgt, dass die R\u00e4der jahrelang strahlend und gl\u00e4nzend aussehen, ohne dass sie poliert werden m\u00fcssen. Dank der propriet\u00e4ren Technologie ist die Wartung \u00e4u\u00dferst einfach, indem nur Wasser und Seife verwendet werden.<\/p>\n\n\n\n<p>Dura-Bright<sup>\u00ae<\/sup> ist keine Beschichtung, sondern eine Oberfl\u00e4chenbehandlung, die in das Aluminium eindringt und zu einem integralen Bestandteil des Rades wird. Im Gegensatz zu herk\u00f6mmlichen Beschichtungen splittert, rei\u00dft, bl\u00e4ttert oder korrodiert es nicht.<\/p>\n\n\n\n<p>Klicken Sie <a href=\"https:\/\/www.youtube.com\/watch?v=3zcGCwi61xw\">hier<\/a>, um weitere Informationen zur Reinigung von Dura-Bright<sup>\u00ae<\/sup>-Felgen zu erhalten.<\/p>\n\n\n\n<p>Wie erkennt man Dura-Bright<sup>\u00ae<\/sup>-Felgen?<br>1. Rollstempel-Teilenummer endet auf DB oder DD<br>2. Schwarzes Etikett auf dem Rad<\/p>\n<\/div><\/div><div class=\"media-list-item__box_image\"><img loading=\"lazy\" decoding=\"async\" width=\"450\" height=\"402\" src=\"https:\/\/www.alcoawheels.com\/europe\/de\/wp-content\/uploads\/sites\/11\/2023\/06\/finish-dura-bright.jpg\" alt=\"Dura-Bright EVO Ausf\u00fchrung\"\/><\/div><\/div>\n<\/div><\/div>\n\n\n\n<div style=\"height:50px\" aria-hidden=\"true\" class=\"wp-block-spacer spacer-fifty\"><\/div>\n\n\n\n<hr class=\"wp-block-separator has-text-color has-alpha-channel-opacity has-background is-style-wide\" style=\"background-color:#cccccc;color:#cccccc\"\/>\n\n\n\n<div style=\"height:50px\" aria-hidden=\"true\" class=\"wp-block-spacer spacer-fifty\"><\/div>\n\n\n\n<div class=\"wp-block-alcoa-wheels-related-documents card-box-v1__body\" id=\"related-documents-aa78dd47-d4b8-4aae-ba39-ce53bbaa6b13\"><div class=\"full-row\"><div class=\"related_documents__boxes\"><div class=\"related_documents__box_content\"><h3>Weitere Informationen:<\/h3><\/div><ul><li class=\"show-items-hover-wrap\" name=\"document1\" id=\"document1\"><p><a href=\"https:\/\/www.alcoawheels.com\/europe\/de\/wp-content\/uploads\/sites\/11\/2024\/05\/Alcoa-Wheels-Specification-Sheet-DE.pdf\">ALCOA<sup>\u00ae<\/sup> R\u00c4DER Technisches Datenblatt<\/a><\/p><p><span>986 KB<\/span><\/p><\/li><\/ul><\/div><\/div><\/div>\n\n\n\n<div style=\"height:50px\" aria-hidden=\"true\" class=\"wp-block-spacer spacer-fifty\"><\/div>\n\n\n\n<div class=\"wp-block-alcoa-wheels-card-usecase-1 card-box-v1__body with-icon align-center vertical-align-center\" id=\"card_box_v1-accb8e41-a496-4067-99e8-9f3349f6dde2\"><div class=\"fullwidthcontainer\"><div class=\"card-box-v1__boxes has-4-columns\"><div class=\"card-box-v1__box  with-link \" style=\"background-color:#00afb9\"><img decoding=\"async\" src=\"https:\/\/www.alcoawheels.com\/europe\/de\/wp-content\/themes\/alcoa-wheels\/assets\/build\/js\/blocks\/card-usecase-1\/..\/..\/..\/images\/placeholder-image.db2b4d5c.jpeg\" alt=\"Kontakt\"\/><div class=\"card-box-v1__box__inner pos-abs\"><div class=\"card-box-v1__box_icon\"><img loading=\"lazy\" decoding=\"async\" width=\"171\" height=\"171\" src=\"https:\/\/www.alcoawheels.com\/europe\/de\/wp-content\/uploads\/sites\/11\/2023\/06\/contact.png\" alt=\"\"\/><\/div><div class=\"card-box-v1__box_content\"><h4 style=\"color:#ffffff\">Kontakt<\/h4><\/div><div class=\"btn-wrap\"><\/div><\/div><a href=\"\/europe\/de\/kontakt\" aria-label=\"Kontakt\"><\/a><\/div><div class=\"card-box-v1__box  with-link \" style=\"background-color:#34bfc7\"><img decoding=\"async\" src=\"https:\/\/www.alcoawheels.com\/europe\/de\/wp-content\/themes\/alcoa-wheels\/assets\/build\/js\/blocks\/card-usecase-1\/..\/..\/..\/images\/placeholder-image.db2b4d5c.jpeg\" alt=\"R\u00e4der-Sortiment\"\/><div class=\"card-box-v1__box__inner pos-abs\"><div class=\"card-box-v1__box_icon\"><img loading=\"lazy\" decoding=\"async\" width=\"169\" height=\"169\" src=\"https:\/\/www.alcoawheels.com\/europe\/de\/wp-content\/uploads\/sites\/11\/2023\/06\/product-search.png\" alt=\"\"\/><\/div><div class=\"card-box-v1__box_content\"><h4 style=\"color:#ffffff\">R\u00e4der-Sortiment<\/h4><\/div><div class=\"btn-wrap\"><\/div><\/div><a href=\"\/europe\/de\/rader-sortiment\" aria-label=\"R\u00e4der-Sortiment\"><\/a><\/div><div class=\"card-box-v1__box  with-link \" style=\"background-color:#00afb9\"><img decoding=\"async\" src=\"https:\/\/www.alcoawheels.com\/europe\/de\/wp-content\/themes\/alcoa-wheels\/assets\/build\/js\/blocks\/card-usecase-1\/..\/..\/..\/images\/placeholder-image.db2b4d5c.jpeg\" alt=\"H\u00e4ndler\"\/><div class=\"card-box-v1__box__inner pos-abs\"><div class=\"card-box-v1__box_icon\"><img loading=\"lazy\" decoding=\"async\" width=\"169\" height=\"169\" src=\"https:\/\/www.alcoawheels.com\/europe\/de\/wp-content\/uploads\/sites\/11\/2023\/06\/where-to-buy.png\" alt=\"\"\/><\/div><div class=\"card-box-v1__box_content\"><h4 style=\"color:#ffffff\">H\u00e4ndler<\/h4><\/div><div class=\"btn-wrap\"><\/div><\/div><a href=\"\/europe\/de\/handler\" aria-label=\"H\u00e4ndler\"><\/a><\/div><div class=\"card-box-v1__box  with-link \" style=\"background-color:#34bfc7\"><img decoding=\"async\" src=\"https:\/\/www.alcoawheels.com\/europe\/de\/wp-content\/themes\/alcoa-wheels\/assets\/build\/js\/blocks\/card-usecase-1\/..\/..\/..\/images\/placeholder-image.db2b4d5c.jpeg\" alt=\"Produktliteratur\"\/><div class=\"card-box-v1__box__inner pos-abs\"><div class=\"card-box-v1__box_icon\"><img loading=\"lazy\" decoding=\"async\" width=\"169\" height=\"169\" src=\"https:\/\/www.alcoawheels.com\/europe\/de\/wp-content\/uploads\/sites\/11\/2023\/06\/product-literature.png\" alt=\"\"\/><\/div><div class=\"card-box-v1__box_content\"><h4 style=\"color:#ffffff\">Produktliteratur<\/h4><\/div><div class=\"btn-wrap\"><\/div><\/div><a href=\"\/europe\/de\/produktliteratur\" aria-label=\"Produktliteratur\"><\/a><\/div><\/div><\/div><\/div>\n","protected":false},"excerpt":{"rendered":"<p>Geb\u00fcrstet LvL ONE\u00ae Dura-Bright\u00ae&nbsp;EVO<\/p>\n","protected":false},"author":44,"featured_media":0,"parent":0,"menu_order":0,"comment_status":"closed","ping_status":"closed","template":"","meta":{"_acf_changed":false,"protected_reviewer_email":"","editor_notices":[],"footnotes":""},"class_list":["post-19","page","type-page","status-publish","hentry"],"acf":[],"yoast_head":"<!-- This site is optimized with the Yoast SEO Premium plugin v27.4 (Yoast SEO v27.4) - https:\/\/yoast.com\/product\/yoast-seo-premium-wordpress\/ -->\n<title>Finish-Optionen | Alcoa Wheels<\/title>\n<meta name=\"description\" content=\"Alcoa\u00ae Wheels sind in verschiedenen Finish-Optionen erh\u00e4ltlich: geb\u00fcrstet, Dura-Bright EVO und LvL ONE\u00ae.\" \/>\n<meta name=\"robots\" content=\"index, follow, max-snippet:-1, max-image-preview:large, max-video-preview:-1\" \/>\n<link rel=\"canonical\" href=\"https:\/\/www.alcoawheels.com\/europe\/de\/finish-optionen\/\" \/>\n<meta property=\"og:locale\" content=\"en_US\" \/>\n<meta property=\"og:type\" content=\"article\" \/>\n<meta property=\"og:title\" content=\"Finish Optionen\" \/>\n<meta property=\"og:description\" content=\"Alcoa\u00ae Wheels sind in verschiedenen Finish-Optionen erh\u00e4ltlich: geb\u00fcrstet, Dura-Bright EVO und LvL ONE\u00ae.\" \/>\n<meta property=\"og:url\" content=\"https:\/\/www.alcoawheels.com\/europe\/de\/finish-optionen\/\" \/>\n<meta property=\"og:site_name\" content=\"Europe German\" \/>\n<meta property=\"article:modified_time\" content=\"2025-09-04T06:30:10+00:00\" \/>\n<meta property=\"og:image\" content=\"https:\/\/www.alcoawheels.com\/europe\/de\/wp-content\/uploads\/sites\/11\/2023\/06\/finish-banner.jpg\" \/>\n<meta name=\"twitter:card\" content=\"summary_large_image\" \/>\n<meta name=\"twitter:label1\" content=\"Est. reading time\" \/>\n\t<meta name=\"twitter:data1\" content=\"4 minutes\" \/>\n<script type=\"application\/ld+json\" class=\"yoast-schema-graph\">{\"@context\":\"https:\\\/\\\/schema.org\",\"@graph\":[{\"@type\":\"WebPage\",\"@id\":\"https:\\\/\\\/www.alcoawheels.com\\\/europe\\\/de\\\/finish-optionen\\\/\",\"url\":\"https:\\\/\\\/www.alcoawheels.com\\\/europe\\\/de\\\/finish-optionen\\\/\",\"name\":\"Finish-Optionen | Alcoa Wheels\",\"isPartOf\":{\"@id\":\"https:\\\/\\\/www.alcoawheels.com\\\/europe\\\/de\\\/#website\"},\"primaryImageOfPage\":{\"@id\":\"https:\\\/\\\/www.alcoawheels.com\\\/europe\\\/de\\\/finish-optionen\\\/#primaryimage\"},\"image\":{\"@id\":\"https:\\\/\\\/www.alcoawheels.com\\\/europe\\\/de\\\/finish-optionen\\\/#primaryimage\"},\"thumbnailUrl\":\"https:\\\/\\\/www.alcoawheels.com\\\/europe\\\/de\\\/wp-content\\\/uploads\\\/sites\\\/11\\\/2023\\\/06\\\/finish-banner.jpg\",\"datePublished\":\"2023-05-25T11:19:12+00:00\",\"dateModified\":\"2025-09-04T06:30:10+00:00\",\"description\":\"Alcoa\u00ae Wheels sind in verschiedenen Finish-Optionen erh\u00e4ltlich: geb\u00fcrstet, Dura-Bright EVO und LvL ONE\u00ae.\",\"breadcrumb\":{\"@id\":\"https:\\\/\\\/www.alcoawheels.com\\\/europe\\\/de\\\/finish-optionen\\\/#breadcrumb\"},\"inLanguage\":\"en-US\",\"potentialAction\":[{\"@type\":\"ReadAction\",\"target\":[\"https:\\\/\\\/www.alcoawheels.com\\\/europe\\\/de\\\/finish-optionen\\\/\"]}]},{\"@type\":\"ImageObject\",\"inLanguage\":\"en-US\",\"@id\":\"https:\\\/\\\/www.alcoawheels.com\\\/europe\\\/de\\\/finish-optionen\\\/#primaryimage\",\"url\":\"https:\\\/\\\/www.alcoawheels.com\\\/europe\\\/de\\\/wp-content\\\/uploads\\\/sites\\\/11\\\/2023\\\/06\\\/finish-banner.jpg\",\"contentUrl\":\"https:\\\/\\\/www.alcoawheels.com\\\/europe\\\/de\\\/wp-content\\\/uploads\\\/sites\\\/11\\\/2023\\\/06\\\/finish-banner.jpg\",\"width\":1119,\"height\":280,\"caption\":\"Alcoa Wheels Oberfl\u00e4chenausf\u00fchrungen\"},{\"@type\":\"BreadcrumbList\",\"@id\":\"https:\\\/\\\/www.alcoawheels.com\\\/europe\\\/de\\\/finish-optionen\\\/#breadcrumb\",\"itemListElement\":[{\"@type\":\"ListItem\",\"position\":1,\"name\":\"Home\",\"item\":\"https:\\\/\\\/www.alcoawheels.com\\\/europe\\\/de\\\/\"},{\"@type\":\"ListItem\",\"position\":2,\"name\":\"Finish Optionen\"}]},{\"@type\":\"WebSite\",\"@id\":\"https:\\\/\\\/www.alcoawheels.com\\\/europe\\\/de\\\/#website\",\"url\":\"https:\\\/\\\/www.alcoawheels.com\\\/europe\\\/de\\\/\",\"name\":\"Europe German\",\"description\":\"\",\"publisher\":{\"@id\":\"https:\\\/\\\/www.alcoawheels.com\\\/europe\\\/de\\\/#organization\"},\"potentialAction\":[{\"@type\":\"SearchAction\",\"target\":{\"@type\":\"EntryPoint\",\"urlTemplate\":\"https:\\\/\\\/www.alcoawheels.com\\\/europe\\\/de\\\/?s={search_term_string}\"},\"query-input\":{\"@type\":\"PropertyValueSpecification\",\"valueRequired\":true,\"valueName\":\"search_term_string\"}}],\"inLanguage\":\"en-US\"},{\"@type\":\"Organization\",\"@id\":\"https:\\\/\\\/www.alcoawheels.com\\\/europe\\\/de\\\/#organization\",\"name\":\"Europe German\",\"url\":\"https:\\\/\\\/www.alcoawheels.com\\\/europe\\\/de\\\/\",\"logo\":{\"@type\":\"ImageObject\",\"inLanguage\":\"en-US\",\"@id\":\"https:\\\/\\\/www.alcoawheels.com\\\/europe\\\/de\\\/#\\\/schema\\\/logo\\\/image\\\/\",\"url\":\"https:\\\/\\\/www.alcoawheels.com\\\/europe\\\/de\\\/wp-content\\\/uploads\\\/sites\\\/11\\\/2023\\\/05\\\/logo-black.gif\",\"contentUrl\":\"https:\\\/\\\/www.alcoawheels.com\\\/europe\\\/de\\\/wp-content\\\/uploads\\\/sites\\\/11\\\/2023\\\/05\\\/logo-black.gif\",\"width\":71,\"height\":64,\"caption\":\"Europe German\"},\"image\":{\"@id\":\"https:\\\/\\\/www.alcoawheels.com\\\/europe\\\/de\\\/#\\\/schema\\\/logo\\\/image\\\/\"}}]}<\/script>\n<!-- \/ Yoast SEO Premium plugin. -->","yoast_head_json":{"title":"Finish-Optionen | Alcoa Wheels","description":"Alcoa\u00ae Wheels sind in verschiedenen Finish-Optionen erh\u00e4ltlich: geb\u00fcrstet, Dura-Bright EVO und LvL ONE\u00ae.","robots":{"index":"index","follow":"follow","max-snippet":"max-snippet:-1","max-image-preview":"max-image-preview:large","max-video-preview":"max-video-preview:-1"},"canonical":"https:\/\/www.alcoawheels.com\/europe\/de\/finish-optionen\/","og_locale":"en_US","og_type":"article","og_title":"Finish Optionen","og_description":"Alcoa\u00ae Wheels sind in verschiedenen Finish-Optionen erh\u00e4ltlich: geb\u00fcrstet, Dura-Bright EVO und LvL ONE\u00ae.","og_url":"https:\/\/www.alcoawheels.com\/europe\/de\/finish-optionen\/","og_site_name":"Europe German","article_modified_time":"2025-09-04T06:30:10+00:00","og_image":[{"url":"https:\/\/www.alcoawheels.com\/europe\/de\/wp-content\/uploads\/sites\/11\/2023\/06\/finish-banner.jpg","type":"","width":"","height":""}],"twitter_card":"summary_large_image","twitter_misc":{"Est. reading time":"4 minutes"},"schema":{"@context":"https:\/\/schema.org","@graph":[{"@type":"WebPage","@id":"https:\/\/www.alcoawheels.com\/europe\/de\/finish-optionen\/","url":"https:\/\/www.alcoawheels.com\/europe\/de\/finish-optionen\/","name":"Finish-Optionen | Alcoa Wheels","isPartOf":{"@id":"https:\/\/www.alcoawheels.com\/europe\/de\/#website"},"primaryImageOfPage":{"@id":"https:\/\/www.alcoawheels.com\/europe\/de\/finish-optionen\/#primaryimage"},"image":{"@id":"https:\/\/www.alcoawheels.com\/europe\/de\/finish-optionen\/#primaryimage"},"thumbnailUrl":"https:\/\/www.alcoawheels.com\/europe\/de\/wp-content\/uploads\/sites\/11\/2023\/06\/finish-banner.jpg","datePublished":"2023-05-25T11:19:12+00:00","dateModified":"2025-09-04T06:30:10+00:00","description":"Alcoa\u00ae Wheels sind in verschiedenen Finish-Optionen erh\u00e4ltlich: geb\u00fcrstet, Dura-Bright EVO und LvL ONE\u00ae.","breadcrumb":{"@id":"https:\/\/www.alcoawheels.com\/europe\/de\/finish-optionen\/#breadcrumb"},"inLanguage":"en-US","potentialAction":[{"@type":"ReadAction","target":["https:\/\/www.alcoawheels.com\/europe\/de\/finish-optionen\/"]}]},{"@type":"ImageObject","inLanguage":"en-US","@id":"https:\/\/www.alcoawheels.com\/europe\/de\/finish-optionen\/#primaryimage","url":"https:\/\/www.alcoawheels.com\/europe\/de\/wp-content\/uploads\/sites\/11\/2023\/06\/finish-banner.jpg","contentUrl":"https:\/\/www.alcoawheels.com\/europe\/de\/wp-content\/uploads\/sites\/11\/2023\/06\/finish-banner.jpg","width":1119,"height":280,"caption":"Alcoa Wheels Oberfl\u00e4chenausf\u00fchrungen"},{"@type":"BreadcrumbList","@id":"https:\/\/www.alcoawheels.com\/europe\/de\/finish-optionen\/#breadcrumb","itemListElement":[{"@type":"ListItem","position":1,"name":"Home","item":"https:\/\/www.alcoawheels.com\/europe\/de\/"},{"@type":"ListItem","position":2,"name":"Finish Optionen"}]},{"@type":"WebSite","@id":"https:\/\/www.alcoawheels.com\/europe\/de\/#website","url":"https:\/\/www.alcoawheels.com\/europe\/de\/","name":"Europe German","description":"","publisher":{"@id":"https:\/\/www.alcoawheels.com\/europe\/de\/#organization"},"potentialAction":[{"@type":"SearchAction","target":{"@type":"EntryPoint","urlTemplate":"https:\/\/www.alcoawheels.com\/europe\/de\/?s={search_term_string}"},"query-input":{"@type":"PropertyValueSpecification","valueRequired":true,"valueName":"search_term_string"}}],"inLanguage":"en-US"},{"@type":"Organization","@id":"https:\/\/www.alcoawheels.com\/europe\/de\/#organization","name":"Europe German","url":"https:\/\/www.alcoawheels.com\/europe\/de\/","logo":{"@type":"ImageObject","inLanguage":"en-US","@id":"https:\/\/www.alcoawheels.com\/europe\/de\/#\/schema\/logo\/image\/","url":"https:\/\/www.alcoawheels.com\/europe\/de\/wp-content\/uploads\/sites\/11\/2023\/05\/logo-black.gif","contentUrl":"https:\/\/www.alcoawheels.com\/europe\/de\/wp-content\/uploads\/sites\/11\/2023\/05\/logo-black.gif","width":71,"height":64,"caption":"Europe German"},"image":{"@id":"https:\/\/www.alcoawheels.com\/europe\/de\/#\/schema\/logo\/image\/"}}]}},"parsely":{"version":"1.1.0","canonical_url":"https:\/\/alcoawheels.com\/europe\/de\/finish-optionen\/","smart_links":{"inbound":0,"outbound":0},"traffic_boost_suggestions_count":0,"meta":{"@context":"https:\/\/schema.org","@type":"WebPage","headline":"Finish Optionen","url":"http:\/\/www.alcoawheels.com\/europe\/de\/finish-optionen\/","mainEntityOfPage":{"@type":"WebPage","@id":"http:\/\/www.alcoawheels.com\/europe\/de\/finish-optionen\/"},"thumbnailUrl":"","image":{"@type":"ImageObject","url":""},"articleSection":"Uncategorized","author":[{"@type":"Person","name":"howmet"}],"creator":["howmet"],"publisher":{"@type":"Organization","name":"Europe German","logo":""},"keywords":[],"dateCreated":"2023-05-25T11:19:12Z","datePublished":"2023-05-25T11:19:12Z","dateModified":"2025-09-04T06:30:10Z"},"rendered":"<script type=\"application\/ld+json\" class=\"wp-parsely-metadata\">{\"@context\":\"https:\\\/\\\/schema.org\",\"@type\":\"WebPage\",\"headline\":\"Finish Optionen\",\"url\":\"http:\\\/\\\/www.alcoawheels.com\\\/europe\\\/de\\\/finish-optionen\\\/\",\"mainEntityOfPage\":{\"@type\":\"WebPage\",\"@id\":\"http:\\\/\\\/www.alcoawheels.com\\\/europe\\\/de\\\/finish-optionen\\\/\"},\"thumbnailUrl\":\"\",\"image\":{\"@type\":\"ImageObject\",\"url\":\"\"},\"articleSection\":\"Uncategorized\",\"author\":[{\"@type\":\"Person\",\"name\":\"howmet\"}],\"creator\":[\"howmet\"],\"publisher\":{\"@type\":\"Organization\",\"name\":\"Europe German\",\"logo\":\"\"},\"keywords\":[],\"dateCreated\":\"2023-05-25T11:19:12Z\",\"datePublished\":\"2023-05-25T11:19:12Z\",\"dateModified\":\"2025-09-04T06:30:10Z\"}<\/script>","tracker_url":"https:\/\/cdn.parsely.com\/keys\/alcoawheels.com\/p.js"},"jetpack_sharing_enabled":true,"_links":{"self":[{"href":"https:\/\/www.alcoawheels.com\/europe\/de\/wp-json\/wp\/v2\/pages\/19","targetHints":{"allow":["GET"]}}],"collection":[{"href":"https:\/\/www.alcoawheels.com\/europe\/de\/wp-json\/wp\/v2\/pages"}],"about":[{"href":"https:\/\/www.alcoawheels.com\/europe\/de\/wp-json\/wp\/v2\/types\/page"}],"author":[{"embeddable":true,"href":"https:\/\/www.alcoawheels.com\/europe\/de\/wp-json\/wp\/v2\/users\/44"}],"replies":[{"embeddable":true,"href":"https:\/\/www.alcoawheels.com\/europe\/de\/wp-json\/wp\/v2\/comments?post=19"}],"version-history":[{"count":28,"href":"https:\/\/www.alcoawheels.com\/europe\/de\/wp-json\/wp\/v2\/pages\/19\/revisions"}],"predecessor-version":[{"id":4106,"href":"https:\/\/www.alcoawheels.com\/europe\/de\/wp-json\/wp\/v2\/pages\/19\/revisions\/4106"}],"wp:attachment":[{"href":"https:\/\/www.alcoawheels.com\/europe\/de\/wp-json\/wp\/v2\/media?parent=19"}],"curies":[{"name":"wp","href":"https:\/\/api.w.org\/{rel}","templated":true}]}}