{"id":21,"date":"2023-05-25T11:19:27","date_gmt":"2023-05-25T11:19:27","guid":{"rendered":"https:\/\/www.alcoawheels.com\/europe\/de\/?page_id=21"},"modified":"2025-11-21T21:27:58","modified_gmt":"2025-11-21T20:27:58","slug":"spezialanwendungen","status":"publish","type":"page","link":"https:\/\/www.alcoawheels.com\/europe\/de\/spezialanwendungen\/","title":{"rendered":"Spezialanwendungen"},"content":{"rendered":"\n<div class=\"wp-block-alcoa-wheels-hero-banner-innerpage hero-banner with-image layout-2 overlayEnable align- vertical-align-\" style=\"background-color:#eee\"><img decoding=\"async\" src=\"https:\/\/www.alcoawheels.com\/europe\/de\/wp-content\/uploads\/sites\/11\/2023\/06\/special-applications-banner.jpg\" alt=\"Alcoa Wheels Spezialanwendungen\" class=\"responsiveImage\"\/><div class=\"hero-banner__header\" style=\"text-align:center\"><div class=\"container\"><h1 class=\"hero-banner__header--title\">Spezialanwendungen<\/h1><\/div><\/div><\/div>\n\n\n\n<div style=\"height:50px\" aria-hidden=\"true\" class=\"wp-block-spacer spacer-fifty\"><\/div>\n\n\n\n<h2 class=\"wp-block-heading has-text-align-center\" id=\"tiefbett\">R\u00e4der f\u00fcr Tiefbettauflieger<\/h2>\n\n\n\n<div class=\"wp-block-alcoa-wheels-zigzag media-list__body\" id=\"zigzag-main-f974ec46-6cd0-44b2-a6e5-940f8aa235d4\"><div class=\"media-list__body_main  vertical-align-center  fullWidth row-reverse\">\n<div class=\"wp-block-alcoa-wheels-zigzag-item media-list-item\"><div class=\"media-list-item__box_content\"><div class=\"media-list-item__box_content_inner\">\n<h5 class=\"wp-block-heading\"><strong>17.5\u201dx6.00\u201d Rad<\/strong><\/h5>\n\n\n\n<p>Max. Last betr\u00e4gt 2500 kg<br>10 Montagel\u00f6cher<br>Wiegt nur 12.6 kg!<\/p>\n\n\n\n<h5 class=\"wp-block-heading\"><strong>17.5\u201dX6.75\u201d Rad<\/strong><\/h5>\n\n\n\n<p>Max. Last 3000 kg<br>10 Montagel\u00f6cher Wiegt nur 13.7 kg!<\/p>\n<\/div><\/div><div class=\"media-list-item__box_image\"><img loading=\"lazy\" decoding=\"async\" width=\"450\" height=\"423\" src=\"https:\/\/www.alcoawheels.com\/europe\/de\/wp-content\/uploads\/sites\/11\/2023\/06\/special-applications-low-deck-trailer-wheels.jpg\" alt=\"Tieflader Rad 17.5 x 6.75\"\/><\/div><\/div>\n<\/div><\/div>\n\n\n\n<hr class=\"wp-block-separator has-text-color has-alpha-channel-opacity has-background is-style-wide\" style=\"background-color:#cccccc;color:#cccccc\"\/>\n\n\n\n<div style=\"height:50px\" aria-hidden=\"true\" class=\"wp-block-spacer spacer-fifty\"><\/div>\n\n\n\n<h2 class=\"wp-block-heading has-text-align-center\" id=\"mega-trailer\">R\u00e4der f\u00fcr Mega-Trailer<\/h2>\n\n\n\n<div class=\"wp-block-alcoa-wheels-zigzag media-list__body\" id=\"zigzag-main-f974ec46-6cd0-44b2-a6e5-940f8aa235d4\"><div class=\"media-list__body_main  vertical-align-center  fullWidth row-reverse\">\n<div class=\"wp-block-alcoa-wheels-zigzag-item media-list-item\"><div class=\"media-list-item__box_content\"><div class=\"media-list-item__box_content_inner\">\n<h5 class=\"wp-block-heading\" id=\"h-19-5-x14-00-rad-einpresstiefe-120-mm\"><strong>19.5\u201dx14.00\u201d Rad, Einpresstiefe 120 mm<\/strong><\/h5>\n\n\n\n<p>10 Montagel\u00f6cher<br>Das leichteste seiner Klasse! Wiegt nur 21,6 kg!<\/p>\n\n\n\n<h5 class=\"wp-block-heading\" id=\"h-19-5-x14-00-rad-einpresstiefe-0-mm\"><strong>19.5\u201dx14.00\u201d Rad, Einpresstiefe 0 mm<\/strong><\/h5>\n\n\n\n<p>8 Montagel\u00f6cher<br>Howmet Aerospace exklusiv!<br>Wiegt 23.6 kg.<\/p>\n<\/div><\/div><div class=\"media-list-item__box_image\"><img loading=\"lazy\" decoding=\"async\" width=\"450\" height=\"422\" src=\"https:\/\/www.alcoawheels.com\/europe\/de\/wp-content\/uploads\/sites\/11\/2023\/06\/special-applications-wheels-for-megatrailers.jpg\" alt=\"R\u00e4der f\u00fcr Volumentransport 19.5 x 14.00 Einpresstiefe 120 mm\"\/><\/div><\/div>\n<\/div><\/div>\n\n\n\n<div style=\"height:50px\" aria-hidden=\"true\" class=\"wp-block-spacer spacer-fifty\"><\/div>\n\n\n\n<hr class=\"wp-block-separator has-text-color has-alpha-channel-opacity has-background is-style-wide\" style=\"background-color:#cccccc;color:#cccccc\"\/>\n\n\n\n<div style=\"height:50px\" aria-hidden=\"true\" class=\"wp-block-spacer spacer-fifty\"><\/div>\n\n\n\n<h2 class=\"wp-block-heading has-text-align-center\" id=\"dura-flange\">Dura-Flange<sup>\u00ae<\/sup><\/h2>\n\n\n\n<div style=\"height:50px\" aria-hidden=\"true\" class=\"wp-block-spacer spacer-fifty\"><\/div>\n\n\n\n<div class=\"wp-block-alcoa-wheels-zigzag media-list__body\" id=\"zigzag-main-45ea29ee-eb36-4195-af23-94703bac8f49\"><div class=\"media-list__body_main  vertical-align-center  container\">\n<div class=\"wp-block-alcoa-wheels-zigzag-item media-list-item\"><div class=\"media-list-item__box_content\"><div class=\"media-list-item__box_content_inner\">\n<h5 class=\"wp-block-heading\"><strong>Zus\u00e4tzlicher Schutz f\u00fcr eine noch l\u00e4ngere Lebensdauer<\/strong><\/h5>\n\n\n\n<p>Alcoa<sup>\u00ae<\/sup> Dura-Flange<sup>\u00ae<\/sup>-R\u00e4der verf\u00fcgen \u00fcber eine propriet\u00e4re Behandlung an beiden Felgenh\u00f6rnern, die eine Schutzschicht zur Verringerung des Felgenhornverschlei\u00dfes bildet und unter gleichen Bedingungen zu einer l\u00e4ngeren Lebensdauer im Vergleich zu anderen Aluminiumr\u00e4dern beitragen kann.<\/p>\n<\/div><\/div><div class=\"media-list-item__box_image\"><img loading=\"lazy\" decoding=\"async\" width=\"500\" height=\"333\" src=\"https:\/\/www.alcoawheels.com\/europe\/de\/wp-content\/uploads\/sites\/11\/2023\/07\/surface-treatments-dura-flange.jpg\" alt=\"Dura-Flange Alcoa Wheels\"\/><\/div><\/div>\n<\/div><\/div>\n\n\n\n<h5 class=\"wp-block-heading\"><strong>Im Einsatz getestet<\/strong><\/h5>\n\n\n\n<p>Dura-Flange<sup>\u00ae<\/sup>&nbsp;R\u00e4der eignen sich hervorragend f\u00fcr die Bef\u00f6rderung schwerer und kippanf\u00e4lliger Ladungen, die ein Dr\u00fccken der Radwulst gegen das Felgenhorn verursachen k\u00f6nnten:<\/p>\n\n\n\n<div class=\"wp-block-alcoa-wheels-lists alcoa-wheels-lists-block\"><div class=\"list-wrapper\"><ol style=\"list-style-type:none\">\n<div class=\"wp-block-alcoa-wheels-list-items inner-list-item-wrapper  with-icon list-item-wrapper\"><img decoding=\"async\" src=\"https:\/\/www.alcoawheels.com\/europe\/de\/wp-content\/uploads\/sites\/11\/2023\/06\/wheel-bullet.jpg\" class=\"image-icon\" alt=\"https:\/\/www.alcoawheels.com\/europe\/de\/wp-content\/uploads\/sites\/11\/2023\/06\/wheel-bullet.jpg\"\/><li class=\"inner-list-item  with-icon\"><span>Transport unter extremen Bedingungen, z. B. im Bergbau<\/span><\/li><\/div>\n\n\n\n<div class=\"wp-block-alcoa-wheels-list-items inner-list-item-wrapper  with-icon list-item-wrapper\"><img decoding=\"async\" src=\"https:\/\/www.alcoawheels.com\/europe\/de\/wp-content\/uploads\/sites\/11\/2023\/06\/wheel-bullet.jpg\" class=\"image-icon\" alt=\"https:\/\/www.alcoawheels.com\/europe\/de\/wp-content\/uploads\/sites\/11\/2023\/06\/wheel-bullet.jpg\"\/><li class=\"inner-list-item  with-icon\"><span>Schwertransporte, z. B. in der Forstwirtschaft<\/span><\/li><\/div>\n\n\n\n<div class=\"wp-block-alcoa-wheels-list-items inner-list-item-wrapper  with-icon list-item-wrapper\"><img decoding=\"async\" src=\"https:\/\/www.alcoawheels.com\/europe\/de\/wp-content\/uploads\/sites\/11\/2023\/06\/wheel-bullet.jpg\" class=\"image-icon\" alt=\"https:\/\/www.alcoawheels.com\/europe\/de\/wp-content\/uploads\/sites\/11\/2023\/06\/wheel-bullet.jpg\"\/><li class=\"inner-list-item  with-icon\"><span>Tankwagen im Stra\u00dfen- und Gel\u00e4ndeeinsatz (z. B. Milchabholung, Kraftstoffverteilung)<\/span><\/li><\/div>\n\n\n\n<div class=\"wp-block-alcoa-wheels-list-items inner-list-item-wrapper  with-icon list-item-wrapper\"><img decoding=\"async\" src=\"https:\/\/www.alcoawheels.com\/europe\/de\/wp-content\/uploads\/sites\/11\/2023\/06\/wheel-bullet.jpg\" class=\"image-icon\" alt=\"https:\/\/www.alcoawheels.com\/europe\/de\/wp-content\/uploads\/sites\/11\/2023\/06\/wheel-bullet.jpg\"\/><li class=\"inner-list-item  with-icon\"><span>Stadtbus<\/span><\/li><\/div>\n<\/ol><\/div><\/div>\n\n\n\n<div class=\"wp-block-alcoa-wheels-zigzag media-list__body\" id=\"zigzag-main-3b3b0bea-091c-4d01-a453-e2a068faddd0\"><div class=\"media-list__body_main  vertical-align-center  container\">\n<div class=\"wp-block-alcoa-wheels-zigzag-item media-list-item\"><div class=\"media-list-item__box_content\"><div class=\"media-list-item__box_content_inner\">\n<h5 class=\"wp-block-heading\"><strong>&nbsp;Schutz gegen Felgenhornabnutzung<\/strong><\/h5>\n\n\n\n<p>Dura-Flange<sup>\u00ae<\/sup>-R\u00e4der sind leicht am Aufkleber \u201eRim Wear Protected\u201c zu erkennen. Teilenummern, die auf DF enden, sind mit Dura-Flange<sup>\u00ae<\/sup> behandelt.<\/p>\n<\/div><\/div><div class=\"media-list-item__box_image\"><img loading=\"lazy\" decoding=\"async\" width=\"410\" height=\"142\" src=\"https:\/\/www.alcoawheels.com\/europe\/de\/wp-content\/uploads\/sites\/11\/2023\/07\/surface-treatments-dura-flange-sticker.jpg\" alt=\"Dura-Flange Aufkleber\"\/><\/div><\/div>\n<\/div><\/div>\n\n\n\n<div class=\"wp-block-alcoa-wheels-card-usecase-1 card-box-v1__body with-icon align-center vertical-align-center\" id=\"card_box_v1-7068f8e8-2499-4b79-ad98-b0a4f88a5cef\"><div class=\"fullwidthcontainer\"><div class=\"card-box-v1__boxes has-4-columns\"><div class=\"card-box-v1__box  with-link \" style=\"background-color:#00afb9\"><img decoding=\"async\" src=\"https:\/\/www.alcoawheels.com\/europe\/de\/wp-content\/themes\/alcoa-wheels\/assets\/build\/js\/blocks\/card-usecase-1\/..\/..\/..\/images\/placeholder-image.db2b4d5c.jpeg\" alt=\"Kontakt\"\/><div class=\"card-box-v1__box__inner pos-abs\"><div class=\"card-box-v1__box_icon\"><img loading=\"lazy\" decoding=\"async\" width=\"171\" height=\"171\" src=\"https:\/\/www.alcoawheels.com\/europe\/de\/wp-content\/uploads\/sites\/11\/2023\/06\/contact.png\" alt=\"\"\/><\/div><div class=\"card-box-v1__box_content\"><h4 style=\"color:#ffffff\">Kontakt<\/h4><\/div><div class=\"btn-wrap\"><\/div><\/div><a href=\"\/europe\/de\/kontakt\" aria-label=\"Kontakt\"><\/a><\/div><div class=\"card-box-v1__box  with-link \" style=\"background-color:#34bfc7\"><img decoding=\"async\" src=\"https:\/\/www.alcoawheels.com\/europe\/de\/wp-content\/themes\/alcoa-wheels\/assets\/build\/js\/blocks\/card-usecase-1\/..\/..\/..\/images\/placeholder-image.db2b4d5c.jpeg\" alt=\"R\u00e4der-Sortiment\"\/><div class=\"card-box-v1__box__inner pos-abs\"><div class=\"card-box-v1__box_icon\"><img loading=\"lazy\" decoding=\"async\" width=\"169\" height=\"169\" src=\"https:\/\/www.alcoawheels.com\/europe\/de\/wp-content\/uploads\/sites\/11\/2023\/06\/product-search.png\" alt=\"\"\/><\/div><div class=\"card-box-v1__box_content\"><h4 style=\"color:#ffffff\">R\u00e4der-Sortiment<\/h4><\/div><div class=\"btn-wrap\"><\/div><\/div><a href=\"\/europe\/de\/rader-sortiment\" aria-label=\"R\u00e4der-Sortiment\"><\/a><\/div><div class=\"card-box-v1__box  with-link \" style=\"background-color:#00afb9\"><img decoding=\"async\" src=\"https:\/\/www.alcoawheels.com\/europe\/de\/wp-content\/themes\/alcoa-wheels\/assets\/build\/js\/blocks\/card-usecase-1\/..\/..\/..\/images\/placeholder-image.db2b4d5c.jpeg\" alt=\"H\u00e4ndler\"\/><div class=\"card-box-v1__box__inner pos-abs\"><div class=\"card-box-v1__box_icon\"><img loading=\"lazy\" decoding=\"async\" width=\"169\" height=\"169\" src=\"https:\/\/www.alcoawheels.com\/europe\/de\/wp-content\/uploads\/sites\/11\/2023\/06\/where-to-buy.png\" alt=\"\"\/><\/div><div class=\"card-box-v1__box_content\"><h4 style=\"color:#ffffff\">H\u00e4ndler<\/h4><\/div><div class=\"btn-wrap\"><\/div><\/div><a href=\"\/europe\/de\/handler\" aria-label=\"H\u00e4ndler\"><\/a><\/div><div class=\"card-box-v1__box  with-link \" style=\"background-color:#34bfc7\"><img decoding=\"async\" src=\"https:\/\/www.alcoawheels.com\/europe\/de\/wp-content\/themes\/alcoa-wheels\/assets\/build\/js\/blocks\/card-usecase-1\/..\/..\/..\/images\/placeholder-image.db2b4d5c.jpeg\" alt=\"Produktliteratur\"\/><div class=\"card-box-v1__box__inner pos-abs\"><div class=\"card-box-v1__box_icon\"><img loading=\"lazy\" decoding=\"async\" width=\"169\" height=\"169\" src=\"https:\/\/www.alcoawheels.com\/europe\/de\/wp-content\/uploads\/sites\/11\/2023\/06\/product-literature.png\" alt=\"\"\/><\/div><div class=\"card-box-v1__box_content\"><h4 style=\"color:#ffffff\">Produktliteratur<\/h4><\/div><div class=\"btn-wrap\"><\/div><\/div><a href=\"\/europe\/de\/produktliteratur\" aria-label=\"Produktliteratur\"><\/a><\/div><\/div><\/div><\/div>\n","protected":false},"excerpt":{"rendered":"<p>R\u00e4der f\u00fcr Tiefbettauflieger R\u00e4der f\u00fcr Mega-Trailer Dura-Flange\u00ae Im Einsatz getestet Dura-Flange\u00ae&nbsp;R\u00e4der eignen sich hervorragend f\u00fcr die Bef\u00f6rderung schwerer und kippanf\u00e4lliger Ladungen, die ein Dr\u00fccken der Radwulst gegen das Felgenhorn verursachen k\u00f6nnten:<\/p>\n","protected":false},"author":44,"featured_media":0,"parent":0,"menu_order":0,"comment_status":"closed","ping_status":"closed","template":"","meta":{"_acf_changed":false,"protected_reviewer_email":"","editor_notices":[],"footnotes":""},"class_list":["post-21","page","type-page","status-publish","hentry"],"acf":[],"yoast_head":"<!-- This site is optimized with the Yoast SEO Premium plugin v27.2 (Yoast SEO v27.2) - https:\/\/yoast.com\/product\/yoast-seo-premium-wordpress\/ -->\n<title>Spezialanwendungen | Alcoa Wheels<\/title>\n<meta name=\"description\" content=\"Alcoa\u00ae Wheels bietet L\u00f6sungen f\u00fcr jede Anwendung, wie WorkHorse\u00ae-R\u00e4der, R\u00e4der von 17,5 x 6,00 und 17,5 x 6,75 f\u00fcr Tiefbettauflieger, aber auch R\u00e4der f\u00fcr den Transport von Glas- und Bauelementen, sowie f\u00fcr Mega-Trailer in den Gr\u00f6\u00dfen 19,5 x 14,00, Einpresstiefe 120 mm und 0 mm.\" \/>\n<meta name=\"robots\" content=\"index, follow, max-snippet:-1, max-image-preview:large, max-video-preview:-1\" \/>\n<link rel=\"canonical\" href=\"https:\/\/www.alcoawheels.com\/europe\/de\/spezialanwendungen\/\" \/>\n<meta property=\"og:locale\" content=\"en_US\" \/>\n<meta property=\"og:type\" content=\"article\" \/>\n<meta property=\"og:title\" content=\"Spezialanwendungen\" \/>\n<meta property=\"og:description\" content=\"Alcoa\u00ae Wheels bietet L\u00f6sungen f\u00fcr jede Anwendung, wie WorkHorse\u00ae-R\u00e4der, R\u00e4der von 17,5 x 6,00 und 17,5 x 6,75 f\u00fcr Tiefbettauflieger, aber auch R\u00e4der f\u00fcr den Transport von Glas- und Bauelementen, sowie f\u00fcr Mega-Trailer in den Gr\u00f6\u00dfen 19,5 x 14,00, Einpresstiefe 120 mm und 0 mm.\" \/>\n<meta property=\"og:url\" content=\"https:\/\/www.alcoawheels.com\/europe\/de\/spezialanwendungen\/\" \/>\n<meta property=\"og:site_name\" content=\"Europe German\" \/>\n<meta property=\"article:modified_time\" content=\"2025-11-21T20:27:58+00:00\" \/>\n<meta property=\"og:image\" content=\"https:\/\/www.alcoawheels.com\/europe\/de\/wp-content\/uploads\/sites\/11\/2023\/06\/special-applications-banner.jpg\" \/>\n<meta name=\"twitter:card\" content=\"summary_large_image\" \/>\n<meta name=\"twitter:label1\" content=\"Est. reading time\" \/>\n\t<meta name=\"twitter:data1\" content=\"5 minutes\" \/>\n<script type=\"application\/ld+json\" class=\"yoast-schema-graph\">{\"@context\":\"https:\/\/schema.org\",\"@graph\":[{\"@type\":\"WebPage\",\"@id\":\"https:\/\/www.alcoawheels.com\/europe\/de\/spezialanwendungen\/\",\"url\":\"https:\/\/www.alcoawheels.com\/europe\/de\/spezialanwendungen\/\",\"name\":\"Spezialanwendungen | Alcoa Wheels\",\"isPartOf\":{\"@id\":\"https:\/\/www.alcoawheels.com\/europe\/de\/#website\"},\"primaryImageOfPage\":{\"@id\":\"https:\/\/www.alcoawheels.com\/europe\/de\/spezialanwendungen\/#primaryimage\"},\"image\":{\"@id\":\"https:\/\/www.alcoawheels.com\/europe\/de\/spezialanwendungen\/#primaryimage\"},\"thumbnailUrl\":\"https:\/\/www.alcoawheels.com\/europe\/de\/wp-content\/uploads\/sites\/11\/2023\/06\/special-applications-banner.jpg\",\"datePublished\":\"2023-05-25T11:19:27+00:00\",\"dateModified\":\"2025-11-21T20:27:58+00:00\",\"description\":\"Alcoa\u00ae Wheels bietet L\u00f6sungen f\u00fcr jede Anwendung, wie WorkHorse\u00ae-R\u00e4der, R\u00e4der von 17,5 x 6,00 und 17,5 x 6,75 f\u00fcr Tiefbettauflieger, aber auch R\u00e4der f\u00fcr den Transport von Glas- und Bauelementen, sowie f\u00fcr Mega-Trailer in den Gr\u00f6\u00dfen 19,5 x 14,00, Einpresstiefe 120 mm und 0 mm.\",\"breadcrumb\":{\"@id\":\"https:\/\/www.alcoawheels.com\/europe\/de\/spezialanwendungen\/#breadcrumb\"},\"inLanguage\":\"en-US\",\"potentialAction\":[{\"@type\":\"ReadAction\",\"target\":[\"https:\/\/www.alcoawheels.com\/europe\/de\/spezialanwendungen\/\"]}]},{\"@type\":\"ImageObject\",\"inLanguage\":\"en-US\",\"@id\":\"https:\/\/www.alcoawheels.com\/europe\/de\/spezialanwendungen\/#primaryimage\",\"url\":\"https:\/\/www.alcoawheels.com\/europe\/de\/wp-content\/uploads\/sites\/11\/2023\/06\/special-applications-banner.jpg\",\"contentUrl\":\"https:\/\/www.alcoawheels.com\/europe\/de\/wp-content\/uploads\/sites\/11\/2023\/06\/special-applications-banner.jpg\",\"width\":1119,\"height\":280,\"caption\":\"Alcoa Wheels Spezialanwendungen\"},{\"@type\":\"BreadcrumbList\",\"@id\":\"https:\/\/www.alcoawheels.com\/europe\/de\/spezialanwendungen\/#breadcrumb\",\"itemListElement\":[{\"@type\":\"ListItem\",\"position\":1,\"name\":\"Home\",\"item\":\"https:\/\/www.alcoawheels.com\/europe\/de\/\"},{\"@type\":\"ListItem\",\"position\":2,\"name\":\"Spezialanwendungen\"}]},{\"@type\":\"WebSite\",\"@id\":\"https:\/\/www.alcoawheels.com\/europe\/de\/#website\",\"url\":\"https:\/\/www.alcoawheels.com\/europe\/de\/\",\"name\":\"Europe German\",\"description\":\"\",\"publisher\":{\"@id\":\"https:\/\/www.alcoawheels.com\/europe\/de\/#organization\"},\"potentialAction\":[{\"@type\":\"SearchAction\",\"target\":{\"@type\":\"EntryPoint\",\"urlTemplate\":\"https:\/\/www.alcoawheels.com\/europe\/de\/?s={search_term_string}\"},\"query-input\":{\"@type\":\"PropertyValueSpecification\",\"valueRequired\":true,\"valueName\":\"search_term_string\"}}],\"inLanguage\":\"en-US\"},{\"@type\":\"Organization\",\"@id\":\"https:\/\/www.alcoawheels.com\/europe\/de\/#organization\",\"name\":\"Europe German\",\"url\":\"https:\/\/www.alcoawheels.com\/europe\/de\/\",\"logo\":{\"@type\":\"ImageObject\",\"inLanguage\":\"en-US\",\"@id\":\"https:\/\/www.alcoawheels.com\/europe\/de\/#\/schema\/logo\/image\/\",\"url\":\"https:\/\/www.alcoawheels.com\/europe\/de\/wp-content\/uploads\/sites\/11\/2023\/05\/logo-black.gif\",\"contentUrl\":\"https:\/\/www.alcoawheels.com\/europe\/de\/wp-content\/uploads\/sites\/11\/2023\/05\/logo-black.gif\",\"width\":71,\"height\":64,\"caption\":\"Europe German\"},\"image\":{\"@id\":\"https:\/\/www.alcoawheels.com\/europe\/de\/#\/schema\/logo\/image\/\"}}]}<\/script>\n<!-- \/ Yoast SEO Premium plugin. -->","yoast_head_json":{"title":"Spezialanwendungen | Alcoa Wheels","description":"Alcoa\u00ae Wheels bietet L\u00f6sungen f\u00fcr jede Anwendung, wie WorkHorse\u00ae-R\u00e4der, R\u00e4der von 17,5 x 6,00 und 17,5 x 6,75 f\u00fcr Tiefbettauflieger, aber auch R\u00e4der f\u00fcr den Transport von Glas- und Bauelementen, sowie f\u00fcr Mega-Trailer in den Gr\u00f6\u00dfen 19,5 x 14,00, Einpresstiefe 120 mm und 0 mm.","robots":{"index":"index","follow":"follow","max-snippet":"max-snippet:-1","max-image-preview":"max-image-preview:large","max-video-preview":"max-video-preview:-1"},"canonical":"https:\/\/www.alcoawheels.com\/europe\/de\/spezialanwendungen\/","og_locale":"en_US","og_type":"article","og_title":"Spezialanwendungen","og_description":"Alcoa\u00ae Wheels bietet L\u00f6sungen f\u00fcr jede Anwendung, wie WorkHorse\u00ae-R\u00e4der, R\u00e4der von 17,5 x 6,00 und 17,5 x 6,75 f\u00fcr Tiefbettauflieger, aber auch R\u00e4der f\u00fcr den Transport von Glas- und Bauelementen, sowie f\u00fcr Mega-Trailer in den Gr\u00f6\u00dfen 19,5 x 14,00, Einpresstiefe 120 mm und 0 mm.","og_url":"https:\/\/www.alcoawheels.com\/europe\/de\/spezialanwendungen\/","og_site_name":"Europe German","article_modified_time":"2025-11-21T20:27:58+00:00","og_image":[{"url":"https:\/\/www.alcoawheels.com\/europe\/de\/wp-content\/uploads\/sites\/11\/2023\/06\/special-applications-banner.jpg","type":"","width":"","height":""}],"twitter_card":"summary_large_image","twitter_misc":{"Est. reading time":"5 minutes"},"schema":{"@context":"https:\/\/schema.org","@graph":[{"@type":"WebPage","@id":"https:\/\/www.alcoawheels.com\/europe\/de\/spezialanwendungen\/","url":"https:\/\/www.alcoawheels.com\/europe\/de\/spezialanwendungen\/","name":"Spezialanwendungen | Alcoa Wheels","isPartOf":{"@id":"https:\/\/www.alcoawheels.com\/europe\/de\/#website"},"primaryImageOfPage":{"@id":"https:\/\/www.alcoawheels.com\/europe\/de\/spezialanwendungen\/#primaryimage"},"image":{"@id":"https:\/\/www.alcoawheels.com\/europe\/de\/spezialanwendungen\/#primaryimage"},"thumbnailUrl":"https:\/\/www.alcoawheels.com\/europe\/de\/wp-content\/uploads\/sites\/11\/2023\/06\/special-applications-banner.jpg","datePublished":"2023-05-25T11:19:27+00:00","dateModified":"2025-11-21T20:27:58+00:00","description":"Alcoa\u00ae Wheels bietet L\u00f6sungen f\u00fcr jede Anwendung, wie WorkHorse\u00ae-R\u00e4der, R\u00e4der von 17,5 x 6,00 und 17,5 x 6,75 f\u00fcr Tiefbettauflieger, aber auch R\u00e4der f\u00fcr den Transport von Glas- und Bauelementen, sowie f\u00fcr Mega-Trailer in den Gr\u00f6\u00dfen 19,5 x 14,00, Einpresstiefe 120 mm und 0 mm.","breadcrumb":{"@id":"https:\/\/www.alcoawheels.com\/europe\/de\/spezialanwendungen\/#breadcrumb"},"inLanguage":"en-US","potentialAction":[{"@type":"ReadAction","target":["https:\/\/www.alcoawheels.com\/europe\/de\/spezialanwendungen\/"]}]},{"@type":"ImageObject","inLanguage":"en-US","@id":"https:\/\/www.alcoawheels.com\/europe\/de\/spezialanwendungen\/#primaryimage","url":"https:\/\/www.alcoawheels.com\/europe\/de\/wp-content\/uploads\/sites\/11\/2023\/06\/special-applications-banner.jpg","contentUrl":"https:\/\/www.alcoawheels.com\/europe\/de\/wp-content\/uploads\/sites\/11\/2023\/06\/special-applications-banner.jpg","width":1119,"height":280,"caption":"Alcoa Wheels Spezialanwendungen"},{"@type":"BreadcrumbList","@id":"https:\/\/www.alcoawheels.com\/europe\/de\/spezialanwendungen\/#breadcrumb","itemListElement":[{"@type":"ListItem","position":1,"name":"Home","item":"https:\/\/www.alcoawheels.com\/europe\/de\/"},{"@type":"ListItem","position":2,"name":"Spezialanwendungen"}]},{"@type":"WebSite","@id":"https:\/\/www.alcoawheels.com\/europe\/de\/#website","url":"https:\/\/www.alcoawheels.com\/europe\/de\/","name":"Europe German","description":"","publisher":{"@id":"https:\/\/www.alcoawheels.com\/europe\/de\/#organization"},"potentialAction":[{"@type":"SearchAction","target":{"@type":"EntryPoint","urlTemplate":"https:\/\/www.alcoawheels.com\/europe\/de\/?s={search_term_string}"},"query-input":{"@type":"PropertyValueSpecification","valueRequired":true,"valueName":"search_term_string"}}],"inLanguage":"en-US"},{"@type":"Organization","@id":"https:\/\/www.alcoawheels.com\/europe\/de\/#organization","name":"Europe German","url":"https:\/\/www.alcoawheels.com\/europe\/de\/","logo":{"@type":"ImageObject","inLanguage":"en-US","@id":"https:\/\/www.alcoawheels.com\/europe\/de\/#\/schema\/logo\/image\/","url":"https:\/\/www.alcoawheels.com\/europe\/de\/wp-content\/uploads\/sites\/11\/2023\/05\/logo-black.gif","contentUrl":"https:\/\/www.alcoawheels.com\/europe\/de\/wp-content\/uploads\/sites\/11\/2023\/05\/logo-black.gif","width":71,"height":64,"caption":"Europe German"},"image":{"@id":"https:\/\/www.alcoawheels.com\/europe\/de\/#\/schema\/logo\/image\/"}}]}},"parsely":{"version":"1.1.0","canonical_url":"https:\/\/alcoawheels.com\/europe\/de\/spezialanwendungen\/","smart_links":{"inbound":0,"outbound":0},"traffic_boost_suggestions_count":0,"meta":{"@context":"https:\/\/schema.org","@type":"WebPage","headline":"Spezialanwendungen","url":"http:\/\/www.alcoawheels.com\/europe\/de\/spezialanwendungen\/","mainEntityOfPage":{"@type":"WebPage","@id":"http:\/\/www.alcoawheels.com\/europe\/de\/spezialanwendungen\/"},"thumbnailUrl":"","image":{"@type":"ImageObject","url":""},"articleSection":"Uncategorized","author":[{"@type":"Person","name":"howmet"}],"creator":["howmet"],"publisher":{"@type":"Organization","name":"Europe German","logo":""},"keywords":[],"dateCreated":"2023-05-25T11:19:27Z","datePublished":"2023-05-25T11:19:27Z","dateModified":"2025-11-21T20:27:58Z"},"rendered":"<script type=\"application\/ld+json\" class=\"wp-parsely-metadata\">{\"@context\":\"https:\\\/\\\/schema.org\",\"@type\":\"WebPage\",\"headline\":\"Spezialanwendungen\",\"url\":\"http:\\\/\\\/www.alcoawheels.com\\\/europe\\\/de\\\/spezialanwendungen\\\/\",\"mainEntityOfPage\":{\"@type\":\"WebPage\",\"@id\":\"http:\\\/\\\/www.alcoawheels.com\\\/europe\\\/de\\\/spezialanwendungen\\\/\"},\"thumbnailUrl\":\"\",\"image\":{\"@type\":\"ImageObject\",\"url\":\"\"},\"articleSection\":\"Uncategorized\",\"author\":[{\"@type\":\"Person\",\"name\":\"howmet\"}],\"creator\":[\"howmet\"],\"publisher\":{\"@type\":\"Organization\",\"name\":\"Europe German\",\"logo\":\"\"},\"keywords\":[],\"dateCreated\":\"2023-05-25T11:19:27Z\",\"datePublished\":\"2023-05-25T11:19:27Z\",\"dateModified\":\"2025-11-21T20:27:58Z\"}<\/script>","tracker_url":"https:\/\/cdn.parsely.com\/keys\/alcoawheels.com\/p.js"},"jetpack_sharing_enabled":true,"_links":{"self":[{"href":"https:\/\/www.alcoawheels.com\/europe\/de\/wp-json\/wp\/v2\/pages\/21","targetHints":{"allow":["GET"]}}],"collection":[{"href":"https:\/\/www.alcoawheels.com\/europe\/de\/wp-json\/wp\/v2\/pages"}],"about":[{"href":"https:\/\/www.alcoawheels.com\/europe\/de\/wp-json\/wp\/v2\/types\/page"}],"author":[{"embeddable":true,"href":"https:\/\/www.alcoawheels.com\/europe\/de\/wp-json\/wp\/v2\/users\/44"}],"replies":[{"embeddable":true,"href":"https:\/\/www.alcoawheels.com\/europe\/de\/wp-json\/wp\/v2\/comments?post=21"}],"version-history":[{"count":19,"href":"https:\/\/www.alcoawheels.com\/europe\/de\/wp-json\/wp\/v2\/pages\/21\/revisions"}],"predecessor-version":[{"id":4148,"href":"https:\/\/www.alcoawheels.com\/europe\/de\/wp-json\/wp\/v2\/pages\/21\/revisions\/4148"}],"wp:attachment":[{"href":"https:\/\/www.alcoawheels.com\/europe\/de\/wp-json\/wp\/v2\/media?parent=21"}],"curies":[{"name":"wp","href":"https:\/\/api.w.org\/{rel}","templated":true}]}}