{"id":23,"date":"2023-05-25T11:19:52","date_gmt":"2023-05-25T11:19:52","guid":{"rendered":"https:\/\/www.alcoawheels.com\/europe\/de\/?page_id=23"},"modified":"2025-12-04T15:58:51","modified_gmt":"2025-12-04T14:58:51","slug":"ultra-one","status":"publish","type":"page","link":"https:\/\/www.alcoawheels.com\/europe\/de\/ultra-one\/","title":{"rendered":"Ultra ONE<sup>\u00ae<\/sup>"},"content":{"rendered":"\n<div class=\"wp-block-alcoa-wheels-hero-slider hero-slider\" id=\"hero-slider-18172bab-ae52-40ae-91d4-5addf707f76e\"><div class=\"ad-container-fluid\"><div class=\"hero-slider-inner\"><div class=\"hero-slider-body\"><div class=\"hero-slider-main\" data-slide-fade=\"false\" data-slide-autoplay=\"true\" data-slide-interval=\"1000\" data-slide-arrows=\"true\" data-slide-dots=\"false\" data-slide-infinite=\"false\" data-slide-show=\"1\" data-slide-scroll=\"1\"><div class=\"hero-slide-item\" style=\"background-color:#fff\"><div class=\"hero-slide-inner-wrap fullsmallslide valign-center align-left  slide-withbg mediaresponsive\"><div class=\"desktopImage hero-slider__bg\"><img loading=\"lazy\" decoding=\"async\" width=\"1920\" height=\"600\" src=\"https:\/\/www.alcoawheels.com\/europe\/de\/wp-content\/uploads\/sites\/11\/2023\/06\/homepage-ultra-one_large.jpg\" alt=\"Thumbnail\"\/><\/div><div class=\"responsiveImage hero-slider__bg\"><img loading=\"lazy\" decoding=\"async\" width=\"1920\" height=\"600\" src=\"https:\/\/www.alcoawheels.com\/europe\/de\/wp-content\/uploads\/sites\/11\/2023\/06\/homepage-ultra-one_small.jpg\" alt=\"Thumbnail\"\/><\/div><div class=\"hero-slide-inner\"><div class=\"hero-slide-info\"><\/div><\/div><\/div><\/div><\/div><\/div><\/div><\/div><\/div>\n\n\n\n<div class=\"wp-block-alcoa-wheels-youtube-video youtube-video-main\"><div class=\"youtube-Videos container\"><div class=\"youtube-Videos-item\"><div class=\"videoWrapper privacyEnable\"><div class=\"onetrust-placeholder\"><p class=\"onetrust-message text-center vertical-center\"><span class=\"onetrust-unavailable-notice\">This content requires certain cookies to function. Please <a class=\"optanon-toggle\">accept<\/a> cookies in order to continue. You may need to refresh your browser window afterwards.<\/span><\/p><\/div><div class=\"youtube-video-wrapper\"><iframe data-src=\"\/\/www.youtube.com\/embed\/djpeFlb9S9Q?rel=0\" class=\"youtube-iframe\" title=\"video\"><\/iframe><\/div><\/div><\/div><\/div><\/div>\n\n\n\n<div style=\"height:30px\" aria-hidden=\"true\" class=\"wp-block-spacer\"><\/div>\n\n\n\n<h3 class=\"wp-block-heading\" id=\"h-es-immer-am-laufen-zu-lassen-ist-unsere-einstellung\"><strong><em><strong><em><strong><em>Es immer am Laufen zu lassen ist unsere Einstellung<\/em><\/strong><\/em><\/strong><\/em><\/strong><\/h3>\n\n\n\n<p>Alcoa<sup>\u00ae<\/sup> Ultra ONE<sup>\u00ae<\/sup>-R\u00e4der sind unsere leichtesten und stabilsten R\u00e4der. Sie werden mit der patentierten MagnaForce<sup>\u00ae<\/sup>-Legierungstechnologie hergestellt. Diese Legierung ist st\u00e4rker als der aktuelle Industriestandard und erm\u00f6glicht die Herstellung leichterer R\u00e4der ohne Kompromisse bei der Festigkeit.<\/p>\n\n\n\n<h3 class=\"wp-block-heading\" id=\"h-entworfen-um-ein-teil-der-familie-zu-sein\"><strong><em><strong><em><strong><em>Entworfen, um ein Teil der Familie zu sein<\/em><\/strong><\/em><\/strong><\/em><\/strong><\/h3>\n\n\n\n<p>Alcoa<sup>\u00ae<\/sup> Ultra ONE<sup>\u00ae<\/sup>-R\u00e4der sind in den Ausf\u00fchrungen \u201eGeb\u00fcrstet\u201c, \u201eLvL ONE\u00ae\u201c, \u201eDura-Bright<sup>\u00ae<\/sup> EVO\u201c, \u201eDura-Flange<sup>\u00ae<\/sup>\u201c und \u201eDura-Bright<sup>\u00ae<\/sup>\/Dura-Flange<sup>\u00ae<\/sup>\u201c erh\u00e4ltlich.<\/p>\n\n\n\n<p>Wie alle Alcoa<sup>\u00ae<\/sup> Ultra ONE<sup>\u00ae<\/sup>-R\u00e4der bietet:<\/p>\n\n\n\n<div class=\"wp-block-alcoa-wheels-lists alcoa-wheels-lists-block\"><div class=\"list-wrapper\"><ol style=\"list-style-type:none\">\n<div class=\"wp-block-alcoa-wheels-list-items inner-list-item-wrapper  with-icon list-item-wrapper\"><img decoding=\"async\" src=\"https:\/\/www.alcoawheels.com\/europe\/de\/wp-content\/uploads\/sites\/11\/2023\/06\/wheel-bullet.jpg\" class=\"image-icon\" alt=\"https:\/\/www.alcoawheels.com\/europe\/de\/wp-content\/uploads\/sites\/11\/2023\/06\/wheel-bullet.jpg\"\/><li class=\"inner-list-item  with-icon\"><span>Hervorragende W\u00e4rmeableitung f\u00fchrt zu k\u00fchleren Betriebstemperaturen und einer l\u00e4ngeren Lebensdauer der Bremsen und Reifen.<\/span><\/li><\/div>\n\n\n\n<div class=\"wp-block-alcoa-wheels-list-items inner-list-item-wrapper  with-icon list-item-wrapper\"><img decoding=\"async\" src=\"https:\/\/www.alcoawheels.com\/europe\/de\/wp-content\/uploads\/sites\/11\/2023\/06\/wheel-bullet.jpg\" class=\"image-icon\" alt=\"https:\/\/www.alcoawheels.com\/europe\/de\/wp-content\/uploads\/sites\/11\/2023\/06\/wheel-bullet.jpg\"\/><li class=\"inner-list-item  with-icon\"><span>Geringeres Gewicht tr\u00e4gt zur Reduzierung der CO<sub>2<\/sub>-Emissionen und des Kraftstoffverbrauchs bei.<\/span><\/li><\/div>\n<\/ol><\/div><\/div>\n\n\n\n<p>Weitere Informationen zu verf\u00fcgbaren Ultra ONE<sup>\u00ae<\/sup>-Gr\u00f6\u00dfen finden Sie hier.<\/p>\n\n\n\n<div class=\"wp-block-alcoa-wheels-columns-with-button columns-with-button\"><div class=\"fullcolumn\"><div class=\"columns-with-button__boxes\"><div class=\"columns-with-button__box\"><p class=\"btn-main btn-primary\"><a href=\"\/europe\/de\/products\/alcoa-wheel-88u51x-88u52x\/\">22.5 x 8.25<\/a><\/p><\/div><div class=\"columns-with-button__box\"><p class=\"btn-main btn-primary\"><a href=\"\/europe\/de\/products\/alcoa-wheel-88u55x-88u56x\/\">22.5 x 8.25 | 4.1 t Nutzlast<\/a><\/p><\/div><div class=\"columns-with-button__box\"><p class=\"btn-main btn-primary\"><a href=\"\/europe\/de\/products\/alcoa-wheel-89u5xx\/\">22.5 x 9.00<\/a><\/p><\/div><div class=\"columns-with-button__box\"><p class=\"btn-main btn-primary\"><a href=\"\/europe\/de\/products\/alcoa-wheel-81u55x-81u56x\/\">22.5 x 11.75 | 0 ET | 5 t\u00a0Nutzlast<\/a><\/p><\/div><div class=\"columns-with-button__box\"><p class=\"btn-main btn-primary\"><a href=\"\/europe\/de\/products\/alcoa-wheel-81u51x-81u52x\/\">22.5 x 11.75 120 ET<\/a><\/p><\/div><div class=\"columns-with-button__box\"><p class=\"btn-main btn-primary\"><a href=\"\/europe\/de\/products\/alcoa-wheel-87u51x-87u52x\/\">22.5 x 7.5 | 4 t Nutzlast<\/a><\/p><\/div><div class=\"columns-with-button__box\"><p class=\"btn-main btn-primary\"><a href=\"\/europe\/de\/products\/alcoa-raeder-77u4xx\/\"><strong>NEU!<\/strong>\u00a019.5 x 7.5 | 3.15 t Nutzlast<\/a><\/p><\/div><\/div><\/div><\/div>\n\n\n\n<figure class=\"wp-block-gallery alignfull has-nested-images columns-default is-cropped wp-block-gallery-1 is-layout-flex wp-block-gallery-is-layout-flex\">\n<figure class=\"wp-block-image size-large\"><img loading=\"lazy\" decoding=\"async\" width=\"720\" height=\"528\" data-id=\"242\" src=\"https:\/\/www.alcoawheels.com\/europe\/de\/wp-content\/uploads\/sites\/11\/2023\/06\/ultra-one-1.jpg?w=720\" alt=\"Ultra ONE\" class=\"wp-image-242\" srcset=\"https:\/\/www.alcoawheels.com\/europe\/de\/wp-content\/uploads\/sites\/11\/2023\/06\/ultra-one-1.jpg 720w, https:\/\/www.alcoawheels.com\/europe\/de\/wp-content\/uploads\/sites\/11\/2023\/06\/ultra-one-1.jpg?resize=300,220 300w\" sizes=\"auto, (max-width: 720px) 100vw, 720px\" \/><\/figure>\n\n\n\n<figure class=\"wp-block-image size-large\"><img loading=\"lazy\" decoding=\"async\" width=\"720\" height=\"528\" data-id=\"243\" src=\"https:\/\/www.alcoawheels.com\/europe\/de\/wp-content\/uploads\/sites\/11\/2023\/06\/ultra-one-2.jpg?w=720\" alt=\"Ultra ONE\" class=\"wp-image-243\" srcset=\"https:\/\/www.alcoawheels.com\/europe\/de\/wp-content\/uploads\/sites\/11\/2023\/06\/ultra-one-2.jpg 720w, https:\/\/www.alcoawheels.com\/europe\/de\/wp-content\/uploads\/sites\/11\/2023\/06\/ultra-one-2.jpg?resize=300,220 300w\" sizes=\"auto, (max-width: 720px) 100vw, 720px\" \/><\/figure>\n\n\n\n<figure class=\"wp-block-image size-large\"><img loading=\"lazy\" decoding=\"async\" width=\"720\" height=\"528\" data-id=\"244\" src=\"https:\/\/www.alcoawheels.com\/europe\/de\/wp-content\/uploads\/sites\/11\/2023\/06\/ultra-one-3.jpg?w=720\" alt=\"Ultra ONE\" class=\"wp-image-244\" srcset=\"https:\/\/www.alcoawheels.com\/europe\/de\/wp-content\/uploads\/sites\/11\/2023\/06\/ultra-one-3.jpg 720w, https:\/\/www.alcoawheels.com\/europe\/de\/wp-content\/uploads\/sites\/11\/2023\/06\/ultra-one-3.jpg?resize=300,220 300w\" sizes=\"auto, (max-width: 720px) 100vw, 720px\" \/><\/figure>\n<\/figure>\n\n\n\n<div class=\"wp-block-alcoa-wheels-card-usecase-1 card-box-v1__body with-icon align-center vertical-align-center\" id=\"card_box_v1-cfa2b5b8-afe1-480a-bb3c-ff750d8ba7b0\"><div class=\"fullwidthcontainer\"><div class=\"card-box-v1__boxes has-4-columns\"><div class=\"card-box-v1__box  with-link \" style=\"background-color:#00afb9\"><img decoding=\"async\" src=\"https:\/\/www.alcoawheels.com\/europe\/de\/wp-content\/themes\/alcoa-wheels\/assets\/build\/js\/blocks\/card-usecase-1\/..\/..\/..\/images\/placeholder-image.db2b4d5c.jpeg\"\/><div class=\"card-box-v1__box__inner pos-abs\"><div class=\"card-box-v1__box_icon\"><img loading=\"lazy\" decoding=\"async\" width=\"171\" height=\"171\" src=\"https:\/\/www.alcoawheels.com\/europe\/de\/wp-content\/uploads\/sites\/11\/2023\/06\/contact.png\" alt=\"\"\/><\/div><div class=\"card-box-v1__box_content\"><h4 style=\"color:#ffffff\">Kontakt<\/h4><\/div><div class=\"btn-wrap\"><\/div><\/div><a href=\"\/europe\/de\/kontakt\"><\/a><\/div><div class=\"card-box-v1__box  with-link \" style=\"background-color:#34bfc7\"><img decoding=\"async\" src=\"https:\/\/www.alcoawheels.com\/europe\/de\/wp-content\/themes\/alcoa-wheels\/assets\/build\/js\/blocks\/card-usecase-1\/..\/..\/..\/images\/placeholder-image.db2b4d5c.jpeg\"\/><div class=\"card-box-v1__box__inner pos-abs\"><div class=\"card-box-v1__box_icon\"><img loading=\"lazy\" decoding=\"async\" width=\"169\" height=\"169\" src=\"https:\/\/www.alcoawheels.com\/europe\/de\/wp-content\/uploads\/sites\/11\/2023\/06\/product-search.png\" alt=\"\"\/><\/div><div class=\"card-box-v1__box_content\"><h4 style=\"color:#ffffff\">R\u00e4der-Sortiment<\/h4><\/div><div class=\"btn-wrap\"><\/div><\/div><a href=\"\/europe\/de\/rader-sortiment\"><\/a><\/div><div class=\"card-box-v1__box  with-link \" style=\"background-color:#00afb9\"><img decoding=\"async\" src=\"https:\/\/www.alcoawheels.com\/europe\/de\/wp-content\/themes\/alcoa-wheels\/assets\/build\/js\/blocks\/card-usecase-1\/..\/..\/..\/images\/placeholder-image.db2b4d5c.jpeg\"\/><div class=\"card-box-v1__box__inner pos-abs\"><div class=\"card-box-v1__box_icon\"><img loading=\"lazy\" decoding=\"async\" width=\"169\" height=\"169\" src=\"https:\/\/www.alcoawheels.com\/europe\/de\/wp-content\/uploads\/sites\/11\/2023\/06\/where-to-buy.png\" alt=\"\"\/><\/div><div class=\"card-box-v1__box_content\"><h4 style=\"color:#ffffff\">H\u00e4ndler<\/h4><\/div><div class=\"btn-wrap\"><\/div><\/div><a href=\"\/europe\/de\/handler\"><\/a><\/div><div class=\"card-box-v1__box  with-link \" style=\"background-color:#34bfc7\"><img decoding=\"async\" src=\"https:\/\/www.alcoawheels.com\/europe\/de\/wp-content\/themes\/alcoa-wheels\/assets\/build\/js\/blocks\/card-usecase-1\/..\/..\/..\/images\/placeholder-image.db2b4d5c.jpeg\"\/><div class=\"card-box-v1__box__inner pos-abs\"><div class=\"card-box-v1__box_icon\"><img loading=\"lazy\" decoding=\"async\" width=\"169\" height=\"169\" src=\"https:\/\/www.alcoawheels.com\/europe\/de\/wp-content\/uploads\/sites\/11\/2023\/06\/product-literature.png\" alt=\"\"\/><\/div><div class=\"card-box-v1__box_content\"><h4 style=\"color:#ffffff\">Produktliteratur<\/h4><\/div><div class=\"btn-wrap\"><\/div><\/div><a href=\"\/europe\/de\/produktliteratur\"><\/a><\/div><\/div><\/div><\/div>\n","protected":false},"excerpt":{"rendered":"<p>Es immer am Laufen zu lassen ist unsere Einstellung Alcoa\u00ae Ultra ONE\u00ae-R\u00e4der sind unsere leichtesten und stabilsten R\u00e4der. Sie werden mit der patentierten MagnaForce\u00ae-Legierungstechnologie hergestellt. Diese Legierung ist st\u00e4rker als der aktuelle Industriestandard und erm\u00f6glicht die Herstellung leichterer R\u00e4der ohne Kompromisse bei der Festigkeit. Entworfen, um ein Teil der Familie zu sein Alcoa\u00ae Ultra ONE\u00ae-R\u00e4der [&hellip;]<\/p>\n","protected":false},"author":44,"featured_media":0,"parent":0,"menu_order":0,"comment_status":"closed","ping_status":"closed","template":"","meta":{"_acf_changed":false,"protected_reviewer_email":"","editor_notices":[],"footnotes":""},"class_list":["post-23","page","type-page","status-publish","hentry"],"acf":[],"yoast_head":"<!-- This site is optimized with the Yoast SEO Premium plugin v27.4 (Yoast SEO v27.4) - https:\/\/yoast.com\/product\/yoast-seo-premium-wordpress\/ -->\n<title>Alcoa Wheels | R\u00e4der | Technologie | Ultra ONE \u00ae<\/title>\n<meta name=\"robots\" content=\"index, follow, max-snippet:-1, max-image-preview:large, max-video-preview:-1\" \/>\n<link rel=\"canonical\" href=\"https:\/\/www.alcoawheels.com\/europe\/de\/ultra-one\/\" \/>\n<meta property=\"og:locale\" content=\"en_US\" \/>\n<meta property=\"og:type\" content=\"article\" \/>\n<meta property=\"og:title\" content=\"Ultra ONE\u00ae\" \/>\n<meta property=\"og:description\" content=\"Es immer am Laufen zu lassen ist unsere Einstellung Alcoa\u00ae Ultra ONE\u00ae-R\u00e4der sind unsere leichtesten und stabilsten R\u00e4der. Sie werden mit der patentierten MagnaForce\u00ae-Legierungstechnologie hergestellt. Diese Legierung ist st\u00e4rker als der aktuelle Industriestandard und erm\u00f6glicht die Herstellung leichterer R\u00e4der ohne Kompromisse bei der Festigkeit. Entworfen, um ein Teil der Familie zu sein Alcoa\u00ae Ultra ONE\u00ae-R\u00e4der [&hellip;]\" \/>\n<meta property=\"og:url\" content=\"https:\/\/www.alcoawheels.com\/europe\/de\/ultra-one\/\" \/>\n<meta property=\"og:site_name\" content=\"Europe German\" \/>\n<meta property=\"article:modified_time\" content=\"2025-12-04T14:58:51+00:00\" \/>\n<meta property=\"og:image\" content=\"https:\/\/www.alcoawheels.com\/europe\/de\/wp-content\/uploads\/sites\/11\/2023\/06\/homepage-ultra-one_large.jpg\" \/>\n<meta name=\"twitter:card\" content=\"summary_large_image\" \/>\n<meta name=\"twitter:label1\" content=\"Est. reading time\" \/>\n\t<meta name=\"twitter:data1\" content=\"4 minutes\" \/>\n<script type=\"application\/ld+json\" class=\"yoast-schema-graph\">{\"@context\":\"https:\\\/\\\/schema.org\",\"@graph\":[{\"@type\":\"WebPage\",\"@id\":\"https:\\\/\\\/www.alcoawheels.com\\\/europe\\\/de\\\/ultra-one\\\/\",\"url\":\"https:\\\/\\\/www.alcoawheels.com\\\/europe\\\/de\\\/ultra-one\\\/\",\"name\":\"Alcoa Wheels | R\u00e4der | Technologie | Ultra ONE \u00ae\",\"isPartOf\":{\"@id\":\"https:\\\/\\\/www.alcoawheels.com\\\/europe\\\/de\\\/#website\"},\"primaryImageOfPage\":{\"@id\":\"https:\\\/\\\/www.alcoawheels.com\\\/europe\\\/de\\\/ultra-one\\\/#primaryimage\"},\"image\":{\"@id\":\"https:\\\/\\\/www.alcoawheels.com\\\/europe\\\/de\\\/ultra-one\\\/#primaryimage\"},\"thumbnailUrl\":\"https:\\\/\\\/www.alcoawheels.com\\\/europe\\\/de\\\/wp-content\\\/uploads\\\/sites\\\/11\\\/2023\\\/06\\\/homepage-ultra-one_large.jpg\",\"datePublished\":\"2023-05-25T11:19:52+00:00\",\"dateModified\":\"2025-12-04T14:58:51+00:00\",\"breadcrumb\":{\"@id\":\"https:\\\/\\\/www.alcoawheels.com\\\/europe\\\/de\\\/ultra-one\\\/#breadcrumb\"},\"inLanguage\":\"en-US\",\"potentialAction\":[{\"@type\":\"ReadAction\",\"target\":[\"https:\\\/\\\/www.alcoawheels.com\\\/europe\\\/de\\\/ultra-one\\\/\"]}]},{\"@type\":\"ImageObject\",\"inLanguage\":\"en-US\",\"@id\":\"https:\\\/\\\/www.alcoawheels.com\\\/europe\\\/de\\\/ultra-one\\\/#primaryimage\",\"url\":\"https:\\\/\\\/www.alcoawheels.com\\\/europe\\\/de\\\/wp-content\\\/uploads\\\/sites\\\/11\\\/2023\\\/06\\\/homepage-ultra-one_large.jpg\",\"contentUrl\":\"https:\\\/\\\/www.alcoawheels.com\\\/europe\\\/de\\\/wp-content\\\/uploads\\\/sites\\\/11\\\/2023\\\/06\\\/homepage-ultra-one_large.jpg\",\"width\":1440,\"height\":440,\"caption\":\"Ultra ONE\"},{\"@type\":\"BreadcrumbList\",\"@id\":\"https:\\\/\\\/www.alcoawheels.com\\\/europe\\\/de\\\/ultra-one\\\/#breadcrumb\",\"itemListElement\":[{\"@type\":\"ListItem\",\"position\":1,\"name\":\"Home\",\"item\":\"https:\\\/\\\/www.alcoawheels.com\\\/europe\\\/de\\\/\"},{\"@type\":\"ListItem\",\"position\":2,\"name\":\"Ultra ONE\u00ae\"}]},{\"@type\":\"WebSite\",\"@id\":\"https:\\\/\\\/www.alcoawheels.com\\\/europe\\\/de\\\/#website\",\"url\":\"https:\\\/\\\/www.alcoawheels.com\\\/europe\\\/de\\\/\",\"name\":\"Europe German\",\"description\":\"\",\"publisher\":{\"@id\":\"https:\\\/\\\/www.alcoawheels.com\\\/europe\\\/de\\\/#organization\"},\"potentialAction\":[{\"@type\":\"SearchAction\",\"target\":{\"@type\":\"EntryPoint\",\"urlTemplate\":\"https:\\\/\\\/www.alcoawheels.com\\\/europe\\\/de\\\/?s={search_term_string}\"},\"query-input\":{\"@type\":\"PropertyValueSpecification\",\"valueRequired\":true,\"valueName\":\"search_term_string\"}}],\"inLanguage\":\"en-US\"},{\"@type\":\"Organization\",\"@id\":\"https:\\\/\\\/www.alcoawheels.com\\\/europe\\\/de\\\/#organization\",\"name\":\"Europe German\",\"url\":\"https:\\\/\\\/www.alcoawheels.com\\\/europe\\\/de\\\/\",\"logo\":{\"@type\":\"ImageObject\",\"inLanguage\":\"en-US\",\"@id\":\"https:\\\/\\\/www.alcoawheels.com\\\/europe\\\/de\\\/#\\\/schema\\\/logo\\\/image\\\/\",\"url\":\"https:\\\/\\\/www.alcoawheels.com\\\/europe\\\/de\\\/wp-content\\\/uploads\\\/sites\\\/11\\\/2023\\\/05\\\/logo-black.gif\",\"contentUrl\":\"https:\\\/\\\/www.alcoawheels.com\\\/europe\\\/de\\\/wp-content\\\/uploads\\\/sites\\\/11\\\/2023\\\/05\\\/logo-black.gif\",\"width\":71,\"height\":64,\"caption\":\"Europe German\"},\"image\":{\"@id\":\"https:\\\/\\\/www.alcoawheels.com\\\/europe\\\/de\\\/#\\\/schema\\\/logo\\\/image\\\/\"}}]}<\/script>\n<!-- \/ Yoast SEO Premium plugin. -->","yoast_head_json":{"title":"Alcoa Wheels | R\u00e4der | Technologie | Ultra ONE \u00ae","robots":{"index":"index","follow":"follow","max-snippet":"max-snippet:-1","max-image-preview":"max-image-preview:large","max-video-preview":"max-video-preview:-1"},"canonical":"https:\/\/www.alcoawheels.com\/europe\/de\/ultra-one\/","og_locale":"en_US","og_type":"article","og_title":"Ultra ONE\u00ae","og_description":"Es immer am Laufen zu lassen ist unsere Einstellung Alcoa\u00ae Ultra ONE\u00ae-R\u00e4der sind unsere leichtesten und stabilsten R\u00e4der. Sie werden mit der patentierten MagnaForce\u00ae-Legierungstechnologie hergestellt. Diese Legierung ist st\u00e4rker als der aktuelle Industriestandard und erm\u00f6glicht die Herstellung leichterer R\u00e4der ohne Kompromisse bei der Festigkeit. Entworfen, um ein Teil der Familie zu sein Alcoa\u00ae Ultra ONE\u00ae-R\u00e4der [&hellip;]","og_url":"https:\/\/www.alcoawheels.com\/europe\/de\/ultra-one\/","og_site_name":"Europe German","article_modified_time":"2025-12-04T14:58:51+00:00","og_image":[{"url":"https:\/\/www.alcoawheels.com\/europe\/de\/wp-content\/uploads\/sites\/11\/2023\/06\/homepage-ultra-one_large.jpg","type":"","width":"","height":""}],"twitter_card":"summary_large_image","twitter_misc":{"Est. reading time":"4 minutes"},"schema":{"@context":"https:\/\/schema.org","@graph":[{"@type":"WebPage","@id":"https:\/\/www.alcoawheels.com\/europe\/de\/ultra-one\/","url":"https:\/\/www.alcoawheels.com\/europe\/de\/ultra-one\/","name":"Alcoa Wheels | R\u00e4der | Technologie | Ultra ONE \u00ae","isPartOf":{"@id":"https:\/\/www.alcoawheels.com\/europe\/de\/#website"},"primaryImageOfPage":{"@id":"https:\/\/www.alcoawheels.com\/europe\/de\/ultra-one\/#primaryimage"},"image":{"@id":"https:\/\/www.alcoawheels.com\/europe\/de\/ultra-one\/#primaryimage"},"thumbnailUrl":"https:\/\/www.alcoawheels.com\/europe\/de\/wp-content\/uploads\/sites\/11\/2023\/06\/homepage-ultra-one_large.jpg","datePublished":"2023-05-25T11:19:52+00:00","dateModified":"2025-12-04T14:58:51+00:00","breadcrumb":{"@id":"https:\/\/www.alcoawheels.com\/europe\/de\/ultra-one\/#breadcrumb"},"inLanguage":"en-US","potentialAction":[{"@type":"ReadAction","target":["https:\/\/www.alcoawheels.com\/europe\/de\/ultra-one\/"]}]},{"@type":"ImageObject","inLanguage":"en-US","@id":"https:\/\/www.alcoawheels.com\/europe\/de\/ultra-one\/#primaryimage","url":"https:\/\/www.alcoawheels.com\/europe\/de\/wp-content\/uploads\/sites\/11\/2023\/06\/homepage-ultra-one_large.jpg","contentUrl":"https:\/\/www.alcoawheels.com\/europe\/de\/wp-content\/uploads\/sites\/11\/2023\/06\/homepage-ultra-one_large.jpg","width":1440,"height":440,"caption":"Ultra ONE"},{"@type":"BreadcrumbList","@id":"https:\/\/www.alcoawheels.com\/europe\/de\/ultra-one\/#breadcrumb","itemListElement":[{"@type":"ListItem","position":1,"name":"Home","item":"https:\/\/www.alcoawheels.com\/europe\/de\/"},{"@type":"ListItem","position":2,"name":"Ultra ONE\u00ae"}]},{"@type":"WebSite","@id":"https:\/\/www.alcoawheels.com\/europe\/de\/#website","url":"https:\/\/www.alcoawheels.com\/europe\/de\/","name":"Europe German","description":"","publisher":{"@id":"https:\/\/www.alcoawheels.com\/europe\/de\/#organization"},"potentialAction":[{"@type":"SearchAction","target":{"@type":"EntryPoint","urlTemplate":"https:\/\/www.alcoawheels.com\/europe\/de\/?s={search_term_string}"},"query-input":{"@type":"PropertyValueSpecification","valueRequired":true,"valueName":"search_term_string"}}],"inLanguage":"en-US"},{"@type":"Organization","@id":"https:\/\/www.alcoawheels.com\/europe\/de\/#organization","name":"Europe German","url":"https:\/\/www.alcoawheels.com\/europe\/de\/","logo":{"@type":"ImageObject","inLanguage":"en-US","@id":"https:\/\/www.alcoawheels.com\/europe\/de\/#\/schema\/logo\/image\/","url":"https:\/\/www.alcoawheels.com\/europe\/de\/wp-content\/uploads\/sites\/11\/2023\/05\/logo-black.gif","contentUrl":"https:\/\/www.alcoawheels.com\/europe\/de\/wp-content\/uploads\/sites\/11\/2023\/05\/logo-black.gif","width":71,"height":64,"caption":"Europe German"},"image":{"@id":"https:\/\/www.alcoawheels.com\/europe\/de\/#\/schema\/logo\/image\/"}}]}},"parsely":{"version":"1.1.0","canonical_url":"https:\/\/alcoawheels.com\/europe\/de\/ultra-one\/","smart_links":{"inbound":0,"outbound":0},"traffic_boost_suggestions_count":0,"meta":{"@context":"https:\/\/schema.org","@type":"WebPage","headline":"Ultra ONE\u00ae","url":"http:\/\/www.alcoawheels.com\/europe\/de\/ultra-one\/","mainEntityOfPage":{"@type":"WebPage","@id":"http:\/\/www.alcoawheels.com\/europe\/de\/ultra-one\/"},"thumbnailUrl":"","image":{"@type":"ImageObject","url":""},"articleSection":"Uncategorized","author":[{"@type":"Person","name":"howmet"}],"creator":["howmet"],"publisher":{"@type":"Organization","name":"Europe German","logo":""},"keywords":[],"dateCreated":"2023-05-25T11:19:52Z","datePublished":"2023-05-25T11:19:52Z","dateModified":"2025-12-04T14:58:51Z"},"rendered":"<script type=\"application\/ld+json\" class=\"wp-parsely-metadata\">{\"@context\":\"https:\\\/\\\/schema.org\",\"@type\":\"WebPage\",\"headline\":\"Ultra ONE\\u00ae\",\"url\":\"http:\\\/\\\/www.alcoawheels.com\\\/europe\\\/de\\\/ultra-one\\\/\",\"mainEntityOfPage\":{\"@type\":\"WebPage\",\"@id\":\"http:\\\/\\\/www.alcoawheels.com\\\/europe\\\/de\\\/ultra-one\\\/\"},\"thumbnailUrl\":\"\",\"image\":{\"@type\":\"ImageObject\",\"url\":\"\"},\"articleSection\":\"Uncategorized\",\"author\":[{\"@type\":\"Person\",\"name\":\"howmet\"}],\"creator\":[\"howmet\"],\"publisher\":{\"@type\":\"Organization\",\"name\":\"Europe German\",\"logo\":\"\"},\"keywords\":[],\"dateCreated\":\"2023-05-25T11:19:52Z\",\"datePublished\":\"2023-05-25T11:19:52Z\",\"dateModified\":\"2025-12-04T14:58:51Z\"}<\/script>","tracker_url":"https:\/\/cdn.parsely.com\/keys\/alcoawheels.com\/p.js"},"jetpack_sharing_enabled":true,"_links":{"self":[{"href":"https:\/\/www.alcoawheels.com\/europe\/de\/wp-json\/wp\/v2\/pages\/23","targetHints":{"allow":["GET"]}}],"collection":[{"href":"https:\/\/www.alcoawheels.com\/europe\/de\/wp-json\/wp\/v2\/pages"}],"about":[{"href":"https:\/\/www.alcoawheels.com\/europe\/de\/wp-json\/wp\/v2\/types\/page"}],"author":[{"embeddable":true,"href":"https:\/\/www.alcoawheels.com\/europe\/de\/wp-json\/wp\/v2\/users\/44"}],"replies":[{"embeddable":true,"href":"https:\/\/www.alcoawheels.com\/europe\/de\/wp-json\/wp\/v2\/comments?post=23"}],"version-history":[{"count":18,"href":"https:\/\/www.alcoawheels.com\/europe\/de\/wp-json\/wp\/v2\/pages\/23\/revisions"}],"predecessor-version":[{"id":4173,"href":"https:\/\/www.alcoawheels.com\/europe\/de\/wp-json\/wp\/v2\/pages\/23\/revisions\/4173"}],"wp:attachment":[{"href":"https:\/\/www.alcoawheels.com\/europe\/de\/wp-json\/wp\/v2\/media?parent=23"}],"curies":[{"name":"wp","href":"https:\/\/api.w.org\/{rel}","templated":true}]}}