{"id":26,"date":"2023-05-25T11:20:08","date_gmt":"2023-05-25T11:20:08","guid":{"rendered":"https:\/\/www.alcoawheels.com\/europe\/de\/?page_id=26"},"modified":"2025-11-24T16:39:37","modified_gmt":"2025-11-24T15:39:37","slug":"reinigung","status":"publish","type":"page","link":"https:\/\/www.alcoawheels.com\/europe\/de\/reinigung\/","title":{"rendered":"Reinigung"},"content":{"rendered":"\n<div class=\"wp-block-alcoa-wheels-hero-banner-innerpage hero-banner with-image layout-2 overlayEnable align- vertical-align-\" style=\"background-color:#eee\"><img decoding=\"async\" src=\"https:\/\/www.alcoawheels.com\/europe\/de\/wp-content\/uploads\/sites\/11\/2025\/07\/202507_Accessories_banner_1119x280px_2.png\" alt=\"Wheel and brush\" class=\"responsiveImage\"\/><div class=\"hero-banner__header\" style=\"text-align:center\"><div class=\"container\"><h1 class=\"hero-banner__header--title\">Reinigung<\/h1><\/div><\/div><\/div>\n\n\n\n<div style=\"height:50px\" aria-hidden=\"true\" class=\"wp-block-spacer spacer-fifty\"><\/div>\n\n\n\n<h3 class=\"wp-block-heading\" id=\"h-zubehorprodukte-fur-alcoa-rader\">Zubeh\u00f6rprodukte f\u00fcr Alcoa<sup>\u00ae<\/sup>-R\u00e4der<\/h3>\n\n\n\n<p>Die Wartung Ihrer Alcoa<sup>\u00ae<\/sup>-R\u00e4der ist und sollte oberste Priorit\u00e4t haben<\/p>\n\n\n\n<p>1. Zubeh\u00f6rprodukte f\u00fcr Alcoa<sup>\u00ae<\/sup>-R\u00e4der wurden \u00fcber viele Jahre hinweg entwickelt und ausgew\u00e4hlt, um die R\u00e4der in bestm\u00f6glichem Zustand zu halten und eine lange Lebensdauer zu gew\u00e4hrleisten.<\/p>\n\n\n\n<p>2. Zubeh\u00f6rprodukte f\u00fcr Alcoa<sup>\u00ae<\/sup>-R\u00e4der sind \u00fcber unser autorisiertes H\u00e4ndlernetz erh\u00e4ltlich.<\/p>\n\n\n\n<hr class=\"wp-block-separator has-text-color has-alpha-channel-opacity has-background is-style-wide\" style=\"background-color:#cccccc;color:#cccccc\"\/>\n\n\n\n<div class=\"wp-block-alcoa-wheels-zigzag media-list__body\" id=\"zigzag-main-78fdad57-75e4-4f4a-aa7b-484c4d51bffd\"><div class=\"media-list__body_main  vertical-align-center  container row-reverse\">\n<div class=\"wp-block-alcoa-wheels-zigzag-item media-list-item\"><div class=\"media-list-item__box_content\"><div class=\"media-list-item__box_content_inner\">\n<h5 class=\"wp-block-heading\" id=\"h-dura-bright-nbsp-wheel-wash\"><strong>Dura-Bright<sup>\u00ae<\/sup>&nbsp;Wheel Wash<\/strong><\/h5>\n\n\n\n<p>Verbessern Sie das Dura-Bright<sup>\u00ae<\/sup>-Erlebnis mit Dura-Bright<sup>\u00ae<\/sup> Wheel Wash. Eine Reinigungsl\u00f6sung, die speziell f\u00fcr die Dura-Bright<sup>\u00ae<\/sup>-Oberfl\u00e4che entwickelt und vom Hersteller der R\u00e4der getestet und zugelassen wurde. Erh\u00e4ltlich in 1-Liter-Flaschen, 5-Liter- und 25-Liter-Kanistern sowie im Set als Dura-Bright<sup>\u00ae<\/sup> Wheel Wash Starter Kit.<\/p>\n\n\n\n<p>Klicken Sie <a href=\"https:\/\/www.alcoawheels.com\/europe\/de\/reinigung-von\/#h-reinigung-vondura-bright-nbsp-wheels\">hier<\/a>, um weitere Informationen zur Reinigung von Dura-Bright<sup>\u00ae<\/sup>-Felgen zu erhalten.<\/p>\n<\/div><\/div><div class=\"media-list-item__box_image\"><img loading=\"lazy\" decoding=\"async\" width=\"1500\" height=\"1500\" src=\"https:\/\/www.alcoawheels.com\/europe\/de\/wp-content\/uploads\/sites\/11\/2025\/07\/DBWW_bottle_1L_low.jpg\" alt=\"Dura-bright Wheel Wash\"\/><\/div><\/div>\n\n\n\n<div class=\"wp-block-alcoa-wheels-zigzag-item media-list-item\"><div class=\"media-list-item__box_content\"><div class=\"media-list-item__box_content_inner\">\n<h5 class=\"wp-block-heading has-text-align-right\" id=\"h-alclean\"><strong>ALclean<\/strong><\/h5>\n\n\n\n<p class=\"has-text-align-right\">Ein einzigartiger Felgenreiniger f\u00fcr Alcoa<sup>\u00ae<\/sup>-Felgen mit Brushed- und LvL ONE<sup>\u00ae<\/sup>-Oberfl\u00e4che. Erh\u00e4ltlich in 1-Liter-Flaschen, 5-Liter- und 25-Liter-Kanistern sowie im Set als ALkit3.<\/p>\n\n\n\n<p class=\"has-text-align-right\">Klicken Sie <a href=\"https:\/\/www.alcoawheels.com\/europe\/de\/reinigung-von\/#h-lvl-one-spiegelpolierte-und-geburstete-rader\">hier<\/a> f\u00fcr weitere Informationen zur Reinigung von geb\u00fcrsteten und LvL ONE<sup>\u00ae<\/sup>-Felgen.<\/p>\n<\/div><\/div><div class=\"media-list-item__box_image\"><img loading=\"lazy\" decoding=\"async\" width=\"1500\" height=\"1500\" src=\"https:\/\/www.alcoawheels.com\/europe\/de\/wp-content\/uploads\/sites\/11\/2025\/09\/ALclean_can_1L_low.jpg\" alt=\"ALclean\"\/><\/div><\/div>\n\n\n\n<div class=\"wp-block-alcoa-wheels-zigzag-item media-list-item\"><div class=\"media-list-item__box_content\"><div class=\"media-list-item__box_content_inner\">\n<h5 class=\"wp-block-heading\" id=\"h-alpolish\"><strong>ALpolish<\/strong><\/h5>\n\n\n\n<p>Eine Polierpaste zur Wiederherstellung und Erhaltung des Glanzes von Alcoa<sup>\u00ae<\/sup> LvL ONE<sup>\u00ae<\/sup>-Felgen. Nicht f\u00fcr Dura-Bright<sup>\u00ae<\/sup>-Felgen geeignet.<\/p>\n<\/div><\/div><div class=\"media-list-item__box_image\"><img loading=\"lazy\" decoding=\"async\" width=\"1500\" height=\"1500\" src=\"https:\/\/www.alcoawheels.com\/europe\/de\/wp-content\/uploads\/sites\/11\/2025\/07\/ALpolish_bottle_low.jpg\" alt=\"Thumbnail\"\/><\/div><\/div>\n\n\n\n<div class=\"wp-block-alcoa-wheels-zigzag-item media-list-item\"><div class=\"media-list-item__box_content\"><div class=\"media-list-item__box_content_inner\">\n<h5 class=\"wp-block-heading has-text-align-right\" id=\"h-albrush2\"><strong>ALbrush2<\/strong><\/h5>\n\n\n\n<p class=\"has-text-align-right\">Eine hochwertigeund langlebige B\u00fcrste mit Gummikante zum Schutz der R\u00e4der vor Besch\u00e4digungen w\u00e4hrend der Reinigung.<\/p>\n<\/div><\/div><div class=\"media-list-item__box_image\"><img loading=\"lazy\" decoding=\"async\" width=\"5816\" height=\"5814\" src=\"https:\/\/www.alcoawheels.com\/europe\/de\/wp-content\/uploads\/sites\/11\/2025\/07\/ALbrush_1_high.jpg\" alt=\"AL Brush\"\/><\/div><\/div>\n\n\n\n<div class=\"wp-block-alcoa-wheels-zigzag-item media-list-item\"><div class=\"media-list-item__box_content\"><div class=\"media-list-item__box_content_inner\">\n<h5 class=\"wp-block-heading\" id=\"h-alkit3\"><strong>ALkit3<\/strong><\/h5>\n\n\n\n<p>Ein komplettes Set zur Reinigung von geb\u00fcrsteten und LvL ONE<sup>\u00ae<\/sup>-Felgen.<br>Es enth\u00e4lt 1 l ALclean, 1 Tube ALpolish (250 ml) und 1 ALbrush.<\/p>\n<\/div><\/div><div class=\"media-list-item__box_image\"><img loading=\"lazy\" decoding=\"async\" width=\"1500\" height=\"1500\" src=\"https:\/\/www.alcoawheels.com\/europe\/de\/wp-content\/uploads\/sites\/11\/2025\/09\/ALkit3_box_and_products_low.jpg\" alt=\"ALkit3\"\/><\/div><\/div>\n<\/div><\/div>\n\n\n\n<hr class=\"wp-block-separator has-text-color has-alpha-channel-opacity has-background is-style-wide\" style=\"background-color:#cccccc;color:#cccccc\"\/>\n\n\n\n<div style=\"height:50px\" aria-hidden=\"true\" class=\"wp-block-spacer spacer-fifty\"><\/div>\n\n\n\n<p class=\"u-margin-b10\">Weitere Informationen:<\/p>\n\n\n\t\t<div class=\"wp-block-alcoa-product-literature\">\n\t\t\t<div class=\"product-literature-columns container wp-block-alcoa-wheels-related-documents\">\n\t\t\t\t\t\t\t\t\t<div class=\"literature-inner\">\n\t\t\t\t\t\t<div class=\"literature-inner-item\">\n\t\t\t\t\t\t\t<div class=\"pdf-lists-items\">\n\t\t\t\t\t\t\t\t\t\t\t\t\t\t\t\t\t\t\t\t\t\t\t\t\t\t<div class=\"pdf-files\">\n\t\t\t\t\t\t\t\t\t\t<a href=\"https:\/\/www.alcoawheels.com\/europe\/de\/wp-content\/uploads\/sites\/11\/2026\/02\/Alcoa-Wheels-Accessories-DE.pdf\" target=\"_blank\" class=\"pdf-file\">\n\t\t\t\t\t\t\t\t\t\t\tALCOA<sup>\u00ae<\/sup> R\u00c4DER Zubeh\u00f6rkatalog\t\t\t\t\t\t\t\t\t\t<\/a>\n\t\t\t\t\t\t\t\t\t\t<div class=\"pdf-size\">2.95 MB<\/div>\n\t\t\t\t\t\t\t\t\t<\/div>\n\t\t\t\t\t\t\t\t\t\t\t\t\t\t\t\t\t\t\t\t\t\t\t\t\t\t<div class=\"pdf-files\">\n\t\t\t\t\t\t\t\t\t\t<a href=\"https:\/\/www.alcoawheels.com\/europe\/de\/wp-content\/uploads\/sites\/11\/2025\/09\/Alcoa-Wheels-Cleaning-leaflet-DE.pdf\" target=\"_blank\" class=\"pdf-file\">\n\t\t\t\t\t\t\t\t\t\t\tReinigungsanleitung f\u00fcr ALCOA<sup>\u00ae<\/sup> R\u00c4DER\t\t\t\t\t\t\t\t\t\t<\/a>\n\t\t\t\t\t\t\t\t\t\t<div class=\"pdf-size\">1.26 MB<\/div>\n\t\t\t\t\t\t\t\t\t<\/div>\n\t\t\t\t\t\t\t\t\t\t\t\t\t\t\t<\/div>\n\t\t\t\t\t\t<\/div>\n\t\t\t\t\t<\/div>\n\t\t\t\t\t\t\t<\/div>\n\n\t\t<\/div>\n\n\n\n<div id=\"alcoa-wheels-buttons-29ef0b2a-9a22-48fa-93f7-da19b226681a\" class=\"wp-block-alcoa-wheels-button-group alcoa-wheels-buttons\"><div class=\"button-row\"><div class=\"button-item\" button-item=\"0\"><p class=\"btn-main btn-link-left-arrow\" aria-label=\"<a href=&quot;https:\/\/apps.spheracloud.net\/communicator\/login.aspx?userid=qD3CEfpiugwA&amp;companyid=SzqDqsuXTJwA&amp;method=home&quot;&gt;Safety Data (MSDS)<\/a&gt;\"><a href=\"https:\/\/apps.spheracloud.net\/communicator\/login.aspx?userid=qD3CEfpiugwA&amp;companyid=SzqDqsuXTJwA&amp;method=home\">Safety Data (MSDS)<\/a><\/p><\/div><\/div><\/div>\n\n\n\n<div style=\"height:50px\" aria-hidden=\"true\" class=\"wp-block-spacer spacer-fifty\"><\/div>\n\n\n\n<div class=\"wp-block-alcoa-wheels-card-usecase-1 card-box-v1__body with-icon align-center vertical-align-center\" id=\"card_box_v1-8b3921e4-0cf0-475b-a971-abec8346b36f\"><div class=\"fullwidthcontainer\"><div class=\"card-box-v1__boxes has-4-columns\"><div class=\"card-box-v1__box  with-link \" style=\"background-color:#00afb9\"><img decoding=\"async\" src=\"https:\/\/www.alcoawheels.com\/europe\/de\/wp-content\/themes\/alcoa-wheels\/assets\/build\/js\/blocks\/card-usecase-1\/..\/..\/..\/images\/placeholder-image.db2b4d5c.jpeg\" alt=\"Kontakt\"\/><div class=\"card-box-v1__box__inner pos-abs\"><div class=\"card-box-v1__box_icon\"><img loading=\"lazy\" decoding=\"async\" width=\"171\" height=\"171\" src=\"https:\/\/www.alcoawheels.com\/europe\/de\/wp-content\/uploads\/sites\/11\/2023\/06\/contact.png\" alt=\"\"\/><\/div><div class=\"card-box-v1__box_content\"><h4 style=\"color:#ffffff\">Kontakt<\/h4><\/div><div class=\"btn-wrap\"><\/div><\/div><a href=\"\/europe\/de\/kontakt\" aria-label=\"Kontakt\"><\/a><\/div><div class=\"card-box-v1__box  with-link \" style=\"background-color:#34bfc7\"><img decoding=\"async\" src=\"https:\/\/www.alcoawheels.com\/europe\/de\/wp-content\/themes\/alcoa-wheels\/assets\/build\/js\/blocks\/card-usecase-1\/..\/..\/..\/images\/placeholder-image.db2b4d5c.jpeg\" alt=\"R\u00e4der-Sortiment\"\/><div class=\"card-box-v1__box__inner pos-abs\"><div class=\"card-box-v1__box_icon\"><img loading=\"lazy\" decoding=\"async\" width=\"169\" height=\"169\" src=\"https:\/\/www.alcoawheels.com\/europe\/de\/wp-content\/uploads\/sites\/11\/2023\/06\/product-search.png\" alt=\"\"\/><\/div><div class=\"card-box-v1__box_content\"><h4 style=\"color:#ffffff\">R\u00e4der-Sortiment<\/h4><\/div><div class=\"btn-wrap\"><\/div><\/div><a href=\"\/europe\/de\/rader-sortiment\" aria-label=\"R\u00e4der-Sortiment\"><\/a><\/div><div class=\"card-box-v1__box  with-link \" style=\"background-color:#00afb9\"><img decoding=\"async\" src=\"https:\/\/www.alcoawheels.com\/europe\/de\/wp-content\/themes\/alcoa-wheels\/assets\/build\/js\/blocks\/card-usecase-1\/..\/..\/..\/images\/placeholder-image.db2b4d5c.jpeg\" alt=\"H\u00e4ndler\"\/><div class=\"card-box-v1__box__inner pos-abs\"><div class=\"card-box-v1__box_icon\"><img loading=\"lazy\" decoding=\"async\" width=\"169\" height=\"169\" src=\"https:\/\/www.alcoawheels.com\/europe\/de\/wp-content\/uploads\/sites\/11\/2023\/06\/where-to-buy.png\" alt=\"\"\/><\/div><div class=\"card-box-v1__box_content\"><h4 style=\"color:#ffffff\">H\u00e4ndler<\/h4><\/div><div class=\"btn-wrap\"><\/div><\/div><a href=\"\/europe\/de\/handler\" aria-label=\"H\u00e4ndler\"><\/a><\/div><div class=\"card-box-v1__box  with-link \" style=\"background-color:#34bfc7\"><img decoding=\"async\" src=\"https:\/\/www.alcoawheels.com\/europe\/de\/wp-content\/themes\/alcoa-wheels\/assets\/build\/js\/blocks\/card-usecase-1\/..\/..\/..\/images\/placeholder-image.db2b4d5c.jpeg\" alt=\"Produktliteratur\"\/><div class=\"card-box-v1__box__inner pos-abs\"><div class=\"card-box-v1__box_icon\"><img loading=\"lazy\" decoding=\"async\" width=\"169\" height=\"169\" src=\"https:\/\/www.alcoawheels.com\/europe\/de\/wp-content\/uploads\/sites\/11\/2023\/06\/product-literature.png\" alt=\"\"\/><\/div><div class=\"card-box-v1__box_content\"><h4 style=\"color:#ffffff\">Produktliteratur<\/h4><\/div><div class=\"btn-wrap\"><\/div><\/div><a href=\"\/europe\/de\/produktliteratur\" aria-label=\"Produktliteratur\"><\/a><\/div><\/div><\/div><\/div>\n","protected":false},"excerpt":{"rendered":"<p>Zubeh\u00f6rprodukte f\u00fcr Alcoa\u00ae-R\u00e4der Die Wartung Ihrer Alcoa\u00ae-R\u00e4der ist und sollte oberste Priorit\u00e4t haben 1. Zubeh\u00f6rprodukte f\u00fcr Alcoa\u00ae-R\u00e4der wurden \u00fcber viele Jahre hinweg entwickelt und ausgew\u00e4hlt, um die R\u00e4der in bestm\u00f6glichem Zustand zu halten und eine lange Lebensdauer zu gew\u00e4hrleisten. 2. Zubeh\u00f6rprodukte f\u00fcr Alcoa\u00ae-R\u00e4der sind \u00fcber unser autorisiertes H\u00e4ndlernetz erh\u00e4ltlich. Weitere Informationen:<\/p>\n","protected":false},"author":44,"featured_media":4156,"parent":0,"menu_order":0,"comment_status":"closed","ping_status":"closed","template":"","meta":{"_acf_changed":false,"protected_reviewer_email":"","editor_notices":[],"footnotes":""},"class_list":["post-26","page","type-page","status-publish","has-post-thumbnail","hentry"],"acf":[],"yoast_head":"<!-- This site is optimized with the Yoast SEO Premium plugin v27.3 (Yoast SEO v27.3) - https:\/\/yoast.com\/product\/yoast-seo-premium-wordpress\/ -->\n<title>Reinigung | Alcoa Wheels<\/title>\n<meta name=\"description\" content=\"Alcoa\u00ae Wheel-Zubeh\u00f6rprodukte f\u00fcr die Pflege Ihrer Alcoa\u00ae Wheels. Wir bieten zahlreiche Reinigungsprodukte wie Dura-Bright\u00ae Wheel Wash, Alclean, Alpolish, Albrush und ALkit4 an.\" \/>\n<meta name=\"robots\" content=\"index, follow, max-snippet:-1, max-image-preview:large, max-video-preview:-1\" \/>\n<link rel=\"canonical\" href=\"https:\/\/www.alcoawheels.com\/europe\/de\/reinigung\/\" \/>\n<meta property=\"og:locale\" content=\"en_US\" \/>\n<meta property=\"og:type\" content=\"article\" \/>\n<meta property=\"og:title\" content=\"Reinigung\" \/>\n<meta property=\"og:description\" content=\"Alcoa\u00ae Wheel-Zubeh\u00f6rprodukte f\u00fcr die Pflege Ihrer Alcoa\u00ae Wheels. Wir bieten zahlreiche Reinigungsprodukte wie Dura-Bright\u00ae Wheel Wash, Alclean, Alpolish, Albrush und ALkit4 an.\" \/>\n<meta property=\"og:url\" content=\"https:\/\/www.alcoawheels.com\/europe\/de\/reinigung\/\" \/>\n<meta property=\"og:site_name\" content=\"Europe German\" \/>\n<meta property=\"article:modified_time\" content=\"2025-11-24T15:39:37+00:00\" \/>\n<meta property=\"og:image\" content=\"https:\/\/www.alcoawheels.com\/europe\/de\/wp-content\/uploads\/sites\/11\/2025\/11\/DBWW_bottle_1L_low-resize.jpg\" \/>\n\t<meta property=\"og:image:width\" content=\"450\" \/>\n\t<meta property=\"og:image:height\" content=\"300\" \/>\n\t<meta property=\"og:image:type\" content=\"image\/jpeg\" \/>\n<meta name=\"twitter:card\" content=\"summary_large_image\" \/>\n<meta name=\"twitter:label1\" content=\"Est. reading time\" \/>\n\t<meta name=\"twitter:data1\" content=\"5 minutes\" \/>\n<script type=\"application\/ld+json\" class=\"yoast-schema-graph\">{\"@context\":\"https:\\\/\\\/schema.org\",\"@graph\":[{\"@type\":\"WebPage\",\"@id\":\"https:\\\/\\\/www.alcoawheels.com\\\/europe\\\/de\\\/reinigung\\\/\",\"url\":\"https:\\\/\\\/www.alcoawheels.com\\\/europe\\\/de\\\/reinigung\\\/\",\"name\":\"Reinigung | Alcoa Wheels\",\"isPartOf\":{\"@id\":\"https:\\\/\\\/www.alcoawheels.com\\\/europe\\\/de\\\/#website\"},\"primaryImageOfPage\":{\"@id\":\"https:\\\/\\\/www.alcoawheels.com\\\/europe\\\/de\\\/reinigung\\\/#primaryimage\"},\"image\":{\"@id\":\"https:\\\/\\\/www.alcoawheels.com\\\/europe\\\/de\\\/reinigung\\\/#primaryimage\"},\"thumbnailUrl\":\"https:\\\/\\\/www.alcoawheels.com\\\/europe\\\/de\\\/wp-content\\\/uploads\\\/sites\\\/11\\\/2025\\\/11\\\/DBWW_bottle_1L_low-resize.jpg\",\"datePublished\":\"2023-05-25T11:20:08+00:00\",\"dateModified\":\"2025-11-24T15:39:37+00:00\",\"description\":\"Alcoa\u00ae Wheel-Zubeh\u00f6rprodukte f\u00fcr die Pflege Ihrer Alcoa\u00ae Wheels. Wir bieten zahlreiche Reinigungsprodukte wie Dura-Bright\u00ae Wheel Wash, Alclean, Alpolish, Albrush und ALkit4 an.\",\"breadcrumb\":{\"@id\":\"https:\\\/\\\/www.alcoawheels.com\\\/europe\\\/de\\\/reinigung\\\/#breadcrumb\"},\"inLanguage\":\"en-US\",\"potentialAction\":[{\"@type\":\"ReadAction\",\"target\":[\"https:\\\/\\\/www.alcoawheels.com\\\/europe\\\/de\\\/reinigung\\\/\"]}]},{\"@type\":\"ImageObject\",\"inLanguage\":\"en-US\",\"@id\":\"https:\\\/\\\/www.alcoawheels.com\\\/europe\\\/de\\\/reinigung\\\/#primaryimage\",\"url\":\"https:\\\/\\\/www.alcoawheels.com\\\/europe\\\/de\\\/wp-content\\\/uploads\\\/sites\\\/11\\\/2025\\\/11\\\/DBWW_bottle_1L_low-resize.jpg\",\"contentUrl\":\"https:\\\/\\\/www.alcoawheels.com\\\/europe\\\/de\\\/wp-content\\\/uploads\\\/sites\\\/11\\\/2025\\\/11\\\/DBWW_bottle_1L_low-resize.jpg\",\"width\":450,\"height\":300,\"caption\":\"cleaning DB wheel wash\"},{\"@type\":\"BreadcrumbList\",\"@id\":\"https:\\\/\\\/www.alcoawheels.com\\\/europe\\\/de\\\/reinigung\\\/#breadcrumb\",\"itemListElement\":[{\"@type\":\"ListItem\",\"position\":1,\"name\":\"Home\",\"item\":\"https:\\\/\\\/www.alcoawheels.com\\\/europe\\\/de\\\/\"},{\"@type\":\"ListItem\",\"position\":2,\"name\":\"Reinigung\"}]},{\"@type\":\"WebSite\",\"@id\":\"https:\\\/\\\/www.alcoawheels.com\\\/europe\\\/de\\\/#website\",\"url\":\"https:\\\/\\\/www.alcoawheels.com\\\/europe\\\/de\\\/\",\"name\":\"Europe German\",\"description\":\"\",\"publisher\":{\"@id\":\"https:\\\/\\\/www.alcoawheels.com\\\/europe\\\/de\\\/#organization\"},\"potentialAction\":[{\"@type\":\"SearchAction\",\"target\":{\"@type\":\"EntryPoint\",\"urlTemplate\":\"https:\\\/\\\/www.alcoawheels.com\\\/europe\\\/de\\\/?s={search_term_string}\"},\"query-input\":{\"@type\":\"PropertyValueSpecification\",\"valueRequired\":true,\"valueName\":\"search_term_string\"}}],\"inLanguage\":\"en-US\"},{\"@type\":\"Organization\",\"@id\":\"https:\\\/\\\/www.alcoawheels.com\\\/europe\\\/de\\\/#organization\",\"name\":\"Europe German\",\"url\":\"https:\\\/\\\/www.alcoawheels.com\\\/europe\\\/de\\\/\",\"logo\":{\"@type\":\"ImageObject\",\"inLanguage\":\"en-US\",\"@id\":\"https:\\\/\\\/www.alcoawheels.com\\\/europe\\\/de\\\/#\\\/schema\\\/logo\\\/image\\\/\",\"url\":\"https:\\\/\\\/www.alcoawheels.com\\\/europe\\\/de\\\/wp-content\\\/uploads\\\/sites\\\/11\\\/2023\\\/05\\\/logo-black.gif\",\"contentUrl\":\"https:\\\/\\\/www.alcoawheels.com\\\/europe\\\/de\\\/wp-content\\\/uploads\\\/sites\\\/11\\\/2023\\\/05\\\/logo-black.gif\",\"width\":71,\"height\":64,\"caption\":\"Europe German\"},\"image\":{\"@id\":\"https:\\\/\\\/www.alcoawheels.com\\\/europe\\\/de\\\/#\\\/schema\\\/logo\\\/image\\\/\"}}]}<\/script>\n<!-- \/ Yoast SEO Premium plugin. -->","yoast_head_json":{"title":"Reinigung | Alcoa Wheels","description":"Alcoa\u00ae Wheel-Zubeh\u00f6rprodukte f\u00fcr die Pflege Ihrer Alcoa\u00ae Wheels. Wir bieten zahlreiche Reinigungsprodukte wie Dura-Bright\u00ae Wheel Wash, Alclean, Alpolish, Albrush und ALkit4 an.","robots":{"index":"index","follow":"follow","max-snippet":"max-snippet:-1","max-image-preview":"max-image-preview:large","max-video-preview":"max-video-preview:-1"},"canonical":"https:\/\/www.alcoawheels.com\/europe\/de\/reinigung\/","og_locale":"en_US","og_type":"article","og_title":"Reinigung","og_description":"Alcoa\u00ae Wheel-Zubeh\u00f6rprodukte f\u00fcr die Pflege Ihrer Alcoa\u00ae Wheels. Wir bieten zahlreiche Reinigungsprodukte wie Dura-Bright\u00ae Wheel Wash, Alclean, Alpolish, Albrush und ALkit4 an.","og_url":"https:\/\/www.alcoawheels.com\/europe\/de\/reinigung\/","og_site_name":"Europe German","article_modified_time":"2025-11-24T15:39:37+00:00","og_image":[{"width":450,"height":300,"url":"https:\/\/www.alcoawheels.com\/europe\/de\/wp-content\/uploads\/sites\/11\/2025\/11\/DBWW_bottle_1L_low-resize.jpg","type":"image\/jpeg"}],"twitter_card":"summary_large_image","twitter_misc":{"Est. reading time":"5 minutes"},"schema":{"@context":"https:\/\/schema.org","@graph":[{"@type":"WebPage","@id":"https:\/\/www.alcoawheels.com\/europe\/de\/reinigung\/","url":"https:\/\/www.alcoawheels.com\/europe\/de\/reinigung\/","name":"Reinigung | Alcoa Wheels","isPartOf":{"@id":"https:\/\/www.alcoawheels.com\/europe\/de\/#website"},"primaryImageOfPage":{"@id":"https:\/\/www.alcoawheels.com\/europe\/de\/reinigung\/#primaryimage"},"image":{"@id":"https:\/\/www.alcoawheels.com\/europe\/de\/reinigung\/#primaryimage"},"thumbnailUrl":"https:\/\/www.alcoawheels.com\/europe\/de\/wp-content\/uploads\/sites\/11\/2025\/11\/DBWW_bottle_1L_low-resize.jpg","datePublished":"2023-05-25T11:20:08+00:00","dateModified":"2025-11-24T15:39:37+00:00","description":"Alcoa\u00ae Wheel-Zubeh\u00f6rprodukte f\u00fcr die Pflege Ihrer Alcoa\u00ae Wheels. Wir bieten zahlreiche Reinigungsprodukte wie Dura-Bright\u00ae Wheel Wash, Alclean, Alpolish, Albrush und ALkit4 an.","breadcrumb":{"@id":"https:\/\/www.alcoawheels.com\/europe\/de\/reinigung\/#breadcrumb"},"inLanguage":"en-US","potentialAction":[{"@type":"ReadAction","target":["https:\/\/www.alcoawheels.com\/europe\/de\/reinigung\/"]}]},{"@type":"ImageObject","inLanguage":"en-US","@id":"https:\/\/www.alcoawheels.com\/europe\/de\/reinigung\/#primaryimage","url":"https:\/\/www.alcoawheels.com\/europe\/de\/wp-content\/uploads\/sites\/11\/2025\/11\/DBWW_bottle_1L_low-resize.jpg","contentUrl":"https:\/\/www.alcoawheels.com\/europe\/de\/wp-content\/uploads\/sites\/11\/2025\/11\/DBWW_bottle_1L_low-resize.jpg","width":450,"height":300,"caption":"cleaning DB wheel wash"},{"@type":"BreadcrumbList","@id":"https:\/\/www.alcoawheels.com\/europe\/de\/reinigung\/#breadcrumb","itemListElement":[{"@type":"ListItem","position":1,"name":"Home","item":"https:\/\/www.alcoawheels.com\/europe\/de\/"},{"@type":"ListItem","position":2,"name":"Reinigung"}]},{"@type":"WebSite","@id":"https:\/\/www.alcoawheels.com\/europe\/de\/#website","url":"https:\/\/www.alcoawheels.com\/europe\/de\/","name":"Europe German","description":"","publisher":{"@id":"https:\/\/www.alcoawheels.com\/europe\/de\/#organization"},"potentialAction":[{"@type":"SearchAction","target":{"@type":"EntryPoint","urlTemplate":"https:\/\/www.alcoawheels.com\/europe\/de\/?s={search_term_string}"},"query-input":{"@type":"PropertyValueSpecification","valueRequired":true,"valueName":"search_term_string"}}],"inLanguage":"en-US"},{"@type":"Organization","@id":"https:\/\/www.alcoawheels.com\/europe\/de\/#organization","name":"Europe German","url":"https:\/\/www.alcoawheels.com\/europe\/de\/","logo":{"@type":"ImageObject","inLanguage":"en-US","@id":"https:\/\/www.alcoawheels.com\/europe\/de\/#\/schema\/logo\/image\/","url":"https:\/\/www.alcoawheels.com\/europe\/de\/wp-content\/uploads\/sites\/11\/2023\/05\/logo-black.gif","contentUrl":"https:\/\/www.alcoawheels.com\/europe\/de\/wp-content\/uploads\/sites\/11\/2023\/05\/logo-black.gif","width":71,"height":64,"caption":"Europe German"},"image":{"@id":"https:\/\/www.alcoawheels.com\/europe\/de\/#\/schema\/logo\/image\/"}}]}},"parsely":{"version":"1.1.0","canonical_url":"https:\/\/alcoawheels.com\/europe\/de\/reinigung\/","smart_links":{"inbound":0,"outbound":0},"traffic_boost_suggestions_count":0,"meta":{"@context":"https:\/\/schema.org","@type":"WebPage","headline":"Reinigung","url":"http:\/\/www.alcoawheels.com\/europe\/de\/reinigung\/","mainEntityOfPage":{"@type":"WebPage","@id":"http:\/\/www.alcoawheels.com\/europe\/de\/reinigung\/"},"thumbnailUrl":"https:\/\/www.alcoawheels.com\/europe\/de\/wp-content\/uploads\/sites\/11\/2025\/11\/DBWW_bottle_1L_low-resize.jpg?w=150&h=150&crop=1","image":{"@type":"ImageObject","url":"https:\/\/www.alcoawheels.com\/europe\/de\/wp-content\/uploads\/sites\/11\/2025\/11\/DBWW_bottle_1L_low-resize.jpg"},"articleSection":"Uncategorized","author":[{"@type":"Person","name":"howmet"}],"creator":["howmet"],"publisher":{"@type":"Organization","name":"Europe German","logo":""},"keywords":[],"dateCreated":"2023-05-25T11:20:08Z","datePublished":"2023-05-25T11:20:08Z","dateModified":"2025-11-24T15:39:37Z"},"rendered":"<script type=\"application\/ld+json\" class=\"wp-parsely-metadata\">{\"@context\":\"https:\\\/\\\/schema.org\",\"@type\":\"WebPage\",\"headline\":\"Reinigung\",\"url\":\"http:\\\/\\\/www.alcoawheels.com\\\/europe\\\/de\\\/reinigung\\\/\",\"mainEntityOfPage\":{\"@type\":\"WebPage\",\"@id\":\"http:\\\/\\\/www.alcoawheels.com\\\/europe\\\/de\\\/reinigung\\\/\"},\"thumbnailUrl\":\"https:\\\/\\\/www.alcoawheels.com\\\/europe\\\/de\\\/wp-content\\\/uploads\\\/sites\\\/11\\\/2025\\\/11\\\/DBWW_bottle_1L_low-resize.jpg?w=150&h=150&crop=1\",\"image\":{\"@type\":\"ImageObject\",\"url\":\"https:\\\/\\\/www.alcoawheels.com\\\/europe\\\/de\\\/wp-content\\\/uploads\\\/sites\\\/11\\\/2025\\\/11\\\/DBWW_bottle_1L_low-resize.jpg\"},\"articleSection\":\"Uncategorized\",\"author\":[{\"@type\":\"Person\",\"name\":\"howmet\"}],\"creator\":[\"howmet\"],\"publisher\":{\"@type\":\"Organization\",\"name\":\"Europe German\",\"logo\":\"\"},\"keywords\":[],\"dateCreated\":\"2023-05-25T11:20:08Z\",\"datePublished\":\"2023-05-25T11:20:08Z\",\"dateModified\":\"2025-11-24T15:39:37Z\"}<\/script>","tracker_url":"https:\/\/cdn.parsely.com\/keys\/alcoawheels.com\/p.js"},"jetpack_sharing_enabled":true,"_links":{"self":[{"href":"https:\/\/www.alcoawheels.com\/europe\/de\/wp-json\/wp\/v2\/pages\/26","targetHints":{"allow":["GET"]}}],"collection":[{"href":"https:\/\/www.alcoawheels.com\/europe\/de\/wp-json\/wp\/v2\/pages"}],"about":[{"href":"https:\/\/www.alcoawheels.com\/europe\/de\/wp-json\/wp\/v2\/types\/page"}],"author":[{"embeddable":true,"href":"https:\/\/www.alcoawheels.com\/europe\/de\/wp-json\/wp\/v2\/users\/44"}],"replies":[{"embeddable":true,"href":"https:\/\/www.alcoawheels.com\/europe\/de\/wp-json\/wp\/v2\/comments?post=26"}],"version-history":[{"count":27,"href":"https:\/\/www.alcoawheels.com\/europe\/de\/wp-json\/wp\/v2\/pages\/26\/revisions"}],"predecessor-version":[{"id":4157,"href":"https:\/\/www.alcoawheels.com\/europe\/de\/wp-json\/wp\/v2\/pages\/26\/revisions\/4157"}],"wp:featuredmedia":[{"embeddable":true,"href":"https:\/\/www.alcoawheels.com\/europe\/de\/wp-json\/wp\/v2\/media\/4156"}],"wp:attachment":[{"href":"https:\/\/www.alcoawheels.com\/europe\/de\/wp-json\/wp\/v2\/media?parent=26"}],"curies":[{"name":"wp","href":"https:\/\/api.w.org\/{rel}","templated":true}]}}