{"id":3725,"date":"2024-07-19T16:41:06","date_gmt":"2024-07-19T14:41:06","guid":{"rendered":"https:\/\/www.alcoawheels.com\/europe\/de\/?page_id=3725"},"modified":"2024-10-07T17:41:32","modified_gmt":"2024-10-07T15:41:32","slug":"festigkeitsprufung","status":"publish","type":"page","link":"https:\/\/www.alcoawheels.com\/europe\/de\/festigkeitsprufung\/","title":{"rendered":"Festigkeitspr\u00fcfung"},"content":{"rendered":"\n<div class=\"wp-block-alcoa-wheels-hero-banner-innerpage hero-banner with-image layout-2 overlayEnable align- vertical-align- align-center vertical-align-center\" style=\"background-color:#eee\"><img decoding=\"async\" src=\"https:\/\/www.alcoawheels.com\/europe\/de\/wp-content\/uploads\/sites\/11\/2023\/06\/benefits-banner.jpg\" alt=\"\" class=\"responsiveImage\"\/><div class=\"hero-banner__header\" style=\"text-align:center\"><div class=\"container\"><h1 class=\"hero-banner__header--title\">Festigkeitspr\u00fcfung<\/h1><\/div><\/div><\/div>\n\n\n\n<div style=\"height:50px\" aria-hidden=\"true\" class=\"wp-block-spacer spacer-fifty\"><\/div>\n\n\n\n<p>Alcoa<sup>\u00ae<\/sup> Ultra ONE<sup>\u00ae<\/sup> wheel 22.5\u201d x 9.00\u201d (part number 89U520) deformed 50 mm under 442 kN \/ 45076 kg performing 3.4 times stronger compared to Maxion steel wheel (part number 2920841) with the same size deforming 50 mm under 129 kN \/ 13154 kg force.<\/p>\n\n\n<div class=\"wp-block-image\">\n<figure class=\"aligncenter size-large is-resized\"><img decoding=\"async\" src=\"https:\/\/www.alcoawheels.com\/europe\/en\/wp-content\/uploads\/sites\/8\/2024\/07\/Alcoa-vs.-Steel-high-resolution.png?w=1024\" alt=\"\" class=\"wp-image-5842\" style=\"width:881px\"\/><\/figure>\n<\/div>\n\n\n<p>Festigkeitspr\u00fcfung &#8211; Sz\u00e9chenyi Istv\u00e1n Universit\u00e4t, Abteilung f\u00fcr Fahrzeugbau und Technologie, Ungarn, 2023<\/p>\n","protected":false},"excerpt":{"rendered":"<p>Alcoa\u00ae Ultra ONE\u00ae wheel 22.5\u201d x 9.00\u201d (part number 89U520) deformed 50 mm under 442 kN \/ 45076 kg performing 3.4 times stronger compared to Maxion steel wheel (part number 2920841) with the same size deforming 50 mm under 129 kN \/ 13154 kg force. Festigkeitspr\u00fcfung &#8211; Sz\u00e9chenyi Istv\u00e1n Universit\u00e4t, Abteilung f\u00fcr Fahrzeugbau und Technologie, [&hellip;]<\/p>\n","protected":false},"author":62,"featured_media":0,"parent":0,"menu_order":0,"comment_status":"closed","ping_status":"closed","template":"","meta":{"_acf_changed":false,"protected_reviewer_email":"","editor_notices":[],"footnotes":""},"class_list":["post-3725","page","type-page","status-publish","hentry"],"acf":[],"yoast_head":"<!-- This site is optimized with the Yoast SEO Premium plugin v27.4 (Yoast SEO v27.4) - https:\/\/yoast.com\/product\/yoast-seo-premium-wordpress\/ -->\n<title>Festigkeitspr\u00fcfung - Europe German<\/title>\n<meta name=\"robots\" content=\"index, follow, max-snippet:-1, max-image-preview:large, max-video-preview:-1\" \/>\n<link rel=\"canonical\" href=\"https:\/\/www.alcoawheels.com\/europe\/de\/festigkeitsprufung\/\" \/>\n<meta property=\"og:locale\" content=\"en_US\" \/>\n<meta property=\"og:type\" content=\"article\" \/>\n<meta property=\"og:title\" content=\"Festigkeitspr\u00fcfung\" \/>\n<meta property=\"og:description\" content=\"Alcoa\u00ae Ultra ONE\u00ae wheel 22.5\u201d x 9.00\u201d (part number 89U520) deformed 50 mm under 442 kN \/ 45076 kg performing 3.4 times stronger compared to Maxion steel wheel (part number 2920841) with the same size deforming 50 mm under 129 kN \/ 13154 kg force. Festigkeitspr\u00fcfung &#8211; Sz\u00e9chenyi Istv\u00e1n Universit\u00e4t, Abteilung f\u00fcr Fahrzeugbau und Technologie, [&hellip;]\" \/>\n<meta property=\"og:url\" content=\"https:\/\/www.alcoawheels.com\/europe\/de\/festigkeitsprufung\/\" \/>\n<meta property=\"og:site_name\" content=\"Europe German\" \/>\n<meta property=\"article:modified_time\" content=\"2024-10-07T15:41:32+00:00\" \/>\n<meta property=\"og:image\" content=\"https:\/\/www.alcoawheels.com\/europe\/de\/wp-content\/uploads\/sites\/11\/2023\/06\/benefits-banner.jpg\" \/>\n<meta name=\"twitter:card\" content=\"summary_large_image\" \/>\n<meta name=\"twitter:label1\" content=\"Est. reading time\" \/>\n\t<meta name=\"twitter:data1\" content=\"1 minute\" \/>\n<script type=\"application\/ld+json\" class=\"yoast-schema-graph\">{\"@context\":\"https:\\\/\\\/schema.org\",\"@graph\":[{\"@type\":\"WebPage\",\"@id\":\"https:\\\/\\\/www.alcoawheels.com\\\/europe\\\/de\\\/festigkeitsprufung\\\/\",\"url\":\"https:\\\/\\\/www.alcoawheels.com\\\/europe\\\/de\\\/festigkeitsprufung\\\/\",\"name\":\"Festigkeitspr\u00fcfung - Europe German\",\"isPartOf\":{\"@id\":\"https:\\\/\\\/www.alcoawheels.com\\\/europe\\\/de\\\/#website\"},\"primaryImageOfPage\":{\"@id\":\"https:\\\/\\\/www.alcoawheels.com\\\/europe\\\/de\\\/festigkeitsprufung\\\/#primaryimage\"},\"image\":{\"@id\":\"https:\\\/\\\/www.alcoawheels.com\\\/europe\\\/de\\\/festigkeitsprufung\\\/#primaryimage\"},\"thumbnailUrl\":\"https:\\\/\\\/www.alcoawheels.com\\\/europe\\\/de\\\/wp-content\\\/uploads\\\/sites\\\/11\\\/2023\\\/06\\\/benefits-banner.jpg\",\"datePublished\":\"2024-07-19T14:41:06+00:00\",\"dateModified\":\"2024-10-07T15:41:32+00:00\",\"breadcrumb\":{\"@id\":\"https:\\\/\\\/www.alcoawheels.com\\\/europe\\\/de\\\/festigkeitsprufung\\\/#breadcrumb\"},\"inLanguage\":\"en-US\",\"potentialAction\":[{\"@type\":\"ReadAction\",\"target\":[\"https:\\\/\\\/www.alcoawheels.com\\\/europe\\\/de\\\/festigkeitsprufung\\\/\"]}]},{\"@type\":\"ImageObject\",\"inLanguage\":\"en-US\",\"@id\":\"https:\\\/\\\/www.alcoawheels.com\\\/europe\\\/de\\\/festigkeitsprufung\\\/#primaryimage\",\"url\":\"https:\\\/\\\/www.alcoawheels.com\\\/europe\\\/de\\\/wp-content\\\/uploads\\\/sites\\\/11\\\/2023\\\/06\\\/benefits-banner.jpg\",\"contentUrl\":\"https:\\\/\\\/www.alcoawheels.com\\\/europe\\\/de\\\/wp-content\\\/uploads\\\/sites\\\/11\\\/2023\\\/06\\\/benefits-banner.jpg\",\"width\":1119,\"height\":280},{\"@type\":\"BreadcrumbList\",\"@id\":\"https:\\\/\\\/www.alcoawheels.com\\\/europe\\\/de\\\/festigkeitsprufung\\\/#breadcrumb\",\"itemListElement\":[{\"@type\":\"ListItem\",\"position\":1,\"name\":\"Home\",\"item\":\"https:\\\/\\\/www.alcoawheels.com\\\/europe\\\/de\\\/\"},{\"@type\":\"ListItem\",\"position\":2,\"name\":\"Festigkeitspr\u00fcfung\"}]},{\"@type\":\"WebSite\",\"@id\":\"https:\\\/\\\/www.alcoawheels.com\\\/europe\\\/de\\\/#website\",\"url\":\"https:\\\/\\\/www.alcoawheels.com\\\/europe\\\/de\\\/\",\"name\":\"Europe German\",\"description\":\"\",\"publisher\":{\"@id\":\"https:\\\/\\\/www.alcoawheels.com\\\/europe\\\/de\\\/#organization\"},\"potentialAction\":[{\"@type\":\"SearchAction\",\"target\":{\"@type\":\"EntryPoint\",\"urlTemplate\":\"https:\\\/\\\/www.alcoawheels.com\\\/europe\\\/de\\\/?s={search_term_string}\"},\"query-input\":{\"@type\":\"PropertyValueSpecification\",\"valueRequired\":true,\"valueName\":\"search_term_string\"}}],\"inLanguage\":\"en-US\"},{\"@type\":\"Organization\",\"@id\":\"https:\\\/\\\/www.alcoawheels.com\\\/europe\\\/de\\\/#organization\",\"name\":\"Europe German\",\"url\":\"https:\\\/\\\/www.alcoawheels.com\\\/europe\\\/de\\\/\",\"logo\":{\"@type\":\"ImageObject\",\"inLanguage\":\"en-US\",\"@id\":\"https:\\\/\\\/www.alcoawheels.com\\\/europe\\\/de\\\/#\\\/schema\\\/logo\\\/image\\\/\",\"url\":\"https:\\\/\\\/www.alcoawheels.com\\\/europe\\\/de\\\/wp-content\\\/uploads\\\/sites\\\/11\\\/2023\\\/05\\\/logo-black.gif\",\"contentUrl\":\"https:\\\/\\\/www.alcoawheels.com\\\/europe\\\/de\\\/wp-content\\\/uploads\\\/sites\\\/11\\\/2023\\\/05\\\/logo-black.gif\",\"width\":71,\"height\":64,\"caption\":\"Europe German\"},\"image\":{\"@id\":\"https:\\\/\\\/www.alcoawheels.com\\\/europe\\\/de\\\/#\\\/schema\\\/logo\\\/image\\\/\"}}]}<\/script>\n<!-- \/ Yoast SEO Premium plugin. -->","yoast_head_json":{"title":"Festigkeitspr\u00fcfung - Europe German","robots":{"index":"index","follow":"follow","max-snippet":"max-snippet:-1","max-image-preview":"max-image-preview:large","max-video-preview":"max-video-preview:-1"},"canonical":"https:\/\/www.alcoawheels.com\/europe\/de\/festigkeitsprufung\/","og_locale":"en_US","og_type":"article","og_title":"Festigkeitspr\u00fcfung","og_description":"Alcoa\u00ae Ultra ONE\u00ae wheel 22.5\u201d x 9.00\u201d (part number 89U520) deformed 50 mm under 442 kN \/ 45076 kg performing 3.4 times stronger compared to Maxion steel wheel (part number 2920841) with the same size deforming 50 mm under 129 kN \/ 13154 kg force. Festigkeitspr\u00fcfung &#8211; Sz\u00e9chenyi Istv\u00e1n Universit\u00e4t, Abteilung f\u00fcr Fahrzeugbau und Technologie, [&hellip;]","og_url":"https:\/\/www.alcoawheels.com\/europe\/de\/festigkeitsprufung\/","og_site_name":"Europe German","article_modified_time":"2024-10-07T15:41:32+00:00","og_image":[{"url":"https:\/\/www.alcoawheels.com\/europe\/de\/wp-content\/uploads\/sites\/11\/2023\/06\/benefits-banner.jpg","type":"","width":"","height":""}],"twitter_card":"summary_large_image","twitter_misc":{"Est. reading time":"1 minute"},"schema":{"@context":"https:\/\/schema.org","@graph":[{"@type":"WebPage","@id":"https:\/\/www.alcoawheels.com\/europe\/de\/festigkeitsprufung\/","url":"https:\/\/www.alcoawheels.com\/europe\/de\/festigkeitsprufung\/","name":"Festigkeitspr\u00fcfung - Europe German","isPartOf":{"@id":"https:\/\/www.alcoawheels.com\/europe\/de\/#website"},"primaryImageOfPage":{"@id":"https:\/\/www.alcoawheels.com\/europe\/de\/festigkeitsprufung\/#primaryimage"},"image":{"@id":"https:\/\/www.alcoawheels.com\/europe\/de\/festigkeitsprufung\/#primaryimage"},"thumbnailUrl":"https:\/\/www.alcoawheels.com\/europe\/de\/wp-content\/uploads\/sites\/11\/2023\/06\/benefits-banner.jpg","datePublished":"2024-07-19T14:41:06+00:00","dateModified":"2024-10-07T15:41:32+00:00","breadcrumb":{"@id":"https:\/\/www.alcoawheels.com\/europe\/de\/festigkeitsprufung\/#breadcrumb"},"inLanguage":"en-US","potentialAction":[{"@type":"ReadAction","target":["https:\/\/www.alcoawheels.com\/europe\/de\/festigkeitsprufung\/"]}]},{"@type":"ImageObject","inLanguage":"en-US","@id":"https:\/\/www.alcoawheels.com\/europe\/de\/festigkeitsprufung\/#primaryimage","url":"https:\/\/www.alcoawheels.com\/europe\/de\/wp-content\/uploads\/sites\/11\/2023\/06\/benefits-banner.jpg","contentUrl":"https:\/\/www.alcoawheels.com\/europe\/de\/wp-content\/uploads\/sites\/11\/2023\/06\/benefits-banner.jpg","width":1119,"height":280},{"@type":"BreadcrumbList","@id":"https:\/\/www.alcoawheels.com\/europe\/de\/festigkeitsprufung\/#breadcrumb","itemListElement":[{"@type":"ListItem","position":1,"name":"Home","item":"https:\/\/www.alcoawheels.com\/europe\/de\/"},{"@type":"ListItem","position":2,"name":"Festigkeitspr\u00fcfung"}]},{"@type":"WebSite","@id":"https:\/\/www.alcoawheels.com\/europe\/de\/#website","url":"https:\/\/www.alcoawheels.com\/europe\/de\/","name":"Europe German","description":"","publisher":{"@id":"https:\/\/www.alcoawheels.com\/europe\/de\/#organization"},"potentialAction":[{"@type":"SearchAction","target":{"@type":"EntryPoint","urlTemplate":"https:\/\/www.alcoawheels.com\/europe\/de\/?s={search_term_string}"},"query-input":{"@type":"PropertyValueSpecification","valueRequired":true,"valueName":"search_term_string"}}],"inLanguage":"en-US"},{"@type":"Organization","@id":"https:\/\/www.alcoawheels.com\/europe\/de\/#organization","name":"Europe German","url":"https:\/\/www.alcoawheels.com\/europe\/de\/","logo":{"@type":"ImageObject","inLanguage":"en-US","@id":"https:\/\/www.alcoawheels.com\/europe\/de\/#\/schema\/logo\/image\/","url":"https:\/\/www.alcoawheels.com\/europe\/de\/wp-content\/uploads\/sites\/11\/2023\/05\/logo-black.gif","contentUrl":"https:\/\/www.alcoawheels.com\/europe\/de\/wp-content\/uploads\/sites\/11\/2023\/05\/logo-black.gif","width":71,"height":64,"caption":"Europe German"},"image":{"@id":"https:\/\/www.alcoawheels.com\/europe\/de\/#\/schema\/logo\/image\/"}}]}},"parsely":{"version":"1.1.0","canonical_url":"https:\/\/alcoawheels.com\/europe\/de\/festigkeitsprufung\/","smart_links":{"inbound":0,"outbound":0},"traffic_boost_suggestions_count":0,"meta":{"@context":"https:\/\/schema.org","@type":"WebPage","headline":"Festigkeitspr\u00fcfung","url":"http:\/\/www.alcoawheels.com\/europe\/de\/festigkeitsprufung\/","mainEntityOfPage":{"@type":"WebPage","@id":"http:\/\/www.alcoawheels.com\/europe\/de\/festigkeitsprufung\/"},"thumbnailUrl":"","image":{"@type":"ImageObject","url":""},"articleSection":"Uncategorized","author":[{"@type":"Person","name":"riccirm"}],"creator":["riccirm"],"publisher":{"@type":"Organization","name":"Europe German","logo":""},"keywords":[],"dateCreated":"2024-07-19T14:41:06Z","datePublished":"2024-07-19T14:41:06Z","dateModified":"2024-10-07T15:41:32Z"},"rendered":"<script type=\"application\/ld+json\" class=\"wp-parsely-metadata\">{\"@context\":\"https:\\\/\\\/schema.org\",\"@type\":\"WebPage\",\"headline\":\"Festigkeitspr\\u00fcfung\",\"url\":\"http:\\\/\\\/www.alcoawheels.com\\\/europe\\\/de\\\/festigkeitsprufung\\\/\",\"mainEntityOfPage\":{\"@type\":\"WebPage\",\"@id\":\"http:\\\/\\\/www.alcoawheels.com\\\/europe\\\/de\\\/festigkeitsprufung\\\/\"},\"thumbnailUrl\":\"\",\"image\":{\"@type\":\"ImageObject\",\"url\":\"\"},\"articleSection\":\"Uncategorized\",\"author\":[{\"@type\":\"Person\",\"name\":\"riccirm\"}],\"creator\":[\"riccirm\"],\"publisher\":{\"@type\":\"Organization\",\"name\":\"Europe German\",\"logo\":\"\"},\"keywords\":[],\"dateCreated\":\"2024-07-19T14:41:06Z\",\"datePublished\":\"2024-07-19T14:41:06Z\",\"dateModified\":\"2024-10-07T15:41:32Z\"}<\/script>","tracker_url":"https:\/\/cdn.parsely.com\/keys\/alcoawheels.com\/p.js"},"jetpack_sharing_enabled":true,"_links":{"self":[{"href":"https:\/\/www.alcoawheels.com\/europe\/de\/wp-json\/wp\/v2\/pages\/3725","targetHints":{"allow":["GET"]}}],"collection":[{"href":"https:\/\/www.alcoawheels.com\/europe\/de\/wp-json\/wp\/v2\/pages"}],"about":[{"href":"https:\/\/www.alcoawheels.com\/europe\/de\/wp-json\/wp\/v2\/types\/page"}],"author":[{"embeddable":true,"href":"https:\/\/www.alcoawheels.com\/europe\/de\/wp-json\/wp\/v2\/users\/62"}],"replies":[{"embeddable":true,"href":"https:\/\/www.alcoawheels.com\/europe\/de\/wp-json\/wp\/v2\/comments?post=3725"}],"version-history":[{"count":5,"href":"https:\/\/www.alcoawheels.com\/europe\/de\/wp-json\/wp\/v2\/pages\/3725\/revisions"}],"predecessor-version":[{"id":3793,"href":"https:\/\/www.alcoawheels.com\/europe\/de\/wp-json\/wp\/v2\/pages\/3725\/revisions\/3793"}],"wp:attachment":[{"href":"https:\/\/www.alcoawheels.com\/europe\/de\/wp-json\/wp\/v2\/media?parent=3725"}],"curies":[{"name":"wp","href":"https:\/\/api.w.org\/{rel}","templated":true}]}}