{"id":3772,"date":"2024-09-17T14:28:22","date_gmt":"2024-09-17T12:28:22","guid":{"rendered":"https:\/\/www.alcoawheels.com\/europe\/de\/?page_id=3772"},"modified":"2025-02-07T14:49:54","modified_gmt":"2025-02-07T13:49:54","slug":"statusverfolgung-fur-das-radregistrierungsformular","status":"publish","type":"page","link":"https:\/\/www.alcoawheels.com\/europe\/de\/statusverfolgung-fur-das-radregistrierungsformular\/","title":{"rendered":"Statusverfolgung f\u00fcr das Radregistrierungsformular"},"content":{"rendered":"\n<div class=\"wp-block-alcoa-wheels-hero-banner-innerpage hero-banner with-image layout-2 overlayEnable align- vertical-align- align-center vertical-align-center\" style=\"background-color:#eee\"><img decoding=\"async\" src=\"https:\/\/www.alcoawheels.com\/europe\/en\/wp-content\/uploads\/sites\/8\/2023\/06\/fsc-intro-banner.jpg\" alt=\"Fleet Service Center for Alcoa Wheels\" class=\"responsiveImage\"\/><div class=\"hero-banner__header\" style=\"text-align:center\"><div class=\"container\"><h1 class=\"hero-banner__header--title\">Statusverfolgung f\u00fcr das Radregistrierungsformular<\/h1><\/div><\/div><\/div>\n\n\n\n<div style=\"height:50px\" aria-hidden=\"true\" class=\"wp-block-spacer\"><\/div>\n\n\n    <div class=\"lead-status-block-frontend\" data-attributes=\"{&quot;email&quot;:&quot;Geben Sie Ihre E-Mail ein&quot;,&quot;leadId&quot;:&quot;Geben Sie die Lead-ID ein&quot;,&quot;status&quot;:&quot;Statusinformationen&quot;,&quot;resetText&quot;:&quot;L\\u00f6schen&quot;,&quot;loading&quot;:&quot;Lead-Status wird geladen\\u2026&quot;,&quot;noMatch&quot;:&quot;F\\u00fcr die angegebene E-Mail-Adresse und ID wurde keine passende Spur gefunden. Bitte \\u00fcberpr\\u00fcfen Sie Ihre Angaben und versuchen Sie es erneut.&quot;,&quot;dearCustomer&quot;:&quot;Lieber Kunde&quot;,&quot;thankYou&quot;:&quot;Den aktuellen Status Ihrer Radregistrierungs-ID finden Sie unten:&quot;,&quot;customerMessage&quot;:&quot;Der aktuelle Status Ihrer Radregistrierung ID&quot;,&quot;description&quot;:&quot;Beschreibung der Website&quot;,&quot;followMessage&quot;:&quot;F\\u00fcr weitere Informationen wenden Sie sich bitte an: &quot;,&quot;followEmail&quot;:&quot;fleet@howmet.com&quot;,&quot;followPhone&quot;:&quot;oder +3622531841 zwischen 8.00-16:30 Uhr MEZ an Werktagen.&quot;,&quot;checkboxText&quot;:&quot;Markieren Sie das K\\u00e4stchen, um unsere&quot;,&quot;privacyText&quot;:&quot;Datenschutzbestimmungen zu akzeptieren&quot;,&quot;privacyLink&quot;:&quot;\\\/europe\\\/de\\\/datenschutz\\\/&quot;,&quot;consentMessage&quot;:&quot;Mit dem Absenden dieser Anfrage erkl\\u00e4re ich mich mit der \\u00dcbermittlung meiner oben angegebenen personenbezogenen Daten an Howmet Aerospace Inc.\\nund alle von ihr kontrollierten Unternehmen in den Vereinigten Staaten von Amerika und anderswo, sowie an deren autorisierte dritte Auftragnehmer oder Vertreter, und der Verarbeitung dieser Daten zum Zweck der Beantwortung meiner Anfrage zu. Howmet Aerospace verwendet die bereitgestellten Informationen ausschlie\\u00dflich zur Beantwortung der Anfrage und speichert die Daten so lange, wie es f\\u00fcr die Bearbeitung der Anfrage unbedingt erforderlich ist. Ich best\\u00e4tige, dass ich \\u00fcber die Gr\\u00fcnde f\\u00fcr die Verarbeitung und \\u00dcbermittlung meiner personenbezogenen Daten vollst\\u00e4ndig informiert bin und alle meine Rechte in Bezug auf diese personenbezogenen Daten sowie alle geltenden Gesetze kenne. Sollte ich zu irgendeinem sp\\u00e4teren Zeitpunkt beschlie\\u00dfen, meine oben erteilte Zustimmung zur\\u00fcckzuziehen, werde ich Howmet Aerospace kontaktieren, um sie \\u00fcber diese Entscheidung zu informieren. Ich habe au\\u00dferdem das Recht, unrichtige Informationen, die von Howmet Aerospace gespeichert wurden, berichtigen zu lassen.&quot;,&quot;leadStatus&quot;:&quot;Lead Status&quot;,&quot;leadTime&quot;:&quot;Lead Time&quot;}\">\n        <form class=\"lead_form\">\n            <input type=\"email\" placeholder=\"Geben Sie Ihre E-Mail ein\" required class=\"email_input\">\n            <input type=\"text\" placeholder=\"Geben Sie die Lead-ID ein\" required>\n            <button type=\"submit\" class=\"input-group-addon submit_button\" disabled>Statusinformationen<\/button>\n            <button type=\"button\" class=\"input-group-addon reset-button\">L\u00f6schen<\/button>\n            <p class=\"field-label consent-label\"><strong>Markieren Sie das K\u00e4stchen, um unsere<\/strong> <a href=\"\/europe\/de\/datenschutz\/\" target=\"_blank\">Datenschutzbestimmungen zu akzeptieren<\/a>.<\/p>\n            <div class=\"checkbox-group\" id=\"checkbox_group\">\n                <div class=\"formbuilder-checkbox\">\n                    <input type=\"checkbox\" id=\"consent\" name=\"consent_message\" value=\"Mit dem Absenden dieser Anfrage erkl\u00e4re ich mich mit der \u00dcbermittlung meiner oben angegebenen personenbezogenen Daten an Howmet Aerospace Inc.\nund alle von ihr kontrollierten Unternehmen in den Vereinigten Staaten von Amerika und anderswo, sowie an deren autorisierte dritte Auftragnehmer oder Vertreter, und der Verarbeitung dieser Daten zum Zweck der Beantwortung meiner Anfrage zu. Howmet Aerospace verwendet die bereitgestellten Informationen ausschlie\u00dflich zur Beantwortung der Anfrage und speichert die Daten so lange, wie es f\u00fcr die Bearbeitung der Anfrage unbedingt erforderlich ist. Ich best\u00e4tige, dass ich \u00fcber die Gr\u00fcnde f\u00fcr die Verarbeitung und \u00dcbermittlung meiner personenbezogenen Daten vollst\u00e4ndig informiert bin und alle meine Rechte in Bezug auf diese personenbezogenen Daten sowie alle geltenden Gesetze kenne. Sollte ich zu irgendeinem sp\u00e4teren Zeitpunkt beschlie\u00dfen, meine oben erteilte Zustimmung zur\u00fcckzuziehen, werde ich Howmet Aerospace kontaktieren, um sie \u00fcber diese Entscheidung zu informieren. Ich habe au\u00dferdem das Recht, unrichtige Informationen, die von Howmet Aerospace gespeichert wurden, berichtigen zu lassen.\" class=\"consent_message\" required>\n                    <label for=\"consent_message\">Mit dem Absenden dieser Anfrage erkl\u00e4re ich mich mit der \u00dcbermittlung meiner oben angegebenen personenbezogenen Daten an Howmet Aerospace Inc.\nund alle von ihr kontrollierten Unternehmen in den Vereinigten Staaten von Amerika und anderswo, sowie an deren autorisierte dritte Auftragnehmer oder Vertreter, und der Verarbeitung dieser Daten zum Zweck der Beantwortung meiner Anfrage zu. Howmet Aerospace verwendet die bereitgestellten Informationen ausschlie\u00dflich zur Beantwortung der Anfrage und speichert die Daten so lange, wie es f\u00fcr die Bearbeitung der Anfrage unbedingt erforderlich ist. Ich best\u00e4tige, dass ich \u00fcber die Gr\u00fcnde f\u00fcr die Verarbeitung und \u00dcbermittlung meiner personenbezogenen Daten vollst\u00e4ndig informiert bin und alle meine Rechte in Bezug auf diese personenbezogenen Daten sowie alle geltenden Gesetze kenne. Sollte ich zu irgendeinem sp\u00e4teren Zeitpunkt beschlie\u00dfen, meine oben erteilte Zustimmung zur\u00fcckzuziehen, werde ich Howmet Aerospace kontaktieren, um sie \u00fcber diese Entscheidung zu informieren. Ich habe au\u00dferdem das Recht, unrichtige Informationen, die von Howmet Aerospace gespeichert wurden, berichtigen zu lassen.<\/label>\n                <\/div>\n            <\/div>\n        <\/form>\n        <div class=\"lead_section\"><\/div>\n    <\/div>\n\n\n\n<div style=\"height:50px\" aria-hidden=\"true\" class=\"wp-block-spacer\"><\/div>\n\n\n\n<p>M\u00f6chten Sie ein anderes Radregistrierungsformular einreichen? Dann klicken Sie bitte <a href=\"https:\/\/www.alcoawheels.com\/europe\/de\/fuhrpark-service-center\/\">hier<\/a><\/p>\n\n\n\n<p>Wenn Sie Probleme haben oder Fragen stellen m\u00f6chten, besuchen Sie bitte das <a href=\"https:\/\/www.alcoawheels.com\/europe\/de\/fsc-einfuhrung\/\">Fleet Service Center<\/a> und\/oder unseren<a href=\"https:\/\/www.alcoawheels.com\/europe\/de\/faq\/\"> FAQ-Bereich.<\/a><\/p>\n","protected":false},"excerpt":{"rendered":"<p>M\u00f6chten Sie ein anderes Radregistrierungsformular einreichen? Dann klicken Sie bitte hier Wenn Sie Probleme haben oder Fragen stellen m\u00f6chten, besuchen Sie bitte das Fleet Service Center und\/oder unseren FAQ-Bereich.<\/p>\n","protected":false},"author":44,"featured_media":0,"parent":0,"menu_order":0,"comment_status":"closed","ping_status":"closed","template":"","meta":{"_acf_changed":false,"protected_reviewer_email":"","editor_notices":[],"footnotes":""},"class_list":["post-3772","page","type-page","status-publish","hentry"],"acf":[],"yoast_head":"<!-- This site is optimized with the Yoast SEO Premium plugin v27.5 (Yoast SEO v27.5) - https:\/\/yoast.com\/product\/yoast-seo-premium-wordpress\/ -->\n<title>Statusverfolgung f\u00fcr das Radregistrierungsformular - Europe German<\/title>\n<meta name=\"robots\" content=\"index, follow, max-snippet:-1, max-image-preview:large, max-video-preview:-1\" \/>\n<link rel=\"canonical\" href=\"https:\/\/www.alcoawheels.com\/europe\/de\/statusverfolgung-fur-das-radregistrierungsformular\/\" \/>\n<meta property=\"og:locale\" content=\"en_US\" \/>\n<meta property=\"og:type\" content=\"article\" \/>\n<meta property=\"og:title\" content=\"Statusverfolgung f\u00fcr das Radregistrierungsformular\" \/>\n<meta property=\"og:description\" content=\"M\u00f6chten Sie ein anderes Radregistrierungsformular einreichen? Dann klicken Sie bitte hier Wenn Sie Probleme haben oder Fragen stellen m\u00f6chten, besuchen Sie bitte das Fleet Service Center und\/oder unseren FAQ-Bereich.\" \/>\n<meta property=\"og:url\" content=\"https:\/\/www.alcoawheels.com\/europe\/de\/statusverfolgung-fur-das-radregistrierungsformular\/\" \/>\n<meta property=\"og:site_name\" content=\"Europe German\" \/>\n<meta property=\"article:modified_time\" content=\"2025-02-07T13:49:54+00:00\" \/>\n<meta property=\"og:image\" content=\"https:\/\/www.alcoawheels.com\/europe\/en\/wp-content\/uploads\/sites\/8\/2023\/06\/fsc-intro-banner.jpg\" \/>\n<meta name=\"twitter:card\" content=\"summary_large_image\" \/>\n<meta name=\"twitter:label1\" content=\"Est. reading time\" \/>\n\t<meta name=\"twitter:data1\" content=\"1 minute\" \/>\n<script type=\"application\/ld+json\" class=\"yoast-schema-graph\">{\"@context\":\"https:\\\/\\\/schema.org\",\"@graph\":[{\"@type\":\"WebPage\",\"@id\":\"https:\\\/\\\/www.alcoawheels.com\\\/europe\\\/de\\\/statusverfolgung-fur-das-radregistrierungsformular\\\/\",\"url\":\"https:\\\/\\\/www.alcoawheels.com\\\/europe\\\/de\\\/statusverfolgung-fur-das-radregistrierungsformular\\\/\",\"name\":\"Statusverfolgung f\u00fcr das Radregistrierungsformular - Europe German\",\"isPartOf\":{\"@id\":\"https:\\\/\\\/www.alcoawheels.com\\\/europe\\\/de\\\/#website\"},\"primaryImageOfPage\":{\"@id\":\"https:\\\/\\\/www.alcoawheels.com\\\/europe\\\/de\\\/statusverfolgung-fur-das-radregistrierungsformular\\\/#primaryimage\"},\"image\":{\"@id\":\"https:\\\/\\\/www.alcoawheels.com\\\/europe\\\/de\\\/statusverfolgung-fur-das-radregistrierungsformular\\\/#primaryimage\"},\"thumbnailUrl\":\"https:\\\/\\\/www.alcoawheels.com\\\/europe\\\/en\\\/wp-content\\\/uploads\\\/sites\\\/8\\\/2023\\\/06\\\/fsc-intro-banner.jpg\",\"datePublished\":\"2024-09-17T12:28:22+00:00\",\"dateModified\":\"2025-02-07T13:49:54+00:00\",\"breadcrumb\":{\"@id\":\"https:\\\/\\\/www.alcoawheels.com\\\/europe\\\/de\\\/statusverfolgung-fur-das-radregistrierungsformular\\\/#breadcrumb\"},\"inLanguage\":\"en-US\",\"potentialAction\":[{\"@type\":\"ReadAction\",\"target\":[\"https:\\\/\\\/www.alcoawheels.com\\\/europe\\\/de\\\/statusverfolgung-fur-das-radregistrierungsformular\\\/\"]}]},{\"@type\":\"ImageObject\",\"inLanguage\":\"en-US\",\"@id\":\"https:\\\/\\\/www.alcoawheels.com\\\/europe\\\/de\\\/statusverfolgung-fur-das-radregistrierungsformular\\\/#primaryimage\",\"url\":\"https:\\\/\\\/www.alcoawheels.com\\\/europe\\\/en\\\/wp-content\\\/uploads\\\/sites\\\/8\\\/2023\\\/06\\\/fsc-intro-banner.jpg\",\"contentUrl\":\"https:\\\/\\\/www.alcoawheels.com\\\/europe\\\/en\\\/wp-content\\\/uploads\\\/sites\\\/8\\\/2023\\\/06\\\/fsc-intro-banner.jpg\"},{\"@type\":\"BreadcrumbList\",\"@id\":\"https:\\\/\\\/www.alcoawheels.com\\\/europe\\\/de\\\/statusverfolgung-fur-das-radregistrierungsformular\\\/#breadcrumb\",\"itemListElement\":[{\"@type\":\"ListItem\",\"position\":1,\"name\":\"Home\",\"item\":\"https:\\\/\\\/www.alcoawheels.com\\\/europe\\\/de\\\/\"},{\"@type\":\"ListItem\",\"position\":2,\"name\":\"Statusverfolgung f\u00fcr das Radregistrierungsformular\"}]},{\"@type\":\"WebSite\",\"@id\":\"https:\\\/\\\/www.alcoawheels.com\\\/europe\\\/de\\\/#website\",\"url\":\"https:\\\/\\\/www.alcoawheels.com\\\/europe\\\/de\\\/\",\"name\":\"Europe German\",\"description\":\"\",\"publisher\":{\"@id\":\"https:\\\/\\\/www.alcoawheels.com\\\/europe\\\/de\\\/#organization\"},\"potentialAction\":[{\"@type\":\"SearchAction\",\"target\":{\"@type\":\"EntryPoint\",\"urlTemplate\":\"https:\\\/\\\/www.alcoawheels.com\\\/europe\\\/de\\\/?s={search_term_string}\"},\"query-input\":{\"@type\":\"PropertyValueSpecification\",\"valueRequired\":true,\"valueName\":\"search_term_string\"}}],\"inLanguage\":\"en-US\"},{\"@type\":\"Organization\",\"@id\":\"https:\\\/\\\/www.alcoawheels.com\\\/europe\\\/de\\\/#organization\",\"name\":\"Europe German\",\"url\":\"https:\\\/\\\/www.alcoawheels.com\\\/europe\\\/de\\\/\",\"logo\":{\"@type\":\"ImageObject\",\"inLanguage\":\"en-US\",\"@id\":\"https:\\\/\\\/www.alcoawheels.com\\\/europe\\\/de\\\/#\\\/schema\\\/logo\\\/image\\\/\",\"url\":\"https:\\\/\\\/www.alcoawheels.com\\\/europe\\\/de\\\/wp-content\\\/uploads\\\/sites\\\/11\\\/2023\\\/05\\\/logo-black.gif\",\"contentUrl\":\"https:\\\/\\\/www.alcoawheels.com\\\/europe\\\/de\\\/wp-content\\\/uploads\\\/sites\\\/11\\\/2023\\\/05\\\/logo-black.gif\",\"width\":71,\"height\":64,\"caption\":\"Europe German\"},\"image\":{\"@id\":\"https:\\\/\\\/www.alcoawheels.com\\\/europe\\\/de\\\/#\\\/schema\\\/logo\\\/image\\\/\"}}]}<\/script>\n<!-- \/ Yoast SEO Premium plugin. -->","yoast_head_json":{"title":"Statusverfolgung f\u00fcr das Radregistrierungsformular - Europe German","robots":{"index":"index","follow":"follow","max-snippet":"max-snippet:-1","max-image-preview":"max-image-preview:large","max-video-preview":"max-video-preview:-1"},"canonical":"https:\/\/www.alcoawheels.com\/europe\/de\/statusverfolgung-fur-das-radregistrierungsformular\/","og_locale":"en_US","og_type":"article","og_title":"Statusverfolgung f\u00fcr das Radregistrierungsformular","og_description":"M\u00f6chten Sie ein anderes Radregistrierungsformular einreichen? Dann klicken Sie bitte hier Wenn Sie Probleme haben oder Fragen stellen m\u00f6chten, besuchen Sie bitte das Fleet Service Center und\/oder unseren FAQ-Bereich.","og_url":"https:\/\/www.alcoawheels.com\/europe\/de\/statusverfolgung-fur-das-radregistrierungsformular\/","og_site_name":"Europe German","article_modified_time":"2025-02-07T13:49:54+00:00","og_image":[{"url":"https:\/\/www.alcoawheels.com\/europe\/en\/wp-content\/uploads\/sites\/8\/2023\/06\/fsc-intro-banner.jpg","type":"","width":"","height":""}],"twitter_card":"summary_large_image","twitter_misc":{"Est. reading time":"1 minute"},"schema":{"@context":"https:\/\/schema.org","@graph":[{"@type":"WebPage","@id":"https:\/\/www.alcoawheels.com\/europe\/de\/statusverfolgung-fur-das-radregistrierungsformular\/","url":"https:\/\/www.alcoawheels.com\/europe\/de\/statusverfolgung-fur-das-radregistrierungsformular\/","name":"Statusverfolgung f\u00fcr das Radregistrierungsformular - Europe German","isPartOf":{"@id":"https:\/\/www.alcoawheels.com\/europe\/de\/#website"},"primaryImageOfPage":{"@id":"https:\/\/www.alcoawheels.com\/europe\/de\/statusverfolgung-fur-das-radregistrierungsformular\/#primaryimage"},"image":{"@id":"https:\/\/www.alcoawheels.com\/europe\/de\/statusverfolgung-fur-das-radregistrierungsformular\/#primaryimage"},"thumbnailUrl":"https:\/\/www.alcoawheels.com\/europe\/en\/wp-content\/uploads\/sites\/8\/2023\/06\/fsc-intro-banner.jpg","datePublished":"2024-09-17T12:28:22+00:00","dateModified":"2025-02-07T13:49:54+00:00","breadcrumb":{"@id":"https:\/\/www.alcoawheels.com\/europe\/de\/statusverfolgung-fur-das-radregistrierungsformular\/#breadcrumb"},"inLanguage":"en-US","potentialAction":[{"@type":"ReadAction","target":["https:\/\/www.alcoawheels.com\/europe\/de\/statusverfolgung-fur-das-radregistrierungsformular\/"]}]},{"@type":"ImageObject","inLanguage":"en-US","@id":"https:\/\/www.alcoawheels.com\/europe\/de\/statusverfolgung-fur-das-radregistrierungsformular\/#primaryimage","url":"https:\/\/www.alcoawheels.com\/europe\/en\/wp-content\/uploads\/sites\/8\/2023\/06\/fsc-intro-banner.jpg","contentUrl":"https:\/\/www.alcoawheels.com\/europe\/en\/wp-content\/uploads\/sites\/8\/2023\/06\/fsc-intro-banner.jpg"},{"@type":"BreadcrumbList","@id":"https:\/\/www.alcoawheels.com\/europe\/de\/statusverfolgung-fur-das-radregistrierungsformular\/#breadcrumb","itemListElement":[{"@type":"ListItem","position":1,"name":"Home","item":"https:\/\/www.alcoawheels.com\/europe\/de\/"},{"@type":"ListItem","position":2,"name":"Statusverfolgung f\u00fcr das Radregistrierungsformular"}]},{"@type":"WebSite","@id":"https:\/\/www.alcoawheels.com\/europe\/de\/#website","url":"https:\/\/www.alcoawheels.com\/europe\/de\/","name":"Europe German","description":"","publisher":{"@id":"https:\/\/www.alcoawheels.com\/europe\/de\/#organization"},"potentialAction":[{"@type":"SearchAction","target":{"@type":"EntryPoint","urlTemplate":"https:\/\/www.alcoawheels.com\/europe\/de\/?s={search_term_string}"},"query-input":{"@type":"PropertyValueSpecification","valueRequired":true,"valueName":"search_term_string"}}],"inLanguage":"en-US"},{"@type":"Organization","@id":"https:\/\/www.alcoawheels.com\/europe\/de\/#organization","name":"Europe German","url":"https:\/\/www.alcoawheels.com\/europe\/de\/","logo":{"@type":"ImageObject","inLanguage":"en-US","@id":"https:\/\/www.alcoawheels.com\/europe\/de\/#\/schema\/logo\/image\/","url":"https:\/\/www.alcoawheels.com\/europe\/de\/wp-content\/uploads\/sites\/11\/2023\/05\/logo-black.gif","contentUrl":"https:\/\/www.alcoawheels.com\/europe\/de\/wp-content\/uploads\/sites\/11\/2023\/05\/logo-black.gif","width":71,"height":64,"caption":"Europe German"},"image":{"@id":"https:\/\/www.alcoawheels.com\/europe\/de\/#\/schema\/logo\/image\/"}}]}},"parsely":{"version":"1.1.0","canonical_url":"https:\/\/alcoawheels.com\/europe\/de\/statusverfolgung-fur-das-radregistrierungsformular\/","smart_links":{"inbound":0,"outbound":0},"traffic_boost_suggestions_count":0,"meta":{"@context":"https:\/\/schema.org","@type":"WebPage","headline":"Statusverfolgung f\u00fcr das Radregistrierungsformular","url":"http:\/\/www.alcoawheels.com\/europe\/de\/statusverfolgung-fur-das-radregistrierungsformular\/","mainEntityOfPage":{"@type":"WebPage","@id":"http:\/\/www.alcoawheels.com\/europe\/de\/statusverfolgung-fur-das-radregistrierungsformular\/"},"thumbnailUrl":"","image":{"@type":"ImageObject","url":""},"articleSection":"Uncategorized","author":[{"@type":"Person","name":"howmet"}],"creator":["howmet"],"publisher":{"@type":"Organization","name":"Europe German","logo":""},"keywords":[],"dateCreated":"2024-09-17T12:28:22Z","datePublished":"2024-09-17T12:28:22Z","dateModified":"2025-02-07T13:49:54Z"},"rendered":"<script type=\"application\/ld+json\" class=\"wp-parsely-metadata\">{\"@context\":\"https:\\\/\\\/schema.org\",\"@type\":\"WebPage\",\"headline\":\"Statusverfolgung f\\u00fcr das Radregistrierungsformular\",\"url\":\"http:\\\/\\\/www.alcoawheels.com\\\/europe\\\/de\\\/statusverfolgung-fur-das-radregistrierungsformular\\\/\",\"mainEntityOfPage\":{\"@type\":\"WebPage\",\"@id\":\"http:\\\/\\\/www.alcoawheels.com\\\/europe\\\/de\\\/statusverfolgung-fur-das-radregistrierungsformular\\\/\"},\"thumbnailUrl\":\"\",\"image\":{\"@type\":\"ImageObject\",\"url\":\"\"},\"articleSection\":\"Uncategorized\",\"author\":[{\"@type\":\"Person\",\"name\":\"howmet\"}],\"creator\":[\"howmet\"],\"publisher\":{\"@type\":\"Organization\",\"name\":\"Europe German\",\"logo\":\"\"},\"keywords\":[],\"dateCreated\":\"2024-09-17T12:28:22Z\",\"datePublished\":\"2024-09-17T12:28:22Z\",\"dateModified\":\"2025-02-07T13:49:54Z\"}<\/script>","tracker_url":"https:\/\/cdn.parsely.com\/keys\/alcoawheels.com\/p.js"},"jetpack_sharing_enabled":true,"_links":{"self":[{"href":"https:\/\/www.alcoawheels.com\/europe\/de\/wp-json\/wp\/v2\/pages\/3772","targetHints":{"allow":["GET"]}}],"collection":[{"href":"https:\/\/www.alcoawheels.com\/europe\/de\/wp-json\/wp\/v2\/pages"}],"about":[{"href":"https:\/\/www.alcoawheels.com\/europe\/de\/wp-json\/wp\/v2\/types\/page"}],"author":[{"embeddable":true,"href":"https:\/\/www.alcoawheels.com\/europe\/de\/wp-json\/wp\/v2\/users\/44"}],"replies":[{"embeddable":true,"href":"https:\/\/www.alcoawheels.com\/europe\/de\/wp-json\/wp\/v2\/comments?post=3772"}],"version-history":[{"count":10,"href":"https:\/\/www.alcoawheels.com\/europe\/de\/wp-json\/wp\/v2\/pages\/3772\/revisions"}],"predecessor-version":[{"id":3877,"href":"https:\/\/www.alcoawheels.com\/europe\/de\/wp-json\/wp\/v2\/pages\/3772\/revisions\/3877"}],"wp:attachment":[{"href":"https:\/\/www.alcoawheels.com\/europe\/de\/wp-json\/wp\/v2\/media?parent=3772"}],"curies":[{"name":"wp","href":"https:\/\/api.w.org\/{rel}","templated":true}]}}