{"id":15,"date":"2023-05-25T18:34:56","date_gmt":"2023-05-25T18:34:56","guid":{"rendered":"https:\/\/www.alcoawheels.com\/europe\/es\/?page_id=15"},"modified":"2025-11-20T19:52:47","modified_gmt":"2025-11-20T18:52:47","slug":"aplicaciones","status":"publish","type":"page","link":"https:\/\/www.alcoawheels.com\/europe\/es\/aplicaciones\/","title":{"rendered":"Aplicaciones"},"content":{"rendered":"\n<div class=\"wp-block-alcoa-wheels-hero-banner-innerpage hero-banner with-image layout-2 overlayEnable align- vertical-align- align-center vertical-align-center\" style=\"background-color:#eee\"><img decoding=\"async\" src=\"https:\/\/www.alcoawheels.com\/europe\/es\/wp-content\/uploads\/sites\/8\/2023\/06\/applications-banner.jpeg\" alt=\"Alcoa Wheels application\" class=\"responsiveImage\"\/><div class=\"hero-banner__header\" style=\"text-align:center\"><div class=\"container\"><h1 class=\"hero-banner__header--title\">Aplicaciones<\/h1><\/div><\/div><\/div>\n\n\n\n<div style=\"height:50px\" aria-hidden=\"true\" class=\"wp-block-spacer spacer-fifty\"><\/div>\n\n\n\n<h2 class=\"wp-block-heading has-text-align-center\" id=\"Carga-pesada\">Camiones y remolques de servicio mediano y pesado<\/h2>\n\n\n\n<div style=\"height:50px\" aria-hidden=\"true\" class=\"wp-block-spacer spacer-fifty\"><\/div>\n\n\n\n<div class=\"wp-block-alcoa-wheels-zigzag media-list__body\" id=\"zigzag-main-f09c56b9-a904-418f-a4c8-bee3ab7dd016\"><div class=\"media-list__body_main  vertical-align-center  fullWidth\">\n<div class=\"wp-block-alcoa-wheels-zigzag-item media-list-item\"><div class=\"media-list-item__box_content\"><div class=\"media-list-item__box_content_inner\">\n<p>Experimente\u00a0<a href=\"\/europe\/es\/beneficios\/#Ahorro-de-peso\">ahorro de peso<\/a>, resistencia optimizada y durabilidad para aplicaciones en camiones y remolques. Las llantas Alcoa<sup>\u00ae<\/sup> pueden contribuir a:<\/p>\n\n\n\n<div id=\"list-1a4dc011-8bf5-43b2-814c-924cc6fdd292\" class=\"wp-block-alcoa-wheels-list-basic list\"><style>#list-1a4dc011-8bf5-43b2-814c-924cc6fdd292 .listul.with-icn li span.list--item:before{background-image:url(https:\/\/www.alcoawheels.com\/europe\/es\/wp-content\/uploads\/sites\/12\/2023\/05\/wheel-bullet.jpg);}<\/style><ul class=\"listul with-icn\"><li><span class=\"list--item\">Mayor productividad<\/span><\/li><li><span class=\"list--item\">Menor mantenimiento<\/span><\/li><li><span class=\"list--item\">Menores costes de explotaci\u00f3n<\/span><\/li><li><span class=\"list--item\">Menores emisiones de CO<sub>2<\/sub><\/span><\/li><li><span class=\"list--item\">Mejor imagen<\/span><\/li><\/ul><\/div>\n\n\n\n<p>Sean cuales sean sus desaf\u00edos, ofrecemos una amplia gama de soluciones. Cada llanta Alcoa<sup>\u00ae<\/sup> contribuye a optimizar la resistencia y la durabilidad, a la vez que reduce el peso para una mayor carga \u00fatil.<\/p>\n\n\n\n<p>Disponemos de varios tama\u00f1os, opciones de acabado y tratamientos de superficie para sus aplicaciones espec\u00edficas.<\/p>\n\n\n\n<p>&nbsp;Pulse&nbsp;<a href=\"\/europe\/es\/gama-de-llantas\">aqu\u00ed<\/a><a href=\"https:\/\/www.alcoawheels.com\/alcoawheels\/europe\/es\/gama-de-llantas.asp\">&nbsp;<\/a>para recibir m\u00e1s informaci\u00f3n sobre nuestra gama de llantas.<\/p>\n<\/div><\/div><div class=\"media-list-item__box_image\"><img loading=\"lazy\" decoding=\"async\" width=\"800\" height=\"800\" src=\"https:\/\/www.alcoawheels.com\/europe\/es\/wp-content\/uploads\/sites\/8\/2023\/06\/applications-heavy-duty.jpg\" alt=\"Heavy duty trucks &amp; trailers example\"\/><\/div><\/div>\n<\/div><\/div>\n\n\n\n<div style=\"height:50px\" aria-hidden=\"true\" class=\"wp-block-spacer spacer-fifty\"><\/div>\n\n\n\n<hr class=\"wp-block-separator has-text-color has-alpha-channel-opacity has-background is-style-wide\" style=\"background-color:#cccccc;color:#cccccc\"\/>\n\n\n\n<div style=\"height:50px\" aria-hidden=\"true\" class=\"wp-block-spacer spacer-fifty\"><\/div>\n\n\n\n<h2 class=\"wp-block-heading has-text-align-center\" id=\"autobuses-urbanos-interurbanos-autocares\">Autobuses urbanos, autobuses interurbanos y autocares<\/h2>\n\n\n\n<div style=\"height:50px\" aria-hidden=\"true\" class=\"wp-block-spacer spacer-fifty\"><\/div>\n\n\n\n<div class=\"wp-block-alcoa-wheels-zigzag media-list__body\" id=\"zigzag-main-f09c56b9-a904-418f-a4c8-bee3ab7dd016\"><div class=\"media-list__body_main  vertical-align-center  fullWidth\">\n<div class=\"wp-block-alcoa-wheels-zigzag-item media-list-item\"><div class=\"media-list-item__box_content\"><div class=\"media-list-item__box_content_inner\">\n<p>Las llantas Alcoa<sup>\u00ae<\/sup> pueden contribuir a<\/p>\n\n\n\n<div id=\"list-43d344b6-dda2-4db5-be64-67f79e2db974\" class=\"wp-block-alcoa-wheels-list-basic list\"><style>#list-43d344b6-dda2-4db5-be64-67f79e2db974 .listul.with-icn li span.list--item:before{background-image:url(https:\/\/www.alcoawheels.com\/europe\/es\/wp-content\/uploads\/sites\/12\/2023\/05\/wheel-bullet.jpg);}<\/style><ul class=\"listul with-icn\"><li><span class=\"list--item\">Mejor rendimiento del veh\u00edculo<\/span><\/li><li><span class=\"list--item\">Mejor imagen<\/span><\/li><li><span class=\"list--item\">Menor mantenimiento<\/span><\/li><li><span class=\"list--item\"><a href=\"\/europe\/es\/beneficios\/#Ahorro-de-peso\">Menor peso<\/a><\/span><\/li><li><span class=\"list--item\">Menores costes de explotaci\u00f3n<\/span><\/li><li><span class=\"list--item\">Reducci\u00f3n de CO2 equivalente<\/span><\/li><\/ul><\/div>\n\n\n\n<p>No importa cu\u00e1les sean sus desaf\u00edos, ofrecemos una amplia gama de soluciones.<\/p>\n\n\n\n<p>Disponemos de varios tama\u00f1os, opciones de acabado y tratamientos de superficie para sus aplicaciones espec\u00edficas de autob\u00fas o autocar.<\/p>\n\n\n\n<p>Pulse&nbsp;<a href=\"\/europe\/es\/gama-de-llantas\">aqu\u00ed<\/a><a href=\"https:\/\/www.alcoawheels.com\/alcoawheels\/europe\/es\/gama-de-llantas.asp\">&nbsp;<\/a>para recibir m\u00e1s informaci\u00f3n sobre nuestra gama de llantas.<\/p>\n<\/div><\/div><div class=\"media-list-item__box_image\"><img loading=\"lazy\" decoding=\"async\" width=\"800\" height=\"689\" src=\"https:\/\/www.alcoawheels.com\/europe\/es\/wp-content\/uploads\/sites\/8\/2023\/06\/applications-bus.jpg\" alt=\"City bus, intercity bus &amp; coach example\"\/><\/div><\/div>\n<\/div><\/div>\n\n\n\n<div style=\"height:50px\" aria-hidden=\"true\" class=\"wp-block-spacer spacer-fifty\"><\/div>\n\n\n\n<div class=\"wp-block-alcoa-wheels-card-usecase-1 card-box-v1__body with-icon align-center vertical-align-center\" id=\"card_box_v1-b155eb31-beee-4e8c-af40-b6a4f2e709f7\"><div class=\"fullwidthcontainer\"><div class=\"card-box-v1__boxes has-4-columns\"><div class=\"card-box-v1__box  with-link \" style=\"background-color:#00afb9\"><img decoding=\"async\" src=\"https:\/\/www.alcoawheels.com\/europe\/es\/wp-content\/themes\/alcoa-wheels\/assets\/build\/js\/blocks\/card-usecase-1\/..\/..\/..\/images\/placeholder-image.db2b4d5c.jpeg\" alt=\"Contacto\"\/><div class=\"card-box-v1__box__inner pos-abs\"><div class=\"card-box-v1__box_icon\"><img loading=\"lazy\" decoding=\"async\" width=\"171\" height=\"171\" src=\"https:\/\/www.alcoawheels.com\/europe\/es\/wp-content\/uploads\/sites\/12\/2023\/06\/contact.png\" alt=\"\"\/><\/div><div class=\"card-box-v1__box_content\"><h4 style=\"color:#ffffff\">Contacto<\/h4><\/div><div class=\"btn-wrap\"><\/div><\/div><a href=\"\/europe\/es\/contacto\" aria-label=\"Contacto\"><\/a><\/div><div class=\"card-box-v1__box  with-link \" style=\"background-color:#34bfc7\"><img decoding=\"async\" src=\"https:\/\/www.alcoawheels.com\/europe\/es\/wp-content\/themes\/alcoa-wheels\/assets\/build\/js\/blocks\/card-usecase-1\/..\/..\/..\/images\/placeholder-image.db2b4d5c.jpeg\" alt=\"Gama de llantas\"\/><div class=\"card-box-v1__box__inner pos-abs\"><div class=\"card-box-v1__box_icon\"><img loading=\"lazy\" decoding=\"async\" width=\"169\" height=\"169\" src=\"https:\/\/www.alcoawheels.com\/europe\/es\/wp-content\/uploads\/sites\/12\/2023\/06\/product-search.png\" alt=\"\"\/><\/div><div class=\"card-box-v1__box_content\"><h4 style=\"color:#ffffff\">Gama de llantas<\/h4><\/div><div class=\"btn-wrap\"><\/div><\/div><a href=\"\/europe\/es\/gama-de-llantas\" aria-label=\"Gama de llantas\"><\/a><\/div><div class=\"card-box-v1__box  with-link \" style=\"background-color:#00afb9\"><img decoding=\"async\" src=\"https:\/\/www.alcoawheels.com\/europe\/es\/wp-content\/themes\/alcoa-wheels\/assets\/build\/js\/blocks\/card-usecase-1\/..\/..\/..\/images\/placeholder-image.db2b4d5c.jpeg\" alt=\"D\u00f3nde comprar\"\/><div class=\"card-box-v1__box__inner pos-abs\"><div class=\"card-box-v1__box_icon\"><img loading=\"lazy\" decoding=\"async\" width=\"169\" height=\"169\" src=\"https:\/\/www.alcoawheels.com\/europe\/es\/wp-content\/uploads\/sites\/12\/2023\/06\/where-to-buy.png\" alt=\"\"\/><\/div><div class=\"card-box-v1__box_content\"><h4 style=\"color:#ffffff\">D\u00f3nde comprar<\/h4><\/div><div class=\"btn-wrap\"><\/div><\/div><a href=\"\/europe\/es\/donde-comprar\" aria-label=\"D\u00f3nde comprar\"><\/a><\/div><div class=\"card-box-v1__box  with-link \" style=\"background-color:#34bfc7\"><img decoding=\"async\" src=\"https:\/\/www.alcoawheels.com\/europe\/es\/wp-content\/themes\/alcoa-wheels\/assets\/build\/js\/blocks\/card-usecase-1\/..\/..\/..\/images\/placeholder-image.db2b4d5c.jpeg\" alt=\"Documentaci\u00f3n Producto\"\/><div class=\"card-box-v1__box__inner pos-abs\"><div class=\"card-box-v1__box_icon\"><img loading=\"lazy\" decoding=\"async\" width=\"169\" height=\"169\" src=\"https:\/\/www.alcoawheels.com\/europe\/es\/wp-content\/uploads\/sites\/12\/2023\/06\/product-literature.png\" alt=\"\"\/><\/div><div class=\"card-box-v1__box_content\"><h4 style=\"color:#ffffff\">Documentaci\u00f3n Producto<\/h4><\/div><div class=\"btn-wrap\"><\/div><\/div><a href=\"\/europe\/es\/documentacion-producto\" aria-label=\"Documentaci\u00f3n Producto\"><\/a><\/div><\/div><\/div><\/div>\n","protected":false},"excerpt":{"rendered":"<p>Camiones y remolques de servicio mediano y pesado Autobuses urbanos, autobuses interurbanos y autocares<\/p>\n","protected":false},"author":44,"featured_media":0,"parent":0,"menu_order":0,"comment_status":"closed","ping_status":"closed","template":"","meta":{"_acf_changed":false,"protected_reviewer_email":"","editor_notices":[],"footnotes":""},"class_list":["post-15","page","type-page","status-publish","hentry"],"acf":[],"yoast_head":"<!-- This site is optimized with the Yoast SEO Premium plugin v27.3 (Yoast SEO v27.3) - https:\/\/yoast.com\/product\/yoast-seo-premium-wordpress\/ -->\n<title>Aplicaciones | Alcoa Wheels<\/title>\n<meta name=\"description\" content=\"Las llantas Alcoa\u00ae Wheels est\u00e1n disponibles en m\u00faltiples tama\u00f1os, opciones de acabado y tratamientos superficiales para su aplicaci\u00f3n espec\u00edfica. Tenemos soluciones para camiones y remolques para cargas pesadas y medias as\u00ed como para autobuses urbanos, autobuses interurbanos y autocares.\" \/>\n<meta name=\"robots\" content=\"index, follow, max-snippet:-1, max-image-preview:large, max-video-preview:-1\" \/>\n<link rel=\"canonical\" href=\"https:\/\/www.alcoawheels.com\/europe\/es\/aplicaciones\/\" \/>\n<meta property=\"og:locale\" content=\"en_US\" \/>\n<meta property=\"og:type\" content=\"article\" \/>\n<meta property=\"og:title\" content=\"Aplicaciones\" \/>\n<meta property=\"og:description\" content=\"Las llantas Alcoa\u00ae Wheels est\u00e1n disponibles en m\u00faltiples tama\u00f1os, opciones de acabado y tratamientos superficiales para su aplicaci\u00f3n espec\u00edfica. Tenemos soluciones para camiones y remolques para cargas pesadas y medias as\u00ed como para autobuses urbanos, autobuses interurbanos y autocares.\" \/>\n<meta property=\"og:url\" content=\"https:\/\/www.alcoawheels.com\/europe\/es\/aplicaciones\/\" \/>\n<meta property=\"og:site_name\" content=\"Europe Spanish\" \/>\n<meta property=\"article:modified_time\" content=\"2025-11-20T18:52:47+00:00\" \/>\n<meta property=\"og:image\" content=\"https:\/\/www.alcoawheels.com\/europe\/es\/wp-content\/uploads\/sites\/8\/2023\/06\/applications-banner.jpeg\" \/>\n<meta name=\"twitter:card\" content=\"summary_large_image\" \/>\n<meta name=\"twitter:label1\" content=\"Est. reading time\" \/>\n\t<meta name=\"twitter:data1\" content=\"4 minutes\" \/>\n<script type=\"application\/ld+json\" class=\"yoast-schema-graph\">{\"@context\":\"https:\\\/\\\/schema.org\",\"@graph\":[{\"@type\":\"WebPage\",\"@id\":\"https:\\\/\\\/www.alcoawheels.com\\\/europe\\\/es\\\/aplicaciones\\\/\",\"url\":\"https:\\\/\\\/www.alcoawheels.com\\\/europe\\\/es\\\/aplicaciones\\\/\",\"name\":\"Aplicaciones | Alcoa Wheels\",\"isPartOf\":{\"@id\":\"https:\\\/\\\/www.alcoawheels.com\\\/europe\\\/es\\\/#website\"},\"primaryImageOfPage\":{\"@id\":\"https:\\\/\\\/www.alcoawheels.com\\\/europe\\\/es\\\/aplicaciones\\\/#primaryimage\"},\"image\":{\"@id\":\"https:\\\/\\\/www.alcoawheels.com\\\/europe\\\/es\\\/aplicaciones\\\/#primaryimage\"},\"thumbnailUrl\":\"https:\\\/\\\/www.alcoawheels.com\\\/europe\\\/es\\\/wp-content\\\/uploads\\\/sites\\\/8\\\/2023\\\/06\\\/applications-banner.jpeg\",\"datePublished\":\"2023-05-25T18:34:56+00:00\",\"dateModified\":\"2025-11-20T18:52:47+00:00\",\"description\":\"Las llantas Alcoa\u00ae Wheels est\u00e1n disponibles en m\u00faltiples tama\u00f1os, opciones de acabado y tratamientos superficiales para su aplicaci\u00f3n espec\u00edfica. Tenemos soluciones para camiones y remolques para cargas pesadas y medias as\u00ed como para autobuses urbanos, autobuses interurbanos y autocares.\",\"breadcrumb\":{\"@id\":\"https:\\\/\\\/www.alcoawheels.com\\\/europe\\\/es\\\/aplicaciones\\\/#breadcrumb\"},\"inLanguage\":\"en-US\",\"potentialAction\":[{\"@type\":\"ReadAction\",\"target\":[\"https:\\\/\\\/www.alcoawheels.com\\\/europe\\\/es\\\/aplicaciones\\\/\"]}]},{\"@type\":\"ImageObject\",\"inLanguage\":\"en-US\",\"@id\":\"https:\\\/\\\/www.alcoawheels.com\\\/europe\\\/es\\\/aplicaciones\\\/#primaryimage\",\"url\":\"https:\\\/\\\/www.alcoawheels.com\\\/europe\\\/es\\\/wp-content\\\/uploads\\\/sites\\\/8\\\/2023\\\/06\\\/applications-banner.jpeg\",\"contentUrl\":\"https:\\\/\\\/www.alcoawheels.com\\\/europe\\\/es\\\/wp-content\\\/uploads\\\/sites\\\/8\\\/2023\\\/06\\\/applications-banner.jpeg\"},{\"@type\":\"BreadcrumbList\",\"@id\":\"https:\\\/\\\/www.alcoawheels.com\\\/europe\\\/es\\\/aplicaciones\\\/#breadcrumb\",\"itemListElement\":[{\"@type\":\"ListItem\",\"position\":1,\"name\":\"Home\",\"item\":\"https:\\\/\\\/www.alcoawheels.com\\\/europe\\\/es\\\/\"},{\"@type\":\"ListItem\",\"position\":2,\"name\":\"Aplicaciones\"}]},{\"@type\":\"WebSite\",\"@id\":\"https:\\\/\\\/www.alcoawheels.com\\\/europe\\\/es\\\/#website\",\"url\":\"https:\\\/\\\/www.alcoawheels.com\\\/europe\\\/es\\\/\",\"name\":\"Europe Spanish\",\"description\":\"\",\"publisher\":{\"@id\":\"https:\\\/\\\/www.alcoawheels.com\\\/europe\\\/es\\\/#organization\"},\"potentialAction\":[{\"@type\":\"SearchAction\",\"target\":{\"@type\":\"EntryPoint\",\"urlTemplate\":\"https:\\\/\\\/www.alcoawheels.com\\\/europe\\\/es\\\/?s={search_term_string}\"},\"query-input\":{\"@type\":\"PropertyValueSpecification\",\"valueRequired\":true,\"valueName\":\"search_term_string\"}}],\"inLanguage\":\"en-US\"},{\"@type\":\"Organization\",\"@id\":\"https:\\\/\\\/www.alcoawheels.com\\\/europe\\\/es\\\/#organization\",\"name\":\"Europe Spanish\",\"url\":\"https:\\\/\\\/www.alcoawheels.com\\\/europe\\\/es\\\/\",\"logo\":{\"@type\":\"ImageObject\",\"inLanguage\":\"en-US\",\"@id\":\"https:\\\/\\\/www.alcoawheels.com\\\/europe\\\/es\\\/#\\\/schema\\\/logo\\\/image\\\/\",\"url\":\"https:\\\/\\\/www.alcoawheels.com\\\/europe\\\/es\\\/wp-content\\\/uploads\\\/sites\\\/12\\\/2023\\\/05\\\/logo-black.gif\",\"contentUrl\":\"https:\\\/\\\/www.alcoawheels.com\\\/europe\\\/es\\\/wp-content\\\/uploads\\\/sites\\\/12\\\/2023\\\/05\\\/logo-black.gif\",\"width\":71,\"height\":64,\"caption\":\"Europe Spanish\"},\"image\":{\"@id\":\"https:\\\/\\\/www.alcoawheels.com\\\/europe\\\/es\\\/#\\\/schema\\\/logo\\\/image\\\/\"}}]}<\/script>\n<!-- \/ Yoast SEO Premium plugin. -->","yoast_head_json":{"title":"Aplicaciones | Alcoa Wheels","description":"Las llantas Alcoa\u00ae Wheels est\u00e1n disponibles en m\u00faltiples tama\u00f1os, opciones de acabado y tratamientos superficiales para su aplicaci\u00f3n espec\u00edfica. Tenemos soluciones para camiones y remolques para cargas pesadas y medias as\u00ed como para autobuses urbanos, autobuses interurbanos y autocares.","robots":{"index":"index","follow":"follow","max-snippet":"max-snippet:-1","max-image-preview":"max-image-preview:large","max-video-preview":"max-video-preview:-1"},"canonical":"https:\/\/www.alcoawheels.com\/europe\/es\/aplicaciones\/","og_locale":"en_US","og_type":"article","og_title":"Aplicaciones","og_description":"Las llantas Alcoa\u00ae Wheels est\u00e1n disponibles en m\u00faltiples tama\u00f1os, opciones de acabado y tratamientos superficiales para su aplicaci\u00f3n espec\u00edfica. Tenemos soluciones para camiones y remolques para cargas pesadas y medias as\u00ed como para autobuses urbanos, autobuses interurbanos y autocares.","og_url":"https:\/\/www.alcoawheels.com\/europe\/es\/aplicaciones\/","og_site_name":"Europe Spanish","article_modified_time":"2025-11-20T18:52:47+00:00","og_image":[{"url":"https:\/\/www.alcoawheels.com\/europe\/es\/wp-content\/uploads\/sites\/8\/2023\/06\/applications-banner.jpeg","type":"","width":"","height":""}],"twitter_card":"summary_large_image","twitter_misc":{"Est. reading time":"4 minutes"},"schema":{"@context":"https:\/\/schema.org","@graph":[{"@type":"WebPage","@id":"https:\/\/www.alcoawheels.com\/europe\/es\/aplicaciones\/","url":"https:\/\/www.alcoawheels.com\/europe\/es\/aplicaciones\/","name":"Aplicaciones | Alcoa Wheels","isPartOf":{"@id":"https:\/\/www.alcoawheels.com\/europe\/es\/#website"},"primaryImageOfPage":{"@id":"https:\/\/www.alcoawheels.com\/europe\/es\/aplicaciones\/#primaryimage"},"image":{"@id":"https:\/\/www.alcoawheels.com\/europe\/es\/aplicaciones\/#primaryimage"},"thumbnailUrl":"https:\/\/www.alcoawheels.com\/europe\/es\/wp-content\/uploads\/sites\/8\/2023\/06\/applications-banner.jpeg","datePublished":"2023-05-25T18:34:56+00:00","dateModified":"2025-11-20T18:52:47+00:00","description":"Las llantas Alcoa\u00ae Wheels est\u00e1n disponibles en m\u00faltiples tama\u00f1os, opciones de acabado y tratamientos superficiales para su aplicaci\u00f3n espec\u00edfica. Tenemos soluciones para camiones y remolques para cargas pesadas y medias as\u00ed como para autobuses urbanos, autobuses interurbanos y autocares.","breadcrumb":{"@id":"https:\/\/www.alcoawheels.com\/europe\/es\/aplicaciones\/#breadcrumb"},"inLanguage":"en-US","potentialAction":[{"@type":"ReadAction","target":["https:\/\/www.alcoawheels.com\/europe\/es\/aplicaciones\/"]}]},{"@type":"ImageObject","inLanguage":"en-US","@id":"https:\/\/www.alcoawheels.com\/europe\/es\/aplicaciones\/#primaryimage","url":"https:\/\/www.alcoawheels.com\/europe\/es\/wp-content\/uploads\/sites\/8\/2023\/06\/applications-banner.jpeg","contentUrl":"https:\/\/www.alcoawheels.com\/europe\/es\/wp-content\/uploads\/sites\/8\/2023\/06\/applications-banner.jpeg"},{"@type":"BreadcrumbList","@id":"https:\/\/www.alcoawheels.com\/europe\/es\/aplicaciones\/#breadcrumb","itemListElement":[{"@type":"ListItem","position":1,"name":"Home","item":"https:\/\/www.alcoawheels.com\/europe\/es\/"},{"@type":"ListItem","position":2,"name":"Aplicaciones"}]},{"@type":"WebSite","@id":"https:\/\/www.alcoawheels.com\/europe\/es\/#website","url":"https:\/\/www.alcoawheels.com\/europe\/es\/","name":"Europe Spanish","description":"","publisher":{"@id":"https:\/\/www.alcoawheels.com\/europe\/es\/#organization"},"potentialAction":[{"@type":"SearchAction","target":{"@type":"EntryPoint","urlTemplate":"https:\/\/www.alcoawheels.com\/europe\/es\/?s={search_term_string}"},"query-input":{"@type":"PropertyValueSpecification","valueRequired":true,"valueName":"search_term_string"}}],"inLanguage":"en-US"},{"@type":"Organization","@id":"https:\/\/www.alcoawheels.com\/europe\/es\/#organization","name":"Europe Spanish","url":"https:\/\/www.alcoawheels.com\/europe\/es\/","logo":{"@type":"ImageObject","inLanguage":"en-US","@id":"https:\/\/www.alcoawheels.com\/europe\/es\/#\/schema\/logo\/image\/","url":"https:\/\/www.alcoawheels.com\/europe\/es\/wp-content\/uploads\/sites\/12\/2023\/05\/logo-black.gif","contentUrl":"https:\/\/www.alcoawheels.com\/europe\/es\/wp-content\/uploads\/sites\/12\/2023\/05\/logo-black.gif","width":71,"height":64,"caption":"Europe Spanish"},"image":{"@id":"https:\/\/www.alcoawheels.com\/europe\/es\/#\/schema\/logo\/image\/"}}]}},"parsely":{"version":"1.1.0","canonical_url":"https:\/\/alcoawheels.com\/europe\/es\/aplicaciones\/","smart_links":{"inbound":0,"outbound":0},"traffic_boost_suggestions_count":0,"meta":{"@context":"https:\/\/schema.org","@type":"WebPage","headline":"Aplicaciones","url":"http:\/\/www.alcoawheels.com\/europe\/es\/aplicaciones\/","mainEntityOfPage":{"@type":"WebPage","@id":"http:\/\/www.alcoawheels.com\/europe\/es\/aplicaciones\/"},"thumbnailUrl":"","image":{"@type":"ImageObject","url":""},"articleSection":"Uncategorized","author":[{"@type":"Person","name":"howmet"}],"creator":["howmet"],"publisher":{"@type":"Organization","name":"Europe Spanish","logo":""},"keywords":[],"dateCreated":"2023-05-25T18:34:56Z","datePublished":"2023-05-25T18:34:56Z","dateModified":"2025-11-20T18:52:47Z"},"rendered":"<script type=\"application\/ld+json\" class=\"wp-parsely-metadata\">{\"@context\":\"https:\\\/\\\/schema.org\",\"@type\":\"WebPage\",\"headline\":\"Aplicaciones\",\"url\":\"http:\\\/\\\/www.alcoawheels.com\\\/europe\\\/es\\\/aplicaciones\\\/\",\"mainEntityOfPage\":{\"@type\":\"WebPage\",\"@id\":\"http:\\\/\\\/www.alcoawheels.com\\\/europe\\\/es\\\/aplicaciones\\\/\"},\"thumbnailUrl\":\"\",\"image\":{\"@type\":\"ImageObject\",\"url\":\"\"},\"articleSection\":\"Uncategorized\",\"author\":[{\"@type\":\"Person\",\"name\":\"howmet\"}],\"creator\":[\"howmet\"],\"publisher\":{\"@type\":\"Organization\",\"name\":\"Europe Spanish\",\"logo\":\"\"},\"keywords\":[],\"dateCreated\":\"2023-05-25T18:34:56Z\",\"datePublished\":\"2023-05-25T18:34:56Z\",\"dateModified\":\"2025-11-20T18:52:47Z\"}<\/script>","tracker_url":"https:\/\/cdn.parsely.com\/keys\/alcoawheels.com\/p.js"},"jetpack_sharing_enabled":true,"_links":{"self":[{"href":"https:\/\/www.alcoawheels.com\/europe\/es\/wp-json\/wp\/v2\/pages\/15","targetHints":{"allow":["GET"]}}],"collection":[{"href":"https:\/\/www.alcoawheels.com\/europe\/es\/wp-json\/wp\/v2\/pages"}],"about":[{"href":"https:\/\/www.alcoawheels.com\/europe\/es\/wp-json\/wp\/v2\/types\/page"}],"author":[{"embeddable":true,"href":"https:\/\/www.alcoawheels.com\/europe\/es\/wp-json\/wp\/v2\/users\/44"}],"replies":[{"embeddable":true,"href":"https:\/\/www.alcoawheels.com\/europe\/es\/wp-json\/wp\/v2\/comments?post=15"}],"version-history":[{"count":14,"href":"https:\/\/www.alcoawheels.com\/europe\/es\/wp-json\/wp\/v2\/pages\/15\/revisions"}],"predecessor-version":[{"id":4088,"href":"https:\/\/www.alcoawheels.com\/europe\/es\/wp-json\/wp\/v2\/pages\/15\/revisions\/4088"}],"wp:attachment":[{"href":"https:\/\/www.alcoawheels.com\/europe\/es\/wp-json\/wp\/v2\/media?parent=15"}],"curies":[{"name":"wp","href":"https:\/\/api.w.org\/{rel}","templated":true}]}}