{"id":21,"date":"2023-05-25T18:35:50","date_gmt":"2023-05-25T18:35:50","guid":{"rendered":"https:\/\/www.alcoawheels.com\/europe\/es\/?page_id=21"},"modified":"2025-11-21T21:29:24","modified_gmt":"2025-11-21T20:29:24","slug":"aplicaciones-especiales","status":"publish","type":"page","link":"https:\/\/www.alcoawheels.com\/europe\/es\/aplicaciones-especiales\/","title":{"rendered":"Aplicaciones especiales"},"content":{"rendered":"\n<div class=\"wp-block-alcoa-wheels-hero-banner-innerpage hero-banner with-image layout-2 overlayEnable align- vertical-align-\" style=\"background-color:#eee\"><img decoding=\"async\" src=\"https:\/\/www.alcoawheels.com\/europe\/es\/wp-content\/uploads\/sites\/9\/2023\/06\/special-applications-banner.jpg\" alt=\"Special Application Alcoa Wheels\" class=\"responsiveImage\"\/><div class=\"hero-banner__header\" style=\"text-align:center\"><div class=\"container\"><h1 class=\"hero-banner__header--title\">Aplicaciones especiales<\/h1><\/div><\/div><\/div>\n\n\n\n<div style=\"height:50px\" aria-hidden=\"true\" class=\"wp-block-spacer spacer-fifty\"><\/div>\n\n\n\n<h2 class=\"wp-block-heading has-text-align-center\" id=\"piso-bajo\">Llantas para remolques de piso bajo<\/h2>\n\n\n\n<div style=\"height:50px\" aria-hidden=\"true\" class=\"wp-block-spacer spacer-fifty\"><\/div>\n\n\n\n<div class=\"wp-block-alcoa-wheels-zigzag media-list__body\" id=\"zigzag-main-f974ec46-6cd0-44b2-a6e5-940f8aa235d4\"><div class=\"media-list__body_main  vertical-align-center  fullWidth row-reverse\">\n<div class=\"wp-block-alcoa-wheels-zigzag-item media-list-item\"><div class=\"media-list-item__box_content\"><div class=\"media-list-item__box_content_inner\">\n<h5 class=\"wp-block-heading\" id=\"h-llantas-de-17-5-x6-00\"><strong>Llantas de 17.5\u201dx6.00\u201d<\/strong><\/h5>\n\n\n\n<h5 class=\"wp-block-heading\" id=\"h-la-carga-max-es-2500-kg-10-agujeros-de-montaje-solo-12-6-kg-de-peso\">La carga m\u00e1x. es 2500 kg<br>10 agujeros de montaje<br>\u00a1Solo 12.6 kg de peso!<\/h5>\n\n\n\n<p><\/p>\n\n\n\n<h5 class=\"wp-block-heading\" id=\"h-llantas-de-17-5-x6-75\"><strong>Llantas de 17.5\u201dX6.75\u201d<\/strong><\/h5>\n\n\n\n<h5 class=\"wp-block-heading\" id=\"h-carga-max-de-3000-kg-10-agujeros-de-montaje-solo-13-7-kg-de-peso\">Carga m\u00e1x. de 3000 kg<br>10 agujeros de montaje<br>\u00a1Solo 13.7 kg de peso!<\/h5>\n<\/div><\/div><div class=\"media-list-item__box_image\"><img loading=\"lazy\" decoding=\"async\" width=\"450\" height=\"423\" src=\"https:\/\/www.alcoawheels.com\/europe\/es\/wp-content\/uploads\/sites\/9\/2023\/05\/special-applications-low-deck-trailer-wheels.jpg\" alt=\"Low deck trailer wheel 17.5 x 6.75\"\/><\/div><\/div>\n<\/div><\/div>\n\n\n\n<div style=\"height:50px\" aria-hidden=\"true\" class=\"wp-block-spacer spacer-fifty\"><\/div>\n\n\n\n<hr class=\"wp-block-separator has-text-color has-alpha-channel-opacity has-background is-style-wide\" style=\"background-color:#cccccc;color:#cccccc\"\/>\n\n\n\n<div style=\"height:50px\" aria-hidden=\"true\" class=\"wp-block-spacer spacer-fifty\"><\/div>\n\n\n\n<h2 class=\"wp-block-heading has-text-align-center\" id=\"megarremolque\">Llantas para megarremolques<\/h2>\n\n\n\n<div style=\"height:50px\" aria-hidden=\"true\" class=\"wp-block-spacer spacer-fifty\"><\/div>\n\n\n\n<div class=\"wp-block-alcoa-wheels-zigzag media-list__body\" id=\"zigzag-main-f974ec46-6cd0-44b2-a6e5-940f8aa235d4\"><div class=\"media-list__body_main  vertical-align-center  fullWidth row-reverse\">\n<div class=\"wp-block-alcoa-wheels-zigzag-item media-list-item\"><div class=\"media-list-item__box_content\"><div class=\"media-list-item__box_content_inner\">\n<h5 class=\"wp-block-heading\" id=\"h-llanta-de-19-5-x14-00-offset-120-mm\"><strong>llanta de 19.5\u201dx14.00\u201d, offset 120 mm<\/strong><\/h5>\n\n\n\n<h5 class=\"wp-block-heading\" id=\"h-10-agujeros-de-montaje-la-mas-ligera-en-su-categoria-solo-21-6-kg-de-peso\">10 agujeros de montaje<br>La m\u00e1s ligera en su categor\u00eda \u00a1Solo 21.6 kg de peso!<\/h5>\n\n\n\n<p><\/p>\n\n\n\n<h5 class=\"wp-block-heading\" id=\"h-llanta-de-19-5-x14-00-offset-0-mm\"><strong>llanta de 19.5\u201dx14.00\u201d, offset 0 mm<\/strong><\/h5>\n\n\n\n<h5 class=\"wp-block-heading\" id=\"h-8-agujeros-de-montaje-exclusiva-de-howmet-aerospace-pesa-23-6-kg\">8 agujeros de montaje<br>\u00a1Exclusiva de Howmet Aerospace!<br>Pesa 23,6 kg.<\/h5>\n<\/div><\/div><div class=\"media-list-item__box_image\"><img loading=\"lazy\" decoding=\"async\" width=\"450\" height=\"422\" src=\"https:\/\/www.alcoawheels.com\/europe\/es\/wp-content\/uploads\/sites\/9\/2023\/05\/special-applications-wheels-for-megatrailers.jpg\" alt=\"Wheels for mega trailers 19.5 x 14.00 offset 120 mm\"\/><\/div><\/div>\n<\/div><\/div>\n\n\n\n<div style=\"height:50px\" aria-hidden=\"true\" class=\"wp-block-spacer spacer-fifty\"><\/div>\n\n\n\n<hr class=\"wp-block-separator has-text-color has-alpha-channel-opacity has-background is-style-wide\" style=\"background-color:#cccccc;color:#cccccc\"\/>\n\n\n\n<div style=\"height:50px\" aria-hidden=\"true\" class=\"wp-block-spacer spacer-fifty\"><\/div>\n\n\n\n<h2 class=\"wp-block-heading has-text-align-center\" id=\"dura-flange\">Dura-Flange<sup>\u00ae<\/sup><\/h2>\n\n\n\n<div style=\"height:50px\" aria-hidden=\"true\" class=\"wp-block-spacer spacer-fifty\"><\/div>\n\n\n\n<div class=\"wp-block-alcoa-wheels-zigzag media-list__body\" id=\"zigzag-main-45ea29ee-eb36-4195-af23-94703bac8f49\"><div class=\"media-list__body_main  vertical-align-center  container\">\n<div class=\"wp-block-alcoa-wheels-zigzag-item media-list-item\"><div class=\"media-list-item__box_content\"><div class=\"media-list-item__box_content_inner\">\n<h5 class=\"wp-block-heading\"><strong>Protecci\u00f3n adicional para una mayor vida de servicio<\/strong><\/h5>\n\n\n\n<p>Las llantas Alcoa<sup>\u00ae<\/sup> Dura-Flange<sup>\u00ae<\/sup> tienen un tratamiento patentado en ambas cejas del borde de la llanta que proporciona una capa protectora para reducir el desgaste de las cejas de la llanta y puede contribuir a una mayor vida \u00fatil en comparaci\u00f3n con otras llantas de aluminio en las mismas condiciones.<\/p>\n<\/div><\/div><div class=\"media-list-item__box_image\"><img loading=\"lazy\" decoding=\"async\" width=\"500\" height=\"333\" src=\"https:\/\/www.alcoawheels.com\/europe\/es\/wp-content\/uploads\/sites\/12\/2023\/07\/surface-treatments-dura-flange.jpg\" alt=\"Llantas Alcoa Dura-Flange\"\/><\/div><\/div>\n<\/div><\/div>\n\n\n\n<h5 class=\"wp-block-heading\"><strong>Probadas en la carretera<\/strong><\/h5>\n\n\n\n<p>Las llantas Dura-Flange<sup>\u00ae<\/sup>&nbsp;son las m\u00e1s adecuadas para el transporte de cargas pesadas con tendencia a desplazarse y que provocan el roce de las paredes de los neum\u00e1ticos con el borde de la llanta, como:<\/p>\n\n\n\n<div class=\"wp-block-alcoa-wheels-lists alcoa-wheels-lists-block\"><div class=\"list-wrapper\"><ol style=\"list-style-type:none\">\n<div class=\"wp-block-alcoa-wheels-list-items inner-list-item-wrapper  with-icon list-item-wrapper\"><img decoding=\"async\" src=\"https:\/\/www.alcoawheels.com\/europe\/es\/wp-content\/uploads\/sites\/12\/2023\/05\/wheel-bullet.jpg\" class=\"image-icon\" alt=\"https:\/\/www.alcoawheels.com\/europe\/es\/wp-content\/uploads\/sites\/12\/2023\/05\/wheel-bullet.jpg\"\/><li class=\"inner-list-item  with-icon\"><span>Transporte en condiciones extremas, p. ej., miner\u00eda.<\/span><\/li><\/div>\n\n\n\n<div class=\"wp-block-alcoa-wheels-list-items inner-list-item-wrapper  with-icon list-item-wrapper\"><img decoding=\"async\" src=\"https:\/\/www.alcoawheels.com\/europe\/es\/wp-content\/uploads\/sites\/12\/2023\/05\/wheel-bullet.jpg\" class=\"image-icon\" alt=\"https:\/\/www.alcoawheels.com\/europe\/es\/wp-content\/uploads\/sites\/12\/2023\/05\/wheel-bullet.jpg\"\/><li class=\"inner-list-item  with-icon\"><span>Transporte pesado, p. ej., tala de \u00e1rboles.<\/span><\/li><\/div>\n\n\n\n<div class=\"wp-block-alcoa-wheels-list-items inner-list-item-wrapper  with-icon list-item-wrapper\"><img decoding=\"async\" src=\"https:\/\/www.alcoawheels.com\/europe\/es\/wp-content\/uploads\/sites\/12\/2023\/05\/wheel-bullet.jpg\" class=\"image-icon\" alt=\"https:\/\/www.alcoawheels.com\/europe\/es\/wp-content\/uploads\/sites\/12\/2023\/05\/wheel-bullet.jpg\"\/><li class=\"inner-list-item  with-icon\"><span>Camiones cisterna que operan dentro y fuera de la carretera (p. ej., recolecci\u00f3n de leche, distribuci\u00f3n de combustible).<\/span><\/li><\/div>\n\n\n\n<div class=\"wp-block-alcoa-wheels-list-items inner-list-item-wrapper  with-icon list-item-wrapper\"><img decoding=\"async\" src=\"https:\/\/www.alcoawheels.com\/europe\/es\/wp-content\/uploads\/sites\/12\/2023\/05\/wheel-bullet.jpg\" class=\"image-icon\" alt=\"https:\/\/www.alcoawheels.com\/europe\/es\/wp-content\/uploads\/sites\/12\/2023\/05\/wheel-bullet.jpg\"\/><li class=\"inner-list-item  with-icon\"><span>autobuses urbanos<\/span><\/li><\/div>\n<\/ol><\/div><\/div>\n\n\n\n<div class=\"wp-block-alcoa-wheels-zigzag media-list__body\" id=\"zigzag-main-3b3b0bea-091c-4d01-a453-e2a068faddd0\"><div class=\"media-list__body_main  vertical-align-center  container\">\n<div class=\"wp-block-alcoa-wheels-zigzag-item media-list-item\"><div class=\"media-list-item__box_content\"><div class=\"media-list-item__box_content_inner\">\n<h5 class=\"wp-block-heading\"><strong>Protegidas contra el desgaste de la ceja<\/strong><\/h5>\n\n\n\n<p>Las llantas Dura-Flange<sup>\u00ae<\/sup> se reconocen f\u00e1cilmente por la etiqueta &#8220;Rim Wear Protected&#8221;. Los n\u00fameros de serie que terminan en DF cuentan con tratamiento Dura-Flange<sup>\u00ae<\/sup>.<\/p>\n<\/div><\/div><div class=\"media-list-item__box_image\"><img loading=\"lazy\" decoding=\"async\" width=\"410\" height=\"142\" src=\"https:\/\/www.alcoawheels.com\/europe\/es\/wp-content\/uploads\/sites\/12\/2023\/07\/surface-treatments-dura-flange-sticker.jpg\" alt=\"Pegatina Dura-Flange\"\/><\/div><\/div>\n<\/div><\/div>\n\n\n\n<div class=\"wp-block-alcoa-wheels-card-usecase-1 card-box-v1__body with-icon align-center vertical-align-center\" id=\"card_box_v1-b155eb31-beee-4e8c-af40-b6a4f2e709f7\"><div class=\"fullwidthcontainer\"><div class=\"card-box-v1__boxes has-4-columns\"><div class=\"card-box-v1__box  with-link \" style=\"background-color:#00afb9\"><img decoding=\"async\" src=\"https:\/\/www.alcoawheels.com\/europe\/es\/wp-content\/themes\/alcoa-wheels\/assets\/build\/js\/blocks\/card-usecase-1\/..\/..\/..\/images\/placeholder-image.db2b4d5c.jpeg\" alt=\"Contacto\"\/><div class=\"card-box-v1__box__inner pos-abs\"><div class=\"card-box-v1__box_icon\"><img loading=\"lazy\" decoding=\"async\" width=\"171\" height=\"171\" src=\"https:\/\/www.alcoawheels.com\/europe\/es\/wp-content\/uploads\/sites\/12\/2023\/06\/contact.png\" alt=\"\"\/><\/div><div class=\"card-box-v1__box_content\"><h4 style=\"color:#ffffff\">Contacto<\/h4><\/div><div class=\"btn-wrap\"><\/div><\/div><a href=\"\/europe\/es\/contacto\" aria-label=\"Contacto\"><\/a><\/div><div class=\"card-box-v1__box  with-link \" style=\"background-color:#34bfc7\"><img decoding=\"async\" src=\"https:\/\/www.alcoawheels.com\/europe\/es\/wp-content\/themes\/alcoa-wheels\/assets\/build\/js\/blocks\/card-usecase-1\/..\/..\/..\/images\/placeholder-image.db2b4d5c.jpeg\" alt=\"Gama de llantas\"\/><div class=\"card-box-v1__box__inner pos-abs\"><div class=\"card-box-v1__box_icon\"><img loading=\"lazy\" decoding=\"async\" width=\"169\" height=\"169\" src=\"https:\/\/www.alcoawheels.com\/europe\/es\/wp-content\/uploads\/sites\/12\/2023\/06\/product-search.png\" alt=\"\"\/><\/div><div class=\"card-box-v1__box_content\"><h4 style=\"color:#ffffff\">Gama de llantas<\/h4><\/div><div class=\"btn-wrap\"><\/div><\/div><a href=\"\/europe\/es\/gama-de-llantas\" aria-label=\"Gama de llantas\"><\/a><\/div><div class=\"card-box-v1__box  with-link \" style=\"background-color:#00afb9\"><img decoding=\"async\" src=\"https:\/\/www.alcoawheels.com\/europe\/es\/wp-content\/themes\/alcoa-wheels\/assets\/build\/js\/blocks\/card-usecase-1\/..\/..\/..\/images\/placeholder-image.db2b4d5c.jpeg\" alt=\"D\u00f3nde comprar\"\/><div class=\"card-box-v1__box__inner pos-abs\"><div class=\"card-box-v1__box_icon\"><img loading=\"lazy\" decoding=\"async\" width=\"169\" height=\"169\" src=\"https:\/\/www.alcoawheels.com\/europe\/es\/wp-content\/uploads\/sites\/12\/2023\/06\/where-to-buy.png\" alt=\"\"\/><\/div><div class=\"card-box-v1__box_content\"><h4 style=\"color:#ffffff\">D\u00f3nde comprar<\/h4><\/div><div class=\"btn-wrap\"><\/div><\/div><a href=\"\/europe\/es\/donde-comprar\" aria-label=\"D\u00f3nde comprar\"><\/a><\/div><div class=\"card-box-v1__box  with-link \" style=\"background-color:#34bfc7\"><img decoding=\"async\" src=\"https:\/\/www.alcoawheels.com\/europe\/es\/wp-content\/themes\/alcoa-wheels\/assets\/build\/js\/blocks\/card-usecase-1\/..\/..\/..\/images\/placeholder-image.db2b4d5c.jpeg\" alt=\"Documentaci\u00f3n Producto\"\/><div class=\"card-box-v1__box__inner pos-abs\"><div class=\"card-box-v1__box_icon\"><img loading=\"lazy\" decoding=\"async\" width=\"169\" height=\"169\" src=\"https:\/\/www.alcoawheels.com\/europe\/es\/wp-content\/uploads\/sites\/12\/2023\/06\/product-literature.png\" alt=\"\"\/><\/div><div class=\"card-box-v1__box_content\"><h4 style=\"color:#ffffff\">Documentaci\u00f3n Producto<\/h4><\/div><div class=\"btn-wrap\"><\/div><\/div><a href=\"\/europe\/es\/documentacion-producto\" aria-label=\"Documentaci\u00f3n Producto\"><\/a><\/div><\/div><\/div><\/div>\n","protected":false},"excerpt":{"rendered":"<p>Llantas para remolques de piso bajo Llantas para megarremolques Dura-Flange\u00ae Probadas en la carretera Las llantas Dura-Flange\u00ae&nbsp;son las m\u00e1s adecuadas para el transporte de cargas pesadas con tendencia a desplazarse y que provocan el roce de las paredes de los neum\u00e1ticos con el borde de la llanta, como:<\/p>\n","protected":false},"author":44,"featured_media":0,"parent":0,"menu_order":0,"comment_status":"closed","ping_status":"closed","template":"","meta":{"_acf_changed":false,"protected_reviewer_email":"","editor_notices":[],"footnotes":""},"class_list":["post-21","page","type-page","status-publish","hentry"],"acf":[],"yoast_head":"<!-- This site is optimized with the Yoast SEO Premium plugin v27.3 (Yoast SEO v27.3) - https:\/\/yoast.com\/product\/yoast-seo-premium-wordpress\/ -->\n<title>Aplicaciones especiales | Alcoa Wheels<\/title>\n<meta name=\"description\" content=\"Alcoa\u00ae Wheels ofrece soluciones para cualquier aplicaci\u00f3n, como las llantas WorkHorse\u00ae, llantas de 17,5x6,00 y 17,5x6,75 para remolques de piso bajo as\u00ed como llantas para el transporte de cristal o de elementos de construcci\u00f3n o para megarremolques con tama\u00f1os de 19,5x14,00 y offset de 120mm y 0mm.\" \/>\n<meta name=\"robots\" content=\"index, follow, max-snippet:-1, max-image-preview:large, max-video-preview:-1\" \/>\n<link rel=\"canonical\" href=\"https:\/\/www.alcoawheels.com\/europe\/es\/aplicaciones-especiales\/\" \/>\n<meta property=\"og:locale\" content=\"en_US\" \/>\n<meta property=\"og:type\" content=\"article\" \/>\n<meta property=\"og:title\" content=\"Aplicaciones especiales\" \/>\n<meta property=\"og:description\" content=\"Alcoa\u00ae Wheels ofrece soluciones para cualquier aplicaci\u00f3n, como las llantas WorkHorse\u00ae, llantas de 17,5x6,00 y 17,5x6,75 para remolques de piso bajo as\u00ed como llantas para el transporte de cristal o de elementos de construcci\u00f3n o para megarremolques con tama\u00f1os de 19,5x14,00 y offset de 120mm y 0mm.\" \/>\n<meta property=\"og:url\" content=\"https:\/\/www.alcoawheels.com\/europe\/es\/aplicaciones-especiales\/\" \/>\n<meta property=\"og:site_name\" content=\"Europe Spanish\" \/>\n<meta property=\"article:modified_time\" content=\"2025-11-21T20:29:24+00:00\" \/>\n<meta property=\"og:image\" content=\"https:\/\/www.alcoawheels.com\/europe\/es\/wp-content\/uploads\/sites\/9\/2023\/06\/special-applications-banner.jpg\" \/>\n<meta name=\"twitter:card\" content=\"summary_large_image\" \/>\n<meta name=\"twitter:label1\" content=\"Est. reading time\" \/>\n\t<meta name=\"twitter:data1\" content=\"5 minutes\" \/>\n<script type=\"application\/ld+json\" class=\"yoast-schema-graph\">{\"@context\":\"https:\\\/\\\/schema.org\",\"@graph\":[{\"@type\":\"WebPage\",\"@id\":\"https:\\\/\\\/www.alcoawheels.com\\\/europe\\\/es\\\/aplicaciones-especiales\\\/\",\"url\":\"https:\\\/\\\/www.alcoawheels.com\\\/europe\\\/es\\\/aplicaciones-especiales\\\/\",\"name\":\"Aplicaciones especiales | Alcoa Wheels\",\"isPartOf\":{\"@id\":\"https:\\\/\\\/www.alcoawheels.com\\\/europe\\\/es\\\/#website\"},\"primaryImageOfPage\":{\"@id\":\"https:\\\/\\\/www.alcoawheels.com\\\/europe\\\/es\\\/aplicaciones-especiales\\\/#primaryimage\"},\"image\":{\"@id\":\"https:\\\/\\\/www.alcoawheels.com\\\/europe\\\/es\\\/aplicaciones-especiales\\\/#primaryimage\"},\"thumbnailUrl\":\"https:\\\/\\\/www.alcoawheels.com\\\/europe\\\/es\\\/wp-content\\\/uploads\\\/sites\\\/9\\\/2023\\\/06\\\/special-applications-banner.jpg\",\"datePublished\":\"2023-05-25T18:35:50+00:00\",\"dateModified\":\"2025-11-21T20:29:24+00:00\",\"description\":\"Alcoa\u00ae Wheels ofrece soluciones para cualquier aplicaci\u00f3n, como las llantas WorkHorse\u00ae, llantas de 17,5x6,00 y 17,5x6,75 para remolques de piso bajo as\u00ed como llantas para el transporte de cristal o de elementos de construcci\u00f3n o para megarremolques con tama\u00f1os de 19,5x14,00 y offset de 120mm y 0mm.\",\"breadcrumb\":{\"@id\":\"https:\\\/\\\/www.alcoawheels.com\\\/europe\\\/es\\\/aplicaciones-especiales\\\/#breadcrumb\"},\"inLanguage\":\"en-US\",\"potentialAction\":[{\"@type\":\"ReadAction\",\"target\":[\"https:\\\/\\\/www.alcoawheels.com\\\/europe\\\/es\\\/aplicaciones-especiales\\\/\"]}]},{\"@type\":\"ImageObject\",\"inLanguage\":\"en-US\",\"@id\":\"https:\\\/\\\/www.alcoawheels.com\\\/europe\\\/es\\\/aplicaciones-especiales\\\/#primaryimage\",\"url\":\"https:\\\/\\\/www.alcoawheels.com\\\/europe\\\/es\\\/wp-content\\\/uploads\\\/sites\\\/9\\\/2023\\\/06\\\/special-applications-banner.jpg\",\"contentUrl\":\"https:\\\/\\\/www.alcoawheels.com\\\/europe\\\/es\\\/wp-content\\\/uploads\\\/sites\\\/9\\\/2023\\\/06\\\/special-applications-banner.jpg\"},{\"@type\":\"BreadcrumbList\",\"@id\":\"https:\\\/\\\/www.alcoawheels.com\\\/europe\\\/es\\\/aplicaciones-especiales\\\/#breadcrumb\",\"itemListElement\":[{\"@type\":\"ListItem\",\"position\":1,\"name\":\"Home\",\"item\":\"https:\\\/\\\/www.alcoawheels.com\\\/europe\\\/es\\\/\"},{\"@type\":\"ListItem\",\"position\":2,\"name\":\"Aplicaciones especiales\"}]},{\"@type\":\"WebSite\",\"@id\":\"https:\\\/\\\/www.alcoawheels.com\\\/europe\\\/es\\\/#website\",\"url\":\"https:\\\/\\\/www.alcoawheels.com\\\/europe\\\/es\\\/\",\"name\":\"Europe Spanish\",\"description\":\"\",\"publisher\":{\"@id\":\"https:\\\/\\\/www.alcoawheels.com\\\/europe\\\/es\\\/#organization\"},\"potentialAction\":[{\"@type\":\"SearchAction\",\"target\":{\"@type\":\"EntryPoint\",\"urlTemplate\":\"https:\\\/\\\/www.alcoawheels.com\\\/europe\\\/es\\\/?s={search_term_string}\"},\"query-input\":{\"@type\":\"PropertyValueSpecification\",\"valueRequired\":true,\"valueName\":\"search_term_string\"}}],\"inLanguage\":\"en-US\"},{\"@type\":\"Organization\",\"@id\":\"https:\\\/\\\/www.alcoawheels.com\\\/europe\\\/es\\\/#organization\",\"name\":\"Europe Spanish\",\"url\":\"https:\\\/\\\/www.alcoawheels.com\\\/europe\\\/es\\\/\",\"logo\":{\"@type\":\"ImageObject\",\"inLanguage\":\"en-US\",\"@id\":\"https:\\\/\\\/www.alcoawheels.com\\\/europe\\\/es\\\/#\\\/schema\\\/logo\\\/image\\\/\",\"url\":\"https:\\\/\\\/www.alcoawheels.com\\\/europe\\\/es\\\/wp-content\\\/uploads\\\/sites\\\/12\\\/2023\\\/05\\\/logo-black.gif\",\"contentUrl\":\"https:\\\/\\\/www.alcoawheels.com\\\/europe\\\/es\\\/wp-content\\\/uploads\\\/sites\\\/12\\\/2023\\\/05\\\/logo-black.gif\",\"width\":71,\"height\":64,\"caption\":\"Europe Spanish\"},\"image\":{\"@id\":\"https:\\\/\\\/www.alcoawheels.com\\\/europe\\\/es\\\/#\\\/schema\\\/logo\\\/image\\\/\"}}]}<\/script>\n<!-- \/ Yoast SEO Premium plugin. -->","yoast_head_json":{"title":"Aplicaciones especiales | Alcoa Wheels","description":"Alcoa\u00ae Wheels ofrece soluciones para cualquier aplicaci\u00f3n, como las llantas WorkHorse\u00ae, llantas de 17,5x6,00 y 17,5x6,75 para remolques de piso bajo as\u00ed como llantas para el transporte de cristal o de elementos de construcci\u00f3n o para megarremolques con tama\u00f1os de 19,5x14,00 y offset de 120mm y 0mm.","robots":{"index":"index","follow":"follow","max-snippet":"max-snippet:-1","max-image-preview":"max-image-preview:large","max-video-preview":"max-video-preview:-1"},"canonical":"https:\/\/www.alcoawheels.com\/europe\/es\/aplicaciones-especiales\/","og_locale":"en_US","og_type":"article","og_title":"Aplicaciones especiales","og_description":"Alcoa\u00ae Wheels ofrece soluciones para cualquier aplicaci\u00f3n, como las llantas WorkHorse\u00ae, llantas de 17,5x6,00 y 17,5x6,75 para remolques de piso bajo as\u00ed como llantas para el transporte de cristal o de elementos de construcci\u00f3n o para megarremolques con tama\u00f1os de 19,5x14,00 y offset de 120mm y 0mm.","og_url":"https:\/\/www.alcoawheels.com\/europe\/es\/aplicaciones-especiales\/","og_site_name":"Europe Spanish","article_modified_time":"2025-11-21T20:29:24+00:00","og_image":[{"url":"https:\/\/www.alcoawheels.com\/europe\/es\/wp-content\/uploads\/sites\/9\/2023\/06\/special-applications-banner.jpg","type":"","width":"","height":""}],"twitter_card":"summary_large_image","twitter_misc":{"Est. reading time":"5 minutes"},"schema":{"@context":"https:\/\/schema.org","@graph":[{"@type":"WebPage","@id":"https:\/\/www.alcoawheels.com\/europe\/es\/aplicaciones-especiales\/","url":"https:\/\/www.alcoawheels.com\/europe\/es\/aplicaciones-especiales\/","name":"Aplicaciones especiales | Alcoa Wheels","isPartOf":{"@id":"https:\/\/www.alcoawheels.com\/europe\/es\/#website"},"primaryImageOfPage":{"@id":"https:\/\/www.alcoawheels.com\/europe\/es\/aplicaciones-especiales\/#primaryimage"},"image":{"@id":"https:\/\/www.alcoawheels.com\/europe\/es\/aplicaciones-especiales\/#primaryimage"},"thumbnailUrl":"https:\/\/www.alcoawheels.com\/europe\/es\/wp-content\/uploads\/sites\/9\/2023\/06\/special-applications-banner.jpg","datePublished":"2023-05-25T18:35:50+00:00","dateModified":"2025-11-21T20:29:24+00:00","description":"Alcoa\u00ae Wheels ofrece soluciones para cualquier aplicaci\u00f3n, como las llantas WorkHorse\u00ae, llantas de 17,5x6,00 y 17,5x6,75 para remolques de piso bajo as\u00ed como llantas para el transporte de cristal o de elementos de construcci\u00f3n o para megarremolques con tama\u00f1os de 19,5x14,00 y offset de 120mm y 0mm.","breadcrumb":{"@id":"https:\/\/www.alcoawheels.com\/europe\/es\/aplicaciones-especiales\/#breadcrumb"},"inLanguage":"en-US","potentialAction":[{"@type":"ReadAction","target":["https:\/\/www.alcoawheels.com\/europe\/es\/aplicaciones-especiales\/"]}]},{"@type":"ImageObject","inLanguage":"en-US","@id":"https:\/\/www.alcoawheels.com\/europe\/es\/aplicaciones-especiales\/#primaryimage","url":"https:\/\/www.alcoawheels.com\/europe\/es\/wp-content\/uploads\/sites\/9\/2023\/06\/special-applications-banner.jpg","contentUrl":"https:\/\/www.alcoawheels.com\/europe\/es\/wp-content\/uploads\/sites\/9\/2023\/06\/special-applications-banner.jpg"},{"@type":"BreadcrumbList","@id":"https:\/\/www.alcoawheels.com\/europe\/es\/aplicaciones-especiales\/#breadcrumb","itemListElement":[{"@type":"ListItem","position":1,"name":"Home","item":"https:\/\/www.alcoawheels.com\/europe\/es\/"},{"@type":"ListItem","position":2,"name":"Aplicaciones especiales"}]},{"@type":"WebSite","@id":"https:\/\/www.alcoawheels.com\/europe\/es\/#website","url":"https:\/\/www.alcoawheels.com\/europe\/es\/","name":"Europe Spanish","description":"","publisher":{"@id":"https:\/\/www.alcoawheels.com\/europe\/es\/#organization"},"potentialAction":[{"@type":"SearchAction","target":{"@type":"EntryPoint","urlTemplate":"https:\/\/www.alcoawheels.com\/europe\/es\/?s={search_term_string}"},"query-input":{"@type":"PropertyValueSpecification","valueRequired":true,"valueName":"search_term_string"}}],"inLanguage":"en-US"},{"@type":"Organization","@id":"https:\/\/www.alcoawheels.com\/europe\/es\/#organization","name":"Europe Spanish","url":"https:\/\/www.alcoawheels.com\/europe\/es\/","logo":{"@type":"ImageObject","inLanguage":"en-US","@id":"https:\/\/www.alcoawheels.com\/europe\/es\/#\/schema\/logo\/image\/","url":"https:\/\/www.alcoawheels.com\/europe\/es\/wp-content\/uploads\/sites\/12\/2023\/05\/logo-black.gif","contentUrl":"https:\/\/www.alcoawheels.com\/europe\/es\/wp-content\/uploads\/sites\/12\/2023\/05\/logo-black.gif","width":71,"height":64,"caption":"Europe Spanish"},"image":{"@id":"https:\/\/www.alcoawheels.com\/europe\/es\/#\/schema\/logo\/image\/"}}]}},"parsely":{"version":"1.1.0","canonical_url":"https:\/\/alcoawheels.com\/europe\/es\/aplicaciones-especiales\/","smart_links":{"inbound":0,"outbound":0},"traffic_boost_suggestions_count":0,"meta":{"@context":"https:\/\/schema.org","@type":"WebPage","headline":"Aplicaciones especiales","url":"http:\/\/www.alcoawheels.com\/europe\/es\/aplicaciones-especiales\/","mainEntityOfPage":{"@type":"WebPage","@id":"http:\/\/www.alcoawheels.com\/europe\/es\/aplicaciones-especiales\/"},"thumbnailUrl":"","image":{"@type":"ImageObject","url":""},"articleSection":"Uncategorized","author":[{"@type":"Person","name":"howmet"}],"creator":["howmet"],"publisher":{"@type":"Organization","name":"Europe Spanish","logo":""},"keywords":[],"dateCreated":"2023-05-25T18:35:50Z","datePublished":"2023-05-25T18:35:50Z","dateModified":"2025-11-21T20:29:24Z"},"rendered":"<script type=\"application\/ld+json\" class=\"wp-parsely-metadata\">{\"@context\":\"https:\\\/\\\/schema.org\",\"@type\":\"WebPage\",\"headline\":\"Aplicaciones especiales\",\"url\":\"http:\\\/\\\/www.alcoawheels.com\\\/europe\\\/es\\\/aplicaciones-especiales\\\/\",\"mainEntityOfPage\":{\"@type\":\"WebPage\",\"@id\":\"http:\\\/\\\/www.alcoawheels.com\\\/europe\\\/es\\\/aplicaciones-especiales\\\/\"},\"thumbnailUrl\":\"\",\"image\":{\"@type\":\"ImageObject\",\"url\":\"\"},\"articleSection\":\"Uncategorized\",\"author\":[{\"@type\":\"Person\",\"name\":\"howmet\"}],\"creator\":[\"howmet\"],\"publisher\":{\"@type\":\"Organization\",\"name\":\"Europe Spanish\",\"logo\":\"\"},\"keywords\":[],\"dateCreated\":\"2023-05-25T18:35:50Z\",\"datePublished\":\"2023-05-25T18:35:50Z\",\"dateModified\":\"2025-11-21T20:29:24Z\"}<\/script>","tracker_url":"https:\/\/cdn.parsely.com\/keys\/alcoawheels.com\/p.js"},"jetpack_sharing_enabled":true,"_links":{"self":[{"href":"https:\/\/www.alcoawheels.com\/europe\/es\/wp-json\/wp\/v2\/pages\/21","targetHints":{"allow":["GET"]}}],"collection":[{"href":"https:\/\/www.alcoawheels.com\/europe\/es\/wp-json\/wp\/v2\/pages"}],"about":[{"href":"https:\/\/www.alcoawheels.com\/europe\/es\/wp-json\/wp\/v2\/types\/page"}],"author":[{"embeddable":true,"href":"https:\/\/www.alcoawheels.com\/europe\/es\/wp-json\/wp\/v2\/users\/44"}],"replies":[{"embeddable":true,"href":"https:\/\/www.alcoawheels.com\/europe\/es\/wp-json\/wp\/v2\/comments?post=21"}],"version-history":[{"count":23,"href":"https:\/\/www.alcoawheels.com\/europe\/es\/wp-json\/wp\/v2\/pages\/21\/revisions"}],"predecessor-version":[{"id":4094,"href":"https:\/\/www.alcoawheels.com\/europe\/es\/wp-json\/wp\/v2\/pages\/21\/revisions\/4094"}],"wp:attachment":[{"href":"https:\/\/www.alcoawheels.com\/europe\/es\/wp-json\/wp\/v2\/media?parent=21"}],"curies":[{"name":"wp","href":"https:\/\/api.w.org\/{rel}","templated":true}]}}