{"id":29,"date":"2023-05-25T18:36:58","date_gmt":"2023-05-25T18:36:58","guid":{"rendered":"https:\/\/www.alcoawheels.com\/europe\/es\/?page_id=29"},"modified":"2025-11-24T15:58:11","modified_gmt":"2025-11-24T14:58:11","slug":"aspecto","status":"publish","type":"page","link":"https:\/\/www.alcoawheels.com\/europe\/es\/aspecto\/","title":{"rendered":"Aspecto"},"content":{"rendered":"\n<div class=\"wp-block-alcoa-wheels-hero-banner-innerpage hero-banner with-image layout-2 overlayEnable align- vertical-align-\" style=\"background-color:#eee\"><img decoding=\"async\" src=\"https:\/\/www.alcoawheels.com\/europe\/es\/wp-content\/uploads\/sites\/12\/2023\/06\/appearance-banner.jpeg\" alt=\"Appearance Alcoa Wheels\" class=\"responsiveImage\"\/><div class=\"hero-banner__header\" style=\"text-align:center\"><div class=\"container\"><h1 class=\"hero-banner__header--title\">Aspecto<\/h1><\/div><\/div><\/div>\n\n\n\n<div style=\"height:50px\" aria-hidden=\"true\" class=\"wp-block-spacer spacer-fifty\"><\/div>\n\n\n\n<h3 class=\"wp-block-heading\" id=\"h-productos-accesorios-para-llantas-alcoa\">Productos accesorios para llantas Alcoa<sup>\u00ae<\/sup><\/h3>\n\n\n\n<p>El mantenimiento de sus ruedas Alcoa<sup>\u00ae<\/sup> es y debe ser una prioridad absoluta.<\/p>\n\n\n\n<p>1. Los productos accesorios para las ruedas Alcoa<sup>\u00ae<\/sup> se han desarrollado y seleccionado a lo largo de muchos a\u00f1os para mantener las ruedas en las mejores condiciones posibles y garantizar una larga vida \u00fatil.<\/p>\n\n\n\n<p>2. Los productos accesorios para las ruedas Alcoa<sup>\u00ae<\/sup> est\u00e1n disponibles a trav\u00e9s de nuestra red de distribuidores autorizados<\/p>\n\n\n\n<hr class=\"wp-block-separator has-text-color has-alpha-channel-opacity has-background is-style-wide\" style=\"background-color:#cccccc;color:#cccccc\"\/>\n\n\n\n<div class=\"wp-block-alcoa-wheels-zigzag media-list__body\" id=\"zigzag-main-dd37ab2b-fdde-4f03-8751-426b0a716ec7\"><div class=\"media-list__body_main  vertical-align-center  container row-reverse\">\n<div class=\"wp-block-alcoa-wheels-zigzag-item media-list-item\"><div class=\"media-list-item__box_content\"><div class=\"media-list-item__box_content_inner\">\n<h5 class=\"wp-block-heading\" id=\"h-alcover-abs-cromado-alcover\"><strong>Alcover: ABS cromado Alcover+<\/strong><\/h5>\n\n\n\n<p>Universal para tuercas con manguito Alcoa<sup>\u00ae<\/sup> Wheels con hex\u00e1gono de 32 y 33 mm.&#8221;<\/p>\n<\/div><\/div><div class=\"media-list-item__box_image\"><img loading=\"lazy\" decoding=\"async\" width=\"450\" height=\"323\" src=\"https:\/\/www.alcoawheels.com\/europe\/es\/wp-content\/uploads\/sites\/12\/2025\/08\/Alcover_chrome_plastic_web_450x323.jpg\" alt=\"Alcover: ABS cromado Alcover\"\/><\/div><\/div>\n\n\n\n<div class=\"wp-block-alcoa-wheels-zigzag-item media-list-item\"><div class=\"media-list-item__box_content\"><div class=\"media-list-item__box_content_inner\">\n<h5 class=\"wp-block-heading has-text-align-right\" id=\"h-alcover-acero-inoxidable\"><strong>ALcover: acero inoxidable<\/strong><\/h5>\n\n\n\n<p class=\"has-text-align-right\">Tapacabos de acero inoxidable de alta calidad con el logotipo Alcoa<sup>\u00ae<\/sup> en relieve. Disponible para tuercas con manguito para llantas Alcoa<sup>\u00ae<\/sup>. Tanto para hex\u00e1gonos de 32 como de 33 mm. Algrip, herramienta para instalar o retirar tapas de tuercas de acero, se puede pedir por separado.<\/p>\n<\/div><\/div><div class=\"media-list-item__box_image\"><img loading=\"lazy\" decoding=\"async\" width=\"450\" height=\"300\" src=\"https:\/\/www.alcoawheels.com\/europe\/es\/wp-content\/uploads\/sites\/12\/2025\/08\/ALcover-standard-steel-2025-web-resize.jpg\" alt=\"ALcover standard steel\"\/><\/div><\/div>\n\n\n\n<div class=\"wp-block-alcoa-wheels-zigzag-item media-list-item\"><div class=\"media-list-item__box_content\"><div class=\"media-list-item__box_content_inner\">\n<h5 class=\"wp-block-heading\" id=\"h-alcover-de-acero-inoxidable-extra-alto\"><strong>ALcover+ de acero inoxidable, extra alto.<\/strong><\/h5>\n\n\n\n<p>Capuchones de tuerca extra altos de acero inoxidable de alta calidad con el logotipo de llantas Alcoa<sup>\u00ae<\/sup> en relieve.<\/p>\n\n\n\n<p>IDEAL para veh\u00edculos con esp\u00e1rragos m\u00e1s largos. Disponible para tuercas de manga hexagonales de 32 mm y 33 mm.<\/p>\n<\/div><\/div><div class=\"media-list-item__box_image\"><img loading=\"lazy\" decoding=\"async\" width=\"450\" height=\"300\" src=\"https:\/\/www.alcoawheels.com\/europe\/es\/wp-content\/uploads\/sites\/12\/2025\/08\/ALcover_stainless_steel_nut_cover_box_1_450x300.jpg\" alt=\"ALcover+ stainless steel nut cover box\"\/><\/div><\/div>\n\n\n\n<div class=\"wp-block-alcoa-wheels-zigzag-item media-list-item\"><div class=\"media-list-item__box_content\"><div class=\"media-list-item__box_content_inner\">\n<h5 class=\"wp-block-heading\" id=\"h-algrip\"><strong>ALgrip<\/strong><\/h5>\n\n\n\n<p>Alicates para instalar y quitar las tapas de tuerca de acero inoxidable. Algrip, herramienta para instalar o retirar tapas de tuercas de acero, se puede pedir por separado.<\/p>\n<\/div><\/div><div class=\"media-list-item__box_image\"><img loading=\"lazy\" decoding=\"async\" width=\"450\" height=\"300\" src=\"https:\/\/www.alcoawheels.com\/europe\/es\/wp-content\/uploads\/sites\/12\/2023\/06\/appearance-ALgrip-thumbnail.jpg\" alt=\"ALgrip\"\/><\/div><\/div>\n<\/div><\/div>\n\n\n\n<hr class=\"wp-block-separator has-text-color has-alpha-channel-opacity has-background is-style-wide\" style=\"background-color:#cccccc;color:#cccccc\"\/>\n\n\n\n<div style=\"height:50px\" aria-hidden=\"true\" class=\"wp-block-spacer spacer-fifty\"><\/div>\n\n\n\n<p class=\"u-margin-b10\">Para m\u00e1s informaci\u00f3n:<\/p>\n\n\n\t\t<div class=\"wp-block-alcoa-product-literature\">\n\t\t\t<div class=\"product-literature-columns container wp-block-alcoa-wheels-related-documents\">\n\t\t\t\t\t\t\t\t\t<div class=\"literature-inner\">\n\t\t\t\t\t\t<div class=\"literature-inner-item\">\n\t\t\t\t\t\t\t<div class=\"pdf-lists-items\">\n\t\t\t\t\t\t\t\t\t\t\t\t\t\t\t\t\t\t\t\t\t\t\t\t\t\t<div class=\"pdf-files\">\n\t\t\t\t\t\t\t\t\t\t<a href=\"https:\/\/www.alcoawheels.com\/europe\/es\/wp-content\/uploads\/sites\/12\/2026\/02\/Alcoa-Wheels-Accessories-ES.pdf\" target=\"_blank\" class=\"pdf-file\">\n\t\t\t\t\t\t\t\t\t\t\tCat\u00e1logo de productos de accesorios para ALCOA<sup>\u00ae<\/sup> WHEELS\t\t\t\t\t\t\t\t\t\t<\/a>\n\t\t\t\t\t\t\t\t\t\t<div class=\"pdf-size\">2.93 MB<\/div>\n\t\t\t\t\t\t\t\t\t<\/div>\n\t\t\t\t\t\t\t\t\t\t\t\t\t\t\t<\/div>\n\t\t\t\t\t\t<\/div>\n\t\t\t\t\t<\/div>\n\t\t\t\t\t\t\t<\/div>\n\n\t\t<\/div>\n\n\n\n<div style=\"height:50px\" aria-hidden=\"true\" class=\"wp-block-spacer spacer-fifty\"><\/div>\n\n\n\n<div class=\"wp-block-alcoa-wheels-card-usecase-1 card-box-v1__body with-icon align-center vertical-align-center\" id=\"card_box_v1-b155eb31-beee-4e8c-af40-b6a4f2e709f7\"><div class=\"fullwidthcontainer\"><div class=\"card-box-v1__boxes has-4-columns\"><div class=\"card-box-v1__box  with-link \" style=\"background-color:#00afb9\"><img decoding=\"async\" src=\"https:\/\/www.alcoawheels.com\/europe\/es\/wp-content\/themes\/alcoa-wheels\/assets\/build\/js\/blocks\/card-usecase-1\/..\/..\/..\/images\/placeholder-image.db2b4d5c.jpeg\" alt=\"Contacto\"\/><div class=\"card-box-v1__box__inner pos-abs\"><div class=\"card-box-v1__box_icon\"><img loading=\"lazy\" decoding=\"async\" width=\"171\" height=\"171\" src=\"https:\/\/www.alcoawheels.com\/europe\/es\/wp-content\/uploads\/sites\/12\/2023\/06\/contact.png\" alt=\"\"\/><\/div><div class=\"card-box-v1__box_content\"><h4 style=\"color:#ffffff\">Contacto<\/h4><\/div><div class=\"btn-wrap\"><\/div><\/div><a href=\"\/europe\/es\/contacto\" aria-label=\"Contacto\"><\/a><\/div><div class=\"card-box-v1__box  with-link \" style=\"background-color:#34bfc7\"><img decoding=\"async\" src=\"https:\/\/www.alcoawheels.com\/europe\/es\/wp-content\/themes\/alcoa-wheels\/assets\/build\/js\/blocks\/card-usecase-1\/..\/..\/..\/images\/placeholder-image.db2b4d5c.jpeg\" alt=\"Gama de llantas\"\/><div class=\"card-box-v1__box__inner pos-abs\"><div class=\"card-box-v1__box_icon\"><img loading=\"lazy\" decoding=\"async\" width=\"169\" height=\"169\" src=\"https:\/\/www.alcoawheels.com\/europe\/es\/wp-content\/uploads\/sites\/12\/2023\/06\/product-search.png\" alt=\"\"\/><\/div><div class=\"card-box-v1__box_content\"><h4 style=\"color:#ffffff\">Gama de llantas<\/h4><\/div><div class=\"btn-wrap\"><\/div><\/div><a href=\"\/europe\/es\/gama-de-llantas\" aria-label=\"Gama de llantas\"><\/a><\/div><div class=\"card-box-v1__box  with-link \" style=\"background-color:#00afb9\"><img decoding=\"async\" src=\"https:\/\/www.alcoawheels.com\/europe\/es\/wp-content\/themes\/alcoa-wheels\/assets\/build\/js\/blocks\/card-usecase-1\/..\/..\/..\/images\/placeholder-image.db2b4d5c.jpeg\" alt=\"D\u00f3nde comprar\"\/><div class=\"card-box-v1__box__inner pos-abs\"><div class=\"card-box-v1__box_icon\"><img loading=\"lazy\" decoding=\"async\" width=\"169\" height=\"169\" src=\"https:\/\/www.alcoawheels.com\/europe\/es\/wp-content\/uploads\/sites\/12\/2023\/06\/where-to-buy.png\" alt=\"\"\/><\/div><div class=\"card-box-v1__box_content\"><h4 style=\"color:#ffffff\">D\u00f3nde comprar<\/h4><\/div><div class=\"btn-wrap\"><\/div><\/div><a href=\"\/europe\/es\/donde-comprar\" aria-label=\"D\u00f3nde comprar\"><\/a><\/div><div class=\"card-box-v1__box  with-link \" style=\"background-color:#34bfc7\"><img decoding=\"async\" src=\"https:\/\/www.alcoawheels.com\/europe\/es\/wp-content\/themes\/alcoa-wheels\/assets\/build\/js\/blocks\/card-usecase-1\/..\/..\/..\/images\/placeholder-image.db2b4d5c.jpeg\" alt=\"Documentaci\u00f3n Producto\"\/><div class=\"card-box-v1__box__inner pos-abs\"><div class=\"card-box-v1__box_icon\"><img loading=\"lazy\" decoding=\"async\" width=\"169\" height=\"169\" src=\"https:\/\/www.alcoawheels.com\/europe\/es\/wp-content\/uploads\/sites\/12\/2023\/06\/product-literature.png\" alt=\"\"\/><\/div><div class=\"card-box-v1__box_content\"><h4 style=\"color:#ffffff\">Documentaci\u00f3n Producto<\/h4><\/div><div class=\"btn-wrap\"><\/div><\/div><a href=\"\/europe\/es\/documentacion-producto\" aria-label=\"Documentaci\u00f3n Producto\"><\/a><\/div><\/div><\/div><\/div>\n","protected":false},"excerpt":{"rendered":"<p>Productos accesorios para llantas Alcoa\u00ae El mantenimiento de sus ruedas Alcoa\u00ae es y debe ser una prioridad absoluta. 1. Los productos accesorios para las ruedas Alcoa\u00ae se han desarrollado y seleccionado a lo largo de muchos a\u00f1os para mantener las ruedas en las mejores condiciones posibles y garantizar una larga vida \u00fatil. 2. Los productos [&hellip;]<\/p>\n","protected":false},"author":44,"featured_media":4098,"parent":0,"menu_order":0,"comment_status":"closed","ping_status":"closed","template":"","meta":{"_acf_changed":false,"protected_reviewer_email":"","editor_notices":[],"footnotes":""},"class_list":["post-29","page","type-page","status-publish","has-post-thumbnail","hentry"],"acf":[],"yoast_head":"<!-- This site is optimized with the Yoast SEO Premium plugin v27.4 (Yoast SEO v27.4) - https:\/\/yoast.com\/product\/yoast-seo-premium-wordpress\/ -->\n<title>Aspecto | Alcoa Wheels<\/title>\n<meta name=\"description\" content=\"Los productos accesorios Alcoa\u00ae Wheels han sido desarrollados y seleccionados a lo largo de muchos a\u00f1os con el fin de ayudar a mantener las llantas en el mejor estado posible. Ofrecemos Alcover de pl\u00e1stico cromado o acero inoxidable y ALgrip.\" \/>\n<meta name=\"robots\" content=\"index, follow, max-snippet:-1, max-image-preview:large, max-video-preview:-1\" \/>\n<link rel=\"canonical\" href=\"https:\/\/www.alcoawheels.com\/europe\/es\/aspecto\/\" \/>\n<meta property=\"og:locale\" content=\"en_US\" \/>\n<meta property=\"og:type\" content=\"article\" \/>\n<meta property=\"og:title\" content=\"Aspecto\" \/>\n<meta property=\"og:description\" content=\"Los productos accesorios Alcoa\u00ae Wheels han sido desarrollados y seleccionados a lo largo de muchos a\u00f1os con el fin de ayudar a mantener las llantas en el mejor estado posible. Ofrecemos Alcover de pl\u00e1stico cromado o acero inoxidable y ALgrip.\" \/>\n<meta property=\"og:url\" content=\"https:\/\/www.alcoawheels.com\/europe\/es\/aspecto\/\" \/>\n<meta property=\"og:site_name\" content=\"Europe Spanish\" \/>\n<meta property=\"article:modified_time\" content=\"2025-11-24T14:58:11+00:00\" \/>\n<meta property=\"og:image\" content=\"https:\/\/www.alcoawheels.com\/europe\/es\/wp-content\/uploads\/sites\/12\/2025\/11\/Alcover_chrome_plastic_box_and_Alcover_3pc_low-resize.jpg\" \/>\n\t<meta property=\"og:image:width\" content=\"450\" \/>\n\t<meta property=\"og:image:height\" content=\"300\" \/>\n\t<meta property=\"og:image:type\" content=\"image\/jpeg\" \/>\n<meta name=\"twitter:card\" content=\"summary_large_image\" \/>\n<meta name=\"twitter:label1\" content=\"Est. reading time\" \/>\n\t<meta name=\"twitter:data1\" content=\"5 minutes\" \/>\n<script type=\"application\/ld+json\" class=\"yoast-schema-graph\">{\"@context\":\"https:\\\/\\\/schema.org\",\"@graph\":[{\"@type\":\"WebPage\",\"@id\":\"https:\\\/\\\/www.alcoawheels.com\\\/europe\\\/es\\\/aspecto\\\/\",\"url\":\"https:\\\/\\\/www.alcoawheels.com\\\/europe\\\/es\\\/aspecto\\\/\",\"name\":\"Aspecto | Alcoa Wheels\",\"isPartOf\":{\"@id\":\"https:\\\/\\\/www.alcoawheels.com\\\/europe\\\/es\\\/#website\"},\"primaryImageOfPage\":{\"@id\":\"https:\\\/\\\/www.alcoawheels.com\\\/europe\\\/es\\\/aspecto\\\/#primaryimage\"},\"image\":{\"@id\":\"https:\\\/\\\/www.alcoawheels.com\\\/europe\\\/es\\\/aspecto\\\/#primaryimage\"},\"thumbnailUrl\":\"https:\\\/\\\/www.alcoawheels.com\\\/europe\\\/es\\\/wp-content\\\/uploads\\\/sites\\\/12\\\/2025\\\/11\\\/Alcover_chrome_plastic_box_and_Alcover_3pc_low-resize.jpg\",\"datePublished\":\"2023-05-25T18:36:58+00:00\",\"dateModified\":\"2025-11-24T14:58:11+00:00\",\"description\":\"Los productos accesorios Alcoa\u00ae Wheels han sido desarrollados y seleccionados a lo largo de muchos a\u00f1os con el fin de ayudar a mantener las llantas en el mejor estado posible. Ofrecemos Alcover de pl\u00e1stico cromado o acero inoxidable y ALgrip.\",\"breadcrumb\":{\"@id\":\"https:\\\/\\\/www.alcoawheels.com\\\/europe\\\/es\\\/aspecto\\\/#breadcrumb\"},\"inLanguage\":\"en-US\",\"potentialAction\":[{\"@type\":\"ReadAction\",\"target\":[\"https:\\\/\\\/www.alcoawheels.com\\\/europe\\\/es\\\/aspecto\\\/\"]}]},{\"@type\":\"ImageObject\",\"inLanguage\":\"en-US\",\"@id\":\"https:\\\/\\\/www.alcoawheels.com\\\/europe\\\/es\\\/aspecto\\\/#primaryimage\",\"url\":\"https:\\\/\\\/www.alcoawheels.com\\\/europe\\\/es\\\/wp-content\\\/uploads\\\/sites\\\/12\\\/2025\\\/11\\\/Alcover_chrome_plastic_box_and_Alcover_3pc_low-resize.jpg\",\"contentUrl\":\"https:\\\/\\\/www.alcoawheels.com\\\/europe\\\/es\\\/wp-content\\\/uploads\\\/sites\\\/12\\\/2025\\\/11\\\/Alcover_chrome_plastic_box_and_Alcover_3pc_low-resize.jpg\",\"width\":450,\"height\":300,\"caption\":\"Chromed plastic Alcovers\"},{\"@type\":\"BreadcrumbList\",\"@id\":\"https:\\\/\\\/www.alcoawheels.com\\\/europe\\\/es\\\/aspecto\\\/#breadcrumb\",\"itemListElement\":[{\"@type\":\"ListItem\",\"position\":1,\"name\":\"Home\",\"item\":\"https:\\\/\\\/www.alcoawheels.com\\\/europe\\\/es\\\/\"},{\"@type\":\"ListItem\",\"position\":2,\"name\":\"Aspecto\"}]},{\"@type\":\"WebSite\",\"@id\":\"https:\\\/\\\/www.alcoawheels.com\\\/europe\\\/es\\\/#website\",\"url\":\"https:\\\/\\\/www.alcoawheels.com\\\/europe\\\/es\\\/\",\"name\":\"Europe Spanish\",\"description\":\"\",\"publisher\":{\"@id\":\"https:\\\/\\\/www.alcoawheels.com\\\/europe\\\/es\\\/#organization\"},\"potentialAction\":[{\"@type\":\"SearchAction\",\"target\":{\"@type\":\"EntryPoint\",\"urlTemplate\":\"https:\\\/\\\/www.alcoawheels.com\\\/europe\\\/es\\\/?s={search_term_string}\"},\"query-input\":{\"@type\":\"PropertyValueSpecification\",\"valueRequired\":true,\"valueName\":\"search_term_string\"}}],\"inLanguage\":\"en-US\"},{\"@type\":\"Organization\",\"@id\":\"https:\\\/\\\/www.alcoawheels.com\\\/europe\\\/es\\\/#organization\",\"name\":\"Europe Spanish\",\"url\":\"https:\\\/\\\/www.alcoawheels.com\\\/europe\\\/es\\\/\",\"logo\":{\"@type\":\"ImageObject\",\"inLanguage\":\"en-US\",\"@id\":\"https:\\\/\\\/www.alcoawheels.com\\\/europe\\\/es\\\/#\\\/schema\\\/logo\\\/image\\\/\",\"url\":\"https:\\\/\\\/www.alcoawheels.com\\\/europe\\\/es\\\/wp-content\\\/uploads\\\/sites\\\/12\\\/2023\\\/05\\\/logo-black.gif\",\"contentUrl\":\"https:\\\/\\\/www.alcoawheels.com\\\/europe\\\/es\\\/wp-content\\\/uploads\\\/sites\\\/12\\\/2023\\\/05\\\/logo-black.gif\",\"width\":71,\"height\":64,\"caption\":\"Europe Spanish\"},\"image\":{\"@id\":\"https:\\\/\\\/www.alcoawheels.com\\\/europe\\\/es\\\/#\\\/schema\\\/logo\\\/image\\\/\"}}]}<\/script>\n<!-- \/ Yoast SEO Premium plugin. -->","yoast_head_json":{"title":"Aspecto | Alcoa Wheels","description":"Los productos accesorios Alcoa\u00ae Wheels han sido desarrollados y seleccionados a lo largo de muchos a\u00f1os con el fin de ayudar a mantener las llantas en el mejor estado posible. Ofrecemos Alcover de pl\u00e1stico cromado o acero inoxidable y ALgrip.","robots":{"index":"index","follow":"follow","max-snippet":"max-snippet:-1","max-image-preview":"max-image-preview:large","max-video-preview":"max-video-preview:-1"},"canonical":"https:\/\/www.alcoawheels.com\/europe\/es\/aspecto\/","og_locale":"en_US","og_type":"article","og_title":"Aspecto","og_description":"Los productos accesorios Alcoa\u00ae Wheels han sido desarrollados y seleccionados a lo largo de muchos a\u00f1os con el fin de ayudar a mantener las llantas en el mejor estado posible. Ofrecemos Alcover de pl\u00e1stico cromado o acero inoxidable y ALgrip.","og_url":"https:\/\/www.alcoawheels.com\/europe\/es\/aspecto\/","og_site_name":"Europe Spanish","article_modified_time":"2025-11-24T14:58:11+00:00","og_image":[{"width":450,"height":300,"url":"https:\/\/www.alcoawheels.com\/europe\/es\/wp-content\/uploads\/sites\/12\/2025\/11\/Alcover_chrome_plastic_box_and_Alcover_3pc_low-resize.jpg","type":"image\/jpeg"}],"twitter_card":"summary_large_image","twitter_misc":{"Est. reading time":"5 minutes"},"schema":{"@context":"https:\/\/schema.org","@graph":[{"@type":"WebPage","@id":"https:\/\/www.alcoawheels.com\/europe\/es\/aspecto\/","url":"https:\/\/www.alcoawheels.com\/europe\/es\/aspecto\/","name":"Aspecto | Alcoa Wheels","isPartOf":{"@id":"https:\/\/www.alcoawheels.com\/europe\/es\/#website"},"primaryImageOfPage":{"@id":"https:\/\/www.alcoawheels.com\/europe\/es\/aspecto\/#primaryimage"},"image":{"@id":"https:\/\/www.alcoawheels.com\/europe\/es\/aspecto\/#primaryimage"},"thumbnailUrl":"https:\/\/www.alcoawheels.com\/europe\/es\/wp-content\/uploads\/sites\/12\/2025\/11\/Alcover_chrome_plastic_box_and_Alcover_3pc_low-resize.jpg","datePublished":"2023-05-25T18:36:58+00:00","dateModified":"2025-11-24T14:58:11+00:00","description":"Los productos accesorios Alcoa\u00ae Wheels han sido desarrollados y seleccionados a lo largo de muchos a\u00f1os con el fin de ayudar a mantener las llantas en el mejor estado posible. Ofrecemos Alcover de pl\u00e1stico cromado o acero inoxidable y ALgrip.","breadcrumb":{"@id":"https:\/\/www.alcoawheels.com\/europe\/es\/aspecto\/#breadcrumb"},"inLanguage":"en-US","potentialAction":[{"@type":"ReadAction","target":["https:\/\/www.alcoawheels.com\/europe\/es\/aspecto\/"]}]},{"@type":"ImageObject","inLanguage":"en-US","@id":"https:\/\/www.alcoawheels.com\/europe\/es\/aspecto\/#primaryimage","url":"https:\/\/www.alcoawheels.com\/europe\/es\/wp-content\/uploads\/sites\/12\/2025\/11\/Alcover_chrome_plastic_box_and_Alcover_3pc_low-resize.jpg","contentUrl":"https:\/\/www.alcoawheels.com\/europe\/es\/wp-content\/uploads\/sites\/12\/2025\/11\/Alcover_chrome_plastic_box_and_Alcover_3pc_low-resize.jpg","width":450,"height":300,"caption":"Chromed plastic Alcovers"},{"@type":"BreadcrumbList","@id":"https:\/\/www.alcoawheels.com\/europe\/es\/aspecto\/#breadcrumb","itemListElement":[{"@type":"ListItem","position":1,"name":"Home","item":"https:\/\/www.alcoawheels.com\/europe\/es\/"},{"@type":"ListItem","position":2,"name":"Aspecto"}]},{"@type":"WebSite","@id":"https:\/\/www.alcoawheels.com\/europe\/es\/#website","url":"https:\/\/www.alcoawheels.com\/europe\/es\/","name":"Europe Spanish","description":"","publisher":{"@id":"https:\/\/www.alcoawheels.com\/europe\/es\/#organization"},"potentialAction":[{"@type":"SearchAction","target":{"@type":"EntryPoint","urlTemplate":"https:\/\/www.alcoawheels.com\/europe\/es\/?s={search_term_string}"},"query-input":{"@type":"PropertyValueSpecification","valueRequired":true,"valueName":"search_term_string"}}],"inLanguage":"en-US"},{"@type":"Organization","@id":"https:\/\/www.alcoawheels.com\/europe\/es\/#organization","name":"Europe Spanish","url":"https:\/\/www.alcoawheels.com\/europe\/es\/","logo":{"@type":"ImageObject","inLanguage":"en-US","@id":"https:\/\/www.alcoawheels.com\/europe\/es\/#\/schema\/logo\/image\/","url":"https:\/\/www.alcoawheels.com\/europe\/es\/wp-content\/uploads\/sites\/12\/2023\/05\/logo-black.gif","contentUrl":"https:\/\/www.alcoawheels.com\/europe\/es\/wp-content\/uploads\/sites\/12\/2023\/05\/logo-black.gif","width":71,"height":64,"caption":"Europe Spanish"},"image":{"@id":"https:\/\/www.alcoawheels.com\/europe\/es\/#\/schema\/logo\/image\/"}}]}},"parsely":{"version":"1.1.0","canonical_url":"https:\/\/alcoawheels.com\/europe\/es\/aspecto\/","smart_links":{"inbound":0,"outbound":0},"traffic_boost_suggestions_count":0,"meta":{"@context":"https:\/\/schema.org","@type":"WebPage","headline":"Aspecto","url":"http:\/\/www.alcoawheels.com\/europe\/es\/aspecto\/","mainEntityOfPage":{"@type":"WebPage","@id":"http:\/\/www.alcoawheels.com\/europe\/es\/aspecto\/"},"thumbnailUrl":"https:\/\/www.alcoawheels.com\/europe\/es\/wp-content\/uploads\/sites\/12\/2025\/11\/Alcover_chrome_plastic_box_and_Alcover_3pc_low-resize.jpg?w=150&h=150&crop=1","image":{"@type":"ImageObject","url":"https:\/\/www.alcoawheels.com\/europe\/es\/wp-content\/uploads\/sites\/12\/2025\/11\/Alcover_chrome_plastic_box_and_Alcover_3pc_low-resize.jpg"},"articleSection":"Uncategorized","author":[{"@type":"Person","name":"howmet"}],"creator":["howmet"],"publisher":{"@type":"Organization","name":"Europe Spanish","logo":""},"keywords":[],"dateCreated":"2023-05-25T18:36:58Z","datePublished":"2023-05-25T18:36:58Z","dateModified":"2025-11-24T14:58:11Z"},"rendered":"<script type=\"application\/ld+json\" class=\"wp-parsely-metadata\">{\"@context\":\"https:\\\/\\\/schema.org\",\"@type\":\"WebPage\",\"headline\":\"Aspecto\",\"url\":\"http:\\\/\\\/www.alcoawheels.com\\\/europe\\\/es\\\/aspecto\\\/\",\"mainEntityOfPage\":{\"@type\":\"WebPage\",\"@id\":\"http:\\\/\\\/www.alcoawheels.com\\\/europe\\\/es\\\/aspecto\\\/\"},\"thumbnailUrl\":\"https:\\\/\\\/www.alcoawheels.com\\\/europe\\\/es\\\/wp-content\\\/uploads\\\/sites\\\/12\\\/2025\\\/11\\\/Alcover_chrome_plastic_box_and_Alcover_3pc_low-resize.jpg?w=150&h=150&crop=1\",\"image\":{\"@type\":\"ImageObject\",\"url\":\"https:\\\/\\\/www.alcoawheels.com\\\/europe\\\/es\\\/wp-content\\\/uploads\\\/sites\\\/12\\\/2025\\\/11\\\/Alcover_chrome_plastic_box_and_Alcover_3pc_low-resize.jpg\"},\"articleSection\":\"Uncategorized\",\"author\":[{\"@type\":\"Person\",\"name\":\"howmet\"}],\"creator\":[\"howmet\"],\"publisher\":{\"@type\":\"Organization\",\"name\":\"Europe Spanish\",\"logo\":\"\"},\"keywords\":[],\"dateCreated\":\"2023-05-25T18:36:58Z\",\"datePublished\":\"2023-05-25T18:36:58Z\",\"dateModified\":\"2025-11-24T14:58:11Z\"}<\/script>","tracker_url":"https:\/\/cdn.parsely.com\/keys\/alcoawheels.com\/p.js"},"jetpack_sharing_enabled":true,"_links":{"self":[{"href":"https:\/\/www.alcoawheels.com\/europe\/es\/wp-json\/wp\/v2\/pages\/29","targetHints":{"allow":["GET"]}}],"collection":[{"href":"https:\/\/www.alcoawheels.com\/europe\/es\/wp-json\/wp\/v2\/pages"}],"about":[{"href":"https:\/\/www.alcoawheels.com\/europe\/es\/wp-json\/wp\/v2\/types\/page"}],"author":[{"embeddable":true,"href":"https:\/\/www.alcoawheels.com\/europe\/es\/wp-json\/wp\/v2\/users\/44"}],"replies":[{"embeddable":true,"href":"https:\/\/www.alcoawheels.com\/europe\/es\/wp-json\/wp\/v2\/comments?post=29"}],"version-history":[{"count":26,"href":"https:\/\/www.alcoawheels.com\/europe\/es\/wp-json\/wp\/v2\/pages\/29\/revisions"}],"predecessor-version":[{"id":4055,"href":"https:\/\/www.alcoawheels.com\/europe\/es\/wp-json\/wp\/v2\/pages\/29\/revisions\/4055"}],"wp:featuredmedia":[{"embeddable":true,"href":"https:\/\/www.alcoawheels.com\/europe\/es\/wp-json\/wp\/v2\/media\/4098"}],"wp:attachment":[{"href":"https:\/\/www.alcoawheels.com\/europe\/es\/wp-json\/wp\/v2\/media?parent=29"}],"curies":[{"name":"wp","href":"https:\/\/api.w.org\/{rel}","templated":true}]}}