{"id":48,"date":"2023-05-25T18:40:05","date_gmt":"2023-05-25T18:40:05","guid":{"rendered":"https:\/\/www.alcoawheels.com\/europe\/es\/?page_id=48"},"modified":"2025-06-09T21:34:44","modified_gmt":"2025-06-09T19:34:44","slug":"acerca-de","status":"publish","type":"page","link":"https:\/\/www.alcoawheels.com\/europe\/es\/acerca-de\/","title":{"rendered":"ALCOA<sup>\u00ae<\/sup>\u00a0WHEELS"},"content":{"rendered":"\n<div class=\"wp-block-alcoa-wheels-hero-banner-innerpage hero-banner with-image layout-2 overlayEnable align- vertical-align-\" style=\"background-color:#eee\"><img decoding=\"async\" src=\"https:\/\/www.alcoawheels.com\/europe\/es\/wp-content\/uploads\/sites\/12\/2023\/06\/about-banner.jpg\" alt=\"About Alcoa Wheels Arconic\" class=\"responsiveImage\"\/><div class=\"hero-banner__header\" style=\"text-align:center\"><div class=\"container\"><h1 class=\"hero-banner__header--title\">Acerca de ALCOA<sup>\u00ae<\/sup>\u00a0WHEELS<\/h1><\/div><\/div><\/div>\n\n\n\n<div style=\"height:50px\" aria-hidden=\"true\" class=\"wp-block-spacer spacer-fifty\"><\/div>\n\n\n\n<h3 class=\"wp-block-heading has-text-align-center\">Marca l\u00edder de llantas de aluminio<\/h3>\n\n\n\n<h4 class=\"wp-block-heading has-text-align-center\">Hicimos avanzar al sector del transporte con la primera llanta de aluminio forjado en 1948 y, desde entonces, la hemos reinventado.<\/h4>\n\n\n\n<h5 class=\"wp-block-heading\">ALCOA<sup>\u00ae<\/sup>&nbsp;WHEELS es una marca y producto de la unidad de negocio Howmet Wheel Systems, la cual es parte de Howmet Aerospace Inc. (anteriormente conocida como Arconic Inc).&nbsp;&nbsp;<br>En 2020, Arconic Inc. se separ\u00f3 en dos compa\u00f1\u00edas independientes (Howmet Aerospace Inc. y Arconic Corporation). Para los mercados europeos, Howmet produce ALCOA<sup>\u00ae<\/sup>&nbsp;WHEELS en sus instalaciones de fabricaci\u00f3n en Hungr\u00eda.<\/h5>\n\n\n\n<div class=\"wp-block-alcoa-wheels-zigzag media-list__body\" id=\"zigzag-main-76175082-45f2-4aa1-a2eb-4a34676fe245\"><div class=\"media-list__body_main  vertical-align-top  container row-reverse\">\n<div class=\"wp-block-alcoa-wheels-zigzag-item media-list-item\"><div class=\"media-list-item__box_content\"><div class=\"media-list-item__box_content_inner\">\n<h4 class=\"wp-block-heading\" id=\"h-1948\">1948<\/h4>\n\n\n\n<h5 class=\"wp-block-heading\" id=\"h-invencion-de-la-primera-llanta-de-aluminio-forjado-para-camiones\">Invenci\u00f3n de la primera llanta de aluminio forjado para camiones.<\/h5>\n<\/div><\/div><div class=\"media-list-item__box_image\"><img loading=\"lazy\" decoding=\"async\" width=\"748\" height=\"581\" src=\"https:\/\/www.alcoawheels.com\/europe\/es\/wp-content\/uploads\/sites\/12\/2023\/06\/about-1948-europe.jpeg\" alt=\"das erste geschmiedete Aluminium-LKW Rad\"\/><\/div><\/div>\n\n\n\n<div class=\"wp-block-alcoa-wheels-zigzag-item media-list-item\"><div class=\"media-list-item__box_content\"><div class=\"media-list-item__box_content_inner\">\n<h4 class=\"wp-block-heading has-text-align-right\" id=\"h-1978\">1978<\/h4>\n\n\n\n<h5 class=\"wp-block-heading has-text-align-right\" id=\"h-primeras-llantas-de-aluminio-para-camiones-introducidas-en-europa\">Primeras llantas de aluminio para camiones introducidas en Europa.<\/h5>\n<\/div><\/div><div class=\"media-list-item__box_image\"><img loading=\"lazy\" decoding=\"async\" width=\"751\" height=\"580\" src=\"https:\/\/www.alcoawheels.com\/europe\/es\/wp-content\/uploads\/sites\/12\/2023\/06\/about-1978-europe.jpeg\" alt=\"das erste geschmiedete Aluminium-LKW Rad Europa\"\/><\/div><\/div>\n\n\n\n<div class=\"wp-block-alcoa-wheels-zigzag-item media-list-item\"><div class=\"media-list-item__box_content\"><div class=\"media-list-item__box_content_inner\">\n<h4 class=\"wp-block-heading\" id=\"h-1997\">1997<\/h4>\n\n\n\n<h5 class=\"wp-block-heading\" id=\"h-abre-sus-puertas-en-hungria-la-plata-de-fabricacion-en-europa\">Abre sus puertas en Hungr\u00eda la plata de fabricaci\u00f3n en Europa.<\/h5>\n<\/div><\/div><div class=\"media-list-item__box_image\"><img loading=\"lazy\" decoding=\"async\" width=\"748\" height=\"580\" src=\"https:\/\/www.alcoawheels.com\/europe\/es\/wp-content\/uploads\/sites\/12\/2023\/06\/about-1997-europe.jpeg\" alt=\"Produktionsst\u00e4tte Ungarn 1997\"\/><\/div><\/div>\n\n\n\n<div class=\"wp-block-alcoa-wheels-zigzag-item media-list-item\"><div class=\"media-list-item__box_content\"><div class=\"media-list-item__box_content_inner\">\n<h4 class=\"wp-block-heading has-text-align-right\" id=\"h-2005\">2005<\/h4>\n\n\n\n<h5 class=\"wp-block-heading has-text-align-right\" id=\"h-presentacion-de-las-llantas-dura-flange-nbsp-que-ofrecen-una-mayor-proteccion-contra-el-desgaste-de-la-ceja-del-borde-de-la-llanta\">Presentaci\u00f3n de las llantas Dura-Flange<sup>\u00ae<\/sup>&nbsp;que ofrecen una mayor protecci\u00f3n contra el desgaste de la ceja del borde de la llanta.<\/h5>\n<\/div><\/div><div class=\"media-list-item__box_image\"><img loading=\"lazy\" decoding=\"async\" width=\"748\" height=\"582\" src=\"https:\/\/www.alcoawheels.com\/europe\/es\/wp-content\/uploads\/sites\/12\/2023\/06\/about-2005-europe.jpeg\" alt=\"Dura-Flange R\u00e4der\"\/><\/div><\/div>\n\n\n\n<div class=\"wp-block-alcoa-wheels-zigzag-item media-list-item\"><div class=\"media-list-item__box_content\"><div class=\"media-list-item__box_content_inner\">\n<h4 class=\"wp-block-heading\" id=\"h-2006\">2006<\/h4>\n\n\n\n<h5 class=\"wp-block-heading\" id=\"h-las-primeras-ventas-de-llantas-dura-bright-nbsp-de-facil-mantenimiento-en-europa\">Las primeras ventas de llantas Dura-Bright<sup>\u00ae<\/sup>&nbsp;de f\u00e1cil mantenimiento en Europa.<\/h5>\n<\/div><\/div><div class=\"media-list-item__box_image\"><img loading=\"lazy\" decoding=\"async\" width=\"751\" height=\"581\" src=\"https:\/\/www.alcoawheels.com\/europe\/es\/wp-content\/uploads\/sites\/12\/2023\/06\/about-2006-europe.jpeg\" alt=\"Einfache Wartung Dura-Bright R\u00e4der\"\/><\/div><\/div>\n\n\n\n<div class=\"wp-block-alcoa-wheels-zigzag-item media-list-item\"><div class=\"media-list-item__box_content\"><div class=\"media-list-item__box_content_inner\">\n<h4 class=\"wp-block-heading has-text-align-right\" id=\"h-2013\">2013<\/h4>\n\n\n\n<h5 class=\"wp-block-heading has-text-align-right\" id=\"h-lanzamiento-de-la-siguiente-generacion-de-llantas-dura-bright-nbsp-evo-en-europa\">Lanzamiento de la siguiente generaci\u00f3n de llantas Dura-Bright<sup>\u00ae<\/sup>&nbsp;EVO en Europa.<\/h5>\n<\/div><\/div><div class=\"media-list-item__box_image\"><img loading=\"lazy\" decoding=\"async\" width=\"748\" height=\"581\" src=\"https:\/\/www.alcoawheels.com\/europe\/es\/wp-content\/uploads\/sites\/12\/2023\/06\/about-2013-europe.jpeg\" alt=\"n\u00e4chste Generation Dura-Bright EVO R\u00e4der\"\/><\/div><\/div>\n\n\n\n<div class=\"wp-block-alcoa-wheels-zigzag-item media-list-item\"><div class=\"media-list-item__box_content\"><div class=\"media-list-item__box_content_inner\">\n<h4 class=\"wp-block-heading\" id=\"h-2015\">2015<\/h4>\n\n\n\n<h5 class=\"wp-block-heading\" id=\"h-introduccion-del-acabado-lvl-one-nbsp-en-europa\">Introducci\u00f3n del acabado LvL ONE<sup>\u00ae<\/sup>&nbsp;en Europa.<\/h5>\n<\/div><\/div><div class=\"media-list-item__box_image\"><img loading=\"lazy\" decoding=\"async\" width=\"749\" height=\"580\" src=\"https:\/\/www.alcoawheels.com\/europe\/es\/wp-content\/uploads\/sites\/12\/2023\/06\/about-2015-europe.jpeg\" alt=\"LvL One Ausf\u00fchrung\"\/><\/div><\/div>\n\n\n\n<div class=\"wp-block-alcoa-wheels-zigzag-item media-list-item\"><div class=\"media-list-item__box_content\"><div class=\"media-list-item__box_content_inner\">\n<h4 class=\"wp-block-heading has-text-align-right\" id=\"h-2016\">2016<\/h4>\n\n\n\n<h5 class=\"wp-block-heading has-text-align-right\" id=\"h-alcoa-se-divide-en-dos-companias-de-vanguardia-alcoa-inc-e-arconic-inc-alcoa-nbsp-wheels-se-convierte-en-la-marca-comercial-de-arconic-fabricada-por-arconic-wheels-and-transportation-products\">Alcoa se divide en dos compa\u00f1\u00edas de vanguardia: Alcoa Inc. e Arconic Inc. ALCOA<sup>\u00ae<\/sup>&nbsp;WHEELS se convierte en la marca comercial de Arconic fabricada por Arconic Wheels and Transportation Products.<\/h5>\n<\/div><\/div><div class=\"media-list-item__box_image\"><img loading=\"lazy\" decoding=\"async\" width=\"362\" height=\"282\" src=\"https:\/\/www.alcoawheels.com\/europe\/es\/wp-content\/uploads\/sites\/12\/2023\/06\/about-2016-europe.jpeg\" alt=\"Arconic Logo\"\/><\/div><\/div>\n\n\n\n<div class=\"wp-block-alcoa-wheels-zigzag-item media-list-item\"><div class=\"media-list-item__box_content\"><div class=\"media-list-item__box_content_inner\">\n<h4 class=\"wp-block-heading\" id=\"h-2019\">2019<\/h4>\n\n\n\n<h5 class=\"wp-block-heading\" id=\"h-introduccion-de-llantas-ultra-one-nbsp-alcoa-nbsp-con-tecnologia-de-aleacion-magnaforce-nbsp-en-europa\">Introducci\u00f3n de llantas Ultra ONE<sup>\u00ae<\/sup>&nbsp;Alcoa<sup>\u00ae<\/sup>&nbsp;con tecnolog\u00eda de aleaci\u00f3n MagnaForce<sup>\u00ae<\/sup>&nbsp;en Europa.<\/h5>\n<\/div><\/div><div class=\"media-list-item__box_image\"><img loading=\"lazy\" decoding=\"async\" width=\"1500\" height=\"998\" src=\"https:\/\/www.alcoawheels.com\/europe\/es\/wp-content\/uploads\/sites\/12\/2023\/06\/about-2019-europe.jpeg\" alt=\"ultra one\"\/><\/div><\/div>\n\n\n\n<div class=\"wp-block-alcoa-wheels-zigzag-item media-list-item\"><div class=\"media-list-item__box_content\"><div class=\"media-list-item__box_content_inner\">\n<h4 class=\"wp-block-heading has-text-align-right\" id=\"h-2020\">2020<\/h4>\n\n\n\n<h5 class=\"wp-block-heading has-text-align-right\" id=\"h-arconic-inc-se-separa-en-dos-companias-independientes-que-cotizan-en-bolsa-howmet-aerospace-inc-y-arconic-corporation-alcoa-nbsp-wheels-se-convierte-en-una-marca-de-productos-de-howmet-aerospace-fabricado-por-howmet-wheel-systems\">Arconic Inc. se separa en dos compa\u00f1\u00edas independientes, que cotizan en bolsa \u2013 Howmet Aerospace Inc. y Arconic Corporation. ALCOA<sup>\u00ae<\/sup>&nbsp;WHEELS se convierte en una marca de productos de Howmet Aerospace fabricado por Howmet Wheel Systems.<\/h5>\n<\/div><\/div><div class=\"media-list-item__box_image\"><img loading=\"lazy\" decoding=\"async\" width=\"500\" height=\"250\" src=\"https:\/\/www.alcoawheels.com\/europe\/es\/wp-content\/uploads\/sites\/12\/2023\/06\/about-2020-europe.png\" alt=\"howmet logo\"\/><\/div><\/div>\n<\/div><\/div>\n\n\n\n<div class=\"wp-block-alcoa-wheels-card-usecase-1 card-box-v1__body with-icon align-center vertical-align-center\" id=\"card_box_v1-b155eb31-beee-4e8c-af40-b6a4f2e709f7\"><div class=\"fullwidthcontainer\"><div class=\"card-box-v1__boxes has-4-columns\"><div class=\"card-box-v1__box  with-link \" style=\"background-color:#00afb9\"><img decoding=\"async\" src=\"https:\/\/www.alcoawheels.com\/europe\/es\/wp-content\/themes\/alcoa-wheels\/assets\/build\/js\/blocks\/card-usecase-1\/..\/..\/..\/images\/placeholder-image.db2b4d5c.jpeg\" alt=\"Contacto\"\/><div class=\"card-box-v1__box__inner pos-abs\"><div class=\"card-box-v1__box_icon\"><img loading=\"lazy\" decoding=\"async\" width=\"171\" height=\"171\" src=\"https:\/\/www.alcoawheels.com\/europe\/es\/wp-content\/uploads\/sites\/12\/2023\/06\/contact.png\" alt=\"\"\/><\/div><div class=\"card-box-v1__box_content\"><h4 style=\"color:#ffffff\">Contacto<\/h4><\/div><div class=\"btn-wrap\"><\/div><\/div><a href=\"\/europe\/es\/contacto\" aria-label=\"Contacto\"><\/a><\/div><div class=\"card-box-v1__box  with-link \" style=\"background-color:#34bfc7\"><img decoding=\"async\" src=\"https:\/\/www.alcoawheels.com\/europe\/es\/wp-content\/themes\/alcoa-wheels\/assets\/build\/js\/blocks\/card-usecase-1\/..\/..\/..\/images\/placeholder-image.db2b4d5c.jpeg\" alt=\"Gama de llantas\"\/><div class=\"card-box-v1__box__inner pos-abs\"><div class=\"card-box-v1__box_icon\"><img loading=\"lazy\" decoding=\"async\" width=\"169\" height=\"169\" src=\"https:\/\/www.alcoawheels.com\/europe\/es\/wp-content\/uploads\/sites\/12\/2023\/06\/product-search.png\" alt=\"\"\/><\/div><div class=\"card-box-v1__box_content\"><h4 style=\"color:#ffffff\">Gama de llantas<\/h4><\/div><div class=\"btn-wrap\"><\/div><\/div><a href=\"\/europe\/es\/gama-de-llantas\" aria-label=\"Gama de llantas\"><\/a><\/div><div class=\"card-box-v1__box  with-link \" style=\"background-color:#00afb9\"><img decoding=\"async\" src=\"https:\/\/www.alcoawheels.com\/europe\/es\/wp-content\/themes\/alcoa-wheels\/assets\/build\/js\/blocks\/card-usecase-1\/..\/..\/..\/images\/placeholder-image.db2b4d5c.jpeg\" alt=\"D\u00f3nde comprar\"\/><div class=\"card-box-v1__box__inner pos-abs\"><div class=\"card-box-v1__box_icon\"><img loading=\"lazy\" decoding=\"async\" width=\"169\" height=\"169\" src=\"https:\/\/www.alcoawheels.com\/europe\/es\/wp-content\/uploads\/sites\/12\/2023\/06\/where-to-buy.png\" alt=\"\"\/><\/div><div class=\"card-box-v1__box_content\"><h4 style=\"color:#ffffff\">D\u00f3nde comprar<\/h4><\/div><div class=\"btn-wrap\"><\/div><\/div><a href=\"\/europe\/es\/donde-comprar\" aria-label=\"D\u00f3nde comprar\"><\/a><\/div><div class=\"card-box-v1__box  with-link \" style=\"background-color:#34bfc7\"><img decoding=\"async\" src=\"https:\/\/www.alcoawheels.com\/europe\/es\/wp-content\/themes\/alcoa-wheels\/assets\/build\/js\/blocks\/card-usecase-1\/..\/..\/..\/images\/placeholder-image.db2b4d5c.jpeg\" alt=\"Documentaci\u00f3n Producto\"\/><div class=\"card-box-v1__box__inner pos-abs\"><div class=\"card-box-v1__box_icon\"><img loading=\"lazy\" decoding=\"async\" width=\"169\" height=\"169\" src=\"https:\/\/www.alcoawheels.com\/europe\/es\/wp-content\/uploads\/sites\/12\/2023\/06\/product-literature.png\" alt=\"\"\/><\/div><div class=\"card-box-v1__box_content\"><h4 style=\"color:#ffffff\">Documentaci\u00f3n Producto<\/h4><\/div><div class=\"btn-wrap\"><\/div><\/div><a href=\"\/europe\/es\/documentacion-producto\" aria-label=\"Documentaci\u00f3n Producto\"><\/a><\/div><\/div><\/div><\/div>\n","protected":false},"excerpt":{"rendered":"<p>Marca l\u00edder de llantas de aluminio Hicimos avanzar al sector del transporte con la primera llanta de aluminio forjado en 1948 y, desde entonces, la hemos reinventado. ALCOA\u00ae&nbsp;WHEELS es una marca y producto de la unidad de negocio Howmet Wheel Systems, la cual es parte de Howmet Aerospace Inc. (anteriormente conocida como Arconic Inc).&nbsp;&nbsp;En 2020, [&hellip;]<\/p>\n","protected":false},"author":44,"featured_media":0,"parent":0,"menu_order":0,"comment_status":"closed","ping_status":"closed","template":"","meta":{"_acf_changed":false,"protected_reviewer_email":"","editor_notices":[],"footnotes":""},"class_list":["post-48","page","type-page","status-publish","hentry"],"acf":[],"yoast_head":"<!-- This site is optimized with the Yoast SEO Premium plugin v27.2 (Yoast SEO v27.2) - https:\/\/yoast.com\/product\/yoast-seo-premium-wordpress\/ -->\n<title>Acerca de | Alcoa Wheels<\/title>\n<meta name=\"description\" content=\"ALCOA \u00ae WHEELS es la marca l\u00edder de llantas de aluminio. Hicimos avanzar al sector del transporte con la primera llanta de aluminio forjado en 1948 y, desde entonces, la hemos reinventado.\" \/>\n<meta name=\"robots\" content=\"index, follow, max-snippet:-1, max-image-preview:large, max-video-preview:-1\" \/>\n<link rel=\"canonical\" href=\"https:\/\/www.alcoawheels.com\/europe\/es\/acerca-de\/\" \/>\n<meta property=\"og:locale\" content=\"en_US\" \/>\n<meta property=\"og:type\" content=\"article\" \/>\n<meta property=\"og:title\" content=\"ALCOA\u00ae\u00a0WHEELS\" \/>\n<meta property=\"og:description\" content=\"ALCOA \u00ae WHEELS es la marca l\u00edder de llantas de aluminio. Hicimos avanzar al sector del transporte con la primera llanta de aluminio forjado en 1948 y, desde entonces, la hemos reinventado.\" \/>\n<meta property=\"og:url\" content=\"https:\/\/www.alcoawheels.com\/europe\/es\/acerca-de\/\" \/>\n<meta property=\"og:site_name\" content=\"Europe Spanish\" \/>\n<meta property=\"article:modified_time\" content=\"2025-06-09T19:34:44+00:00\" \/>\n<meta property=\"og:image\" content=\"https:\/\/www.alcoawheels.com\/europe\/es\/wp-content\/uploads\/sites\/12\/2023\/06\/about-banner.jpg\" \/>\n<meta name=\"twitter:card\" content=\"summary_large_image\" \/>\n<meta name=\"twitter:label1\" content=\"Est. reading time\" \/>\n\t<meta name=\"twitter:data1\" content=\"6 minutes\" \/>\n<script type=\"application\/ld+json\" class=\"yoast-schema-graph\">{\"@context\":\"https:\/\/schema.org\",\"@graph\":[{\"@type\":\"WebPage\",\"@id\":\"https:\/\/www.alcoawheels.com\/europe\/es\/acerca-de\/\",\"url\":\"https:\/\/www.alcoawheels.com\/europe\/es\/acerca-de\/\",\"name\":\"Acerca de | Alcoa Wheels\",\"isPartOf\":{\"@id\":\"https:\/\/www.alcoawheels.com\/europe\/es\/#website\"},\"primaryImageOfPage\":{\"@id\":\"https:\/\/www.alcoawheels.com\/europe\/es\/acerca-de\/#primaryimage\"},\"image\":{\"@id\":\"https:\/\/www.alcoawheels.com\/europe\/es\/acerca-de\/#primaryimage\"},\"thumbnailUrl\":\"https:\/\/www.alcoawheels.com\/europe\/es\/wp-content\/uploads\/sites\/12\/2023\/06\/about-banner.jpg\",\"datePublished\":\"2023-05-25T18:40:05+00:00\",\"dateModified\":\"2025-06-09T19:34:44+00:00\",\"description\":\"ALCOA \u00ae WHEELS es la marca l\u00edder de llantas de aluminio. Hicimos avanzar al sector del transporte con la primera llanta de aluminio forjado en 1948 y, desde entonces, la hemos reinventado.\",\"breadcrumb\":{\"@id\":\"https:\/\/www.alcoawheels.com\/europe\/es\/acerca-de\/#breadcrumb\"},\"inLanguage\":\"en-US\",\"potentialAction\":[{\"@type\":\"ReadAction\",\"target\":[\"https:\/\/www.alcoawheels.com\/europe\/es\/acerca-de\/\"]}]},{\"@type\":\"ImageObject\",\"inLanguage\":\"en-US\",\"@id\":\"https:\/\/www.alcoawheels.com\/europe\/es\/acerca-de\/#primaryimage\",\"url\":\"https:\/\/www.alcoawheels.com\/europe\/es\/wp-content\/uploads\/sites\/12\/2023\/06\/about-banner.jpg\",\"contentUrl\":\"https:\/\/www.alcoawheels.com\/europe\/es\/wp-content\/uploads\/sites\/12\/2023\/06\/about-banner.jpg\",\"width\":1440,\"height\":400,\"caption\":\"About Alcoa Wheels Arconic\"},{\"@type\":\"BreadcrumbList\",\"@id\":\"https:\/\/www.alcoawheels.com\/europe\/es\/acerca-de\/#breadcrumb\",\"itemListElement\":[{\"@type\":\"ListItem\",\"position\":1,\"name\":\"Home\",\"item\":\"https:\/\/www.alcoawheels.com\/europe\/es\/\"},{\"@type\":\"ListItem\",\"position\":2,\"name\":\"ALCOA\u00ae\u00a0WHEELS\"}]},{\"@type\":\"WebSite\",\"@id\":\"https:\/\/www.alcoawheels.com\/europe\/es\/#website\",\"url\":\"https:\/\/www.alcoawheels.com\/europe\/es\/\",\"name\":\"Europe Spanish\",\"description\":\"\",\"publisher\":{\"@id\":\"https:\/\/www.alcoawheels.com\/europe\/es\/#organization\"},\"potentialAction\":[{\"@type\":\"SearchAction\",\"target\":{\"@type\":\"EntryPoint\",\"urlTemplate\":\"https:\/\/www.alcoawheels.com\/europe\/es\/?s={search_term_string}\"},\"query-input\":{\"@type\":\"PropertyValueSpecification\",\"valueRequired\":true,\"valueName\":\"search_term_string\"}}],\"inLanguage\":\"en-US\"},{\"@type\":\"Organization\",\"@id\":\"https:\/\/www.alcoawheels.com\/europe\/es\/#organization\",\"name\":\"Europe Spanish\",\"url\":\"https:\/\/www.alcoawheels.com\/europe\/es\/\",\"logo\":{\"@type\":\"ImageObject\",\"inLanguage\":\"en-US\",\"@id\":\"https:\/\/www.alcoawheels.com\/europe\/es\/#\/schema\/logo\/image\/\",\"url\":\"https:\/\/www.alcoawheels.com\/europe\/es\/wp-content\/uploads\/sites\/12\/2023\/05\/logo-black.gif\",\"contentUrl\":\"https:\/\/www.alcoawheels.com\/europe\/es\/wp-content\/uploads\/sites\/12\/2023\/05\/logo-black.gif\",\"width\":71,\"height\":64,\"caption\":\"Europe Spanish\"},\"image\":{\"@id\":\"https:\/\/www.alcoawheels.com\/europe\/es\/#\/schema\/logo\/image\/\"}}]}<\/script>\n<!-- \/ Yoast SEO Premium plugin. -->","yoast_head_json":{"title":"Acerca de | Alcoa Wheels","description":"ALCOA \u00ae WHEELS es la marca l\u00edder de llantas de aluminio. Hicimos avanzar al sector del transporte con la primera llanta de aluminio forjado en 1948 y, desde entonces, la hemos reinventado.","robots":{"index":"index","follow":"follow","max-snippet":"max-snippet:-1","max-image-preview":"max-image-preview:large","max-video-preview":"max-video-preview:-1"},"canonical":"https:\/\/www.alcoawheels.com\/europe\/es\/acerca-de\/","og_locale":"en_US","og_type":"article","og_title":"ALCOA\u00ae\u00a0WHEELS","og_description":"ALCOA \u00ae WHEELS es la marca l\u00edder de llantas de aluminio. Hicimos avanzar al sector del transporte con la primera llanta de aluminio forjado en 1948 y, desde entonces, la hemos reinventado.","og_url":"https:\/\/www.alcoawheels.com\/europe\/es\/acerca-de\/","og_site_name":"Europe Spanish","article_modified_time":"2025-06-09T19:34:44+00:00","og_image":[{"url":"https:\/\/www.alcoawheels.com\/europe\/es\/wp-content\/uploads\/sites\/12\/2023\/06\/about-banner.jpg","type":"","width":"","height":""}],"twitter_card":"summary_large_image","twitter_misc":{"Est. reading time":"6 minutes"},"schema":{"@context":"https:\/\/schema.org","@graph":[{"@type":"WebPage","@id":"https:\/\/www.alcoawheels.com\/europe\/es\/acerca-de\/","url":"https:\/\/www.alcoawheels.com\/europe\/es\/acerca-de\/","name":"Acerca de | Alcoa Wheels","isPartOf":{"@id":"https:\/\/www.alcoawheels.com\/europe\/es\/#website"},"primaryImageOfPage":{"@id":"https:\/\/www.alcoawheels.com\/europe\/es\/acerca-de\/#primaryimage"},"image":{"@id":"https:\/\/www.alcoawheels.com\/europe\/es\/acerca-de\/#primaryimage"},"thumbnailUrl":"https:\/\/www.alcoawheels.com\/europe\/es\/wp-content\/uploads\/sites\/12\/2023\/06\/about-banner.jpg","datePublished":"2023-05-25T18:40:05+00:00","dateModified":"2025-06-09T19:34:44+00:00","description":"ALCOA \u00ae WHEELS es la marca l\u00edder de llantas de aluminio. Hicimos avanzar al sector del transporte con la primera llanta de aluminio forjado en 1948 y, desde entonces, la hemos reinventado.","breadcrumb":{"@id":"https:\/\/www.alcoawheels.com\/europe\/es\/acerca-de\/#breadcrumb"},"inLanguage":"en-US","potentialAction":[{"@type":"ReadAction","target":["https:\/\/www.alcoawheels.com\/europe\/es\/acerca-de\/"]}]},{"@type":"ImageObject","inLanguage":"en-US","@id":"https:\/\/www.alcoawheels.com\/europe\/es\/acerca-de\/#primaryimage","url":"https:\/\/www.alcoawheels.com\/europe\/es\/wp-content\/uploads\/sites\/12\/2023\/06\/about-banner.jpg","contentUrl":"https:\/\/www.alcoawheels.com\/europe\/es\/wp-content\/uploads\/sites\/12\/2023\/06\/about-banner.jpg","width":1440,"height":400,"caption":"About Alcoa Wheels Arconic"},{"@type":"BreadcrumbList","@id":"https:\/\/www.alcoawheels.com\/europe\/es\/acerca-de\/#breadcrumb","itemListElement":[{"@type":"ListItem","position":1,"name":"Home","item":"https:\/\/www.alcoawheels.com\/europe\/es\/"},{"@type":"ListItem","position":2,"name":"ALCOA\u00ae\u00a0WHEELS"}]},{"@type":"WebSite","@id":"https:\/\/www.alcoawheels.com\/europe\/es\/#website","url":"https:\/\/www.alcoawheels.com\/europe\/es\/","name":"Europe Spanish","description":"","publisher":{"@id":"https:\/\/www.alcoawheels.com\/europe\/es\/#organization"},"potentialAction":[{"@type":"SearchAction","target":{"@type":"EntryPoint","urlTemplate":"https:\/\/www.alcoawheels.com\/europe\/es\/?s={search_term_string}"},"query-input":{"@type":"PropertyValueSpecification","valueRequired":true,"valueName":"search_term_string"}}],"inLanguage":"en-US"},{"@type":"Organization","@id":"https:\/\/www.alcoawheels.com\/europe\/es\/#organization","name":"Europe Spanish","url":"https:\/\/www.alcoawheels.com\/europe\/es\/","logo":{"@type":"ImageObject","inLanguage":"en-US","@id":"https:\/\/www.alcoawheels.com\/europe\/es\/#\/schema\/logo\/image\/","url":"https:\/\/www.alcoawheels.com\/europe\/es\/wp-content\/uploads\/sites\/12\/2023\/05\/logo-black.gif","contentUrl":"https:\/\/www.alcoawheels.com\/europe\/es\/wp-content\/uploads\/sites\/12\/2023\/05\/logo-black.gif","width":71,"height":64,"caption":"Europe Spanish"},"image":{"@id":"https:\/\/www.alcoawheels.com\/europe\/es\/#\/schema\/logo\/image\/"}}]}},"parsely":{"version":"1.1.0","canonical_url":"https:\/\/alcoawheels.com\/europe\/es\/acerca-de\/","smart_links":{"inbound":0,"outbound":0},"traffic_boost_suggestions_count":0,"meta":{"@context":"https:\/\/schema.org","@type":"WebPage","headline":"ALCOA\u00ae\u00a0WHEELS","url":"http:\/\/www.alcoawheels.com\/europe\/es\/acerca-de\/","mainEntityOfPage":{"@type":"WebPage","@id":"http:\/\/www.alcoawheels.com\/europe\/es\/acerca-de\/"},"thumbnailUrl":"","image":{"@type":"ImageObject","url":""},"articleSection":"Uncategorized","author":[{"@type":"Person","name":"howmet"}],"creator":["howmet"],"publisher":{"@type":"Organization","name":"Europe Spanish","logo":""},"keywords":[],"dateCreated":"2023-05-25T18:40:05Z","datePublished":"2023-05-25T18:40:05Z","dateModified":"2025-06-09T19:34:44Z"},"rendered":"<script type=\"application\/ld+json\" class=\"wp-parsely-metadata\">{\"@context\":\"https:\\\/\\\/schema.org\",\"@type\":\"WebPage\",\"headline\":\"ALCOA\\u00ae\\u00a0WHEELS\",\"url\":\"http:\\\/\\\/www.alcoawheels.com\\\/europe\\\/es\\\/acerca-de\\\/\",\"mainEntityOfPage\":{\"@type\":\"WebPage\",\"@id\":\"http:\\\/\\\/www.alcoawheels.com\\\/europe\\\/es\\\/acerca-de\\\/\"},\"thumbnailUrl\":\"\",\"image\":{\"@type\":\"ImageObject\",\"url\":\"\"},\"articleSection\":\"Uncategorized\",\"author\":[{\"@type\":\"Person\",\"name\":\"howmet\"}],\"creator\":[\"howmet\"],\"publisher\":{\"@type\":\"Organization\",\"name\":\"Europe Spanish\",\"logo\":\"\"},\"keywords\":[],\"dateCreated\":\"2023-05-25T18:40:05Z\",\"datePublished\":\"2023-05-25T18:40:05Z\",\"dateModified\":\"2025-06-09T19:34:44Z\"}<\/script>","tracker_url":"https:\/\/cdn.parsely.com\/keys\/alcoawheels.com\/p.js"},"jetpack_sharing_enabled":true,"_links":{"self":[{"href":"https:\/\/www.alcoawheels.com\/europe\/es\/wp-json\/wp\/v2\/pages\/48","targetHints":{"allow":["GET"]}}],"collection":[{"href":"https:\/\/www.alcoawheels.com\/europe\/es\/wp-json\/wp\/v2\/pages"}],"about":[{"href":"https:\/\/www.alcoawheels.com\/europe\/es\/wp-json\/wp\/v2\/types\/page"}],"author":[{"embeddable":true,"href":"https:\/\/www.alcoawheels.com\/europe\/es\/wp-json\/wp\/v2\/users\/44"}],"replies":[{"embeddable":true,"href":"https:\/\/www.alcoawheels.com\/europe\/es\/wp-json\/wp\/v2\/comments?post=48"}],"version-history":[{"count":16,"href":"https:\/\/www.alcoawheels.com\/europe\/es\/wp-json\/wp\/v2\/pages\/48\/revisions"}],"predecessor-version":[{"id":3952,"href":"https:\/\/www.alcoawheels.com\/europe\/es\/wp-json\/wp\/v2\/pages\/48\/revisions\/3952"}],"wp:attachment":[{"href":"https:\/\/www.alcoawheels.com\/europe\/es\/wp-json\/wp\/v2\/media?parent=48"}],"curies":[{"name":"wp","href":"https:\/\/api.w.org\/{rel}","templated":true}]}}