{"id":16,"date":"2023-05-26T05:29:05","date_gmt":"2023-05-26T05:29:05","guid":{"rendered":"https:\/\/www.alcoawheels.com\/europe\/fi\/?page_id=16"},"modified":"2025-11-20T21:05:10","modified_gmt":"2025-11-20T19:05:10","slug":"sovellukset","status":"publish","type":"page","link":"https:\/\/www.alcoawheels.com\/europe\/fi\/sovellukset\/","title":{"rendered":"Sovellukset"},"content":{"rendered":"\n<div class=\"wp-block-alcoa-wheels-hero-banner-innerpage hero-banner with-image layout-2 overlayEnable align- vertical-align- align-center vertical-align-center\" style=\"background-color:#eee\"><img decoding=\"async\" src=\"https:\/\/www.alcoawheels.com\/europe\/fi\/wp-content\/uploads\/sites\/14\/2023\/06\/applications-banner.jpeg\" alt=\"Alcoa Wheels application\" class=\"responsiveImage\"\/><div class=\"hero-banner__header\" style=\"text-align:center\"><div class=\"container\"><h1 class=\"hero-banner__header--title\">Sovellukset<\/h1><\/div><\/div><\/div>\n\n\n\n<div style=\"height:50px\" aria-hidden=\"true\" class=\"wp-block-spacer spacer-fifty\"><\/div>\n\n\n\n<h2 class=\"wp-block-heading has-text-align-center\" id=\"raskaat-kuorma-autot-ja-per\u00e4vaunut\">Keskiraskaat ja raskaat kuorma-autot sek\u00e4 per\u00e4vaunut<\/h2>\n\n\n\n<div style=\"height:50px\" aria-hidden=\"true\" class=\"wp-block-spacer spacer-fifty\"><\/div>\n\n\n\n<div class=\"wp-block-alcoa-wheels-zigzag media-list__body\" id=\"zigzag-main-f09c56b9-a904-418f-a4c8-bee3ab7dd016\"><div class=\"media-list__body_main  vertical-align-center  fullWidth\">\n<div class=\"wp-block-alcoa-wheels-zigzag-item media-list-item\"><div class=\"media-list-item__box_content\"><div class=\"media-list-item__box_content_inner\">\n<p>Koe\u00a0<a href=\"\/europe\/fi\/edut\/#painoasaastava\">painos\u00e4\u00e4st\u00f6<\/a>\u00a0optimoitu lujuus ja kest\u00e4vyys kuorma-auto- ja per\u00e4vaunusovelluksiin. Alcoa<sup>\u00ae<\/sup>-vanteet tuovat mukanaan painons\u00e4\u00e4st\u00f6\u00e4.<\/p>\n\n\n\n<div id=\"list-bdaa4ccd-8fcf-4727-b1fa-110d8441c0b5\" class=\"wp-block-alcoa-wheels-list-basic list\"><style>#list-bdaa4ccd-8fcf-4727-b1fa-110d8441c0b5 .listul.with-icn li span.list--item:before{background-image:url(https:\/\/www.alcoawheels.com\/europe\/fi\/wp-content\/uploads\/sites\/14\/2023\/05\/wheel-bullet.jpg);}<\/style><ul class=\"listul with-icn\"><li><span class=\"list--item\">Paranna tuottavuutta<\/span><\/li><li><span class=\"list--item\">V\u00e4henn\u00e4 huoltotarvetta<\/span><\/li><li><span class=\"list--item\">Alenna k\u00e4ytt\u00f6kustannuksia<\/span><\/li><li><span class=\"list--item\">Alenna hiilidioksidip\u00e4\u00e4st\u00f6j\u00e4<\/span><\/li><li><span class=\"list--item\">Paranna ulkoasua<\/span><\/li><\/ul><\/div>\n\n\n\n<p>Tarjoamme laajan ratkaisuvalikoiman kaikkiin haasteisiin. Jokainen Alcoa<sup>\u00ae<\/sup>-vanne parantaa lujuutta ja kest\u00e4vyytt\u00e4, v\u00e4hent\u00e4\u00e4 painoa ja tuo lis\u00e4\u00e4 hy\u00f6tykuormaa.<\/p>\n\n\n\n<p>Saatavilla on useita kokoja, viimeistelyvaihtoehtoja ja pintak\u00e4sittelyj\u00e4 tiettyihin k\u00e4ytt\u00f6tarkoituksiin.<\/p>\n\n\n\n<p>&nbsp;Katso lis\u00e4tietoja vannevalikoimasta napsauttamalla&nbsp;<a href=\"\/europe\/fi\/vannevalikoima\">t\u00e4st\u00e4<\/a>.<\/p>\n<\/div><\/div><div class=\"media-list-item__box_image\"><img loading=\"lazy\" decoding=\"async\" width=\"800\" height=\"800\" src=\"https:\/\/www.alcoawheels.com\/europe\/fi\/wp-content\/uploads\/sites\/14\/2023\/06\/applications-heavy-duty.jpg\" alt=\"Heavy duty trucks &amp; trailers example\"\/><\/div><\/div>\n<\/div><\/div>\n\n\n\n<div style=\"height:50px\" aria-hidden=\"true\" class=\"wp-block-spacer spacer-fifty\"><\/div>\n\n\n\n<hr class=\"wp-block-separator has-text-color has-alpha-channel-opacity has-background is-style-wide\" style=\"background-color:#cccccc;color:#cccccc\"\/>\n\n\n\n<div style=\"height:50px\" aria-hidden=\"true\" class=\"wp-block-spacer spacer-fifty\"><\/div>\n\n\n\n<h2 class=\"wp-block-heading has-text-align-center\" id=\"linja-autoliikenne\">Linja-autoliikenne<\/h2>\n\n\n\n<div style=\"height:50px\" aria-hidden=\"true\" class=\"wp-block-spacer spacer-fifty\"><\/div>\n\n\n\n<div class=\"wp-block-alcoa-wheels-zigzag media-list__body\" id=\"zigzag-main-f09c56b9-a904-418f-a4c8-bee3ab7dd016\"><div class=\"media-list__body_main  vertical-align-center  fullWidth\">\n<div class=\"wp-block-alcoa-wheels-zigzag-item media-list-item\"><div class=\"media-list-item__box_content\"><div class=\"media-list-item__box_content_inner\">\n<p>Alcoa<sup>\u00ae<\/sup>-vanteet voivat edist\u00e4\u00e4<\/p>\n\n\n\n<div id=\"list-ee0f9b46-dc6f-4c1f-830c-c10e4eff0f19\" class=\"wp-block-alcoa-wheels-list-basic list\"><style>#list-ee0f9b46-dc6f-4c1f-830c-c10e4eff0f19 .listul.with-icn li span.list--item:before{background-image:url(https:\/\/www.alcoawheels.com\/europe\/fi\/wp-content\/uploads\/sites\/14\/2023\/05\/wheel-bullet.jpg);}<\/style><ul class=\"listul with-icn\"><li><span class=\"list--item\">Parantamaan ajoneuvon suorituskyky\u00e4<\/span><\/li><li><span class=\"list--item\">Parantamaan ulkoasua<\/span><\/li><li><span class=\"list--item\">V\u00e4hent\u00e4m\u00e4\u00e4n huollon tarvetta<\/span><\/li><li><span class=\"list--item\"><a href=\"\/europe\/fi\/edut\/#painoasaastava\">Kevent\u00e4m\u00e4\u00e4n ajoneuvoa<\/a><\/span><\/li><li><span class=\"list--item\">Alentamaan k\u00e4ytt\u00f6kustannuksia<\/span><\/li><li><span class=\"list--item\">Pienempi CO2-ekvivalentti<\/span><\/li><\/ul><\/div>\n\n\n\n<p>Tarjoamme laajan valikoiman ratkaisuja kaikkiin haasteisiin.\u00a0<\/p>\n\n\n\n<p>Saatavilla on useita kokoja, viimeistelyvaihtoehtoja ja pintak\u00e4sittelyj\u00e4 tiettyihin linja-autosovelluksiin.<\/p>\n\n\n\n<p>Katso lis\u00e4tietoja vannevalikoimasta napsauttamalla&nbsp;<a href=\"\/europe\/fi\/vannevalikoima\">t\u00e4st\u00e4<\/a>.<\/p>\n<\/div><\/div><div class=\"media-list-item__box_image\"><img loading=\"lazy\" decoding=\"async\" width=\"800\" height=\"689\" src=\"https:\/\/www.alcoawheels.com\/europe\/fi\/wp-content\/uploads\/sites\/14\/2023\/06\/applications-bus.jpg\" alt=\"City bus, intercity bus &amp; coach example\"\/><\/div><\/div>\n<\/div><\/div>\n\n\n\n<div style=\"height:50px\" aria-hidden=\"true\" class=\"wp-block-spacer spacer-fifty\"><\/div>\n\n\n\n<div class=\"wp-block-alcoa-wheels-card-usecase-1 card-box-v1__body with-icon align-center vertical-align-center\" id=\"card_box_v1-37329675-be15-4b52-a58d-992762772b71\"><div class=\"fullwidthcontainer\"><div class=\"card-box-v1__boxes has-4-columns\"><div class=\"card-box-v1__box  with-link \" style=\"background-color:#00afb9\"><img decoding=\"async\" src=\"https:\/\/www.alcoawheels.com\/europe\/fi\/wp-content\/themes\/alcoa-wheels\/assets\/build\/js\/blocks\/card-usecase-1\/..\/..\/..\/images\/placeholder-image.db2b4d5c.jpeg\" alt=\"Yhteystiedot\"\/><div class=\"card-box-v1__box__inner pos-abs\"><div class=\"card-box-v1__box_icon\"><img loading=\"lazy\" decoding=\"async\" width=\"171\" height=\"171\" src=\"https:\/\/www.alcoawheels.com\/europe\/fi\/wp-content\/uploads\/sites\/14\/2023\/06\/contact.png\" alt=\"\"\/><\/div><div class=\"card-box-v1__box_content\"><h4 style=\"color:#ffffff\">Yhteystiedot<\/h4><\/div><div class=\"btn-wrap\"><\/div><\/div><a href=\"\/europe\/fi\/yhteystiedot\" aria-label=\"Yhteystiedot\"><\/a><\/div><div class=\"card-box-v1__box  with-link \" style=\"background-color:#34bfc7\"><img decoding=\"async\" src=\"https:\/\/www.alcoawheels.com\/europe\/fi\/wp-content\/themes\/alcoa-wheels\/assets\/build\/js\/blocks\/card-usecase-1\/..\/..\/..\/images\/placeholder-image.db2b4d5c.jpeg\" alt=\"Vannevalikoima\"\/><div class=\"card-box-v1__box__inner pos-abs\"><div class=\"card-box-v1__box_icon\"><img loading=\"lazy\" decoding=\"async\" width=\"169\" height=\"169\" src=\"https:\/\/www.alcoawheels.com\/europe\/fi\/wp-content\/uploads\/sites\/14\/2023\/06\/product-search.png\" alt=\"\"\/><\/div><div class=\"card-box-v1__box_content\"><h4 style=\"color:#ffffff\">Vannevalikoima<\/h4><\/div><div class=\"btn-wrap\"><\/div><\/div><a href=\"\/europe\/fi\/vannevalikoima\" aria-label=\"Vannevalikoima\"><\/a><\/div><div class=\"card-box-v1__box  with-link \" style=\"background-color:#00afb9\"><img decoding=\"async\" src=\"https:\/\/www.alcoawheels.com\/europe\/fi\/wp-content\/themes\/alcoa-wheels\/assets\/build\/js\/blocks\/card-usecase-1\/..\/..\/..\/images\/placeholder-image.db2b4d5c.jpeg\" alt=\"Mist\u00e4 ostaa\"\/><div class=\"card-box-v1__box__inner pos-abs\"><div class=\"card-box-v1__box_icon\"><img loading=\"lazy\" decoding=\"async\" width=\"169\" height=\"169\" src=\"https:\/\/www.alcoawheels.com\/europe\/fi\/wp-content\/uploads\/sites\/14\/2023\/06\/where-to-buy.png\" alt=\"\"\/><\/div><div class=\"card-box-v1__box_content\"><h4 style=\"color:#ffffff\">Mist\u00e4 ostaa<\/h4><\/div><div class=\"btn-wrap\"><\/div><\/div><a href=\"\/europe\/fi\/mista-ostaa\" aria-label=\"Mist\u00e4 ostaa\"><\/a><\/div><div class=\"card-box-v1__box  with-link \" style=\"background-color:#34bfc7\"><img decoding=\"async\" src=\"https:\/\/www.alcoawheels.com\/europe\/fi\/wp-content\/themes\/alcoa-wheels\/assets\/build\/js\/blocks\/card-usecase-1\/..\/..\/..\/images\/placeholder-image.db2b4d5c.jpeg\" alt=\"Tuotekirjallisuus\"\/><div class=\"card-box-v1__box__inner pos-abs\"><div class=\"card-box-v1__box_icon\"><img loading=\"lazy\" decoding=\"async\" width=\"169\" height=\"169\" src=\"https:\/\/www.alcoawheels.com\/europe\/fi\/wp-content\/uploads\/sites\/14\/2023\/06\/product-literature.png\" alt=\"\"\/><\/div><div class=\"card-box-v1__box_content\"><h4 style=\"color:#ffffff\">Tuotekirjallisuus<\/h4><\/div><div class=\"btn-wrap\"><\/div><\/div><a href=\"\/europe\/fi\/tuotekirjallisuus\" aria-label=\"Tuotekirjallisuus\"><\/a><\/div><\/div><\/div><\/div>\n","protected":false},"excerpt":{"rendered":"<p>Keskiraskaat ja raskaat kuorma-autot sek\u00e4 per\u00e4vaunut Linja-autoliikenne<\/p>\n","protected":false},"author":44,"featured_media":0,"parent":0,"menu_order":0,"comment_status":"closed","ping_status":"closed","template":"","meta":{"_acf_changed":false,"protected_reviewer_email":"","editor_notices":[],"footnotes":""},"class_list":["post-16","page","type-page","status-publish","hentry"],"acf":[],"yoast_head":"<!-- This site is optimized with the Yoast SEO Premium plugin v27.5 (Yoast SEO v27.5) - https:\/\/yoast.com\/product\/yoast-seo-premium-wordpress\/ -->\n<title>Sovellukset | Alcoa Wheels<\/title>\n<meta name=\"description\" content=\"Tiettyyn sovellukseen on tarjolla Alcoa\u00ae Wheels -vanteita eri kokoisina, erilaisilla viimeistelyill\u00e4 ja pintak\u00e4sittelyill\u00e4. Meill\u00e4 on ratkaisuja raskaille kuorma-autoille ja per\u00e4vaunuille, keskiraskaille ajoneuvoille ja kaupunki- sek\u00e4 intercity- ja muille pitk\u00e4nmatkan busseille.\" \/>\n<meta name=\"robots\" content=\"index, follow, max-snippet:-1, max-image-preview:large, max-video-preview:-1\" \/>\n<link rel=\"canonical\" href=\"https:\/\/www.alcoawheels.com\/europe\/fi\/sovellukset\/\" \/>\n<meta property=\"og:locale\" content=\"en_US\" \/>\n<meta property=\"og:type\" content=\"article\" \/>\n<meta property=\"og:title\" content=\"Sovellukset\" \/>\n<meta property=\"og:description\" content=\"Tiettyyn sovellukseen on tarjolla Alcoa\u00ae Wheels -vanteita eri kokoisina, erilaisilla viimeistelyill\u00e4 ja pintak\u00e4sittelyill\u00e4. Meill\u00e4 on ratkaisuja raskaille kuorma-autoille ja per\u00e4vaunuille, keskiraskaille ajoneuvoille ja kaupunki- sek\u00e4 intercity- ja muille pitk\u00e4nmatkan busseille.\" \/>\n<meta property=\"og:url\" content=\"https:\/\/www.alcoawheels.com\/europe\/fi\/sovellukset\/\" \/>\n<meta property=\"og:site_name\" content=\"Europe Finnish\" \/>\n<meta property=\"article:modified_time\" content=\"2025-11-20T19:05:10+00:00\" \/>\n<meta property=\"og:image\" content=\"https:\/\/www.alcoawheels.com\/europe\/fi\/wp-content\/uploads\/sites\/14\/2023\/06\/applications-banner.jpeg\" \/>\n<meta name=\"twitter:card\" content=\"summary_large_image\" \/>\n<meta name=\"twitter:label1\" content=\"Est. reading time\" \/>\n\t<meta name=\"twitter:data1\" content=\"3 minutes\" \/>\n<script type=\"application\/ld+json\" class=\"yoast-schema-graph\">{\"@context\":\"https:\\\/\\\/schema.org\",\"@graph\":[{\"@type\":\"WebPage\",\"@id\":\"https:\\\/\\\/www.alcoawheels.com\\\/europe\\\/fi\\\/sovellukset\\\/\",\"url\":\"https:\\\/\\\/www.alcoawheels.com\\\/europe\\\/fi\\\/sovellukset\\\/\",\"name\":\"Sovellukset | Alcoa Wheels\",\"isPartOf\":{\"@id\":\"https:\\\/\\\/www.alcoawheels.com\\\/europe\\\/fi\\\/#website\"},\"primaryImageOfPage\":{\"@id\":\"https:\\\/\\\/www.alcoawheels.com\\\/europe\\\/fi\\\/sovellukset\\\/#primaryimage\"},\"image\":{\"@id\":\"https:\\\/\\\/www.alcoawheels.com\\\/europe\\\/fi\\\/sovellukset\\\/#primaryimage\"},\"thumbnailUrl\":\"https:\\\/\\\/www.alcoawheels.com\\\/europe\\\/fi\\\/wp-content\\\/uploads\\\/sites\\\/14\\\/2023\\\/06\\\/applications-banner.jpeg\",\"datePublished\":\"2023-05-26T05:29:05+00:00\",\"dateModified\":\"2025-11-20T19:05:10+00:00\",\"description\":\"Tiettyyn sovellukseen on tarjolla Alcoa\u00ae Wheels -vanteita eri kokoisina, erilaisilla viimeistelyill\u00e4 ja pintak\u00e4sittelyill\u00e4. Meill\u00e4 on ratkaisuja raskaille kuorma-autoille ja per\u00e4vaunuille, keskiraskaille ajoneuvoille ja kaupunki- sek\u00e4 intercity- ja muille pitk\u00e4nmatkan busseille.\",\"breadcrumb\":{\"@id\":\"https:\\\/\\\/www.alcoawheels.com\\\/europe\\\/fi\\\/sovellukset\\\/#breadcrumb\"},\"inLanguage\":\"en-US\",\"potentialAction\":[{\"@type\":\"ReadAction\",\"target\":[\"https:\\\/\\\/www.alcoawheels.com\\\/europe\\\/fi\\\/sovellukset\\\/\"]}]},{\"@type\":\"ImageObject\",\"inLanguage\":\"en-US\",\"@id\":\"https:\\\/\\\/www.alcoawheels.com\\\/europe\\\/fi\\\/sovellukset\\\/#primaryimage\",\"url\":\"https:\\\/\\\/www.alcoawheels.com\\\/europe\\\/fi\\\/wp-content\\\/uploads\\\/sites\\\/14\\\/2023\\\/06\\\/applications-banner.jpeg\",\"contentUrl\":\"https:\\\/\\\/www.alcoawheels.com\\\/europe\\\/fi\\\/wp-content\\\/uploads\\\/sites\\\/14\\\/2023\\\/06\\\/applications-banner.jpeg\",\"width\":1119,\"height\":280,\"caption\":\"Alcoa Wheels application\"},{\"@type\":\"BreadcrumbList\",\"@id\":\"https:\\\/\\\/www.alcoawheels.com\\\/europe\\\/fi\\\/sovellukset\\\/#breadcrumb\",\"itemListElement\":[{\"@type\":\"ListItem\",\"position\":1,\"name\":\"Home\",\"item\":\"https:\\\/\\\/www.alcoawheels.com\\\/europe\\\/fi\\\/\"},{\"@type\":\"ListItem\",\"position\":2,\"name\":\"Sovellukset\"}]},{\"@type\":\"WebSite\",\"@id\":\"https:\\\/\\\/www.alcoawheels.com\\\/europe\\\/fi\\\/#website\",\"url\":\"https:\\\/\\\/www.alcoawheels.com\\\/europe\\\/fi\\\/\",\"name\":\"Europe Finnish\",\"description\":\"\",\"publisher\":{\"@id\":\"https:\\\/\\\/www.alcoawheels.com\\\/europe\\\/fi\\\/#organization\"},\"potentialAction\":[{\"@type\":\"SearchAction\",\"target\":{\"@type\":\"EntryPoint\",\"urlTemplate\":\"https:\\\/\\\/www.alcoawheels.com\\\/europe\\\/fi\\\/?s={search_term_string}\"},\"query-input\":{\"@type\":\"PropertyValueSpecification\",\"valueRequired\":true,\"valueName\":\"search_term_string\"}}],\"inLanguage\":\"en-US\"},{\"@type\":\"Organization\",\"@id\":\"https:\\\/\\\/www.alcoawheels.com\\\/europe\\\/fi\\\/#organization\",\"name\":\"Europe Finnish\",\"url\":\"https:\\\/\\\/www.alcoawheels.com\\\/europe\\\/fi\\\/\",\"logo\":{\"@type\":\"ImageObject\",\"inLanguage\":\"en-US\",\"@id\":\"https:\\\/\\\/www.alcoawheels.com\\\/europe\\\/fi\\\/#\\\/schema\\\/logo\\\/image\\\/\",\"url\":\"https:\\\/\\\/www.alcoawheels.com\\\/europe\\\/fi\\\/wp-content\\\/uploads\\\/sites\\\/14\\\/2023\\\/05\\\/logo-black.gif\",\"contentUrl\":\"https:\\\/\\\/www.alcoawheels.com\\\/europe\\\/fi\\\/wp-content\\\/uploads\\\/sites\\\/14\\\/2023\\\/05\\\/logo-black.gif\",\"width\":71,\"height\":64,\"caption\":\"Europe Finnish\"},\"image\":{\"@id\":\"https:\\\/\\\/www.alcoawheels.com\\\/europe\\\/fi\\\/#\\\/schema\\\/logo\\\/image\\\/\"}}]}<\/script>\n<!-- \/ Yoast SEO Premium plugin. -->","yoast_head_json":{"title":"Sovellukset | Alcoa Wheels","description":"Tiettyyn sovellukseen on tarjolla Alcoa\u00ae Wheels -vanteita eri kokoisina, erilaisilla viimeistelyill\u00e4 ja pintak\u00e4sittelyill\u00e4. Meill\u00e4 on ratkaisuja raskaille kuorma-autoille ja per\u00e4vaunuille, keskiraskaille ajoneuvoille ja kaupunki- sek\u00e4 intercity- ja muille pitk\u00e4nmatkan busseille.","robots":{"index":"index","follow":"follow","max-snippet":"max-snippet:-1","max-image-preview":"max-image-preview:large","max-video-preview":"max-video-preview:-1"},"canonical":"https:\/\/www.alcoawheels.com\/europe\/fi\/sovellukset\/","og_locale":"en_US","og_type":"article","og_title":"Sovellukset","og_description":"Tiettyyn sovellukseen on tarjolla Alcoa\u00ae Wheels -vanteita eri kokoisina, erilaisilla viimeistelyill\u00e4 ja pintak\u00e4sittelyill\u00e4. Meill\u00e4 on ratkaisuja raskaille kuorma-autoille ja per\u00e4vaunuille, keskiraskaille ajoneuvoille ja kaupunki- sek\u00e4 intercity- ja muille pitk\u00e4nmatkan busseille.","og_url":"https:\/\/www.alcoawheels.com\/europe\/fi\/sovellukset\/","og_site_name":"Europe Finnish","article_modified_time":"2025-11-20T19:05:10+00:00","og_image":[{"url":"https:\/\/www.alcoawheels.com\/europe\/fi\/wp-content\/uploads\/sites\/14\/2023\/06\/applications-banner.jpeg","type":"","width":"","height":""}],"twitter_card":"summary_large_image","twitter_misc":{"Est. reading time":"3 minutes"},"schema":{"@context":"https:\/\/schema.org","@graph":[{"@type":"WebPage","@id":"https:\/\/www.alcoawheels.com\/europe\/fi\/sovellukset\/","url":"https:\/\/www.alcoawheels.com\/europe\/fi\/sovellukset\/","name":"Sovellukset | Alcoa Wheels","isPartOf":{"@id":"https:\/\/www.alcoawheels.com\/europe\/fi\/#website"},"primaryImageOfPage":{"@id":"https:\/\/www.alcoawheels.com\/europe\/fi\/sovellukset\/#primaryimage"},"image":{"@id":"https:\/\/www.alcoawheels.com\/europe\/fi\/sovellukset\/#primaryimage"},"thumbnailUrl":"https:\/\/www.alcoawheels.com\/europe\/fi\/wp-content\/uploads\/sites\/14\/2023\/06\/applications-banner.jpeg","datePublished":"2023-05-26T05:29:05+00:00","dateModified":"2025-11-20T19:05:10+00:00","description":"Tiettyyn sovellukseen on tarjolla Alcoa\u00ae Wheels -vanteita eri kokoisina, erilaisilla viimeistelyill\u00e4 ja pintak\u00e4sittelyill\u00e4. Meill\u00e4 on ratkaisuja raskaille kuorma-autoille ja per\u00e4vaunuille, keskiraskaille ajoneuvoille ja kaupunki- sek\u00e4 intercity- ja muille pitk\u00e4nmatkan busseille.","breadcrumb":{"@id":"https:\/\/www.alcoawheels.com\/europe\/fi\/sovellukset\/#breadcrumb"},"inLanguage":"en-US","potentialAction":[{"@type":"ReadAction","target":["https:\/\/www.alcoawheels.com\/europe\/fi\/sovellukset\/"]}]},{"@type":"ImageObject","inLanguage":"en-US","@id":"https:\/\/www.alcoawheels.com\/europe\/fi\/sovellukset\/#primaryimage","url":"https:\/\/www.alcoawheels.com\/europe\/fi\/wp-content\/uploads\/sites\/14\/2023\/06\/applications-banner.jpeg","contentUrl":"https:\/\/www.alcoawheels.com\/europe\/fi\/wp-content\/uploads\/sites\/14\/2023\/06\/applications-banner.jpeg","width":1119,"height":280,"caption":"Alcoa Wheels application"},{"@type":"BreadcrumbList","@id":"https:\/\/www.alcoawheels.com\/europe\/fi\/sovellukset\/#breadcrumb","itemListElement":[{"@type":"ListItem","position":1,"name":"Home","item":"https:\/\/www.alcoawheels.com\/europe\/fi\/"},{"@type":"ListItem","position":2,"name":"Sovellukset"}]},{"@type":"WebSite","@id":"https:\/\/www.alcoawheels.com\/europe\/fi\/#website","url":"https:\/\/www.alcoawheels.com\/europe\/fi\/","name":"Europe Finnish","description":"","publisher":{"@id":"https:\/\/www.alcoawheels.com\/europe\/fi\/#organization"},"potentialAction":[{"@type":"SearchAction","target":{"@type":"EntryPoint","urlTemplate":"https:\/\/www.alcoawheels.com\/europe\/fi\/?s={search_term_string}"},"query-input":{"@type":"PropertyValueSpecification","valueRequired":true,"valueName":"search_term_string"}}],"inLanguage":"en-US"},{"@type":"Organization","@id":"https:\/\/www.alcoawheels.com\/europe\/fi\/#organization","name":"Europe Finnish","url":"https:\/\/www.alcoawheels.com\/europe\/fi\/","logo":{"@type":"ImageObject","inLanguage":"en-US","@id":"https:\/\/www.alcoawheels.com\/europe\/fi\/#\/schema\/logo\/image\/","url":"https:\/\/www.alcoawheels.com\/europe\/fi\/wp-content\/uploads\/sites\/14\/2023\/05\/logo-black.gif","contentUrl":"https:\/\/www.alcoawheels.com\/europe\/fi\/wp-content\/uploads\/sites\/14\/2023\/05\/logo-black.gif","width":71,"height":64,"caption":"Europe Finnish"},"image":{"@id":"https:\/\/www.alcoawheels.com\/europe\/fi\/#\/schema\/logo\/image\/"}}]}},"parsely":{"version":"1.1.0","canonical_url":"https:\/\/alcoawheels.com\/europe\/fi\/sovellukset\/","smart_links":{"inbound":0,"outbound":0},"traffic_boost_suggestions_count":0,"meta":{"@context":"https:\/\/schema.org","@type":"WebPage","headline":"Sovellukset","url":"http:\/\/www.alcoawheels.com\/europe\/fi\/sovellukset\/","mainEntityOfPage":{"@type":"WebPage","@id":"http:\/\/www.alcoawheels.com\/europe\/fi\/sovellukset\/"},"thumbnailUrl":"","image":{"@type":"ImageObject","url":""},"articleSection":"Uncategorized","author":[{"@type":"Person","name":"howmet"}],"creator":["howmet"],"publisher":{"@type":"Organization","name":"Europe Finnish","logo":""},"keywords":[],"dateCreated":"2023-05-26T05:29:05Z","datePublished":"2023-05-26T05:29:05Z","dateModified":"2025-11-20T19:05:10Z"},"rendered":"<script type=\"application\/ld+json\" class=\"wp-parsely-metadata\">{\"@context\":\"https:\\\/\\\/schema.org\",\"@type\":\"WebPage\",\"headline\":\"Sovellukset\",\"url\":\"http:\\\/\\\/www.alcoawheels.com\\\/europe\\\/fi\\\/sovellukset\\\/\",\"mainEntityOfPage\":{\"@type\":\"WebPage\",\"@id\":\"http:\\\/\\\/www.alcoawheels.com\\\/europe\\\/fi\\\/sovellukset\\\/\"},\"thumbnailUrl\":\"\",\"image\":{\"@type\":\"ImageObject\",\"url\":\"\"},\"articleSection\":\"Uncategorized\",\"author\":[{\"@type\":\"Person\",\"name\":\"howmet\"}],\"creator\":[\"howmet\"],\"publisher\":{\"@type\":\"Organization\",\"name\":\"Europe Finnish\",\"logo\":\"\"},\"keywords\":[],\"dateCreated\":\"2023-05-26T05:29:05Z\",\"datePublished\":\"2023-05-26T05:29:05Z\",\"dateModified\":\"2025-11-20T19:05:10Z\"}<\/script>","tracker_url":"https:\/\/cdn.parsely.com\/keys\/alcoawheels.com\/p.js"},"jetpack_sharing_enabled":true,"_links":{"self":[{"href":"https:\/\/www.alcoawheels.com\/europe\/fi\/wp-json\/wp\/v2\/pages\/16","targetHints":{"allow":["GET"]}}],"collection":[{"href":"https:\/\/www.alcoawheels.com\/europe\/fi\/wp-json\/wp\/v2\/pages"}],"about":[{"href":"https:\/\/www.alcoawheels.com\/europe\/fi\/wp-json\/wp\/v2\/types\/page"}],"author":[{"embeddable":true,"href":"https:\/\/www.alcoawheels.com\/europe\/fi\/wp-json\/wp\/v2\/users\/44"}],"replies":[{"embeddable":true,"href":"https:\/\/www.alcoawheels.com\/europe\/fi\/wp-json\/wp\/v2\/comments?post=16"}],"version-history":[{"count":12,"href":"https:\/\/www.alcoawheels.com\/europe\/fi\/wp-json\/wp\/v2\/pages\/16\/revisions"}],"predecessor-version":[{"id":3850,"href":"https:\/\/www.alcoawheels.com\/europe\/fi\/wp-json\/wp\/v2\/pages\/16\/revisions\/3850"}],"wp:attachment":[{"href":"https:\/\/www.alcoawheels.com\/europe\/fi\/wp-json\/wp\/v2\/media?parent=16"}],"curies":[{"name":"wp","href":"https:\/\/api.w.org\/{rel}","templated":true}]}}