		{"id":35,"date":"2023-05-26T05:32:05","date_gmt":"2023-05-26T05:32:05","guid":{"rendered":"https:\/\/www.alcoawheels.com\/europe\/fi\/?page_id=35"},"modified":"2025-12-16T09:42:18","modified_gmt":"2025-12-16T07:42:18","slug":"mista-ostaa","status":"publish","type":"page","link":"https:\/\/www.alcoawheels.com\/europe\/fi\/mista-ostaa\/","title":{"rendered":"Maahantuojat"},"content":{"rendered":"\n<div class=\"wp-block-alcoa-wheels-hero-banner-innerpage hero-banner with-image layout-2 overlayEnable align- vertical-align-\" style=\"background-color:#eee\"><img decoding=\"async\" src=\"https:\/\/www.alcoawheels.com\/europe\/fi\/wp-content\/uploads\/sites\/14\/2023\/06\/hero-where-to-buy.jpg\" alt=\"L\u00f6yd\u00e4 j\u00e4lleenmyyj\u00e4\" class=\"responsiveImage\"\/><div class=\"hero-banner__header\" style=\"text-align:center\"><div class=\"container\"><h1 class=\"hero-banner__header--title\">L\u00f6yd\u00e4 j\u00e4lleenmyyj\u00e4<\/h1><\/div><\/div><\/div>\n\n\n\n<div style=\"height:50px\" aria-hidden=\"true\" class=\"wp-block-spacer spacer-fifty\"><\/div>\n\n\n\n<h5 class=\"wp-block-heading\" id=\"h-alcoa-vanteiden-maahantuonti-ja-myynti\"><strong>Alcoa<sup>\u00ae<\/sup>-vanteiden maahantuonti ja myynti ?<\/strong><\/h5>\n\n\n\n<p>Alcoa<sup>\u00ae<\/sup>\u00a0Wheels -vanteita voi ostaa j\u00e4lleenmyyj\u00e4verkoston kautta. L\u00f6yd\u00e4 l\u00e4hin myyj\u00e4si hakusovelluksen avulla tai ota yhteytt\u00e4 ajoneuvon valmistajaan.<\/p>\n\n\n\n<hr class=\"wp-block-separator alignwide has-text-color has-alpha-channel-opacity has-background is-style-wide\" style=\"background-color:#282828;color:#282828\"\/>\n\n\n\n<div style=\"height:50px\" aria-hidden=\"true\" class=\"wp-block-spacer spacer-fifty\"><\/div>\n\n\n\n<h5 class=\"wp-block-heading\"><strong>L\u00f6yd\u00e4 l\u00e4hin j\u00e4lleenmyyj\u00e4si:<\/strong><\/h5>\n\n\n\n<p>L\u00f6yd\u00e4 Alcoa<sup>\u00ae<\/sup>-vanteiden ja lis\u00e4tarvikkeiden j\u00e4lleenmyyj\u00e4t<\/p>\n\n\n\t\t<div class=\"wp-block-aw-distributor-distributors-location\" data-nonce=\"6a9539a255\">\n\t\t\t\t\t\t\t<div class=\"distributor-map\">\n\t\t\t\t\t<div class=\"form-group\">\n\t\t\t\t\t\t\t\t\t\t\t\t\t\t<select id=\"country\" name=\"country\" size=\"1\">\n\t\t\t\t\t\t\t\t\t<option selected=\"selected\" value=\"\">N\u00e4yt\u00e4 kaikki paikat<\/option>\n\t\t\t\t\t\t\t\t\t\t\t\t\t\t\t\t\t\t\t<option value=\"austria\">AUSTRIA<\/option>\n\t\t\t\t\t\t\t\t\t\t\t\t\t\t\t\t\t\t\t<option value=\"belgium\">BELGIUM<\/option>\n\t\t\t\t\t\t\t\t\t\t\t\t\t\t\t\t\t\t\t<option value=\"czech-republic\">CZECH REPUBLIC<\/option>\n\t\t\t\t\t\t\t\t\t\t\t\t\t\t\t\t\t\t\t<option value=\"denmark\">DENMARK<\/option>\n\t\t\t\t\t\t\t\t\t\t\t\t\t\t\t\t\t\t\t<option value=\"finland\">FINLAND<\/option>\n\t\t\t\t\t\t\t\t\t\t\t\t\t\t\t\t\t\t\t<option value=\"france\">FRANCE<\/option>\n\t\t\t\t\t\t\t\t\t\t\t\t\t\t\t\t\t\t\t<option value=\"germany\">GERMANY<\/option>\n\t\t\t\t\t\t\t\t\t\t\t\t\t\t\t\t\t\t\t<option value=\"greece\">GREECE<\/option>\n\t\t\t\t\t\t\t\t\t\t\t\t\t\t\t\t\t\t\t<option value=\"hungary\">HUNGARY<\/option>\n\t\t\t\t\t\t\t\t\t\t\t\t\t\t\t\t\t\t\t<option value=\"ireland\">IRELAND<\/option>\n\t\t\t\t\t\t\t\t\t\t\t\t\t\t\t\t\t\t\t<option value=\"israel\">ISRAEL<\/option>\n\t\t\t\t\t\t\t\t\t\t\t\t\t\t\t\t\t\t\t<option value=\"italy\">ITALY<\/option>\n\t\t\t\t\t\t\t\t\t\t\t\t\t\t\t\t\t\t\t<option value=\"lithuania\">LITHUANIA<\/option>\n\t\t\t\t\t\t\t\t\t\t\t\t\t\t\t\t\t\t\t<option value=\"luxembourg\">LUXEMBOURG<\/option>\n\t\t\t\t\t\t\t\t\t\t\t\t\t\t\t\t\t\t\t<option value=\"netherlands\">NETHERLANDS<\/option>\n\t\t\t\t\t\t\t\t\t\t\t\t\t\t\t\t\t\t\t<option value=\"norway\">NORWAY<\/option>\n\t\t\t\t\t\t\t\t\t\t\t\t\t\t\t\t\t\t\t<option value=\"poland\">POLAND<\/option>\n\t\t\t\t\t\t\t\t\t\t\t\t\t\t\t\t\t\t\t<option value=\"portugal\">PORTUGAL<\/option>\n\t\t\t\t\t\t\t\t\t\t\t\t\t\t\t\t\t\t\t<option value=\"romania\">ROMANIA<\/option>\n\t\t\t\t\t\t\t\t\t\t\t\t\t\t\t\t\t\t\t<option value=\"serbia\">SERBIA<\/option>\n\t\t\t\t\t\t\t\t\t\t\t\t\t\t\t\t\t\t\t<option value=\"slovakia\">SLOVAKIA<\/option>\n\t\t\t\t\t\t\t\t\t\t\t\t\t\t\t\t\t\t\t<option value=\"slovenia\">SLOVENIA<\/option>\n\t\t\t\t\t\t\t\t\t\t\t\t\t\t\t\t\t\t\t<option value=\"spain\">SPAIN<\/option>\n\t\t\t\t\t\t\t\t\t\t\t\t\t\t\t\t\t\t\t<option value=\"sweden\">SWEDEN<\/option>\n\t\t\t\t\t\t\t\t\t\t\t\t\t\t\t\t\t\t\t<option value=\"switzerland\">SWITZERLAND<\/option>\n\t\t\t\t\t\t\t\t\t\t\t\t\t\t\t\t\t\t\t<option value=\"turkey\">TURKEY<\/option>\n\t\t\t\t\t\t\t\t\t\t\t\t\t\t\t\t\t\t\t<option value=\"united-kingdom\">UNITED KINGDOM<\/option>\n\t\t\t\t\t\t\t\t\t\t\t\t\t\t\t\t\t<\/select>\n\t\t\t\t\t\t\t\t\t\t\t\t\t\t\t\t\t\t\t<\/div>\n\t\t\t\t<\/div>\n\t\t\t\t<input type='hidden' id='map-latitude' value='51.5'>\n\t\t\t\t<input type='hidden' id='map-longitude' value='15'>\n\t\t\t\t\t\t\t\t\t<img decoding=\"async\" src=\"https:\/\/www.alcoawheels.com\/europe\/fi\/wp-content\/plugins\/aw-distributors\/\/assets\/images\/google-map.png\" alt=\"google-map\">\n\t\t\t\t\t\t<\/div>\n\t\t\n\n\n<p>Ottaessasi yhteytt\u00e4 maista, joita ei ole mainittu luettelossa, t\u00e4yt\u00e4<a href=\"https:\/\/www.alcoawheels.com\/europe\/fi\/yhteystiedot\/\"> yhteydenottolomake<\/a>.<\/p>\n\n\n\n<div style=\"height:50px\" aria-hidden=\"true\" class=\"wp-block-spacer spacer-fifty\"><\/div>\n\n\n\n<div class=\"wp-block-alcoa-wheels-card-usecase-1 card-box-v1__body with-icon align-center vertical-align-center\" id=\"card_box_v1-844cb529-4770-444d-9507-022c40e6fb12\"><div class=\"fullwidthcontainer\"><div class=\"card-box-v1__boxes has-4-columns\"><div class=\"card-box-v1__box  with-link \" style=\"background-color:#00afb9\"><img decoding=\"async\" src=\"https:\/\/www.alcoawheels.com\/europe\/fi\/wp-content\/themes\/alcoa-wheels\/assets\/build\/js\/blocks\/card-usecase-1\/..\/..\/..\/images\/placeholder-image.db2b4d5c.jpeg\" alt=\"Yhteystiedot\"\/><div class=\"card-box-v1__box__inner pos-abs\"><div class=\"card-box-v1__box_icon\"><img loading=\"lazy\" decoding=\"async\" width=\"171\" height=\"171\" src=\"https:\/\/www.alcoawheels.com\/europe\/fi\/wp-content\/uploads\/sites\/14\/2023\/06\/contact.png\" alt=\"\"\/><\/div><div class=\"card-box-v1__box_content\"><h4 style=\"color:#ffffff\">Yhteystiedot<\/h4><\/div><div class=\"btn-wrap\"><\/div><\/div><a href=\"\/europe\/fi\/yhteystiedot\" aria-label=\"Yhteystiedot\"><\/a><\/div><div class=\"card-box-v1__box  with-link \" style=\"background-color:#34bfc7\"><img decoding=\"async\" src=\"https:\/\/www.alcoawheels.com\/europe\/fi\/wp-content\/themes\/alcoa-wheels\/assets\/build\/js\/blocks\/card-usecase-1\/..\/..\/..\/images\/placeholder-image.db2b4d5c.jpeg\" alt=\"Vannevalikoima\"\/><div class=\"card-box-v1__box__inner pos-abs\"><div class=\"card-box-v1__box_icon\"><img loading=\"lazy\" decoding=\"async\" width=\"169\" height=\"169\" src=\"https:\/\/www.alcoawheels.com\/europe\/fi\/wp-content\/uploads\/sites\/14\/2023\/06\/product-search.png\" alt=\"\"\/><\/div><div class=\"card-box-v1__box_content\"><h4 style=\"color:#ffffff\">Vannevalikoima<\/h4><\/div><div class=\"btn-wrap\"><\/div><\/div><a href=\"\/europe\/fi\/vannevalikoima\" aria-label=\"Vannevalikoima\"><\/a><\/div><div class=\"card-box-v1__box  with-link \" style=\"background-color:#00afb9\"><img decoding=\"async\" src=\"https:\/\/www.alcoawheels.com\/europe\/fi\/wp-content\/themes\/alcoa-wheels\/assets\/build\/js\/blocks\/card-usecase-1\/..\/..\/..\/images\/placeholder-image.db2b4d5c.jpeg\" alt=\"Mist\u00e4 ostaa\"\/><div class=\"card-box-v1__box__inner pos-abs\"><div class=\"card-box-v1__box_icon\"><img loading=\"lazy\" decoding=\"async\" width=\"169\" height=\"169\" src=\"https:\/\/www.alcoawheels.com\/europe\/fi\/wp-content\/uploads\/sites\/14\/2023\/06\/where-to-buy.png\" alt=\"\"\/><\/div><div class=\"card-box-v1__box_content\"><h4 style=\"color:#ffffff\">Mist\u00e4 ostaa<\/h4><\/div><div class=\"btn-wrap\"><\/div><\/div><a href=\"\/europe\/fi\/mista-ostaa\" aria-label=\"Mist\u00e4 ostaa\"><\/a><\/div><div class=\"card-box-v1__box  with-link \" style=\"background-color:#34bfc7\"><img decoding=\"async\" src=\"https:\/\/www.alcoawheels.com\/europe\/fi\/wp-content\/themes\/alcoa-wheels\/assets\/build\/js\/blocks\/card-usecase-1\/..\/..\/..\/images\/placeholder-image.db2b4d5c.jpeg\" alt=\"Tuotekirjallisuus\"\/><div class=\"card-box-v1__box__inner pos-abs\"><div class=\"card-box-v1__box_icon\"><img loading=\"lazy\" decoding=\"async\" width=\"169\" height=\"169\" src=\"https:\/\/www.alcoawheels.com\/europe\/fi\/wp-content\/uploads\/sites\/14\/2023\/06\/product-literature.png\" alt=\"\"\/><\/div><div class=\"card-box-v1__box_content\"><h4 style=\"color:#ffffff\">Tuotekirjallisuus<\/h4><\/div><div class=\"btn-wrap\"><\/div><\/div><a href=\"\/europe\/fi\/tuotekirjallisuus\" aria-label=\"Tuotekirjallisuus\"><\/a><\/div><\/div><\/div><\/div>\n","protected":false},"excerpt":{"rendered":"<p>Alcoa\u00ae-vanteiden maahantuonti ja myynti ? Alcoa\u00ae\u00a0Wheels -vanteita voi ostaa j\u00e4lleenmyyj\u00e4verkoston kautta. L\u00f6yd\u00e4 l\u00e4hin myyj\u00e4si hakusovelluksen avulla tai ota yhteytt\u00e4 ajoneuvon valmistajaan. L\u00f6yd\u00e4 l\u00e4hin j\u00e4lleenmyyj\u00e4si: L\u00f6yd\u00e4 Alcoa\u00ae-vanteiden ja lis\u00e4tarvikkeiden j\u00e4lleenmyyj\u00e4t Ottaessasi yhteytt\u00e4 maista, joita ei ole mainittu luettelossa, t\u00e4yt\u00e4 yhteydenottolomake.<\/p>\n","protected":false},"author":44,"featured_media":0,"parent":0,"menu_order":0,"comment_status":"closed","ping_status":"closed","template":"","meta":{"_acf_changed":false,"protected_reviewer_email":"","editor_notices":[],"footnotes":""},"class_list":["post-35","page","type-page","status-publish","hentry"],"acf":[],"yoast_head":"<!-- This site is optimized with the Yoast SEO Premium plugin v27.2 (Yoast SEO v27.2) - https:\/\/yoast.com\/product\/yoast-seo-premium-wordpress\/ -->\n<title>Mist\u00e4 ostaa| Alcoa \u00ae Wheels<\/title>\n<meta name=\"robots\" content=\"index, follow, max-snippet:-1, max-image-preview:large, max-video-preview:-1\" \/>\n<link rel=\"canonical\" href=\"https:\/\/www.alcoawheels.com\/europe\/fi\/mista-ostaa\/\" \/>\n<meta property=\"og:locale\" content=\"en_US\" \/>\n<meta property=\"og:type\" content=\"article\" \/>\n<meta property=\"og:title\" content=\"Maahantuojat\" \/>\n<meta property=\"og:description\" content=\"Alcoa\u00ae-vanteiden maahantuonti ja myynti ? Alcoa\u00ae\u00a0Wheels -vanteita voi ostaa j\u00e4lleenmyyj\u00e4verkoston kautta. L\u00f6yd\u00e4 l\u00e4hin myyj\u00e4si hakusovelluksen avulla tai ota yhteytt\u00e4 ajoneuvon valmistajaan. L\u00f6yd\u00e4 l\u00e4hin j\u00e4lleenmyyj\u00e4si: L\u00f6yd\u00e4 Alcoa\u00ae-vanteiden ja lis\u00e4tarvikkeiden j\u00e4lleenmyyj\u00e4t Ottaessasi yhteytt\u00e4 maista, joita ei ole mainittu luettelossa, t\u00e4yt\u00e4 yhteydenottolomake.\" \/>\n<meta property=\"og:url\" content=\"https:\/\/www.alcoawheels.com\/europe\/fi\/mista-ostaa\/\" \/>\n<meta property=\"og:site_name\" content=\"Europe Finnish\" \/>\n<meta property=\"article:modified_time\" content=\"2025-12-16T07:42:18+00:00\" \/>\n<meta property=\"og:image\" content=\"https:\/\/www.alcoawheels.com\/europe\/fi\/wp-content\/uploads\/sites\/14\/2023\/06\/hero-where-to-buy.jpg\" \/>\n<meta name=\"twitter:card\" content=\"summary_large_image\" \/>\n<meta name=\"twitter:label1\" content=\"Est. reading time\" \/>\n\t<meta name=\"twitter:data1\" content=\"3 minutes\" \/>\n<script type=\"application\/ld+json\" class=\"yoast-schema-graph\">{\"@context\":\"https:\/\/schema.org\",\"@graph\":[{\"@type\":\"WebPage\",\"@id\":\"https:\/\/www.alcoawheels.com\/europe\/fi\/mista-ostaa\/\",\"url\":\"https:\/\/www.alcoawheels.com\/europe\/fi\/mista-ostaa\/\",\"name\":\"Mist\u00e4 ostaa| Alcoa \u00ae Wheels\",\"isPartOf\":{\"@id\":\"https:\/\/www.alcoawheels.com\/europe\/fi\/#website\"},\"primaryImageOfPage\":{\"@id\":\"https:\/\/www.alcoawheels.com\/europe\/fi\/mista-ostaa\/#primaryimage\"},\"image\":{\"@id\":\"https:\/\/www.alcoawheels.com\/europe\/fi\/mista-ostaa\/#primaryimage\"},\"thumbnailUrl\":\"https:\/\/www.alcoawheels.com\/europe\/fi\/wp-content\/uploads\/sites\/14\/2023\/06\/hero-where-to-buy.jpg\",\"datePublished\":\"2023-05-26T05:32:05+00:00\",\"dateModified\":\"2025-12-16T07:42:18+00:00\",\"breadcrumb\":{\"@id\":\"https:\/\/www.alcoawheels.com\/europe\/fi\/mista-ostaa\/#breadcrumb\"},\"inLanguage\":\"en-US\",\"potentialAction\":[{\"@type\":\"ReadAction\",\"target\":[\"https:\/\/www.alcoawheels.com\/europe\/fi\/mista-ostaa\/\"]}]},{\"@type\":\"ImageObject\",\"inLanguage\":\"en-US\",\"@id\":\"https:\/\/www.alcoawheels.com\/europe\/fi\/mista-ostaa\/#primaryimage\",\"url\":\"https:\/\/www.alcoawheels.com\/europe\/fi\/wp-content\/uploads\/sites\/14\/2023\/06\/hero-where-to-buy.jpg\",\"contentUrl\":\"https:\/\/www.alcoawheels.com\/europe\/fi\/wp-content\/uploads\/sites\/14\/2023\/06\/hero-where-to-buy.jpg\",\"width\":1119,\"height\":280,\"caption\":\"L\u00f6yd\u00e4 j\u00e4lleenmyyj\u00e4\"},{\"@type\":\"BreadcrumbList\",\"@id\":\"https:\/\/www.alcoawheels.com\/europe\/fi\/mista-ostaa\/#breadcrumb\",\"itemListElement\":[{\"@type\":\"ListItem\",\"position\":1,\"name\":\"Home\",\"item\":\"https:\/\/www.alcoawheels.com\/europe\/fi\/\"},{\"@type\":\"ListItem\",\"position\":2,\"name\":\"Maahantuojat\"}]},{\"@type\":\"WebSite\",\"@id\":\"https:\/\/www.alcoawheels.com\/europe\/fi\/#website\",\"url\":\"https:\/\/www.alcoawheels.com\/europe\/fi\/\",\"name\":\"Europe Finnish\",\"description\":\"\",\"publisher\":{\"@id\":\"https:\/\/www.alcoawheels.com\/europe\/fi\/#organization\"},\"potentialAction\":[{\"@type\":\"SearchAction\",\"target\":{\"@type\":\"EntryPoint\",\"urlTemplate\":\"https:\/\/www.alcoawheels.com\/europe\/fi\/?s={search_term_string}\"},\"query-input\":{\"@type\":\"PropertyValueSpecification\",\"valueRequired\":true,\"valueName\":\"search_term_string\"}}],\"inLanguage\":\"en-US\"},{\"@type\":\"Organization\",\"@id\":\"https:\/\/www.alcoawheels.com\/europe\/fi\/#organization\",\"name\":\"Europe Finnish\",\"url\":\"https:\/\/www.alcoawheels.com\/europe\/fi\/\",\"logo\":{\"@type\":\"ImageObject\",\"inLanguage\":\"en-US\",\"@id\":\"https:\/\/www.alcoawheels.com\/europe\/fi\/#\/schema\/logo\/image\/\",\"url\":\"https:\/\/www.alcoawheels.com\/europe\/fi\/wp-content\/uploads\/sites\/14\/2023\/05\/logo-black.gif\",\"contentUrl\":\"https:\/\/www.alcoawheels.com\/europe\/fi\/wp-content\/uploads\/sites\/14\/2023\/05\/logo-black.gif\",\"width\":71,\"height\":64,\"caption\":\"Europe Finnish\"},\"image\":{\"@id\":\"https:\/\/www.alcoawheels.com\/europe\/fi\/#\/schema\/logo\/image\/\"}}]}<\/script>\n<!-- \/ Yoast SEO Premium plugin. -->","yoast_head_json":{"title":"Mist\u00e4 ostaa| Alcoa \u00ae Wheels","robots":{"index":"index","follow":"follow","max-snippet":"max-snippet:-1","max-image-preview":"max-image-preview:large","max-video-preview":"max-video-preview:-1"},"canonical":"https:\/\/www.alcoawheels.com\/europe\/fi\/mista-ostaa\/","og_locale":"en_US","og_type":"article","og_title":"Maahantuojat","og_description":"Alcoa\u00ae-vanteiden maahantuonti ja myynti ? Alcoa\u00ae\u00a0Wheels -vanteita voi ostaa j\u00e4lleenmyyj\u00e4verkoston kautta. L\u00f6yd\u00e4 l\u00e4hin myyj\u00e4si hakusovelluksen avulla tai ota yhteytt\u00e4 ajoneuvon valmistajaan. L\u00f6yd\u00e4 l\u00e4hin j\u00e4lleenmyyj\u00e4si: L\u00f6yd\u00e4 Alcoa\u00ae-vanteiden ja lis\u00e4tarvikkeiden j\u00e4lleenmyyj\u00e4t Ottaessasi yhteytt\u00e4 maista, joita ei ole mainittu luettelossa, t\u00e4yt\u00e4 yhteydenottolomake.","og_url":"https:\/\/www.alcoawheels.com\/europe\/fi\/mista-ostaa\/","og_site_name":"Europe Finnish","article_modified_time":"2025-12-16T07:42:18+00:00","og_image":[{"url":"https:\/\/www.alcoawheels.com\/europe\/fi\/wp-content\/uploads\/sites\/14\/2023\/06\/hero-where-to-buy.jpg","type":"","width":"","height":""}],"twitter_card":"summary_large_image","twitter_misc":{"Est. reading time":"3 minutes"},"schema":{"@context":"https:\/\/schema.org","@graph":[{"@type":"WebPage","@id":"https:\/\/www.alcoawheels.com\/europe\/fi\/mista-ostaa\/","url":"https:\/\/www.alcoawheels.com\/europe\/fi\/mista-ostaa\/","name":"Mist\u00e4 ostaa| Alcoa \u00ae Wheels","isPartOf":{"@id":"https:\/\/www.alcoawheels.com\/europe\/fi\/#website"},"primaryImageOfPage":{"@id":"https:\/\/www.alcoawheels.com\/europe\/fi\/mista-ostaa\/#primaryimage"},"image":{"@id":"https:\/\/www.alcoawheels.com\/europe\/fi\/mista-ostaa\/#primaryimage"},"thumbnailUrl":"https:\/\/www.alcoawheels.com\/europe\/fi\/wp-content\/uploads\/sites\/14\/2023\/06\/hero-where-to-buy.jpg","datePublished":"2023-05-26T05:32:05+00:00","dateModified":"2025-12-16T07:42:18+00:00","breadcrumb":{"@id":"https:\/\/www.alcoawheels.com\/europe\/fi\/mista-ostaa\/#breadcrumb"},"inLanguage":"en-US","potentialAction":[{"@type":"ReadAction","target":["https:\/\/www.alcoawheels.com\/europe\/fi\/mista-ostaa\/"]}]},{"@type":"ImageObject","inLanguage":"en-US","@id":"https:\/\/www.alcoawheels.com\/europe\/fi\/mista-ostaa\/#primaryimage","url":"https:\/\/www.alcoawheels.com\/europe\/fi\/wp-content\/uploads\/sites\/14\/2023\/06\/hero-where-to-buy.jpg","contentUrl":"https:\/\/www.alcoawheels.com\/europe\/fi\/wp-content\/uploads\/sites\/14\/2023\/06\/hero-where-to-buy.jpg","width":1119,"height":280,"caption":"L\u00f6yd\u00e4 j\u00e4lleenmyyj\u00e4"},{"@type":"BreadcrumbList","@id":"https:\/\/www.alcoawheels.com\/europe\/fi\/mista-ostaa\/#breadcrumb","itemListElement":[{"@type":"ListItem","position":1,"name":"Home","item":"https:\/\/www.alcoawheels.com\/europe\/fi\/"},{"@type":"ListItem","position":2,"name":"Maahantuojat"}]},{"@type":"WebSite","@id":"https:\/\/www.alcoawheels.com\/europe\/fi\/#website","url":"https:\/\/www.alcoawheels.com\/europe\/fi\/","name":"Europe Finnish","description":"","publisher":{"@id":"https:\/\/www.alcoawheels.com\/europe\/fi\/#organization"},"potentialAction":[{"@type":"SearchAction","target":{"@type":"EntryPoint","urlTemplate":"https:\/\/www.alcoawheels.com\/europe\/fi\/?s={search_term_string}"},"query-input":{"@type":"PropertyValueSpecification","valueRequired":true,"valueName":"search_term_string"}}],"inLanguage":"en-US"},{"@type":"Organization","@id":"https:\/\/www.alcoawheels.com\/europe\/fi\/#organization","name":"Europe Finnish","url":"https:\/\/www.alcoawheels.com\/europe\/fi\/","logo":{"@type":"ImageObject","inLanguage":"en-US","@id":"https:\/\/www.alcoawheels.com\/europe\/fi\/#\/schema\/logo\/image\/","url":"https:\/\/www.alcoawheels.com\/europe\/fi\/wp-content\/uploads\/sites\/14\/2023\/05\/logo-black.gif","contentUrl":"https:\/\/www.alcoawheels.com\/europe\/fi\/wp-content\/uploads\/sites\/14\/2023\/05\/logo-black.gif","width":71,"height":64,"caption":"Europe Finnish"},"image":{"@id":"https:\/\/www.alcoawheels.com\/europe\/fi\/#\/schema\/logo\/image\/"}}]}},"parsely":{"version":"1.1.0","canonical_url":"https:\/\/alcoawheels.com\/europe\/fi\/mista-ostaa\/","smart_links":{"inbound":0,"outbound":0},"traffic_boost_suggestions_count":0,"meta":{"@context":"https:\/\/schema.org","@type":"WebPage","headline":"Maahantuojat","url":"http:\/\/www.alcoawheels.com\/europe\/fi\/mista-ostaa\/","mainEntityOfPage":{"@type":"WebPage","@id":"http:\/\/www.alcoawheels.com\/europe\/fi\/mista-ostaa\/"},"thumbnailUrl":"","image":{"@type":"ImageObject","url":""},"articleSection":"Uncategorized","author":[{"@type":"Person","name":"howmet"}],"creator":["howmet"],"publisher":{"@type":"Organization","name":"Europe Finnish","logo":""},"keywords":[],"dateCreated":"2023-05-26T05:32:05Z","datePublished":"2023-05-26T05:32:05Z","dateModified":"2025-12-16T07:42:18Z"},"rendered":"<script type=\"application\/ld+json\" class=\"wp-parsely-metadata\">{\"@context\":\"https:\\\/\\\/schema.org\",\"@type\":\"WebPage\",\"headline\":\"Maahantuojat\",\"url\":\"http:\\\/\\\/www.alcoawheels.com\\\/europe\\\/fi\\\/mista-ostaa\\\/\",\"mainEntityOfPage\":{\"@type\":\"WebPage\",\"@id\":\"http:\\\/\\\/www.alcoawheels.com\\\/europe\\\/fi\\\/mista-ostaa\\\/\"},\"thumbnailUrl\":\"\",\"image\":{\"@type\":\"ImageObject\",\"url\":\"\"},\"articleSection\":\"Uncategorized\",\"author\":[{\"@type\":\"Person\",\"name\":\"howmet\"}],\"creator\":[\"howmet\"],\"publisher\":{\"@type\":\"Organization\",\"name\":\"Europe Finnish\",\"logo\":\"\"},\"keywords\":[],\"dateCreated\":\"2023-05-26T05:32:05Z\",\"datePublished\":\"2023-05-26T05:32:05Z\",\"dateModified\":\"2025-12-16T07:42:18Z\"}<\/script>","tracker_url":"https:\/\/cdn.parsely.com\/keys\/alcoawheels.com\/p.js"},"jetpack_sharing_enabled":true,"_links":{"self":[{"href":"https:\/\/www.alcoawheels.com\/europe\/fi\/wp-json\/wp\/v2\/pages\/35","targetHints":{"allow":["GET"]}}],"collection":[{"href":"https:\/\/www.alcoawheels.com\/europe\/fi\/wp-json\/wp\/v2\/pages"}],"about":[{"href":"https:\/\/www.alcoawheels.com\/europe\/fi\/wp-json\/wp\/v2\/types\/page"}],"author":[{"embeddable":true,"href":"https:\/\/www.alcoawheels.com\/europe\/fi\/wp-json\/wp\/v2\/users\/44"}],"replies":[{"embeddable":true,"href":"https:\/\/www.alcoawheels.com\/europe\/fi\/wp-json\/wp\/v2\/comments?post=35"}],"version-history":[{"count":11,"href":"https:\/\/www.alcoawheels.com\/europe\/fi\/wp-json\/wp\/v2\/pages\/35\/revisions"}],"predecessor-version":[{"id":3882,"href":"https:\/\/www.alcoawheels.com\/europe\/fi\/wp-json\/wp\/v2\/pages\/35\/revisions\/3882"}],"wp:attachment":[{"href":"https:\/\/www.alcoawheels.com\/europe\/fi\/wp-json\/wp\/v2\/media?parent=35"}],"curies":[{"name":"wp","href":"https:\/\/api.w.org\/{rel}","templated":true}]}}