{"id":3618,"date":"2024-09-17T15:29:43","date_gmt":"2024-09-17T12:29:43","guid":{"rendered":"https:\/\/www.alcoawheels.com\/europe\/fi\/?page_id=3618"},"modified":"2025-03-11T15:58:13","modified_gmt":"2025-03-11T13:58:13","slug":"pyoran-rekisterointilomakkeen-tilan-seuranta","status":"publish","type":"page","link":"https:\/\/www.alcoawheels.com\/europe\/fi\/pyoran-rekisterointilomakkeen-tilan-seuranta\/","title":{"rendered":"Py\u00f6r\u00e4n rekister\u00f6intilomakkeen tilan seuranta"},"content":{"rendered":"\n<div class=\"wp-block-alcoa-wheels-hero-banner-innerpage hero-banner with-image layout-2 overlayEnable align- vertical-align- align-center vertical-align-center\" style=\"background-color:#eee\"><img decoding=\"async\" src=\"https:\/\/www.alcoawheels.com\/europe\/en\/wp-content\/uploads\/sites\/8\/2023\/06\/fsc-intro-banner.jpg\" alt=\"Fleet Service Center for Alcoa Wheels\" class=\"responsiveImage\"\/><div class=\"hero-banner__header\" style=\"text-align:center\"><div class=\"container\"><h1 class=\"hero-banner__header--title\">Vanteen rekister\u00f6intilomakkeen tilan seuranta<\/h1><\/div><\/div><\/div>\n\n\n\n<div style=\"height:50px\" aria-hidden=\"true\" class=\"wp-block-spacer\"><\/div>\n\n\n    <div class=\"lead-status-block-frontend\" data-attributes=\"{&quot;email&quot;:&quot;Sy\\u00f6t\\u00e4 s\\u00e4hk\\u00f6postiosoitteesi&quot;,&quot;leadId&quot;:&quot;Sy\\u00f6t\\u00e4 pyynn\\u00f6n ID&quot;,&quot;status&quot;:&quot;Tilatiedot&quot;,&quot;resetText&quot;:&quot;Tyhjenn\\u00e4&quot;,&quot;loading&quot;:&quot;Ladataan tilatietoa\\u2026&quot;,&quot;noMatch&quot;:&quot;Annetulla s\\u00e4hk\\u00f6postiosoitteella ja tunnuksella ei l\\u00f6ytynyt avoimia pyynt\\u00f6j\\u00e4. Tarkista tietosi ja yrit\\u00e4 uudelleen.&quot;,&quot;dearCustomer&quot;:&quot;Hyv\\u00e4 asiakas&quot;,&quot;thankYou&quot;:&quot;Vanteen rekister\\u00f6intitunnuksenne viimeisimm\\u00e4n tilan l\\u00f6yd\\u00e4tte alta:&quot;,&quot;customerMessage&quot;:&quot;Vanteen rekister\\u00f6intitunnuksen viimeisin tila&quot;,&quot;description&quot;:&quot;Verkkosivuston kuvaus&quot;,&quot;followMessage&quot;:&quot;Lis\\u00e4tietoja saat ottamalla yhteytt\\u00e4:&quot;,&quot;followEmail&quot;:&quot;fleet@howmet.com&quot;,&quot;followPhone&quot;:&quot;tai +3622531841 arkip\\u00e4ivisin klo 8.00-16:30 CET&quot;,&quot;checkboxText&quot;:&quot;Rastita ruutu hyv\\u00e4ksy\\u00e4ksesi&quot;,&quot;privacyText&quot;:&quot;tietosuojak\\u00e4yt\\u00e4nt\\u00f6mme&quot;,&quot;privacyLink&quot;:&quot;\\\/europe\\\/fi\\\/tietosuoja\\\/&quot;,&quot;consentMessage&quot;:&quot;L\\u00e4hett\\u00e4m\\u00e4ll\\u00e4 t\\u00e4m\\u00e4n pyynn\\u00f6n annan suostumukseni edell\\u00e4 antamieni henkil\\u00f6tietojen siirtoon Howmet Aerospace Inc.\\nja kaikille sen m\\u00e4\\u00e4r\\u00e4ysvallassa oleville yksik\\u00f6ille Yhdysvalloissa ja muualla, sek\\u00e4 niiden valtuuttamille kolmansille osapuolille, alihankkijoille tai asiamiehille, ja n\\u00e4iden tietojen k\\u00e4sittelyyn pyynt\\u00f6\\u00f6ni vastaamista varten\\u201d. Howmet Aerospace Inc. k\\u00e4ytt\\u00e4\\u00e4 toimitettuja tietoja ainoastaan pyynt\\u00f6\\u00f6n vastaamiseen ja s\\u00e4ilytt\\u00e4\\u00e4 tietoja niin kauan kuin on ehdottoman v\\u00e4ltt\\u00e4m\\u00e4t\\u00f6nt\\u00e4 pyynn\\u00f6n t\\u00e4ytt\\u00e4miseksi. Vahvistan, ett\\u00e4 minulle on tiedotettu t\\u00e4ysin henkil\\u00f6tietojeni k\\u00e4sittelyn ja siirron syist\\u00e4 ja ett\\u00e4 olen tietoinen kaikista n\\u00e4it\\u00e4 henkil\\u00f6tietoja koskevista oikeuksistani ja kaikista sovellettavista laeista. Jos p\\u00e4\\u00e4t\\u00e4n milloin tahansa my\\u00f6hemmin peruuttaa edell\\u00e4 antamani suostumuksen, otan yhteytt\\u00e4 Howmet Aerospaceen ilmoittaakseni t\\u00e4st\\u00e4 p\\u00e4\\u00e4t\\u00f6ksest\\u00e4ni. Minulla on my\\u00f6s oikeus saada Howmet Aerospacen tallentamat virheelliset tiedot oikaistua.&quot;,&quot;leadStatus&quot;:&quot;Lead Status&quot;,&quot;leadTime&quot;:&quot;Lead Time&quot;}\">\n        <form class=\"lead_form\">\n            <input type=\"email\" placeholder=\"Sy\u00f6t\u00e4 s\u00e4hk\u00f6postiosoitteesi\" required class=\"email_input\">\n            <input type=\"text\" placeholder=\"Sy\u00f6t\u00e4 pyynn\u00f6n ID\" required>\n            <button type=\"submit\" class=\"input-group-addon submit_button\" disabled>Tilatiedot<\/button>\n            <button type=\"button\" class=\"input-group-addon reset-button\">Tyhjenn\u00e4<\/button>\n            <p class=\"field-label consent-label\"><strong>Rastita ruutu hyv\u00e4ksy\u00e4ksesi<\/strong> <a href=\"\/europe\/fi\/tietosuoja\/\" target=\"_blank\">tietosuojak\u00e4yt\u00e4nt\u00f6mme<\/a>.<\/p>\n            <div class=\"checkbox-group\" id=\"checkbox_group\">\n                <div class=\"formbuilder-checkbox\">\n                    <input type=\"checkbox\" id=\"consent\" name=\"consent_message\" value=\"L\u00e4hett\u00e4m\u00e4ll\u00e4 t\u00e4m\u00e4n pyynn\u00f6n annan suostumukseni edell\u00e4 antamieni henkil\u00f6tietojen siirtoon Howmet Aerospace Inc.\nja kaikille sen m\u00e4\u00e4r\u00e4ysvallassa oleville yksik\u00f6ille Yhdysvalloissa ja muualla, sek\u00e4 niiden valtuuttamille kolmansille osapuolille, alihankkijoille tai asiamiehille, ja n\u00e4iden tietojen k\u00e4sittelyyn pyynt\u00f6\u00f6ni vastaamista varten\u201d. Howmet Aerospace Inc. k\u00e4ytt\u00e4\u00e4 toimitettuja tietoja ainoastaan pyynt\u00f6\u00f6n vastaamiseen ja s\u00e4ilytt\u00e4\u00e4 tietoja niin kauan kuin on ehdottoman v\u00e4ltt\u00e4m\u00e4t\u00f6nt\u00e4 pyynn\u00f6n t\u00e4ytt\u00e4miseksi. Vahvistan, ett\u00e4 minulle on tiedotettu t\u00e4ysin henkil\u00f6tietojeni k\u00e4sittelyn ja siirron syist\u00e4 ja ett\u00e4 olen tietoinen kaikista n\u00e4it\u00e4 henkil\u00f6tietoja koskevista oikeuksistani ja kaikista sovellettavista laeista. Jos p\u00e4\u00e4t\u00e4n milloin tahansa my\u00f6hemmin peruuttaa edell\u00e4 antamani suostumuksen, otan yhteytt\u00e4 Howmet Aerospaceen ilmoittaakseni t\u00e4st\u00e4 p\u00e4\u00e4t\u00f6ksest\u00e4ni. Minulla on my\u00f6s oikeus saada Howmet Aerospacen tallentamat virheelliset tiedot oikaistua.\" class=\"consent_message\" required>\n                    <label for=\"consent_message\">L\u00e4hett\u00e4m\u00e4ll\u00e4 t\u00e4m\u00e4n pyynn\u00f6n annan suostumukseni edell\u00e4 antamieni henkil\u00f6tietojen siirtoon Howmet Aerospace Inc.\nja kaikille sen m\u00e4\u00e4r\u00e4ysvallassa oleville yksik\u00f6ille Yhdysvalloissa ja muualla, sek\u00e4 niiden valtuuttamille kolmansille osapuolille, alihankkijoille tai asiamiehille, ja n\u00e4iden tietojen k\u00e4sittelyyn pyynt\u00f6\u00f6ni vastaamista varten\u201d. Howmet Aerospace Inc. k\u00e4ytt\u00e4\u00e4 toimitettuja tietoja ainoastaan pyynt\u00f6\u00f6n vastaamiseen ja s\u00e4ilytt\u00e4\u00e4 tietoja niin kauan kuin on ehdottoman v\u00e4ltt\u00e4m\u00e4t\u00f6nt\u00e4 pyynn\u00f6n t\u00e4ytt\u00e4miseksi. Vahvistan, ett\u00e4 minulle on tiedotettu t\u00e4ysin henkil\u00f6tietojeni k\u00e4sittelyn ja siirron syist\u00e4 ja ett\u00e4 olen tietoinen kaikista n\u00e4it\u00e4 henkil\u00f6tietoja koskevista oikeuksistani ja kaikista sovellettavista laeista. Jos p\u00e4\u00e4t\u00e4n milloin tahansa my\u00f6hemmin peruuttaa edell\u00e4 antamani suostumuksen, otan yhteytt\u00e4 Howmet Aerospaceen ilmoittaakseni t\u00e4st\u00e4 p\u00e4\u00e4t\u00f6ksest\u00e4ni. Minulla on my\u00f6s oikeus saada Howmet Aerospacen tallentamat virheelliset tiedot oikaistua.<\/label>\n                <\/div>\n            <\/div>\n        <\/form>\n        <div class=\"lead_section\"><\/div>\n    <\/div>\n\n\n\n<div style=\"height:50px\" aria-hidden=\"true\" class=\"wp-block-spacer\"><\/div>\n\n\n\n<p>Haluatko ilmoittaa toisesta vanteesta? Klikkaa <a href=\"https:\/\/www.alcoawheels.com\/europe\/fi\/fleet-service-center\/\">t\u00e4st\u00e4<\/a>.<\/p>\n\n\n\n<p>Jos sinulla on ongelmia tai kysytt\u00e4v\u00e4\u00e4, k\u00e4y <a href=\"https:\/\/www.alcoawheels.com\/europe\/fi\/fsc-esittely\/\">Fleet Service Centeriss\u00e4<\/a> ja\/tai <a href=\"https:\/\/www.alcoawheels.com\/europe\/fi\/ukk\/\">FAQ-osastossamme<\/a>.<\/p>\n","protected":false},"excerpt":{"rendered":"<p>Haluatko ilmoittaa toisesta vanteesta? Klikkaa t\u00e4st\u00e4. Jos sinulla on ongelmia tai kysytt\u00e4v\u00e4\u00e4, k\u00e4y Fleet Service Centeriss\u00e4 ja\/tai FAQ-osastossamme.<\/p>\n","protected":false},"author":62,"featured_media":0,"parent":0,"menu_order":0,"comment_status":"closed","ping_status":"closed","template":"","meta":{"_acf_changed":false,"protected_reviewer_email":"","editor_notices":[],"footnotes":""},"class_list":["post-3618","page","type-page","status-publish","hentry"],"acf":[],"yoast_head":"<!-- This site is optimized with the Yoast SEO Premium plugin v27.2 (Yoast SEO v27.2) - https:\/\/yoast.com\/product\/yoast-seo-premium-wordpress\/ -->\n<title>Py\u00f6r\u00e4n rekister\u00f6intilomakkeen tilan seuranta - Europe Finnish<\/title>\n<meta name=\"robots\" content=\"index, follow, max-snippet:-1, max-image-preview:large, max-video-preview:-1\" \/>\n<link rel=\"canonical\" href=\"https:\/\/www.alcoawheels.com\/europe\/fi\/pyoran-rekisterointilomakkeen-tilan-seuranta\/\" \/>\n<meta property=\"og:locale\" content=\"en_US\" \/>\n<meta property=\"og:type\" content=\"article\" \/>\n<meta property=\"og:title\" content=\"Py\u00f6r\u00e4n rekister\u00f6intilomakkeen tilan seuranta\" \/>\n<meta property=\"og:description\" content=\"Haluatko ilmoittaa toisesta vanteesta? Klikkaa t\u00e4st\u00e4. Jos sinulla on ongelmia tai kysytt\u00e4v\u00e4\u00e4, k\u00e4y Fleet Service Centeriss\u00e4 ja\/tai FAQ-osastossamme.\" \/>\n<meta property=\"og:url\" content=\"https:\/\/www.alcoawheels.com\/europe\/fi\/pyoran-rekisterointilomakkeen-tilan-seuranta\/\" \/>\n<meta property=\"og:site_name\" content=\"Europe Finnish\" \/>\n<meta property=\"article:modified_time\" content=\"2025-03-11T13:58:13+00:00\" \/>\n<meta property=\"og:image\" content=\"https:\/\/www.alcoawheels.com\/europe\/en\/wp-content\/uploads\/sites\/8\/2023\/06\/fsc-intro-banner.jpg\" \/>\n<meta name=\"twitter:card\" content=\"summary_large_image\" \/>\n<meta name=\"twitter:label1\" content=\"Est. reading time\" \/>\n\t<meta name=\"twitter:data1\" content=\"1 minute\" \/>\n<script type=\"application\/ld+json\" class=\"yoast-schema-graph\">{\"@context\":\"https:\/\/schema.org\",\"@graph\":[{\"@type\":\"WebPage\",\"@id\":\"https:\/\/www.alcoawheels.com\/europe\/fi\/pyoran-rekisterointilomakkeen-tilan-seuranta\/\",\"url\":\"https:\/\/www.alcoawheels.com\/europe\/fi\/pyoran-rekisterointilomakkeen-tilan-seuranta\/\",\"name\":\"Py\u00f6r\u00e4n rekister\u00f6intilomakkeen tilan seuranta - Europe Finnish\",\"isPartOf\":{\"@id\":\"https:\/\/www.alcoawheels.com\/europe\/fi\/#website\"},\"primaryImageOfPage\":{\"@id\":\"https:\/\/www.alcoawheels.com\/europe\/fi\/pyoran-rekisterointilomakkeen-tilan-seuranta\/#primaryimage\"},\"image\":{\"@id\":\"https:\/\/www.alcoawheels.com\/europe\/fi\/pyoran-rekisterointilomakkeen-tilan-seuranta\/#primaryimage\"},\"thumbnailUrl\":\"https:\/\/www.alcoawheels.com\/europe\/en\/wp-content\/uploads\/sites\/8\/2023\/06\/fsc-intro-banner.jpg\",\"datePublished\":\"2024-09-17T12:29:43+00:00\",\"dateModified\":\"2025-03-11T13:58:13+00:00\",\"breadcrumb\":{\"@id\":\"https:\/\/www.alcoawheels.com\/europe\/fi\/pyoran-rekisterointilomakkeen-tilan-seuranta\/#breadcrumb\"},\"inLanguage\":\"en-US\",\"potentialAction\":[{\"@type\":\"ReadAction\",\"target\":[\"https:\/\/www.alcoawheels.com\/europe\/fi\/pyoran-rekisterointilomakkeen-tilan-seuranta\/\"]}]},{\"@type\":\"ImageObject\",\"inLanguage\":\"en-US\",\"@id\":\"https:\/\/www.alcoawheels.com\/europe\/fi\/pyoran-rekisterointilomakkeen-tilan-seuranta\/#primaryimage\",\"url\":\"https:\/\/www.alcoawheels.com\/europe\/en\/wp-content\/uploads\/sites\/8\/2023\/06\/fsc-intro-banner.jpg\",\"contentUrl\":\"https:\/\/www.alcoawheels.com\/europe\/en\/wp-content\/uploads\/sites\/8\/2023\/06\/fsc-intro-banner.jpg\"},{\"@type\":\"BreadcrumbList\",\"@id\":\"https:\/\/www.alcoawheels.com\/europe\/fi\/pyoran-rekisterointilomakkeen-tilan-seuranta\/#breadcrumb\",\"itemListElement\":[{\"@type\":\"ListItem\",\"position\":1,\"name\":\"Home\",\"item\":\"https:\/\/www.alcoawheels.com\/europe\/fi\/\"},{\"@type\":\"ListItem\",\"position\":2,\"name\":\"Py\u00f6r\u00e4n rekister\u00f6intilomakkeen tilan seuranta\"}]},{\"@type\":\"WebSite\",\"@id\":\"https:\/\/www.alcoawheels.com\/europe\/fi\/#website\",\"url\":\"https:\/\/www.alcoawheels.com\/europe\/fi\/\",\"name\":\"Europe Finnish\",\"description\":\"\",\"publisher\":{\"@id\":\"https:\/\/www.alcoawheels.com\/europe\/fi\/#organization\"},\"potentialAction\":[{\"@type\":\"SearchAction\",\"target\":{\"@type\":\"EntryPoint\",\"urlTemplate\":\"https:\/\/www.alcoawheels.com\/europe\/fi\/?s={search_term_string}\"},\"query-input\":{\"@type\":\"PropertyValueSpecification\",\"valueRequired\":true,\"valueName\":\"search_term_string\"}}],\"inLanguage\":\"en-US\"},{\"@type\":\"Organization\",\"@id\":\"https:\/\/www.alcoawheels.com\/europe\/fi\/#organization\",\"name\":\"Europe Finnish\",\"url\":\"https:\/\/www.alcoawheels.com\/europe\/fi\/\",\"logo\":{\"@type\":\"ImageObject\",\"inLanguage\":\"en-US\",\"@id\":\"https:\/\/www.alcoawheels.com\/europe\/fi\/#\/schema\/logo\/image\/\",\"url\":\"https:\/\/www.alcoawheels.com\/europe\/fi\/wp-content\/uploads\/sites\/14\/2023\/05\/logo-black.gif\",\"contentUrl\":\"https:\/\/www.alcoawheels.com\/europe\/fi\/wp-content\/uploads\/sites\/14\/2023\/05\/logo-black.gif\",\"width\":71,\"height\":64,\"caption\":\"Europe Finnish\"},\"image\":{\"@id\":\"https:\/\/www.alcoawheels.com\/europe\/fi\/#\/schema\/logo\/image\/\"}}]}<\/script>\n<!-- \/ Yoast SEO Premium plugin. -->","yoast_head_json":{"title":"Py\u00f6r\u00e4n rekister\u00f6intilomakkeen tilan seuranta - Europe Finnish","robots":{"index":"index","follow":"follow","max-snippet":"max-snippet:-1","max-image-preview":"max-image-preview:large","max-video-preview":"max-video-preview:-1"},"canonical":"https:\/\/www.alcoawheels.com\/europe\/fi\/pyoran-rekisterointilomakkeen-tilan-seuranta\/","og_locale":"en_US","og_type":"article","og_title":"Py\u00f6r\u00e4n rekister\u00f6intilomakkeen tilan seuranta","og_description":"Haluatko ilmoittaa toisesta vanteesta? Klikkaa t\u00e4st\u00e4. Jos sinulla on ongelmia tai kysytt\u00e4v\u00e4\u00e4, k\u00e4y Fleet Service Centeriss\u00e4 ja\/tai FAQ-osastossamme.","og_url":"https:\/\/www.alcoawheels.com\/europe\/fi\/pyoran-rekisterointilomakkeen-tilan-seuranta\/","og_site_name":"Europe Finnish","article_modified_time":"2025-03-11T13:58:13+00:00","og_image":[{"url":"https:\/\/www.alcoawheels.com\/europe\/en\/wp-content\/uploads\/sites\/8\/2023\/06\/fsc-intro-banner.jpg","type":"","width":"","height":""}],"twitter_card":"summary_large_image","twitter_misc":{"Est. reading time":"1 minute"},"schema":{"@context":"https:\/\/schema.org","@graph":[{"@type":"WebPage","@id":"https:\/\/www.alcoawheels.com\/europe\/fi\/pyoran-rekisterointilomakkeen-tilan-seuranta\/","url":"https:\/\/www.alcoawheels.com\/europe\/fi\/pyoran-rekisterointilomakkeen-tilan-seuranta\/","name":"Py\u00f6r\u00e4n rekister\u00f6intilomakkeen tilan seuranta - Europe Finnish","isPartOf":{"@id":"https:\/\/www.alcoawheels.com\/europe\/fi\/#website"},"primaryImageOfPage":{"@id":"https:\/\/www.alcoawheels.com\/europe\/fi\/pyoran-rekisterointilomakkeen-tilan-seuranta\/#primaryimage"},"image":{"@id":"https:\/\/www.alcoawheels.com\/europe\/fi\/pyoran-rekisterointilomakkeen-tilan-seuranta\/#primaryimage"},"thumbnailUrl":"https:\/\/www.alcoawheels.com\/europe\/en\/wp-content\/uploads\/sites\/8\/2023\/06\/fsc-intro-banner.jpg","datePublished":"2024-09-17T12:29:43+00:00","dateModified":"2025-03-11T13:58:13+00:00","breadcrumb":{"@id":"https:\/\/www.alcoawheels.com\/europe\/fi\/pyoran-rekisterointilomakkeen-tilan-seuranta\/#breadcrumb"},"inLanguage":"en-US","potentialAction":[{"@type":"ReadAction","target":["https:\/\/www.alcoawheels.com\/europe\/fi\/pyoran-rekisterointilomakkeen-tilan-seuranta\/"]}]},{"@type":"ImageObject","inLanguage":"en-US","@id":"https:\/\/www.alcoawheels.com\/europe\/fi\/pyoran-rekisterointilomakkeen-tilan-seuranta\/#primaryimage","url":"https:\/\/www.alcoawheels.com\/europe\/en\/wp-content\/uploads\/sites\/8\/2023\/06\/fsc-intro-banner.jpg","contentUrl":"https:\/\/www.alcoawheels.com\/europe\/en\/wp-content\/uploads\/sites\/8\/2023\/06\/fsc-intro-banner.jpg"},{"@type":"BreadcrumbList","@id":"https:\/\/www.alcoawheels.com\/europe\/fi\/pyoran-rekisterointilomakkeen-tilan-seuranta\/#breadcrumb","itemListElement":[{"@type":"ListItem","position":1,"name":"Home","item":"https:\/\/www.alcoawheels.com\/europe\/fi\/"},{"@type":"ListItem","position":2,"name":"Py\u00f6r\u00e4n rekister\u00f6intilomakkeen tilan seuranta"}]},{"@type":"WebSite","@id":"https:\/\/www.alcoawheels.com\/europe\/fi\/#website","url":"https:\/\/www.alcoawheels.com\/europe\/fi\/","name":"Europe Finnish","description":"","publisher":{"@id":"https:\/\/www.alcoawheels.com\/europe\/fi\/#organization"},"potentialAction":[{"@type":"SearchAction","target":{"@type":"EntryPoint","urlTemplate":"https:\/\/www.alcoawheels.com\/europe\/fi\/?s={search_term_string}"},"query-input":{"@type":"PropertyValueSpecification","valueRequired":true,"valueName":"search_term_string"}}],"inLanguage":"en-US"},{"@type":"Organization","@id":"https:\/\/www.alcoawheels.com\/europe\/fi\/#organization","name":"Europe Finnish","url":"https:\/\/www.alcoawheels.com\/europe\/fi\/","logo":{"@type":"ImageObject","inLanguage":"en-US","@id":"https:\/\/www.alcoawheels.com\/europe\/fi\/#\/schema\/logo\/image\/","url":"https:\/\/www.alcoawheels.com\/europe\/fi\/wp-content\/uploads\/sites\/14\/2023\/05\/logo-black.gif","contentUrl":"https:\/\/www.alcoawheels.com\/europe\/fi\/wp-content\/uploads\/sites\/14\/2023\/05\/logo-black.gif","width":71,"height":64,"caption":"Europe Finnish"},"image":{"@id":"https:\/\/www.alcoawheels.com\/europe\/fi\/#\/schema\/logo\/image\/"}}]}},"parsely":{"version":"1.1.0","canonical_url":"https:\/\/alcoawheels.com\/europe\/fi\/pyoran-rekisterointilomakkeen-tilan-seuranta\/","smart_links":{"inbound":0,"outbound":0},"traffic_boost_suggestions_count":0,"meta":{"@context":"https:\/\/schema.org","@type":"WebPage","headline":"Py\u00f6r\u00e4n rekister\u00f6intilomakkeen tilan seuranta","url":"http:\/\/www.alcoawheels.com\/europe\/fi\/pyoran-rekisterointilomakkeen-tilan-seuranta\/","mainEntityOfPage":{"@type":"WebPage","@id":"http:\/\/www.alcoawheels.com\/europe\/fi\/pyoran-rekisterointilomakkeen-tilan-seuranta\/"},"thumbnailUrl":"","image":{"@type":"ImageObject","url":""},"articleSection":"Uncategorized","author":[{"@type":"Person","name":"riccirm"}],"creator":["riccirm"],"publisher":{"@type":"Organization","name":"Europe Finnish","logo":""},"keywords":[],"dateCreated":"2024-09-17T12:29:43Z","datePublished":"2024-09-17T12:29:43Z","dateModified":"2025-03-11T13:58:13Z"},"rendered":"<script type=\"application\/ld+json\" class=\"wp-parsely-metadata\">{\"@context\":\"https:\\\/\\\/schema.org\",\"@type\":\"WebPage\",\"headline\":\"Py\\u00f6r\\u00e4n rekister\\u00f6intilomakkeen tilan seuranta\",\"url\":\"http:\\\/\\\/www.alcoawheels.com\\\/europe\\\/fi\\\/pyoran-rekisterointilomakkeen-tilan-seuranta\\\/\",\"mainEntityOfPage\":{\"@type\":\"WebPage\",\"@id\":\"http:\\\/\\\/www.alcoawheels.com\\\/europe\\\/fi\\\/pyoran-rekisterointilomakkeen-tilan-seuranta\\\/\"},\"thumbnailUrl\":\"\",\"image\":{\"@type\":\"ImageObject\",\"url\":\"\"},\"articleSection\":\"Uncategorized\",\"author\":[{\"@type\":\"Person\",\"name\":\"riccirm\"}],\"creator\":[\"riccirm\"],\"publisher\":{\"@type\":\"Organization\",\"name\":\"Europe Finnish\",\"logo\":\"\"},\"keywords\":[],\"dateCreated\":\"2024-09-17T12:29:43Z\",\"datePublished\":\"2024-09-17T12:29:43Z\",\"dateModified\":\"2025-03-11T13:58:13Z\"}<\/script>","tracker_url":"https:\/\/cdn.parsely.com\/keys\/alcoawheels.com\/p.js"},"jetpack_sharing_enabled":true,"_links":{"self":[{"href":"https:\/\/www.alcoawheels.com\/europe\/fi\/wp-json\/wp\/v2\/pages\/3618","targetHints":{"allow":["GET"]}}],"collection":[{"href":"https:\/\/www.alcoawheels.com\/europe\/fi\/wp-json\/wp\/v2\/pages"}],"about":[{"href":"https:\/\/www.alcoawheels.com\/europe\/fi\/wp-json\/wp\/v2\/types\/page"}],"author":[{"embeddable":true,"href":"https:\/\/www.alcoawheels.com\/europe\/fi\/wp-json\/wp\/v2\/users\/62"}],"replies":[{"embeddable":true,"href":"https:\/\/www.alcoawheels.com\/europe\/fi\/wp-json\/wp\/v2\/comments?post=3618"}],"version-history":[{"count":9,"href":"https:\/\/www.alcoawheels.com\/europe\/fi\/wp-json\/wp\/v2\/pages\/3618\/revisions"}],"predecessor-version":[{"id":3686,"href":"https:\/\/www.alcoawheels.com\/europe\/fi\/wp-json\/wp\/v2\/pages\/3618\/revisions\/3686"}],"wp:attachment":[{"href":"https:\/\/www.alcoawheels.com\/europe\/fi\/wp-json\/wp\/v2\/media?parent=3618"}],"curies":[{"name":"wp","href":"https:\/\/api.w.org\/{rel}","templated":true}]}}