{"id":39,"date":"2023-05-26T05:32:50","date_gmt":"2023-05-26T05:32:50","guid":{"rendered":"https:\/\/www.alcoawheels.com\/europe\/fi\/?page_id=39"},"modified":"2026-01-12T14:42:49","modified_gmt":"2026-01-12T12:42:49","slug":"fsc-esittely","status":"publish","type":"page","link":"https:\/\/www.alcoawheels.com\/europe\/fi\/fsc-esittely\/","title":{"rendered":"Fleet Service Center"},"content":{"rendered":"\n<div class=\"wp-block-alcoa-wheels-hero-banner-innerpage hero-banner with-image layout-2 overlayEnable align- vertical-align- align-center vertical-align-center\" style=\"background-color:#eee\"><img decoding=\"async\" src=\"https:\/\/www.alcoawheels.com\/europe\/fi\/wp-content\/uploads\/sites\/14\/2023\/06\/fsc-intro-banner.jpg\" alt=\"Fleet Service Center for Alcoa Wheels\" class=\"responsiveImage\"\/><div class=\"hero-banner__header\" style=\"text-align:center\"><div class=\"container\"><h1 class=\"hero-banner__header--title\">Fleet Service Center<\/h1><\/div><\/div><\/div>\n\n\n\n<div style=\"height:25px\" aria-hidden=\"true\" class=\"wp-block-spacer spacer-fifty\"><\/div>\n\n\n\n<div class=\"wp-block-buttons is-content-justification-left is-layout-flex wp-container-core-buttons-is-layout-fdcfc74e wp-block-buttons-is-layout-flex\">\n<div class=\"wp-block-button is-style-fill\"><a class=\"wp-block-button__link has-white-color has-text-color has-background has-link-color wp-element-button\" href=\"https:\/\/www.alcoawheels.com\/europe\/fi\/pyoran-rekisterointilomakkeen-tilan-seuranta\/\" style=\"border-radius:0px;background-color:#00afba\">Py\u00f6r\u00e4n rekister\u00f6intilomakkeen tilan seuranta<\/a><\/div>\n<\/div>\n\n\n\n<div style=\"height:35px\" aria-hidden=\"true\" class=\"wp-block-spacer\"><\/div>\n\n\n\n\n\n<p>Howmetin Fleet Service Center vastaa seuraaviin tiedusteluihin:<\/p>\n\n\n\n<div class=\"wp-block-alcoa-wheels-lists alcoa-wheels-lists-block\"><div class=\"list-wrapper\"><ol style=\"list-style-type:none\">\n<div class=\"wp-block-alcoa-wheels-list-items inner-list-item-wrapper  with-icon list-item-wrapper\"><img decoding=\"async\" src=\"https:\/\/www.alcoawheels.com\/europe\/fi\/wp-content\/uploads\/sites\/14\/2023\/05\/wheel-bullet.jpg\" class=\"image-icon\" alt=\"https:\/\/www.alcoawheels.com\/europe\/fi\/wp-content\/uploads\/sites\/14\/2023\/05\/wheel-bullet.jpg\"\/><li class=\"inner-list-item  with-icon\"><span>Tekninen tuki ja myynnin j\u00e4lkeinen tuki<\/span><\/li><\/div>\n\n\n\n<div class=\"wp-block-alcoa-wheels-list-items inner-list-item-wrapper  with-icon list-item-wrapper\"><img decoding=\"async\" src=\"https:\/\/www.alcoawheels.com\/europe\/fi\/wp-content\/uploads\/sites\/14\/2023\/05\/wheel-bullet.jpg\" class=\"image-icon\" alt=\"https:\/\/www.alcoawheels.com\/europe\/fi\/wp-content\/uploads\/sites\/14\/2023\/05\/wheel-bullet.jpg\"\/><li class=\"inner-list-item  with-icon\"><span>Kysymykset Alcoa-vanteiden yll\u00e4pidosta ja puhdistuksesta<\/span><\/li><\/div>\n\n\n\n<div class=\"wp-block-alcoa-wheels-list-items inner-list-item-wrapper  with-icon list-item-wrapper\"><img decoding=\"async\" src=\"https:\/\/www.alcoawheels.com\/europe\/fi\/wp-content\/uploads\/sites\/14\/2023\/05\/wheel-bullet.jpg\" class=\"image-icon\" alt=\"https:\/\/www.alcoawheels.com\/europe\/fi\/wp-content\/uploads\/sites\/14\/2023\/05\/wheel-bullet.jpg\"\/><li class=\"inner-list-item  with-icon\"><span>Lis\u00e4tiedot ALCOA<sup>\u00ae<\/sup>\u00a0WHEELS -tuotteista ja tarvikkeista<\/span><\/li><\/div>\n<\/ol><\/div><\/div>\n\n\n\n<p>Vanteista jotka tarvitsevat tarkastusta tai jotka on poistettu k\u00e4yt\u00f6st\u00e4 vaurion vuoksi, voidaan ilmoittaa&nbsp;<a href=\"\/europe\/fi\/fleet-service-center\">vanteiden palautuslomakkeella<\/a>. J\u00e4rjest\u00e4mme vanteille noudon Fleet Service Centeriin.<\/p>\n\n\n\n<div class=\"wp-block-alcoa-wheels-message alert-warning-group\"><p>Katso <a href=\"..\/ukk\">FAQ-osiosta<\/a> yksityiskohtaiset tiedot takuuprosessistamme.<\/p><\/div>\n\n\n\n<p>Palvelukeskuksemme kattaa seuraavat maat: It\u00e4valta, Belgia, Kroatia, T\u0161ekin tasavalta, Tanska, Suomi, Ranska, Saksa, Kreikka, Unkari, Irlanti, Italia, Alankomaat, Norja, Puola, Portugali, Romania, Slovakia, Slovenia, Espanja, Ruotsi, Sveitsi, Turkki ja Yhdistynyt kuningaskunta.<\/p>\n\n\n\n<p>Vanteiden tekniset tiedot voit ladata&nbsp;<a href=\"\/europe\/fi\/tuotekirjallisuus\">t\u00e4\u00e4lt\u00e4<\/a>.<br>Napsauta&nbsp;<a href=\"\/europe\/fi\/wp-content\/uploads\/sites\/14\/2023\/06\/Alcoa-Wheels-Limited-warranty-FI.pdf\">t\u00e4t\u00e4<\/a><a href=\"https:\/\/www.alcoawheels.com\/alcoawheels\/europe\/fi\/pdf\/Alcoa-Wheels-Limited-warranty-FI.pdf\">&nbsp;<\/a>lukeaksesi ALCOA<sup>\u00ae<\/sup>&nbsp;WHEELS-py\u00f6rien rajoitetun takuun.<\/p>\n\n\n\n<p>Ota yhteytt\u00e4 Fleet Service Centeriin:&nbsp;<img loading=\"lazy\" decoding=\"async\" width=\"16\" height=\"15\" class=\"wp-image-240\" style=\"width: 16px;\" src=\"https:\/\/www.alcoawheels.com\/europe\/fi\/wp-content\/uploads\/sites\/14\/2023\/05\/phone-icon.4e773c4f.png\" alt=\"\"> <a href=\"tel:0036-2253-1841\">0036 2253 1841<\/a><\/p>\n\n\n\n<p>Jos maatasi ei ole listassa, voit l\u00e4hett\u00e4\u00e4 palvelukeskukseemme viestin osoitteella: &nbsp;<img loading=\"lazy\" decoding=\"async\" width=\"16\" height=\"13\" class=\"wp-image-241\" style=\"width: 16px;\" src=\"https:\/\/www.alcoawheels.com\/europe\/fi\/wp-content\/uploads\/sites\/14\/2023\/05\/email-icon.1a0ba940.png\" alt=\"\"> <a href=\"mailto:fleet@howmet.com\">fleet@howmet.com<\/a><\/p>\n\n\n\n<div class=\"wp-block-alcoa-wheels-card-usecase-1 card-box-v1__body with-icon align-center vertical-align-center\" id=\"card_box_v1-4135e37e-bd20-452d-8342-bf994da63e7d\"><div class=\"fullwidthcontainer\"><div class=\"card-box-v1__boxes has-4-columns\"><div class=\"card-box-v1__box  with-link \" style=\"background-color:#00afb9\"><img decoding=\"async\" src=\"https:\/\/www.alcoawheels.com\/europe\/fi\/wp-content\/themes\/alcoa-wheels\/assets\/build\/js\/blocks\/card-usecase-1\/..\/..\/..\/images\/placeholder-image.db2b4d5c.jpeg\" alt=\"Yhteystiedot\"\/><div class=\"card-box-v1__box__inner pos-abs\"><div class=\"card-box-v1__box_icon\"><img loading=\"lazy\" decoding=\"async\" width=\"171\" height=\"171\" src=\"https:\/\/www.alcoawheels.com\/europe\/fi\/wp-content\/uploads\/sites\/14\/2023\/06\/contact.png\" alt=\"\"\/><\/div><div class=\"card-box-v1__box_content\"><h4 style=\"color:#ffffff\">Yhteystiedot<\/h4><\/div><div class=\"btn-wrap\"><\/div><\/div><a href=\"\/europe\/fi\/yhteystiedot\" aria-label=\"Yhteystiedot\"><\/a><\/div><div class=\"card-box-v1__box  with-link \" style=\"background-color:#34bfc7\"><img decoding=\"async\" src=\"https:\/\/www.alcoawheels.com\/europe\/fi\/wp-content\/themes\/alcoa-wheels\/assets\/build\/js\/blocks\/card-usecase-1\/..\/..\/..\/images\/placeholder-image.db2b4d5c.jpeg\" alt=\"Vannevalikoima\"\/><div class=\"card-box-v1__box__inner pos-abs\"><div class=\"card-box-v1__box_icon\"><img loading=\"lazy\" decoding=\"async\" width=\"169\" height=\"169\" src=\"https:\/\/www.alcoawheels.com\/europe\/fi\/wp-content\/uploads\/sites\/14\/2023\/06\/product-search.png\" alt=\"\"\/><\/div><div class=\"card-box-v1__box_content\"><h4 style=\"color:#ffffff\">Vannevalikoima<\/h4><\/div><div class=\"btn-wrap\"><\/div><\/div><a href=\"\/europe\/fi\/vannevalikoima\" aria-label=\"Vannevalikoima\"><\/a><\/div><div class=\"card-box-v1__box  with-link \" style=\"background-color:#00afb9\"><img decoding=\"async\" src=\"https:\/\/www.alcoawheels.com\/europe\/fi\/wp-content\/themes\/alcoa-wheels\/assets\/build\/js\/blocks\/card-usecase-1\/..\/..\/..\/images\/placeholder-image.db2b4d5c.jpeg\" alt=\"Mist\u00e4 ostaa\"\/><div class=\"card-box-v1__box__inner pos-abs\"><div class=\"card-box-v1__box_icon\"><img loading=\"lazy\" decoding=\"async\" width=\"169\" height=\"169\" src=\"https:\/\/www.alcoawheels.com\/europe\/fi\/wp-content\/uploads\/sites\/14\/2023\/06\/where-to-buy.png\" alt=\"\"\/><\/div><div class=\"card-box-v1__box_content\"><h4 style=\"color:#ffffff\">Mist\u00e4 ostaa<\/h4><\/div><div class=\"btn-wrap\"><\/div><\/div><a href=\"\/europe\/fi\/mista-ostaa\" aria-label=\"Mist\u00e4 ostaa\"><\/a><\/div><div class=\"card-box-v1__box  with-link \" style=\"background-color:#34bfc7\"><img decoding=\"async\" src=\"https:\/\/www.alcoawheels.com\/europe\/fi\/wp-content\/themes\/alcoa-wheels\/assets\/build\/js\/blocks\/card-usecase-1\/..\/..\/..\/images\/placeholder-image.db2b4d5c.jpeg\" alt=\"Tuotekirjallisuus\"\/><div class=\"card-box-v1__box__inner pos-abs\"><div class=\"card-box-v1__box_icon\"><img loading=\"lazy\" decoding=\"async\" width=\"169\" height=\"169\" src=\"https:\/\/www.alcoawheels.com\/europe\/fi\/wp-content\/uploads\/sites\/14\/2023\/06\/product-literature.png\" alt=\"\"\/><\/div><div class=\"card-box-v1__box_content\"><h4 style=\"color:#ffffff\">Tuotekirjallisuus<\/h4><\/div><div class=\"btn-wrap\"><\/div><\/div><a href=\"\/europe\/fi\/tuotekirjallisuus\" aria-label=\"Tuotekirjallisuus\"><\/a><\/div><\/div><\/div><\/div>\n","protected":false},"excerpt":{"rendered":"<p>Howmetin Fleet Service Center vastaa seuraaviin tiedusteluihin: Vanteista jotka tarvitsevat tarkastusta tai jotka on poistettu k\u00e4yt\u00f6st\u00e4 vaurion vuoksi, voidaan ilmoittaa&nbsp;vanteiden palautuslomakkeella. J\u00e4rjest\u00e4mme vanteille noudon Fleet Service Centeriin. Palvelukeskuksemme kattaa seuraavat maat: It\u00e4valta, Belgia, Kroatia, T\u0161ekin tasavalta, Tanska, Suomi, Ranska, Saksa, Kreikka, Unkari, Irlanti, Italia, Alankomaat, Norja, Puola, Portugali, Romania, Slovakia, Slovenia, Espanja, Ruotsi, Sveitsi, Turkki [&hellip;]<\/p>\n","protected":false},"author":44,"featured_media":0,"parent":0,"menu_order":0,"comment_status":"closed","ping_status":"closed","template":"","meta":{"_acf_changed":false,"protected_reviewer_email":"","editor_notices":[],"footnotes":""},"class_list":["post-39","page","type-page","status-publish","hentry"],"acf":[],"yoast_head":"<!-- This site is optimized with the Yoast SEO Premium plugin v27.2 (Yoast SEO v27.2) - https:\/\/yoast.com\/product\/yoast-seo-premium-wordpress\/ -->\n<title>Kaluston palvelukeskus | Alcoa Wheels<\/title>\n<meta name=\"description\" content=\"Kaluston palvelukeskukseen voi ottaa yhteytt\u00e4 vanteiden tarkastusta varten.\" \/>\n<meta name=\"robots\" content=\"index, follow, max-snippet:-1, max-image-preview:large, max-video-preview:-1\" \/>\n<link rel=\"canonical\" href=\"https:\/\/www.alcoawheels.com\/europe\/fi\/fsc-esittely\/\" \/>\n<meta property=\"og:locale\" content=\"en_US\" \/>\n<meta property=\"og:type\" content=\"article\" \/>\n<meta property=\"og:title\" content=\"Fleet Service Center\" \/>\n<meta property=\"og:description\" content=\"Kaluston palvelukeskukseen voi ottaa yhteytt\u00e4 vanteiden tarkastusta varten.\" \/>\n<meta property=\"og:url\" content=\"https:\/\/www.alcoawheels.com\/europe\/fi\/fsc-esittely\/\" \/>\n<meta property=\"og:site_name\" content=\"Europe Finnish\" \/>\n<meta property=\"article:modified_time\" content=\"2026-01-12T12:42:49+00:00\" \/>\n<meta property=\"og:image\" content=\"https:\/\/www.alcoawheels.com\/europe\/fi\/wp-content\/uploads\/sites\/14\/2023\/06\/fsc-intro-banner.jpg\" \/>\n<meta name=\"twitter:card\" content=\"summary_large_image\" \/>\n<meta name=\"twitter:label1\" content=\"Est. reading time\" \/>\n\t<meta name=\"twitter:data1\" content=\"4 minutes\" \/>\n<script type=\"application\/ld+json\" class=\"yoast-schema-graph\">{\"@context\":\"https:\/\/schema.org\",\"@graph\":[{\"@type\":\"WebPage\",\"@id\":\"https:\/\/www.alcoawheels.com\/europe\/fi\/fsc-esittely\/\",\"url\":\"https:\/\/www.alcoawheels.com\/europe\/fi\/fsc-esittely\/\",\"name\":\"Kaluston palvelukeskus | Alcoa Wheels\",\"isPartOf\":{\"@id\":\"https:\/\/www.alcoawheels.com\/europe\/fi\/#website\"},\"primaryImageOfPage\":{\"@id\":\"https:\/\/www.alcoawheels.com\/europe\/fi\/fsc-esittely\/#primaryimage\"},\"image\":{\"@id\":\"https:\/\/www.alcoawheels.com\/europe\/fi\/fsc-esittely\/#primaryimage\"},\"thumbnailUrl\":\"https:\/\/www.alcoawheels.com\/europe\/fi\/wp-content\/uploads\/sites\/14\/2023\/06\/fsc-intro-banner.jpg\",\"datePublished\":\"2023-05-26T05:32:50+00:00\",\"dateModified\":\"2026-01-12T12:42:49+00:00\",\"description\":\"Kaluston palvelukeskukseen voi ottaa yhteytt\u00e4 vanteiden tarkastusta varten.\",\"breadcrumb\":{\"@id\":\"https:\/\/www.alcoawheels.com\/europe\/fi\/fsc-esittely\/#breadcrumb\"},\"inLanguage\":\"en-US\",\"potentialAction\":[{\"@type\":\"ReadAction\",\"target\":[\"https:\/\/www.alcoawheels.com\/europe\/fi\/fsc-esittely\/\"]}]},{\"@type\":\"ImageObject\",\"inLanguage\":\"en-US\",\"@id\":\"https:\/\/www.alcoawheels.com\/europe\/fi\/fsc-esittely\/#primaryimage\",\"url\":\"https:\/\/www.alcoawheels.com\/europe\/fi\/wp-content\/uploads\/sites\/14\/2023\/06\/fsc-intro-banner.jpg\",\"contentUrl\":\"https:\/\/www.alcoawheels.com\/europe\/fi\/wp-content\/uploads\/sites\/14\/2023\/06\/fsc-intro-banner.jpg\",\"width\":1119,\"height\":280,\"caption\":\"Fleet Service Center for Alcoa Wheels\"},{\"@type\":\"BreadcrumbList\",\"@id\":\"https:\/\/www.alcoawheels.com\/europe\/fi\/fsc-esittely\/#breadcrumb\",\"itemListElement\":[{\"@type\":\"ListItem\",\"position\":1,\"name\":\"Home\",\"item\":\"https:\/\/www.alcoawheels.com\/europe\/fi\/\"},{\"@type\":\"ListItem\",\"position\":2,\"name\":\"Fleet Service Center\"}]},{\"@type\":\"WebSite\",\"@id\":\"https:\/\/www.alcoawheels.com\/europe\/fi\/#website\",\"url\":\"https:\/\/www.alcoawheels.com\/europe\/fi\/\",\"name\":\"Europe Finnish\",\"description\":\"\",\"publisher\":{\"@id\":\"https:\/\/www.alcoawheels.com\/europe\/fi\/#organization\"},\"potentialAction\":[{\"@type\":\"SearchAction\",\"target\":{\"@type\":\"EntryPoint\",\"urlTemplate\":\"https:\/\/www.alcoawheels.com\/europe\/fi\/?s={search_term_string}\"},\"query-input\":{\"@type\":\"PropertyValueSpecification\",\"valueRequired\":true,\"valueName\":\"search_term_string\"}}],\"inLanguage\":\"en-US\"},{\"@type\":\"Organization\",\"@id\":\"https:\/\/www.alcoawheels.com\/europe\/fi\/#organization\",\"name\":\"Europe Finnish\",\"url\":\"https:\/\/www.alcoawheels.com\/europe\/fi\/\",\"logo\":{\"@type\":\"ImageObject\",\"inLanguage\":\"en-US\",\"@id\":\"https:\/\/www.alcoawheels.com\/europe\/fi\/#\/schema\/logo\/image\/\",\"url\":\"https:\/\/www.alcoawheels.com\/europe\/fi\/wp-content\/uploads\/sites\/14\/2023\/05\/logo-black.gif\",\"contentUrl\":\"https:\/\/www.alcoawheels.com\/europe\/fi\/wp-content\/uploads\/sites\/14\/2023\/05\/logo-black.gif\",\"width\":71,\"height\":64,\"caption\":\"Europe Finnish\"},\"image\":{\"@id\":\"https:\/\/www.alcoawheels.com\/europe\/fi\/#\/schema\/logo\/image\/\"}}]}<\/script>\n<!-- \/ Yoast SEO Premium plugin. -->","yoast_head_json":{"title":"Kaluston palvelukeskus | Alcoa Wheels","description":"Kaluston palvelukeskukseen voi ottaa yhteytt\u00e4 vanteiden tarkastusta varten.","robots":{"index":"index","follow":"follow","max-snippet":"max-snippet:-1","max-image-preview":"max-image-preview:large","max-video-preview":"max-video-preview:-1"},"canonical":"https:\/\/www.alcoawheels.com\/europe\/fi\/fsc-esittely\/","og_locale":"en_US","og_type":"article","og_title":"Fleet Service Center","og_description":"Kaluston palvelukeskukseen voi ottaa yhteytt\u00e4 vanteiden tarkastusta varten.","og_url":"https:\/\/www.alcoawheels.com\/europe\/fi\/fsc-esittely\/","og_site_name":"Europe Finnish","article_modified_time":"2026-01-12T12:42:49+00:00","og_image":[{"url":"https:\/\/www.alcoawheels.com\/europe\/fi\/wp-content\/uploads\/sites\/14\/2023\/06\/fsc-intro-banner.jpg","type":"","width":"","height":""}],"twitter_card":"summary_large_image","twitter_misc":{"Est. reading time":"4 minutes"},"schema":{"@context":"https:\/\/schema.org","@graph":[{"@type":"WebPage","@id":"https:\/\/www.alcoawheels.com\/europe\/fi\/fsc-esittely\/","url":"https:\/\/www.alcoawheels.com\/europe\/fi\/fsc-esittely\/","name":"Kaluston palvelukeskus | Alcoa Wheels","isPartOf":{"@id":"https:\/\/www.alcoawheels.com\/europe\/fi\/#website"},"primaryImageOfPage":{"@id":"https:\/\/www.alcoawheels.com\/europe\/fi\/fsc-esittely\/#primaryimage"},"image":{"@id":"https:\/\/www.alcoawheels.com\/europe\/fi\/fsc-esittely\/#primaryimage"},"thumbnailUrl":"https:\/\/www.alcoawheels.com\/europe\/fi\/wp-content\/uploads\/sites\/14\/2023\/06\/fsc-intro-banner.jpg","datePublished":"2023-05-26T05:32:50+00:00","dateModified":"2026-01-12T12:42:49+00:00","description":"Kaluston palvelukeskukseen voi ottaa yhteytt\u00e4 vanteiden tarkastusta varten.","breadcrumb":{"@id":"https:\/\/www.alcoawheels.com\/europe\/fi\/fsc-esittely\/#breadcrumb"},"inLanguage":"en-US","potentialAction":[{"@type":"ReadAction","target":["https:\/\/www.alcoawheels.com\/europe\/fi\/fsc-esittely\/"]}]},{"@type":"ImageObject","inLanguage":"en-US","@id":"https:\/\/www.alcoawheels.com\/europe\/fi\/fsc-esittely\/#primaryimage","url":"https:\/\/www.alcoawheels.com\/europe\/fi\/wp-content\/uploads\/sites\/14\/2023\/06\/fsc-intro-banner.jpg","contentUrl":"https:\/\/www.alcoawheels.com\/europe\/fi\/wp-content\/uploads\/sites\/14\/2023\/06\/fsc-intro-banner.jpg","width":1119,"height":280,"caption":"Fleet Service Center for Alcoa Wheels"},{"@type":"BreadcrumbList","@id":"https:\/\/www.alcoawheels.com\/europe\/fi\/fsc-esittely\/#breadcrumb","itemListElement":[{"@type":"ListItem","position":1,"name":"Home","item":"https:\/\/www.alcoawheels.com\/europe\/fi\/"},{"@type":"ListItem","position":2,"name":"Fleet Service Center"}]},{"@type":"WebSite","@id":"https:\/\/www.alcoawheels.com\/europe\/fi\/#website","url":"https:\/\/www.alcoawheels.com\/europe\/fi\/","name":"Europe Finnish","description":"","publisher":{"@id":"https:\/\/www.alcoawheels.com\/europe\/fi\/#organization"},"potentialAction":[{"@type":"SearchAction","target":{"@type":"EntryPoint","urlTemplate":"https:\/\/www.alcoawheels.com\/europe\/fi\/?s={search_term_string}"},"query-input":{"@type":"PropertyValueSpecification","valueRequired":true,"valueName":"search_term_string"}}],"inLanguage":"en-US"},{"@type":"Organization","@id":"https:\/\/www.alcoawheels.com\/europe\/fi\/#organization","name":"Europe Finnish","url":"https:\/\/www.alcoawheels.com\/europe\/fi\/","logo":{"@type":"ImageObject","inLanguage":"en-US","@id":"https:\/\/www.alcoawheels.com\/europe\/fi\/#\/schema\/logo\/image\/","url":"https:\/\/www.alcoawheels.com\/europe\/fi\/wp-content\/uploads\/sites\/14\/2023\/05\/logo-black.gif","contentUrl":"https:\/\/www.alcoawheels.com\/europe\/fi\/wp-content\/uploads\/sites\/14\/2023\/05\/logo-black.gif","width":71,"height":64,"caption":"Europe Finnish"},"image":{"@id":"https:\/\/www.alcoawheels.com\/europe\/fi\/#\/schema\/logo\/image\/"}}]}},"parsely":{"version":"1.1.0","canonical_url":"https:\/\/alcoawheels.com\/europe\/fi\/fsc-esittely\/","smart_links":{"inbound":0,"outbound":0},"traffic_boost_suggestions_count":0,"meta":{"@context":"https:\/\/schema.org","@type":"WebPage","headline":"Fleet Service Center","url":"http:\/\/www.alcoawheels.com\/europe\/fi\/fsc-esittely\/","mainEntityOfPage":{"@type":"WebPage","@id":"http:\/\/www.alcoawheels.com\/europe\/fi\/fsc-esittely\/"},"thumbnailUrl":"","image":{"@type":"ImageObject","url":""},"articleSection":"Uncategorized","author":[{"@type":"Person","name":"howmet"}],"creator":["howmet"],"publisher":{"@type":"Organization","name":"Europe Finnish","logo":""},"keywords":[],"dateCreated":"2023-05-26T05:32:50Z","datePublished":"2023-05-26T05:32:50Z","dateModified":"2026-01-12T12:42:49Z"},"rendered":"<script type=\"application\/ld+json\" class=\"wp-parsely-metadata\">{\"@context\":\"https:\\\/\\\/schema.org\",\"@type\":\"WebPage\",\"headline\":\"Fleet Service Center\",\"url\":\"http:\\\/\\\/www.alcoawheels.com\\\/europe\\\/fi\\\/fsc-esittely\\\/\",\"mainEntityOfPage\":{\"@type\":\"WebPage\",\"@id\":\"http:\\\/\\\/www.alcoawheels.com\\\/europe\\\/fi\\\/fsc-esittely\\\/\"},\"thumbnailUrl\":\"\",\"image\":{\"@type\":\"ImageObject\",\"url\":\"\"},\"articleSection\":\"Uncategorized\",\"author\":[{\"@type\":\"Person\",\"name\":\"howmet\"}],\"creator\":[\"howmet\"],\"publisher\":{\"@type\":\"Organization\",\"name\":\"Europe Finnish\",\"logo\":\"\"},\"keywords\":[],\"dateCreated\":\"2023-05-26T05:32:50Z\",\"datePublished\":\"2023-05-26T05:32:50Z\",\"dateModified\":\"2026-01-12T12:42:49Z\"}<\/script>","tracker_url":"https:\/\/cdn.parsely.com\/keys\/alcoawheels.com\/p.js"},"jetpack_sharing_enabled":true,"_links":{"self":[{"href":"https:\/\/www.alcoawheels.com\/europe\/fi\/wp-json\/wp\/v2\/pages\/39","targetHints":{"allow":["GET"]}}],"collection":[{"href":"https:\/\/www.alcoawheels.com\/europe\/fi\/wp-json\/wp\/v2\/pages"}],"about":[{"href":"https:\/\/www.alcoawheels.com\/europe\/fi\/wp-json\/wp\/v2\/types\/page"}],"author":[{"embeddable":true,"href":"https:\/\/www.alcoawheels.com\/europe\/fi\/wp-json\/wp\/v2\/users\/44"}],"replies":[{"embeddable":true,"href":"https:\/\/www.alcoawheels.com\/europe\/fi\/wp-json\/wp\/v2\/comments?post=39"}],"version-history":[{"count":27,"href":"https:\/\/www.alcoawheels.com\/europe\/fi\/wp-json\/wp\/v2\/pages\/39\/revisions"}],"predecessor-version":[{"id":3895,"href":"https:\/\/www.alcoawheels.com\/europe\/fi\/wp-json\/wp\/v2\/pages\/39\/revisions\/3895"}],"wp:attachment":[{"href":"https:\/\/www.alcoawheels.com\/europe\/fi\/wp-json\/wp\/v2\/media?parent=39"}],"curies":[{"name":"wp","href":"https:\/\/api.w.org\/{rel}","templated":true}]}}