{"id":9,"date":"2023-05-25T20:30:46","date_gmt":"2023-05-25T20:30:46","guid":{"rendered":"https:\/\/www.alcoawheels.com\/europe\/fi\/?page_id=9"},"modified":"2025-11-20T15:23:53","modified_gmt":"2025-11-20T13:23:53","slug":"alcoa-wheels","status":"publish","type":"page","link":"https:\/\/www.alcoawheels.com\/europe\/fi\/","title":{"rendered":"Alcoa Wheels Europe"},"content":{"rendered":"\n<div class=\"wp-block-alcoa-wheels-hero-slider hero-slider\" id=\"hero-slider-a8be4aeb-68fd-40d7-8f9c-43a08047b34a\"><div class=\"ad-container-fluid\"><div class=\"hero-slider-inner\"><div class=\"hero-slider-body\"><div class=\"hero-slider-main\" data-slide-fade=\"false\" data-slide-autoplay=\"true\" data-slide-interval=\"1000\" data-slide-arrows=\"true\" data-slide-dots=\"true\" data-slide-infinite=\"true\" data-slide-show=\"1\" data-slide-scroll=\"1\"><div class=\"hero-slide-item\" style=\"background-color:#fff\"><div class=\"hero-slide-inner-wrap fullsmallslide valign-center align-left with-link slide-withbg mediaresponsive\"><div class=\"desktopImage hero-slider__bg\"><img loading=\"lazy\" decoding=\"async\" width=\"1920\" height=\"600\" src=\"https:\/\/www.alcoawheels.com\/europe\/fi\/wp-content\/uploads\/sites\/14\/2023\/05\/homepage-ultra-one_large.jpg\" alt=\"Thumbnail\"\/><\/div><div class=\"responsiveImage hero-slider__bg\"><img loading=\"lazy\" decoding=\"async\" width=\"1920\" height=\"600\" src=\"https:\/\/www.alcoawheels.com\/europe\/fi\/wp-content\/uploads\/sites\/14\/2023\/05\/homepage-ultra-one_small.jpg\" alt=\"Thumbnail\"\/><\/div><div class=\"hero-slide-inner\"><div class=\"hero-slide-info\"><\/div><\/div><a href=\"\/europe\/fi\/ultra-one\" aria-label=\"\"><\/a><\/div><\/div><div class=\"hero-slide-item\" style=\"background-color:#fff\"><div class=\"hero-slide-inner-wrap fullsmallslide valign-center align-left with-link slide-withbg mediaresponsive\"><div class=\"desktopImage hero-slider__bg\"><img loading=\"lazy\" decoding=\"async\" width=\"1920\" height=\"600\" src=\"https:\/\/www.alcoawheels.com\/europe\/fi\/wp-content\/uploads\/sites\/14\/2023\/05\/homepage-EVO-slide2_large.jpeg\" alt=\"Thumbnail\"\/><\/div><div class=\"responsiveImage hero-slider__bg\"><img loading=\"lazy\" decoding=\"async\" width=\"1920\" height=\"600\" src=\"https:\/\/www.alcoawheels.com\/europe\/fi\/wp-content\/uploads\/sites\/14\/2023\/05\/homepage-EVO-slide2_small.jpeg\" alt=\"Thumbnail\"\/><\/div><div class=\"hero-slide-inner\"><div class=\"hero-slide-info\"><p class=\"slide-info-desc\" style=\"color:#000\"><strong>Dura-Bright<sup>\u00ae<\/sup> <mark style=\"background-color:rgba(0, 0, 0, 0);color:#49b04b\" class=\"has-inline-color\">EVO<\/mark>-vanteet<\/strong><\/p><h2 class=\"slide-info-title\" style=\"color:#000\"><strong>Upea ulkon\u00e4k\u00f6,<br>helppo huolto<\/strong><\/h2><p class=\"btn-main btn-primary\">Dura-Bright<sup>\u00ae<\/sup> EVO<\/p><\/div><\/div><a href=\"\/europe\/fi\/pintakasittelyt\/#dura-bright-evo\" aria-label=\"<strong&gt;Dura-Bright<sup&gt;\u00ae<\/sup&gt; <mark style=&quot;background-color:rgba(0, 0, 0, 0);color:#49b04b&quot; class=&quot;has-inline-color&quot;&gt;EVO<\/mark&gt;-vanteet<\/strong&gt;\"><\/a><\/div><\/div><div class=\"hero-slide-item\" style=\"background-color:#fff\"><div class=\"hero-slide-inner-wrap fullsmallslide valign-center align-left with-link slide-withbg mediaresponsive\"><div class=\"desktopImage hero-slider__bg\"><img loading=\"lazy\" decoding=\"async\" width=\"1920\" height=\"600\" src=\"https:\/\/www.alcoawheels.com\/europe\/fi\/wp-content\/uploads\/sites\/14\/2023\/05\/homepage-range2_large.jpeg\" alt=\"Thumbnail\"\/><\/div><div class=\"responsiveImage hero-slider__bg\"><img loading=\"lazy\" decoding=\"async\" width=\"1920\" height=\"600\" src=\"https:\/\/www.alcoawheels.com\/europe\/fi\/wp-content\/uploads\/sites\/14\/2023\/05\/homepage-range2_small.jpeg\" alt=\"Thumbnail\"\/><\/div><div class=\"hero-slide-inner\"><div class=\"hero-slide-info\"><h2 class=\"slide-info-title\" style=\"color:#000\"><strong>Yrityksellesi sopivat vanteet Alcoa<sup>\u00ae<\/sup>Wheels<\/strong><\/h2><p class=\"btn-main btn-primary\">Vannevalikoima<\/p><\/div><\/div><a href=\"\/europe\/fi\/vannevalikoima\" aria-label=\"\"><\/a><\/div><\/div><div class=\"hero-slide-item\" style=\"background-color:#fff\"><div class=\"hero-slide-inner-wrap fullwidthslide valign-center align-right with-link slide-withbg mediaresponsive\"><div class=\"desktopImage hero-slider__bg\"><img loading=\"lazy\" decoding=\"async\" width=\"1920\" height=\"600\" src=\"https:\/\/www.alcoawheels.com\/europe\/fi\/wp-content\/uploads\/sites\/14\/2023\/05\/homepage-youtube-cleaning_large.jpeg\" alt=\"Thumbnail\"\/><\/div><div class=\"responsiveImage hero-slider__bg\"><img loading=\"lazy\" decoding=\"async\" width=\"1920\" height=\"600\" src=\"https:\/\/www.alcoawheels.com\/europe\/fi\/wp-content\/uploads\/sites\/14\/2023\/05\/homepage-youtube-cleaning_small.jpeg\" alt=\"Thumbnail\"\/><\/div><div class=\"hero-slide-inner\"><div class=\"hero-slide-info\"><h2 class=\"slide-info-title\" style=\"color:#ffffff\"><strong>Dura-Bright<sup>\u00ae<\/sup> -vanteiden puhdistus<\/strong><\/h2><p class=\"btn-main btn-primary\">Dura-Bright<sup>\u00ae<\/sup>-puhdistusvideo<\/p><\/div><\/div><a href=\"\/europe\/fi\/kuinka-puhdistaa\/#db-video\" aria-label=\"\"><\/a><\/div><\/div><\/div><\/div><\/div><\/div><\/div>\n\n\n\n<h1 class=\"wp-block-heading has-text-align-center\" id=\"h-innovaatio-on-ytimessamme\">Innovaatio on ytimess\u00e4mme.<\/h1>\n\n\n\n<p>Ensin keksimme alumiiniteollisuuden vuonna 1888, sitten taotun alumiinivanteen vuonna 1948. Nyky\u00e4\u00e4n Howmet kehitt\u00e4\u00e4 teknologiaa jatkuvasti tuottaakseen uusia teollisuusratkaisuja. Tarjoamme taottuja alumiinivanteita alkaen 17,5&#8243; ja 19,5&#8243; -tuumasta aina laajaan valikoimaan 22,5&#8243;-kokoja.<\/p>\n\n\n\n<div class=\"wp-block-alcoa-wheels-card-usecase-1 card-box-v1__body with-icon align-center vertical-align-center\" id=\"card_box_v1-f23be409-a379-46c7-a45a-c8c84542c9b7\"><div class=\"fullwidthcontainer\"><div class=\"card-box-v1__boxes has-4-columns\"><div class=\"card-box-v1__box  with-link \" style=\"background-color:#00afb9\"><img decoding=\"async\" src=\"https:\/\/www.alcoawheels.com\/europe\/fi\/wp-content\/themes\/alcoa-wheels\/assets\/build\/js\/blocks\/card-usecase-1\/..\/..\/..\/images\/placeholder-image.db2b4d5c.jpeg\" alt=\"Yhteystiedot\"\/><div class=\"card-box-v1__box__inner pos-abs\"><div class=\"card-box-v1__box_icon\"><img loading=\"lazy\" decoding=\"async\" width=\"171\" height=\"171\" src=\"https:\/\/www.alcoawheels.com\/europe\/fi\/wp-content\/uploads\/sites\/14\/2023\/06\/contact.png\" alt=\"\"\/><\/div><div class=\"card-box-v1__box_content\"><h4 style=\"color:#ffffff\">Yhteystiedot<\/h4><\/div><div class=\"btn-wrap\"><\/div><\/div><a href=\"\/europe\/fi\/yhteystiedot\" aria-label=\"Yhteystiedot\"><\/a><\/div><div class=\"card-box-v1__box  with-link \" style=\"background-color:#34bfc7\"><img decoding=\"async\" src=\"https:\/\/www.alcoawheels.com\/europe\/fi\/wp-content\/themes\/alcoa-wheels\/assets\/build\/js\/blocks\/card-usecase-1\/..\/..\/..\/images\/placeholder-image.db2b4d5c.jpeg\" alt=\"Vannevalikoima\"\/><div class=\"card-box-v1__box__inner pos-abs\"><div class=\"card-box-v1__box_icon\"><img loading=\"lazy\" decoding=\"async\" width=\"169\" height=\"169\" src=\"https:\/\/www.alcoawheels.com\/europe\/fi\/wp-content\/uploads\/sites\/14\/2023\/06\/product-search.png\" alt=\"\"\/><\/div><div class=\"card-box-v1__box_content\"><h4 style=\"color:#ffffff\">Vannevalikoima<\/h4><\/div><div class=\"btn-wrap\"><\/div><\/div><a href=\"\/europe\/fi\/vannevalikoima\" aria-label=\"Vannevalikoima\"><\/a><\/div><div class=\"card-box-v1__box  with-link \" style=\"background-color:#00afb9\"><img decoding=\"async\" src=\"https:\/\/www.alcoawheels.com\/europe\/fi\/wp-content\/themes\/alcoa-wheels\/assets\/build\/js\/blocks\/card-usecase-1\/..\/..\/..\/images\/placeholder-image.db2b4d5c.jpeg\" alt=\"Mist\u00e4 ostaa\"\/><div class=\"card-box-v1__box__inner pos-abs\"><div class=\"card-box-v1__box_icon\"><img loading=\"lazy\" decoding=\"async\" width=\"169\" height=\"169\" src=\"https:\/\/www.alcoawheels.com\/europe\/fi\/wp-content\/uploads\/sites\/14\/2023\/06\/where-to-buy.png\" alt=\"\"\/><\/div><div class=\"card-box-v1__box_content\"><h4 style=\"color:#ffffff\">Mist\u00e4 ostaa<\/h4><\/div><div class=\"btn-wrap\"><\/div><\/div><a href=\"\/europe\/fi\/mista-ostaa\" aria-label=\"Mist\u00e4 ostaa\"><\/a><\/div><div class=\"card-box-v1__box  with-link \" style=\"background-color:#34bfc7\"><img decoding=\"async\" src=\"https:\/\/www.alcoawheels.com\/europe\/fi\/wp-content\/themes\/alcoa-wheels\/assets\/build\/js\/blocks\/card-usecase-1\/..\/..\/..\/images\/placeholder-image.db2b4d5c.jpeg\" alt=\"Tuotekirjallisuus\"\/><div class=\"card-box-v1__box__inner pos-abs\"><div class=\"card-box-v1__box_icon\"><img loading=\"lazy\" decoding=\"async\" width=\"169\" height=\"169\" src=\"https:\/\/www.alcoawheels.com\/europe\/fi\/wp-content\/uploads\/sites\/14\/2023\/06\/product-literature.png\" alt=\"\"\/><\/div><div class=\"card-box-v1__box_content\"><h4 style=\"color:#ffffff\">Tuotekirjallisuus<\/h4><\/div><div class=\"btn-wrap\"><\/div><\/div><a href=\"\/europe\/fi\/tuotekirjallisuus\" aria-label=\"Tuotekirjallisuus\"><\/a><\/div><\/div><\/div><\/div>\n","protected":false},"excerpt":{"rendered":"<p>Innovaatio on ytimess\u00e4mme. Ensin keksimme alumiiniteollisuuden vuonna 1888, sitten taotun alumiinivanteen vuonna 1948. Nyky\u00e4\u00e4n Howmet kehitt\u00e4\u00e4 teknologiaa jatkuvasti tuottaakseen uusia teollisuusratkaisuja. Tarjoamme taottuja alumiinivanteita alkaen 17,5&#8243; ja 19,5&#8243; -tuumasta aina laajaan valikoimaan 22,5&#8243;-kokoja.<\/p>\n","protected":false},"author":44,"featured_media":0,"parent":0,"menu_order":0,"comment_status":"closed","ping_status":"closed","template":"","meta":{"_acf_changed":false,"protected_reviewer_email":"","editor_notices":[],"footnotes":""},"class_list":["post-9","page","type-page","status-publish","hentry"],"acf":[],"yoast_head":"<!-- This site is optimized with the Yoast SEO Premium plugin v27.3 (Yoast SEO v27.3) - https:\/\/yoast.com\/product\/yoast-seo-premium-wordpress\/ -->\n<title>Alcoa Wheels Europe | Alcoa Wheels<\/title>\n<meta name=\"description\" content=\"Ensin keksimme alumiiniteollisuuden vuonna 1888, sitten vahvistetun alumiinivanteen vuonna 1948. Kehit\u00e4mme tekniikkaa jatkuvasti tuodaksemme asiakkaillemme parhaat ratkaisut. Vastaamme kohtaamiisi haasteisiin tarjoamalla vaihtoehdot kuljetuksen p\u00e4ivitt\u00e4isiin tarpeisiin kuorma- ja linja-autoille sek\u00e4 per\u00e4vaunuille.\" \/>\n<meta name=\"robots\" content=\"index, follow, max-snippet:-1, max-image-preview:large, max-video-preview:-1\" \/>\n<link rel=\"canonical\" href=\"https:\/\/www.alcoawheels.com\/europe\/fi\/\" \/>\n<meta property=\"og:locale\" content=\"en_US\" \/>\n<meta property=\"og:type\" content=\"article\" \/>\n<meta property=\"og:title\" content=\"Alcoa Wheels Europe\" \/>\n<meta property=\"og:description\" content=\"Ensin keksimme alumiiniteollisuuden vuonna 1888, sitten vahvistetun alumiinivanteen vuonna 1948. Kehit\u00e4mme tekniikkaa jatkuvasti tuodaksemme asiakkaillemme parhaat ratkaisut. Vastaamme kohtaamiisi haasteisiin tarjoamalla vaihtoehdot kuljetuksen p\u00e4ivitt\u00e4isiin tarpeisiin kuorma- ja linja-autoille sek\u00e4 per\u00e4vaunuille.\" \/>\n<meta property=\"og:url\" content=\"https:\/\/www.alcoawheels.com\/europe\/fi\/\" \/>\n<meta property=\"og:site_name\" content=\"Europe Finnish\" \/>\n<meta property=\"article:modified_time\" content=\"2025-11-20T13:23:53+00:00\" \/>\n<meta property=\"og:image\" content=\"https:\/\/www.alcoawheels.com\/europe\/fi\/wp-content\/uploads\/sites\/14\/2023\/05\/homepage-ultra-one_large.jpg\" \/>\n<meta name=\"twitter:card\" content=\"summary_large_image\" \/>\n<meta name=\"twitter:label1\" content=\"Est. reading time\" \/>\n\t<meta name=\"twitter:data1\" content=\"4 minutes\" \/>\n<script type=\"application\/ld+json\" class=\"yoast-schema-graph\">{\"@context\":\"https:\\\/\\\/schema.org\",\"@graph\":[{\"@type\":\"WebPage\",\"@id\":\"https:\\\/\\\/www.alcoawheels.com\\\/europe\\\/fi\\\/\",\"url\":\"https:\\\/\\\/www.alcoawheels.com\\\/europe\\\/fi\\\/\",\"name\":\"Alcoa Wheels Europe | Alcoa Wheels\",\"isPartOf\":{\"@id\":\"https:\\\/\\\/www.alcoawheels.com\\\/europe\\\/fi\\\/#website\"},\"primaryImageOfPage\":{\"@id\":\"https:\\\/\\\/www.alcoawheels.com\\\/europe\\\/fi\\\/#primaryimage\"},\"image\":{\"@id\":\"https:\\\/\\\/www.alcoawheels.com\\\/europe\\\/fi\\\/#primaryimage\"},\"thumbnailUrl\":\"https:\\\/\\\/www.alcoawheels.com\\\/europe\\\/fi\\\/wp-content\\\/uploads\\\/sites\\\/14\\\/2023\\\/05\\\/homepage-ultra-one_large.jpg\",\"datePublished\":\"2023-05-25T20:30:46+00:00\",\"dateModified\":\"2025-11-20T13:23:53+00:00\",\"description\":\"Ensin keksimme alumiiniteollisuuden vuonna 1888, sitten vahvistetun alumiinivanteen vuonna 1948. Kehit\u00e4mme tekniikkaa jatkuvasti tuodaksemme asiakkaillemme parhaat ratkaisut. Vastaamme kohtaamiisi haasteisiin tarjoamalla vaihtoehdot kuljetuksen p\u00e4ivitt\u00e4isiin tarpeisiin kuorma- ja linja-autoille sek\u00e4 per\u00e4vaunuille.\",\"breadcrumb\":{\"@id\":\"https:\\\/\\\/www.alcoawheels.com\\\/europe\\\/fi\\\/#breadcrumb\"},\"inLanguage\":\"en-US\",\"potentialAction\":[{\"@type\":\"ReadAction\",\"target\":[\"https:\\\/\\\/www.alcoawheels.com\\\/europe\\\/fi\\\/\"]}]},{\"@type\":\"ImageObject\",\"inLanguage\":\"en-US\",\"@id\":\"https:\\\/\\\/www.alcoawheels.com\\\/europe\\\/fi\\\/#primaryimage\",\"url\":\"https:\\\/\\\/www.alcoawheels.com\\\/europe\\\/fi\\\/wp-content\\\/uploads\\\/sites\\\/14\\\/2023\\\/05\\\/homepage-ultra-one_large.jpg\",\"contentUrl\":\"https:\\\/\\\/www.alcoawheels.com\\\/europe\\\/fi\\\/wp-content\\\/uploads\\\/sites\\\/14\\\/2023\\\/05\\\/homepage-ultra-one_large.jpg\",\"width\":1440,\"height\":440,\"caption\":\"Ultra ONE\"},{\"@type\":\"BreadcrumbList\",\"@id\":\"https:\\\/\\\/www.alcoawheels.com\\\/europe\\\/fi\\\/#breadcrumb\",\"itemListElement\":[{\"@type\":\"ListItem\",\"position\":1,\"name\":\"Home\",\"item\":\"https:\\\/\\\/www.alcoawheels.com\\\/europe\\\/fi\\\/\"},{\"@type\":\"ListItem\",\"position\":2,\"name\":\"Alcoa Wheels Europe\"}]},{\"@type\":\"WebSite\",\"@id\":\"https:\\\/\\\/www.alcoawheels.com\\\/europe\\\/fi\\\/#website\",\"url\":\"https:\\\/\\\/www.alcoawheels.com\\\/europe\\\/fi\\\/\",\"name\":\"Europe Finnish\",\"description\":\"\",\"publisher\":{\"@id\":\"https:\\\/\\\/www.alcoawheels.com\\\/europe\\\/fi\\\/#organization\"},\"potentialAction\":[{\"@type\":\"SearchAction\",\"target\":{\"@type\":\"EntryPoint\",\"urlTemplate\":\"https:\\\/\\\/www.alcoawheels.com\\\/europe\\\/fi\\\/?s={search_term_string}\"},\"query-input\":{\"@type\":\"PropertyValueSpecification\",\"valueRequired\":true,\"valueName\":\"search_term_string\"}}],\"inLanguage\":\"en-US\"},{\"@type\":\"Organization\",\"@id\":\"https:\\\/\\\/www.alcoawheels.com\\\/europe\\\/fi\\\/#organization\",\"name\":\"Europe Finnish\",\"url\":\"https:\\\/\\\/www.alcoawheels.com\\\/europe\\\/fi\\\/\",\"logo\":{\"@type\":\"ImageObject\",\"inLanguage\":\"en-US\",\"@id\":\"https:\\\/\\\/www.alcoawheels.com\\\/europe\\\/fi\\\/#\\\/schema\\\/logo\\\/image\\\/\",\"url\":\"https:\\\/\\\/www.alcoawheels.com\\\/europe\\\/fi\\\/wp-content\\\/uploads\\\/sites\\\/14\\\/2023\\\/05\\\/logo-black.gif\",\"contentUrl\":\"https:\\\/\\\/www.alcoawheels.com\\\/europe\\\/fi\\\/wp-content\\\/uploads\\\/sites\\\/14\\\/2023\\\/05\\\/logo-black.gif\",\"width\":71,\"height\":64,\"caption\":\"Europe Finnish\"},\"image\":{\"@id\":\"https:\\\/\\\/www.alcoawheels.com\\\/europe\\\/fi\\\/#\\\/schema\\\/logo\\\/image\\\/\"}}]}<\/script>\n<!-- \/ Yoast SEO Premium plugin. -->","yoast_head_json":{"title":"Alcoa Wheels Europe | Alcoa Wheels","description":"Ensin keksimme alumiiniteollisuuden vuonna 1888, sitten vahvistetun alumiinivanteen vuonna 1948. Kehit\u00e4mme tekniikkaa jatkuvasti tuodaksemme asiakkaillemme parhaat ratkaisut. Vastaamme kohtaamiisi haasteisiin tarjoamalla vaihtoehdot kuljetuksen p\u00e4ivitt\u00e4isiin tarpeisiin kuorma- ja linja-autoille sek\u00e4 per\u00e4vaunuille.","robots":{"index":"index","follow":"follow","max-snippet":"max-snippet:-1","max-image-preview":"max-image-preview:large","max-video-preview":"max-video-preview:-1"},"canonical":"https:\/\/www.alcoawheels.com\/europe\/fi\/","og_locale":"en_US","og_type":"article","og_title":"Alcoa Wheels Europe","og_description":"Ensin keksimme alumiiniteollisuuden vuonna 1888, sitten vahvistetun alumiinivanteen vuonna 1948. Kehit\u00e4mme tekniikkaa jatkuvasti tuodaksemme asiakkaillemme parhaat ratkaisut. Vastaamme kohtaamiisi haasteisiin tarjoamalla vaihtoehdot kuljetuksen p\u00e4ivitt\u00e4isiin tarpeisiin kuorma- ja linja-autoille sek\u00e4 per\u00e4vaunuille.","og_url":"https:\/\/www.alcoawheels.com\/europe\/fi\/","og_site_name":"Europe Finnish","article_modified_time":"2025-11-20T13:23:53+00:00","og_image":[{"url":"https:\/\/www.alcoawheels.com\/europe\/fi\/wp-content\/uploads\/sites\/14\/2023\/05\/homepage-ultra-one_large.jpg","type":"","width":"","height":""}],"twitter_card":"summary_large_image","twitter_misc":{"Est. reading time":"4 minutes"},"schema":{"@context":"https:\/\/schema.org","@graph":[{"@type":"WebPage","@id":"https:\/\/www.alcoawheels.com\/europe\/fi\/","url":"https:\/\/www.alcoawheels.com\/europe\/fi\/","name":"Alcoa Wheels Europe | Alcoa Wheels","isPartOf":{"@id":"https:\/\/www.alcoawheels.com\/europe\/fi\/#website"},"primaryImageOfPage":{"@id":"https:\/\/www.alcoawheels.com\/europe\/fi\/#primaryimage"},"image":{"@id":"https:\/\/www.alcoawheels.com\/europe\/fi\/#primaryimage"},"thumbnailUrl":"https:\/\/www.alcoawheels.com\/europe\/fi\/wp-content\/uploads\/sites\/14\/2023\/05\/homepage-ultra-one_large.jpg","datePublished":"2023-05-25T20:30:46+00:00","dateModified":"2025-11-20T13:23:53+00:00","description":"Ensin keksimme alumiiniteollisuuden vuonna 1888, sitten vahvistetun alumiinivanteen vuonna 1948. Kehit\u00e4mme tekniikkaa jatkuvasti tuodaksemme asiakkaillemme parhaat ratkaisut. Vastaamme kohtaamiisi haasteisiin tarjoamalla vaihtoehdot kuljetuksen p\u00e4ivitt\u00e4isiin tarpeisiin kuorma- ja linja-autoille sek\u00e4 per\u00e4vaunuille.","breadcrumb":{"@id":"https:\/\/www.alcoawheels.com\/europe\/fi\/#breadcrumb"},"inLanguage":"en-US","potentialAction":[{"@type":"ReadAction","target":["https:\/\/www.alcoawheels.com\/europe\/fi\/"]}]},{"@type":"ImageObject","inLanguage":"en-US","@id":"https:\/\/www.alcoawheels.com\/europe\/fi\/#primaryimage","url":"https:\/\/www.alcoawheels.com\/europe\/fi\/wp-content\/uploads\/sites\/14\/2023\/05\/homepage-ultra-one_large.jpg","contentUrl":"https:\/\/www.alcoawheels.com\/europe\/fi\/wp-content\/uploads\/sites\/14\/2023\/05\/homepage-ultra-one_large.jpg","width":1440,"height":440,"caption":"Ultra ONE"},{"@type":"BreadcrumbList","@id":"https:\/\/www.alcoawheels.com\/europe\/fi\/#breadcrumb","itemListElement":[{"@type":"ListItem","position":1,"name":"Home","item":"https:\/\/www.alcoawheels.com\/europe\/fi\/"},{"@type":"ListItem","position":2,"name":"Alcoa Wheels Europe"}]},{"@type":"WebSite","@id":"https:\/\/www.alcoawheels.com\/europe\/fi\/#website","url":"https:\/\/www.alcoawheels.com\/europe\/fi\/","name":"Europe Finnish","description":"","publisher":{"@id":"https:\/\/www.alcoawheels.com\/europe\/fi\/#organization"},"potentialAction":[{"@type":"SearchAction","target":{"@type":"EntryPoint","urlTemplate":"https:\/\/www.alcoawheels.com\/europe\/fi\/?s={search_term_string}"},"query-input":{"@type":"PropertyValueSpecification","valueRequired":true,"valueName":"search_term_string"}}],"inLanguage":"en-US"},{"@type":"Organization","@id":"https:\/\/www.alcoawheels.com\/europe\/fi\/#organization","name":"Europe Finnish","url":"https:\/\/www.alcoawheels.com\/europe\/fi\/","logo":{"@type":"ImageObject","inLanguage":"en-US","@id":"https:\/\/www.alcoawheels.com\/europe\/fi\/#\/schema\/logo\/image\/","url":"https:\/\/www.alcoawheels.com\/europe\/fi\/wp-content\/uploads\/sites\/14\/2023\/05\/logo-black.gif","contentUrl":"https:\/\/www.alcoawheels.com\/europe\/fi\/wp-content\/uploads\/sites\/14\/2023\/05\/logo-black.gif","width":71,"height":64,"caption":"Europe Finnish"},"image":{"@id":"https:\/\/www.alcoawheels.com\/europe\/fi\/#\/schema\/logo\/image\/"}}]}},"parsely":{"version":"1.1.0","canonical_url":"https:\/\/alcoawheels.com\/europe\/fi\/","smart_links":{"inbound":0,"outbound":0},"traffic_boost_suggestions_count":0,"meta":{"@context":"https:\/\/schema.org","@type":"WebPage","headline":"Alcoa Wheels Europe","url":"http:\/\/www.alcoawheels.com\/europe\/fi\/","mainEntityOfPage":{"@type":"WebPage","@id":"http:\/\/www.alcoawheels.com\/europe\/fi\/"},"thumbnailUrl":"","image":{"@type":"ImageObject","url":""},"articleSection":"Uncategorized","author":[{"@type":"Person","name":"howmet"}],"creator":["howmet"],"publisher":{"@type":"Organization","name":"Europe Finnish","logo":""},"keywords":[],"dateCreated":"2023-05-25T20:30:46Z","datePublished":"2023-05-25T20:30:46Z","dateModified":"2025-11-20T13:23:53Z"},"rendered":"<script type=\"application\/ld+json\" class=\"wp-parsely-metadata\">{\"@context\":\"https:\\\/\\\/schema.org\",\"@type\":\"WebPage\",\"headline\":\"Alcoa Wheels Europe\",\"url\":\"http:\\\/\\\/www.alcoawheels.com\\\/europe\\\/fi\\\/\",\"mainEntityOfPage\":{\"@type\":\"WebPage\",\"@id\":\"http:\\\/\\\/www.alcoawheels.com\\\/europe\\\/fi\\\/\"},\"thumbnailUrl\":\"\",\"image\":{\"@type\":\"ImageObject\",\"url\":\"\"},\"articleSection\":\"Uncategorized\",\"author\":[{\"@type\":\"Person\",\"name\":\"howmet\"}],\"creator\":[\"howmet\"],\"publisher\":{\"@type\":\"Organization\",\"name\":\"Europe Finnish\",\"logo\":\"\"},\"keywords\":[],\"dateCreated\":\"2023-05-25T20:30:46Z\",\"datePublished\":\"2023-05-25T20:30:46Z\",\"dateModified\":\"2025-11-20T13:23:53Z\"}<\/script>","tracker_url":"https:\/\/cdn.parsely.com\/keys\/alcoawheels.com\/p.js"},"jetpack_sharing_enabled":true,"_links":{"self":[{"href":"https:\/\/www.alcoawheels.com\/europe\/fi\/wp-json\/wp\/v2\/pages\/9","targetHints":{"allow":["GET"]}}],"collection":[{"href":"https:\/\/www.alcoawheels.com\/europe\/fi\/wp-json\/wp\/v2\/pages"}],"about":[{"href":"https:\/\/www.alcoawheels.com\/europe\/fi\/wp-json\/wp\/v2\/types\/page"}],"author":[{"embeddable":true,"href":"https:\/\/www.alcoawheels.com\/europe\/fi\/wp-json\/wp\/v2\/users\/44"}],"replies":[{"embeddable":true,"href":"https:\/\/www.alcoawheels.com\/europe\/fi\/wp-json\/wp\/v2\/comments?post=9"}],"version-history":[{"count":12,"href":"https:\/\/www.alcoawheels.com\/europe\/fi\/wp-json\/wp\/v2\/pages\/9\/revisions"}],"predecessor-version":[{"id":3845,"href":"https:\/\/www.alcoawheels.com\/europe\/fi\/wp-json\/wp\/v2\/pages\/9\/revisions\/3845"}],"wp:attachment":[{"href":"https:\/\/www.alcoawheels.com\/europe\/fi\/wp-json\/wp\/v2\/media?parent=9"}],"curies":[{"name":"wp","href":"https:\/\/api.w.org\/{rel}","templated":true}]}}