{"id":15,"date":"2023-05-26T06:35:20","date_gmt":"2023-05-26T06:35:20","guid":{"rendered":"https:\/\/www.alcoawheels.com\/europe\/fr\/?page_id=15"},"modified":"2025-11-20T20:10:23","modified_gmt":"2025-11-20T19:10:23","slug":"applications","status":"publish","type":"page","link":"https:\/\/www.alcoawheels.com\/europe\/fr\/applications\/","title":{"rendered":"Applications"},"content":{"rendered":"\n<div class=\"wp-block-alcoa-wheels-hero-banner-innerpage hero-banner with-image layout-2 overlayEnable align- vertical-align- align-center vertical-align-center\" style=\"background-color:#eee\"><img decoding=\"async\" src=\"https:\/\/www.alcoawheels.com\/europe\/fr\/wp-content\/uploads\/sites\/15\/2023\/06\/applications-banner.jpeg\" alt=\"Alcoa Wheels application\" class=\"responsiveImage\"\/><div class=\"hero-banner__header\" style=\"text-align:center\"><div class=\"container\"><h1 class=\"hero-banner__header--title\">Applications<\/h1><\/div><\/div><\/div>\n\n\n\n<div style=\"height:50px\" aria-hidden=\"true\" class=\"wp-block-spacer spacer-fifty\"><\/div>\n\n\n\n<h2 class=\"wp-block-heading has-text-align-center\" id=\"fort-tonnage\">Camions et remorques de moyen et lourd tonnage<\/h2>\n\n\n\n<div style=\"height:50px\" aria-hidden=\"true\" class=\"wp-block-spacer spacer-fifty\"><\/div>\n\n\n\n<div class=\"wp-block-alcoa-wheels-zigzag media-list__body\" id=\"zigzag-main-f09c56b9-a904-418f-a4c8-bee3ab7dd016\"><div class=\"media-list__body_main  vertical-align-center  fullWidth\">\n<div class=\"wp-block-alcoa-wheels-zigzag-item media-list-item\"><div class=\"media-list-item__box_content\"><div class=\"media-list-item__box_content_inner\">\n<p>B\u00e9n\u00e9ficiez d&#8217;un gain de poids, d&#8217;une robustesse et d&#8217;une durabilit\u00e9 optimis\u00e9es pour les applications <a href=\"https:\/\/www.alcoawheels.com\/europe\/fr\/avantages\/#gain-de-poids\">poids lourds<\/a>. Les roues Alcoa<sup>\u00ae<\/sup> peuvent contribuer \u00e0\u00a0:<\/p>\n\n\n\n<div id=\"list-bdaa4ccd-8fcf-4727-b1fa-110d8441c0b5\" class=\"wp-block-alcoa-wheels-list-basic list\"><style>#list-bdaa4ccd-8fcf-4727-b1fa-110d8441c0b5 .listul.with-icn li span.list--item:before{background-image:url(https:\/\/www.alcoawheels.com\/europe\/fr\/wp-content\/uploads\/sites\/15\/2023\/05\/wheel-bullet.jpg);}<\/style><ul class=\"listul with-icn\"><li><span class=\"list--item\">Am\u00e9lioration de la productivit\u00e9<\/span><\/li><li><span class=\"list--item\">R\u00e9duction de l&#8217;entretien<\/span><\/li><li><span class=\"list--item\">R\u00e9duction des co\u00fbts d&#8217;exploitation<\/span><\/li><li><span class=\"list--item\">Diminution des \u00e9missions de CO<sub>2<\/sub><\/span><\/li><li><span class=\"list--item\">Am\u00e9lioration de l\u2019esth\u00e9tique<\/span><\/li><\/ul><\/div>\n\n\n\n<p>Quels que soient vos d\u00e9fis, nous proposons une large gamme de solutions. Chaque roue Alcoa<sup>\u00ae<\/sup> optimise la robustesse et la durabilit\u00e9, tout en b\u00e9n\u00e9ficiant d&#8217;une r\u00e9duction de poids, afin de disposer d&#8217;une charge utile accrue.<\/p>\n\n\n\n<p>Plusieurs dimensions, options de finition et traitements de surface sont disponibles pour vos applications sp\u00e9cifiques.<\/p>\n\n\n\n<p>&nbsp;Veuillez cliquer&nbsp;<a href=\"\/europe\/fr\/gamme-de-roues\">ici<\/a><a href=\"https:\/\/www.alcoawheels.com\/alcoawheels\/europe\/fr\/gamme-de-roues.asp\">&nbsp;<\/a>pour plus d\u2019informations sur notre gamme de roues.<\/p>\n<\/div><\/div><div class=\"media-list-item__box_image\"><img loading=\"lazy\" decoding=\"async\" width=\"800\" height=\"800\" src=\"https:\/\/www.alcoawheels.com\/europe\/fr\/wp-content\/uploads\/sites\/15\/2023\/06\/applications-heavy-duty.jpg\" alt=\"Heavy duty trucks &amp; trailers example\"\/><\/div><\/div>\n<\/div><\/div>\n\n\n\n<div style=\"height:50px\" aria-hidden=\"true\" class=\"wp-block-spacer spacer-fifty\"><\/div>\n\n\n\n<hr class=\"wp-block-separator has-text-color has-alpha-channel-opacity has-background is-style-wide\" style=\"background-color:#cccccc;color:#cccccc\"\/>\n\n\n\n<div style=\"height:50px\" aria-hidden=\"true\" class=\"wp-block-spacer spacer-fifty\"><\/div>\n\n\n\n<h2 class=\"wp-block-heading has-text-align-center\" id=\"bus-intercity-autocars\">Bus urbain, bus de ligne et autocars<\/h2>\n\n\n\n<div style=\"height:50px\" aria-hidden=\"true\" class=\"wp-block-spacer spacer-fifty\"><\/div>\n\n\n\n<div class=\"wp-block-alcoa-wheels-zigzag media-list__body\" id=\"zigzag-main-f09c56b9-a904-418f-a4c8-bee3ab7dd016\"><div class=\"media-list__body_main  vertical-align-center  fullWidth\">\n<div class=\"wp-block-alcoa-wheels-zigzag-item media-list-item\"><div class=\"media-list-item__box_content\"><div class=\"media-list-item__box_content_inner\">\n<p>Les roues Alcoa<sup>\u00ae<\/sup> peuvent contribuer \u00e0<\/p>\n\n\n\n<div id=\"list-ee0f9b46-dc6f-4c1f-830c-c10e4eff0f19\" class=\"wp-block-alcoa-wheels-list-basic list\"><style>#list-ee0f9b46-dc6f-4c1f-830c-c10e4eff0f19 .listul.with-icn li span.list--item:before{background-image:url(https:\/\/www.alcoawheels.com\/europe\/fr\/wp-content\/uploads\/sites\/15\/2023\/05\/wheel-bullet.jpg);}<\/style><ul class=\"listul with-icn\"><li><span class=\"list--item\">Am\u00e9lioration des performances du v\u00e9hicule<\/span><\/li><li><span class=\"list--item\">Am\u00e9lioration de l&#8217;esth\u00e9tique<\/span><\/li><li><span class=\"list--item\">R\u00e9duction des frais d&#8217;entretien<\/span><\/li><li><span class=\"list--item\"><a href=\"https:\/\/www.alcoawheels.com\/alcoawheels\/europe\/fr\/avantages.asp#gain-de-poids\">Gain de poids<\/a><\/span><\/li><li><span class=\"list--item\">R\u00e9duction des co\u00fbts d&#8217;exploitation<\/span><\/li><li><span class=\"list--item\">R\u00e9duire les \u00e9missions de CO2<\/span><\/li><\/ul><\/div>\n\n\n\n<p>Quels que soient vos d\u00e9fis, nous vous proposons une large gamme de solutions..<\/p>\n\n\n\n<p>Plusieurs dimensions, options de finition et traitements de surface sont disponibles pour vos applications sp\u00e9cifiques de bus ou d&#8217;autocar.<\/p>\n\n\n\n<p>Veuillez cliquer&nbsp;<a href=\"\/europe\/fr\/gamme-de-roues\">ici<\/a><a href=\"https:\/\/www.alcoawheels.com\/alcoawheels\/europe\/fr\/gamme-de-roues.asp\">&nbsp;<\/a>pour plus d\u2019informations sur notre gamme de roues.<\/p>\n<\/div><\/div><div class=\"media-list-item__box_image\"><img loading=\"lazy\" decoding=\"async\" width=\"800\" height=\"689\" src=\"https:\/\/www.alcoawheels.com\/europe\/fr\/wp-content\/uploads\/sites\/15\/2023\/06\/applications-bus.jpg\" alt=\"City bus, intercity bus &amp; coach example\"\/><\/div><\/div>\n<\/div><\/div>\n\n\n\n<div style=\"height:50px\" aria-hidden=\"true\" class=\"wp-block-spacer spacer-fifty\"><\/div>\n\n\n\n<div class=\"wp-block-alcoa-wheels-card-usecase-1 card-box-v1__body with-icon align-center vertical-align-center\" id=\"card_box_v1-2cbb22ef-d73c-443c-86df-f0d05f0d781c\"><div class=\"fullwidthcontainer\"><div class=\"card-box-v1__boxes has-4-columns\"><div class=\"card-box-v1__box  with-link \" style=\"background-color:#00afb9\"><img decoding=\"async\" src=\"https:\/\/www.alcoawheels.com\/europe\/fr\/wp-content\/themes\/alcoa-wheels\/assets\/build\/js\/blocks\/card-usecase-1\/..\/..\/..\/images\/placeholder-image.db2b4d5c.jpeg\" alt=\"Contactez-nous\"\/><div class=\"card-box-v1__box__inner pos-abs\"><div class=\"card-box-v1__box_icon\"><img loading=\"lazy\" decoding=\"async\" width=\"171\" height=\"171\" src=\"https:\/\/www.alcoawheels.com\/europe\/fr\/wp-content\/uploads\/sites\/15\/2023\/06\/contact.png\" alt=\"\"\/><\/div><div class=\"card-box-v1__box_content\"><h4 style=\"color:#ffffff\">Contactez-nous<\/h4><\/div><div class=\"btn-wrap\"><\/div><\/div><a href=\"\/europe\/fr\/contact\" aria-label=\"Contactez-nous\"><\/a><\/div><div class=\"card-box-v1__box  with-link \" style=\"background-color:#34bfc7\"><img decoding=\"async\" src=\"https:\/\/www.alcoawheels.com\/europe\/fr\/wp-content\/themes\/alcoa-wheels\/assets\/build\/js\/blocks\/card-usecase-1\/..\/..\/..\/images\/placeholder-image.db2b4d5c.jpeg\" alt=\"Gamme de roues\"\/><div class=\"card-box-v1__box__inner pos-abs\"><div class=\"card-box-v1__box_icon\"><img loading=\"lazy\" decoding=\"async\" width=\"169\" height=\"169\" src=\"https:\/\/www.alcoawheels.com\/europe\/fr\/wp-content\/uploads\/sites\/15\/2023\/06\/product-search.png\" alt=\"\"\/><\/div><div class=\"card-box-v1__box_content\"><h4 style=\"color:#ffffff\">Gamme de roues<\/h4><\/div><div class=\"btn-wrap\"><\/div><\/div><a href=\"\/europe\/fr\/gamme-de-roues\" aria-label=\"Gamme de roues\"><\/a><\/div><div class=\"card-box-v1__box  with-link \" style=\"background-color:#00afb9\"><img decoding=\"async\" src=\"https:\/\/www.alcoawheels.com\/europe\/fr\/wp-content\/themes\/alcoa-wheels\/assets\/build\/js\/blocks\/card-usecase-1\/..\/..\/..\/images\/placeholder-image.db2b4d5c.jpeg\" alt=\"O\u00f9 acheter?\"\/><div class=\"card-box-v1__box__inner pos-abs\"><div class=\"card-box-v1__box_icon\"><img loading=\"lazy\" decoding=\"async\" width=\"169\" height=\"169\" src=\"https:\/\/www.alcoawheels.com\/europe\/fr\/wp-content\/uploads\/sites\/15\/2023\/06\/where-to-buy.png\" alt=\"\"\/><\/div><div class=\"card-box-v1__box_content\"><h4 style=\"color:#ffffff\">O\u00f9 acheter?<\/h4><\/div><div class=\"btn-wrap\"><\/div><\/div><a href=\"\/europe\/fr\/ou-acheter\" aria-label=\"O\u00f9 acheter?\"><\/a><\/div><div class=\"card-box-v1__box  with-link \" style=\"background-color:#34bfc7\"><img decoding=\"async\" src=\"https:\/\/www.alcoawheels.com\/europe\/fr\/wp-content\/themes\/alcoa-wheels\/assets\/build\/js\/blocks\/card-usecase-1\/..\/..\/..\/images\/placeholder-image.db2b4d5c.jpeg\" alt=\"T\u00e9l\u00e9chargements\"\/><div class=\"card-box-v1__box__inner pos-abs\"><div class=\"card-box-v1__box_icon\"><img loading=\"lazy\" decoding=\"async\" width=\"169\" height=\"169\" src=\"https:\/\/www.alcoawheels.com\/europe\/fr\/wp-content\/uploads\/sites\/15\/2023\/06\/product-literature.png\" alt=\"\"\/><\/div><div class=\"card-box-v1__box_content\"><h4 style=\"color:#ffffff\">T\u00e9l\u00e9chargements<\/h4><\/div><div class=\"btn-wrap\"><\/div><\/div><a href=\"\/europe\/fr\/documents-produit\" aria-label=\"T\u00e9l\u00e9chargements\"><\/a><\/div><\/div><\/div><\/div>\n","protected":false},"excerpt":{"rendered":"<p>Camions et remorques de moyen et lourd tonnage Bus urbain, bus de ligne et autocars<\/p>\n","protected":false},"author":44,"featured_media":0,"parent":0,"menu_order":0,"comment_status":"closed","ping_status":"closed","template":"","meta":{"_acf_changed":false,"protected_reviewer_email":"","editor_notices":[],"footnotes":""},"class_list":["post-15","page","type-page","status-publish","hentry"],"acf":[],"yoast_head":"<!-- This site is optimized with the Yoast SEO Premium plugin v27.4 (Yoast SEO v27.4) - https:\/\/yoast.com\/product\/yoast-seo-premium-wordpress\/ -->\n<title>Applications | Alcoa Wheels<\/title>\n<meta name=\"description\" content=\"Les roues Alcoa\u00ae Wheels sont disponibles dans plusieurs dimensions, options de finition et traitements de surface pour vos applications sp\u00e9cifiques. Nous proposons des solutions pour les poids lourds et les remorques, les v\u00e9hicules de poids moyen, les autobus urbains, les autobus interurbains et les autocars.\" \/>\n<meta name=\"robots\" content=\"index, follow, max-snippet:-1, max-image-preview:large, max-video-preview:-1\" \/>\n<link rel=\"canonical\" href=\"https:\/\/www.alcoawheels.com\/europe\/fr\/applications\/\" \/>\n<meta property=\"og:locale\" content=\"en_US\" \/>\n<meta property=\"og:type\" content=\"article\" \/>\n<meta property=\"og:title\" content=\"Applications\" \/>\n<meta property=\"og:description\" content=\"Les roues Alcoa\u00ae Wheels sont disponibles dans plusieurs dimensions, options de finition et traitements de surface pour vos applications sp\u00e9cifiques. Nous proposons des solutions pour les poids lourds et les remorques, les v\u00e9hicules de poids moyen, les autobus urbains, les autobus interurbains et les autocars.\" \/>\n<meta property=\"og:url\" content=\"https:\/\/www.alcoawheels.com\/europe\/fr\/applications\/\" \/>\n<meta property=\"og:site_name\" content=\"Europe French\" \/>\n<meta property=\"article:modified_time\" content=\"2025-11-20T19:10:23+00:00\" \/>\n<meta property=\"og:image\" content=\"https:\/\/www.alcoawheels.com\/europe\/fr\/wp-content\/uploads\/sites\/15\/2023\/06\/applications-banner.jpeg\" \/>\n<meta name=\"twitter:card\" content=\"summary_large_image\" \/>\n<meta name=\"twitter:label1\" content=\"Est. reading time\" \/>\n\t<meta name=\"twitter:data1\" content=\"4 minutes\" \/>\n<script type=\"application\/ld+json\" class=\"yoast-schema-graph\">{\"@context\":\"https:\\\/\\\/schema.org\",\"@graph\":[{\"@type\":\"WebPage\",\"@id\":\"https:\\\/\\\/www.alcoawheels.com\\\/europe\\\/fr\\\/applications\\\/\",\"url\":\"https:\\\/\\\/www.alcoawheels.com\\\/europe\\\/fr\\\/applications\\\/\",\"name\":\"Applications | Alcoa Wheels\",\"isPartOf\":{\"@id\":\"https:\\\/\\\/www.alcoawheels.com\\\/europe\\\/fr\\\/#website\"},\"primaryImageOfPage\":{\"@id\":\"https:\\\/\\\/www.alcoawheels.com\\\/europe\\\/fr\\\/applications\\\/#primaryimage\"},\"image\":{\"@id\":\"https:\\\/\\\/www.alcoawheels.com\\\/europe\\\/fr\\\/applications\\\/#primaryimage\"},\"thumbnailUrl\":\"https:\\\/\\\/www.alcoawheels.com\\\/europe\\\/fr\\\/wp-content\\\/uploads\\\/sites\\\/15\\\/2023\\\/06\\\/applications-banner.jpeg\",\"datePublished\":\"2023-05-26T06:35:20+00:00\",\"dateModified\":\"2025-11-20T19:10:23+00:00\",\"description\":\"Les roues Alcoa\u00ae Wheels sont disponibles dans plusieurs dimensions, options de finition et traitements de surface pour vos applications sp\u00e9cifiques. Nous proposons des solutions pour les poids lourds et les remorques, les v\u00e9hicules de poids moyen, les autobus urbains, les autobus interurbains et les autocars.\",\"breadcrumb\":{\"@id\":\"https:\\\/\\\/www.alcoawheels.com\\\/europe\\\/fr\\\/applications\\\/#breadcrumb\"},\"inLanguage\":\"en-US\",\"potentialAction\":[{\"@type\":\"ReadAction\",\"target\":[\"https:\\\/\\\/www.alcoawheels.com\\\/europe\\\/fr\\\/applications\\\/\"]}]},{\"@type\":\"ImageObject\",\"inLanguage\":\"en-US\",\"@id\":\"https:\\\/\\\/www.alcoawheels.com\\\/europe\\\/fr\\\/applications\\\/#primaryimage\",\"url\":\"https:\\\/\\\/www.alcoawheels.com\\\/europe\\\/fr\\\/wp-content\\\/uploads\\\/sites\\\/15\\\/2023\\\/06\\\/applications-banner.jpeg\",\"contentUrl\":\"https:\\\/\\\/www.alcoawheels.com\\\/europe\\\/fr\\\/wp-content\\\/uploads\\\/sites\\\/15\\\/2023\\\/06\\\/applications-banner.jpeg\",\"width\":1119,\"height\":280,\"caption\":\"Alcoa Wheels application\"},{\"@type\":\"BreadcrumbList\",\"@id\":\"https:\\\/\\\/www.alcoawheels.com\\\/europe\\\/fr\\\/applications\\\/#breadcrumb\",\"itemListElement\":[{\"@type\":\"ListItem\",\"position\":1,\"name\":\"Home\",\"item\":\"https:\\\/\\\/www.alcoawheels.com\\\/europe\\\/fr\\\/\"},{\"@type\":\"ListItem\",\"position\":2,\"name\":\"Applications\"}]},{\"@type\":\"WebSite\",\"@id\":\"https:\\\/\\\/www.alcoawheels.com\\\/europe\\\/fr\\\/#website\",\"url\":\"https:\\\/\\\/www.alcoawheels.com\\\/europe\\\/fr\\\/\",\"name\":\"Europe French\",\"description\":\"\",\"publisher\":{\"@id\":\"https:\\\/\\\/www.alcoawheels.com\\\/europe\\\/fr\\\/#organization\"},\"potentialAction\":[{\"@type\":\"SearchAction\",\"target\":{\"@type\":\"EntryPoint\",\"urlTemplate\":\"https:\\\/\\\/www.alcoawheels.com\\\/europe\\\/fr\\\/?s={search_term_string}\"},\"query-input\":{\"@type\":\"PropertyValueSpecification\",\"valueRequired\":true,\"valueName\":\"search_term_string\"}}],\"inLanguage\":\"en-US\"},{\"@type\":\"Organization\",\"@id\":\"https:\\\/\\\/www.alcoawheels.com\\\/europe\\\/fr\\\/#organization\",\"name\":\"Europe French\",\"url\":\"https:\\\/\\\/www.alcoawheels.com\\\/europe\\\/fr\\\/\",\"logo\":{\"@type\":\"ImageObject\",\"inLanguage\":\"en-US\",\"@id\":\"https:\\\/\\\/www.alcoawheels.com\\\/europe\\\/fr\\\/#\\\/schema\\\/logo\\\/image\\\/\",\"url\":\"https:\\\/\\\/www.alcoawheels.com\\\/europe\\\/fr\\\/wp-content\\\/uploads\\\/sites\\\/15\\\/2023\\\/05\\\/logo-black.gif\",\"contentUrl\":\"https:\\\/\\\/www.alcoawheels.com\\\/europe\\\/fr\\\/wp-content\\\/uploads\\\/sites\\\/15\\\/2023\\\/05\\\/logo-black.gif\",\"width\":71,\"height\":64,\"caption\":\"Europe French\"},\"image\":{\"@id\":\"https:\\\/\\\/www.alcoawheels.com\\\/europe\\\/fr\\\/#\\\/schema\\\/logo\\\/image\\\/\"}}]}<\/script>\n<!-- \/ Yoast SEO Premium plugin. -->","yoast_head_json":{"title":"Applications | Alcoa Wheels","description":"Les roues Alcoa\u00ae Wheels sont disponibles dans plusieurs dimensions, options de finition et traitements de surface pour vos applications sp\u00e9cifiques. Nous proposons des solutions pour les poids lourds et les remorques, les v\u00e9hicules de poids moyen, les autobus urbains, les autobus interurbains et les autocars.","robots":{"index":"index","follow":"follow","max-snippet":"max-snippet:-1","max-image-preview":"max-image-preview:large","max-video-preview":"max-video-preview:-1"},"canonical":"https:\/\/www.alcoawheels.com\/europe\/fr\/applications\/","og_locale":"en_US","og_type":"article","og_title":"Applications","og_description":"Les roues Alcoa\u00ae Wheels sont disponibles dans plusieurs dimensions, options de finition et traitements de surface pour vos applications sp\u00e9cifiques. Nous proposons des solutions pour les poids lourds et les remorques, les v\u00e9hicules de poids moyen, les autobus urbains, les autobus interurbains et les autocars.","og_url":"https:\/\/www.alcoawheels.com\/europe\/fr\/applications\/","og_site_name":"Europe French","article_modified_time":"2025-11-20T19:10:23+00:00","og_image":[{"url":"https:\/\/www.alcoawheels.com\/europe\/fr\/wp-content\/uploads\/sites\/15\/2023\/06\/applications-banner.jpeg","type":"","width":"","height":""}],"twitter_card":"summary_large_image","twitter_misc":{"Est. reading time":"4 minutes"},"schema":{"@context":"https:\/\/schema.org","@graph":[{"@type":"WebPage","@id":"https:\/\/www.alcoawheels.com\/europe\/fr\/applications\/","url":"https:\/\/www.alcoawheels.com\/europe\/fr\/applications\/","name":"Applications | Alcoa Wheels","isPartOf":{"@id":"https:\/\/www.alcoawheels.com\/europe\/fr\/#website"},"primaryImageOfPage":{"@id":"https:\/\/www.alcoawheels.com\/europe\/fr\/applications\/#primaryimage"},"image":{"@id":"https:\/\/www.alcoawheels.com\/europe\/fr\/applications\/#primaryimage"},"thumbnailUrl":"https:\/\/www.alcoawheels.com\/europe\/fr\/wp-content\/uploads\/sites\/15\/2023\/06\/applications-banner.jpeg","datePublished":"2023-05-26T06:35:20+00:00","dateModified":"2025-11-20T19:10:23+00:00","description":"Les roues Alcoa\u00ae Wheels sont disponibles dans plusieurs dimensions, options de finition et traitements de surface pour vos applications sp\u00e9cifiques. Nous proposons des solutions pour les poids lourds et les remorques, les v\u00e9hicules de poids moyen, les autobus urbains, les autobus interurbains et les autocars.","breadcrumb":{"@id":"https:\/\/www.alcoawheels.com\/europe\/fr\/applications\/#breadcrumb"},"inLanguage":"en-US","potentialAction":[{"@type":"ReadAction","target":["https:\/\/www.alcoawheels.com\/europe\/fr\/applications\/"]}]},{"@type":"ImageObject","inLanguage":"en-US","@id":"https:\/\/www.alcoawheels.com\/europe\/fr\/applications\/#primaryimage","url":"https:\/\/www.alcoawheels.com\/europe\/fr\/wp-content\/uploads\/sites\/15\/2023\/06\/applications-banner.jpeg","contentUrl":"https:\/\/www.alcoawheels.com\/europe\/fr\/wp-content\/uploads\/sites\/15\/2023\/06\/applications-banner.jpeg","width":1119,"height":280,"caption":"Alcoa Wheels application"},{"@type":"BreadcrumbList","@id":"https:\/\/www.alcoawheels.com\/europe\/fr\/applications\/#breadcrumb","itemListElement":[{"@type":"ListItem","position":1,"name":"Home","item":"https:\/\/www.alcoawheels.com\/europe\/fr\/"},{"@type":"ListItem","position":2,"name":"Applications"}]},{"@type":"WebSite","@id":"https:\/\/www.alcoawheels.com\/europe\/fr\/#website","url":"https:\/\/www.alcoawheels.com\/europe\/fr\/","name":"Europe French","description":"","publisher":{"@id":"https:\/\/www.alcoawheels.com\/europe\/fr\/#organization"},"potentialAction":[{"@type":"SearchAction","target":{"@type":"EntryPoint","urlTemplate":"https:\/\/www.alcoawheels.com\/europe\/fr\/?s={search_term_string}"},"query-input":{"@type":"PropertyValueSpecification","valueRequired":true,"valueName":"search_term_string"}}],"inLanguage":"en-US"},{"@type":"Organization","@id":"https:\/\/www.alcoawheels.com\/europe\/fr\/#organization","name":"Europe French","url":"https:\/\/www.alcoawheels.com\/europe\/fr\/","logo":{"@type":"ImageObject","inLanguage":"en-US","@id":"https:\/\/www.alcoawheels.com\/europe\/fr\/#\/schema\/logo\/image\/","url":"https:\/\/www.alcoawheels.com\/europe\/fr\/wp-content\/uploads\/sites\/15\/2023\/05\/logo-black.gif","contentUrl":"https:\/\/www.alcoawheels.com\/europe\/fr\/wp-content\/uploads\/sites\/15\/2023\/05\/logo-black.gif","width":71,"height":64,"caption":"Europe French"},"image":{"@id":"https:\/\/www.alcoawheels.com\/europe\/fr\/#\/schema\/logo\/image\/"}}]}},"parsely":{"version":"1.1.0","canonical_url":"https:\/\/alcoawheels.com\/europe\/fr\/applications\/","smart_links":{"inbound":0,"outbound":0},"traffic_boost_suggestions_count":0,"meta":{"@context":"https:\/\/schema.org","@type":"WebPage","headline":"Applications","url":"http:\/\/www.alcoawheels.com\/europe\/fr\/applications\/","mainEntityOfPage":{"@type":"WebPage","@id":"http:\/\/www.alcoawheels.com\/europe\/fr\/applications\/"},"thumbnailUrl":"","image":{"@type":"ImageObject","url":""},"articleSection":"Uncategorized","author":[{"@type":"Person","name":"howmet"}],"creator":["howmet"],"publisher":{"@type":"Organization","name":"Europe French","logo":""},"keywords":[],"dateCreated":"2023-05-26T06:35:20Z","datePublished":"2023-05-26T06:35:20Z","dateModified":"2025-11-20T19:10:23Z"},"rendered":"<script type=\"application\/ld+json\" class=\"wp-parsely-metadata\">{\"@context\":\"https:\\\/\\\/schema.org\",\"@type\":\"WebPage\",\"headline\":\"Applications\",\"url\":\"http:\\\/\\\/www.alcoawheels.com\\\/europe\\\/fr\\\/applications\\\/\",\"mainEntityOfPage\":{\"@type\":\"WebPage\",\"@id\":\"http:\\\/\\\/www.alcoawheels.com\\\/europe\\\/fr\\\/applications\\\/\"},\"thumbnailUrl\":\"\",\"image\":{\"@type\":\"ImageObject\",\"url\":\"\"},\"articleSection\":\"Uncategorized\",\"author\":[{\"@type\":\"Person\",\"name\":\"howmet\"}],\"creator\":[\"howmet\"],\"publisher\":{\"@type\":\"Organization\",\"name\":\"Europe French\",\"logo\":\"\"},\"keywords\":[],\"dateCreated\":\"2023-05-26T06:35:20Z\",\"datePublished\":\"2023-05-26T06:35:20Z\",\"dateModified\":\"2025-11-20T19:10:23Z\"}<\/script>","tracker_url":"https:\/\/cdn.parsely.com\/keys\/alcoawheels.com\/p.js"},"jetpack_sharing_enabled":true,"_links":{"self":[{"href":"https:\/\/www.alcoawheels.com\/europe\/fr\/wp-json\/wp\/v2\/pages\/15","targetHints":{"allow":["GET"]}}],"collection":[{"href":"https:\/\/www.alcoawheels.com\/europe\/fr\/wp-json\/wp\/v2\/pages"}],"about":[{"href":"https:\/\/www.alcoawheels.com\/europe\/fr\/wp-json\/wp\/v2\/types\/page"}],"author":[{"embeddable":true,"href":"https:\/\/www.alcoawheels.com\/europe\/fr\/wp-json\/wp\/v2\/users\/44"}],"replies":[{"embeddable":true,"href":"https:\/\/www.alcoawheels.com\/europe\/fr\/wp-json\/wp\/v2\/comments?post=15"}],"version-history":[{"count":11,"href":"https:\/\/www.alcoawheels.com\/europe\/fr\/wp-json\/wp\/v2\/pages\/15\/revisions"}],"predecessor-version":[{"id":4061,"href":"https:\/\/www.alcoawheels.com\/europe\/fr\/wp-json\/wp\/v2\/pages\/15\/revisions\/4061"}],"wp:attachment":[{"href":"https:\/\/www.alcoawheels.com\/europe\/fr\/wp-json\/wp\/v2\/media?parent=15"}],"curies":[{"name":"wp","href":"https:\/\/api.w.org\/{rel}","templated":true}]}}