{"id":26,"date":"2023-05-26T06:36:57","date_gmt":"2023-05-26T06:36:57","guid":{"rendered":"https:\/\/www.alcoawheels.com\/europe\/fr\/?page_id=26"},"modified":"2025-11-24T16:42:46","modified_gmt":"2025-11-24T15:42:46","slug":"nettoyage","status":"publish","type":"page","link":"https:\/\/www.alcoawheels.com\/europe\/fr\/nettoyage\/","title":{"rendered":"Nettoyage"},"content":{"rendered":"\n<div class=\"wp-block-alcoa-wheels-hero-banner-innerpage hero-banner with-image layout-2 overlayEnable align- vertical-align- align-center vertical-align-center\" style=\"background-color:#eee\"><img decoding=\"async\" src=\"https:\/\/www.alcoawheels.com\/europe\/fr\/wp-content\/uploads\/sites\/15\/2025\/07\/202507_Accessories_banner_1119x280px_2.png\" alt=\"Wheel and brush\" class=\"responsiveImage\"\/><div class=\"hero-banner__header\" style=\"text-align:center\"><div class=\"container\"><h1 class=\"hero-banner__header--title\">Nettoyage<\/h1><\/div><\/div><\/div>\n\n\n\n<div style=\"height:50px\" aria-hidden=\"true\" class=\"wp-block-spacer spacer-fifty\"><\/div>\n\n\n\n<h3 class=\"wp-block-heading\" id=\"h-accessoires-pour-roues-alcoa\">Accessoires pour roues Alcoa<sub>\u00ae<\/sub><\/h3>\n\n\n\n<p>L&#8217;entretien de vos roues Alcoa<sup>\u00ae<\/sup> est et doit \u00eatre une priorit\u00e9 absolue<\/p>\n\n\n\n<p>1. Les accessoires pour roues Alcoa<sup>\u00ae<\/sup> ont \u00e9t\u00e9 d\u00e9velopp\u00e9s et s\u00e9lectionn\u00e9s au cours de nombreuses ann\u00e9es, afin de maintenir les roues dans leur meilleur \u00e9tat possible et leur assurer une longue dur\u00e9e d&#8217;utilisation.<\/p>\n\n\n\n<p>2. Les accessoires pour roues Alcoa<sup>\u00ae<\/sup>  sont disponibles aupr\u00e8s de notre r\u00e9seau de distributeurs agr\u00e9\u00e9s.<\/p>\n\n\n\n<hr class=\"wp-block-separator has-text-color has-alpha-channel-opacity has-background is-style-wide\" style=\"background-color:#cccccc;color:#cccccc\"\/>\n\n\n\n<div class=\"wp-block-alcoa-wheels-zigzag media-list__body\" id=\"zigzag-main-dd37ab2b-fdde-4f03-8751-426b0a716ec7\"><div class=\"media-list__body_main  vertical-align-center  container row-reverse\">\n<div class=\"wp-block-alcoa-wheels-zigzag-item media-list-item\"><div class=\"media-list-item__box_content\"><div class=\"media-list-item__box_content_inner\">\n<h5 class=\"wp-block-heading\"><strong>Dura-Bright<sup>\u00ae<\/sup>&nbsp;Wheel Wash<\/strong><\/h5>\n\n\n\n<p>Am\u00e9liorez l&#8217;exp\u00e9rience Dura-Bright<sup>\u00ae<\/sup> avec le nettoyant pour roues Dura-Bright<sup>\u00ae<\/sup>. Une solution de nettoyage sp\u00e9cialement d\u00e9velopp\u00e9e pour la finition Dura-Bright<sup>\u00ae<\/sup>, test\u00e9e et approuv\u00e9e par le fabricant des roues. Disponible en bouteille de 1 litre, en bidon de 5 litres ou 25 litres, ainsi qu&#8217;en kit de d\u00e9marrage pour le lavage des roues Dura-Bright<sup>\u00ae<\/sup>.<\/p>\n\n\n\n<p>Cliquez <a href=\"https:\/\/www.alcoawheels.com\/europe\/fr\/comment-nettoyer\/#h-nettoyage-des-roues-nbsp-dura-bright\">ici<\/a> pour plus d\u2019informations sur la fa\u00e7on de nettoyer les roues Dura-Bright<sup>\u00ae<\/sup>.<\/p>\n<\/div><\/div><div class=\"media-list-item__box_image\"><img loading=\"lazy\" decoding=\"async\" width=\"1500\" height=\"1500\" src=\"https:\/\/www.alcoawheels.com\/europe\/fr\/wp-content\/uploads\/sites\/15\/2025\/07\/DBWW_bottle_1L_low.jpg\" alt=\"Dura-bright Wheel Wash\"\/><\/div><\/div>\n\n\n\n<div class=\"wp-block-alcoa-wheels-zigzag-item media-list-item\"><div class=\"media-list-item__box_content\"><div class=\"media-list-item__box_content_inner\">\n<h5 class=\"wp-block-heading has-text-align-right\"><strong>ALclean<\/strong><\/h5>\n\n\n\n<p class=\"has-text-align-right\">Un nettoyant unique pour les roues Alcoa<sup>\u00ae<\/sup> disposant d&#8217;une finition Bross\u00e9e ou LvL ONE<sup>\u00ae<\/sup>. Disponible en bouteille de 1 litre, en bidon de 5 litres ou 25 litres, ainsi qu&#8217;en kit de d\u00e9marrage ALkit3.<\/p>\n\n\n\n<p class=\"has-text-align-right\">Cliquez <a href=\"https:\/\/www.alcoawheels.com\/europe\/fr\/comment-nettoyer\/#h-roues-brossees-polie-miroir-et-lvl-one\">ici<\/a> pour plus d&#8217;informations sur la fa\u00e7on de nettoyer les roues en finition Bross\u00e9e ou LvL ONE<sup>\u00ae<\/sup>.<\/p>\n<\/div><\/div><div class=\"media-list-item__box_image\"><img loading=\"lazy\" decoding=\"async\" width=\"1500\" height=\"1500\" src=\"https:\/\/www.alcoawheels.com\/europe\/fr\/wp-content\/uploads\/sites\/15\/2025\/09\/ALclean_can_1L_low.jpg\" alt=\"ALclean\"\/><\/div><\/div>\n\n\n\n<div class=\"wp-block-alcoa-wheels-zigzag-item media-list-item\"><div class=\"media-list-item__box_content\"><div class=\"media-list-item__box_content_inner\">\n<h5 class=\"wp-block-heading\" id=\"h-alpolish\"><strong>ALpolish<\/strong><\/h5>\n\n\n\n<p>Un produit de polissage pour restaurer et entretenir la brillance des Roues Alcoa<sup>\u00ae<\/sup> en finition LvL ONE<sup>\u00ae<\/sup>. Ne convient pas aux roues en finition Dura-Bright<sup>\u00ae<\/sup>.<\/p>\n<\/div><\/div><div class=\"media-list-item__box_image\"><img loading=\"lazy\" decoding=\"async\" width=\"1500\" height=\"1500\" src=\"https:\/\/www.alcoawheels.com\/europe\/fr\/wp-content\/uploads\/sites\/15\/2025\/07\/ALpolish_bottle_low.jpg\" alt=\"Thumbnail\"\/><\/div><\/div>\n\n\n\n<div class=\"wp-block-alcoa-wheels-zigzag-item media-list-item\"><div class=\"media-list-item__box_content\"><div class=\"media-list-item__box_content_inner\">\n<h5 class=\"wp-block-heading has-text-align-right\" id=\"h-albrush2\"><strong>ALbrush2<\/strong><\/h5>\n\n\n\n<p class=\"has-text-align-right\">Une brosse de qualit\u00e9 premiumet durable avec un bord en caoutchouc, pour prot\u00e9ger les roues contre les dommages pendant le nettoyage.<\/p>\n<\/div><\/div><div class=\"media-list-item__box_image\"><img loading=\"lazy\" decoding=\"async\" width=\"5816\" height=\"5814\" src=\"https:\/\/www.alcoawheels.com\/europe\/fr\/wp-content\/uploads\/sites\/15\/2025\/07\/ALbrush_1_high.jpg\" alt=\"AL Brush\"\/><\/div><\/div>\n\n\n\n<div class=\"wp-block-alcoa-wheels-zigzag-item media-list-item\"><div class=\"media-list-item__box_content\"><div class=\"media-list-item__box_content_inner\">\n<h5 class=\"wp-block-heading\" id=\"h-alkit3\"><strong>ALkit3<\/strong><\/h5>\n\n\n\n<p>Un kit complet pour nettoyer les roues en finition Bross\u00e9e et LvL ONE<sup>\u00ae<\/sup>. Il contient 1 litre d&#8217;ALclean, 1 tube de 250 ml d&#8217;ALpolish et 1 brosse ALbrush.<\/p>\n<\/div><\/div><div class=\"media-list-item__box_image\"><img loading=\"lazy\" decoding=\"async\" width=\"1500\" height=\"1500\" src=\"https:\/\/www.alcoawheels.com\/europe\/fr\/wp-content\/uploads\/sites\/15\/2025\/09\/ALkit3_box_and_products_low.jpg\" alt=\"ALkit3\"\/><\/div><\/div>\n<\/div><\/div>\n\n\n\n<hr class=\"wp-block-separator has-text-color has-alpha-channel-opacity has-background is-style-wide\" style=\"background-color:#cccccc;color:#cccccc\"\/>\n\n\n\n<div style=\"height:50px\" aria-hidden=\"true\" class=\"wp-block-spacer spacer-fifty\"><\/div>\n\n\n\n<p class=\"u-margin-b10\">Pour plus d\u2019informations:<\/p>\n\n\n\t\t<div class=\"wp-block-alcoa-product-literature\">\n\t\t\t<div class=\"product-literature-columns container wp-block-alcoa-wheels-related-documents\">\n\t\t\t\t\t\t\t\t\t<div class=\"literature-inner\">\n\t\t\t\t\t\t<div class=\"literature-inner-item\">\n\t\t\t\t\t\t\t<div class=\"pdf-lists-items\">\n\t\t\t\t\t\t\t\t\t\t\t\t\t\t\t\t\t\t\t\t\t\t\t\t\t\t<div class=\"pdf-files\">\n\t\t\t\t\t\t\t\t\t\t<a href=\"https:\/\/www.alcoawheels.com\/europe\/fr\/wp-content\/uploads\/sites\/15\/2026\/02\/Alcoa-Wheels-Accessories-FR.pdf\" target=\"_blank\" class=\"pdf-file\">\n\t\t\t\t\t\t\t\t\t\t\tCatalogue de produits d&#8217;accessoires pour roues ALCOA<sup>\u00ae<\/sup>\t\t\t\t\t\t\t\t\t\t<\/a>\n\t\t\t\t\t\t\t\t\t\t<div class=\"pdf-size\">2.94 MB<\/div>\n\t\t\t\t\t\t\t\t\t<\/div>\n\t\t\t\t\t\t\t\t\t\t\t\t\t\t\t\t\t\t\t\t\t\t\t\t\t\t<div class=\"pdf-files\">\n\t\t\t\t\t\t\t\t\t\t<a href=\"https:\/\/www.alcoawheels.com\/europe\/fr\/wp-content\/uploads\/sites\/15\/2025\/09\/Alcoa-Wheels-Cleaning-leaflet-FR.pdf\" target=\"_blank\" class=\"pdf-file\">\n\t\t\t\t\t\t\t\t\t\t\tInstructions de nettoyage pour roues ALCOA<sup>\u00ae<\/sup> WHEELS\t\t\t\t\t\t\t\t\t\t<\/a>\n\t\t\t\t\t\t\t\t\t\t<div class=\"pdf-size\">1.26 MB<\/div>\n\t\t\t\t\t\t\t\t\t<\/div>\n\t\t\t\t\t\t\t\t\t\t\t\t\t\t\t<\/div>\n\t\t\t\t\t\t<\/div>\n\t\t\t\t\t<\/div>\n\t\t\t\t\t\t\t<\/div>\n\n\t\t<\/div>\n\n\n\n<div id=\"alcoa-wheels-buttons-8dc10977-8549-415a-ac3a-45d9d65d3acf\" class=\"wp-block-alcoa-wheels-button-group alcoa-wheels-buttons\"><div class=\"button-row\"><div class=\"button-item\" button-item=\"0\"><p class=\"btn-main btn-link-left-arrow\" aria-label=\"<a href=&quot;https:\/\/apps.spheracloud.net\/communicator\/login.aspx?userid=qD3CEfpiugwA&amp;companyid=SzqDqsuXTJwA&amp;method=home&quot;&gt;<\/a&gt;<a href=&quot;https:\/\/apps.spheracloud.net\/communicator\/login.aspx?userid=qD3CEfpiugwA&amp;companyid=SzqDqsuXTJwA&amp;method=home&quot;&gt;<a href=&quot;https:\/\/apps.spheracloud.net\/communicator\/login.aspx?userid=qD3CEfpiugwA&amp;companyid=SzqDqsuXTJwA&amp;method=home&quot;&gt;Safety Data (MSDS)<\/a&gt;<\/a&gt;\"><a href=\"https:\/\/apps.spheracloud.net\/communicator\/login.aspx?userid=qD3CEfpiugwA&amp;companyid=SzqDqsuXTJwA&amp;method=home\"><\/a><a href=\"https:\/\/apps.spheracloud.net\/communicator\/login.aspx?userid=qD3CEfpiugwA&amp;companyid=SzqDqsuXTJwA&amp;method=home\"><a href=\"https:\/\/apps.spheracloud.net\/communicator\/login.aspx?userid=qD3CEfpiugwA&amp;companyid=SzqDqsuXTJwA&amp;method=home\">Safety Data (MSDS)<\/a><\/a><\/p><\/div><\/div><\/div>\n\n\n\n<div style=\"height:50px\" aria-hidden=\"true\" class=\"wp-block-spacer spacer-fifty\"><\/div>\n\n\n\n<div class=\"wp-block-alcoa-wheels-card-usecase-1 card-box-v1__body with-icon align-center vertical-align-center\" id=\"card_box_v1-2bb881e4-09dd-4e0d-89da-0fb0a33036bb\"><div class=\"fullwidthcontainer\"><div class=\"card-box-v1__boxes has-4-columns\"><div class=\"card-box-v1__box  with-link \" style=\"background-color:#00afb9\"><img decoding=\"async\" src=\"https:\/\/www.alcoawheels.com\/europe\/fr\/wp-content\/themes\/alcoa-wheels\/assets\/build\/js\/blocks\/card-usecase-1\/..\/..\/..\/images\/placeholder-image.db2b4d5c.jpeg\" alt=\"Contactez-nous\"\/><div class=\"card-box-v1__box__inner pos-abs\"><div class=\"card-box-v1__box_icon\"><img loading=\"lazy\" decoding=\"async\" width=\"171\" height=\"171\" src=\"https:\/\/www.alcoawheels.com\/europe\/fr\/wp-content\/uploads\/sites\/15\/2023\/06\/contact.png\" alt=\"\"\/><\/div><div class=\"card-box-v1__box_content\"><h4 style=\"color:#ffffff\">Contactez-nous<\/h4><\/div><div class=\"btn-wrap\"><\/div><\/div><a href=\"\/europe\/fr\/contact\" aria-label=\"Contactez-nous\"><\/a><\/div><div class=\"card-box-v1__box  with-link \" style=\"background-color:#34bfc7\"><img decoding=\"async\" src=\"https:\/\/www.alcoawheels.com\/europe\/fr\/wp-content\/themes\/alcoa-wheels\/assets\/build\/js\/blocks\/card-usecase-1\/..\/..\/..\/images\/placeholder-image.db2b4d5c.jpeg\" alt=\"Gamme de roues\"\/><div class=\"card-box-v1__box__inner pos-abs\"><div class=\"card-box-v1__box_icon\"><img loading=\"lazy\" decoding=\"async\" width=\"169\" height=\"169\" src=\"https:\/\/www.alcoawheels.com\/europe\/fr\/wp-content\/uploads\/sites\/15\/2023\/06\/product-search.png\" alt=\"\"\/><\/div><div class=\"card-box-v1__box_content\"><h4 style=\"color:#ffffff\">Gamme de roues<\/h4><\/div><div class=\"btn-wrap\"><\/div><\/div><a href=\"\/europe\/fr\/gamme-de-roues\" aria-label=\"Gamme de roues\"><\/a><\/div><div class=\"card-box-v1__box  with-link \" style=\"background-color:#00afb9\"><img decoding=\"async\" src=\"https:\/\/www.alcoawheels.com\/europe\/fr\/wp-content\/themes\/alcoa-wheels\/assets\/build\/js\/blocks\/card-usecase-1\/..\/..\/..\/images\/placeholder-image.db2b4d5c.jpeg\" alt=\"O\u00f9 acheter?\"\/><div class=\"card-box-v1__box__inner pos-abs\"><div class=\"card-box-v1__box_icon\"><img loading=\"lazy\" decoding=\"async\" width=\"169\" height=\"169\" src=\"https:\/\/www.alcoawheels.com\/europe\/fr\/wp-content\/uploads\/sites\/15\/2023\/06\/where-to-buy.png\" alt=\"\"\/><\/div><div class=\"card-box-v1__box_content\"><h4 style=\"color:#ffffff\">O\u00f9 acheter?<\/h4><\/div><div class=\"btn-wrap\"><\/div><\/div><a href=\"\/europe\/fr\/ou-acheter\" aria-label=\"O\u00f9 acheter?\"><\/a><\/div><div class=\"card-box-v1__box  with-link \" style=\"background-color:#34bfc7\"><img decoding=\"async\" src=\"https:\/\/www.alcoawheels.com\/europe\/fr\/wp-content\/themes\/alcoa-wheels\/assets\/build\/js\/blocks\/card-usecase-1\/..\/..\/..\/images\/placeholder-image.db2b4d5c.jpeg\" alt=\"T\u00e9l\u00e9chargements\"\/><div class=\"card-box-v1__box__inner pos-abs\"><div class=\"card-box-v1__box_icon\"><img loading=\"lazy\" decoding=\"async\" width=\"169\" height=\"169\" src=\"https:\/\/www.alcoawheels.com\/europe\/fr\/wp-content\/uploads\/sites\/15\/2023\/06\/product-literature.png\" alt=\"\"\/><\/div><div class=\"card-box-v1__box_content\"><h4 style=\"color:#ffffff\">T\u00e9l\u00e9chargements<\/h4><\/div><div class=\"btn-wrap\"><\/div><\/div><a href=\"\/europe\/fr\/documents-produit\" aria-label=\"T\u00e9l\u00e9chargements\"><\/a><\/div><\/div><\/div><\/div>\n","protected":false},"excerpt":{"rendered":"<p>Accessoires pour roues Alcoa\u00ae L&#8217;entretien de vos roues Alcoa\u00ae est et doit \u00eatre une priorit\u00e9 absolue 1. Les accessoires pour roues Alcoa\u00ae ont \u00e9t\u00e9 d\u00e9velopp\u00e9s et s\u00e9lectionn\u00e9s au cours de nombreuses ann\u00e9es, afin de maintenir les roues dans leur meilleur \u00e9tat possible et leur assurer une longue dur\u00e9e d&#8217;utilisation. 2. Les accessoires pour roues Alcoa\u00ae [&hellip;]<\/p>\n","protected":false},"author":44,"featured_media":4076,"parent":0,"menu_order":0,"comment_status":"closed","ping_status":"closed","template":"","meta":{"_acf_changed":false,"protected_reviewer_email":"","editor_notices":[],"footnotes":""},"class_list":["post-26","page","type-page","status-publish","has-post-thumbnail","hentry"],"acf":[],"yoast_head":"<!-- This site is optimized with the Yoast SEO Premium plugin v27.3 (Yoast SEO v27.3) - https:\/\/yoast.com\/product\/yoast-seo-premium-wordpress\/ -->\n<title>Nettoyage | Alcoa Wheels<\/title>\n<meta name=\"description\" content=\"Les produits accessoires Alcoa\u00ae Wheels pour entretenir vos roues Alcoa\u00ae Wheels. Nous proposons de nombreux produits de nettoyage, comme le Dura-Bright\u00ae Wheel Wash, l&#039;Alclean, l&#039;Albrush, l&#039;Alpolish, ou encore l&#039;Alkit4.\" \/>\n<meta name=\"robots\" content=\"index, follow, max-snippet:-1, max-image-preview:large, max-video-preview:-1\" \/>\n<link rel=\"canonical\" href=\"https:\/\/www.alcoawheels.com\/europe\/fr\/nettoyage\/\" \/>\n<meta property=\"og:locale\" content=\"en_US\" \/>\n<meta property=\"og:type\" content=\"article\" \/>\n<meta property=\"og:title\" content=\"Nettoyage\" \/>\n<meta property=\"og:description\" content=\"Les produits accessoires Alcoa\u00ae Wheels pour entretenir vos roues Alcoa\u00ae Wheels. Nous proposons de nombreux produits de nettoyage, comme le Dura-Bright\u00ae Wheel Wash, l&#039;Alclean, l&#039;Albrush, l&#039;Alpolish, ou encore l&#039;Alkit4.\" \/>\n<meta property=\"og:url\" content=\"https:\/\/www.alcoawheels.com\/europe\/fr\/nettoyage\/\" \/>\n<meta property=\"og:site_name\" content=\"Europe French\" \/>\n<meta property=\"article:modified_time\" content=\"2025-11-24T15:42:46+00:00\" \/>\n<meta property=\"og:image\" content=\"https:\/\/www.alcoawheels.com\/europe\/fr\/wp-content\/uploads\/sites\/15\/2025\/11\/DBWW_bottle_1L_low-resize.jpg\" \/>\n\t<meta property=\"og:image:width\" content=\"450\" \/>\n\t<meta property=\"og:image:height\" content=\"300\" \/>\n\t<meta property=\"og:image:type\" content=\"image\/jpeg\" \/>\n<meta name=\"twitter:card\" content=\"summary_large_image\" \/>\n<meta name=\"twitter:label1\" content=\"Est. reading time\" \/>\n\t<meta name=\"twitter:data1\" content=\"5 minutes\" \/>\n<script type=\"application\/ld+json\" class=\"yoast-schema-graph\">{\"@context\":\"https:\\\/\\\/schema.org\",\"@graph\":[{\"@type\":\"WebPage\",\"@id\":\"https:\\\/\\\/www.alcoawheels.com\\\/europe\\\/fr\\\/nettoyage\\\/\",\"url\":\"https:\\\/\\\/www.alcoawheels.com\\\/europe\\\/fr\\\/nettoyage\\\/\",\"name\":\"Nettoyage | Alcoa Wheels\",\"isPartOf\":{\"@id\":\"https:\\\/\\\/www.alcoawheels.com\\\/europe\\\/fr\\\/#website\"},\"primaryImageOfPage\":{\"@id\":\"https:\\\/\\\/www.alcoawheels.com\\\/europe\\\/fr\\\/nettoyage\\\/#primaryimage\"},\"image\":{\"@id\":\"https:\\\/\\\/www.alcoawheels.com\\\/europe\\\/fr\\\/nettoyage\\\/#primaryimage\"},\"thumbnailUrl\":\"https:\\\/\\\/www.alcoawheels.com\\\/europe\\\/fr\\\/wp-content\\\/uploads\\\/sites\\\/15\\\/2025\\\/11\\\/DBWW_bottle_1L_low-resize.jpg\",\"datePublished\":\"2023-05-26T06:36:57+00:00\",\"dateModified\":\"2025-11-24T15:42:46+00:00\",\"description\":\"Les produits accessoires Alcoa\u00ae Wheels pour entretenir vos roues Alcoa\u00ae Wheels. Nous proposons de nombreux produits de nettoyage, comme le Dura-Bright\u00ae Wheel Wash, l'Alclean, l'Albrush, l'Alpolish, ou encore l'Alkit4.\",\"breadcrumb\":{\"@id\":\"https:\\\/\\\/www.alcoawheels.com\\\/europe\\\/fr\\\/nettoyage\\\/#breadcrumb\"},\"inLanguage\":\"en-US\",\"potentialAction\":[{\"@type\":\"ReadAction\",\"target\":[\"https:\\\/\\\/www.alcoawheels.com\\\/europe\\\/fr\\\/nettoyage\\\/\"]}]},{\"@type\":\"ImageObject\",\"inLanguage\":\"en-US\",\"@id\":\"https:\\\/\\\/www.alcoawheels.com\\\/europe\\\/fr\\\/nettoyage\\\/#primaryimage\",\"url\":\"https:\\\/\\\/www.alcoawheels.com\\\/europe\\\/fr\\\/wp-content\\\/uploads\\\/sites\\\/15\\\/2025\\\/11\\\/DBWW_bottle_1L_low-resize.jpg\",\"contentUrl\":\"https:\\\/\\\/www.alcoawheels.com\\\/europe\\\/fr\\\/wp-content\\\/uploads\\\/sites\\\/15\\\/2025\\\/11\\\/DBWW_bottle_1L_low-resize.jpg\",\"width\":450,\"height\":300,\"caption\":\"cleaning DB wheel wash\"},{\"@type\":\"BreadcrumbList\",\"@id\":\"https:\\\/\\\/www.alcoawheels.com\\\/europe\\\/fr\\\/nettoyage\\\/#breadcrumb\",\"itemListElement\":[{\"@type\":\"ListItem\",\"position\":1,\"name\":\"Home\",\"item\":\"https:\\\/\\\/www.alcoawheels.com\\\/europe\\\/fr\\\/\"},{\"@type\":\"ListItem\",\"position\":2,\"name\":\"Nettoyage\"}]},{\"@type\":\"WebSite\",\"@id\":\"https:\\\/\\\/www.alcoawheels.com\\\/europe\\\/fr\\\/#website\",\"url\":\"https:\\\/\\\/www.alcoawheels.com\\\/europe\\\/fr\\\/\",\"name\":\"Europe French\",\"description\":\"\",\"publisher\":{\"@id\":\"https:\\\/\\\/www.alcoawheels.com\\\/europe\\\/fr\\\/#organization\"},\"potentialAction\":[{\"@type\":\"SearchAction\",\"target\":{\"@type\":\"EntryPoint\",\"urlTemplate\":\"https:\\\/\\\/www.alcoawheels.com\\\/europe\\\/fr\\\/?s={search_term_string}\"},\"query-input\":{\"@type\":\"PropertyValueSpecification\",\"valueRequired\":true,\"valueName\":\"search_term_string\"}}],\"inLanguage\":\"en-US\"},{\"@type\":\"Organization\",\"@id\":\"https:\\\/\\\/www.alcoawheels.com\\\/europe\\\/fr\\\/#organization\",\"name\":\"Europe French\",\"url\":\"https:\\\/\\\/www.alcoawheels.com\\\/europe\\\/fr\\\/\",\"logo\":{\"@type\":\"ImageObject\",\"inLanguage\":\"en-US\",\"@id\":\"https:\\\/\\\/www.alcoawheels.com\\\/europe\\\/fr\\\/#\\\/schema\\\/logo\\\/image\\\/\",\"url\":\"https:\\\/\\\/www.alcoawheels.com\\\/europe\\\/fr\\\/wp-content\\\/uploads\\\/sites\\\/15\\\/2023\\\/05\\\/logo-black.gif\",\"contentUrl\":\"https:\\\/\\\/www.alcoawheels.com\\\/europe\\\/fr\\\/wp-content\\\/uploads\\\/sites\\\/15\\\/2023\\\/05\\\/logo-black.gif\",\"width\":71,\"height\":64,\"caption\":\"Europe French\"},\"image\":{\"@id\":\"https:\\\/\\\/www.alcoawheels.com\\\/europe\\\/fr\\\/#\\\/schema\\\/logo\\\/image\\\/\"}}]}<\/script>\n<!-- \/ Yoast SEO Premium plugin. -->","yoast_head_json":{"title":"Nettoyage | Alcoa Wheels","description":"Les produits accessoires Alcoa\u00ae Wheels pour entretenir vos roues Alcoa\u00ae Wheels. Nous proposons de nombreux produits de nettoyage, comme le Dura-Bright\u00ae Wheel Wash, l'Alclean, l'Albrush, l'Alpolish, ou encore l'Alkit4.","robots":{"index":"index","follow":"follow","max-snippet":"max-snippet:-1","max-image-preview":"max-image-preview:large","max-video-preview":"max-video-preview:-1"},"canonical":"https:\/\/www.alcoawheels.com\/europe\/fr\/nettoyage\/","og_locale":"en_US","og_type":"article","og_title":"Nettoyage","og_description":"Les produits accessoires Alcoa\u00ae Wheels pour entretenir vos roues Alcoa\u00ae Wheels. Nous proposons de nombreux produits de nettoyage, comme le Dura-Bright\u00ae Wheel Wash, l'Alclean, l'Albrush, l'Alpolish, ou encore l'Alkit4.","og_url":"https:\/\/www.alcoawheels.com\/europe\/fr\/nettoyage\/","og_site_name":"Europe French","article_modified_time":"2025-11-24T15:42:46+00:00","og_image":[{"width":450,"height":300,"url":"https:\/\/www.alcoawheels.com\/europe\/fr\/wp-content\/uploads\/sites\/15\/2025\/11\/DBWW_bottle_1L_low-resize.jpg","type":"image\/jpeg"}],"twitter_card":"summary_large_image","twitter_misc":{"Est. reading time":"5 minutes"},"schema":{"@context":"https:\/\/schema.org","@graph":[{"@type":"WebPage","@id":"https:\/\/www.alcoawheels.com\/europe\/fr\/nettoyage\/","url":"https:\/\/www.alcoawheels.com\/europe\/fr\/nettoyage\/","name":"Nettoyage | Alcoa Wheels","isPartOf":{"@id":"https:\/\/www.alcoawheels.com\/europe\/fr\/#website"},"primaryImageOfPage":{"@id":"https:\/\/www.alcoawheels.com\/europe\/fr\/nettoyage\/#primaryimage"},"image":{"@id":"https:\/\/www.alcoawheels.com\/europe\/fr\/nettoyage\/#primaryimage"},"thumbnailUrl":"https:\/\/www.alcoawheels.com\/europe\/fr\/wp-content\/uploads\/sites\/15\/2025\/11\/DBWW_bottle_1L_low-resize.jpg","datePublished":"2023-05-26T06:36:57+00:00","dateModified":"2025-11-24T15:42:46+00:00","description":"Les produits accessoires Alcoa\u00ae Wheels pour entretenir vos roues Alcoa\u00ae Wheels. Nous proposons de nombreux produits de nettoyage, comme le Dura-Bright\u00ae Wheel Wash, l'Alclean, l'Albrush, l'Alpolish, ou encore l'Alkit4.","breadcrumb":{"@id":"https:\/\/www.alcoawheels.com\/europe\/fr\/nettoyage\/#breadcrumb"},"inLanguage":"en-US","potentialAction":[{"@type":"ReadAction","target":["https:\/\/www.alcoawheels.com\/europe\/fr\/nettoyage\/"]}]},{"@type":"ImageObject","inLanguage":"en-US","@id":"https:\/\/www.alcoawheels.com\/europe\/fr\/nettoyage\/#primaryimage","url":"https:\/\/www.alcoawheels.com\/europe\/fr\/wp-content\/uploads\/sites\/15\/2025\/11\/DBWW_bottle_1L_low-resize.jpg","contentUrl":"https:\/\/www.alcoawheels.com\/europe\/fr\/wp-content\/uploads\/sites\/15\/2025\/11\/DBWW_bottle_1L_low-resize.jpg","width":450,"height":300,"caption":"cleaning DB wheel wash"},{"@type":"BreadcrumbList","@id":"https:\/\/www.alcoawheels.com\/europe\/fr\/nettoyage\/#breadcrumb","itemListElement":[{"@type":"ListItem","position":1,"name":"Home","item":"https:\/\/www.alcoawheels.com\/europe\/fr\/"},{"@type":"ListItem","position":2,"name":"Nettoyage"}]},{"@type":"WebSite","@id":"https:\/\/www.alcoawheels.com\/europe\/fr\/#website","url":"https:\/\/www.alcoawheels.com\/europe\/fr\/","name":"Europe French","description":"","publisher":{"@id":"https:\/\/www.alcoawheels.com\/europe\/fr\/#organization"},"potentialAction":[{"@type":"SearchAction","target":{"@type":"EntryPoint","urlTemplate":"https:\/\/www.alcoawheels.com\/europe\/fr\/?s={search_term_string}"},"query-input":{"@type":"PropertyValueSpecification","valueRequired":true,"valueName":"search_term_string"}}],"inLanguage":"en-US"},{"@type":"Organization","@id":"https:\/\/www.alcoawheels.com\/europe\/fr\/#organization","name":"Europe French","url":"https:\/\/www.alcoawheels.com\/europe\/fr\/","logo":{"@type":"ImageObject","inLanguage":"en-US","@id":"https:\/\/www.alcoawheels.com\/europe\/fr\/#\/schema\/logo\/image\/","url":"https:\/\/www.alcoawheels.com\/europe\/fr\/wp-content\/uploads\/sites\/15\/2023\/05\/logo-black.gif","contentUrl":"https:\/\/www.alcoawheels.com\/europe\/fr\/wp-content\/uploads\/sites\/15\/2023\/05\/logo-black.gif","width":71,"height":64,"caption":"Europe French"},"image":{"@id":"https:\/\/www.alcoawheels.com\/europe\/fr\/#\/schema\/logo\/image\/"}}]}},"parsely":{"version":"1.1.0","canonical_url":"https:\/\/alcoawheels.com\/europe\/fr\/nettoyage\/","smart_links":{"inbound":0,"outbound":0},"traffic_boost_suggestions_count":0,"meta":{"@context":"https:\/\/schema.org","@type":"WebPage","headline":"Nettoyage","url":"http:\/\/www.alcoawheels.com\/europe\/fr\/nettoyage\/","mainEntityOfPage":{"@type":"WebPage","@id":"http:\/\/www.alcoawheels.com\/europe\/fr\/nettoyage\/"},"thumbnailUrl":"https:\/\/www.alcoawheels.com\/europe\/fr\/wp-content\/uploads\/sites\/15\/2025\/11\/DBWW_bottle_1L_low-resize.jpg?w=150&h=150&crop=1","image":{"@type":"ImageObject","url":"https:\/\/www.alcoawheels.com\/europe\/fr\/wp-content\/uploads\/sites\/15\/2025\/11\/DBWW_bottle_1L_low-resize.jpg"},"articleSection":"Uncategorized","author":[{"@type":"Person","name":"howmet"}],"creator":["howmet"],"publisher":{"@type":"Organization","name":"Europe French","logo":""},"keywords":[],"dateCreated":"2023-05-26T06:36:57Z","datePublished":"2023-05-26T06:36:57Z","dateModified":"2025-11-24T15:42:46Z"},"rendered":"<script type=\"application\/ld+json\" class=\"wp-parsely-metadata\">{\"@context\":\"https:\\\/\\\/schema.org\",\"@type\":\"WebPage\",\"headline\":\"Nettoyage\",\"url\":\"http:\\\/\\\/www.alcoawheels.com\\\/europe\\\/fr\\\/nettoyage\\\/\",\"mainEntityOfPage\":{\"@type\":\"WebPage\",\"@id\":\"http:\\\/\\\/www.alcoawheels.com\\\/europe\\\/fr\\\/nettoyage\\\/\"},\"thumbnailUrl\":\"https:\\\/\\\/www.alcoawheels.com\\\/europe\\\/fr\\\/wp-content\\\/uploads\\\/sites\\\/15\\\/2025\\\/11\\\/DBWW_bottle_1L_low-resize.jpg?w=150&h=150&crop=1\",\"image\":{\"@type\":\"ImageObject\",\"url\":\"https:\\\/\\\/www.alcoawheels.com\\\/europe\\\/fr\\\/wp-content\\\/uploads\\\/sites\\\/15\\\/2025\\\/11\\\/DBWW_bottle_1L_low-resize.jpg\"},\"articleSection\":\"Uncategorized\",\"author\":[{\"@type\":\"Person\",\"name\":\"howmet\"}],\"creator\":[\"howmet\"],\"publisher\":{\"@type\":\"Organization\",\"name\":\"Europe French\",\"logo\":\"\"},\"keywords\":[],\"dateCreated\":\"2023-05-26T06:36:57Z\",\"datePublished\":\"2023-05-26T06:36:57Z\",\"dateModified\":\"2025-11-24T15:42:46Z\"}<\/script>","tracker_url":"https:\/\/cdn.parsely.com\/keys\/alcoawheels.com\/p.js"},"jetpack_sharing_enabled":true,"_links":{"self":[{"href":"https:\/\/www.alcoawheels.com\/europe\/fr\/wp-json\/wp\/v2\/pages\/26","targetHints":{"allow":["GET"]}}],"collection":[{"href":"https:\/\/www.alcoawheels.com\/europe\/fr\/wp-json\/wp\/v2\/pages"}],"about":[{"href":"https:\/\/www.alcoawheels.com\/europe\/fr\/wp-json\/wp\/v2\/types\/page"}],"author":[{"embeddable":true,"href":"https:\/\/www.alcoawheels.com\/europe\/fr\/wp-json\/wp\/v2\/users\/44"}],"replies":[{"embeddable":true,"href":"https:\/\/www.alcoawheels.com\/europe\/fr\/wp-json\/wp\/v2\/comments?post=26"}],"version-history":[{"count":26,"href":"https:\/\/www.alcoawheels.com\/europe\/fr\/wp-json\/wp\/v2\/pages\/26\/revisions"}],"predecessor-version":[{"id":4077,"href":"https:\/\/www.alcoawheels.com\/europe\/fr\/wp-json\/wp\/v2\/pages\/26\/revisions\/4077"}],"wp:featuredmedia":[{"embeddable":true,"href":"https:\/\/www.alcoawheels.com\/europe\/fr\/wp-json\/wp\/v2\/media\/4076"}],"wp:attachment":[{"href":"https:\/\/www.alcoawheels.com\/europe\/fr\/wp-json\/wp\/v2\/media?parent=26"}],"curies":[{"name":"wp","href":"https:\/\/api.w.org\/{rel}","templated":true}]}}