{"id":30,"date":"2023-05-26T06:37:31","date_gmt":"2023-05-26T06:37:31","guid":{"rendered":"https:\/\/www.alcoawheels.com\/europe\/fr\/?page_id=30"},"modified":"2025-11-24T15:59:27","modified_gmt":"2025-11-24T14:59:27","slug":"apparence","status":"publish","type":"page","link":"https:\/\/www.alcoawheels.com\/europe\/fr\/apparence\/","title":{"rendered":"Apparence"},"content":{"rendered":"\n<div class=\"wp-block-alcoa-wheels-hero-banner-innerpage hero-banner with-image layout-2 overlayEnable align- vertical-align- align-center vertical-align-center\" style=\"background-color:#eee\"><img decoding=\"async\" src=\"https:\/\/www.alcoawheels.com\/europe\/fi\/wp-content\/uploads\/sites\/14\/2023\/06\/appearance-banner.jpeg\" alt=\"Appearance Alcoa Wheels\" class=\"responsiveImage\"\/><div class=\"hero-banner__header\" style=\"text-align:center\"><div class=\"container\"><h1 class=\"hero-banner__header--title\">Apparence<\/h1><\/div><\/div><\/div>\n\n\n\n<div style=\"height:50px\" aria-hidden=\"true\" class=\"wp-block-spacer spacer-fifty\"><\/div>\n\n\n\n<h3 class=\"wp-block-heading\" id=\"h-accessoires-pour-roues-alcoa\">Accessoires pour roues Alcoa<sub>\u00ae<\/sub><\/h3>\n\n\n\n<p>L&#8217;entretien de vos roues Alcoa<sup>\u00ae<\/sup> est et doit \u00eatre une priorit\u00e9 absolue<\/p>\n\n\n\n<p>1. Les accessoires pour roues Alcoa<sup>\u00ae<\/sup> ont \u00e9t\u00e9 d\u00e9velopp\u00e9s et s\u00e9lectionn\u00e9s au cours de nombreuses ann\u00e9es, afin de maintenir les roues dans leur meilleur \u00e9tat possible et leur assurer une longue dur\u00e9e d&#8217;utilisation.<\/p>\n\n\n\n<p>2. Les accessoires pour roues Alcoa<sup>\u00ae<\/sup>  sont disponibles aupr\u00e8s de notre r\u00e9seau de distributeurs agr\u00e9\u00e9s.<\/p>\n\n\n\n<hr class=\"wp-block-separator has-text-color has-alpha-channel-opacity has-background is-style-wide\" style=\"background-color:#cccccc;color:#cccccc\"\/>\n\n\n\n<div class=\"wp-block-alcoa-wheels-zigzag media-list__body\" id=\"zigzag-main-dd37ab2b-fdde-4f03-8751-426b0a716ec7\"><div class=\"media-list__body_main  vertical-align-center  container row-reverse\">\n<div class=\"wp-block-alcoa-wheels-zigzag-item media-list-item\"><div class=\"media-list-item__box_content\"><div class=\"media-list-item__box_content_inner\">\n<h5 class=\"wp-block-heading\" id=\"h-alcover-abs-chrome-alcover\"><strong>Alcover : ABS chrom\u00e9 Alcover+<\/strong><\/h5>\n\n\n\n<p>Universel pour les \u00e9crous \u00e0 manchon Alcoa<sup>\u00ae<\/sup> Wheels, hexagonaux de 32 et 33 mm.<\/p>\n<\/div><\/div><div class=\"media-list-item__box_image\"><img loading=\"lazy\" decoding=\"async\" width=\"450\" height=\"323\" src=\"https:\/\/www.alcoawheels.com\/europe\/fr\/wp-content\/uploads\/sites\/15\/2025\/08\/Alcover_chrome_plastic_web_450x323.jpg\" alt=\"Alcover : ABS chrom\u00e9 Alcover\"\/><\/div><\/div>\n\n\n\n<div class=\"wp-block-alcoa-wheels-zigzag-item media-list-item\"><div class=\"media-list-item__box_content\"><div class=\"media-list-item__box_content_inner\">\n<h5 class=\"wp-block-heading has-text-align-right\" id=\"h-alcover-en-acier-inoxydable\"><strong>ALcover: en acier inoxydable<\/strong><\/h5>\n\n\n\n<p class=\"has-text-align-right\">Cache-\u00e9crous de roue en acier inoxydable de haute qualit\u00e9 avec logo Alcoa<sup>\u00ae<\/sup> emboss\u00e9. Disponible pour les \u00e9crous \u00e0 manchon Alcoa<sup>\u00ae<\/sup> Wheels.Tous deux pour hexagonaux de 32 et 33 mm. Algrip, outil pour installer ou retirer les cache-\u00e9crous en acier inoxydable, disponible s\u00e9par\u00e9ment.<\/p>\n<\/div><\/div><div class=\"media-list-item__box_image\"><img loading=\"lazy\" decoding=\"async\" width=\"450\" height=\"300\" src=\"https:\/\/www.alcoawheels.com\/europe\/fr\/wp-content\/uploads\/sites\/15\/2025\/08\/ALcover-standard-steel-2025-web-resize.jpg\" alt=\"Thumbnail\"\/><\/div><\/div>\n\n\n\n<div class=\"wp-block-alcoa-wheels-zigzag-item media-list-item\"><div class=\"media-list-item__box_content\"><div class=\"media-list-item__box_content_inner\">\n<h5 class=\"wp-block-heading\" id=\"h-alcover-en-acier-inoxydable-extra-haut\"><strong>ALcover+ en acier inoxydable, extra haut<\/strong><\/h5>\n\n\n\n<p>Cache-\u00e9crous extra haut en acier inoxydable de grande qualit\u00e9, avec logo Alcoa<sup>\u00ae<\/sup> emboss\u00e9.<\/p>\n\n\n\n<p>ID\u00c9AL pour les v\u00e9hicules \u00e9quip\u00e9s de goujons plus longs. Disponible pour les \u00e9crous de roue hexagonaux de 32 mm ou 33 mm.<\/p>\n<\/div><\/div><div class=\"media-list-item__box_image\"><img loading=\"lazy\" decoding=\"async\" width=\"450\" height=\"300\" src=\"https:\/\/www.alcoawheels.com\/europe\/fr\/wp-content\/uploads\/sites\/15\/2025\/08\/ALcover_stainless_steel_nut_cover_box_1_450x300.jpg\" alt=\"ALcover+ stainless steel nut cover box\"\/><\/div><\/div>\n\n\n\n<div class=\"wp-block-alcoa-wheels-zigzag-item media-list-item\"><div class=\"media-list-item__box_content\"><div class=\"media-list-item__box_content_inner\">\n<h5 class=\"wp-block-heading\" id=\"h-algrip\"><strong>ALgrip<\/strong><\/h5>\n\n\n\n<p>Une pince pour installer et retirer les cache-\u00e9crous en acier inoxydable des roues. Algrip, outil pour installer ou retirer les cache-\u00e9crous en acier inoxydable, disponible s\u00e9par\u00e9ment.<\/p>\n<\/div><\/div><div class=\"media-list-item__box_image\"><img loading=\"lazy\" decoding=\"async\" width=\"450\" height=\"300\" src=\"https:\/\/www.alcoawheels.com\/europe\/fi\/wp-content\/uploads\/sites\/14\/2023\/06\/appearance-ALgrip-thumbnail.jpg\" alt=\"ALgrip\"\/><\/div><\/div>\n<\/div><\/div>\n\n\n\n<hr class=\"wp-block-separator has-text-color has-alpha-channel-opacity has-background is-style-wide\" style=\"background-color:#cccccc;color:#cccccc\"\/>\n\n\n\n<div style=\"height:50px\" aria-hidden=\"true\" class=\"wp-block-spacer spacer-fifty\"><\/div>\n\n\n\n<p class=\"u-margin-b10\">Pour plus d\u2019informations:<\/p>\n\n\n\t\t<div class=\"wp-block-alcoa-product-literature\">\n\t\t\t<div class=\"product-literature-columns container wp-block-alcoa-wheels-related-documents\">\n\t\t\t\t\t\t\t\t\t<div class=\"literature-inner\">\n\t\t\t\t\t\t<div class=\"literature-inner-item\">\n\t\t\t\t\t\t\t<div class=\"pdf-lists-items\">\n\t\t\t\t\t\t\t\t\t\t\t\t\t\t\t\t\t\t\t\t\t\t\t\t\t\t<div class=\"pdf-files\">\n\t\t\t\t\t\t\t\t\t\t<a href=\"https:\/\/www.alcoawheels.com\/europe\/fr\/wp-content\/uploads\/sites\/15\/2026\/02\/Alcoa-Wheels-Accessories-FR.pdf\" target=\"_blank\" class=\"pdf-file\">\n\t\t\t\t\t\t\t\t\t\t\tCatalogue de produits d&#8217;accessoires pour roues ALCOA<sup>\u00ae<\/sup>\t\t\t\t\t\t\t\t\t\t<\/a>\n\t\t\t\t\t\t\t\t\t\t<div class=\"pdf-size\">2.94 MB<\/div>\n\t\t\t\t\t\t\t\t\t<\/div>\n\t\t\t\t\t\t\t\t\t\t\t\t\t\t\t<\/div>\n\t\t\t\t\t\t<\/div>\n\t\t\t\t\t<\/div>\n\t\t\t\t\t\t\t<\/div>\n\n\t\t<\/div>\n\n\n\n<div style=\"height:50px\" aria-hidden=\"true\" class=\"wp-block-spacer spacer-fifty\"><\/div>\n\n\n\n<div class=\"wp-block-alcoa-wheels-card-usecase-1 card-box-v1__body with-icon align-center vertical-align-center\" id=\"card_box_v1-dbf73cc3-2a81-4b09-bc89-709c0b71e4be\"><div class=\"fullwidthcontainer\"><div class=\"card-box-v1__boxes has-4-columns\"><div class=\"card-box-v1__box  with-link \" style=\"background-color:#00afb9\"><img decoding=\"async\" src=\"https:\/\/www.alcoawheels.com\/europe\/fr\/wp-content\/themes\/alcoa-wheels\/assets\/build\/js\/blocks\/card-usecase-1\/..\/..\/..\/images\/placeholder-image.db2b4d5c.jpeg\" alt=\"Contactez-nous\"\/><div class=\"card-box-v1__box__inner pos-abs\"><div class=\"card-box-v1__box_icon\"><img loading=\"lazy\" decoding=\"async\" width=\"171\" height=\"171\" src=\"https:\/\/www.alcoawheels.com\/europe\/fr\/wp-content\/uploads\/sites\/15\/2023\/06\/contact.png\" alt=\"\"\/><\/div><div class=\"card-box-v1__box_content\"><h4 style=\"color:#ffffff\">Contactez-nous<\/h4><\/div><div class=\"btn-wrap\"><\/div><\/div><a href=\"\/europe\/fr\/contact\" aria-label=\"Contactez-nous\"><\/a><\/div><div class=\"card-box-v1__box  with-link \" style=\"background-color:#34bfc7\"><img decoding=\"async\" src=\"https:\/\/www.alcoawheels.com\/europe\/fr\/wp-content\/themes\/alcoa-wheels\/assets\/build\/js\/blocks\/card-usecase-1\/..\/..\/..\/images\/placeholder-image.db2b4d5c.jpeg\" alt=\"Gamme de roues\"\/><div class=\"card-box-v1__box__inner pos-abs\"><div class=\"card-box-v1__box_icon\"><img loading=\"lazy\" decoding=\"async\" width=\"169\" height=\"169\" src=\"https:\/\/www.alcoawheels.com\/europe\/fr\/wp-content\/uploads\/sites\/15\/2023\/06\/product-search.png\" alt=\"\"\/><\/div><div class=\"card-box-v1__box_content\"><h4 style=\"color:#ffffff\">Gamme de roues<\/h4><\/div><div class=\"btn-wrap\"><\/div><\/div><a href=\"\/europe\/fr\/gamme-de-roues\" aria-label=\"Gamme de roues\"><\/a><\/div><div class=\"card-box-v1__box  with-link \" style=\"background-color:#00afb9\"><img decoding=\"async\" src=\"https:\/\/www.alcoawheels.com\/europe\/fr\/wp-content\/themes\/alcoa-wheels\/assets\/build\/js\/blocks\/card-usecase-1\/..\/..\/..\/images\/placeholder-image.db2b4d5c.jpeg\" alt=\"O\u00f9 acheter?\"\/><div class=\"card-box-v1__box__inner pos-abs\"><div class=\"card-box-v1__box_icon\"><img loading=\"lazy\" decoding=\"async\" width=\"169\" height=\"169\" src=\"https:\/\/www.alcoawheels.com\/europe\/fr\/wp-content\/uploads\/sites\/15\/2023\/06\/where-to-buy.png\" alt=\"\"\/><\/div><div class=\"card-box-v1__box_content\"><h4 style=\"color:#ffffff\">O\u00f9 acheter?<\/h4><\/div><div class=\"btn-wrap\"><\/div><\/div><a href=\"\/europe\/fr\/ou-acheter\" aria-label=\"O\u00f9 acheter?\"><\/a><\/div><div class=\"card-box-v1__box  with-link \" style=\"background-color:#34bfc7\"><img decoding=\"async\" src=\"https:\/\/www.alcoawheels.com\/europe\/fr\/wp-content\/themes\/alcoa-wheels\/assets\/build\/js\/blocks\/card-usecase-1\/..\/..\/..\/images\/placeholder-image.db2b4d5c.jpeg\" alt=\"T\u00e9l\u00e9chargements\"\/><div class=\"card-box-v1__box__inner pos-abs\"><div class=\"card-box-v1__box_icon\"><img loading=\"lazy\" decoding=\"async\" width=\"169\" height=\"169\" src=\"https:\/\/www.alcoawheels.com\/europe\/fr\/wp-content\/uploads\/sites\/15\/2023\/06\/product-literature.png\" alt=\"\"\/><\/div><div class=\"card-box-v1__box_content\"><h4 style=\"color:#ffffff\">T\u00e9l\u00e9chargements<\/h4><\/div><div class=\"btn-wrap\"><\/div><\/div><a href=\"\/europe\/fr\/documents-produit\" aria-label=\"T\u00e9l\u00e9chargements\"><\/a><\/div><\/div><\/div><\/div>\n","protected":false},"excerpt":{"rendered":"<p>Accessoires pour roues Alcoa\u00ae L&#8217;entretien de vos roues Alcoa\u00ae est et doit \u00eatre une priorit\u00e9 absolue 1. Les accessoires pour roues Alcoa\u00ae ont \u00e9t\u00e9 d\u00e9velopp\u00e9s et s\u00e9lectionn\u00e9s au cours de nombreuses ann\u00e9es, afin de maintenir les roues dans leur meilleur \u00e9tat possible et leur assurer une longue dur\u00e9e d&#8217;utilisation. 2. Les accessoires pour roues Alcoa\u00ae [&hellip;]<\/p>\n","protected":false},"author":44,"featured_media":4073,"parent":0,"menu_order":0,"comment_status":"closed","ping_status":"closed","template":"","meta":{"_acf_changed":false,"protected_reviewer_email":"","editor_notices":[],"footnotes":""},"class_list":["post-30","page","type-page","status-publish","has-post-thumbnail","hentry"],"acf":[],"yoast_head":"<!-- This site is optimized with the Yoast SEO Premium plugin v27.4 (Yoast SEO v27.4) - https:\/\/yoast.com\/product\/yoast-seo-premium-wordpress\/ -->\n<title>Aparance | Alcoa Wheels<\/title>\n<meta name=\"description\" content=\"Depuis de nombreuses ann\u00e9es, les produits accessoires Alcoa\u00ae Wheels ont \u00e9t\u00e9 con\u00e7us et s\u00e9lectionn\u00e9s pour maintenir les roues dans le meilleur \u00e9tat possible. Nous proposons l&#039;Alcover en PVC chrom\u00e9 ou acier inoxydable ainsi que l&#039;ALgrip.\" \/>\n<meta name=\"robots\" content=\"index, follow, max-snippet:-1, max-image-preview:large, max-video-preview:-1\" \/>\n<link rel=\"canonical\" href=\"https:\/\/www.alcoawheels.com\/europe\/fr\/apparence\/\" \/>\n<meta property=\"og:locale\" content=\"en_US\" \/>\n<meta property=\"og:type\" content=\"article\" \/>\n<meta property=\"og:title\" content=\"Apparence\" \/>\n<meta property=\"og:description\" content=\"Depuis de nombreuses ann\u00e9es, les produits accessoires Alcoa\u00ae Wheels ont \u00e9t\u00e9 con\u00e7us et s\u00e9lectionn\u00e9s pour maintenir les roues dans le meilleur \u00e9tat possible. Nous proposons l&#039;Alcover en PVC chrom\u00e9 ou acier inoxydable ainsi que l&#039;ALgrip.\" \/>\n<meta property=\"og:url\" content=\"https:\/\/www.alcoawheels.com\/europe\/fr\/apparence\/\" \/>\n<meta property=\"og:site_name\" content=\"Europe French\" \/>\n<meta property=\"article:modified_time\" content=\"2025-11-24T14:59:27+00:00\" \/>\n<meta property=\"og:image\" content=\"https:\/\/www.alcoawheels.com\/europe\/fr\/wp-content\/uploads\/sites\/15\/2025\/11\/Alcover_chrome_plastic_box_and_Alcover_3pc_low-resize.jpg\" \/>\n\t<meta property=\"og:image:width\" content=\"450\" \/>\n\t<meta property=\"og:image:height\" content=\"300\" \/>\n\t<meta property=\"og:image:type\" content=\"image\/jpeg\" \/>\n<meta name=\"twitter:card\" content=\"summary_large_image\" \/>\n<meta name=\"twitter:label1\" content=\"Est. reading time\" \/>\n\t<meta name=\"twitter:data1\" content=\"4 minutes\" \/>\n<script type=\"application\/ld+json\" class=\"yoast-schema-graph\">{\"@context\":\"https:\\\/\\\/schema.org\",\"@graph\":[{\"@type\":\"WebPage\",\"@id\":\"https:\\\/\\\/www.alcoawheels.com\\\/europe\\\/fr\\\/apparence\\\/\",\"url\":\"https:\\\/\\\/www.alcoawheels.com\\\/europe\\\/fr\\\/apparence\\\/\",\"name\":\"Aparance | Alcoa Wheels\",\"isPartOf\":{\"@id\":\"https:\\\/\\\/www.alcoawheels.com\\\/europe\\\/fr\\\/#website\"},\"primaryImageOfPage\":{\"@id\":\"https:\\\/\\\/www.alcoawheels.com\\\/europe\\\/fr\\\/apparence\\\/#primaryimage\"},\"image\":{\"@id\":\"https:\\\/\\\/www.alcoawheels.com\\\/europe\\\/fr\\\/apparence\\\/#primaryimage\"},\"thumbnailUrl\":\"https:\\\/\\\/www.alcoawheels.com\\\/europe\\\/fr\\\/wp-content\\\/uploads\\\/sites\\\/15\\\/2025\\\/11\\\/Alcover_chrome_plastic_box_and_Alcover_3pc_low-resize.jpg\",\"datePublished\":\"2023-05-26T06:37:31+00:00\",\"dateModified\":\"2025-11-24T14:59:27+00:00\",\"description\":\"Depuis de nombreuses ann\u00e9es, les produits accessoires Alcoa\u00ae Wheels ont \u00e9t\u00e9 con\u00e7us et s\u00e9lectionn\u00e9s pour maintenir les roues dans le meilleur \u00e9tat possible. Nous proposons l'Alcover en PVC chrom\u00e9 ou acier inoxydable ainsi que l'ALgrip.\",\"breadcrumb\":{\"@id\":\"https:\\\/\\\/www.alcoawheels.com\\\/europe\\\/fr\\\/apparence\\\/#breadcrumb\"},\"inLanguage\":\"en-US\",\"potentialAction\":[{\"@type\":\"ReadAction\",\"target\":[\"https:\\\/\\\/www.alcoawheels.com\\\/europe\\\/fr\\\/apparence\\\/\"]}]},{\"@type\":\"ImageObject\",\"inLanguage\":\"en-US\",\"@id\":\"https:\\\/\\\/www.alcoawheels.com\\\/europe\\\/fr\\\/apparence\\\/#primaryimage\",\"url\":\"https:\\\/\\\/www.alcoawheels.com\\\/europe\\\/fr\\\/wp-content\\\/uploads\\\/sites\\\/15\\\/2025\\\/11\\\/Alcover_chrome_plastic_box_and_Alcover_3pc_low-resize.jpg\",\"contentUrl\":\"https:\\\/\\\/www.alcoawheels.com\\\/europe\\\/fr\\\/wp-content\\\/uploads\\\/sites\\\/15\\\/2025\\\/11\\\/Alcover_chrome_plastic_box_and_Alcover_3pc_low-resize.jpg\",\"width\":450,\"height\":300,\"caption\":\"Chromed plastic Alcovers\"},{\"@type\":\"BreadcrumbList\",\"@id\":\"https:\\\/\\\/www.alcoawheels.com\\\/europe\\\/fr\\\/apparence\\\/#breadcrumb\",\"itemListElement\":[{\"@type\":\"ListItem\",\"position\":1,\"name\":\"Home\",\"item\":\"https:\\\/\\\/www.alcoawheels.com\\\/europe\\\/fr\\\/\"},{\"@type\":\"ListItem\",\"position\":2,\"name\":\"Apparence\"}]},{\"@type\":\"WebSite\",\"@id\":\"https:\\\/\\\/www.alcoawheels.com\\\/europe\\\/fr\\\/#website\",\"url\":\"https:\\\/\\\/www.alcoawheels.com\\\/europe\\\/fr\\\/\",\"name\":\"Europe French\",\"description\":\"\",\"publisher\":{\"@id\":\"https:\\\/\\\/www.alcoawheels.com\\\/europe\\\/fr\\\/#organization\"},\"potentialAction\":[{\"@type\":\"SearchAction\",\"target\":{\"@type\":\"EntryPoint\",\"urlTemplate\":\"https:\\\/\\\/www.alcoawheels.com\\\/europe\\\/fr\\\/?s={search_term_string}\"},\"query-input\":{\"@type\":\"PropertyValueSpecification\",\"valueRequired\":true,\"valueName\":\"search_term_string\"}}],\"inLanguage\":\"en-US\"},{\"@type\":\"Organization\",\"@id\":\"https:\\\/\\\/www.alcoawheels.com\\\/europe\\\/fr\\\/#organization\",\"name\":\"Europe French\",\"url\":\"https:\\\/\\\/www.alcoawheels.com\\\/europe\\\/fr\\\/\",\"logo\":{\"@type\":\"ImageObject\",\"inLanguage\":\"en-US\",\"@id\":\"https:\\\/\\\/www.alcoawheels.com\\\/europe\\\/fr\\\/#\\\/schema\\\/logo\\\/image\\\/\",\"url\":\"https:\\\/\\\/www.alcoawheels.com\\\/europe\\\/fr\\\/wp-content\\\/uploads\\\/sites\\\/15\\\/2023\\\/05\\\/logo-black.gif\",\"contentUrl\":\"https:\\\/\\\/www.alcoawheels.com\\\/europe\\\/fr\\\/wp-content\\\/uploads\\\/sites\\\/15\\\/2023\\\/05\\\/logo-black.gif\",\"width\":71,\"height\":64,\"caption\":\"Europe French\"},\"image\":{\"@id\":\"https:\\\/\\\/www.alcoawheels.com\\\/europe\\\/fr\\\/#\\\/schema\\\/logo\\\/image\\\/\"}}]}<\/script>\n<!-- \/ Yoast SEO Premium plugin. -->","yoast_head_json":{"title":"Aparance | Alcoa Wheels","description":"Depuis de nombreuses ann\u00e9es, les produits accessoires Alcoa\u00ae Wheels ont \u00e9t\u00e9 con\u00e7us et s\u00e9lectionn\u00e9s pour maintenir les roues dans le meilleur \u00e9tat possible. Nous proposons l'Alcover en PVC chrom\u00e9 ou acier inoxydable ainsi que l'ALgrip.","robots":{"index":"index","follow":"follow","max-snippet":"max-snippet:-1","max-image-preview":"max-image-preview:large","max-video-preview":"max-video-preview:-1"},"canonical":"https:\/\/www.alcoawheels.com\/europe\/fr\/apparence\/","og_locale":"en_US","og_type":"article","og_title":"Apparence","og_description":"Depuis de nombreuses ann\u00e9es, les produits accessoires Alcoa\u00ae Wheels ont \u00e9t\u00e9 con\u00e7us et s\u00e9lectionn\u00e9s pour maintenir les roues dans le meilleur \u00e9tat possible. Nous proposons l'Alcover en PVC chrom\u00e9 ou acier inoxydable ainsi que l'ALgrip.","og_url":"https:\/\/www.alcoawheels.com\/europe\/fr\/apparence\/","og_site_name":"Europe French","article_modified_time":"2025-11-24T14:59:27+00:00","og_image":[{"width":450,"height":300,"url":"https:\/\/www.alcoawheels.com\/europe\/fr\/wp-content\/uploads\/sites\/15\/2025\/11\/Alcover_chrome_plastic_box_and_Alcover_3pc_low-resize.jpg","type":"image\/jpeg"}],"twitter_card":"summary_large_image","twitter_misc":{"Est. reading time":"4 minutes"},"schema":{"@context":"https:\/\/schema.org","@graph":[{"@type":"WebPage","@id":"https:\/\/www.alcoawheels.com\/europe\/fr\/apparence\/","url":"https:\/\/www.alcoawheels.com\/europe\/fr\/apparence\/","name":"Aparance | Alcoa Wheels","isPartOf":{"@id":"https:\/\/www.alcoawheels.com\/europe\/fr\/#website"},"primaryImageOfPage":{"@id":"https:\/\/www.alcoawheels.com\/europe\/fr\/apparence\/#primaryimage"},"image":{"@id":"https:\/\/www.alcoawheels.com\/europe\/fr\/apparence\/#primaryimage"},"thumbnailUrl":"https:\/\/www.alcoawheels.com\/europe\/fr\/wp-content\/uploads\/sites\/15\/2025\/11\/Alcover_chrome_plastic_box_and_Alcover_3pc_low-resize.jpg","datePublished":"2023-05-26T06:37:31+00:00","dateModified":"2025-11-24T14:59:27+00:00","description":"Depuis de nombreuses ann\u00e9es, les produits accessoires Alcoa\u00ae Wheels ont \u00e9t\u00e9 con\u00e7us et s\u00e9lectionn\u00e9s pour maintenir les roues dans le meilleur \u00e9tat possible. Nous proposons l'Alcover en PVC chrom\u00e9 ou acier inoxydable ainsi que l'ALgrip.","breadcrumb":{"@id":"https:\/\/www.alcoawheels.com\/europe\/fr\/apparence\/#breadcrumb"},"inLanguage":"en-US","potentialAction":[{"@type":"ReadAction","target":["https:\/\/www.alcoawheels.com\/europe\/fr\/apparence\/"]}]},{"@type":"ImageObject","inLanguage":"en-US","@id":"https:\/\/www.alcoawheels.com\/europe\/fr\/apparence\/#primaryimage","url":"https:\/\/www.alcoawheels.com\/europe\/fr\/wp-content\/uploads\/sites\/15\/2025\/11\/Alcover_chrome_plastic_box_and_Alcover_3pc_low-resize.jpg","contentUrl":"https:\/\/www.alcoawheels.com\/europe\/fr\/wp-content\/uploads\/sites\/15\/2025\/11\/Alcover_chrome_plastic_box_and_Alcover_3pc_low-resize.jpg","width":450,"height":300,"caption":"Chromed plastic Alcovers"},{"@type":"BreadcrumbList","@id":"https:\/\/www.alcoawheels.com\/europe\/fr\/apparence\/#breadcrumb","itemListElement":[{"@type":"ListItem","position":1,"name":"Home","item":"https:\/\/www.alcoawheels.com\/europe\/fr\/"},{"@type":"ListItem","position":2,"name":"Apparence"}]},{"@type":"WebSite","@id":"https:\/\/www.alcoawheels.com\/europe\/fr\/#website","url":"https:\/\/www.alcoawheels.com\/europe\/fr\/","name":"Europe French","description":"","publisher":{"@id":"https:\/\/www.alcoawheels.com\/europe\/fr\/#organization"},"potentialAction":[{"@type":"SearchAction","target":{"@type":"EntryPoint","urlTemplate":"https:\/\/www.alcoawheels.com\/europe\/fr\/?s={search_term_string}"},"query-input":{"@type":"PropertyValueSpecification","valueRequired":true,"valueName":"search_term_string"}}],"inLanguage":"en-US"},{"@type":"Organization","@id":"https:\/\/www.alcoawheels.com\/europe\/fr\/#organization","name":"Europe French","url":"https:\/\/www.alcoawheels.com\/europe\/fr\/","logo":{"@type":"ImageObject","inLanguage":"en-US","@id":"https:\/\/www.alcoawheels.com\/europe\/fr\/#\/schema\/logo\/image\/","url":"https:\/\/www.alcoawheels.com\/europe\/fr\/wp-content\/uploads\/sites\/15\/2023\/05\/logo-black.gif","contentUrl":"https:\/\/www.alcoawheels.com\/europe\/fr\/wp-content\/uploads\/sites\/15\/2023\/05\/logo-black.gif","width":71,"height":64,"caption":"Europe French"},"image":{"@id":"https:\/\/www.alcoawheels.com\/europe\/fr\/#\/schema\/logo\/image\/"}}]}},"parsely":{"version":"1.1.0","canonical_url":"https:\/\/alcoawheels.com\/europe\/fr\/apparence\/","smart_links":{"inbound":0,"outbound":0},"traffic_boost_suggestions_count":0,"meta":{"@context":"https:\/\/schema.org","@type":"WebPage","headline":"Apparence","url":"http:\/\/www.alcoawheels.com\/europe\/fr\/apparence\/","mainEntityOfPage":{"@type":"WebPage","@id":"http:\/\/www.alcoawheels.com\/europe\/fr\/apparence\/"},"thumbnailUrl":"https:\/\/www.alcoawheels.com\/europe\/fr\/wp-content\/uploads\/sites\/15\/2025\/11\/Alcover_chrome_plastic_box_and_Alcover_3pc_low-resize.jpg?w=150&h=150&crop=1","image":{"@type":"ImageObject","url":"https:\/\/www.alcoawheels.com\/europe\/fr\/wp-content\/uploads\/sites\/15\/2025\/11\/Alcover_chrome_plastic_box_and_Alcover_3pc_low-resize.jpg"},"articleSection":"Uncategorized","author":[{"@type":"Person","name":"howmet"}],"creator":["howmet"],"publisher":{"@type":"Organization","name":"Europe French","logo":""},"keywords":[],"dateCreated":"2023-05-26T06:37:31Z","datePublished":"2023-05-26T06:37:31Z","dateModified":"2025-11-24T14:59:27Z"},"rendered":"<script type=\"application\/ld+json\" class=\"wp-parsely-metadata\">{\"@context\":\"https:\\\/\\\/schema.org\",\"@type\":\"WebPage\",\"headline\":\"Apparence\",\"url\":\"http:\\\/\\\/www.alcoawheels.com\\\/europe\\\/fr\\\/apparence\\\/\",\"mainEntityOfPage\":{\"@type\":\"WebPage\",\"@id\":\"http:\\\/\\\/www.alcoawheels.com\\\/europe\\\/fr\\\/apparence\\\/\"},\"thumbnailUrl\":\"https:\\\/\\\/www.alcoawheels.com\\\/europe\\\/fr\\\/wp-content\\\/uploads\\\/sites\\\/15\\\/2025\\\/11\\\/Alcover_chrome_plastic_box_and_Alcover_3pc_low-resize.jpg?w=150&h=150&crop=1\",\"image\":{\"@type\":\"ImageObject\",\"url\":\"https:\\\/\\\/www.alcoawheels.com\\\/europe\\\/fr\\\/wp-content\\\/uploads\\\/sites\\\/15\\\/2025\\\/11\\\/Alcover_chrome_plastic_box_and_Alcover_3pc_low-resize.jpg\"},\"articleSection\":\"Uncategorized\",\"author\":[{\"@type\":\"Person\",\"name\":\"howmet\"}],\"creator\":[\"howmet\"],\"publisher\":{\"@type\":\"Organization\",\"name\":\"Europe French\",\"logo\":\"\"},\"keywords\":[],\"dateCreated\":\"2023-05-26T06:37:31Z\",\"datePublished\":\"2023-05-26T06:37:31Z\",\"dateModified\":\"2025-11-24T14:59:27Z\"}<\/script>","tracker_url":"https:\/\/cdn.parsely.com\/keys\/alcoawheels.com\/p.js"},"jetpack_sharing_enabled":true,"_links":{"self":[{"href":"https:\/\/www.alcoawheels.com\/europe\/fr\/wp-json\/wp\/v2\/pages\/30","targetHints":{"allow":["GET"]}}],"collection":[{"href":"https:\/\/www.alcoawheels.com\/europe\/fr\/wp-json\/wp\/v2\/pages"}],"about":[{"href":"https:\/\/www.alcoawheels.com\/europe\/fr\/wp-json\/wp\/v2\/types\/page"}],"author":[{"embeddable":true,"href":"https:\/\/www.alcoawheels.com\/europe\/fr\/wp-json\/wp\/v2\/users\/44"}],"replies":[{"embeddable":true,"href":"https:\/\/www.alcoawheels.com\/europe\/fr\/wp-json\/wp\/v2\/comments?post=30"}],"version-history":[{"count":21,"href":"https:\/\/www.alcoawheels.com\/europe\/fr\/wp-json\/wp\/v2\/pages\/30\/revisions"}],"predecessor-version":[{"id":4074,"href":"https:\/\/www.alcoawheels.com\/europe\/fr\/wp-json\/wp\/v2\/pages\/30\/revisions\/4074"}],"wp:featuredmedia":[{"embeddable":true,"href":"https:\/\/www.alcoawheels.com\/europe\/fr\/wp-json\/wp\/v2\/media\/4073"}],"wp:attachment":[{"href":"https:\/\/www.alcoawheels.com\/europe\/fr\/wp-json\/wp\/v2\/media?parent=30"}],"curies":[{"name":"wp","href":"https:\/\/api.w.org\/{rel}","templated":true}]}}