{"id":3730,"date":"2024-09-17T14:30:33","date_gmt":"2024-09-17T12:30:33","guid":{"rendered":"https:\/\/www.alcoawheels.com\/europe\/fr\/?page_id=3730"},"modified":"2026-03-16T15:58:37","modified_gmt":"2026-03-16T14:58:37","slug":"suivi-du-statut-du-formulaire-de-retour-de-roue","status":"publish","type":"page","link":"https:\/\/www.alcoawheels.com\/europe\/fr\/suivi-du-statut-du-formulaire-de-retour-de-roue\/","title":{"rendered":"Suivi du statut du formulaire de retour de roue"},"content":{"rendered":"\n<div class=\"wp-block-alcoa-wheels-hero-banner-innerpage hero-banner with-image layout-2 overlayEnable align- vertical-align- align-center vertical-align-center\" style=\"background-color:#eee\"><img decoding=\"async\" src=\"https:\/\/www.alcoawheels.com\/europe\/en\/wp-content\/uploads\/sites\/8\/2023\/06\/fsc-intro-banner.jpg\" alt=\"Fleet Service Center for Alcoa Wheels\" class=\"responsiveImage\"\/><div class=\"hero-banner__header\" style=\"text-align:center\"><div class=\"container\"><h1 class=\"hero-banner__header--title\">Suivi du statut du formulaire de retour de roue<\/h1><\/div><\/div><\/div>\n\n\n\n<div style=\"height:50px\" aria-hidden=\"true\" class=\"wp-block-spacer\"><\/div>\n\n\n    <div class=\"lead-status-block-frontend\" data-attributes=\"{&quot;email&quot;:&quot;Saisissez votre adresse \\u00e9lectronique&quot;,&quot;leadId&quot;:&quot;Saisissez votre num\\u00e9ro de plomb&quot;,&quot;status&quot;:&quot;Informations sur le statut&quot;,&quot;resetText&quot;:&quot;Vide&quot;,&quot;loading&quot;:&quot;Chargement du statut\\u2026&quot;,&quot;noMatch&quot;:&quot;Aucune piste correspondante n&#039;a \\u00e9t\\u00e9 trouv\\u00e9e pour l&#039;adresse \\u00e9lectronique et l&#039;identifiant fournis. Veuillez v\\u00e9rifier vos donn\\u00e9es et r\\u00e9essayer.&quot;,&quot;dearCustomer&quot;:&quot;Cher client&quot;,&quot;thankYou&quot;:&quot;Vous trouverez ci-dessous le dernier statut de votre identifiant d&#039;enregistrement de roue.. :&quot;,&quot;customerMessage&quot;:&quot;Le dernier statut de votre enregistrement de roue ID&quot;,&quot;description&quot;:&quot;Description du site&quot;,&quot;followMessage&quot;:&quot;Pour plus d&#039;informations, veuillez contacter:&quot;,&quot;followEmail&quot;:&quot;fleet@howmet.com&quot;,&quot;followPhone&quot;:&quot;ou +3622531841 entre 8h00 et 16h30 CET les jours ouvrables.&quot;,&quot;checkboxText&quot;:&quot;Cochez la case pour accepter notre&quot;,&quot;privacyText&quot;:&quot;politique de confidentialit\\u00e9&quot;,&quot;privacyLink&quot;:&quot;\\\/europe\\\/fr\\\/vie-privee\\\/&quot;,&quot;consentMessage&quot;:&quot;En soumettant cette demande, je consens par la pr\\u00e9sente au transfert de mes donn\\u00e9es personnelles fournies ci-dessus \\u00e0 Howmet Aerospace Inc.\\net \\u00e0 toutes ses entit\\u00e9s contr\\u00f4l\\u00e9es aux \\u00c9tats-Unis d&#039;Am\\u00e9rique et ailleurs, ainsi qu&#039;\\u00e0 leurs contractants ou agents tiers autoris\\u00e9s, et au traitement de ces donn\\u00e9es dans le but de r\\u00e9pondre \\u00e0 ma demande. Howmet Aerospace utilisera les informations fournies uniquement dans le but de r\\u00e9pondre \\u00e0 la demande et conservera les donn\\u00e9es aussi longtemps que n\\u00e9cessaire pour pouvoir r\\u00e9pondre \\u00e0 la demande. Je confirme que je suis pleinement inform\\u00e9 des raisons du traitement et du transfert de mes donn\\u00e9es personnelles et que je connais tous mes droits concernant ces informations personnelles et toutes les lois applicables. Si, \\u00e0 tout moment par la suite, je d\\u00e9cide de retirer le consentement que j&#039;ai donn\\u00e9 ci-dessus, je dois contacter Howmet Aerospace pour l&#039;informer de cette d\\u00e9cision. J&#039;ai \\u00e9galement le droit de faire rectifier toute information incorrecte stock\\u00e9e par Howmet Aerospace.&quot;,&quot;leadStatus&quot;:&quot;Lead Status&quot;,&quot;leadTime&quot;:&quot;Lead Time&quot;}\">\n        <form class=\"lead_form\">\n            <input type=\"email\" placeholder=\"Saisissez votre adresse \u00e9lectronique\" required class=\"email_input\">\n            <input type=\"text\" placeholder=\"Saisissez votre num\u00e9ro de plomb\" required>\n            <button type=\"submit\" class=\"input-group-addon submit_button\" disabled>Informations sur le statut<\/button>\n            <button type=\"button\" class=\"input-group-addon reset-button\">Vide<\/button>\n            <p class=\"field-label consent-label\"><strong>Cochez la case pour accepter notre<\/strong> <a href=\"\/europe\/fr\/vie-privee\/\" target=\"_blank\">politique de confidentialit\u00e9<\/a>.<\/p>\n            <div class=\"checkbox-group\" id=\"checkbox_group\">\n                <div class=\"formbuilder-checkbox\">\n                    <input type=\"checkbox\" id=\"consent\" name=\"consent_message\" value=\"En soumettant cette demande, je consens par la pr\u00e9sente au transfert de mes donn\u00e9es personnelles fournies ci-dessus \u00e0 Howmet Aerospace Inc.\net \u00e0 toutes ses entit\u00e9s contr\u00f4l\u00e9es aux \u00c9tats-Unis d&#039;Am\u00e9rique et ailleurs, ainsi qu&#039;\u00e0 leurs contractants ou agents tiers autoris\u00e9s, et au traitement de ces donn\u00e9es dans le but de r\u00e9pondre \u00e0 ma demande. Howmet Aerospace utilisera les informations fournies uniquement dans le but de r\u00e9pondre \u00e0 la demande et conservera les donn\u00e9es aussi longtemps que n\u00e9cessaire pour pouvoir r\u00e9pondre \u00e0 la demande. Je confirme que je suis pleinement inform\u00e9 des raisons du traitement et du transfert de mes donn\u00e9es personnelles et que je connais tous mes droits concernant ces informations personnelles et toutes les lois applicables. Si, \u00e0 tout moment par la suite, je d\u00e9cide de retirer le consentement que j&#039;ai donn\u00e9 ci-dessus, je dois contacter Howmet Aerospace pour l&#039;informer de cette d\u00e9cision. J&#039;ai \u00e9galement le droit de faire rectifier toute information incorrecte stock\u00e9e par Howmet Aerospace.\" class=\"consent_message\" required>\n                    <label for=\"consent_message\">En soumettant cette demande, je consens par la pr\u00e9sente au transfert de mes donn\u00e9es personnelles fournies ci-dessus \u00e0 Howmet Aerospace Inc.\net \u00e0 toutes ses entit\u00e9s contr\u00f4l\u00e9es aux \u00c9tats-Unis d&#039;Am\u00e9rique et ailleurs, ainsi qu&#039;\u00e0 leurs contractants ou agents tiers autoris\u00e9s, et au traitement de ces donn\u00e9es dans le but de r\u00e9pondre \u00e0 ma demande. Howmet Aerospace utilisera les informations fournies uniquement dans le but de r\u00e9pondre \u00e0 la demande et conservera les donn\u00e9es aussi longtemps que n\u00e9cessaire pour pouvoir r\u00e9pondre \u00e0 la demande. Je confirme que je suis pleinement inform\u00e9 des raisons du traitement et du transfert de mes donn\u00e9es personnelles et que je connais tous mes droits concernant ces informations personnelles et toutes les lois applicables. Si, \u00e0 tout moment par la suite, je d\u00e9cide de retirer le consentement que j&#039;ai donn\u00e9 ci-dessus, je dois contacter Howmet Aerospace pour l&#039;informer de cette d\u00e9cision. J&#039;ai \u00e9galement le droit de faire rectifier toute information incorrecte stock\u00e9e par Howmet Aerospace.<\/label>\n                <\/div>\n            <\/div>\n        <\/form>\n        <div class=\"lead_section\"><\/div>\n    <\/div>\n\n\n\n<div style=\"height:50px\" aria-hidden=\"true\" class=\"wp-block-spacer\"><\/div>\n\n\n\n<p>Besoin de soumettre un autre formulaire d&#8217;enregistrement de roue ? Veuillez cliquer <a href=\"https:\/\/www.alcoawheels.com\/europe\/fr\/fleet-service-center\/\">ici<\/a><\/p>\n\n\n\n<p>Si vous rencontrez des probl\u00e8mes ou si vous avez des questions, veuillez visiter le <a href=\"https:\/\/www.alcoawheels.com\/europe\/fr\/fsc-introduction\/\">Fleet Service Center<\/a> et\/ou notre section <a href=\"https:\/\/www.alcoawheels.com\/europe\/fr\/faq\/\">FAQ<\/a>.<\/p>\n\n\n\n<p><\/p>\n","protected":false},"excerpt":{"rendered":"<p>Besoin de soumettre un autre formulaire d&#8217;enregistrement de roue ? Veuillez cliquer ici Si vous rencontrez des probl\u00e8mes ou si vous avez des questions, veuillez visiter le Fleet Service Center et\/ou notre section FAQ.<\/p>\n","protected":false},"author":62,"featured_media":0,"parent":0,"menu_order":0,"comment_status":"closed","ping_status":"closed","template":"","meta":{"_acf_changed":false,"protected_reviewer_email":"","editor_notices":[],"footnotes":""},"class_list":["post-3730","page","type-page","status-publish","hentry"],"acf":[],"yoast_head":"<!-- This site is optimized with the Yoast SEO Premium plugin v27.5 (Yoast SEO v27.5) - https:\/\/yoast.com\/product\/yoast-seo-premium-wordpress\/ -->\n<title>Suivi du statut du formulaire de retour de roue - Europe French<\/title>\n<meta name=\"robots\" content=\"index, follow, max-snippet:-1, max-image-preview:large, max-video-preview:-1\" \/>\n<link rel=\"canonical\" href=\"https:\/\/www.alcoawheels.com\/europe\/fr\/suivi-du-statut-du-formulaire-de-retour-de-roue\/\" \/>\n<meta property=\"og:locale\" content=\"en_US\" \/>\n<meta property=\"og:type\" content=\"article\" \/>\n<meta property=\"og:title\" content=\"Suivi du statut du formulaire de retour de roue\" \/>\n<meta property=\"og:description\" content=\"Besoin de soumettre un autre formulaire d&#8217;enregistrement de roue ? Veuillez cliquer ici Si vous rencontrez des probl\u00e8mes ou si vous avez des questions, veuillez visiter le Fleet Service Center et\/ou notre section FAQ.\" \/>\n<meta property=\"og:url\" content=\"https:\/\/www.alcoawheels.com\/europe\/fr\/suivi-du-statut-du-formulaire-de-retour-de-roue\/\" \/>\n<meta property=\"og:site_name\" content=\"Europe French\" \/>\n<meta property=\"article:modified_time\" content=\"2026-03-16T14:58:37+00:00\" \/>\n<meta property=\"og:image\" content=\"https:\/\/www.alcoawheels.com\/europe\/en\/wp-content\/uploads\/sites\/8\/2023\/06\/fsc-intro-banner.jpg\" \/>\n<meta name=\"twitter:card\" content=\"summary_large_image\" \/>\n<meta name=\"twitter:label1\" content=\"Est. reading time\" \/>\n\t<meta name=\"twitter:data1\" content=\"1 minute\" \/>\n<script type=\"application\/ld+json\" class=\"yoast-schema-graph\">{\"@context\":\"https:\\\/\\\/schema.org\",\"@graph\":[{\"@type\":\"WebPage\",\"@id\":\"https:\\\/\\\/www.alcoawheels.com\\\/europe\\\/fr\\\/suivi-du-statut-du-formulaire-de-retour-de-roue\\\/\",\"url\":\"https:\\\/\\\/www.alcoawheels.com\\\/europe\\\/fr\\\/suivi-du-statut-du-formulaire-de-retour-de-roue\\\/\",\"name\":\"Suivi du statut du formulaire de retour de roue - Europe French\",\"isPartOf\":{\"@id\":\"https:\\\/\\\/www.alcoawheels.com\\\/europe\\\/fr\\\/#website\"},\"primaryImageOfPage\":{\"@id\":\"https:\\\/\\\/www.alcoawheels.com\\\/europe\\\/fr\\\/suivi-du-statut-du-formulaire-de-retour-de-roue\\\/#primaryimage\"},\"image\":{\"@id\":\"https:\\\/\\\/www.alcoawheels.com\\\/europe\\\/fr\\\/suivi-du-statut-du-formulaire-de-retour-de-roue\\\/#primaryimage\"},\"thumbnailUrl\":\"https:\\\/\\\/www.alcoawheels.com\\\/europe\\\/en\\\/wp-content\\\/uploads\\\/sites\\\/8\\\/2023\\\/06\\\/fsc-intro-banner.jpg\",\"datePublished\":\"2024-09-17T12:30:33+00:00\",\"dateModified\":\"2026-03-16T14:58:37+00:00\",\"breadcrumb\":{\"@id\":\"https:\\\/\\\/www.alcoawheels.com\\\/europe\\\/fr\\\/suivi-du-statut-du-formulaire-de-retour-de-roue\\\/#breadcrumb\"},\"inLanguage\":\"en-US\",\"potentialAction\":[{\"@type\":\"ReadAction\",\"target\":[\"https:\\\/\\\/www.alcoawheels.com\\\/europe\\\/fr\\\/suivi-du-statut-du-formulaire-de-retour-de-roue\\\/\"]}]},{\"@type\":\"ImageObject\",\"inLanguage\":\"en-US\",\"@id\":\"https:\\\/\\\/www.alcoawheels.com\\\/europe\\\/fr\\\/suivi-du-statut-du-formulaire-de-retour-de-roue\\\/#primaryimage\",\"url\":\"https:\\\/\\\/www.alcoawheels.com\\\/europe\\\/en\\\/wp-content\\\/uploads\\\/sites\\\/8\\\/2023\\\/06\\\/fsc-intro-banner.jpg\",\"contentUrl\":\"https:\\\/\\\/www.alcoawheels.com\\\/europe\\\/en\\\/wp-content\\\/uploads\\\/sites\\\/8\\\/2023\\\/06\\\/fsc-intro-banner.jpg\"},{\"@type\":\"BreadcrumbList\",\"@id\":\"https:\\\/\\\/www.alcoawheels.com\\\/europe\\\/fr\\\/suivi-du-statut-du-formulaire-de-retour-de-roue\\\/#breadcrumb\",\"itemListElement\":[{\"@type\":\"ListItem\",\"position\":1,\"name\":\"Home\",\"item\":\"https:\\\/\\\/www.alcoawheels.com\\\/europe\\\/fr\\\/\"},{\"@type\":\"ListItem\",\"position\":2,\"name\":\"Suivi du statut du formulaire de retour de roue\"}]},{\"@type\":\"WebSite\",\"@id\":\"https:\\\/\\\/www.alcoawheels.com\\\/europe\\\/fr\\\/#website\",\"url\":\"https:\\\/\\\/www.alcoawheels.com\\\/europe\\\/fr\\\/\",\"name\":\"Europe French\",\"description\":\"\",\"publisher\":{\"@id\":\"https:\\\/\\\/www.alcoawheels.com\\\/europe\\\/fr\\\/#organization\"},\"potentialAction\":[{\"@type\":\"SearchAction\",\"target\":{\"@type\":\"EntryPoint\",\"urlTemplate\":\"https:\\\/\\\/www.alcoawheels.com\\\/europe\\\/fr\\\/?s={search_term_string}\"},\"query-input\":{\"@type\":\"PropertyValueSpecification\",\"valueRequired\":true,\"valueName\":\"search_term_string\"}}],\"inLanguage\":\"en-US\"},{\"@type\":\"Organization\",\"@id\":\"https:\\\/\\\/www.alcoawheels.com\\\/europe\\\/fr\\\/#organization\",\"name\":\"Europe French\",\"url\":\"https:\\\/\\\/www.alcoawheels.com\\\/europe\\\/fr\\\/\",\"logo\":{\"@type\":\"ImageObject\",\"inLanguage\":\"en-US\",\"@id\":\"https:\\\/\\\/www.alcoawheels.com\\\/europe\\\/fr\\\/#\\\/schema\\\/logo\\\/image\\\/\",\"url\":\"https:\\\/\\\/www.alcoawheels.com\\\/europe\\\/fr\\\/wp-content\\\/uploads\\\/sites\\\/15\\\/2023\\\/05\\\/logo-black.gif\",\"contentUrl\":\"https:\\\/\\\/www.alcoawheels.com\\\/europe\\\/fr\\\/wp-content\\\/uploads\\\/sites\\\/15\\\/2023\\\/05\\\/logo-black.gif\",\"width\":71,\"height\":64,\"caption\":\"Europe French\"},\"image\":{\"@id\":\"https:\\\/\\\/www.alcoawheels.com\\\/europe\\\/fr\\\/#\\\/schema\\\/logo\\\/image\\\/\"}}]}<\/script>\n<!-- \/ Yoast SEO Premium plugin. -->","yoast_head_json":{"title":"Suivi du statut du formulaire de retour de roue - Europe French","robots":{"index":"index","follow":"follow","max-snippet":"max-snippet:-1","max-image-preview":"max-image-preview:large","max-video-preview":"max-video-preview:-1"},"canonical":"https:\/\/www.alcoawheels.com\/europe\/fr\/suivi-du-statut-du-formulaire-de-retour-de-roue\/","og_locale":"en_US","og_type":"article","og_title":"Suivi du statut du formulaire de retour de roue","og_description":"Besoin de soumettre un autre formulaire d&#8217;enregistrement de roue ? Veuillez cliquer ici Si vous rencontrez des probl\u00e8mes ou si vous avez des questions, veuillez visiter le Fleet Service Center et\/ou notre section FAQ.","og_url":"https:\/\/www.alcoawheels.com\/europe\/fr\/suivi-du-statut-du-formulaire-de-retour-de-roue\/","og_site_name":"Europe French","article_modified_time":"2026-03-16T14:58:37+00:00","og_image":[{"url":"https:\/\/www.alcoawheels.com\/europe\/en\/wp-content\/uploads\/sites\/8\/2023\/06\/fsc-intro-banner.jpg","type":"","width":"","height":""}],"twitter_card":"summary_large_image","twitter_misc":{"Est. reading time":"1 minute"},"schema":{"@context":"https:\/\/schema.org","@graph":[{"@type":"WebPage","@id":"https:\/\/www.alcoawheels.com\/europe\/fr\/suivi-du-statut-du-formulaire-de-retour-de-roue\/","url":"https:\/\/www.alcoawheels.com\/europe\/fr\/suivi-du-statut-du-formulaire-de-retour-de-roue\/","name":"Suivi du statut du formulaire de retour de roue - Europe French","isPartOf":{"@id":"https:\/\/www.alcoawheels.com\/europe\/fr\/#website"},"primaryImageOfPage":{"@id":"https:\/\/www.alcoawheels.com\/europe\/fr\/suivi-du-statut-du-formulaire-de-retour-de-roue\/#primaryimage"},"image":{"@id":"https:\/\/www.alcoawheels.com\/europe\/fr\/suivi-du-statut-du-formulaire-de-retour-de-roue\/#primaryimage"},"thumbnailUrl":"https:\/\/www.alcoawheels.com\/europe\/en\/wp-content\/uploads\/sites\/8\/2023\/06\/fsc-intro-banner.jpg","datePublished":"2024-09-17T12:30:33+00:00","dateModified":"2026-03-16T14:58:37+00:00","breadcrumb":{"@id":"https:\/\/www.alcoawheels.com\/europe\/fr\/suivi-du-statut-du-formulaire-de-retour-de-roue\/#breadcrumb"},"inLanguage":"en-US","potentialAction":[{"@type":"ReadAction","target":["https:\/\/www.alcoawheels.com\/europe\/fr\/suivi-du-statut-du-formulaire-de-retour-de-roue\/"]}]},{"@type":"ImageObject","inLanguage":"en-US","@id":"https:\/\/www.alcoawheels.com\/europe\/fr\/suivi-du-statut-du-formulaire-de-retour-de-roue\/#primaryimage","url":"https:\/\/www.alcoawheels.com\/europe\/en\/wp-content\/uploads\/sites\/8\/2023\/06\/fsc-intro-banner.jpg","contentUrl":"https:\/\/www.alcoawheels.com\/europe\/en\/wp-content\/uploads\/sites\/8\/2023\/06\/fsc-intro-banner.jpg"},{"@type":"BreadcrumbList","@id":"https:\/\/www.alcoawheels.com\/europe\/fr\/suivi-du-statut-du-formulaire-de-retour-de-roue\/#breadcrumb","itemListElement":[{"@type":"ListItem","position":1,"name":"Home","item":"https:\/\/www.alcoawheels.com\/europe\/fr\/"},{"@type":"ListItem","position":2,"name":"Suivi du statut du formulaire de retour de roue"}]},{"@type":"WebSite","@id":"https:\/\/www.alcoawheels.com\/europe\/fr\/#website","url":"https:\/\/www.alcoawheels.com\/europe\/fr\/","name":"Europe French","description":"","publisher":{"@id":"https:\/\/www.alcoawheels.com\/europe\/fr\/#organization"},"potentialAction":[{"@type":"SearchAction","target":{"@type":"EntryPoint","urlTemplate":"https:\/\/www.alcoawheels.com\/europe\/fr\/?s={search_term_string}"},"query-input":{"@type":"PropertyValueSpecification","valueRequired":true,"valueName":"search_term_string"}}],"inLanguage":"en-US"},{"@type":"Organization","@id":"https:\/\/www.alcoawheels.com\/europe\/fr\/#organization","name":"Europe French","url":"https:\/\/www.alcoawheels.com\/europe\/fr\/","logo":{"@type":"ImageObject","inLanguage":"en-US","@id":"https:\/\/www.alcoawheels.com\/europe\/fr\/#\/schema\/logo\/image\/","url":"https:\/\/www.alcoawheels.com\/europe\/fr\/wp-content\/uploads\/sites\/15\/2023\/05\/logo-black.gif","contentUrl":"https:\/\/www.alcoawheels.com\/europe\/fr\/wp-content\/uploads\/sites\/15\/2023\/05\/logo-black.gif","width":71,"height":64,"caption":"Europe French"},"image":{"@id":"https:\/\/www.alcoawheels.com\/europe\/fr\/#\/schema\/logo\/image\/"}}]}},"parsely":{"version":"1.1.0","canonical_url":"https:\/\/alcoawheels.com\/europe\/fr\/suivi-du-statut-du-formulaire-de-retour-de-roue\/","smart_links":{"inbound":0,"outbound":0},"traffic_boost_suggestions_count":0,"meta":{"@context":"https:\/\/schema.org","@type":"WebPage","headline":"Suivi du statut du formulaire de retour de roue","url":"http:\/\/www.alcoawheels.com\/europe\/fr\/suivi-du-statut-du-formulaire-de-retour-de-roue\/","mainEntityOfPage":{"@type":"WebPage","@id":"http:\/\/www.alcoawheels.com\/europe\/fr\/suivi-du-statut-du-formulaire-de-retour-de-roue\/"},"thumbnailUrl":"","image":{"@type":"ImageObject","url":""},"articleSection":"Uncategorized","author":[{"@type":"Person","name":"riccirm"}],"creator":["riccirm"],"publisher":{"@type":"Organization","name":"Europe French","logo":""},"keywords":[],"dateCreated":"2024-09-17T12:30:33Z","datePublished":"2024-09-17T12:30:33Z","dateModified":"2026-03-16T14:58:37Z"},"rendered":"<script type=\"application\/ld+json\" class=\"wp-parsely-metadata\">{\"@context\":\"https:\\\/\\\/schema.org\",\"@type\":\"WebPage\",\"headline\":\"Suivi du statut du formulaire de retour de roue\",\"url\":\"http:\\\/\\\/www.alcoawheels.com\\\/europe\\\/fr\\\/suivi-du-statut-du-formulaire-de-retour-de-roue\\\/\",\"mainEntityOfPage\":{\"@type\":\"WebPage\",\"@id\":\"http:\\\/\\\/www.alcoawheels.com\\\/europe\\\/fr\\\/suivi-du-statut-du-formulaire-de-retour-de-roue\\\/\"},\"thumbnailUrl\":\"\",\"image\":{\"@type\":\"ImageObject\",\"url\":\"\"},\"articleSection\":\"Uncategorized\",\"author\":[{\"@type\":\"Person\",\"name\":\"riccirm\"}],\"creator\":[\"riccirm\"],\"publisher\":{\"@type\":\"Organization\",\"name\":\"Europe French\",\"logo\":\"\"},\"keywords\":[],\"dateCreated\":\"2024-09-17T12:30:33Z\",\"datePublished\":\"2024-09-17T12:30:33Z\",\"dateModified\":\"2026-03-16T14:58:37Z\"}<\/script>","tracker_url":"https:\/\/cdn.parsely.com\/keys\/alcoawheels.com\/p.js"},"jetpack_sharing_enabled":true,"_links":{"self":[{"href":"https:\/\/www.alcoawheels.com\/europe\/fr\/wp-json\/wp\/v2\/pages\/3730","targetHints":{"allow":["GET"]}}],"collection":[{"href":"https:\/\/www.alcoawheels.com\/europe\/fr\/wp-json\/wp\/v2\/pages"}],"about":[{"href":"https:\/\/www.alcoawheels.com\/europe\/fr\/wp-json\/wp\/v2\/types\/page"}],"author":[{"embeddable":true,"href":"https:\/\/www.alcoawheels.com\/europe\/fr\/wp-json\/wp\/v2\/users\/62"}],"replies":[{"embeddable":true,"href":"https:\/\/www.alcoawheels.com\/europe\/fr\/wp-json\/wp\/v2\/comments?post=3730"}],"version-history":[{"count":17,"href":"https:\/\/www.alcoawheels.com\/europe\/fr\/wp-json\/wp\/v2\/pages\/3730\/revisions"}],"predecessor-version":[{"id":4152,"href":"https:\/\/www.alcoawheels.com\/europe\/fr\/wp-json\/wp\/v2\/pages\/3730\/revisions\/4152"}],"wp:attachment":[{"href":"https:\/\/www.alcoawheels.com\/europe\/fr\/wp-json\/wp\/v2\/media?parent=3730"}],"curies":[{"name":"wp","href":"https:\/\/api.w.org\/{rel}","templated":true}]}}