{"id":46,"date":"2023-05-26T06:39:56","date_gmt":"2023-05-26T06:39:56","guid":{"rendered":"https:\/\/www.alcoawheels.com\/europe\/fr\/?page_id=46"},"modified":"2025-09-17T19:57:55","modified_gmt":"2025-09-17T17:57:55","slug":"qualite","status":"publish","type":"page","link":"https:\/\/www.alcoawheels.com\/europe\/fr\/qualite\/","title":{"rendered":"Certificats de qualit\u00e9"},"content":{"rendered":"\n<div class=\"wp-block-alcoa-wheels-hero-banner-innerpage hero-banner with-image layout-2 overlayEnable align- vertical-align- align-center vertical-align-center\" style=\"background-color:#eee\"><img decoding=\"async\" src=\"https:\/\/www.alcoawheels.com\/europe\/fr\/wp-content\/uploads\/sites\/15\/2023\/06\/quality-banner.jpg\" alt=\"Quality certifications Alcoa Wheels\" class=\"responsiveImage\"\/><div class=\"hero-banner__header\" style=\"text-align:center\"><div class=\"container\"><h1 class=\"hero-banner__header--title\">Certificats de qualit\u00e9<\/h1><\/div><\/div><\/div>\n\n\n\n<div class=\"wp-block-alcoa-wheels-pdf-lists pdf-lists-section\"><div class=\"container\"><h3 class=\"block-heading\">Centre de documentation sur les roues ALCOA<sup>\u00ae<\/sup>\u00a0WHEELS<\/h3><p class=\"block-description\">La qualit\u00e9 est notre marque de confiance et elle nous a valu de nombreuses certifications de qualit\u00e9 au fil des ans.<\/p><\/div><div class=\"pdf-lists-item-section\">\n<div class=\"wp-block-alcoa-wheels-pdf-category pdf-list-category\"><h4 class=\"pdf-category\">Qualit\u00e9<\/h4><div class=\"pdf-lists-items\">\n<div class=\"wp-block-alcoa-wheels-pdf-list-item pdf-files\"><a href=\"https:\/\/www.alcoawheels.com\/europe\/fr\/wp-content\/uploads\/sites\/15\/2024\/05\/TS-514857.pdf\" title=\"IATF_16949:2016\" class=\"btn-main btn-link-pdf pdf-file \">IATF_16949:2016<\/a><\/div>\n<\/div><\/div>\n\n\n\n<div class=\"wp-block-alcoa-wheels-pdf-category pdf-list-category\"><h4 class=\"pdf-category\">EHS<\/h4><div class=\"pdf-lists-items\">\n<div class=\"wp-block-alcoa-wheels-pdf-list-item pdf-files\"><a href=\"https:\/\/www.alcoawheels.com\/europe\/fr\/wp-content\/uploads\/sites\/15\/2025\/09\/HUBUD_000002_GenericCertificate_Final-EN.pdf\" title=\"ISO 14001\" class=\"btn-main btn-link-pdf pdf-file \">ISO 14001<\/a><\/div>\n<\/div><\/div>\n\n\n\n<div class=\"wp-block-alcoa-wheels-pdf-category pdf-list-category\"><h4 class=\"pdf-category\">T\u00dcV<\/h4><div class=\"pdf-lists-items\">\n<div class=\"wp-block-alcoa-wheels-pdf-list-item pdf-files\"><a href=\"https:\/\/www.alcoawheels.com\/europe\/fr\/wp-content\/uploads\/sites\/15\/2025\/04\/KBA-certification_en.pdf\" title=\"Certificats T\u00dcV\" class=\"btn-main btn-link-pdf pdf-file \">Certificats T\u00dcV<\/a><\/div>\n<\/div><\/div>\n\n\n\n<div class=\"wp-block-alcoa-wheels-pdf-category pdf-list-category\"><h4 class=\"pdf-category\">Politique d&#8217;entreprise<\/h4><div class=\"pdf-lists-items\">\n<div class=\"wp-block-alcoa-wheels-pdf-list-item pdf-files\"><a href=\"https:\/\/www.alcoawheels.com\/europe\/fr\/wp-content\/uploads\/sites\/15\/2023\/05\/EHS_Policy.pdf\" title=\"Politique QA&amp;EHS\" class=\"btn-main btn-link-pdf pdf-file \">Politique QA&amp;EHS<\/a><\/div>\n<\/div><\/div>\n<\/div><\/div>\n\n\n\n<div style=\"height:50px\" aria-hidden=\"true\" class=\"wp-block-spacer spacer-fifty\"><\/div>\n\n\n\n<div class=\"wp-block-alcoa-wheels-card-usecase-1 card-box-v1__body with-icon align-center vertical-align-center\" id=\"card_box_v1-77653a5f-6b5b-43ca-8a85-68328878046d\"><div class=\"fullwidthcontainer\"><div class=\"card-box-v1__boxes has-4-columns\"><div class=\"card-box-v1__box  with-link \" style=\"background-color:#00afb9\"><img decoding=\"async\" src=\"https:\/\/www.alcoawheels.com\/europe\/fr\/wp-content\/themes\/alcoa-wheels\/assets\/build\/js\/blocks\/card-usecase-1\/..\/..\/..\/images\/placeholder-image.db2b4d5c.jpeg\" alt=\"Contactez-nous\"\/><div class=\"card-box-v1__box__inner pos-abs\"><div class=\"card-box-v1__box_icon\"><img loading=\"lazy\" decoding=\"async\" width=\"171\" height=\"171\" src=\"https:\/\/www.alcoawheels.com\/europe\/fr\/wp-content\/uploads\/sites\/15\/2023\/06\/contact.png\" alt=\"\"\/><\/div><div class=\"card-box-v1__box_content\"><h4 style=\"color:#ffffff\">Contactez-nous<\/h4><\/div><div class=\"btn-wrap\"><\/div><\/div><a href=\"\/europe\/fr\/contact\" aria-label=\"Contactez-nous\"><\/a><\/div><div class=\"card-box-v1__box  with-link \" style=\"background-color:#34bfc7\"><img decoding=\"async\" src=\"https:\/\/www.alcoawheels.com\/europe\/fr\/wp-content\/themes\/alcoa-wheels\/assets\/build\/js\/blocks\/card-usecase-1\/..\/..\/..\/images\/placeholder-image.db2b4d5c.jpeg\" alt=\"Gamme de roues\"\/><div class=\"card-box-v1__box__inner pos-abs\"><div class=\"card-box-v1__box_icon\"><img loading=\"lazy\" decoding=\"async\" width=\"169\" height=\"169\" src=\"https:\/\/www.alcoawheels.com\/europe\/fr\/wp-content\/uploads\/sites\/15\/2023\/06\/product-search.png\" alt=\"\"\/><\/div><div class=\"card-box-v1__box_content\"><h4 style=\"color:#ffffff\">Gamme de roues<\/h4><\/div><div class=\"btn-wrap\"><\/div><\/div><a href=\"\/europe\/fr\/gamme-de-roues\" aria-label=\"Gamme de roues\"><\/a><\/div><div class=\"card-box-v1__box  with-link \" style=\"background-color:#00afb9\"><img decoding=\"async\" src=\"https:\/\/www.alcoawheels.com\/europe\/fr\/wp-content\/themes\/alcoa-wheels\/assets\/build\/js\/blocks\/card-usecase-1\/..\/..\/..\/images\/placeholder-image.db2b4d5c.jpeg\" alt=\"O\u00f9 acheter?\"\/><div class=\"card-box-v1__box__inner pos-abs\"><div class=\"card-box-v1__box_icon\"><img loading=\"lazy\" decoding=\"async\" width=\"169\" height=\"169\" src=\"https:\/\/www.alcoawheels.com\/europe\/fr\/wp-content\/uploads\/sites\/15\/2023\/06\/where-to-buy.png\" alt=\"\"\/><\/div><div class=\"card-box-v1__box_content\"><h4 style=\"color:#ffffff\">O\u00f9 acheter?<\/h4><\/div><div class=\"btn-wrap\"><\/div><\/div><a href=\"\/europe\/fr\/ou-acheter\" aria-label=\"O\u00f9 acheter?\"><\/a><\/div><div class=\"card-box-v1__box  with-link \" style=\"background-color:#34bfc7\"><img decoding=\"async\" src=\"https:\/\/www.alcoawheels.com\/europe\/fr\/wp-content\/themes\/alcoa-wheels\/assets\/build\/js\/blocks\/card-usecase-1\/..\/..\/..\/images\/placeholder-image.db2b4d5c.jpeg\" alt=\"T\u00e9l\u00e9chargements\"\/><div class=\"card-box-v1__box__inner pos-abs\"><div class=\"card-box-v1__box_icon\"><img loading=\"lazy\" decoding=\"async\" width=\"169\" height=\"169\" src=\"https:\/\/www.alcoawheels.com\/europe\/fr\/wp-content\/uploads\/sites\/15\/2023\/06\/product-literature.png\" alt=\"\"\/><\/div><div class=\"card-box-v1__box_content\"><h4 style=\"color:#ffffff\">T\u00e9l\u00e9chargements<\/h4><\/div><div class=\"btn-wrap\"><\/div><\/div><a href=\"\/europe\/fr\/documents-produit\" aria-label=\"T\u00e9l\u00e9chargements\"><\/a><\/div><\/div><\/div><\/div>\n","protected":false},"excerpt":{"rendered":"","protected":false},"author":44,"featured_media":0,"parent":0,"menu_order":0,"comment_status":"closed","ping_status":"closed","template":"","meta":{"_acf_changed":false,"protected_reviewer_email":"","editor_notices":[],"footnotes":""},"class_list":["post-46","page","type-page","status-publish","hentry"],"acf":[],"yoast_head":"<!-- This site is optimized with the Yoast SEO Premium plugin v27.3 (Yoast SEO v27.3) - https:\/\/yoast.com\/product\/yoast-seo-premium-wordpress\/ -->\n<title>Certificats de qualit\u00e9 | Alcoa Wheels<\/title>\n<meta name=\"description\" content=\"La qualit\u00e9 est notre marque de fabrique et elle nous a valu de nombreuses certifications de qualit\u00e9 au fil des ans.\" \/>\n<meta name=\"robots\" content=\"index, follow, max-snippet:-1, max-image-preview:large, max-video-preview:-1\" \/>\n<link rel=\"canonical\" href=\"https:\/\/www.alcoawheels.com\/europe\/fr\/qualite\/\" \/>\n<meta property=\"og:locale\" content=\"en_US\" \/>\n<meta property=\"og:type\" content=\"article\" \/>\n<meta property=\"og:title\" content=\"Certificats de qualit\u00e9\" \/>\n<meta property=\"og:description\" content=\"La qualit\u00e9 est notre marque de fabrique et elle nous a valu de nombreuses certifications de qualit\u00e9 au fil des ans.\" \/>\n<meta property=\"og:url\" content=\"https:\/\/www.alcoawheels.com\/europe\/fr\/qualite\/\" \/>\n<meta property=\"og:site_name\" content=\"Europe French\" \/>\n<meta property=\"article:modified_time\" content=\"2025-09-17T17:57:55+00:00\" \/>\n<meta property=\"og:image\" content=\"https:\/\/www.alcoawheels.com\/europe\/fr\/wp-content\/uploads\/sites\/15\/2023\/06\/quality-banner.jpg\" \/>\n<meta name=\"twitter:card\" content=\"summary_large_image\" \/>\n<meta name=\"twitter:label1\" content=\"Est. reading time\" \/>\n\t<meta name=\"twitter:data1\" content=\"3 minutes\" \/>\n<script type=\"application\/ld+json\" class=\"yoast-schema-graph\">{\"@context\":\"https:\\\/\\\/schema.org\",\"@graph\":[{\"@type\":\"WebPage\",\"@id\":\"https:\\\/\\\/www.alcoawheels.com\\\/europe\\\/fr\\\/qualite\\\/\",\"url\":\"https:\\\/\\\/www.alcoawheels.com\\\/europe\\\/fr\\\/qualite\\\/\",\"name\":\"Certificats de qualit\u00e9 | Alcoa Wheels\",\"isPartOf\":{\"@id\":\"https:\\\/\\\/www.alcoawheels.com\\\/europe\\\/fr\\\/#website\"},\"primaryImageOfPage\":{\"@id\":\"https:\\\/\\\/www.alcoawheels.com\\\/europe\\\/fr\\\/qualite\\\/#primaryimage\"},\"image\":{\"@id\":\"https:\\\/\\\/www.alcoawheels.com\\\/europe\\\/fr\\\/qualite\\\/#primaryimage\"},\"thumbnailUrl\":\"https:\\\/\\\/www.alcoawheels.com\\\/europe\\\/fr\\\/wp-content\\\/uploads\\\/sites\\\/15\\\/2023\\\/06\\\/quality-banner.jpg\",\"datePublished\":\"2023-05-26T06:39:56+00:00\",\"dateModified\":\"2025-09-17T17:57:55+00:00\",\"description\":\"La qualit\u00e9 est notre marque de fabrique et elle nous a valu de nombreuses certifications de qualit\u00e9 au fil des ans.\",\"breadcrumb\":{\"@id\":\"https:\\\/\\\/www.alcoawheels.com\\\/europe\\\/fr\\\/qualite\\\/#breadcrumb\"},\"inLanguage\":\"en-US\",\"potentialAction\":[{\"@type\":\"ReadAction\",\"target\":[\"https:\\\/\\\/www.alcoawheels.com\\\/europe\\\/fr\\\/qualite\\\/\"]}]},{\"@type\":\"ImageObject\",\"inLanguage\":\"en-US\",\"@id\":\"https:\\\/\\\/www.alcoawheels.com\\\/europe\\\/fr\\\/qualite\\\/#primaryimage\",\"url\":\"https:\\\/\\\/www.alcoawheels.com\\\/europe\\\/fr\\\/wp-content\\\/uploads\\\/sites\\\/15\\\/2023\\\/06\\\/quality-banner.jpg\",\"contentUrl\":\"https:\\\/\\\/www.alcoawheels.com\\\/europe\\\/fr\\\/wp-content\\\/uploads\\\/sites\\\/15\\\/2023\\\/06\\\/quality-banner.jpg\",\"width\":1119,\"height\":280,\"caption\":\"Quality certifications Alcoa Wheels\"},{\"@type\":\"BreadcrumbList\",\"@id\":\"https:\\\/\\\/www.alcoawheels.com\\\/europe\\\/fr\\\/qualite\\\/#breadcrumb\",\"itemListElement\":[{\"@type\":\"ListItem\",\"position\":1,\"name\":\"Home\",\"item\":\"https:\\\/\\\/www.alcoawheels.com\\\/europe\\\/fr\\\/\"},{\"@type\":\"ListItem\",\"position\":2,\"name\":\"Certificats de qualit\u00e9\"}]},{\"@type\":\"WebSite\",\"@id\":\"https:\\\/\\\/www.alcoawheels.com\\\/europe\\\/fr\\\/#website\",\"url\":\"https:\\\/\\\/www.alcoawheels.com\\\/europe\\\/fr\\\/\",\"name\":\"Europe French\",\"description\":\"\",\"publisher\":{\"@id\":\"https:\\\/\\\/www.alcoawheels.com\\\/europe\\\/fr\\\/#organization\"},\"potentialAction\":[{\"@type\":\"SearchAction\",\"target\":{\"@type\":\"EntryPoint\",\"urlTemplate\":\"https:\\\/\\\/www.alcoawheels.com\\\/europe\\\/fr\\\/?s={search_term_string}\"},\"query-input\":{\"@type\":\"PropertyValueSpecification\",\"valueRequired\":true,\"valueName\":\"search_term_string\"}}],\"inLanguage\":\"en-US\"},{\"@type\":\"Organization\",\"@id\":\"https:\\\/\\\/www.alcoawheels.com\\\/europe\\\/fr\\\/#organization\",\"name\":\"Europe French\",\"url\":\"https:\\\/\\\/www.alcoawheels.com\\\/europe\\\/fr\\\/\",\"logo\":{\"@type\":\"ImageObject\",\"inLanguage\":\"en-US\",\"@id\":\"https:\\\/\\\/www.alcoawheels.com\\\/europe\\\/fr\\\/#\\\/schema\\\/logo\\\/image\\\/\",\"url\":\"https:\\\/\\\/www.alcoawheels.com\\\/europe\\\/fr\\\/wp-content\\\/uploads\\\/sites\\\/15\\\/2023\\\/05\\\/logo-black.gif\",\"contentUrl\":\"https:\\\/\\\/www.alcoawheels.com\\\/europe\\\/fr\\\/wp-content\\\/uploads\\\/sites\\\/15\\\/2023\\\/05\\\/logo-black.gif\",\"width\":71,\"height\":64,\"caption\":\"Europe French\"},\"image\":{\"@id\":\"https:\\\/\\\/www.alcoawheels.com\\\/europe\\\/fr\\\/#\\\/schema\\\/logo\\\/image\\\/\"}}]}<\/script>\n<!-- \/ Yoast SEO Premium plugin. -->","yoast_head_json":{"title":"Certificats de qualit\u00e9 | Alcoa Wheels","description":"La qualit\u00e9 est notre marque de fabrique et elle nous a valu de nombreuses certifications de qualit\u00e9 au fil des ans.","robots":{"index":"index","follow":"follow","max-snippet":"max-snippet:-1","max-image-preview":"max-image-preview:large","max-video-preview":"max-video-preview:-1"},"canonical":"https:\/\/www.alcoawheels.com\/europe\/fr\/qualite\/","og_locale":"en_US","og_type":"article","og_title":"Certificats de qualit\u00e9","og_description":"La qualit\u00e9 est notre marque de fabrique et elle nous a valu de nombreuses certifications de qualit\u00e9 au fil des ans.","og_url":"https:\/\/www.alcoawheels.com\/europe\/fr\/qualite\/","og_site_name":"Europe French","article_modified_time":"2025-09-17T17:57:55+00:00","og_image":[{"url":"https:\/\/www.alcoawheels.com\/europe\/fr\/wp-content\/uploads\/sites\/15\/2023\/06\/quality-banner.jpg","type":"","width":"","height":""}],"twitter_card":"summary_large_image","twitter_misc":{"Est. reading time":"3 minutes"},"schema":{"@context":"https:\/\/schema.org","@graph":[{"@type":"WebPage","@id":"https:\/\/www.alcoawheels.com\/europe\/fr\/qualite\/","url":"https:\/\/www.alcoawheels.com\/europe\/fr\/qualite\/","name":"Certificats de qualit\u00e9 | Alcoa Wheels","isPartOf":{"@id":"https:\/\/www.alcoawheels.com\/europe\/fr\/#website"},"primaryImageOfPage":{"@id":"https:\/\/www.alcoawheels.com\/europe\/fr\/qualite\/#primaryimage"},"image":{"@id":"https:\/\/www.alcoawheels.com\/europe\/fr\/qualite\/#primaryimage"},"thumbnailUrl":"https:\/\/www.alcoawheels.com\/europe\/fr\/wp-content\/uploads\/sites\/15\/2023\/06\/quality-banner.jpg","datePublished":"2023-05-26T06:39:56+00:00","dateModified":"2025-09-17T17:57:55+00:00","description":"La qualit\u00e9 est notre marque de fabrique et elle nous a valu de nombreuses certifications de qualit\u00e9 au fil des ans.","breadcrumb":{"@id":"https:\/\/www.alcoawheels.com\/europe\/fr\/qualite\/#breadcrumb"},"inLanguage":"en-US","potentialAction":[{"@type":"ReadAction","target":["https:\/\/www.alcoawheels.com\/europe\/fr\/qualite\/"]}]},{"@type":"ImageObject","inLanguage":"en-US","@id":"https:\/\/www.alcoawheels.com\/europe\/fr\/qualite\/#primaryimage","url":"https:\/\/www.alcoawheels.com\/europe\/fr\/wp-content\/uploads\/sites\/15\/2023\/06\/quality-banner.jpg","contentUrl":"https:\/\/www.alcoawheels.com\/europe\/fr\/wp-content\/uploads\/sites\/15\/2023\/06\/quality-banner.jpg","width":1119,"height":280,"caption":"Quality certifications Alcoa Wheels"},{"@type":"BreadcrumbList","@id":"https:\/\/www.alcoawheels.com\/europe\/fr\/qualite\/#breadcrumb","itemListElement":[{"@type":"ListItem","position":1,"name":"Home","item":"https:\/\/www.alcoawheels.com\/europe\/fr\/"},{"@type":"ListItem","position":2,"name":"Certificats de qualit\u00e9"}]},{"@type":"WebSite","@id":"https:\/\/www.alcoawheels.com\/europe\/fr\/#website","url":"https:\/\/www.alcoawheels.com\/europe\/fr\/","name":"Europe French","description":"","publisher":{"@id":"https:\/\/www.alcoawheels.com\/europe\/fr\/#organization"},"potentialAction":[{"@type":"SearchAction","target":{"@type":"EntryPoint","urlTemplate":"https:\/\/www.alcoawheels.com\/europe\/fr\/?s={search_term_string}"},"query-input":{"@type":"PropertyValueSpecification","valueRequired":true,"valueName":"search_term_string"}}],"inLanguage":"en-US"},{"@type":"Organization","@id":"https:\/\/www.alcoawheels.com\/europe\/fr\/#organization","name":"Europe French","url":"https:\/\/www.alcoawheels.com\/europe\/fr\/","logo":{"@type":"ImageObject","inLanguage":"en-US","@id":"https:\/\/www.alcoawheels.com\/europe\/fr\/#\/schema\/logo\/image\/","url":"https:\/\/www.alcoawheels.com\/europe\/fr\/wp-content\/uploads\/sites\/15\/2023\/05\/logo-black.gif","contentUrl":"https:\/\/www.alcoawheels.com\/europe\/fr\/wp-content\/uploads\/sites\/15\/2023\/05\/logo-black.gif","width":71,"height":64,"caption":"Europe French"},"image":{"@id":"https:\/\/www.alcoawheels.com\/europe\/fr\/#\/schema\/logo\/image\/"}}]}},"parsely":{"version":"1.1.0","canonical_url":"https:\/\/alcoawheels.com\/europe\/fr\/qualite\/","smart_links":{"inbound":0,"outbound":0},"traffic_boost_suggestions_count":0,"meta":{"@context":"https:\/\/schema.org","@type":"WebPage","headline":"Certificats de qualit\u00e9","url":"http:\/\/www.alcoawheels.com\/europe\/fr\/qualite\/","mainEntityOfPage":{"@type":"WebPage","@id":"http:\/\/www.alcoawheels.com\/europe\/fr\/qualite\/"},"thumbnailUrl":"","image":{"@type":"ImageObject","url":""},"articleSection":"Uncategorized","author":[{"@type":"Person","name":"howmet"}],"creator":["howmet"],"publisher":{"@type":"Organization","name":"Europe French","logo":""},"keywords":[],"dateCreated":"2023-05-26T06:39:56Z","datePublished":"2023-05-26T06:39:56Z","dateModified":"2025-09-17T17:57:55Z"},"rendered":"<script type=\"application\/ld+json\" class=\"wp-parsely-metadata\">{\"@context\":\"https:\\\/\\\/schema.org\",\"@type\":\"WebPage\",\"headline\":\"Certificats de qualit\\u00e9\",\"url\":\"http:\\\/\\\/www.alcoawheels.com\\\/europe\\\/fr\\\/qualite\\\/\",\"mainEntityOfPage\":{\"@type\":\"WebPage\",\"@id\":\"http:\\\/\\\/www.alcoawheels.com\\\/europe\\\/fr\\\/qualite\\\/\"},\"thumbnailUrl\":\"\",\"image\":{\"@type\":\"ImageObject\",\"url\":\"\"},\"articleSection\":\"Uncategorized\",\"author\":[{\"@type\":\"Person\",\"name\":\"howmet\"}],\"creator\":[\"howmet\"],\"publisher\":{\"@type\":\"Organization\",\"name\":\"Europe French\",\"logo\":\"\"},\"keywords\":[],\"dateCreated\":\"2023-05-26T06:39:56Z\",\"datePublished\":\"2023-05-26T06:39:56Z\",\"dateModified\":\"2025-09-17T17:57:55Z\"}<\/script>","tracker_url":"https:\/\/cdn.parsely.com\/keys\/alcoawheels.com\/p.js"},"jetpack_sharing_enabled":true,"_links":{"self":[{"href":"https:\/\/www.alcoawheels.com\/europe\/fr\/wp-json\/wp\/v2\/pages\/46","targetHints":{"allow":["GET"]}}],"collection":[{"href":"https:\/\/www.alcoawheels.com\/europe\/fr\/wp-json\/wp\/v2\/pages"}],"about":[{"href":"https:\/\/www.alcoawheels.com\/europe\/fr\/wp-json\/wp\/v2\/types\/page"}],"author":[{"embeddable":true,"href":"https:\/\/www.alcoawheels.com\/europe\/fr\/wp-json\/wp\/v2\/users\/44"}],"replies":[{"embeddable":true,"href":"https:\/\/www.alcoawheels.com\/europe\/fr\/wp-json\/wp\/v2\/comments?post=46"}],"version-history":[{"count":9,"href":"https:\/\/www.alcoawheels.com\/europe\/fr\/wp-json\/wp\/v2\/pages\/46\/revisions"}],"predecessor-version":[{"id":4036,"href":"https:\/\/www.alcoawheels.com\/europe\/fr\/wp-json\/wp\/v2\/pages\/46\/revisions\/4036"}],"wp:attachment":[{"href":"https:\/\/www.alcoawheels.com\/europe\/fr\/wp-json\/wp\/v2\/media?parent=46"}],"curies":[{"name":"wp","href":"https:\/\/api.w.org\/{rel}","templated":true}]}}