{"id":48,"date":"2023-05-26T06:40:31","date_gmt":"2023-05-26T06:40:31","guid":{"rendered":"https:\/\/www.alcoawheels.com\/europe\/fr\/?page_id=48"},"modified":"2025-06-10T13:36:43","modified_gmt":"2025-06-10T11:36:43","slug":"a-propos","status":"publish","type":"page","link":"https:\/\/www.alcoawheels.com\/europe\/fr\/a-propos\/","title":{"rendered":"ALCOA<sup>\u00ae<\/sup>\u00a0WHEELS"},"content":{"rendered":"\n<div class=\"wp-block-alcoa-wheels-hero-banner-innerpage hero-banner with-image layout-2 overlayEnable align- vertical-align- align-center vertical-align-center\" style=\"background-color:#eee\"><img decoding=\"async\" src=\"https:\/\/www.alcoawheels.com\/europe\/fr\/wp-content\/uploads\/sites\/15\/2023\/06\/about-banner.jpg\" alt=\"About Alcoa Wheels Arconic\" class=\"responsiveImage\"\/><div class=\"hero-banner__header\" style=\"text-align:center\"><div class=\"container\"><h1 class=\"hero-banner__header--title\">\u00c0 propos d&#8217;ALCOA<sup>\u00ae<\/sup>\u00a0WHEELS<\/h1><\/div><\/div><\/div>\n\n\n\n<div style=\"height:50px\" aria-hidden=\"true\" class=\"wp-block-spacer spacer-fifty\"><\/div>\n\n\n\n<h3 class=\"wp-block-heading has-text-align-center\">Premier fabricant mondial de roues en aluminium<\/h3>\n\n\n\n<h4 class=\"wp-block-heading has-text-align-center\">Nous avons fait progresser l&#8217;industrie du transport avec la premi\u00e8re roue en aluminium forg\u00e9 en 1948, et ne cessons de la r\u00e9inventer depuis.<\/h4>\n\n\n\n<h5 class=\"wp-block-heading\">ALCOA<sup>\u00ae<\/sup>&nbsp;WHEELS est une marque et un produit de l&#8217;entit\u00e9 commerciale Howmet Wheel Systems, qui fait partie de Howmet Aerospace Inc. (pr\u00e9c\u00e9demment connue sous le nom d\u2019Arconic Inc).&nbsp;<\/h5>\n\n\n\n<p><\/p>\n\n\n\n<h5 class=\"wp-block-heading\">En 2020, Arconic Inc. s\u2019est s\u00e9par\u00e9e en deux soci\u00e9t\u00e9s ind\u00e9pendantes (Howmet Aerospace Inc. et Arconic Corporation). Pour les march\u00e9s europ\u00e9ens, Howmet produit des roues ALCOA<sup>\u00ae<\/sup>&nbsp;WHEELS dans son usine de fabrication bas\u00e9e en Hongrie.<\/h5>\n\n\n\n<div class=\"wp-block-alcoa-wheels-zigzag media-list__body\" id=\"zigzag-main-76175082-45f2-4aa1-a2eb-4a34676fe245\"><div class=\"media-list__body_main  vertical-align-top  container row-reverse\">\n<div class=\"wp-block-alcoa-wheels-zigzag-item media-list-item\"><div class=\"media-list-item__box_content\"><div class=\"media-list-item__box_content_inner\">\n<h4 class=\"wp-block-heading\" id=\"h-1948\">1948<\/h4>\n\n\n\n<h5 class=\"wp-block-heading\" id=\"h-la-premiere-roue-de-camion-en-aluminium-forge-est-inventee\">La premi\u00e8re roue de camion en aluminium forg\u00e9 est invent\u00e9e.<\/h5>\n<\/div><\/div><div class=\"media-list-item__box_image\"><img loading=\"lazy\" decoding=\"async\" width=\"748\" height=\"581\" src=\"https:\/\/www.alcoawheels.com\/europe\/fr\/wp-content\/uploads\/sites\/15\/2023\/06\/about-1948-europe.jpeg\" alt=\"first forged aluminium truck wheel\"\/><\/div><\/div>\n\n\n\n<div class=\"wp-block-alcoa-wheels-zigzag-item media-list-item\"><div class=\"media-list-item__box_content\"><div class=\"media-list-item__box_content_inner\">\n<h4 class=\"wp-block-heading has-text-align-right\" id=\"h-1978\">1978<\/h4>\n\n\n\n<h5 class=\"wp-block-heading has-text-align-right\" id=\"h-les-premieres-roues-en-aluminium-pour-camions-sont-lancees-en-europe\">Les premi\u00e8res roues en aluminium pour camions sont lanc\u00e9es en Europe.<\/h5>\n<\/div><\/div><div class=\"media-list-item__box_image\"><img loading=\"lazy\" decoding=\"async\" width=\"751\" height=\"580\" src=\"https:\/\/www.alcoawheels.com\/europe\/fr\/wp-content\/uploads\/sites\/15\/2023\/06\/about-1978-europe.jpeg\" alt=\"first forged aluminium truck wheel Europe\"\/><\/div><\/div>\n\n\n\n<div class=\"wp-block-alcoa-wheels-zigzag-item media-list-item\"><div class=\"media-list-item__box_content\"><div class=\"media-list-item__box_content_inner\">\n<h4 class=\"wp-block-heading\" id=\"h-1997\">1997<\/h4>\n\n\n\n<h5 class=\"wp-block-heading\" id=\"h-le-site-de-production-europeen-en-hongrie-ouvre-ses-portes\">Le site de production europ\u00e9en en Hongrie ouvre ses portes.<\/h5>\n<\/div><\/div><div class=\"media-list-item__box_image\"><img loading=\"lazy\" decoding=\"async\" width=\"748\" height=\"580\" src=\"https:\/\/www.alcoawheels.com\/europe\/fr\/wp-content\/uploads\/sites\/15\/2023\/06\/about-1997-europe.jpeg\" alt=\"Production facility Hungary 1997\"\/><\/div><\/div>\n\n\n\n<div class=\"wp-block-alcoa-wheels-zigzag-item media-list-item\"><div class=\"media-list-item__box_content\"><div class=\"media-list-item__box_content_inner\">\n<h4 class=\"wp-block-heading has-text-align-right\" id=\"h-2005\">2005<\/h4>\n\n\n\n<h5 class=\"wp-block-heading has-text-align-right\" id=\"h-presentation-des-roues-dura-flange-nbsp-pour-une-protection-supplementaire-contre-l-usure-du-rebord-de-jante\">Pr\u00e9sentation des roues Dura-Flange<sup>\u00ae<\/sup>&nbsp;pour une protection suppl\u00e9mentaire contre l&#8217;usure du rebord de jante.<\/h5>\n<\/div><\/div><div class=\"media-list-item__box_image\"><img loading=\"lazy\" decoding=\"async\" width=\"748\" height=\"582\" src=\"https:\/\/www.alcoawheels.com\/europe\/fr\/wp-content\/uploads\/sites\/15\/2023\/06\/about-2005-europe.jpeg\" alt=\"Production facility Hungary 1997\"\/><\/div><\/div>\n\n\n\n<div class=\"wp-block-alcoa-wheels-zigzag-item media-list-item\"><div class=\"media-list-item__box_content\"><div class=\"media-list-item__box_content_inner\">\n<h4 class=\"wp-block-heading\" id=\"h-2006\">2006<\/h4>\n\n\n\n<h5 class=\"wp-block-heading\" id=\"h-premieres-ventes-des-roues-dura-bright-nbsp-faciles-d-entretien-en-europe\">Premi\u00e8res ventes des roues Dura-Bright<sup>\u00ae<\/sup>&nbsp;faciles d&#8217;entretien en Europe.<\/h5>\n<\/div><\/div><div class=\"media-list-item__box_image\"><img loading=\"lazy\" decoding=\"async\" width=\"751\" height=\"581\" src=\"https:\/\/www.alcoawheels.com\/europe\/fr\/wp-content\/uploads\/sites\/15\/2023\/06\/about-2006-europe.jpeg\" alt=\"easy maintenance Dura-Bright wheels\"\/><\/div><\/div>\n\n\n\n<div class=\"wp-block-alcoa-wheels-zigzag-item media-list-item\"><div class=\"media-list-item__box_content\"><div class=\"media-list-item__box_content_inner\">\n<h4 class=\"wp-block-heading has-text-align-right\" id=\"h-2013\">2013<\/h4>\n\n\n\n<h5 class=\"wp-block-heading has-text-align-right\" id=\"h-lancement-de-la-nouvelle-generation-de-roues-dura-bright-nbsp-evo-en-europe\">Lancement de la nouvelle g\u00e9n\u00e9ration de roues Dura-Bright<sup>\u00ae<\/sup>&nbsp;EVO en Europe.<\/h5>\n<\/div><\/div><div class=\"media-list-item__box_image\"><img loading=\"lazy\" decoding=\"async\" width=\"748\" height=\"581\" src=\"https:\/\/www.alcoawheels.com\/europe\/fr\/wp-content\/uploads\/sites\/15\/2023\/06\/about-2013-europe.jpeg\" alt=\"next generation Dura-Bright EVO wheels\"\/><\/div><\/div>\n\n\n\n<div class=\"wp-block-alcoa-wheels-zigzag-item media-list-item\"><div class=\"media-list-item__box_content\"><div class=\"media-list-item__box_content_inner\">\n<h4 class=\"wp-block-heading\" id=\"h-2015\">2015<\/h4>\n\n\n\n<h5 class=\"wp-block-heading\" id=\"h-lancement-de-la-finition-lvl-one-nbsp-en-europe\">Lancement de la finition LvL ONE<sup>\u00ae<\/sup>&nbsp;en Europe.<\/h5>\n<\/div><\/div><div class=\"media-list-item__box_image\"><img loading=\"lazy\" decoding=\"async\" width=\"749\" height=\"580\" src=\"https:\/\/www.alcoawheels.com\/europe\/fr\/wp-content\/uploads\/sites\/15\/2023\/06\/about-2015-europe.jpeg\" alt=\"LvL ONE finish\"\/><\/div><\/div>\n\n\n\n<div class=\"wp-block-alcoa-wheels-zigzag-item media-list-item\"><div class=\"media-list-item__box_content\"><div class=\"media-list-item__box_content_inner\">\n<h4 class=\"wp-block-heading has-text-align-right\" id=\"h-2016\">2016<\/h4>\n\n\n\n<h5 class=\"wp-block-heading has-text-align-right\" id=\"h-alcoa-se-separe-en-deux-societes-distinctes-a-la-pointe-de-la-technologie-alcoa-inc-et-arconic-inc-alcoa-nbsp-wheels-devient-une-marque-de-produits-arconic-les-roues-alcoa-wheels-sont-desormais-fabriquees-par-arconic-wheels-and-transportation-products\">Alcoa se s\u00e9pare en deux soci\u00e9t\u00e9s distinctes \u00e0 la pointe de la technologie : Alcoa Inc. et Arconic Inc. ALCOA<sup>\u00ae<\/sup>&nbsp;WHEELS devient une marque de produits Arconic. Les roues Alcoa Wheels sont d\u00e9sormais fabriqu\u00e9es par Arconic Wheels and Transportation Products.<\/h5>\n<\/div><\/div><div class=\"media-list-item__box_image\"><img loading=\"lazy\" decoding=\"async\" width=\"362\" height=\"282\" src=\"https:\/\/www.alcoawheels.com\/europe\/fr\/wp-content\/uploads\/sites\/15\/2023\/06\/about-2016-europe.jpeg\" alt=\"Arconic logo\"\/><\/div><\/div>\n\n\n\n<div class=\"wp-block-alcoa-wheels-zigzag-item media-list-item\"><div class=\"media-list-item__box_content\"><div class=\"media-list-item__box_content_inner\">\n<h4 class=\"wp-block-heading\" id=\"h-2019\">2019<\/h4>\n\n\n\n<h5 class=\"wp-block-heading\" id=\"h-introduction-des-roues-ultra-one-nbsp-alcoa-nbsp-avec-la-technologie-d-alliage-magnaforce-nbsp-en-europe\">Introduction des roues Ultra ONE<sup>\u00ae<\/sup>&nbsp;Alcoa<sup>\u00ae<\/sup>&nbsp;avec la technologie d&#8217;alliage MagnaForce<sup>\u00ae<\/sup>&nbsp;en Europe.<\/h5>\n<\/div><\/div><div class=\"media-list-item__box_image\"><img loading=\"lazy\" decoding=\"async\" width=\"1500\" height=\"998\" src=\"https:\/\/www.alcoawheels.com\/europe\/fr\/wp-content\/uploads\/sites\/15\/2023\/06\/about-2019-europe.jpeg\" alt=\"ultra one\"\/><\/div><\/div>\n\n\n\n<div class=\"wp-block-alcoa-wheels-zigzag-item media-list-item\"><div class=\"media-list-item__box_content\"><div class=\"media-list-item__box_content_inner\">\n<h4 class=\"wp-block-heading has-text-align-right\" id=\"h-2020\">2020<\/h4>\n\n\n\n<h5 class=\"wp-block-heading has-text-align-right\" id=\"h-arconic-inc-se-separe-en-deux-societes-independantes-cotees-en-bourse-howmet-aerospace-inc-et-arconic-corporation-alcoa-nbsp-wheels-devient-une-marque-de-produit-de-howmet-aerospace-fabriquee-par-howmet-wheel-systems\">Arconic Inc. se s\u00e9pare en deux soci\u00e9t\u00e9s ind\u00e9pendantes cot\u00e9es en bourse \u2013 Howmet Aerospace Inc. et Arconic Corporation. ALCOA<sup>\u00ae<\/sup>&nbsp;WHEELS devient une marque de produit de Howmet Aerospace fabriqu\u00e9e par Howmet Wheel Systems.<\/h5>\n<\/div><\/div><div class=\"media-list-item__box_image\"><img loading=\"lazy\" decoding=\"async\" width=\"500\" height=\"250\" src=\"https:\/\/www.alcoawheels.com\/europe\/fr\/wp-content\/uploads\/sites\/15\/2023\/06\/about-2020-europe.png\" alt=\"Howmet logo\"\/><\/div><\/div>\n<\/div><\/div>\n\n\n\n<div style=\"height:50px\" aria-hidden=\"true\" class=\"wp-block-spacer spacer-fifty\"><\/div>\n\n\n\n<div class=\"wp-block-alcoa-wheels-card-usecase-1 card-box-v1__body with-icon align-center vertical-align-center\" id=\"card_box_v1-e53b0b10-55b0-4e9c-bd95-2aa51421562b\"><div class=\"fullwidthcontainer\"><div class=\"card-box-v1__boxes has-4-columns\"><div class=\"card-box-v1__box  with-link \" style=\"background-color:#00afb9\"><img decoding=\"async\" src=\"https:\/\/www.alcoawheels.com\/europe\/fr\/wp-content\/themes\/alcoa-wheels\/assets\/build\/js\/blocks\/card-usecase-1\/..\/..\/..\/images\/placeholder-image.db2b4d5c.jpeg\" alt=\"Contactez-nous\"\/><div class=\"card-box-v1__box__inner pos-abs\"><div class=\"card-box-v1__box_icon\"><img loading=\"lazy\" decoding=\"async\" width=\"171\" height=\"171\" src=\"https:\/\/www.alcoawheels.com\/europe\/fr\/wp-content\/uploads\/sites\/15\/2023\/06\/contact.png\" alt=\"\"\/><\/div><div class=\"card-box-v1__box_content\"><h4 style=\"color:#ffffff\">Contactez-nous<\/h4><\/div><div class=\"btn-wrap\"><\/div><\/div><a href=\"\/europe\/fr\/contact\" aria-label=\"Contactez-nous\"><\/a><\/div><div class=\"card-box-v1__box  with-link \" style=\"background-color:#34bfc7\"><img decoding=\"async\" src=\"https:\/\/www.alcoawheels.com\/europe\/fr\/wp-content\/themes\/alcoa-wheels\/assets\/build\/js\/blocks\/card-usecase-1\/..\/..\/..\/images\/placeholder-image.db2b4d5c.jpeg\" alt=\"Gamme de roues\"\/><div class=\"card-box-v1__box__inner pos-abs\"><div class=\"card-box-v1__box_icon\"><img loading=\"lazy\" decoding=\"async\" width=\"169\" height=\"169\" src=\"https:\/\/www.alcoawheels.com\/europe\/fr\/wp-content\/uploads\/sites\/15\/2023\/06\/product-search.png\" alt=\"\"\/><\/div><div class=\"card-box-v1__box_content\"><h4 style=\"color:#ffffff\">Gamme de roues<\/h4><\/div><div class=\"btn-wrap\"><\/div><\/div><a href=\"\/europe\/fr\/gamme-de-roues\" aria-label=\"Gamme de roues\"><\/a><\/div><div class=\"card-box-v1__box  with-link \" style=\"background-color:#00afb9\"><img decoding=\"async\" src=\"https:\/\/www.alcoawheels.com\/europe\/fr\/wp-content\/themes\/alcoa-wheels\/assets\/build\/js\/blocks\/card-usecase-1\/..\/..\/..\/images\/placeholder-image.db2b4d5c.jpeg\" alt=\"O\u00f9 acheter?\"\/><div class=\"card-box-v1__box__inner pos-abs\"><div class=\"card-box-v1__box_icon\"><img loading=\"lazy\" decoding=\"async\" width=\"169\" height=\"169\" src=\"https:\/\/www.alcoawheels.com\/europe\/fr\/wp-content\/uploads\/sites\/15\/2023\/06\/where-to-buy.png\" alt=\"\"\/><\/div><div class=\"card-box-v1__box_content\"><h4 style=\"color:#ffffff\">O\u00f9 acheter?<\/h4><\/div><div class=\"btn-wrap\"><\/div><\/div><a href=\"\/europe\/fr\/ou-acheter\" aria-label=\"O\u00f9 acheter?\"><\/a><\/div><div class=\"card-box-v1__box  with-link \" style=\"background-color:#34bfc7\"><img decoding=\"async\" src=\"https:\/\/www.alcoawheels.com\/europe\/fr\/wp-content\/themes\/alcoa-wheels\/assets\/build\/js\/blocks\/card-usecase-1\/..\/..\/..\/images\/placeholder-image.db2b4d5c.jpeg\" alt=\"T\u00e9l\u00e9chargements\"\/><div class=\"card-box-v1__box__inner pos-abs\"><div class=\"card-box-v1__box_icon\"><img loading=\"lazy\" decoding=\"async\" width=\"169\" height=\"169\" src=\"https:\/\/www.alcoawheels.com\/europe\/fr\/wp-content\/uploads\/sites\/15\/2023\/06\/product-literature.png\" alt=\"\"\/><\/div><div class=\"card-box-v1__box_content\"><h4 style=\"color:#ffffff\">T\u00e9l\u00e9chargements<\/h4><\/div><div class=\"btn-wrap\"><\/div><\/div><a href=\"\/europe\/fr\/documents-produit\" aria-label=\"T\u00e9l\u00e9chargements\"><\/a><\/div><\/div><\/div><\/div>\n","protected":false},"excerpt":{"rendered":"<p>Premier fabricant mondial de roues en aluminium Nous avons fait progresser l&#8217;industrie du transport avec la premi\u00e8re roue en aluminium forg\u00e9 en 1948, et ne cessons de la r\u00e9inventer depuis. ALCOA\u00ae&nbsp;WHEELS est une marque et un produit de l&#8217;entit\u00e9 commerciale Howmet Wheel Systems, qui fait partie de Howmet Aerospace Inc. (pr\u00e9c\u00e9demment connue sous le nom [&hellip;]<\/p>\n","protected":false},"author":44,"featured_media":0,"parent":0,"menu_order":0,"comment_status":"closed","ping_status":"closed","template":"","meta":{"_acf_changed":false,"protected_reviewer_email":"","editor_notices":[],"footnotes":""},"class_list":["post-48","page","type-page","status-publish","hentry"],"acf":[],"yoast_head":"<!-- This site is optimized with the Yoast SEO Premium plugin v27.4 (Yoast SEO v27.4) - https:\/\/yoast.com\/product\/yoast-seo-premium-wordpress\/ -->\n<title>\u00c0 propos | Alcoa Wheels<\/title>\n<meta name=\"description\" content=\"Alcoa\u00ae Wheels est le premier fabricant mondial de roues en aluminium. Nous avons fait progresser l&#039;industrie du transport avec la premi\u00e8re roue en aluminium forg\u00e9 en 1948, et ne cessons de la r\u00e9inventer depuis.\" \/>\n<meta name=\"robots\" content=\"index, follow, max-snippet:-1, max-image-preview:large, max-video-preview:-1\" \/>\n<link rel=\"canonical\" href=\"https:\/\/www.alcoawheels.com\/europe\/fr\/a-propos\/\" \/>\n<meta property=\"og:locale\" content=\"en_US\" \/>\n<meta property=\"og:type\" content=\"article\" \/>\n<meta property=\"og:title\" content=\"ALCOA\u00ae\u00a0WHEELS\" \/>\n<meta property=\"og:description\" content=\"Alcoa\u00ae Wheels est le premier fabricant mondial de roues en aluminium. Nous avons fait progresser l&#039;industrie du transport avec la premi\u00e8re roue en aluminium forg\u00e9 en 1948, et ne cessons de la r\u00e9inventer depuis.\" \/>\n<meta property=\"og:url\" content=\"https:\/\/www.alcoawheels.com\/europe\/fr\/a-propos\/\" \/>\n<meta property=\"og:site_name\" content=\"Europe French\" \/>\n<meta property=\"article:modified_time\" content=\"2025-06-10T11:36:43+00:00\" \/>\n<meta property=\"og:image\" content=\"https:\/\/www.alcoawheels.com\/europe\/fr\/wp-content\/uploads\/sites\/15\/2023\/06\/about-banner.jpg\" \/>\n<meta name=\"twitter:card\" content=\"summary_large_image\" \/>\n<meta name=\"twitter:label1\" content=\"Est. reading time\" \/>\n\t<meta name=\"twitter:data1\" content=\"6 minutes\" \/>\n<script type=\"application\/ld+json\" class=\"yoast-schema-graph\">{\"@context\":\"https:\\\/\\\/schema.org\",\"@graph\":[{\"@type\":\"WebPage\",\"@id\":\"https:\\\/\\\/www.alcoawheels.com\\\/europe\\\/fr\\\/a-propos\\\/\",\"url\":\"https:\\\/\\\/www.alcoawheels.com\\\/europe\\\/fr\\\/a-propos\\\/\",\"name\":\"\u00c0 propos | Alcoa Wheels\",\"isPartOf\":{\"@id\":\"https:\\\/\\\/www.alcoawheels.com\\\/europe\\\/fr\\\/#website\"},\"primaryImageOfPage\":{\"@id\":\"https:\\\/\\\/www.alcoawheels.com\\\/europe\\\/fr\\\/a-propos\\\/#primaryimage\"},\"image\":{\"@id\":\"https:\\\/\\\/www.alcoawheels.com\\\/europe\\\/fr\\\/a-propos\\\/#primaryimage\"},\"thumbnailUrl\":\"https:\\\/\\\/www.alcoawheels.com\\\/europe\\\/fr\\\/wp-content\\\/uploads\\\/sites\\\/15\\\/2023\\\/06\\\/about-banner.jpg\",\"datePublished\":\"2023-05-26T06:40:31+00:00\",\"dateModified\":\"2025-06-10T11:36:43+00:00\",\"description\":\"Alcoa\u00ae Wheels est le premier fabricant mondial de roues en aluminium. Nous avons fait progresser l'industrie du transport avec la premi\u00e8re roue en aluminium forg\u00e9 en 1948, et ne cessons de la r\u00e9inventer depuis.\",\"breadcrumb\":{\"@id\":\"https:\\\/\\\/www.alcoawheels.com\\\/europe\\\/fr\\\/a-propos\\\/#breadcrumb\"},\"inLanguage\":\"en-US\",\"potentialAction\":[{\"@type\":\"ReadAction\",\"target\":[\"https:\\\/\\\/www.alcoawheels.com\\\/europe\\\/fr\\\/a-propos\\\/\"]}]},{\"@type\":\"ImageObject\",\"inLanguage\":\"en-US\",\"@id\":\"https:\\\/\\\/www.alcoawheels.com\\\/europe\\\/fr\\\/a-propos\\\/#primaryimage\",\"url\":\"https:\\\/\\\/www.alcoawheels.com\\\/europe\\\/fr\\\/wp-content\\\/uploads\\\/sites\\\/15\\\/2023\\\/06\\\/about-banner.jpg\",\"contentUrl\":\"https:\\\/\\\/www.alcoawheels.com\\\/europe\\\/fr\\\/wp-content\\\/uploads\\\/sites\\\/15\\\/2023\\\/06\\\/about-banner.jpg\",\"width\":1440,\"height\":400,\"caption\":\"About Alcoa Wheels Arconic\"},{\"@type\":\"BreadcrumbList\",\"@id\":\"https:\\\/\\\/www.alcoawheels.com\\\/europe\\\/fr\\\/a-propos\\\/#breadcrumb\",\"itemListElement\":[{\"@type\":\"ListItem\",\"position\":1,\"name\":\"Home\",\"item\":\"https:\\\/\\\/www.alcoawheels.com\\\/europe\\\/fr\\\/\"},{\"@type\":\"ListItem\",\"position\":2,\"name\":\"ALCOA\u00ae\u00a0WHEELS\"}]},{\"@type\":\"WebSite\",\"@id\":\"https:\\\/\\\/www.alcoawheels.com\\\/europe\\\/fr\\\/#website\",\"url\":\"https:\\\/\\\/www.alcoawheels.com\\\/europe\\\/fr\\\/\",\"name\":\"Europe French\",\"description\":\"\",\"publisher\":{\"@id\":\"https:\\\/\\\/www.alcoawheels.com\\\/europe\\\/fr\\\/#organization\"},\"potentialAction\":[{\"@type\":\"SearchAction\",\"target\":{\"@type\":\"EntryPoint\",\"urlTemplate\":\"https:\\\/\\\/www.alcoawheels.com\\\/europe\\\/fr\\\/?s={search_term_string}\"},\"query-input\":{\"@type\":\"PropertyValueSpecification\",\"valueRequired\":true,\"valueName\":\"search_term_string\"}}],\"inLanguage\":\"en-US\"},{\"@type\":\"Organization\",\"@id\":\"https:\\\/\\\/www.alcoawheels.com\\\/europe\\\/fr\\\/#organization\",\"name\":\"Europe French\",\"url\":\"https:\\\/\\\/www.alcoawheels.com\\\/europe\\\/fr\\\/\",\"logo\":{\"@type\":\"ImageObject\",\"inLanguage\":\"en-US\",\"@id\":\"https:\\\/\\\/www.alcoawheels.com\\\/europe\\\/fr\\\/#\\\/schema\\\/logo\\\/image\\\/\",\"url\":\"https:\\\/\\\/www.alcoawheels.com\\\/europe\\\/fr\\\/wp-content\\\/uploads\\\/sites\\\/15\\\/2023\\\/05\\\/logo-black.gif\",\"contentUrl\":\"https:\\\/\\\/www.alcoawheels.com\\\/europe\\\/fr\\\/wp-content\\\/uploads\\\/sites\\\/15\\\/2023\\\/05\\\/logo-black.gif\",\"width\":71,\"height\":64,\"caption\":\"Europe French\"},\"image\":{\"@id\":\"https:\\\/\\\/www.alcoawheels.com\\\/europe\\\/fr\\\/#\\\/schema\\\/logo\\\/image\\\/\"}}]}<\/script>\n<!-- \/ Yoast SEO Premium plugin. -->","yoast_head_json":{"title":"\u00c0 propos | Alcoa Wheels","description":"Alcoa\u00ae Wheels est le premier fabricant mondial de roues en aluminium. Nous avons fait progresser l'industrie du transport avec la premi\u00e8re roue en aluminium forg\u00e9 en 1948, et ne cessons de la r\u00e9inventer depuis.","robots":{"index":"index","follow":"follow","max-snippet":"max-snippet:-1","max-image-preview":"max-image-preview:large","max-video-preview":"max-video-preview:-1"},"canonical":"https:\/\/www.alcoawheels.com\/europe\/fr\/a-propos\/","og_locale":"en_US","og_type":"article","og_title":"ALCOA\u00ae\u00a0WHEELS","og_description":"Alcoa\u00ae Wheels est le premier fabricant mondial de roues en aluminium. Nous avons fait progresser l'industrie du transport avec la premi\u00e8re roue en aluminium forg\u00e9 en 1948, et ne cessons de la r\u00e9inventer depuis.","og_url":"https:\/\/www.alcoawheels.com\/europe\/fr\/a-propos\/","og_site_name":"Europe French","article_modified_time":"2025-06-10T11:36:43+00:00","og_image":[{"url":"https:\/\/www.alcoawheels.com\/europe\/fr\/wp-content\/uploads\/sites\/15\/2023\/06\/about-banner.jpg","type":"","width":"","height":""}],"twitter_card":"summary_large_image","twitter_misc":{"Est. reading time":"6 minutes"},"schema":{"@context":"https:\/\/schema.org","@graph":[{"@type":"WebPage","@id":"https:\/\/www.alcoawheels.com\/europe\/fr\/a-propos\/","url":"https:\/\/www.alcoawheels.com\/europe\/fr\/a-propos\/","name":"\u00c0 propos | Alcoa Wheels","isPartOf":{"@id":"https:\/\/www.alcoawheels.com\/europe\/fr\/#website"},"primaryImageOfPage":{"@id":"https:\/\/www.alcoawheels.com\/europe\/fr\/a-propos\/#primaryimage"},"image":{"@id":"https:\/\/www.alcoawheels.com\/europe\/fr\/a-propos\/#primaryimage"},"thumbnailUrl":"https:\/\/www.alcoawheels.com\/europe\/fr\/wp-content\/uploads\/sites\/15\/2023\/06\/about-banner.jpg","datePublished":"2023-05-26T06:40:31+00:00","dateModified":"2025-06-10T11:36:43+00:00","description":"Alcoa\u00ae Wheels est le premier fabricant mondial de roues en aluminium. Nous avons fait progresser l'industrie du transport avec la premi\u00e8re roue en aluminium forg\u00e9 en 1948, et ne cessons de la r\u00e9inventer depuis.","breadcrumb":{"@id":"https:\/\/www.alcoawheels.com\/europe\/fr\/a-propos\/#breadcrumb"},"inLanguage":"en-US","potentialAction":[{"@type":"ReadAction","target":["https:\/\/www.alcoawheels.com\/europe\/fr\/a-propos\/"]}]},{"@type":"ImageObject","inLanguage":"en-US","@id":"https:\/\/www.alcoawheels.com\/europe\/fr\/a-propos\/#primaryimage","url":"https:\/\/www.alcoawheels.com\/europe\/fr\/wp-content\/uploads\/sites\/15\/2023\/06\/about-banner.jpg","contentUrl":"https:\/\/www.alcoawheels.com\/europe\/fr\/wp-content\/uploads\/sites\/15\/2023\/06\/about-banner.jpg","width":1440,"height":400,"caption":"About Alcoa Wheels Arconic"},{"@type":"BreadcrumbList","@id":"https:\/\/www.alcoawheels.com\/europe\/fr\/a-propos\/#breadcrumb","itemListElement":[{"@type":"ListItem","position":1,"name":"Home","item":"https:\/\/www.alcoawheels.com\/europe\/fr\/"},{"@type":"ListItem","position":2,"name":"ALCOA\u00ae\u00a0WHEELS"}]},{"@type":"WebSite","@id":"https:\/\/www.alcoawheels.com\/europe\/fr\/#website","url":"https:\/\/www.alcoawheels.com\/europe\/fr\/","name":"Europe French","description":"","publisher":{"@id":"https:\/\/www.alcoawheels.com\/europe\/fr\/#organization"},"potentialAction":[{"@type":"SearchAction","target":{"@type":"EntryPoint","urlTemplate":"https:\/\/www.alcoawheels.com\/europe\/fr\/?s={search_term_string}"},"query-input":{"@type":"PropertyValueSpecification","valueRequired":true,"valueName":"search_term_string"}}],"inLanguage":"en-US"},{"@type":"Organization","@id":"https:\/\/www.alcoawheels.com\/europe\/fr\/#organization","name":"Europe French","url":"https:\/\/www.alcoawheels.com\/europe\/fr\/","logo":{"@type":"ImageObject","inLanguage":"en-US","@id":"https:\/\/www.alcoawheels.com\/europe\/fr\/#\/schema\/logo\/image\/","url":"https:\/\/www.alcoawheels.com\/europe\/fr\/wp-content\/uploads\/sites\/15\/2023\/05\/logo-black.gif","contentUrl":"https:\/\/www.alcoawheels.com\/europe\/fr\/wp-content\/uploads\/sites\/15\/2023\/05\/logo-black.gif","width":71,"height":64,"caption":"Europe French"},"image":{"@id":"https:\/\/www.alcoawheels.com\/europe\/fr\/#\/schema\/logo\/image\/"}}]}},"parsely":{"version":"1.1.0","canonical_url":"https:\/\/alcoawheels.com\/europe\/fr\/a-propos\/","smart_links":{"inbound":0,"outbound":0},"traffic_boost_suggestions_count":0,"meta":{"@context":"https:\/\/schema.org","@type":"WebPage","headline":"ALCOA\u00ae\u00a0WHEELS","url":"http:\/\/www.alcoawheels.com\/europe\/fr\/a-propos\/","mainEntityOfPage":{"@type":"WebPage","@id":"http:\/\/www.alcoawheels.com\/europe\/fr\/a-propos\/"},"thumbnailUrl":"","image":{"@type":"ImageObject","url":""},"articleSection":"Uncategorized","author":[{"@type":"Person","name":"howmet"}],"creator":["howmet"],"publisher":{"@type":"Organization","name":"Europe French","logo":""},"keywords":[],"dateCreated":"2023-05-26T06:40:31Z","datePublished":"2023-05-26T06:40:31Z","dateModified":"2025-06-10T11:36:43Z"},"rendered":"<script type=\"application\/ld+json\" class=\"wp-parsely-metadata\">{\"@context\":\"https:\\\/\\\/schema.org\",\"@type\":\"WebPage\",\"headline\":\"ALCOA\\u00ae\\u00a0WHEELS\",\"url\":\"http:\\\/\\\/www.alcoawheels.com\\\/europe\\\/fr\\\/a-propos\\\/\",\"mainEntityOfPage\":{\"@type\":\"WebPage\",\"@id\":\"http:\\\/\\\/www.alcoawheels.com\\\/europe\\\/fr\\\/a-propos\\\/\"},\"thumbnailUrl\":\"\",\"image\":{\"@type\":\"ImageObject\",\"url\":\"\"},\"articleSection\":\"Uncategorized\",\"author\":[{\"@type\":\"Person\",\"name\":\"howmet\"}],\"creator\":[\"howmet\"],\"publisher\":{\"@type\":\"Organization\",\"name\":\"Europe French\",\"logo\":\"\"},\"keywords\":[],\"dateCreated\":\"2023-05-26T06:40:31Z\",\"datePublished\":\"2023-05-26T06:40:31Z\",\"dateModified\":\"2025-06-10T11:36:43Z\"}<\/script>","tracker_url":"https:\/\/cdn.parsely.com\/keys\/alcoawheels.com\/p.js"},"jetpack_sharing_enabled":true,"_links":{"self":[{"href":"https:\/\/www.alcoawheels.com\/europe\/fr\/wp-json\/wp\/v2\/pages\/48","targetHints":{"allow":["GET"]}}],"collection":[{"href":"https:\/\/www.alcoawheels.com\/europe\/fr\/wp-json\/wp\/v2\/pages"}],"about":[{"href":"https:\/\/www.alcoawheels.com\/europe\/fr\/wp-json\/wp\/v2\/types\/page"}],"author":[{"embeddable":true,"href":"https:\/\/www.alcoawheels.com\/europe\/fr\/wp-json\/wp\/v2\/users\/44"}],"replies":[{"embeddable":true,"href":"https:\/\/www.alcoawheels.com\/europe\/fr\/wp-json\/wp\/v2\/comments?post=48"}],"version-history":[{"count":10,"href":"https:\/\/www.alcoawheels.com\/europe\/fr\/wp-json\/wp\/v2\/pages\/48\/revisions"}],"predecessor-version":[{"id":3887,"href":"https:\/\/www.alcoawheels.com\/europe\/fr\/wp-json\/wp\/v2\/pages\/48\/revisions\/3887"}],"wp:attachment":[{"href":"https:\/\/www.alcoawheels.com\/europe\/fr\/wp-json\/wp\/v2\/media?parent=48"}],"curies":[{"name":"wp","href":"https:\/\/api.w.org\/{rel}","templated":true}]}}