{"id":58,"date":"2023-05-26T06:41:46","date_gmt":"2023-05-26T06:41:46","guid":{"rendered":"https:\/\/www.alcoawheels.com\/europe\/fr\/?page_id=58"},"modified":"2025-06-10T13:37:28","modified_gmt":"2025-06-10T11:37:28","slug":"se-desabonner","status":"publish","type":"page","link":"https:\/\/www.alcoawheels.com\/europe\/fr\/se-desabonner\/","title":{"rendered":"Se d\u00e9sabonner"},"content":{"rendered":"\n<div style=\"height:50px\" aria-hidden=\"true\" class=\"wp-block-spacer spacer-fifty\"><\/div>\n\n\n\t\t\t<div class= \"wp-block-contact-form individual alcoawheels-contact-form\">\n\t\t\t\t<h1><strong>Se d\u00e9sabonner<\/strong><\/h1>\n\t\t\t\t<div class=\"recaptcha-onetrust-placeholder alert alert-danger\" role=\"alert\">\n\t\t\t\t\t<p class=\"text-danger\"><strong>Ce site Web n\u00e9cessite une v\u00e9rification Google reCAPTCHA pour soumettre des formulaires de demande. Veuillez <a class=\"optanon-toggle-display\">accepter<\/a> les t\u00e9moins de connexion afin de visualiser le module de v\u00e9rification. Vous devrez peut-\u00eatre actualiser la fen\u00eatre de votre navigateur par la suite.<\/strong><\/p><p class=\"text-danger\"><strong><a href=\"https:\/\/support.google.com\/recaptcha\/?hl=fr\" target=\"_blank\" class=\"with_arrow with_arrow btn-main btn-link-left-arrow\">reCAPTCHA ressource pour l\u2019utilisateur<\/a><\/strong><\/p>\t\t\t\t<\/div>\n\t\t\t\t\t<p>Remplissez votre adresse e-mail pour vous d\u00e9sinscrire de nos alertes.<\/p>\n\t\t\t\t\t\t\t\t\t<form id=\"form1\" name=\"form1\" class=\"contact-form\" action=\"https:\/\/www.alcoawheels.com\/europe\/fr\/se-desabonner\/\" method=\"POST\" enctype=\"multipart\/form-data\">\n\t\t\t\t\t<input type=\"hidden\" id=\"form_sitekey\" value=\"6LdJA48nAAAAAOWAQLoNB5JjwSJ1bDI0SoyIZqhW\">\n\t\t\t\t\t<input type=\"hidden\" name=\"form_id\" value=\"1433\">\n\t\t\t\t\t\t\t\t\t\t<input type=\"hidden\" name=\"page_url\" value=\"https:\/\/www.alcoawheels.com\/europe\/fr\/se-desabonner\/\">\n\t\t\t\t\t<input type=\"hidden\" name=\"referer_url\" value=\"\">\n\t\t\t\t\t<input type=\"hidden\" name=\"contact_page_id\" value=\"58\">\n\t\t\t\t\t<input type=\"hidden\" name=\"site_id\" value=\"15\">\n\t\t\t\t\t<input type=\"hidden\" name=\"to_emails\" value=\"info.wheels@howmet.com\">\n\t\t\t\t\t<input type=\"hidden\" name=\"action\" value=\"contact_form_response\">\n\t\t\t\t\t<input type=\"hidden\" name=\"contact_form_nonce\" value=\"b9913eb10f\">\n\t\t\t\t\t\t\t\t\t\t\t\t\t<div class=\"field-wrap required\">\n\t\t\t\t\t\t\t\t\t<div class=\"field-container\">\n\t\t\t\t\t\t\t\t\t\t<label class=\"field-label\" for=\"email\">*Adresse e-mail<\/label>\n\t\t\t\t\t\t\t\t\t\t \n\t\t\t\t\t\t\t\t\t\t<input type=\"email\" name=\"email\" id=\"email\" value=\"\">\n\t\t\t\t\t\t\t\t\t\t\t\t\t\t\t\t\t\t\t<\/div>\n\t\t\t\t\t\t\t\t<\/div>\n\t\t\t\t\t\t\t\t\t\t\t\t\t\t\t<div class=\"field-wrap required\">\n\t\t\t\t\t\t\t\t\t<div class=\"field-inner\">\n\t\t\t\t\t\t\t\t\t\t<div class=\"field-container\">\n\t\t\t\t\t\t\t\t\t\t\t<p class=\"field-label consent-label\">*Veuillez cliquer ici pour accepter notre&nbsp;<a href=\"..\/vie-privee\">contrat de confidentialit&eacute;.<\/a><\/p>\n\t\t\t\t\t\t\t\t\t\t\t<div class=\"checkbox-group\">\n\t\t\t\t\t\t\t\t\t\t\t\t<div class=\"formbuilder-checkbox\">\n\t\t\t\t\t\t\t\t\t\t\t\t\t<input name=\"consent\" id=\"consent\" type=\"checkbox\" value=\"y\" >\n\t\t\t\t\t\t\t\t\t\t\t\t\t<label for=\"consent\">En soumettant cette demande, je consens par les pr&eacute;sentes au transfert de mes renseignements personnels fournis ci-dessus &agrave; Howmet Aerospace inc., &agrave; tout &eacute;tablissement sous son contr&ocirc;le aux &Eacute;tats-Unis d&#039;Am&eacute;rique et dans le reste du monde et &agrave; tous leurs sous-traitants ou agents d&ucirc;ment autoris&eacute;s respectifs, ainsi qu&rsquo;au traitement desdits renseignements aux fins de traitement de ma demande. Howmet Aerospace s&rsquo;engage &agrave; n&rsquo;utiliser les informations fournies qu&rsquo;&agrave; la seule fin de r&eacute;pondre &agrave; la demande et &agrave; conserver ces renseignements aussi longtemps que strictement n&eacute;cessaire &agrave; la satisfaction compl&egrave;te de cette demande. Je confirme que je suis pleinement inform&eacute; des raisons de traitement et de transfert de mes informations personnelles, et que je connais tous mes droits et toutes les lois en vigueur en mati&egrave;re d&rsquo;informations personnelles. Si, &agrave; quelque moment ult&eacute;rieur que ce soit, je devais d&eacute;cider d&rsquo;annuler mon consentement tel que formul&eacute; ci-dessus, je m&rsquo;engage &agrave; informer Howmet Aerospace de cette d&eacute;cision. J&rsquo;ai par ailleurs le droit de demander la rectification de toute information incorrecte conserv&eacute;e par Howmet Aerospace.<\/label>\n\t\t\t\t\t\t\t\t\t\t\t\t<\/div>\n\t\t\t\t\t\t\t\t\t\t\t<\/div>\n\t\t\t\t\t\t\t\t\t\t<\/div>\n\t\t\t\t\t\t\t\t\t<\/div>\n\t\t\t\t\t\t\t\t<\/div>\n\t\t\t\t\t\t\t\t\t\t\t\t\t\t<div class=\"field-wrap google-captcha\">\n\t\t\t\t\t\t\t\t<div class=\"field-container\">\n\t\t\t\t\t\t\t\t\t<div class=\"captcha-field\" id=\"captcha-field\">\n\t\t\t\t\t\t\t\t\t<\/div>\n\t\t\t\t\t\t\t\t\t\t\t\t\t\t\t\t\t\t<div class=\"recaptcha-onetrust-placeholder alert alert-danger\" role=\"alert\">\n\t\t\t\t\t\t\t\t\t\t<p class=\"text-danger\"><strong>Ce site Web n\u00e9cessite une v\u00e9rification Google reCAPTCHA pour soumettre des formulaires de demande. Veuillez <a class=\"optanon-toggle-display\">accepter<\/a> les t\u00e9moins de connexion afin de visualiser le module de v\u00e9rification. Vous devrez peut-\u00eatre actualiser la fen\u00eatre de votre navigateur par la suite.<\/strong><\/p><p class=\"text-danger\"><strong><a href=\"https:\/\/support.google.com\/recaptcha\/?hl=fr\" target=\"_blank\" class=\"with_arrow with_arrow btn-main btn-link-left-arrow\">reCAPTCHA ressource pour l\u2019utilisateur<\/a><\/strong><\/p>\t\t\t\t\t\t\t\t\t<\/div>\n\t\t\t\t\t\t\t\t\t\t\t\t\t\t\t\t\t<\/div>\n\t\t\t\t\t\t\t<\/div>\n\t\t\t\t\t\t\t\t\t\t\t\t\t\t\t<div class=\"button-wrap\">\n\t\t\t\t\t\t\t\t\t\t\t\t\t\t\t<button type=\"submit\" value=\"Envoyer\" id=\"Submit1\" name=\"Submit1\" class=\"button btn btn-default\">Envoyer\t\t\t\t\t\t\t\t\t\t\t\t\t\t<\/button>\n\t\t\t\t\t\t\t\t\t\t\t\t\t\t<button type=\"reset\" value=\"Initialiser\" id=\"Reset1\" name=\"Reset1\" class=\"button btn btn-default\">Initialiser\t\t\t\t\t\t\t\t\t\t\t\t\t\t<\/button>\n\t\t\t\t\t\t\t\t\t\t\t\t\t\t\t\t<\/div>\n\t\t\t\t\t\t\t\t\t\t\t\t\t\t\t\t<div class=\"field-wrap text\">\n\t\t\t\t\t\t\t\t<div class=\"field-container\">\n\t\t\t\t\t\t\t\t\t*Informations indispensables\t\t\t\t\t\t\t\t<\/div>\n\t\t\t\t\t\t\t<\/div>\n\t\t\t\t\t\t\t\t\t\t\t<\/form>\n\t\t\t<\/div>\n\t\t\t\n\n\n<div style=\"height:20px\" aria-hidden=\"true\" class=\"wp-block-spacer\"><\/div>\n\n\n\n<div class=\"wp-block-alcoa-wheels-card-usecase-1 card-box-v1__body with-icon align-center vertical-align-center\" id=\"card_box_v1-1d0957dc-0332-46f6-99c3-3435c2f5f853\"><div class=\"fullwidthcontainer\"><div class=\"card-box-v1__boxes has-4-columns\"><div class=\"card-box-v1__box  with-link \" style=\"background-color:#00afb9\"><img decoding=\"async\" src=\"https:\/\/www.alcoawheels.com\/europe\/fr\/wp-content\/themes\/alcoa-wheels\/assets\/build\/js\/blocks\/card-usecase-1\/..\/..\/..\/images\/placeholder-image.db2b4d5c.jpeg\" alt=\"Contactez-nous\"\/><div class=\"card-box-v1__box__inner pos-abs\"><div class=\"card-box-v1__box_icon\"><img loading=\"lazy\" decoding=\"async\" width=\"171\" height=\"171\" src=\"https:\/\/www.alcoawheels.com\/europe\/fr\/wp-content\/uploads\/sites\/15\/2023\/06\/contact.png\" alt=\"\"\/><\/div><div class=\"card-box-v1__box_content\"><h4 style=\"color:#ffffff\">Contactez-nous<\/h4><\/div><div class=\"btn-wrap\"><\/div><\/div><a href=\"\/europe\/fr\/contact\" aria-label=\"Contactez-nous\"><\/a><\/div><div class=\"card-box-v1__box  with-link \" style=\"background-color:#34bfc7\"><img decoding=\"async\" src=\"https:\/\/www.alcoawheels.com\/europe\/fr\/wp-content\/themes\/alcoa-wheels\/assets\/build\/js\/blocks\/card-usecase-1\/..\/..\/..\/images\/placeholder-image.db2b4d5c.jpeg\" alt=\"Gamme de roues\"\/><div class=\"card-box-v1__box__inner pos-abs\"><div class=\"card-box-v1__box_icon\"><img loading=\"lazy\" decoding=\"async\" width=\"169\" height=\"169\" src=\"https:\/\/www.alcoawheels.com\/europe\/fr\/wp-content\/uploads\/sites\/15\/2023\/06\/product-search.png\" alt=\"\"\/><\/div><div class=\"card-box-v1__box_content\"><h4 style=\"color:#ffffff\">Gamme de roues<\/h4><\/div><div class=\"btn-wrap\"><\/div><\/div><a href=\"\/europe\/fr\/gamme-de-roues\" aria-label=\"Gamme de roues\"><\/a><\/div><div class=\"card-box-v1__box  with-link \" style=\"background-color:#00afb9\"><img decoding=\"async\" src=\"https:\/\/www.alcoawheels.com\/europe\/fr\/wp-content\/themes\/alcoa-wheels\/assets\/build\/js\/blocks\/card-usecase-1\/..\/..\/..\/images\/placeholder-image.db2b4d5c.jpeg\" alt=\"O\u00f9 acheter?\"\/><div class=\"card-box-v1__box__inner pos-abs\"><div class=\"card-box-v1__box_icon\"><img loading=\"lazy\" decoding=\"async\" width=\"169\" height=\"169\" src=\"https:\/\/www.alcoawheels.com\/europe\/fr\/wp-content\/uploads\/sites\/15\/2023\/06\/where-to-buy.png\" alt=\"\"\/><\/div><div class=\"card-box-v1__box_content\"><h4 style=\"color:#ffffff\">O\u00f9 acheter?<\/h4><\/div><div class=\"btn-wrap\"><\/div><\/div><a href=\"\/europe\/fr\/ou-acheter\" aria-label=\"O\u00f9 acheter?\"><\/a><\/div><div class=\"card-box-v1__box  with-link \" style=\"background-color:#34bfc7\"><img decoding=\"async\" src=\"https:\/\/www.alcoawheels.com\/europe\/fr\/wp-content\/themes\/alcoa-wheels\/assets\/build\/js\/blocks\/card-usecase-1\/..\/..\/..\/images\/placeholder-image.db2b4d5c.jpeg\" alt=\"T\u00e9l\u00e9chargements\"\/><div class=\"card-box-v1__box__inner pos-abs\"><div class=\"card-box-v1__box_icon\"><img loading=\"lazy\" decoding=\"async\" width=\"169\" height=\"169\" src=\"https:\/\/www.alcoawheels.com\/europe\/fr\/wp-content\/uploads\/sites\/15\/2023\/06\/product-literature.png\" alt=\"\"\/><\/div><div class=\"card-box-v1__box_content\"><h4 style=\"color:#ffffff\">T\u00e9l\u00e9chargements<\/h4><\/div><div class=\"btn-wrap\"><\/div><\/div><a href=\"\/europe\/fr\/documents-produit\" aria-label=\"T\u00e9l\u00e9chargements\"><\/a><\/div><\/div><\/div><\/div>\n","protected":false},"excerpt":{"rendered":"","protected":false},"author":44,"featured_media":0,"parent":0,"menu_order":0,"comment_status":"closed","ping_status":"closed","template":"","meta":{"_acf_changed":false,"protected_reviewer_email":"","editor_notices":[],"footnotes":""},"class_list":["post-58","page","type-page","status-publish","hentry"],"acf":[],"yoast_head":"<!-- This site is optimized with the Yoast SEO Premium plugin v27.4 (Yoast SEO v27.4) - https:\/\/yoast.com\/product\/yoast-seo-premium-wordpress\/ -->\n<title>Alcoa Wheels | \u00c0 propos | Se d\u00e9sabonner<\/title>\n<meta name=\"robots\" content=\"index, follow, max-snippet:-1, max-image-preview:large, max-video-preview:-1\" \/>\n<link rel=\"canonical\" href=\"https:\/\/www.alcoawheels.com\/europe\/fr\/se-desabonner\/\" \/>\n<meta property=\"og:locale\" content=\"en_US\" \/>\n<meta property=\"og:type\" content=\"article\" \/>\n<meta property=\"og:title\" content=\"Se d\u00e9sabonner\" \/>\n<meta property=\"og:url\" content=\"https:\/\/www.alcoawheels.com\/europe\/fr\/se-desabonner\/\" \/>\n<meta property=\"og:site_name\" content=\"Europe French\" \/>\n<meta property=\"article:modified_time\" content=\"2025-06-10T11:37:28+00:00\" \/>\n<meta property=\"og:image\" content=\"https:\/\/www.alcoawheels.com\/europe\/fr\/wp-content\/themes\/alcoa-wheels\/assets\/build\/js\/blocks\/card-usecase-1\/..\/..\/..\/images\/placeholder-image.db2b4d5c.jpeg\" \/>\n<meta name=\"twitter:card\" content=\"summary_large_image\" \/>\n<meta name=\"twitter:label1\" content=\"Est. reading time\" \/>\n\t<meta name=\"twitter:data1\" content=\"2 minutes\" \/>\n<script type=\"application\/ld+json\" class=\"yoast-schema-graph\">{\"@context\":\"https:\\\/\\\/schema.org\",\"@graph\":[{\"@type\":\"WebPage\",\"@id\":\"https:\\\/\\\/www.alcoawheels.com\\\/europe\\\/fr\\\/se-desabonner\\\/\",\"url\":\"https:\\\/\\\/www.alcoawheels.com\\\/europe\\\/fr\\\/se-desabonner\\\/\",\"name\":\"Alcoa Wheels | \u00c0 propos | Se d\u00e9sabonner\",\"isPartOf\":{\"@id\":\"https:\\\/\\\/www.alcoawheels.com\\\/europe\\\/fr\\\/#website\"},\"primaryImageOfPage\":{\"@id\":\"https:\\\/\\\/www.alcoawheels.com\\\/europe\\\/fr\\\/se-desabonner\\\/#primaryimage\"},\"image\":{\"@id\":\"https:\\\/\\\/www.alcoawheels.com\\\/europe\\\/fr\\\/se-desabonner\\\/#primaryimage\"},\"thumbnailUrl\":\"https:\\\/\\\/www.alcoawheels.com\\\/europe\\\/fr\\\/wp-content\\\/themes\\\/alcoa-wheels\\\/assets\\\/build\\\/js\\\/blocks\\\/card-usecase-1\\\/..\\\/..\\\/..\\\/images\\\/placeholder-image.db2b4d5c.jpeg\",\"datePublished\":\"2023-05-26T06:41:46+00:00\",\"dateModified\":\"2025-06-10T11:37:28+00:00\",\"breadcrumb\":{\"@id\":\"https:\\\/\\\/www.alcoawheels.com\\\/europe\\\/fr\\\/se-desabonner\\\/#breadcrumb\"},\"inLanguage\":\"en-US\",\"potentialAction\":[{\"@type\":\"ReadAction\",\"target\":[\"https:\\\/\\\/www.alcoawheels.com\\\/europe\\\/fr\\\/se-desabonner\\\/\"]}]},{\"@type\":\"ImageObject\",\"inLanguage\":\"en-US\",\"@id\":\"https:\\\/\\\/www.alcoawheels.com\\\/europe\\\/fr\\\/se-desabonner\\\/#primaryimage\",\"url\":\"https:\\\/\\\/www.alcoawheels.com\\\/europe\\\/fr\\\/wp-content\\\/themes\\\/alcoa-wheels\\\/assets\\\/build\\\/js\\\/blocks\\\/card-usecase-1\\\/..\\\/..\\\/..\\\/images\\\/placeholder-image.db2b4d5c.jpeg\",\"contentUrl\":\"https:\\\/\\\/www.alcoawheels.com\\\/europe\\\/fr\\\/wp-content\\\/themes\\\/alcoa-wheels\\\/assets\\\/build\\\/js\\\/blocks\\\/card-usecase-1\\\/..\\\/..\\\/..\\\/images\\\/placeholder-image.db2b4d5c.jpeg\"},{\"@type\":\"BreadcrumbList\",\"@id\":\"https:\\\/\\\/www.alcoawheels.com\\\/europe\\\/fr\\\/se-desabonner\\\/#breadcrumb\",\"itemListElement\":[{\"@type\":\"ListItem\",\"position\":1,\"name\":\"Home\",\"item\":\"https:\\\/\\\/www.alcoawheels.com\\\/europe\\\/fr\\\/\"},{\"@type\":\"ListItem\",\"position\":2,\"name\":\"Se d\u00e9sabonner\"}]},{\"@type\":\"WebSite\",\"@id\":\"https:\\\/\\\/www.alcoawheels.com\\\/europe\\\/fr\\\/#website\",\"url\":\"https:\\\/\\\/www.alcoawheels.com\\\/europe\\\/fr\\\/\",\"name\":\"Europe French\",\"description\":\"\",\"publisher\":{\"@id\":\"https:\\\/\\\/www.alcoawheels.com\\\/europe\\\/fr\\\/#organization\"},\"potentialAction\":[{\"@type\":\"SearchAction\",\"target\":{\"@type\":\"EntryPoint\",\"urlTemplate\":\"https:\\\/\\\/www.alcoawheels.com\\\/europe\\\/fr\\\/?s={search_term_string}\"},\"query-input\":{\"@type\":\"PropertyValueSpecification\",\"valueRequired\":true,\"valueName\":\"search_term_string\"}}],\"inLanguage\":\"en-US\"},{\"@type\":\"Organization\",\"@id\":\"https:\\\/\\\/www.alcoawheels.com\\\/europe\\\/fr\\\/#organization\",\"name\":\"Europe French\",\"url\":\"https:\\\/\\\/www.alcoawheels.com\\\/europe\\\/fr\\\/\",\"logo\":{\"@type\":\"ImageObject\",\"inLanguage\":\"en-US\",\"@id\":\"https:\\\/\\\/www.alcoawheels.com\\\/europe\\\/fr\\\/#\\\/schema\\\/logo\\\/image\\\/\",\"url\":\"https:\\\/\\\/www.alcoawheels.com\\\/europe\\\/fr\\\/wp-content\\\/uploads\\\/sites\\\/15\\\/2023\\\/05\\\/logo-black.gif\",\"contentUrl\":\"https:\\\/\\\/www.alcoawheels.com\\\/europe\\\/fr\\\/wp-content\\\/uploads\\\/sites\\\/15\\\/2023\\\/05\\\/logo-black.gif\",\"width\":71,\"height\":64,\"caption\":\"Europe French\"},\"image\":{\"@id\":\"https:\\\/\\\/www.alcoawheels.com\\\/europe\\\/fr\\\/#\\\/schema\\\/logo\\\/image\\\/\"}}]}<\/script>\n<!-- \/ Yoast SEO Premium plugin. -->","yoast_head_json":{"title":"Alcoa Wheels | \u00c0 propos | Se d\u00e9sabonner","robots":{"index":"index","follow":"follow","max-snippet":"max-snippet:-1","max-image-preview":"max-image-preview:large","max-video-preview":"max-video-preview:-1"},"canonical":"https:\/\/www.alcoawheels.com\/europe\/fr\/se-desabonner\/","og_locale":"en_US","og_type":"article","og_title":"Se d\u00e9sabonner","og_url":"https:\/\/www.alcoawheels.com\/europe\/fr\/se-desabonner\/","og_site_name":"Europe French","article_modified_time":"2025-06-10T11:37:28+00:00","og_image":[{"url":"https:\/\/www.alcoawheels.com\/europe\/fr\/wp-content\/themes\/alcoa-wheels\/assets\/build\/js\/blocks\/card-usecase-1\/..\/..\/..\/images\/placeholder-image.db2b4d5c.jpeg","type":"","width":"","height":""}],"twitter_card":"summary_large_image","twitter_misc":{"Est. reading time":"2 minutes"},"schema":{"@context":"https:\/\/schema.org","@graph":[{"@type":"WebPage","@id":"https:\/\/www.alcoawheels.com\/europe\/fr\/se-desabonner\/","url":"https:\/\/www.alcoawheels.com\/europe\/fr\/se-desabonner\/","name":"Alcoa Wheels | \u00c0 propos | Se d\u00e9sabonner","isPartOf":{"@id":"https:\/\/www.alcoawheels.com\/europe\/fr\/#website"},"primaryImageOfPage":{"@id":"https:\/\/www.alcoawheels.com\/europe\/fr\/se-desabonner\/#primaryimage"},"image":{"@id":"https:\/\/www.alcoawheels.com\/europe\/fr\/se-desabonner\/#primaryimage"},"thumbnailUrl":"https:\/\/www.alcoawheels.com\/europe\/fr\/wp-content\/themes\/alcoa-wheels\/assets\/build\/js\/blocks\/card-usecase-1\/..\/..\/..\/images\/placeholder-image.db2b4d5c.jpeg","datePublished":"2023-05-26T06:41:46+00:00","dateModified":"2025-06-10T11:37:28+00:00","breadcrumb":{"@id":"https:\/\/www.alcoawheels.com\/europe\/fr\/se-desabonner\/#breadcrumb"},"inLanguage":"en-US","potentialAction":[{"@type":"ReadAction","target":["https:\/\/www.alcoawheels.com\/europe\/fr\/se-desabonner\/"]}]},{"@type":"ImageObject","inLanguage":"en-US","@id":"https:\/\/www.alcoawheels.com\/europe\/fr\/se-desabonner\/#primaryimage","url":"https:\/\/www.alcoawheels.com\/europe\/fr\/wp-content\/themes\/alcoa-wheels\/assets\/build\/js\/blocks\/card-usecase-1\/..\/..\/..\/images\/placeholder-image.db2b4d5c.jpeg","contentUrl":"https:\/\/www.alcoawheels.com\/europe\/fr\/wp-content\/themes\/alcoa-wheels\/assets\/build\/js\/blocks\/card-usecase-1\/..\/..\/..\/images\/placeholder-image.db2b4d5c.jpeg"},{"@type":"BreadcrumbList","@id":"https:\/\/www.alcoawheels.com\/europe\/fr\/se-desabonner\/#breadcrumb","itemListElement":[{"@type":"ListItem","position":1,"name":"Home","item":"https:\/\/www.alcoawheels.com\/europe\/fr\/"},{"@type":"ListItem","position":2,"name":"Se d\u00e9sabonner"}]},{"@type":"WebSite","@id":"https:\/\/www.alcoawheels.com\/europe\/fr\/#website","url":"https:\/\/www.alcoawheels.com\/europe\/fr\/","name":"Europe French","description":"","publisher":{"@id":"https:\/\/www.alcoawheels.com\/europe\/fr\/#organization"},"potentialAction":[{"@type":"SearchAction","target":{"@type":"EntryPoint","urlTemplate":"https:\/\/www.alcoawheels.com\/europe\/fr\/?s={search_term_string}"},"query-input":{"@type":"PropertyValueSpecification","valueRequired":true,"valueName":"search_term_string"}}],"inLanguage":"en-US"},{"@type":"Organization","@id":"https:\/\/www.alcoawheels.com\/europe\/fr\/#organization","name":"Europe French","url":"https:\/\/www.alcoawheels.com\/europe\/fr\/","logo":{"@type":"ImageObject","inLanguage":"en-US","@id":"https:\/\/www.alcoawheels.com\/europe\/fr\/#\/schema\/logo\/image\/","url":"https:\/\/www.alcoawheels.com\/europe\/fr\/wp-content\/uploads\/sites\/15\/2023\/05\/logo-black.gif","contentUrl":"https:\/\/www.alcoawheels.com\/europe\/fr\/wp-content\/uploads\/sites\/15\/2023\/05\/logo-black.gif","width":71,"height":64,"caption":"Europe French"},"image":{"@id":"https:\/\/www.alcoawheels.com\/europe\/fr\/#\/schema\/logo\/image\/"}}]}},"parsely":{"version":"1.1.0","canonical_url":"https:\/\/alcoawheels.com\/europe\/fr\/se-desabonner\/","smart_links":{"inbound":0,"outbound":0},"traffic_boost_suggestions_count":0,"meta":{"@context":"https:\/\/schema.org","@type":"WebPage","headline":"Se d\u00e9sabonner","url":"http:\/\/www.alcoawheels.com\/europe\/fr\/se-desabonner\/","mainEntityOfPage":{"@type":"WebPage","@id":"http:\/\/www.alcoawheels.com\/europe\/fr\/se-desabonner\/"},"thumbnailUrl":"","image":{"@type":"ImageObject","url":""},"articleSection":"Uncategorized","author":[{"@type":"Person","name":"howmet"}],"creator":["howmet"],"publisher":{"@type":"Organization","name":"Europe French","logo":""},"keywords":[],"dateCreated":"2023-05-26T06:41:46Z","datePublished":"2023-05-26T06:41:46Z","dateModified":"2025-06-10T11:37:28Z"},"rendered":"<script type=\"application\/ld+json\" class=\"wp-parsely-metadata\">{\"@context\":\"https:\\\/\\\/schema.org\",\"@type\":\"WebPage\",\"headline\":\"Se d\\u00e9sabonner\",\"url\":\"http:\\\/\\\/www.alcoawheels.com\\\/europe\\\/fr\\\/se-desabonner\\\/\",\"mainEntityOfPage\":{\"@type\":\"WebPage\",\"@id\":\"http:\\\/\\\/www.alcoawheels.com\\\/europe\\\/fr\\\/se-desabonner\\\/\"},\"thumbnailUrl\":\"\",\"image\":{\"@type\":\"ImageObject\",\"url\":\"\"},\"articleSection\":\"Uncategorized\",\"author\":[{\"@type\":\"Person\",\"name\":\"howmet\"}],\"creator\":[\"howmet\"],\"publisher\":{\"@type\":\"Organization\",\"name\":\"Europe French\",\"logo\":\"\"},\"keywords\":[],\"dateCreated\":\"2023-05-26T06:41:46Z\",\"datePublished\":\"2023-05-26T06:41:46Z\",\"dateModified\":\"2025-06-10T11:37:28Z\"}<\/script>","tracker_url":"https:\/\/cdn.parsely.com\/keys\/alcoawheels.com\/p.js"},"jetpack_sharing_enabled":true,"_links":{"self":[{"href":"https:\/\/www.alcoawheels.com\/europe\/fr\/wp-json\/wp\/v2\/pages\/58","targetHints":{"allow":["GET"]}}],"collection":[{"href":"https:\/\/www.alcoawheels.com\/europe\/fr\/wp-json\/wp\/v2\/pages"}],"about":[{"href":"https:\/\/www.alcoawheels.com\/europe\/fr\/wp-json\/wp\/v2\/types\/page"}],"author":[{"embeddable":true,"href":"https:\/\/www.alcoawheels.com\/europe\/fr\/wp-json\/wp\/v2\/users\/44"}],"replies":[{"embeddable":true,"href":"https:\/\/www.alcoawheels.com\/europe\/fr\/wp-json\/wp\/v2\/comments?post=58"}],"version-history":[{"count":8,"href":"https:\/\/www.alcoawheels.com\/europe\/fr\/wp-json\/wp\/v2\/pages\/58\/revisions"}],"predecessor-version":[{"id":3891,"href":"https:\/\/www.alcoawheels.com\/europe\/fr\/wp-json\/wp\/v2\/pages\/58\/revisions\/3891"}],"wp:attachment":[{"href":"https:\/\/www.alcoawheels.com\/europe\/fr\/wp-json\/wp\/v2\/media?parent=58"}],"curies":[{"name":"wp","href":"https:\/\/api.w.org\/{rel}","templated":true}]}}