{"id":16,"date":"2023-05-26T07:10:50","date_gmt":"2023-05-26T07:10:50","guid":{"rendered":"https:\/\/www.alcoawheels.com\/europe\/hu\/?page_id=16"},"modified":"2025-11-20T20:34:28","modified_gmt":"2025-11-20T19:34:28","slug":"alkalmazasi-teruletek","status":"publish","type":"page","link":"https:\/\/www.alcoawheels.com\/europe\/hu\/alkalmazasi-teruletek\/","title":{"rendered":"Alkalmaz\u00e1si ter\u00fcletek"},"content":{"rendered":"\n<div class=\"wp-block-alcoa-wheels-hero-banner-innerpage hero-banner with-image layout-2 overlayEnable align- vertical-align- align-center vertical-align-center\" style=\"background-color:#eee\"><img decoding=\"async\" src=\"https:\/\/www.alcoawheels.com\/europe\/hu\/wp-content\/uploads\/sites\/16\/2023\/06\/applications-banner.jpeg\" alt=\"Alcoa Wheels application\" class=\"responsiveImage\"\/><div class=\"hero-banner__header\" style=\"text-align:center\"><div class=\"container\"><h1 class=\"hero-banner__header--title\">Alkalmaz\u00e1si ter\u00fcletek<\/h1><\/div><\/div><\/div>\n\n\n\n<div style=\"height:50px\" aria-hidden=\"true\" class=\"wp-block-spacer spacer-fifty\"><\/div>\n\n\n\n<h2 class=\"wp-block-heading has-text-align-center\" id=\"nagy-teherbiras\">K\u00f6zepes \u00e9s neh\u00e9z teheraut\u00f3k \u00e9s p\u00f3tkocsik<\/h2>\n\n\n\n<div style=\"height:50px\" aria-hidden=\"true\" class=\"wp-block-spacer spacer-fifty\"><\/div>\n\n\n\n<div class=\"wp-block-alcoa-wheels-zigzag media-list__body\" id=\"zigzag-main-f09c56b9-a904-418f-a4c8-bee3ab7dd016\"><div class=\"media-list__body_main  vertical-align-center  fullWidth\">\n<div class=\"wp-block-alcoa-wheels-zigzag-item media-list-item\"><div class=\"media-list-item__box_content\"><div class=\"media-list-item__box_content_inner\">\n<p>Tapasztalja meg a <a href=\"https:\/\/www.alcoawheels.com\/europe\/hu\/elonyok\/#tomegcsokkentes\">s\u00falycs\u00f6kkent\u00e9st<\/a>, az optimaliz\u00e1lt szil\u00e1rds\u00e1got \u00e9s tart\u00f3ss\u00e1got teheraut\u00f3- \u00e9s p\u00f3tkocsi-alkalmaz\u00e1sokhoz. Az Alcoa<sup>\u00ae<\/sup> kerekek hozz\u00e1j\u00e1rulhatnak:<\/p>\n\n\n\n<div id=\"list-bdaa4ccd-8fcf-4727-b1fa-110d8441c0b5\" class=\"wp-block-alcoa-wheels-list-basic list\"><style>#list-bdaa4ccd-8fcf-4727-b1fa-110d8441c0b5 .listul.with-icn li span.list--item:before{background-image:url(https:\/\/www.alcoawheels.com\/europe\/hu\/wp-content\/uploads\/sites\/16\/2023\/05\/wheel-bullet.jpg);}<\/style><ul class=\"listul with-icn\"><li><span class=\"list--item\">Megn\u00f6velt termel\u00e9kenys\u00e9g<\/span><\/li><li><span class=\"list--item\">Kevesebb karbantart\u00e1s<\/span><\/li><li><span class=\"list--item\">Alacsonyabb \u00fczemeltet\u00e9si k\u00f6lts\u00e9gek<\/span><\/li><li><span class=\"list--item\">Alacsonyabb CO<sub>2<\/sub>-kibocs\u00e1t\u00e1s<\/span><\/li><li><span class=\"list--item\">Szebb k\u00fcls\u0151 megjelen\u00e9s<\/span><\/li><\/ul><\/div>\n\n\n\n<p>Nem sz\u00e1m\u00edt, milyen kih\u00edv\u00e1sokkal n\u00e9z szembe, sz\u00fanyogok sz\u00e9les v\u00e1laszt\u00e9k\u00e1t k\u00edn\u00e1ljuk. Minden Alcoa<sup>\u00ae<\/sup> ker\u00e9k hozz\u00e1j\u00e1rul az optimaliz\u00e1lt szil\u00e1rds\u00e1ghoz \u00e9s tart\u00f3ss\u00e1ghoz, mik\u00f6zben cs\u00f6kkenti a s\u00falyt a nagyobb hasznos teher \u00e9rdek\u00e9ben.<\/p>\n\n\n\n<p>K\u00fcl\u00f6nb\u00f6z\u0151 m\u00e9retek, fel\u00fcletkezel\u00e9si lehet\u0151s\u00e9gek \u00e9s fel\u00fcletkezel\u00e9sek \u00e1llnak rendelkez\u00e9sre az \u00d6n speci\u00e1lis alkalmaz\u00e1saihoz.<\/p>\n\n\n\n<p>&nbsp;Ker\u00e9kt\u00e1rcsa-v\u00e1laszt\u00e9kunkkal kapcsolatos tov\u00e1bbi inform\u00e1ci\u00f3k\u00e9rt kattintson&nbsp;<a href=\"\/europe\/hu\/kerektarcsa-valasztek\">ide<\/a>.<\/p>\n<\/div><\/div><div class=\"media-list-item__box_image\"><img loading=\"lazy\" decoding=\"async\" width=\"800\" height=\"800\" src=\"https:\/\/www.alcoawheels.com\/europe\/hu\/wp-content\/uploads\/sites\/16\/2023\/06\/applications-heavy-duty.jpg\" alt=\"Heavy duty trucks &amp; trailers example\"\/><\/div><\/div>\n<\/div><\/div>\n\n\n\n<hr class=\"wp-block-separator has-text-color has-alpha-channel-opacity has-background is-style-wide\" style=\"background-color:#cccccc;color:#cccccc\"\/>\n\n\n\n<div style=\"height:50px\" aria-hidden=\"true\" class=\"wp-block-spacer spacer-fifty\"><\/div>\n\n\n\n<h2 class=\"wp-block-heading has-text-align-center\" id=\"varosi-helykozi-tavolsagi-busz\">V\u00e1rosi busz, helyk\u00f6zi busz \u00e9s t\u00e1vols\u00e1gi busz<\/h2>\n\n\n\n<div style=\"height:50px\" aria-hidden=\"true\" class=\"wp-block-spacer spacer-fifty\"><\/div>\n\n\n\n<div class=\"wp-block-alcoa-wheels-zigzag media-list__body\" id=\"zigzag-main-f09c56b9-a904-418f-a4c8-bee3ab7dd016\"><div class=\"media-list__body_main  vertical-align-center  fullWidth\">\n<div class=\"wp-block-alcoa-wheels-zigzag-item media-list-item\"><div class=\"media-list-item__box_content\"><div class=\"media-list-item__box_content_inner\">\n<p>Az Alcoa<sup>\u00ae<\/sup> kerekek hozz\u00e1j\u00e1rulhatnak<\/p>\n\n\n\n<div id=\"list-ee0f9b46-dc6f-4c1f-830c-c10e4eff0f19\" class=\"wp-block-alcoa-wheels-list-basic list\"><style>#list-ee0f9b46-dc6f-4c1f-830c-c10e4eff0f19 .listul.with-icn li span.list--item:before{background-image:url(https:\/\/www.alcoawheels.com\/europe\/hu\/wp-content\/uploads\/sites\/16\/2023\/05\/wheel-bullet.jpg);}<\/style><ul class=\"listul with-icn\"><li><span class=\"list--item\">Jobb j\u00e1rm\u0171teljes\u00edtm\u00e9ny<\/span><\/li><li><span class=\"list--item\">Szebb k\u00fcls\u0151 megjelen\u00e9s<\/span><\/li><li><span class=\"list--item\">Kevesebb karbantart\u00e1s<\/span><\/li><li><span class=\"list--item\"><a href=\"\/europe\/hu\/elonyok#tomegcsokkentes\">T\u00f6megcs\u00f6kken\u00e9s<\/a><\/span><\/li><li><span class=\"list--item\">Alacsonyabb \u00fczemeltet\u00e9si k\u00f6lts\u00e9gek<\/span><\/li><li><span class=\"list--item\">Alacsonyabb CO2 ekvivalens<\/span><\/li><\/ul><\/div>\n\n\n\n<p>Nem sz\u00e1m\u00edt, milyen kih\u00edv\u00e1sokkal n\u00e9z szembe, megold\u00e1sok sz\u00e9les sk\u00e1l\u00e1j\u00e1t k\u00edn\u00e1ljuk.<\/p>\n\n\n\n<p>K\u00fcl\u00f6nb\u00f6z\u0151 m\u00e9retek, fel\u00fcletkezel\u00e9si lehet\u0151s\u00e9gek \u00e9s fel\u00fcletkezel\u00e9sek \u00e1llnak rendelkez\u00e9sre az \u00d6n konkr\u00e9t aut\u00f3busz-alkalmaz\u00e1saihoz.<\/p>\n\n\n\n<p>Ker\u00e9kt\u00e1rcsa-v\u00e1laszt\u00e9kunkkal kapcsolatos tov\u00e1bbi inform\u00e1ci\u00f3k\u00e9rt kattintson&nbsp;<a href=\"\/europe\/hu\/kerektarcsa-valasztek\/\">ide<\/a>.<\/p>\n<\/div><\/div><div class=\"media-list-item__box_image\"><img loading=\"lazy\" decoding=\"async\" width=\"800\" height=\"689\" src=\"https:\/\/www.alcoawheels.com\/europe\/hu\/wp-content\/uploads\/sites\/16\/2023\/06\/applications-bus.jpg\" alt=\"City bus, intercity bus &amp; coach example\"\/><\/div><\/div>\n<\/div><\/div>\n\n\n\n<div style=\"height:50px\" aria-hidden=\"true\" class=\"wp-block-spacer spacer-fifty\"><\/div>\n\n\n\n<div class=\"wp-block-alcoa-wheels-card-usecase-1 card-box-v1__body with-icon align-center vertical-align-center\" id=\"card_box_v1-abf27003-a92f-46a6-b147-e641033f3555\"><div class=\"fullwidthcontainer\"><div class=\"card-box-v1__boxes has-4-columns\"><div class=\"card-box-v1__box  with-link \" style=\"background-color:#00afb9\"><img decoding=\"async\" src=\"https:\/\/www.alcoawheels.com\/europe\/hu\/wp-content\/themes\/alcoa-wheels\/assets\/build\/js\/blocks\/card-usecase-1\/..\/..\/..\/images\/placeholder-image.db2b4d5c.jpeg\" alt=\"Kapcsolat\"\/><div class=\"card-box-v1__box__inner pos-abs\"><div class=\"card-box-v1__box_icon\"><img loading=\"lazy\" decoding=\"async\" width=\"171\" height=\"171\" src=\"https:\/\/www.alcoawheels.com\/europe\/hu\/wp-content\/uploads\/sites\/16\/2023\/06\/contact.png\" alt=\"\"\/><\/div><div class=\"card-box-v1__box_content\"><h4 style=\"color:#ffffff\">Kapcsolat<\/h4><\/div><div class=\"btn-wrap\"><\/div><\/div><a href=\"\/europe\/hu\/kapcsolat\" aria-label=\"Kapcsolat\"><\/a><\/div><div class=\"card-box-v1__box  with-link \" style=\"background-color:#34bfc7\"><img decoding=\"async\" src=\"https:\/\/www.alcoawheels.com\/europe\/hu\/wp-content\/themes\/alcoa-wheels\/assets\/build\/js\/blocks\/card-usecase-1\/..\/..\/..\/images\/placeholder-image.db2b4d5c.jpeg\" alt=\"Ker\u00e9kt\u00e1rcsa-v\u00e1laszt\u00e9k\"\/><div class=\"card-box-v1__box__inner pos-abs\"><div class=\"card-box-v1__box_icon\"><img loading=\"lazy\" decoding=\"async\" width=\"169\" height=\"169\" src=\"https:\/\/www.alcoawheels.com\/europe\/hu\/wp-content\/uploads\/sites\/16\/2023\/06\/product-search.png\" alt=\"\"\/><\/div><div class=\"card-box-v1__box_content\"><h4 style=\"color:#ffffff\">Ker\u00e9kt\u00e1rcsa-v\u00e1laszt\u00e9k<\/h4><\/div><div class=\"btn-wrap\"><\/div><\/div><a href=\"\/europe\/hu\/kerektarcsa-valasztek\" aria-label=\"Ker\u00e9kt\u00e1rcsa-v\u00e1laszt\u00e9k\"><\/a><\/div><div class=\"card-box-v1__box  with-link \" style=\"background-color:#00afb9\"><img decoding=\"async\" src=\"https:\/\/www.alcoawheels.com\/europe\/hu\/wp-content\/themes\/alcoa-wheels\/assets\/build\/js\/blocks\/card-usecase-1\/..\/..\/..\/images\/placeholder-image.db2b4d5c.jpeg\" alt=\"Hol v\u00e1s\u00e1rolhatom meg?\"\/><div class=\"card-box-v1__box__inner pos-abs\"><div class=\"card-box-v1__box_icon\"><img loading=\"lazy\" decoding=\"async\" width=\"169\" height=\"169\" src=\"https:\/\/www.alcoawheels.com\/europe\/hu\/wp-content\/uploads\/sites\/16\/2023\/06\/where-to-buy.png\" alt=\"\"\/><\/div><div class=\"card-box-v1__box_content\"><h4 style=\"color:#ffffff\">Hol v\u00e1s\u00e1rolhatom meg?<\/h4><\/div><div class=\"btn-wrap\"><\/div><\/div><a href=\"\/europe\/hu\/hol-vasarolhatom-meg.\" aria-label=\"Hol v\u00e1s\u00e1rolhatom meg?\"><\/a><\/div><div class=\"card-box-v1__box  with-link \" style=\"background-color:#34bfc7\"><img decoding=\"async\" src=\"https:\/\/www.alcoawheels.com\/europe\/hu\/wp-content\/themes\/alcoa-wheels\/assets\/build\/js\/blocks\/card-usecase-1\/..\/..\/..\/images\/placeholder-image.db2b4d5c.jpeg\" alt=\"Let\u00f6lt\u00e9sek\"\/><div class=\"card-box-v1__box__inner pos-abs\"><div class=\"card-box-v1__box_icon\"><img loading=\"lazy\" decoding=\"async\" width=\"169\" height=\"169\" src=\"https:\/\/www.alcoawheels.com\/europe\/hu\/wp-content\/uploads\/sites\/16\/2023\/06\/product-literature.png\" alt=\"\"\/><\/div><div class=\"card-box-v1__box_content\"><h4 style=\"color:#ffffff\">Let\u00f6lt\u00e9sek<\/h4><\/div><div class=\"btn-wrap\"><\/div><\/div><a href=\"\/europe\/hu\/termekirodalom\" aria-label=\"Let\u00f6lt\u00e9sek\"><\/a><\/div><\/div><\/div><\/div>\n","protected":false},"excerpt":{"rendered":"<p>K\u00f6zepes \u00e9s neh\u00e9z teheraut\u00f3k \u00e9s p\u00f3tkocsik V\u00e1rosi busz, helyk\u00f6zi busz \u00e9s t\u00e1vols\u00e1gi busz<\/p>\n","protected":false},"author":44,"featured_media":0,"parent":0,"menu_order":0,"comment_status":"closed","ping_status":"closed","template":"","meta":{"_acf_changed":false,"protected_reviewer_email":"","editor_notices":[],"footnotes":""},"class_list":["post-16","page","type-page","status-publish","hentry"],"acf":[],"yoast_head":"<!-- This site is optimized with the Yoast SEO Premium plugin v27.4 (Yoast SEO v27.4) - https:\/\/yoast.com\/product\/yoast-seo-premium-wordpress\/ -->\n<title>Alkalmaz\u00e1si ter\u00fcletek | Alcoa Wheels<\/title>\n<meta name=\"description\" content=\"Az Alcoa\u00ae felnik t\u00f6bb fajta m\u00e9retben, f\u00e9nyez\u00e9ssel \u00e9s fel\u00fcletkezel\u00e9ssel is kaphat\u00f3k az \u00d6n alkalmaz\u00e1s\u00e1nak megfelel\u0151en. Megold\u00e1sokat k\u00edn\u00e1lunk neh\u00e9z teherg\u00e9pkocsik \u00e9s vontatm\u00e1nyok, k\u00f6zepes teherg\u00e9pj\u00e1rm\u0171vek, valamint v\u00e1rosi, helyk\u00f6zi \u00e9s aut\u00f3buszok sz\u00e1m\u00e1ra.\" \/>\n<meta name=\"robots\" content=\"index, follow, max-snippet:-1, max-image-preview:large, max-video-preview:-1\" \/>\n<link rel=\"canonical\" href=\"https:\/\/www.alcoawheels.com\/europe\/hu\/alkalmazasi-teruletek\/\" \/>\n<meta property=\"og:locale\" content=\"en_US\" \/>\n<meta property=\"og:type\" content=\"article\" \/>\n<meta property=\"og:title\" content=\"Alkalmaz\u00e1si ter\u00fcletek\" \/>\n<meta property=\"og:description\" content=\"Az Alcoa\u00ae felnik t\u00f6bb fajta m\u00e9retben, f\u00e9nyez\u00e9ssel \u00e9s fel\u00fcletkezel\u00e9ssel is kaphat\u00f3k az \u00d6n alkalmaz\u00e1s\u00e1nak megfelel\u0151en. Megold\u00e1sokat k\u00edn\u00e1lunk neh\u00e9z teherg\u00e9pkocsik \u00e9s vontatm\u00e1nyok, k\u00f6zepes teherg\u00e9pj\u00e1rm\u0171vek, valamint v\u00e1rosi, helyk\u00f6zi \u00e9s aut\u00f3buszok sz\u00e1m\u00e1ra.\" \/>\n<meta property=\"og:url\" content=\"https:\/\/www.alcoawheels.com\/europe\/hu\/alkalmazasi-teruletek\/\" \/>\n<meta property=\"og:site_name\" content=\"Europe Hungarian\" \/>\n<meta property=\"article:modified_time\" content=\"2025-11-20T19:34:28+00:00\" \/>\n<meta property=\"og:image\" content=\"https:\/\/www.alcoawheels.com\/europe\/hu\/wp-content\/uploads\/sites\/16\/2023\/06\/applications-banner.jpeg\" \/>\n<meta name=\"twitter:card\" content=\"summary_large_image\" \/>\n<meta name=\"twitter:label1\" content=\"Est. reading time\" \/>\n\t<meta name=\"twitter:data1\" content=\"3 minutes\" \/>\n<script type=\"application\/ld+json\" class=\"yoast-schema-graph\">{\"@context\":\"https:\\\/\\\/schema.org\",\"@graph\":[{\"@type\":\"WebPage\",\"@id\":\"https:\\\/\\\/www.alcoawheels.com\\\/europe\\\/hu\\\/alkalmazasi-teruletek\\\/\",\"url\":\"https:\\\/\\\/www.alcoawheels.com\\\/europe\\\/hu\\\/alkalmazasi-teruletek\\\/\",\"name\":\"Alkalmaz\u00e1si ter\u00fcletek | Alcoa Wheels\",\"isPartOf\":{\"@id\":\"https:\\\/\\\/www.alcoawheels.com\\\/europe\\\/hu\\\/#website\"},\"primaryImageOfPage\":{\"@id\":\"https:\\\/\\\/www.alcoawheels.com\\\/europe\\\/hu\\\/alkalmazasi-teruletek\\\/#primaryimage\"},\"image\":{\"@id\":\"https:\\\/\\\/www.alcoawheels.com\\\/europe\\\/hu\\\/alkalmazasi-teruletek\\\/#primaryimage\"},\"thumbnailUrl\":\"https:\\\/\\\/www.alcoawheels.com\\\/europe\\\/hu\\\/wp-content\\\/uploads\\\/sites\\\/16\\\/2023\\\/06\\\/applications-banner.jpeg\",\"datePublished\":\"2023-05-26T07:10:50+00:00\",\"dateModified\":\"2025-11-20T19:34:28+00:00\",\"description\":\"Az Alcoa\u00ae felnik t\u00f6bb fajta m\u00e9retben, f\u00e9nyez\u00e9ssel \u00e9s fel\u00fcletkezel\u00e9ssel is kaphat\u00f3k az \u00d6n alkalmaz\u00e1s\u00e1nak megfelel\u0151en. Megold\u00e1sokat k\u00edn\u00e1lunk neh\u00e9z teherg\u00e9pkocsik \u00e9s vontatm\u00e1nyok, k\u00f6zepes teherg\u00e9pj\u00e1rm\u0171vek, valamint v\u00e1rosi, helyk\u00f6zi \u00e9s aut\u00f3buszok sz\u00e1m\u00e1ra.\",\"breadcrumb\":{\"@id\":\"https:\\\/\\\/www.alcoawheels.com\\\/europe\\\/hu\\\/alkalmazasi-teruletek\\\/#breadcrumb\"},\"inLanguage\":\"en-US\",\"potentialAction\":[{\"@type\":\"ReadAction\",\"target\":[\"https:\\\/\\\/www.alcoawheels.com\\\/europe\\\/hu\\\/alkalmazasi-teruletek\\\/\"]}]},{\"@type\":\"ImageObject\",\"inLanguage\":\"en-US\",\"@id\":\"https:\\\/\\\/www.alcoawheels.com\\\/europe\\\/hu\\\/alkalmazasi-teruletek\\\/#primaryimage\",\"url\":\"https:\\\/\\\/www.alcoawheels.com\\\/europe\\\/hu\\\/wp-content\\\/uploads\\\/sites\\\/16\\\/2023\\\/06\\\/applications-banner.jpeg\",\"contentUrl\":\"https:\\\/\\\/www.alcoawheels.com\\\/europe\\\/hu\\\/wp-content\\\/uploads\\\/sites\\\/16\\\/2023\\\/06\\\/applications-banner.jpeg\",\"width\":1119,\"height\":280,\"caption\":\"Alcoa Wheels application\"},{\"@type\":\"BreadcrumbList\",\"@id\":\"https:\\\/\\\/www.alcoawheels.com\\\/europe\\\/hu\\\/alkalmazasi-teruletek\\\/#breadcrumb\",\"itemListElement\":[{\"@type\":\"ListItem\",\"position\":1,\"name\":\"Home\",\"item\":\"https:\\\/\\\/www.alcoawheels.com\\\/europe\\\/hu\\\/\"},{\"@type\":\"ListItem\",\"position\":2,\"name\":\"Alkalmaz\u00e1si ter\u00fcletek\"}]},{\"@type\":\"WebSite\",\"@id\":\"https:\\\/\\\/www.alcoawheels.com\\\/europe\\\/hu\\\/#website\",\"url\":\"https:\\\/\\\/www.alcoawheels.com\\\/europe\\\/hu\\\/\",\"name\":\"Europe Hungarian\",\"description\":\"\",\"publisher\":{\"@id\":\"https:\\\/\\\/www.alcoawheels.com\\\/europe\\\/hu\\\/#organization\"},\"potentialAction\":[{\"@type\":\"SearchAction\",\"target\":{\"@type\":\"EntryPoint\",\"urlTemplate\":\"https:\\\/\\\/www.alcoawheels.com\\\/europe\\\/hu\\\/?s={search_term_string}\"},\"query-input\":{\"@type\":\"PropertyValueSpecification\",\"valueRequired\":true,\"valueName\":\"search_term_string\"}}],\"inLanguage\":\"en-US\"},{\"@type\":\"Organization\",\"@id\":\"https:\\\/\\\/www.alcoawheels.com\\\/europe\\\/hu\\\/#organization\",\"name\":\"Europe Hungarian\",\"url\":\"https:\\\/\\\/www.alcoawheels.com\\\/europe\\\/hu\\\/\",\"logo\":{\"@type\":\"ImageObject\",\"inLanguage\":\"en-US\",\"@id\":\"https:\\\/\\\/www.alcoawheels.com\\\/europe\\\/hu\\\/#\\\/schema\\\/logo\\\/image\\\/\",\"url\":\"https:\\\/\\\/www.alcoawheels.com\\\/europe\\\/hu\\\/wp-content\\\/uploads\\\/sites\\\/16\\\/2023\\\/05\\\/logo-black.gif\",\"contentUrl\":\"https:\\\/\\\/www.alcoawheels.com\\\/europe\\\/hu\\\/wp-content\\\/uploads\\\/sites\\\/16\\\/2023\\\/05\\\/logo-black.gif\",\"width\":71,\"height\":64,\"caption\":\"Europe Hungarian\"},\"image\":{\"@id\":\"https:\\\/\\\/www.alcoawheels.com\\\/europe\\\/hu\\\/#\\\/schema\\\/logo\\\/image\\\/\"}}]}<\/script>\n<!-- \/ Yoast SEO Premium plugin. -->","yoast_head_json":{"title":"Alkalmaz\u00e1si ter\u00fcletek | Alcoa Wheels","description":"Az Alcoa\u00ae felnik t\u00f6bb fajta m\u00e9retben, f\u00e9nyez\u00e9ssel \u00e9s fel\u00fcletkezel\u00e9ssel is kaphat\u00f3k az \u00d6n alkalmaz\u00e1s\u00e1nak megfelel\u0151en. Megold\u00e1sokat k\u00edn\u00e1lunk neh\u00e9z teherg\u00e9pkocsik \u00e9s vontatm\u00e1nyok, k\u00f6zepes teherg\u00e9pj\u00e1rm\u0171vek, valamint v\u00e1rosi, helyk\u00f6zi \u00e9s aut\u00f3buszok sz\u00e1m\u00e1ra.","robots":{"index":"index","follow":"follow","max-snippet":"max-snippet:-1","max-image-preview":"max-image-preview:large","max-video-preview":"max-video-preview:-1"},"canonical":"https:\/\/www.alcoawheels.com\/europe\/hu\/alkalmazasi-teruletek\/","og_locale":"en_US","og_type":"article","og_title":"Alkalmaz\u00e1si ter\u00fcletek","og_description":"Az Alcoa\u00ae felnik t\u00f6bb fajta m\u00e9retben, f\u00e9nyez\u00e9ssel \u00e9s fel\u00fcletkezel\u00e9ssel is kaphat\u00f3k az \u00d6n alkalmaz\u00e1s\u00e1nak megfelel\u0151en. Megold\u00e1sokat k\u00edn\u00e1lunk neh\u00e9z teherg\u00e9pkocsik \u00e9s vontatm\u00e1nyok, k\u00f6zepes teherg\u00e9pj\u00e1rm\u0171vek, valamint v\u00e1rosi, helyk\u00f6zi \u00e9s aut\u00f3buszok sz\u00e1m\u00e1ra.","og_url":"https:\/\/www.alcoawheels.com\/europe\/hu\/alkalmazasi-teruletek\/","og_site_name":"Europe Hungarian","article_modified_time":"2025-11-20T19:34:28+00:00","og_image":[{"url":"https:\/\/www.alcoawheels.com\/europe\/hu\/wp-content\/uploads\/sites\/16\/2023\/06\/applications-banner.jpeg","type":"","width":"","height":""}],"twitter_card":"summary_large_image","twitter_misc":{"Est. reading time":"3 minutes"},"schema":{"@context":"https:\/\/schema.org","@graph":[{"@type":"WebPage","@id":"https:\/\/www.alcoawheels.com\/europe\/hu\/alkalmazasi-teruletek\/","url":"https:\/\/www.alcoawheels.com\/europe\/hu\/alkalmazasi-teruletek\/","name":"Alkalmaz\u00e1si ter\u00fcletek | Alcoa Wheels","isPartOf":{"@id":"https:\/\/www.alcoawheels.com\/europe\/hu\/#website"},"primaryImageOfPage":{"@id":"https:\/\/www.alcoawheels.com\/europe\/hu\/alkalmazasi-teruletek\/#primaryimage"},"image":{"@id":"https:\/\/www.alcoawheels.com\/europe\/hu\/alkalmazasi-teruletek\/#primaryimage"},"thumbnailUrl":"https:\/\/www.alcoawheels.com\/europe\/hu\/wp-content\/uploads\/sites\/16\/2023\/06\/applications-banner.jpeg","datePublished":"2023-05-26T07:10:50+00:00","dateModified":"2025-11-20T19:34:28+00:00","description":"Az Alcoa\u00ae felnik t\u00f6bb fajta m\u00e9retben, f\u00e9nyez\u00e9ssel \u00e9s fel\u00fcletkezel\u00e9ssel is kaphat\u00f3k az \u00d6n alkalmaz\u00e1s\u00e1nak megfelel\u0151en. Megold\u00e1sokat k\u00edn\u00e1lunk neh\u00e9z teherg\u00e9pkocsik \u00e9s vontatm\u00e1nyok, k\u00f6zepes teherg\u00e9pj\u00e1rm\u0171vek, valamint v\u00e1rosi, helyk\u00f6zi \u00e9s aut\u00f3buszok sz\u00e1m\u00e1ra.","breadcrumb":{"@id":"https:\/\/www.alcoawheels.com\/europe\/hu\/alkalmazasi-teruletek\/#breadcrumb"},"inLanguage":"en-US","potentialAction":[{"@type":"ReadAction","target":["https:\/\/www.alcoawheels.com\/europe\/hu\/alkalmazasi-teruletek\/"]}]},{"@type":"ImageObject","inLanguage":"en-US","@id":"https:\/\/www.alcoawheels.com\/europe\/hu\/alkalmazasi-teruletek\/#primaryimage","url":"https:\/\/www.alcoawheels.com\/europe\/hu\/wp-content\/uploads\/sites\/16\/2023\/06\/applications-banner.jpeg","contentUrl":"https:\/\/www.alcoawheels.com\/europe\/hu\/wp-content\/uploads\/sites\/16\/2023\/06\/applications-banner.jpeg","width":1119,"height":280,"caption":"Alcoa Wheels application"},{"@type":"BreadcrumbList","@id":"https:\/\/www.alcoawheels.com\/europe\/hu\/alkalmazasi-teruletek\/#breadcrumb","itemListElement":[{"@type":"ListItem","position":1,"name":"Home","item":"https:\/\/www.alcoawheels.com\/europe\/hu\/"},{"@type":"ListItem","position":2,"name":"Alkalmaz\u00e1si ter\u00fcletek"}]},{"@type":"WebSite","@id":"https:\/\/www.alcoawheels.com\/europe\/hu\/#website","url":"https:\/\/www.alcoawheels.com\/europe\/hu\/","name":"Europe Hungarian","description":"","publisher":{"@id":"https:\/\/www.alcoawheels.com\/europe\/hu\/#organization"},"potentialAction":[{"@type":"SearchAction","target":{"@type":"EntryPoint","urlTemplate":"https:\/\/www.alcoawheels.com\/europe\/hu\/?s={search_term_string}"},"query-input":{"@type":"PropertyValueSpecification","valueRequired":true,"valueName":"search_term_string"}}],"inLanguage":"en-US"},{"@type":"Organization","@id":"https:\/\/www.alcoawheels.com\/europe\/hu\/#organization","name":"Europe Hungarian","url":"https:\/\/www.alcoawheels.com\/europe\/hu\/","logo":{"@type":"ImageObject","inLanguage":"en-US","@id":"https:\/\/www.alcoawheels.com\/europe\/hu\/#\/schema\/logo\/image\/","url":"https:\/\/www.alcoawheels.com\/europe\/hu\/wp-content\/uploads\/sites\/16\/2023\/05\/logo-black.gif","contentUrl":"https:\/\/www.alcoawheels.com\/europe\/hu\/wp-content\/uploads\/sites\/16\/2023\/05\/logo-black.gif","width":71,"height":64,"caption":"Europe Hungarian"},"image":{"@id":"https:\/\/www.alcoawheels.com\/europe\/hu\/#\/schema\/logo\/image\/"}}]}},"parsely":{"version":"1.1.0","canonical_url":"https:\/\/alcoawheels.com\/europe\/hu\/alkalmazasi-teruletek\/","smart_links":{"inbound":0,"outbound":0},"traffic_boost_suggestions_count":0,"meta":{"@context":"https:\/\/schema.org","@type":"WebPage","headline":"Alkalmaz\u00e1si ter\u00fcletek","url":"http:\/\/www.alcoawheels.com\/europe\/hu\/alkalmazasi-teruletek\/","mainEntityOfPage":{"@type":"WebPage","@id":"http:\/\/www.alcoawheels.com\/europe\/hu\/alkalmazasi-teruletek\/"},"thumbnailUrl":"","image":{"@type":"ImageObject","url":""},"articleSection":"Uncategorized","author":[{"@type":"Person","name":"howmet"}],"creator":["howmet"],"publisher":{"@type":"Organization","name":"Europe Hungarian","logo":""},"keywords":[],"dateCreated":"2023-05-26T07:10:50Z","datePublished":"2023-05-26T07:10:50Z","dateModified":"2025-11-20T19:34:28Z"},"rendered":"<script type=\"application\/ld+json\" class=\"wp-parsely-metadata\">{\"@context\":\"https:\\\/\\\/schema.org\",\"@type\":\"WebPage\",\"headline\":\"Alkalmaz\\u00e1si ter\\u00fcletek\",\"url\":\"http:\\\/\\\/www.alcoawheels.com\\\/europe\\\/hu\\\/alkalmazasi-teruletek\\\/\",\"mainEntityOfPage\":{\"@type\":\"WebPage\",\"@id\":\"http:\\\/\\\/www.alcoawheels.com\\\/europe\\\/hu\\\/alkalmazasi-teruletek\\\/\"},\"thumbnailUrl\":\"\",\"image\":{\"@type\":\"ImageObject\",\"url\":\"\"},\"articleSection\":\"Uncategorized\",\"author\":[{\"@type\":\"Person\",\"name\":\"howmet\"}],\"creator\":[\"howmet\"],\"publisher\":{\"@type\":\"Organization\",\"name\":\"Europe Hungarian\",\"logo\":\"\"},\"keywords\":[],\"dateCreated\":\"2023-05-26T07:10:50Z\",\"datePublished\":\"2023-05-26T07:10:50Z\",\"dateModified\":\"2025-11-20T19:34:28Z\"}<\/script>","tracker_url":"https:\/\/cdn.parsely.com\/keys\/alcoawheels.com\/p.js"},"jetpack_sharing_enabled":true,"_links":{"self":[{"href":"https:\/\/www.alcoawheels.com\/europe\/hu\/wp-json\/wp\/v2\/pages\/16","targetHints":{"allow":["GET"]}}],"collection":[{"href":"https:\/\/www.alcoawheels.com\/europe\/hu\/wp-json\/wp\/v2\/pages"}],"about":[{"href":"https:\/\/www.alcoawheels.com\/europe\/hu\/wp-json\/wp\/v2\/types\/page"}],"author":[{"embeddable":true,"href":"https:\/\/www.alcoawheels.com\/europe\/hu\/wp-json\/wp\/v2\/users\/44"}],"replies":[{"embeddable":true,"href":"https:\/\/www.alcoawheels.com\/europe\/hu\/wp-json\/wp\/v2\/comments?post=16"}],"version-history":[{"count":20,"href":"https:\/\/www.alcoawheels.com\/europe\/hu\/wp-json\/wp\/v2\/pages\/16\/revisions"}],"predecessor-version":[{"id":2525,"href":"https:\/\/www.alcoawheels.com\/europe\/hu\/wp-json\/wp\/v2\/pages\/16\/revisions\/2525"}],"wp:attachment":[{"href":"https:\/\/www.alcoawheels.com\/europe\/hu\/wp-json\/wp\/v2\/media?parent=16"}],"curies":[{"name":"wp","href":"https:\/\/api.w.org\/{rel}","templated":true}]}}