{"id":2300,"date":"2024-09-17T14:30:54","date_gmt":"2024-09-17T12:30:54","guid":{"rendered":"https:\/\/www.alcoawheels.com\/europe\/hu\/?page_id=2300"},"modified":"2025-02-07T15:17:58","modified_gmt":"2025-02-07T14:17:58","slug":"kerekrgisztracios-urlap-allapotkoveto","status":"publish","type":"page","link":"https:\/\/www.alcoawheels.com\/europe\/hu\/kerekrgisztracios-urlap-allapotkoveto\/","title":{"rendered":"Ker\u00e9krgisztr\u00e1ci\u00f3s \u0170rlap \u00c1llapotk\u00f6vet\u0151"},"content":{"rendered":"\n<div class=\"wp-block-alcoa-wheels-hero-banner-innerpage hero-banner with-image layout-2 overlayEnable align- vertical-align- align-center vertical-align-center\" style=\"background-color:#eee\"><img decoding=\"async\" src=\"https:\/\/www.alcoawheels.com\/europe\/en\/wp-content\/uploads\/sites\/8\/2023\/06\/fsc-intro-banner.jpg\" alt=\"Fleet Service Center for Alcoa Wheels\" class=\"responsiveImage\"\/><div class=\"hero-banner__header\" style=\"text-align:center\"><div class=\"container\"><h1 class=\"hero-banner__header--title\">Ker\u00e9krgisztr\u00e1ci\u00f3s \u0170rlap \u00c1llapotk\u00f6vet\u0151<\/h1><\/div><\/div><\/div>\n\n\n\n<div style=\"height:50px\" aria-hidden=\"true\" class=\"wp-block-spacer\"><\/div>\n\n\n    <div class=\"lead-status-block-frontend\" data-attributes=\"{&quot;email&quot;:&quot;Adja meg az e-mail c\\u00edm\\u00e9t&quot;,&quot;leadId&quot;:&quot;Adja meg a k\\u00e9r\\u00e9s azonos\\u00edt\\u00f3j\\u00e1t&quot;,&quot;status&quot;:&quot;\\u00c1llapotinform\\u00e1ci\\u00f3&quot;,&quot;resetText&quot;:&quot;T\\u00f6rl\\u00e9s&quot;,&quot;loading&quot;:&quot;\\u00c1llapot bet\\u00f6lt\\u00e9se\\u2026&quot;,&quot;noMatch&quot;:&quot;A megadott e-mail c\\u00edmhez \\u00e9s azonos\\u00edt\\u00f3hoz nem tal\\u00e1ltunk megfelel\\u0151 k\\u00e9r\\u00e9st. K\\u00e9rj\\u00fck, ellen\\u0151rizze adatait, \\u00e9s pr\\u00f3b\\u00e1lja meg \\u00fajra.&quot;,&quot;dearCustomer&quot;:&quot;Kedves \\u00dcgyf\\u00e9l&quot;,&quot;thankYou&quot;:&quot;A ker\\u00e9k regisztr\\u00e1ci\\u00f3s azonos\\u00edt\\u00f3j\\u00e1nak legfrissebb st\\u00e1tusz\\u00e1t al\\u00e1bb tal\\u00e1lja:&quot;,&quot;customerMessage&quot;:&quot;A ker\\u00e9k regisztr\\u00e1ci\\u00f3s azonos\\u00edt\\u00f3j\\u00e1nak legfrissebb st\\u00e1tusza &quot;,&quot;description&quot;:&quot;Weboldal le\\u00edr\\u00e1sa&quot;,&quot;followMessage&quot;:&quot;Tov\\u00e1bbi inform\\u00e1ci\\u00f3\\u00e9rt k\\u00e9rj\\u00fck, vegye fel vel\\u00fcnk a kapcsolatot:&quot;,&quot;followEmail&quot;:&quot;fleet@howmet.com&quot;,&quot;followPhone&quot;:&quot;vagy +3622531841 munkanapokon 8.00-16:30 CET k\\u00f6z\\u00f6tt.&quot;,&quot;checkboxText&quot;:&quot;Jel\\u00f6lje be a n\\u00e9gyzetet, hogy elfogadja&quot;,&quot;privacyText&quot;:&quot;adatv\\u00e9delmi szab\\u00e1lyzatunkat.&quot;,&quot;privacyLink&quot;:&quot;\\\/europe\\\/hu\\\/adatvedelem\\\/&quot;,&quot;consentMessage&quot;:&quot;A k\\u00e9relem elk\\u00fcld\\u00e9s\\u00e9vel hozz\\u00e1j\\u00e1rulok a fent megadott szem\\u00e9lyes adataim tov\\u00e1bb\\u00edt\\u00e1s\\u00e1hoz a Howmet Aerospace Inc.\\n\\u00e9s az Amerikai Egyes\\u00fclt \\u00c1llamokban \\u00e9s m\\u00e1shol tal\\u00e1lhat\\u00f3 valamennyi ellen\\u0151rz\\u00f6tt szervezet\\u00e9hez, valamint az \\u00e1ltaluk felhatalmazott harmadik f\\u00e9l v\\u00e1llalkoz\\u00f3khoz vagy megb\\u00edzottakhoz, valamint az ilyen adatoknak a k\\u00e9r\\u00e9sem megv\\u00e1laszol\\u00e1sa c\\u00e9lj\\u00e1b\\u00f3l t\\u00f6rt\\u00e9n\\u0151 feldolgoz\\u00e1s\\u00e1hoz. A Howmet Aerospace Inc. a megadott adatokat kiz\\u00e1r\\u00f3lag a k\\u00e9r\\u00e9s megv\\u00e1laszol\\u00e1sa c\\u00e9lj\\u00e1b\\u00f3l haszn\\u00e1lja fel, \\u00e9s az adatokat csak addig t\\u00e1rolja, ameddig az a k\\u00e9r\\u00e9s teljes\\u00edt\\u00e9s\\u00e9hez felt\\u00e9tlen\\u00fcl sz\\u00fcks\\u00e9ges. Meger\\u0151s\\u00edtem, hogy teljes k\\u00f6r\\u0171en t\\u00e1j\\u00e9koztattak a szem\\u00e9lyes adataim feldolgoz\\u00e1s\\u00e1nak \\u00e9s tov\\u00e1bb\\u00edt\\u00e1s\\u00e1nak okair\\u00f3l, \\u00e9s tiszt\\u00e1ban vagyok az ilyen szem\\u00e9lyes adatokkal kapcsolatos valamennyi jogommal \\u00e9s az alkalmazand\\u00f3 jogszab\\u00e1lyokkal. Ha a k\\u00e9s\\u0151bbiekben b\\u00e1rmikor \\u00fagy d\\u00f6nt\\u00f6k, hogy vissza k\\u00edv\\u00e1nom vonni a fent megadott hozz\\u00e1j\\u00e1rul\\u00e1somat, kapcsolatba l\\u00e9pek a Howmet Aerospace-szal, hogy t\\u00e1j\\u00e9koztassam \\u0151ket err\\u0151l a d\\u00f6nt\\u00e9semr\\u0151l. Jogom van tov\\u00e1bb\\u00e1 a Howmet Aerospace \\u00e1ltal t\\u00e1rolt helytelen adatok helyesb\\u00edt\\u00e9s\\u00e9hez.&quot;,&quot;leadStatus&quot;:&quot;Lead Status&quot;,&quot;leadTime&quot;:&quot;Lead Time&quot;}\">\n        <form class=\"lead_form\">\n            <input type=\"email\" placeholder=\"Adja meg az e-mail c\u00edm\u00e9t\" required class=\"email_input\">\n            <input type=\"text\" placeholder=\"Adja meg a k\u00e9r\u00e9s azonos\u00edt\u00f3j\u00e1t\" required>\n            <button type=\"submit\" class=\"input-group-addon submit_button\" disabled>\u00c1llapotinform\u00e1ci\u00f3<\/button>\n            <button type=\"button\" class=\"input-group-addon reset-button\">T\u00f6rl\u00e9s<\/button>\n            <p class=\"field-label consent-label\"><strong>Jel\u00f6lje be a n\u00e9gyzetet, hogy elfogadja<\/strong> <a href=\"\/europe\/hu\/adatvedelem\/\" target=\"_blank\">adatv\u00e9delmi szab\u00e1lyzatunkat.<\/a>.<\/p>\n            <div class=\"checkbox-group\" id=\"checkbox_group\">\n                <div class=\"formbuilder-checkbox\">\n                    <input type=\"checkbox\" id=\"consent\" name=\"consent_message\" value=\"A k\u00e9relem elk\u00fcld\u00e9s\u00e9vel hozz\u00e1j\u00e1rulok a fent megadott szem\u00e9lyes adataim tov\u00e1bb\u00edt\u00e1s\u00e1hoz a Howmet Aerospace Inc.\n\u00e9s az Amerikai Egyes\u00fclt \u00c1llamokban \u00e9s m\u00e1shol tal\u00e1lhat\u00f3 valamennyi ellen\u0151rz\u00f6tt szervezet\u00e9hez, valamint az \u00e1ltaluk felhatalmazott harmadik f\u00e9l v\u00e1llalkoz\u00f3khoz vagy megb\u00edzottakhoz, valamint az ilyen adatoknak a k\u00e9r\u00e9sem megv\u00e1laszol\u00e1sa c\u00e9lj\u00e1b\u00f3l t\u00f6rt\u00e9n\u0151 feldolgoz\u00e1s\u00e1hoz. A Howmet Aerospace Inc. a megadott adatokat kiz\u00e1r\u00f3lag a k\u00e9r\u00e9s megv\u00e1laszol\u00e1sa c\u00e9lj\u00e1b\u00f3l haszn\u00e1lja fel, \u00e9s az adatokat csak addig t\u00e1rolja, ameddig az a k\u00e9r\u00e9s teljes\u00edt\u00e9s\u00e9hez felt\u00e9tlen\u00fcl sz\u00fcks\u00e9ges. Meger\u0151s\u00edtem, hogy teljes k\u00f6r\u0171en t\u00e1j\u00e9koztattak a szem\u00e9lyes adataim feldolgoz\u00e1s\u00e1nak \u00e9s tov\u00e1bb\u00edt\u00e1s\u00e1nak okair\u00f3l, \u00e9s tiszt\u00e1ban vagyok az ilyen szem\u00e9lyes adatokkal kapcsolatos valamennyi jogommal \u00e9s az alkalmazand\u00f3 jogszab\u00e1lyokkal. Ha a k\u00e9s\u0151bbiekben b\u00e1rmikor \u00fagy d\u00f6nt\u00f6k, hogy vissza k\u00edv\u00e1nom vonni a fent megadott hozz\u00e1j\u00e1rul\u00e1somat, kapcsolatba l\u00e9pek a Howmet Aerospace-szal, hogy t\u00e1j\u00e9koztassam \u0151ket err\u0151l a d\u00f6nt\u00e9semr\u0151l. Jogom van tov\u00e1bb\u00e1 a Howmet Aerospace \u00e1ltal t\u00e1rolt helytelen adatok helyesb\u00edt\u00e9s\u00e9hez.\" class=\"consent_message\" required>\n                    <label for=\"consent_message\">A k\u00e9relem elk\u00fcld\u00e9s\u00e9vel hozz\u00e1j\u00e1rulok a fent megadott szem\u00e9lyes adataim tov\u00e1bb\u00edt\u00e1s\u00e1hoz a Howmet Aerospace Inc.\n\u00e9s az Amerikai Egyes\u00fclt \u00c1llamokban \u00e9s m\u00e1shol tal\u00e1lhat\u00f3 valamennyi ellen\u0151rz\u00f6tt szervezet\u00e9hez, valamint az \u00e1ltaluk felhatalmazott harmadik f\u00e9l v\u00e1llalkoz\u00f3khoz vagy megb\u00edzottakhoz, valamint az ilyen adatoknak a k\u00e9r\u00e9sem megv\u00e1laszol\u00e1sa c\u00e9lj\u00e1b\u00f3l t\u00f6rt\u00e9n\u0151 feldolgoz\u00e1s\u00e1hoz. A Howmet Aerospace Inc. a megadott adatokat kiz\u00e1r\u00f3lag a k\u00e9r\u00e9s megv\u00e1laszol\u00e1sa c\u00e9lj\u00e1b\u00f3l haszn\u00e1lja fel, \u00e9s az adatokat csak addig t\u00e1rolja, ameddig az a k\u00e9r\u00e9s teljes\u00edt\u00e9s\u00e9hez felt\u00e9tlen\u00fcl sz\u00fcks\u00e9ges. Meger\u0151s\u00edtem, hogy teljes k\u00f6r\u0171en t\u00e1j\u00e9koztattak a szem\u00e9lyes adataim feldolgoz\u00e1s\u00e1nak \u00e9s tov\u00e1bb\u00edt\u00e1s\u00e1nak okair\u00f3l, \u00e9s tiszt\u00e1ban vagyok az ilyen szem\u00e9lyes adatokkal kapcsolatos valamennyi jogommal \u00e9s az alkalmazand\u00f3 jogszab\u00e1lyokkal. Ha a k\u00e9s\u0151bbiekben b\u00e1rmikor \u00fagy d\u00f6nt\u00f6k, hogy vissza k\u00edv\u00e1nom vonni a fent megadott hozz\u00e1j\u00e1rul\u00e1somat, kapcsolatba l\u00e9pek a Howmet Aerospace-szal, hogy t\u00e1j\u00e9koztassam \u0151ket err\u0151l a d\u00f6nt\u00e9semr\u0151l. Jogom van tov\u00e1bb\u00e1 a Howmet Aerospace \u00e1ltal t\u00e1rolt helytelen adatok helyesb\u00edt\u00e9s\u00e9hez.<\/label>\n                <\/div>\n            <\/div>\n        <\/form>\n        <div class=\"lead_section\"><\/div>\n    <\/div>\n\n\n\n<div style=\"height:50px\" aria-hidden=\"true\" class=\"wp-block-spacer\"><\/div>\n\n\n\n<p>M\u00e1s ker\u00e9k regisztr\u00e1ci\u00f3s \u0171rlapot kell beny\u00fajtania? K\u00e9rj\u00fck, kattintson<a href=\"https:\/\/www.alcoawheels.com\/europe\/hu\/flotta-szervizkozpont\/\"> ide<\/a>.<\/p>\n\n\n\n<p>Ha b\u00e1rmilyen probl\u00e9ma mer\u00fcl fel, vagy b\u00e1rmilyen k\u00e9rd\u00e9se van, k\u00e9rj\u00fck, l\u00e1togasson el a <a href=\"https:\/\/www.alcoawheels.com\/europe\/hu\/fsc-bemutatkozas\/\">Flotta szervizk\u00f6zpontba<\/a> \u00e9s\/vagy a <a href=\"https:\/\/www.alcoawheels.com\/europe\/hu\/gyik\/\">GYIK r\u00e9szleg\u00fcnkbe<\/a>.<\/p>\n\n\n\n<p><\/p>\n","protected":false},"excerpt":{"rendered":"<p>M\u00e1s ker\u00e9k regisztr\u00e1ci\u00f3s \u0171rlapot kell beny\u00fajtania? K\u00e9rj\u00fck, kattintson ide. Ha b\u00e1rmilyen probl\u00e9ma mer\u00fcl fel, vagy b\u00e1rmilyen k\u00e9rd\u00e9se van, k\u00e9rj\u00fck, l\u00e1togasson el a Flotta szervizk\u00f6zpontba \u00e9s\/vagy a GYIK r\u00e9szleg\u00fcnkbe.<\/p>\n","protected":false},"author":62,"featured_media":0,"parent":0,"menu_order":0,"comment_status":"closed","ping_status":"closed","template":"","meta":{"_acf_changed":false,"protected_reviewer_email":"","editor_notices":[],"footnotes":""},"class_list":["post-2300","page","type-page","status-publish","hentry"],"acf":[],"yoast_head":"<!-- This site is optimized with the Yoast SEO Premium plugin v27.2 (Yoast SEO v27.2) - https:\/\/yoast.com\/product\/yoast-seo-premium-wordpress\/ -->\n<title>Ker\u00e9krgisztr\u00e1ci\u00f3s \u0170rlap \u00c1llapotk\u00f6vet\u0151 - Europe Hungarian<\/title>\n<meta name=\"robots\" content=\"index, follow, max-snippet:-1, max-image-preview:large, max-video-preview:-1\" \/>\n<link rel=\"canonical\" href=\"https:\/\/www.alcoawheels.com\/europe\/hu\/kerekrgisztracios-urlap-allapotkoveto\/\" \/>\n<meta property=\"og:locale\" content=\"en_US\" \/>\n<meta property=\"og:type\" content=\"article\" \/>\n<meta property=\"og:title\" content=\"Ker\u00e9krgisztr\u00e1ci\u00f3s \u0170rlap \u00c1llapotk\u00f6vet\u0151\" \/>\n<meta property=\"og:description\" content=\"M\u00e1s ker\u00e9k regisztr\u00e1ci\u00f3s \u0171rlapot kell beny\u00fajtania? K\u00e9rj\u00fck, kattintson ide. Ha b\u00e1rmilyen probl\u00e9ma mer\u00fcl fel, vagy b\u00e1rmilyen k\u00e9rd\u00e9se van, k\u00e9rj\u00fck, l\u00e1togasson el a Flotta szervizk\u00f6zpontba \u00e9s\/vagy a GYIK r\u00e9szleg\u00fcnkbe.\" \/>\n<meta property=\"og:url\" content=\"https:\/\/www.alcoawheels.com\/europe\/hu\/kerekrgisztracios-urlap-allapotkoveto\/\" \/>\n<meta property=\"og:site_name\" content=\"Europe Hungarian\" \/>\n<meta property=\"article:modified_time\" content=\"2025-02-07T14:17:58+00:00\" \/>\n<meta property=\"og:image\" content=\"https:\/\/www.alcoawheels.com\/europe\/en\/wp-content\/uploads\/sites\/8\/2023\/06\/fsc-intro-banner.jpg\" \/>\n<meta name=\"twitter:card\" content=\"summary_large_image\" \/>\n<meta name=\"twitter:label1\" content=\"Est. reading time\" \/>\n\t<meta name=\"twitter:data1\" content=\"1 minute\" \/>\n<script type=\"application\/ld+json\" class=\"yoast-schema-graph\">{\"@context\":\"https:\/\/schema.org\",\"@graph\":[{\"@type\":\"WebPage\",\"@id\":\"https:\/\/www.alcoawheels.com\/europe\/hu\/kerekrgisztracios-urlap-allapotkoveto\/\",\"url\":\"https:\/\/www.alcoawheels.com\/europe\/hu\/kerekrgisztracios-urlap-allapotkoveto\/\",\"name\":\"Ker\u00e9krgisztr\u00e1ci\u00f3s \u0170rlap \u00c1llapotk\u00f6vet\u0151 - Europe Hungarian\",\"isPartOf\":{\"@id\":\"https:\/\/www.alcoawheels.com\/europe\/hu\/#website\"},\"primaryImageOfPage\":{\"@id\":\"https:\/\/www.alcoawheels.com\/europe\/hu\/kerekrgisztracios-urlap-allapotkoveto\/#primaryimage\"},\"image\":{\"@id\":\"https:\/\/www.alcoawheels.com\/europe\/hu\/kerekrgisztracios-urlap-allapotkoveto\/#primaryimage\"},\"thumbnailUrl\":\"https:\/\/www.alcoawheels.com\/europe\/en\/wp-content\/uploads\/sites\/8\/2023\/06\/fsc-intro-banner.jpg\",\"datePublished\":\"2024-09-17T12:30:54+00:00\",\"dateModified\":\"2025-02-07T14:17:58+00:00\",\"breadcrumb\":{\"@id\":\"https:\/\/www.alcoawheels.com\/europe\/hu\/kerekrgisztracios-urlap-allapotkoveto\/#breadcrumb\"},\"inLanguage\":\"en-US\",\"potentialAction\":[{\"@type\":\"ReadAction\",\"target\":[\"https:\/\/www.alcoawheels.com\/europe\/hu\/kerekrgisztracios-urlap-allapotkoveto\/\"]}]},{\"@type\":\"ImageObject\",\"inLanguage\":\"en-US\",\"@id\":\"https:\/\/www.alcoawheels.com\/europe\/hu\/kerekrgisztracios-urlap-allapotkoveto\/#primaryimage\",\"url\":\"https:\/\/www.alcoawheels.com\/europe\/en\/wp-content\/uploads\/sites\/8\/2023\/06\/fsc-intro-banner.jpg\",\"contentUrl\":\"https:\/\/www.alcoawheels.com\/europe\/en\/wp-content\/uploads\/sites\/8\/2023\/06\/fsc-intro-banner.jpg\"},{\"@type\":\"BreadcrumbList\",\"@id\":\"https:\/\/www.alcoawheels.com\/europe\/hu\/kerekrgisztracios-urlap-allapotkoveto\/#breadcrumb\",\"itemListElement\":[{\"@type\":\"ListItem\",\"position\":1,\"name\":\"Home\",\"item\":\"https:\/\/www.alcoawheels.com\/europe\/hu\/\"},{\"@type\":\"ListItem\",\"position\":2,\"name\":\"Ker\u00e9krgisztr\u00e1ci\u00f3s \u0170rlap \u00c1llapotk\u00f6vet\u0151\"}]},{\"@type\":\"WebSite\",\"@id\":\"https:\/\/www.alcoawheels.com\/europe\/hu\/#website\",\"url\":\"https:\/\/www.alcoawheels.com\/europe\/hu\/\",\"name\":\"Europe Hungarian\",\"description\":\"\",\"publisher\":{\"@id\":\"https:\/\/www.alcoawheels.com\/europe\/hu\/#organization\"},\"potentialAction\":[{\"@type\":\"SearchAction\",\"target\":{\"@type\":\"EntryPoint\",\"urlTemplate\":\"https:\/\/www.alcoawheels.com\/europe\/hu\/?s={search_term_string}\"},\"query-input\":{\"@type\":\"PropertyValueSpecification\",\"valueRequired\":true,\"valueName\":\"search_term_string\"}}],\"inLanguage\":\"en-US\"},{\"@type\":\"Organization\",\"@id\":\"https:\/\/www.alcoawheels.com\/europe\/hu\/#organization\",\"name\":\"Europe Hungarian\",\"url\":\"https:\/\/www.alcoawheels.com\/europe\/hu\/\",\"logo\":{\"@type\":\"ImageObject\",\"inLanguage\":\"en-US\",\"@id\":\"https:\/\/www.alcoawheels.com\/europe\/hu\/#\/schema\/logo\/image\/\",\"url\":\"https:\/\/www.alcoawheels.com\/europe\/hu\/wp-content\/uploads\/sites\/16\/2023\/05\/logo-black.gif\",\"contentUrl\":\"https:\/\/www.alcoawheels.com\/europe\/hu\/wp-content\/uploads\/sites\/16\/2023\/05\/logo-black.gif\",\"width\":71,\"height\":64,\"caption\":\"Europe Hungarian\"},\"image\":{\"@id\":\"https:\/\/www.alcoawheels.com\/europe\/hu\/#\/schema\/logo\/image\/\"}}]}<\/script>\n<!-- \/ Yoast SEO Premium plugin. -->","yoast_head_json":{"title":"Ker\u00e9krgisztr\u00e1ci\u00f3s \u0170rlap \u00c1llapotk\u00f6vet\u0151 - Europe Hungarian","robots":{"index":"index","follow":"follow","max-snippet":"max-snippet:-1","max-image-preview":"max-image-preview:large","max-video-preview":"max-video-preview:-1"},"canonical":"https:\/\/www.alcoawheels.com\/europe\/hu\/kerekrgisztracios-urlap-allapotkoveto\/","og_locale":"en_US","og_type":"article","og_title":"Ker\u00e9krgisztr\u00e1ci\u00f3s \u0170rlap \u00c1llapotk\u00f6vet\u0151","og_description":"M\u00e1s ker\u00e9k regisztr\u00e1ci\u00f3s \u0171rlapot kell beny\u00fajtania? K\u00e9rj\u00fck, kattintson ide. Ha b\u00e1rmilyen probl\u00e9ma mer\u00fcl fel, vagy b\u00e1rmilyen k\u00e9rd\u00e9se van, k\u00e9rj\u00fck, l\u00e1togasson el a Flotta szervizk\u00f6zpontba \u00e9s\/vagy a GYIK r\u00e9szleg\u00fcnkbe.","og_url":"https:\/\/www.alcoawheels.com\/europe\/hu\/kerekrgisztracios-urlap-allapotkoveto\/","og_site_name":"Europe Hungarian","article_modified_time":"2025-02-07T14:17:58+00:00","og_image":[{"url":"https:\/\/www.alcoawheels.com\/europe\/en\/wp-content\/uploads\/sites\/8\/2023\/06\/fsc-intro-banner.jpg","type":"","width":"","height":""}],"twitter_card":"summary_large_image","twitter_misc":{"Est. reading time":"1 minute"},"schema":{"@context":"https:\/\/schema.org","@graph":[{"@type":"WebPage","@id":"https:\/\/www.alcoawheels.com\/europe\/hu\/kerekrgisztracios-urlap-allapotkoveto\/","url":"https:\/\/www.alcoawheels.com\/europe\/hu\/kerekrgisztracios-urlap-allapotkoveto\/","name":"Ker\u00e9krgisztr\u00e1ci\u00f3s \u0170rlap \u00c1llapotk\u00f6vet\u0151 - Europe Hungarian","isPartOf":{"@id":"https:\/\/www.alcoawheels.com\/europe\/hu\/#website"},"primaryImageOfPage":{"@id":"https:\/\/www.alcoawheels.com\/europe\/hu\/kerekrgisztracios-urlap-allapotkoveto\/#primaryimage"},"image":{"@id":"https:\/\/www.alcoawheels.com\/europe\/hu\/kerekrgisztracios-urlap-allapotkoveto\/#primaryimage"},"thumbnailUrl":"https:\/\/www.alcoawheels.com\/europe\/en\/wp-content\/uploads\/sites\/8\/2023\/06\/fsc-intro-banner.jpg","datePublished":"2024-09-17T12:30:54+00:00","dateModified":"2025-02-07T14:17:58+00:00","breadcrumb":{"@id":"https:\/\/www.alcoawheels.com\/europe\/hu\/kerekrgisztracios-urlap-allapotkoveto\/#breadcrumb"},"inLanguage":"en-US","potentialAction":[{"@type":"ReadAction","target":["https:\/\/www.alcoawheels.com\/europe\/hu\/kerekrgisztracios-urlap-allapotkoveto\/"]}]},{"@type":"ImageObject","inLanguage":"en-US","@id":"https:\/\/www.alcoawheels.com\/europe\/hu\/kerekrgisztracios-urlap-allapotkoveto\/#primaryimage","url":"https:\/\/www.alcoawheels.com\/europe\/en\/wp-content\/uploads\/sites\/8\/2023\/06\/fsc-intro-banner.jpg","contentUrl":"https:\/\/www.alcoawheels.com\/europe\/en\/wp-content\/uploads\/sites\/8\/2023\/06\/fsc-intro-banner.jpg"},{"@type":"BreadcrumbList","@id":"https:\/\/www.alcoawheels.com\/europe\/hu\/kerekrgisztracios-urlap-allapotkoveto\/#breadcrumb","itemListElement":[{"@type":"ListItem","position":1,"name":"Home","item":"https:\/\/www.alcoawheels.com\/europe\/hu\/"},{"@type":"ListItem","position":2,"name":"Ker\u00e9krgisztr\u00e1ci\u00f3s \u0170rlap \u00c1llapotk\u00f6vet\u0151"}]},{"@type":"WebSite","@id":"https:\/\/www.alcoawheels.com\/europe\/hu\/#website","url":"https:\/\/www.alcoawheels.com\/europe\/hu\/","name":"Europe Hungarian","description":"","publisher":{"@id":"https:\/\/www.alcoawheels.com\/europe\/hu\/#organization"},"potentialAction":[{"@type":"SearchAction","target":{"@type":"EntryPoint","urlTemplate":"https:\/\/www.alcoawheels.com\/europe\/hu\/?s={search_term_string}"},"query-input":{"@type":"PropertyValueSpecification","valueRequired":true,"valueName":"search_term_string"}}],"inLanguage":"en-US"},{"@type":"Organization","@id":"https:\/\/www.alcoawheels.com\/europe\/hu\/#organization","name":"Europe Hungarian","url":"https:\/\/www.alcoawheels.com\/europe\/hu\/","logo":{"@type":"ImageObject","inLanguage":"en-US","@id":"https:\/\/www.alcoawheels.com\/europe\/hu\/#\/schema\/logo\/image\/","url":"https:\/\/www.alcoawheels.com\/europe\/hu\/wp-content\/uploads\/sites\/16\/2023\/05\/logo-black.gif","contentUrl":"https:\/\/www.alcoawheels.com\/europe\/hu\/wp-content\/uploads\/sites\/16\/2023\/05\/logo-black.gif","width":71,"height":64,"caption":"Europe Hungarian"},"image":{"@id":"https:\/\/www.alcoawheels.com\/europe\/hu\/#\/schema\/logo\/image\/"}}]}},"parsely":{"version":"1.1.0","canonical_url":"https:\/\/alcoawheels.com\/europe\/hu\/kerekrgisztracios-urlap-allapotkoveto\/","smart_links":{"inbound":0,"outbound":0},"traffic_boost_suggestions_count":0,"meta":{"@context":"https:\/\/schema.org","@type":"WebPage","headline":"Ker\u00e9krgisztr\u00e1ci\u00f3s \u0170rlap \u00c1llapotk\u00f6vet\u0151","url":"http:\/\/www.alcoawheels.com\/europe\/hu\/kerekrgisztracios-urlap-allapotkoveto\/","mainEntityOfPage":{"@type":"WebPage","@id":"http:\/\/www.alcoawheels.com\/europe\/hu\/kerekrgisztracios-urlap-allapotkoveto\/"},"thumbnailUrl":"","image":{"@type":"ImageObject","url":""},"articleSection":"Uncategorized","author":[{"@type":"Person","name":"riccirm"}],"creator":["riccirm"],"publisher":{"@type":"Organization","name":"Europe Hungarian","logo":""},"keywords":[],"dateCreated":"2024-09-17T12:30:54Z","datePublished":"2024-09-17T12:30:54Z","dateModified":"2025-02-07T14:17:58Z"},"rendered":"<script type=\"application\/ld+json\" class=\"wp-parsely-metadata\">{\"@context\":\"https:\\\/\\\/schema.org\",\"@type\":\"WebPage\",\"headline\":\"Ker\\u00e9krgisztr\\u00e1ci\\u00f3s \\u0170rlap \\u00c1llapotk\\u00f6vet\\u0151\",\"url\":\"http:\\\/\\\/www.alcoawheels.com\\\/europe\\\/hu\\\/kerekrgisztracios-urlap-allapotkoveto\\\/\",\"mainEntityOfPage\":{\"@type\":\"WebPage\",\"@id\":\"http:\\\/\\\/www.alcoawheels.com\\\/europe\\\/hu\\\/kerekrgisztracios-urlap-allapotkoveto\\\/\"},\"thumbnailUrl\":\"\",\"image\":{\"@type\":\"ImageObject\",\"url\":\"\"},\"articleSection\":\"Uncategorized\",\"author\":[{\"@type\":\"Person\",\"name\":\"riccirm\"}],\"creator\":[\"riccirm\"],\"publisher\":{\"@type\":\"Organization\",\"name\":\"Europe Hungarian\",\"logo\":\"\"},\"keywords\":[],\"dateCreated\":\"2024-09-17T12:30:54Z\",\"datePublished\":\"2024-09-17T12:30:54Z\",\"dateModified\":\"2025-02-07T14:17:58Z\"}<\/script>","tracker_url":"https:\/\/cdn.parsely.com\/keys\/alcoawheels.com\/p.js"},"jetpack_sharing_enabled":true,"_links":{"self":[{"href":"https:\/\/www.alcoawheels.com\/europe\/hu\/wp-json\/wp\/v2\/pages\/2300","targetHints":{"allow":["GET"]}}],"collection":[{"href":"https:\/\/www.alcoawheels.com\/europe\/hu\/wp-json\/wp\/v2\/pages"}],"about":[{"href":"https:\/\/www.alcoawheels.com\/europe\/hu\/wp-json\/wp\/v2\/types\/page"}],"author":[{"embeddable":true,"href":"https:\/\/www.alcoawheels.com\/europe\/hu\/wp-json\/wp\/v2\/users\/62"}],"replies":[{"embeddable":true,"href":"https:\/\/www.alcoawheels.com\/europe\/hu\/wp-json\/wp\/v2\/comments?post=2300"}],"version-history":[{"count":11,"href":"https:\/\/www.alcoawheels.com\/europe\/hu\/wp-json\/wp\/v2\/pages\/2300\/revisions"}],"predecessor-version":[{"id":2350,"href":"https:\/\/www.alcoawheels.com\/europe\/hu\/wp-json\/wp\/v2\/pages\/2300\/revisions\/2350"}],"wp:attachment":[{"href":"https:\/\/www.alcoawheels.com\/europe\/hu\/wp-json\/wp\/v2\/media?parent=2300"}],"curies":[{"name":"wp","href":"https:\/\/api.w.org\/{rel}","templated":true}]}}