{"id":25,"date":"2023-05-26T07:12:07","date_gmt":"2023-05-26T07:12:07","guid":{"rendered":"https:\/\/www.alcoawheels.com\/europe\/hu\/?page_id=25"},"modified":"2025-12-15T15:10:13","modified_gmt":"2025-12-15T14:10:13","slug":"ultra-one","status":"publish","type":"page","link":"https:\/\/www.alcoawheels.com\/europe\/hu\/ultra-one\/","title":{"rendered":"Ultra ONE<sup>\u00ae<\/sup>"},"content":{"rendered":"\n<div class=\"wp-block-alcoa-wheels-hero-slider hero-slider\" id=\"hero-slider-e532864c-4313-4f24-9393-34c0bd105428\"><div class=\"ad-container-fluid\"><div class=\"hero-slider-inner\"><div class=\"hero-slider-body\"><div class=\"hero-slider-main\" data-slide-fade=\"false\" data-slide-autoplay=\"true\" data-slide-interval=\"1000\" data-slide-arrows=\"true\" data-slide-dots=\"false\" data-slide-infinite=\"false\" data-slide-show=\"1\" data-slide-scroll=\"1\"><div class=\"hero-slide-item\" style=\"background-color:#fff\"><div class=\"hero-slide-inner-wrap fullsmallslide valign-center align-left  slide-withbg mediaresponsive\"><div class=\"desktopImage hero-slider__bg\"><img loading=\"lazy\" decoding=\"async\" width=\"1920\" height=\"600\" src=\"https:\/\/www.alcoawheels.com\/europe\/hu\/wp-content\/uploads\/sites\/16\/2023\/05\/homepage-ultra-one_large.jpg\" alt=\"Thumbnail\"\/><\/div><div class=\"responsiveImage hero-slider__bg\"><img loading=\"lazy\" decoding=\"async\" width=\"1920\" height=\"600\" src=\"https:\/\/www.alcoawheels.com\/europe\/hu\/wp-content\/uploads\/sites\/16\/2023\/05\/homepage-ultra-one_small.jpg\" alt=\"Thumbnail\"\/><\/div><div class=\"hero-slide-inner\"><div class=\"hero-slide-info\"><\/div><\/div><\/div><\/div><\/div><\/div><\/div><\/div><\/div>\n\n\n\n<div class=\"wp-block-alcoa-wheels-youtube-video youtube-video-main\"><div class=\"youtube-Videos container\"><div class=\"youtube-Videos-item\"><div class=\"videoWrapper privacyEnable\"><div class=\"onetrust-placeholder\"><p class=\"onetrust-message text-center vertical-center\"><span class=\"onetrust-unavailable-notice\">This content requires certain cookies to function. Please <a class=\"optanon-toggle\">accept<\/a> cookies in order to continue. You may need to refresh your browser window afterwards.<\/span><\/p><\/div><div class=\"youtube-video-wrapper\"><iframe data-src=\"\/\/www.youtube.com\/embed\/djpeFlb9S9Q?rel=0\" class=\"youtube-iframe\" title=\"video\"><\/iframe><\/div><\/div><\/div><\/div><\/div>\n\n\n\n<div style=\"height:30px\" aria-hidden=\"true\" class=\"wp-block-spacer\"><\/div>\n\n\n\n<h3 class=\"wp-block-heading\" id=\"h-folyamatosan-mozgasban-vagyunk\"><strong><em>Folyamatosan mozg\u00e1sban vagyunk.<\/em><\/strong><\/h3>\n\n\n\n<p>Az Alcoa<sup>\u00ae<\/sup> Ultra ONE<sup>\u00ae<\/sup> kerekei a legk\u00f6nnyebb \u00e9s leger\u0151sebb kerekeink. A szabadalmaztatott MagnaForce<sup>\u00ae<\/sup> \u00f6tv\u00f6zettechnol\u00f3gi\u00e1b\u00f3l k\u00e9sz\u00fclnek. Ez az \u00f6tv\u00f6zet er\u0151sebb, mint a jelenleg l\u00e9tez\u0151 ipari szabv\u00e1ny, ami lehet\u0151v\u00e9 teszi, hogy k\u00f6nnyebb kerekeket k\u00e9sz\u00edtsenek az er\u0151 kompromisszumok n\u00e9lk\u00fcl.<\/p>\n\n\n\n<h3 class=\"wp-block-heading\" id=\"h-az-alcoa-wheels-kerektermek-csalad-reszehez-tervezve\"><strong><em>Az Alcoa<sup>\u00ae<\/sup>\u00a0Wheels Ker\u00e9kterm\u00e9k csal\u00e1d r\u00e9sz\u00e9hez tervezve.<\/em><\/strong><\/h3>\n\n\n\n<p>Az Alcoa<sup>\u00ae<\/sup> Ultra ONE<sup>\u00ae<\/sup> kerekek Brushed, LvL ONE<sup>\u00ae<\/sup>, Dura-Bright<sup>\u00ae<\/sup> EVO, Dura-Flange<sup>\u00ae<\/sup> \u00e9s Dura-Bright<sup>\u00ae<\/sup>\/Dura-Flange<sup>\u00ae<\/sup> kivitelben kaphat\u00f3k.<\/p>\n\n\n\n<p>Az \u00f6sszes Alcoa<sup>\u00ae<\/sup> Ultra ONE<sup>\u00ae<\/sup> ker\u00e9khez hasonl\u00f3an:<\/p>\n\n\n\n<div class=\"wp-block-alcoa-wheels-lists alcoa-wheels-lists-block\"><div class=\"list-wrapper\"><ol style=\"list-style-type:none\">\n<div class=\"wp-block-alcoa-wheels-list-items inner-list-item-wrapper  with-icon list-item-wrapper\"><img decoding=\"async\" src=\"https:\/\/www.alcoawheels.com\/europe\/hu\/wp-content\/uploads\/sites\/16\/2023\/05\/wheel-bullet.jpg\" class=\"image-icon\" alt=\"https:\/\/www.alcoawheels.com\/europe\/hu\/wp-content\/uploads\/sites\/16\/2023\/05\/wheel-bullet.jpg\"\/><li class=\"inner-list-item  with-icon\"><span>Kiv\u00e1l\u00f3 h\u0151elvezet\u00e9ssel rendelkezik, lehet\u0151v\u00e9 t\u00e9ve az alacsonyabb m\u0171k\u00f6d\u00e9si h\u0151m\u00e9rs\u00e9klet el\u00e9r\u00e9s\u00e9t, meghosszab\u00edtva a f\u00e9k \u00e9s az abroncs \u00e9letartam\u00e1t.<\/span><\/li><\/div>\n\n\n\n<div class=\"wp-block-alcoa-wheels-list-items inner-list-item-wrapper  with-icon list-item-wrapper\"><img decoding=\"async\" src=\"https:\/\/www.alcoawheels.com\/europe\/hu\/wp-content\/uploads\/sites\/16\/2023\/05\/wheel-bullet.jpg\" class=\"image-icon\" alt=\"https:\/\/www.alcoawheels.com\/europe\/hu\/wp-content\/uploads\/sites\/16\/2023\/05\/wheel-bullet.jpg\"\/><li class=\"inner-list-item  with-icon\"><span>Az alacsonyabb t\u00f6meg hozz\u00e1j\u00e1rul a\u00a0reduk\u00e1lt CO<sub>2<\/sub>\u00a0kibocs\u00e1t\u00e1shoz \u00e9s a kevesebb \u00fczemanyag-fogyaszt\u00e1shoz.<\/span><\/li><\/div>\n<\/ol><\/div><\/div>\n\n\n\n<p>Tudjon meg t\u00f6bbet az el\u00e9rhet\u0151 Ultra ONE<sup>\u00ae<\/sup>&nbsp;m\u00e9retekr\u0151l itt:<\/p>\n\n\n\n<div class=\"wp-block-alcoa-wheels-columns-with-button columns-with-button\"><div class=\"fullcolumn\"><div class=\"columns-with-button__boxes\"><div class=\"columns-with-button__box\"><p class=\"btn-main btn-primary\"><a href=\"\/europe\/hu\/products\/alcoa-kerektarcsa-88u51x-88u52x\/\">22.5 x 8.25<\/a><\/p><\/div><div class=\"columns-with-button__box\"><p class=\"btn-main btn-primary\"><a href=\"\/europe\/hu\/products\/alcoa-kerektarcsa-88u55x-88u56x\/\">22.5 x 8.25| 4.1 t hasznos teher<\/a><\/p><\/div><div class=\"columns-with-button__box\"><p class=\"btn-main btn-primary\"><a href=\"\/europe\/hu\/products\/alcoa-kerektarcsa-89u5xx\/\">22.5 x 9.00<\/a><\/p><\/div><div class=\"columns-with-button__box\"><p class=\"btn-main btn-primary\"><a href=\"\/europe\/hu\/products\/alcoa-kerektarcsa-81u55x-81u56x\/\">22.5 x 11.75 | 0 ET | 5 t hasznos teher<\/a><\/p><\/div><div class=\"columns-with-button__box\"><p class=\"btn-main btn-primary\"><a href=\"\/europe\/hu\/products\/alcoa-kerektarcsa-81u51x-81u52x\/\">22.5 x 11.75 | 120 ET<\/a><\/p><\/div><div class=\"columns-with-button__box\"><p class=\"btn-main btn-primary\"><a href=\"\/europe\/hu\/products\/alcoa-kerektarcsa-87u51x-87u52x\/\">22.5 x 7.5| 4 t hasznos teher<\/a><\/p><\/div><div class=\"columns-with-button__box\"><p class=\"btn-main btn-primary\"><a href=\"\/europe\/hu\/products\/alcoa-kerektarcsa-77u4xx\/\"><strong>\u00daJ!<\/strong>\u00a019.5 x 7.5| 3.15 t hasznos teher<\/a><\/p><\/div><\/div><\/div><\/div>\n\n\n\n<figure class=\"wp-block-gallery alignfull has-nested-images columns-default is-cropped wp-block-gallery-1 is-layout-flex wp-block-gallery-is-layout-flex\">\n<figure class=\"wp-block-image size-large\"><img decoding=\"async\" data-id=\"271\" src=\"https:\/\/www.alcoawheels.com\/europe\/da\/wp-content\/uploads\/sites\/10\/2023\/06\/ultra-one-1.jpg?w=720\" alt=\"Ultra ONE\" class=\"wp-image-271\"\/><\/figure>\n\n\n\n<figure class=\"wp-block-image size-large\"><img decoding=\"async\" data-id=\"272\" src=\"https:\/\/www.alcoawheels.com\/europe\/da\/wp-content\/uploads\/sites\/10\/2023\/06\/ultra-one-2.jpg?w=720\" alt=\"Ultra ONE\" class=\"wp-image-272\"\/><\/figure>\n\n\n\n<figure class=\"wp-block-image size-large\"><img decoding=\"async\" data-id=\"273\" src=\"https:\/\/www.alcoawheels.com\/europe\/da\/wp-content\/uploads\/sites\/10\/2023\/06\/ultra-one-3.jpg?w=720\" alt=\"Ultra ONE\" class=\"wp-image-273\"\/><\/figure>\n<\/figure>\n\n\n\n<div class=\"wp-block-alcoa-wheels-card-usecase-1 card-box-v1__body with-icon align-center vertical-align-center\" id=\"card_box_v1-9d9b1488-72a9-4aa1-ae6e-ec68b2ed4e6d\"><div class=\"fullwidthcontainer\"><div class=\"card-box-v1__boxes has-4-columns\"><div class=\"card-box-v1__box  with-link \" style=\"background-color:#00afb9\"><img decoding=\"async\" src=\"https:\/\/www.alcoawheels.com\/europe\/hu\/wp-content\/themes\/alcoa-wheels\/assets\/build\/js\/blocks\/card-usecase-1\/..\/..\/..\/images\/placeholder-image.db2b4d5c.jpeg\" alt=\"Kapcsolat\"\/><div class=\"card-box-v1__box__inner pos-abs\"><div class=\"card-box-v1__box_icon\"><img loading=\"lazy\" decoding=\"async\" width=\"171\" height=\"171\" src=\"https:\/\/www.alcoawheels.com\/europe\/hu\/wp-content\/uploads\/sites\/16\/2023\/06\/contact.png\" alt=\"\"\/><\/div><div class=\"card-box-v1__box_content\"><h4 style=\"color:#ffffff\">Kapcsolat<\/h4><\/div><div class=\"btn-wrap\"><\/div><\/div><a href=\"\/europe\/hu\/kapcsolat\"><\/a><\/div><div class=\"card-box-v1__box  with-link \" style=\"background-color:#34bfc7\"><img decoding=\"async\" src=\"https:\/\/www.alcoawheels.com\/europe\/hu\/wp-content\/themes\/alcoa-wheels\/assets\/build\/js\/blocks\/card-usecase-1\/..\/..\/..\/images\/placeholder-image.db2b4d5c.jpeg\" alt=\"Ker\u00e9kt\u00e1rcsa-v\u00e1laszt\u00e9k\"\/><div class=\"card-box-v1__box__inner pos-abs\"><div class=\"card-box-v1__box_icon\"><img loading=\"lazy\" decoding=\"async\" width=\"169\" height=\"169\" src=\"https:\/\/www.alcoawheels.com\/europe\/hu\/wp-content\/uploads\/sites\/16\/2023\/06\/product-search.png\" alt=\"\"\/><\/div><div class=\"card-box-v1__box_content\"><h4 style=\"color:#ffffff\">Ker\u00e9kt\u00e1rcsa-v\u00e1laszt\u00e9k<\/h4><\/div><div class=\"btn-wrap\"><\/div><\/div><a href=\"\/europe\/hu\/kerektarcsa-valasztek\"><\/a><\/div><div class=\"card-box-v1__box  with-link \" style=\"background-color:#00afb9\"><img decoding=\"async\" src=\"https:\/\/www.alcoawheels.com\/europe\/hu\/wp-content\/themes\/alcoa-wheels\/assets\/build\/js\/blocks\/card-usecase-1\/..\/..\/..\/images\/placeholder-image.db2b4d5c.jpeg\" alt=\"Hol v\u00e1s\u00e1rolhatom meg?\"\/><div class=\"card-box-v1__box__inner pos-abs\"><div class=\"card-box-v1__box_icon\"><img loading=\"lazy\" decoding=\"async\" width=\"169\" height=\"169\" src=\"https:\/\/www.alcoawheels.com\/europe\/hu\/wp-content\/uploads\/sites\/16\/2023\/06\/where-to-buy.png\" alt=\"\"\/><\/div><div class=\"card-box-v1__box_content\"><h4 style=\"color:#ffffff\">Hol v\u00e1s\u00e1rolhatom meg?<\/h4><\/div><div class=\"btn-wrap\"><\/div><\/div><a href=\"\/europe\/hu\/hol-vasarolhatom-meg.\"><\/a><\/div><div class=\"card-box-v1__box  with-link \" style=\"background-color:#34bfc7\"><img decoding=\"async\" src=\"https:\/\/www.alcoawheels.com\/europe\/hu\/wp-content\/themes\/alcoa-wheels\/assets\/build\/js\/blocks\/card-usecase-1\/..\/..\/..\/images\/placeholder-image.db2b4d5c.jpeg\" alt=\"Let\u00f6lt\u00e9sek\"\/><div class=\"card-box-v1__box__inner pos-abs\"><div class=\"card-box-v1__box_icon\"><img loading=\"lazy\" decoding=\"async\" width=\"169\" height=\"169\" src=\"https:\/\/www.alcoawheels.com\/europe\/hu\/wp-content\/uploads\/sites\/16\/2023\/06\/product-literature.png\" alt=\"\"\/><\/div><div class=\"card-box-v1__box_content\"><h4 style=\"color:#ffffff\">Let\u00f6lt\u00e9sek<\/h4><\/div><div class=\"btn-wrap\"><\/div><\/div><a href=\"\/europe\/hu\/termekirodalom\"><\/a><\/div><\/div><\/div><\/div>\n","protected":false},"excerpt":{"rendered":"<p>Folyamatosan mozg\u00e1sban vagyunk. Az Alcoa\u00ae Ultra ONE\u00ae kerekei a legk\u00f6nnyebb \u00e9s leger\u0151sebb kerekeink. A szabadalmaztatott MagnaForce\u00ae \u00f6tv\u00f6zettechnol\u00f3gi\u00e1b\u00f3l k\u00e9sz\u00fclnek. Ez az \u00f6tv\u00f6zet er\u0151sebb, mint a jelenleg l\u00e9tez\u0151 ipari szabv\u00e1ny, ami lehet\u0151v\u00e9 teszi, hogy k\u00f6nnyebb kerekeket k\u00e9sz\u00edtsenek az er\u0151 kompromisszumok n\u00e9lk\u00fcl. Az Alcoa\u00ae\u00a0Wheels Ker\u00e9kterm\u00e9k csal\u00e1d r\u00e9sz\u00e9hez tervezve. Az Alcoa\u00ae Ultra ONE\u00ae kerekek Brushed, LvL ONE\u00ae, Dura-Bright\u00ae EVO, [&hellip;]<\/p>\n","protected":false},"author":44,"featured_media":0,"parent":0,"menu_order":0,"comment_status":"closed","ping_status":"closed","template":"","meta":{"_acf_changed":false,"protected_reviewer_email":"","editor_notices":[],"footnotes":""},"class_list":["post-25","page","type-page","status-publish","hentry"],"acf":[],"yoast_head":"<!-- This site is optimized with the Yoast SEO Premium plugin v27.3 (Yoast SEO v27.3) - https:\/\/yoast.com\/product\/yoast-seo-premium-wordpress\/ -->\n<title>Alcoa Wheels | Ker\u00e9kt\u00e1rcs\u00e1k | Technol\u00f3gia | Ultra ONE \u00ae<\/title>\n<meta name=\"robots\" content=\"index, follow, max-snippet:-1, max-image-preview:large, max-video-preview:-1\" \/>\n<link rel=\"canonical\" href=\"https:\/\/www.alcoawheels.com\/europe\/hu\/ultra-one\/\" \/>\n<meta property=\"og:locale\" content=\"en_US\" \/>\n<meta property=\"og:type\" content=\"article\" \/>\n<meta property=\"og:title\" content=\"Ultra ONE\u00ae\" \/>\n<meta property=\"og:description\" content=\"Folyamatosan mozg\u00e1sban vagyunk. Az Alcoa\u00ae Ultra ONE\u00ae kerekei a legk\u00f6nnyebb \u00e9s leger\u0151sebb kerekeink. A szabadalmaztatott MagnaForce\u00ae \u00f6tv\u00f6zettechnol\u00f3gi\u00e1b\u00f3l k\u00e9sz\u00fclnek. Ez az \u00f6tv\u00f6zet er\u0151sebb, mint a jelenleg l\u00e9tez\u0151 ipari szabv\u00e1ny, ami lehet\u0151v\u00e9 teszi, hogy k\u00f6nnyebb kerekeket k\u00e9sz\u00edtsenek az er\u0151 kompromisszumok n\u00e9lk\u00fcl. Az Alcoa\u00ae\u00a0Wheels Ker\u00e9kterm\u00e9k csal\u00e1d r\u00e9sz\u00e9hez tervezve. Az Alcoa\u00ae Ultra ONE\u00ae kerekek Brushed, LvL ONE\u00ae, Dura-Bright\u00ae EVO, [&hellip;]\" \/>\n<meta property=\"og:url\" content=\"https:\/\/www.alcoawheels.com\/europe\/hu\/ultra-one\/\" \/>\n<meta property=\"og:site_name\" content=\"Europe Hungarian\" \/>\n<meta property=\"article:modified_time\" content=\"2025-12-15T14:10:13+00:00\" \/>\n<meta property=\"og:image\" content=\"https:\/\/www.alcoawheels.com\/europe\/hu\/wp-content\/uploads\/sites\/16\/2023\/05\/homepage-ultra-one_large.jpg\" \/>\n<meta name=\"twitter:card\" content=\"summary_large_image\" \/>\n<meta name=\"twitter:label1\" content=\"Est. reading time\" \/>\n\t<meta name=\"twitter:data1\" content=\"4 minutes\" \/>\n<script type=\"application\/ld+json\" class=\"yoast-schema-graph\">{\"@context\":\"https:\\\/\\\/schema.org\",\"@graph\":[{\"@type\":\"WebPage\",\"@id\":\"https:\\\/\\\/www.alcoawheels.com\\\/europe\\\/hu\\\/ultra-one\\\/\",\"url\":\"https:\\\/\\\/www.alcoawheels.com\\\/europe\\\/hu\\\/ultra-one\\\/\",\"name\":\"Alcoa Wheels | Ker\u00e9kt\u00e1rcs\u00e1k | Technol\u00f3gia | Ultra ONE \u00ae\",\"isPartOf\":{\"@id\":\"https:\\\/\\\/www.alcoawheels.com\\\/europe\\\/hu\\\/#website\"},\"primaryImageOfPage\":{\"@id\":\"https:\\\/\\\/www.alcoawheels.com\\\/europe\\\/hu\\\/ultra-one\\\/#primaryimage\"},\"image\":{\"@id\":\"https:\\\/\\\/www.alcoawheels.com\\\/europe\\\/hu\\\/ultra-one\\\/#primaryimage\"},\"thumbnailUrl\":\"https:\\\/\\\/www.alcoawheels.com\\\/europe\\\/hu\\\/wp-content\\\/uploads\\\/sites\\\/16\\\/2023\\\/05\\\/homepage-ultra-one_large.jpg\",\"datePublished\":\"2023-05-26T07:12:07+00:00\",\"dateModified\":\"2025-12-15T14:10:13+00:00\",\"breadcrumb\":{\"@id\":\"https:\\\/\\\/www.alcoawheels.com\\\/europe\\\/hu\\\/ultra-one\\\/#breadcrumb\"},\"inLanguage\":\"en-US\",\"potentialAction\":[{\"@type\":\"ReadAction\",\"target\":[\"https:\\\/\\\/www.alcoawheels.com\\\/europe\\\/hu\\\/ultra-one\\\/\"]}]},{\"@type\":\"ImageObject\",\"inLanguage\":\"en-US\",\"@id\":\"https:\\\/\\\/www.alcoawheels.com\\\/europe\\\/hu\\\/ultra-one\\\/#primaryimage\",\"url\":\"https:\\\/\\\/www.alcoawheels.com\\\/europe\\\/hu\\\/wp-content\\\/uploads\\\/sites\\\/16\\\/2023\\\/05\\\/homepage-ultra-one_large.jpg\",\"contentUrl\":\"https:\\\/\\\/www.alcoawheels.com\\\/europe\\\/hu\\\/wp-content\\\/uploads\\\/sites\\\/16\\\/2023\\\/05\\\/homepage-ultra-one_large.jpg\",\"width\":1440,\"height\":440,\"caption\":\"Ultra ONE\"},{\"@type\":\"BreadcrumbList\",\"@id\":\"https:\\\/\\\/www.alcoawheels.com\\\/europe\\\/hu\\\/ultra-one\\\/#breadcrumb\",\"itemListElement\":[{\"@type\":\"ListItem\",\"position\":1,\"name\":\"Home\",\"item\":\"https:\\\/\\\/www.alcoawheels.com\\\/europe\\\/hu\\\/\"},{\"@type\":\"ListItem\",\"position\":2,\"name\":\"Ultra ONE\u00ae\"}]},{\"@type\":\"WebSite\",\"@id\":\"https:\\\/\\\/www.alcoawheels.com\\\/europe\\\/hu\\\/#website\",\"url\":\"https:\\\/\\\/www.alcoawheels.com\\\/europe\\\/hu\\\/\",\"name\":\"Europe Hungarian\",\"description\":\"\",\"publisher\":{\"@id\":\"https:\\\/\\\/www.alcoawheels.com\\\/europe\\\/hu\\\/#organization\"},\"potentialAction\":[{\"@type\":\"SearchAction\",\"target\":{\"@type\":\"EntryPoint\",\"urlTemplate\":\"https:\\\/\\\/www.alcoawheels.com\\\/europe\\\/hu\\\/?s={search_term_string}\"},\"query-input\":{\"@type\":\"PropertyValueSpecification\",\"valueRequired\":true,\"valueName\":\"search_term_string\"}}],\"inLanguage\":\"en-US\"},{\"@type\":\"Organization\",\"@id\":\"https:\\\/\\\/www.alcoawheels.com\\\/europe\\\/hu\\\/#organization\",\"name\":\"Europe Hungarian\",\"url\":\"https:\\\/\\\/www.alcoawheels.com\\\/europe\\\/hu\\\/\",\"logo\":{\"@type\":\"ImageObject\",\"inLanguage\":\"en-US\",\"@id\":\"https:\\\/\\\/www.alcoawheels.com\\\/europe\\\/hu\\\/#\\\/schema\\\/logo\\\/image\\\/\",\"url\":\"https:\\\/\\\/www.alcoawheels.com\\\/europe\\\/hu\\\/wp-content\\\/uploads\\\/sites\\\/16\\\/2023\\\/05\\\/logo-black.gif\",\"contentUrl\":\"https:\\\/\\\/www.alcoawheels.com\\\/europe\\\/hu\\\/wp-content\\\/uploads\\\/sites\\\/16\\\/2023\\\/05\\\/logo-black.gif\",\"width\":71,\"height\":64,\"caption\":\"Europe Hungarian\"},\"image\":{\"@id\":\"https:\\\/\\\/www.alcoawheels.com\\\/europe\\\/hu\\\/#\\\/schema\\\/logo\\\/image\\\/\"}}]}<\/script>\n<!-- \/ Yoast SEO Premium plugin. -->","yoast_head_json":{"title":"Alcoa Wheels | Ker\u00e9kt\u00e1rcs\u00e1k | Technol\u00f3gia | Ultra ONE \u00ae","robots":{"index":"index","follow":"follow","max-snippet":"max-snippet:-1","max-image-preview":"max-image-preview:large","max-video-preview":"max-video-preview:-1"},"canonical":"https:\/\/www.alcoawheels.com\/europe\/hu\/ultra-one\/","og_locale":"en_US","og_type":"article","og_title":"Ultra ONE\u00ae","og_description":"Folyamatosan mozg\u00e1sban vagyunk. Az Alcoa\u00ae Ultra ONE\u00ae kerekei a legk\u00f6nnyebb \u00e9s leger\u0151sebb kerekeink. A szabadalmaztatott MagnaForce\u00ae \u00f6tv\u00f6zettechnol\u00f3gi\u00e1b\u00f3l k\u00e9sz\u00fclnek. Ez az \u00f6tv\u00f6zet er\u0151sebb, mint a jelenleg l\u00e9tez\u0151 ipari szabv\u00e1ny, ami lehet\u0151v\u00e9 teszi, hogy k\u00f6nnyebb kerekeket k\u00e9sz\u00edtsenek az er\u0151 kompromisszumok n\u00e9lk\u00fcl. Az Alcoa\u00ae\u00a0Wheels Ker\u00e9kterm\u00e9k csal\u00e1d r\u00e9sz\u00e9hez tervezve. Az Alcoa\u00ae Ultra ONE\u00ae kerekek Brushed, LvL ONE\u00ae, Dura-Bright\u00ae EVO, [&hellip;]","og_url":"https:\/\/www.alcoawheels.com\/europe\/hu\/ultra-one\/","og_site_name":"Europe Hungarian","article_modified_time":"2025-12-15T14:10:13+00:00","og_image":[{"url":"https:\/\/www.alcoawheels.com\/europe\/hu\/wp-content\/uploads\/sites\/16\/2023\/05\/homepage-ultra-one_large.jpg","type":"","width":"","height":""}],"twitter_card":"summary_large_image","twitter_misc":{"Est. reading time":"4 minutes"},"schema":{"@context":"https:\/\/schema.org","@graph":[{"@type":"WebPage","@id":"https:\/\/www.alcoawheels.com\/europe\/hu\/ultra-one\/","url":"https:\/\/www.alcoawheels.com\/europe\/hu\/ultra-one\/","name":"Alcoa Wheels | Ker\u00e9kt\u00e1rcs\u00e1k | Technol\u00f3gia | Ultra ONE \u00ae","isPartOf":{"@id":"https:\/\/www.alcoawheels.com\/europe\/hu\/#website"},"primaryImageOfPage":{"@id":"https:\/\/www.alcoawheels.com\/europe\/hu\/ultra-one\/#primaryimage"},"image":{"@id":"https:\/\/www.alcoawheels.com\/europe\/hu\/ultra-one\/#primaryimage"},"thumbnailUrl":"https:\/\/www.alcoawheels.com\/europe\/hu\/wp-content\/uploads\/sites\/16\/2023\/05\/homepage-ultra-one_large.jpg","datePublished":"2023-05-26T07:12:07+00:00","dateModified":"2025-12-15T14:10:13+00:00","breadcrumb":{"@id":"https:\/\/www.alcoawheels.com\/europe\/hu\/ultra-one\/#breadcrumb"},"inLanguage":"en-US","potentialAction":[{"@type":"ReadAction","target":["https:\/\/www.alcoawheels.com\/europe\/hu\/ultra-one\/"]}]},{"@type":"ImageObject","inLanguage":"en-US","@id":"https:\/\/www.alcoawheels.com\/europe\/hu\/ultra-one\/#primaryimage","url":"https:\/\/www.alcoawheels.com\/europe\/hu\/wp-content\/uploads\/sites\/16\/2023\/05\/homepage-ultra-one_large.jpg","contentUrl":"https:\/\/www.alcoawheels.com\/europe\/hu\/wp-content\/uploads\/sites\/16\/2023\/05\/homepage-ultra-one_large.jpg","width":1440,"height":440,"caption":"Ultra ONE"},{"@type":"BreadcrumbList","@id":"https:\/\/www.alcoawheels.com\/europe\/hu\/ultra-one\/#breadcrumb","itemListElement":[{"@type":"ListItem","position":1,"name":"Home","item":"https:\/\/www.alcoawheels.com\/europe\/hu\/"},{"@type":"ListItem","position":2,"name":"Ultra ONE\u00ae"}]},{"@type":"WebSite","@id":"https:\/\/www.alcoawheels.com\/europe\/hu\/#website","url":"https:\/\/www.alcoawheels.com\/europe\/hu\/","name":"Europe Hungarian","description":"","publisher":{"@id":"https:\/\/www.alcoawheels.com\/europe\/hu\/#organization"},"potentialAction":[{"@type":"SearchAction","target":{"@type":"EntryPoint","urlTemplate":"https:\/\/www.alcoawheels.com\/europe\/hu\/?s={search_term_string}"},"query-input":{"@type":"PropertyValueSpecification","valueRequired":true,"valueName":"search_term_string"}}],"inLanguage":"en-US"},{"@type":"Organization","@id":"https:\/\/www.alcoawheels.com\/europe\/hu\/#organization","name":"Europe Hungarian","url":"https:\/\/www.alcoawheels.com\/europe\/hu\/","logo":{"@type":"ImageObject","inLanguage":"en-US","@id":"https:\/\/www.alcoawheels.com\/europe\/hu\/#\/schema\/logo\/image\/","url":"https:\/\/www.alcoawheels.com\/europe\/hu\/wp-content\/uploads\/sites\/16\/2023\/05\/logo-black.gif","contentUrl":"https:\/\/www.alcoawheels.com\/europe\/hu\/wp-content\/uploads\/sites\/16\/2023\/05\/logo-black.gif","width":71,"height":64,"caption":"Europe Hungarian"},"image":{"@id":"https:\/\/www.alcoawheels.com\/europe\/hu\/#\/schema\/logo\/image\/"}}]}},"parsely":{"version":"1.1.0","canonical_url":"https:\/\/alcoawheels.com\/europe\/hu\/ultra-one\/","smart_links":{"inbound":0,"outbound":0},"traffic_boost_suggestions_count":0,"meta":{"@context":"https:\/\/schema.org","@type":"WebPage","headline":"Ultra ONE\u00ae","url":"http:\/\/www.alcoawheels.com\/europe\/hu\/ultra-one\/","mainEntityOfPage":{"@type":"WebPage","@id":"http:\/\/www.alcoawheels.com\/europe\/hu\/ultra-one\/"},"thumbnailUrl":"","image":{"@type":"ImageObject","url":""},"articleSection":"Uncategorized","author":[{"@type":"Person","name":"howmet"}],"creator":["howmet"],"publisher":{"@type":"Organization","name":"Europe Hungarian","logo":""},"keywords":[],"dateCreated":"2023-05-26T07:12:07Z","datePublished":"2023-05-26T07:12:07Z","dateModified":"2025-12-15T14:10:13Z"},"rendered":"<script type=\"application\/ld+json\" class=\"wp-parsely-metadata\">{\"@context\":\"https:\\\/\\\/schema.org\",\"@type\":\"WebPage\",\"headline\":\"Ultra ONE\\u00ae\",\"url\":\"http:\\\/\\\/www.alcoawheels.com\\\/europe\\\/hu\\\/ultra-one\\\/\",\"mainEntityOfPage\":{\"@type\":\"WebPage\",\"@id\":\"http:\\\/\\\/www.alcoawheels.com\\\/europe\\\/hu\\\/ultra-one\\\/\"},\"thumbnailUrl\":\"\",\"image\":{\"@type\":\"ImageObject\",\"url\":\"\"},\"articleSection\":\"Uncategorized\",\"author\":[{\"@type\":\"Person\",\"name\":\"howmet\"}],\"creator\":[\"howmet\"],\"publisher\":{\"@type\":\"Organization\",\"name\":\"Europe Hungarian\",\"logo\":\"\"},\"keywords\":[],\"dateCreated\":\"2023-05-26T07:12:07Z\",\"datePublished\":\"2023-05-26T07:12:07Z\",\"dateModified\":\"2025-12-15T14:10:13Z\"}<\/script>","tracker_url":"https:\/\/cdn.parsely.com\/keys\/alcoawheels.com\/p.js"},"jetpack_sharing_enabled":true,"_links":{"self":[{"href":"https:\/\/www.alcoawheels.com\/europe\/hu\/wp-json\/wp\/v2\/pages\/25","targetHints":{"allow":["GET"]}}],"collection":[{"href":"https:\/\/www.alcoawheels.com\/europe\/hu\/wp-json\/wp\/v2\/pages"}],"about":[{"href":"https:\/\/www.alcoawheels.com\/europe\/hu\/wp-json\/wp\/v2\/types\/page"}],"author":[{"embeddable":true,"href":"https:\/\/www.alcoawheels.com\/europe\/hu\/wp-json\/wp\/v2\/users\/44"}],"replies":[{"embeddable":true,"href":"https:\/\/www.alcoawheels.com\/europe\/hu\/wp-json\/wp\/v2\/comments?post=25"}],"version-history":[{"count":15,"href":"https:\/\/www.alcoawheels.com\/europe\/hu\/wp-json\/wp\/v2\/pages\/25\/revisions"}],"predecessor-version":[{"id":2557,"href":"https:\/\/www.alcoawheels.com\/europe\/hu\/wp-json\/wp\/v2\/pages\/25\/revisions\/2557"}],"wp:attachment":[{"href":"https:\/\/www.alcoawheels.com\/europe\/hu\/wp-json\/wp\/v2\/media?parent=25"}],"curies":[{"name":"wp","href":"https:\/\/api.w.org\/{rel}","templated":true}]}}