{"id":29,"date":"2023-05-26T07:12:36","date_gmt":"2023-05-26T07:12:36","guid":{"rendered":"https:\/\/www.alcoawheels.com\/europe\/hu\/?page_id=29"},"modified":"2025-07-11T21:12:03","modified_gmt":"2025-07-11T19:12:03","slug":"karbantartas","status":"publish","type":"page","link":"https:\/\/www.alcoawheels.com\/europe\/hu\/karbantartas\/","title":{"rendered":"Karbantart\u00e1s"},"content":{"rendered":"\n<div class=\"wp-block-alcoa-wheels-hero-banner-innerpage hero-banner with-image layout-2 overlayEnable align- vertical-align- align-center vertical-align-center\" style=\"background-color:#eee\"><img decoding=\"async\" src=\"https:\/\/www.alcoawheels.com\/europe\/hu\/wp-content\/uploads\/sites\/16\/2023\/06\/maintenance-banner.jpeg\" alt=\"Maintenance of Alcoa Wheels\" class=\"responsiveImage\"\/><div class=\"hero-banner__header\" style=\"text-align:center\"><div class=\"container\"><h1 class=\"hero-banner__header--title\">Karbantart\u00e1s<\/h1><\/div><\/div><\/div>\n\n\n\n<div style=\"height:50px\" aria-hidden=\"true\" class=\"wp-block-spacer spacer-fifty\"><\/div>\n\n\n\n<h3 class=\"wp-block-heading\" id=\"h-kiegeszito-termekek-alcoa-kerektarcsakhoz\">Kieg\u00e9sz\u00edt\u0151 term\u00e9kek Alcoa<sup>\u00ae<\/sup> ker\u00e9kt\u00e1rcs\u00e1khoz<\/h3>\n\n\n\n<p>Az Alcoa<sup>\u00ae<\/sup> ker\u00e9kt\u00e1rcs\u00e1k karbantart\u00e1sa alapvet\u0151 fontoss\u00e1g\u00fa<\/p>\n\n\n\n<p>1. Az Alcoa<sup>\u00ae<\/sup> kerekekhez val\u00f3 kieg\u00e9sz\u00edt\u0151 term\u00e9keket hossz\u00fa \u00e9vek sor\u00e1n fejlesztett\u00e9k \u00e9s v\u00e1lasztott\u00e1k ki, hogy a kerekeket a lehet\u0151 legjobb \u00e1llapotban tarts\u00e1k \u00e9s hossz\u00fa \u00e9lettartamot biztos\u00edtsanak.<\/p>\n\n\n\n<p>2. Az Alcoa<sup>\u00ae<\/sup> ker\u00e9kt\u00e1rcs\u00e1khoz tartoz\u00f3 kieg\u00e9sz\u00edt\u0151 term\u00e9kek meghatalmazott forgalmaz\u00f3i h\u00e1l\u00f3zatunkon kereszt\u00fcl \u00e9rhet\u0151k el.<\/p>\n\n\n\n<hr class=\"wp-block-separator has-text-color has-alpha-channel-opacity has-background is-style-wide\" style=\"background-color:#cccccc;color:#cccccc\"\/>\n\n\n\n<div class=\"wp-block-alcoa-wheels-zigzag media-list__body\" id=\"zigzag-main-dd37ab2b-fdde-4f03-8751-426b0a716ec7\"><div class=\"media-list__body_main  vertical-align-center  container row-reverse\">\n<div class=\"wp-block-alcoa-wheels-zigzag-item media-list-item\"><div class=\"media-list-item__box_content\"><div class=\"media-list-item__box_content_inner\">\n<h5 class=\"wp-block-heading\" id=\"h-hubgrease\"><strong>HUBgrease<\/strong><\/h5>\n\n\n\n<p>Az Alcoa<sup>\u00ae<\/sup> ker\u00e9kt\u00e1rcs\u00e1k a ker\u00e9kagyra t\u00f6rt\u00e9n\u0151 felszerel\u00e9s\u00e9hez haszn\u00e1lt speci\u00e1lis ken\u0151zs\u00edr. A zs\u00edr seg\u00edt megel\u0151zni a korr\u00f3zi\u00f3t,\u00e9s nem hagy nyomot a ker\u00e9k fel\u00fclet\u00e9n. Tov\u00e1bbi utas\u00edt\u00e1sok\u00e9rt k\u00e9rj\u00fck, tekintse meg az Alcoa<sup>\u00ae<\/sup> ker\u00e9kt\u00e1rcs\u00e1k szervizk\u00f6nyv\u00e9nek 10.a. szakasz\u00e1nak 4. l\u00e9p\u00e9s\u00e9t.<\/p>\n<\/div><\/div><div class=\"media-list-item__box_image\"><img loading=\"lazy\" decoding=\"async\" width=\"450\" height=\"300\" src=\"https:\/\/www.alcoawheels.com\/europe\/hu\/wp-content\/uploads\/sites\/16\/2023\/06\/maintenance-Hubgrease-thumbnail.jpg\" alt=\"HUBgrease\"\/><\/div><\/div>\n\n\n\n<div class=\"wp-block-alcoa-wheels-zigzag-item media-list-item\"><div class=\"media-list-item__box_content\"><div class=\"media-list-item__box_content_inner\">\n<h5 class=\"wp-block-heading has-text-align-right\" id=\"h-valvegrease\"><strong>VALVEgrease<\/strong><\/h5>\n\n\n\n<p class=\"has-text-align-right\">Zs\u00edr, amely korr\u00f3zi\u00f3g\u00e1tl\u00f3k\u00e9nt szolg\u00e1l a szelepek felszerel\u00e9sekor\/cser\u00e9jekor. Haszn\u00e1lata er\u0151sen javasolt minden abroncs- \u00e9s szelepcserekor. Tov\u00e1bbi utas\u00edt\u00e1sok\u00e9rt k\u00e9rj\u00fck, tekintse meg az Alcoa<sup>\u00ae<\/sup> ker\u00e9kt\u00e1rcs\u00e1k szervizk\u00f6nyv\u00e9t a 10.a. szakasz 4. l\u00e9p\u00e9s\u00e9ben..<\/p>\n<\/div><\/div><div class=\"media-list-item__box_image\"><img loading=\"lazy\" decoding=\"async\" width=\"450\" height=\"300\" src=\"https:\/\/www.alcoawheels.com\/europe\/hu\/wp-content\/uploads\/sites\/16\/2023\/06\/maintenance-VALVEgrease-thumbnail.jpg\" alt=\"VALVEgrease\"\/><\/div><\/div>\n\n\n\n<div class=\"wp-block-alcoa-wheels-zigzag-item media-list-item\"><div class=\"media-list-item__box_content\"><div class=\"media-list-item__box_content_inner\">\n<h5 class=\"wp-block-heading\" id=\"h-kefekorongok-es-parnak\"><strong><strong><strong><strong><strong>Kefekorongok \u00e9s p\u00e1rn\u00e1k<\/strong><\/strong><\/strong><\/strong><\/strong><\/h5>\n\n\n\n<p>K\u00fcl\u00f6nb\u00f6z\u0151 m\u00e9ret\u0171 \u00e9s kem\u00e9nys\u00e9g\u0171, s\u00farol\u00f3 hat\u00e1s\u00fa kef\u00e9k \u00e9s p\u00e1rn\u00e1k az illeszked\u0151 fel\u00fcletek, csap\u00e1gyperselyek, a ker\u00e9kagy vezet\u0151csapjainak \u00e9s k\u00f6zpontos\u00edt\u00f3 perem tiszt\u00edt\u00e1s\u00e1hoz.<\/p>\n<\/div><\/div><div class=\"media-list-item__box_image\"><img loading=\"lazy\" decoding=\"async\" width=\"450\" height=\"300\" src=\"https:\/\/www.alcoawheels.com\/europe\/hu\/wp-content\/uploads\/sites\/16\/2023\/06\/maintenance-Bristle-discs-thumbnail.jpg\" alt=\"Bristle discs and pads\"\/><\/div><\/div>\n\n\n\n<div class=\"wp-block-alcoa-wheels-zigzag-item media-list-item\"><div class=\"media-list-item__box_content\"><div class=\"media-list-item__box_content_inner\">\n<h5 class=\"wp-block-heading has-text-align-right\" id=\"h-discmate\"><strong>Discmate<\/strong><\/h5>\n\n\n\n<p class=\"has-text-align-right\">T\u00f6m\u00edt\u00e9s, ami seg\u00edt megakad\u00e1lyozni, hogy korr\u00f3zi\u00f3 keletkezzen ac\u00e9l \u00e9s Alcoa\u00ae alum\u00ednium ker\u00e9kt\u00e1rcs\u00e1k, illetve az ac\u00e9l ker\u00e9kagy \u00e9s az alum\u00ednium ker\u00e9kt\u00e1rcs\u00e1k k\u00f6z\u00f6tt.<\/p>\n<\/div><\/div><div class=\"media-list-item__box_image\"><img loading=\"lazy\" decoding=\"async\" width=\"450\" height=\"300\" src=\"https:\/\/www.alcoawheels.com\/europe\/hu\/wp-content\/uploads\/sites\/16\/2023\/06\/maintenance-Discmates-thumbnail.jpg\" alt=\"Discmates\"\/><\/div><\/div>\n<\/div><\/div>\n\n\n\n<hr class=\"wp-block-separator has-text-color has-alpha-channel-opacity has-background is-style-wide\" style=\"background-color:#cccccc;color:#cccccc\"\/>\n\n\n\n<div style=\"height:50px\" aria-hidden=\"true\" class=\"wp-block-spacer spacer-fifty\"><\/div>\n\n\n\n<p class=\"u-margin-b10\">Tov\u00e1bbi inform\u00e1ci\u00f3\u00e9rt:<\/p>\n\n\n\t\t<div class=\"wp-block-alcoa-product-literature\">\n\t\t\t<div class=\"product-literature-columns container wp-block-alcoa-wheels-related-documents\">\n\t\t\t\t\t\t\t\t\t<div class=\"literature-inner\">\n\t\t\t\t\t\t<div class=\"literature-inner-item\">\n\t\t\t\t\t\t\t<div class=\"pdf-lists-items\">\n\t\t\t\t\t\t\t\t\t\t\t\t\t\t\t\t\t\t\t\t\t\t\t\t\t\t<div class=\"pdf-files\">\n\t\t\t\t\t\t\t\t\t\t<a href=\"https:\/\/www.alcoawheels.com\/europe\/hu\/wp-content\/uploads\/sites\/16\/2026\/02\/Alcoa-Wheels-Accessories-HU.pdf\" target=\"_blank\" class=\"pdf-file\">\n\t\t\t\t\t\t\t\t\t\t\tALCOA<sup>\u00ae<\/sup> ker\u00e9ktartoz\u00e9k term\u00e9kkatal\u00f3gus\t\t\t\t\t\t\t\t\t\t<\/a>\n\t\t\t\t\t\t\t\t\t\t<div class=\"pdf-size\">2.95 MB<\/div>\n\t\t\t\t\t\t\t\t\t<\/div>\n\t\t\t\t\t\t\t\t\t\t\t\t\t\t\t<\/div>\n\t\t\t\t\t\t<\/div>\n\t\t\t\t\t<\/div>\n\t\t\t\t\t\t\t<\/div>\n\n\t\t<\/div>\n\n\n\n<div id=\"alcoa-wheels-buttons-b4e6274e-1eeb-4d83-abe7-b8b93c800568\" class=\"wp-block-alcoa-wheels-button-group alcoa-wheels-buttons\"><div class=\"button-row\"><div class=\"button-item\" button-item=\"0\"><p class=\"btn-main btn-link-left-arrow\" aria-label=\"<a href=&quot;https:\/\/apps.spheracloud.net\/communicator\/login.aspx?userid=qD3CEfpiugwA&amp;companyid=SzqDqsuXTJwA&amp;method=home&quot;&gt;<\/a&gt;<a href=&quot;https:\/\/apps.spheracloud.net\/communicator\/login.aspx?userid=qD3CEfpiugwA&amp;companyid=SzqDqsuXTJwA&amp;method=home&quot;&gt;<\/a&gt;<a href=&quot;https:\/\/apps.spheracloud.net\/communicator\/login.aspx?userid=qD3CEfpiugwA&amp;companyid=SzqDqsuXTJwA&amp;method=home&quot;&gt;<a href=&quot;https:\/\/apps.spheracloud.net\/communicator\/login.aspx?userid=qD3CEfpiugwA&amp;companyid=SzqDqsuXTJwA&amp;method=home&quot;&gt;Safety Data (MSDS)<\/a&gt;<\/a&gt;\"><a href=\"https:\/\/apps.spheracloud.net\/communicator\/login.aspx?userid=qD3CEfpiugwA&amp;companyid=SzqDqsuXTJwA&amp;method=home\"><\/a><a href=\"https:\/\/apps.spheracloud.net\/communicator\/login.aspx?userid=qD3CEfpiugwA&amp;companyid=SzqDqsuXTJwA&amp;method=home\"><\/a><a href=\"https:\/\/apps.spheracloud.net\/communicator\/login.aspx?userid=qD3CEfpiugwA&amp;companyid=SzqDqsuXTJwA&amp;method=home\"><a href=\"https:\/\/apps.spheracloud.net\/communicator\/login.aspx?userid=qD3CEfpiugwA&amp;companyid=SzqDqsuXTJwA&amp;method=home\">Safety Data (MSDS)<\/a><\/a><\/p><\/div><\/div><\/div>\n\n\n\n<div style=\"height:50px\" aria-hidden=\"true\" class=\"wp-block-spacer spacer-fifty\"><\/div>\n\n\n\n<div class=\"wp-block-alcoa-wheels-card-usecase-1 card-box-v1__body with-icon align-center vertical-align-center\" id=\"card_box_v1-173fa732-65fc-4435-9d34-889c75dd9114\"><div class=\"fullwidthcontainer\"><div class=\"card-box-v1__boxes has-4-columns\"><div class=\"card-box-v1__box  with-link \" style=\"background-color:#00afb9\"><img decoding=\"async\" src=\"https:\/\/www.alcoawheels.com\/europe\/hu\/wp-content\/themes\/alcoa-wheels\/assets\/build\/js\/blocks\/card-usecase-1\/..\/..\/..\/images\/placeholder-image.db2b4d5c.jpeg\" alt=\"Kapcsolat\"\/><div class=\"card-box-v1__box__inner pos-abs\"><div class=\"card-box-v1__box_icon\"><img loading=\"lazy\" decoding=\"async\" width=\"171\" height=\"171\" src=\"https:\/\/www.alcoawheels.com\/europe\/hu\/wp-content\/uploads\/sites\/16\/2023\/06\/contact.png\" alt=\"\"\/><\/div><div class=\"card-box-v1__box_content\"><h4 style=\"color:#ffffff\">Kapcsolat<\/h4><\/div><div class=\"btn-wrap\"><\/div><\/div><a href=\"\/europe\/hu\/kapcsolat\" aria-label=\"Kapcsolat\"><\/a><\/div><div class=\"card-box-v1__box  with-link \" style=\"background-color:#34bfc7\"><img decoding=\"async\" src=\"https:\/\/www.alcoawheels.com\/europe\/hu\/wp-content\/themes\/alcoa-wheels\/assets\/build\/js\/blocks\/card-usecase-1\/..\/..\/..\/images\/placeholder-image.db2b4d5c.jpeg\" alt=\"Ker\u00e9kt\u00e1rcsa-v\u00e1laszt\u00e9k\"\/><div class=\"card-box-v1__box__inner pos-abs\"><div class=\"card-box-v1__box_icon\"><img loading=\"lazy\" decoding=\"async\" width=\"169\" height=\"169\" src=\"https:\/\/www.alcoawheels.com\/europe\/hu\/wp-content\/uploads\/sites\/16\/2023\/06\/product-search.png\" alt=\"\"\/><\/div><div class=\"card-box-v1__box_content\"><h4 style=\"color:#ffffff\">Ker\u00e9kt\u00e1rcsa-v\u00e1laszt\u00e9k<\/h4><\/div><div class=\"btn-wrap\"><\/div><\/div><a href=\"\/europe\/hu\/kerektarcsa-valasztek\" aria-label=\"Ker\u00e9kt\u00e1rcsa-v\u00e1laszt\u00e9k\"><\/a><\/div><div class=\"card-box-v1__box  with-link \" style=\"background-color:#00afb9\"><img decoding=\"async\" src=\"https:\/\/www.alcoawheels.com\/europe\/hu\/wp-content\/themes\/alcoa-wheels\/assets\/build\/js\/blocks\/card-usecase-1\/..\/..\/..\/images\/placeholder-image.db2b4d5c.jpeg\" alt=\"Hol v\u00e1s\u00e1rolhatom meg?\"\/><div class=\"card-box-v1__box__inner pos-abs\"><div class=\"card-box-v1__box_icon\"><img loading=\"lazy\" decoding=\"async\" width=\"169\" height=\"169\" src=\"https:\/\/www.alcoawheels.com\/europe\/hu\/wp-content\/uploads\/sites\/16\/2023\/06\/where-to-buy.png\" alt=\"\"\/><\/div><div class=\"card-box-v1__box_content\"><h4 style=\"color:#ffffff\">Hol v\u00e1s\u00e1rolhatom meg?<\/h4><\/div><div class=\"btn-wrap\"><\/div><\/div><a href=\"\/europe\/hu\/hol-vasarolhatom-meg.\" aria-label=\"Hol v\u00e1s\u00e1rolhatom meg?\"><\/a><\/div><div class=\"card-box-v1__box  with-link \" style=\"background-color:#34bfc7\"><img decoding=\"async\" src=\"https:\/\/www.alcoawheels.com\/europe\/hu\/wp-content\/themes\/alcoa-wheels\/assets\/build\/js\/blocks\/card-usecase-1\/..\/..\/..\/images\/placeholder-image.db2b4d5c.jpeg\" alt=\"Let\u00f6lt\u00e9sek\"\/><div class=\"card-box-v1__box__inner pos-abs\"><div class=\"card-box-v1__box_icon\"><img loading=\"lazy\" decoding=\"async\" width=\"169\" height=\"169\" src=\"https:\/\/www.alcoawheels.com\/europe\/hu\/wp-content\/uploads\/sites\/16\/2023\/06\/product-literature.png\" alt=\"\"\/><\/div><div class=\"card-box-v1__box_content\"><h4 style=\"color:#ffffff\">Let\u00f6lt\u00e9sek<\/h4><\/div><div class=\"btn-wrap\"><\/div><\/div><a href=\"\/europe\/hu\/termekirodalom\" aria-label=\"Let\u00f6lt\u00e9sek\"><\/a><\/div><\/div><\/div><\/div>\n","protected":false},"excerpt":{"rendered":"<p>Kieg\u00e9sz\u00edt\u0151 term\u00e9kek Alcoa\u00ae ker\u00e9kt\u00e1rcs\u00e1khoz Az Alcoa\u00ae ker\u00e9kt\u00e1rcs\u00e1k karbantart\u00e1sa alapvet\u0151 fontoss\u00e1g\u00fa 1. Az Alcoa\u00ae kerekekhez val\u00f3 kieg\u00e9sz\u00edt\u0151 term\u00e9keket hossz\u00fa \u00e9vek sor\u00e1n fejlesztett\u00e9k \u00e9s v\u00e1lasztott\u00e1k ki, hogy a kerekeket a lehet\u0151 legjobb \u00e1llapotban tarts\u00e1k \u00e9s hossz\u00fa \u00e9lettartamot biztos\u00edtsanak. 2. Az Alcoa\u00ae ker\u00e9kt\u00e1rcs\u00e1khoz tartoz\u00f3 kieg\u00e9sz\u00edt\u0151 term\u00e9kek meghatalmazott forgalmaz\u00f3i h\u00e1l\u00f3zatunkon kereszt\u00fcl \u00e9rhet\u0151k el. Tov\u00e1bbi inform\u00e1ci\u00f3\u00e9rt:<\/p>\n","protected":false},"author":44,"featured_media":481,"parent":0,"menu_order":0,"comment_status":"closed","ping_status":"closed","template":"","meta":{"_acf_changed":false,"protected_reviewer_email":"","editor_notices":[],"footnotes":""},"class_list":["post-29","page","type-page","status-publish","has-post-thumbnail","hentry"],"acf":[],"yoast_head":"<!-- This site is optimized with the Yoast SEO Premium plugin v27.3 (Yoast SEO v27.3) - https:\/\/yoast.com\/product\/yoast-seo-premium-wordpress\/ -->\n<title>\u00c1pol\u00e1s | Alcoa Wheels<\/title>\n<meta name=\"description\" content=\"Alcoa\u00ae felni kieg\u00e9sz\u00edt\u0151 term\u00e9kek az Alcoa\u00ae felnik lehet\u0151 legjobb \u00e1llapot\u00e1nak fenntart\u00e1s\u00e1hoz. K\u00edn\u00e1latunkban szerepel a HUBgrease, VALVEgrease, s\u00fcnt\u00e1rcsa, s\u00fcnkefe \u00e9s elv\u00e1laszt\u00f3lemez.\" \/>\n<meta name=\"robots\" content=\"index, follow, max-snippet:-1, max-image-preview:large, max-video-preview:-1\" \/>\n<link rel=\"canonical\" href=\"https:\/\/www.alcoawheels.com\/europe\/hu\/karbantartas\/\" \/>\n<meta property=\"og:locale\" content=\"en_US\" \/>\n<meta property=\"og:type\" content=\"article\" \/>\n<meta property=\"og:title\" content=\"Karbantart\u00e1s\" \/>\n<meta property=\"og:description\" content=\"Alcoa\u00ae felni kieg\u00e9sz\u00edt\u0151 term\u00e9kek az Alcoa\u00ae felnik lehet\u0151 legjobb \u00e1llapot\u00e1nak fenntart\u00e1s\u00e1hoz. K\u00edn\u00e1latunkban szerepel a HUBgrease, VALVEgrease, s\u00fcnt\u00e1rcsa, s\u00fcnkefe \u00e9s elv\u00e1laszt\u00f3lemez.\" \/>\n<meta property=\"og:url\" content=\"https:\/\/www.alcoawheels.com\/europe\/hu\/karbantartas\/\" \/>\n<meta property=\"og:site_name\" content=\"Europe Hungarian\" \/>\n<meta property=\"article:modified_time\" content=\"2025-07-11T19:12:03+00:00\" \/>\n<meta property=\"og:image\" content=\"https:\/\/www.alcoawheels.com\/europe\/hu\/wp-content\/uploads\/sites\/16\/2023\/06\/maintenance-Hubgrease-thumbnail.jpg\" \/>\n\t<meta property=\"og:image:width\" content=\"450\" \/>\n\t<meta property=\"og:image:height\" content=\"300\" \/>\n\t<meta property=\"og:image:type\" content=\"image\/jpeg\" \/>\n<meta name=\"twitter:card\" content=\"summary_large_image\" \/>\n<meta name=\"twitter:label1\" content=\"Est. reading time\" \/>\n\t<meta name=\"twitter:data1\" content=\"4 minutes\" \/>\n<script type=\"application\/ld+json\" class=\"yoast-schema-graph\">{\"@context\":\"https:\\\/\\\/schema.org\",\"@graph\":[{\"@type\":\"WebPage\",\"@id\":\"https:\\\/\\\/www.alcoawheels.com\\\/europe\\\/hu\\\/karbantartas\\\/\",\"url\":\"https:\\\/\\\/www.alcoawheels.com\\\/europe\\\/hu\\\/karbantartas\\\/\",\"name\":\"\u00c1pol\u00e1s | Alcoa Wheels\",\"isPartOf\":{\"@id\":\"https:\\\/\\\/www.alcoawheels.com\\\/europe\\\/hu\\\/#website\"},\"primaryImageOfPage\":{\"@id\":\"https:\\\/\\\/www.alcoawheels.com\\\/europe\\\/hu\\\/karbantartas\\\/#primaryimage\"},\"image\":{\"@id\":\"https:\\\/\\\/www.alcoawheels.com\\\/europe\\\/hu\\\/karbantartas\\\/#primaryimage\"},\"thumbnailUrl\":\"https:\\\/\\\/www.alcoawheels.com\\\/europe\\\/hu\\\/wp-content\\\/uploads\\\/sites\\\/16\\\/2023\\\/06\\\/maintenance-Hubgrease-thumbnail.jpg\",\"datePublished\":\"2023-05-26T07:12:36+00:00\",\"dateModified\":\"2025-07-11T19:12:03+00:00\",\"description\":\"Alcoa\u00ae felni kieg\u00e9sz\u00edt\u0151 term\u00e9kek az Alcoa\u00ae felnik lehet\u0151 legjobb \u00e1llapot\u00e1nak fenntart\u00e1s\u00e1hoz. K\u00edn\u00e1latunkban szerepel a HUBgrease, VALVEgrease, s\u00fcnt\u00e1rcsa, s\u00fcnkefe \u00e9s elv\u00e1laszt\u00f3lemez.\",\"breadcrumb\":{\"@id\":\"https:\\\/\\\/www.alcoawheels.com\\\/europe\\\/hu\\\/karbantartas\\\/#breadcrumb\"},\"inLanguage\":\"en-US\",\"potentialAction\":[{\"@type\":\"ReadAction\",\"target\":[\"https:\\\/\\\/www.alcoawheels.com\\\/europe\\\/hu\\\/karbantartas\\\/\"]}]},{\"@type\":\"ImageObject\",\"inLanguage\":\"en-US\",\"@id\":\"https:\\\/\\\/www.alcoawheels.com\\\/europe\\\/hu\\\/karbantartas\\\/#primaryimage\",\"url\":\"https:\\\/\\\/www.alcoawheels.com\\\/europe\\\/hu\\\/wp-content\\\/uploads\\\/sites\\\/16\\\/2023\\\/06\\\/maintenance-Hubgrease-thumbnail.jpg\",\"contentUrl\":\"https:\\\/\\\/www.alcoawheels.com\\\/europe\\\/hu\\\/wp-content\\\/uploads\\\/sites\\\/16\\\/2023\\\/06\\\/maintenance-Hubgrease-thumbnail.jpg\",\"width\":450,\"height\":300,\"caption\":\"HUBgrease\"},{\"@type\":\"BreadcrumbList\",\"@id\":\"https:\\\/\\\/www.alcoawheels.com\\\/europe\\\/hu\\\/karbantartas\\\/#breadcrumb\",\"itemListElement\":[{\"@type\":\"ListItem\",\"position\":1,\"name\":\"Home\",\"item\":\"https:\\\/\\\/www.alcoawheels.com\\\/europe\\\/hu\\\/\"},{\"@type\":\"ListItem\",\"position\":2,\"name\":\"Karbantart\u00e1s\"}]},{\"@type\":\"WebSite\",\"@id\":\"https:\\\/\\\/www.alcoawheels.com\\\/europe\\\/hu\\\/#website\",\"url\":\"https:\\\/\\\/www.alcoawheels.com\\\/europe\\\/hu\\\/\",\"name\":\"Europe Hungarian\",\"description\":\"\",\"publisher\":{\"@id\":\"https:\\\/\\\/www.alcoawheels.com\\\/europe\\\/hu\\\/#organization\"},\"potentialAction\":[{\"@type\":\"SearchAction\",\"target\":{\"@type\":\"EntryPoint\",\"urlTemplate\":\"https:\\\/\\\/www.alcoawheels.com\\\/europe\\\/hu\\\/?s={search_term_string}\"},\"query-input\":{\"@type\":\"PropertyValueSpecification\",\"valueRequired\":true,\"valueName\":\"search_term_string\"}}],\"inLanguage\":\"en-US\"},{\"@type\":\"Organization\",\"@id\":\"https:\\\/\\\/www.alcoawheels.com\\\/europe\\\/hu\\\/#organization\",\"name\":\"Europe Hungarian\",\"url\":\"https:\\\/\\\/www.alcoawheels.com\\\/europe\\\/hu\\\/\",\"logo\":{\"@type\":\"ImageObject\",\"inLanguage\":\"en-US\",\"@id\":\"https:\\\/\\\/www.alcoawheels.com\\\/europe\\\/hu\\\/#\\\/schema\\\/logo\\\/image\\\/\",\"url\":\"https:\\\/\\\/www.alcoawheels.com\\\/europe\\\/hu\\\/wp-content\\\/uploads\\\/sites\\\/16\\\/2023\\\/05\\\/logo-black.gif\",\"contentUrl\":\"https:\\\/\\\/www.alcoawheels.com\\\/europe\\\/hu\\\/wp-content\\\/uploads\\\/sites\\\/16\\\/2023\\\/05\\\/logo-black.gif\",\"width\":71,\"height\":64,\"caption\":\"Europe Hungarian\"},\"image\":{\"@id\":\"https:\\\/\\\/www.alcoawheels.com\\\/europe\\\/hu\\\/#\\\/schema\\\/logo\\\/image\\\/\"}}]}<\/script>\n<!-- \/ Yoast SEO Premium plugin. -->","yoast_head_json":{"title":"\u00c1pol\u00e1s | Alcoa Wheels","description":"Alcoa\u00ae felni kieg\u00e9sz\u00edt\u0151 term\u00e9kek az Alcoa\u00ae felnik lehet\u0151 legjobb \u00e1llapot\u00e1nak fenntart\u00e1s\u00e1hoz. K\u00edn\u00e1latunkban szerepel a HUBgrease, VALVEgrease, s\u00fcnt\u00e1rcsa, s\u00fcnkefe \u00e9s elv\u00e1laszt\u00f3lemez.","robots":{"index":"index","follow":"follow","max-snippet":"max-snippet:-1","max-image-preview":"max-image-preview:large","max-video-preview":"max-video-preview:-1"},"canonical":"https:\/\/www.alcoawheels.com\/europe\/hu\/karbantartas\/","og_locale":"en_US","og_type":"article","og_title":"Karbantart\u00e1s","og_description":"Alcoa\u00ae felni kieg\u00e9sz\u00edt\u0151 term\u00e9kek az Alcoa\u00ae felnik lehet\u0151 legjobb \u00e1llapot\u00e1nak fenntart\u00e1s\u00e1hoz. K\u00edn\u00e1latunkban szerepel a HUBgrease, VALVEgrease, s\u00fcnt\u00e1rcsa, s\u00fcnkefe \u00e9s elv\u00e1laszt\u00f3lemez.","og_url":"https:\/\/www.alcoawheels.com\/europe\/hu\/karbantartas\/","og_site_name":"Europe Hungarian","article_modified_time":"2025-07-11T19:12:03+00:00","og_image":[{"width":450,"height":300,"url":"https:\/\/www.alcoawheels.com\/europe\/hu\/wp-content\/uploads\/sites\/16\/2023\/06\/maintenance-Hubgrease-thumbnail.jpg","type":"image\/jpeg"}],"twitter_card":"summary_large_image","twitter_misc":{"Est. reading time":"4 minutes"},"schema":{"@context":"https:\/\/schema.org","@graph":[{"@type":"WebPage","@id":"https:\/\/www.alcoawheels.com\/europe\/hu\/karbantartas\/","url":"https:\/\/www.alcoawheels.com\/europe\/hu\/karbantartas\/","name":"\u00c1pol\u00e1s | Alcoa Wheels","isPartOf":{"@id":"https:\/\/www.alcoawheels.com\/europe\/hu\/#website"},"primaryImageOfPage":{"@id":"https:\/\/www.alcoawheels.com\/europe\/hu\/karbantartas\/#primaryimage"},"image":{"@id":"https:\/\/www.alcoawheels.com\/europe\/hu\/karbantartas\/#primaryimage"},"thumbnailUrl":"https:\/\/www.alcoawheels.com\/europe\/hu\/wp-content\/uploads\/sites\/16\/2023\/06\/maintenance-Hubgrease-thumbnail.jpg","datePublished":"2023-05-26T07:12:36+00:00","dateModified":"2025-07-11T19:12:03+00:00","description":"Alcoa\u00ae felni kieg\u00e9sz\u00edt\u0151 term\u00e9kek az Alcoa\u00ae felnik lehet\u0151 legjobb \u00e1llapot\u00e1nak fenntart\u00e1s\u00e1hoz. K\u00edn\u00e1latunkban szerepel a HUBgrease, VALVEgrease, s\u00fcnt\u00e1rcsa, s\u00fcnkefe \u00e9s elv\u00e1laszt\u00f3lemez.","breadcrumb":{"@id":"https:\/\/www.alcoawheels.com\/europe\/hu\/karbantartas\/#breadcrumb"},"inLanguage":"en-US","potentialAction":[{"@type":"ReadAction","target":["https:\/\/www.alcoawheels.com\/europe\/hu\/karbantartas\/"]}]},{"@type":"ImageObject","inLanguage":"en-US","@id":"https:\/\/www.alcoawheels.com\/europe\/hu\/karbantartas\/#primaryimage","url":"https:\/\/www.alcoawheels.com\/europe\/hu\/wp-content\/uploads\/sites\/16\/2023\/06\/maintenance-Hubgrease-thumbnail.jpg","contentUrl":"https:\/\/www.alcoawheels.com\/europe\/hu\/wp-content\/uploads\/sites\/16\/2023\/06\/maintenance-Hubgrease-thumbnail.jpg","width":450,"height":300,"caption":"HUBgrease"},{"@type":"BreadcrumbList","@id":"https:\/\/www.alcoawheels.com\/europe\/hu\/karbantartas\/#breadcrumb","itemListElement":[{"@type":"ListItem","position":1,"name":"Home","item":"https:\/\/www.alcoawheels.com\/europe\/hu\/"},{"@type":"ListItem","position":2,"name":"Karbantart\u00e1s"}]},{"@type":"WebSite","@id":"https:\/\/www.alcoawheels.com\/europe\/hu\/#website","url":"https:\/\/www.alcoawheels.com\/europe\/hu\/","name":"Europe Hungarian","description":"","publisher":{"@id":"https:\/\/www.alcoawheels.com\/europe\/hu\/#organization"},"potentialAction":[{"@type":"SearchAction","target":{"@type":"EntryPoint","urlTemplate":"https:\/\/www.alcoawheels.com\/europe\/hu\/?s={search_term_string}"},"query-input":{"@type":"PropertyValueSpecification","valueRequired":true,"valueName":"search_term_string"}}],"inLanguage":"en-US"},{"@type":"Organization","@id":"https:\/\/www.alcoawheels.com\/europe\/hu\/#organization","name":"Europe Hungarian","url":"https:\/\/www.alcoawheels.com\/europe\/hu\/","logo":{"@type":"ImageObject","inLanguage":"en-US","@id":"https:\/\/www.alcoawheels.com\/europe\/hu\/#\/schema\/logo\/image\/","url":"https:\/\/www.alcoawheels.com\/europe\/hu\/wp-content\/uploads\/sites\/16\/2023\/05\/logo-black.gif","contentUrl":"https:\/\/www.alcoawheels.com\/europe\/hu\/wp-content\/uploads\/sites\/16\/2023\/05\/logo-black.gif","width":71,"height":64,"caption":"Europe Hungarian"},"image":{"@id":"https:\/\/www.alcoawheels.com\/europe\/hu\/#\/schema\/logo\/image\/"}}]}},"parsely":{"version":"1.1.0","canonical_url":"https:\/\/alcoawheels.com\/europe\/hu\/karbantartas\/","smart_links":{"inbound":0,"outbound":0},"traffic_boost_suggestions_count":0,"meta":{"@context":"https:\/\/schema.org","@type":"WebPage","headline":"Karbantart\u00e1s","url":"http:\/\/www.alcoawheels.com\/europe\/hu\/karbantartas\/","mainEntityOfPage":{"@type":"WebPage","@id":"http:\/\/www.alcoawheels.com\/europe\/hu\/karbantartas\/"},"thumbnailUrl":"https:\/\/www.alcoawheels.com\/europe\/hu\/wp-content\/uploads\/sites\/16\/2023\/06\/maintenance-Hubgrease-thumbnail.jpg?w=150&h=150&crop=1","image":{"@type":"ImageObject","url":"https:\/\/www.alcoawheels.com\/europe\/hu\/wp-content\/uploads\/sites\/16\/2023\/06\/maintenance-Hubgrease-thumbnail.jpg"},"articleSection":"Uncategorized","author":[{"@type":"Person","name":"howmet"}],"creator":["howmet"],"publisher":{"@type":"Organization","name":"Europe Hungarian","logo":""},"keywords":[],"dateCreated":"2023-05-26T07:12:36Z","datePublished":"2023-05-26T07:12:36Z","dateModified":"2025-07-11T19:12:03Z"},"rendered":"<script type=\"application\/ld+json\" class=\"wp-parsely-metadata\">{\"@context\":\"https:\\\/\\\/schema.org\",\"@type\":\"WebPage\",\"headline\":\"Karbantart\\u00e1s\",\"url\":\"http:\\\/\\\/www.alcoawheels.com\\\/europe\\\/hu\\\/karbantartas\\\/\",\"mainEntityOfPage\":{\"@type\":\"WebPage\",\"@id\":\"http:\\\/\\\/www.alcoawheels.com\\\/europe\\\/hu\\\/karbantartas\\\/\"},\"thumbnailUrl\":\"https:\\\/\\\/www.alcoawheels.com\\\/europe\\\/hu\\\/wp-content\\\/uploads\\\/sites\\\/16\\\/2023\\\/06\\\/maintenance-Hubgrease-thumbnail.jpg?w=150&h=150&crop=1\",\"image\":{\"@type\":\"ImageObject\",\"url\":\"https:\\\/\\\/www.alcoawheels.com\\\/europe\\\/hu\\\/wp-content\\\/uploads\\\/sites\\\/16\\\/2023\\\/06\\\/maintenance-Hubgrease-thumbnail.jpg\"},\"articleSection\":\"Uncategorized\",\"author\":[{\"@type\":\"Person\",\"name\":\"howmet\"}],\"creator\":[\"howmet\"],\"publisher\":{\"@type\":\"Organization\",\"name\":\"Europe Hungarian\",\"logo\":\"\"},\"keywords\":[],\"dateCreated\":\"2023-05-26T07:12:36Z\",\"datePublished\":\"2023-05-26T07:12:36Z\",\"dateModified\":\"2025-07-11T19:12:03Z\"}<\/script>","tracker_url":"https:\/\/cdn.parsely.com\/keys\/alcoawheels.com\/p.js"},"jetpack_sharing_enabled":true,"_links":{"self":[{"href":"https:\/\/www.alcoawheels.com\/europe\/hu\/wp-json\/wp\/v2\/pages\/29","targetHints":{"allow":["GET"]}}],"collection":[{"href":"https:\/\/www.alcoawheels.com\/europe\/hu\/wp-json\/wp\/v2\/pages"}],"about":[{"href":"https:\/\/www.alcoawheels.com\/europe\/hu\/wp-json\/wp\/v2\/types\/page"}],"author":[{"embeddable":true,"href":"https:\/\/www.alcoawheels.com\/europe\/hu\/wp-json\/wp\/v2\/users\/44"}],"replies":[{"embeddable":true,"href":"https:\/\/www.alcoawheels.com\/europe\/hu\/wp-json\/wp\/v2\/comments?post=29"}],"version-history":[{"count":14,"href":"https:\/\/www.alcoawheels.com\/europe\/hu\/wp-json\/wp\/v2\/pages\/29\/revisions"}],"predecessor-version":[{"id":2451,"href":"https:\/\/www.alcoawheels.com\/europe\/hu\/wp-json\/wp\/v2\/pages\/29\/revisions\/2451"}],"wp:featuredmedia":[{"embeddable":true,"href":"https:\/\/www.alcoawheels.com\/europe\/hu\/wp-json\/wp\/v2\/media\/481"}],"wp:attachment":[{"href":"https:\/\/www.alcoawheels.com\/europe\/hu\/wp-json\/wp\/v2\/media?parent=29"}],"curies":[{"name":"wp","href":"https:\/\/api.w.org\/{rel}","templated":true}]}}