		{"id":35,"date":"2023-05-26T07:17:39","date_gmt":"2023-05-26T07:17:39","guid":{"rendered":"https:\/\/www.alcoawheels.com\/europe\/hu\/?page_id=35"},"modified":"2025-12-15T15:04:59","modified_gmt":"2025-12-15T14:04:59","slug":"hol-vasarolhatom-meg","status":"publish","type":"page","link":"https:\/\/www.alcoawheels.com\/europe\/hu\/hol-vasarolhatom-meg\/","title":{"rendered":"Hol v\u00e1s\u00e1rolhatom meg?"},"content":{"rendered":"\n<div class=\"wp-block-alcoa-wheels-hero-banner-innerpage hero-banner with-image layout-2 overlayEnable align- vertical-align-\" style=\"background-color:#eee\"><img decoding=\"async\" src=\"https:\/\/www.alcoawheels.com\/europe\/hu\/wp-content\/uploads\/sites\/16\/2023\/06\/hero-where-to-buy.jpg\" alt=\"Keresked\u0151 keres\u00e9se\" class=\"responsiveImage\"\/><div class=\"hero-banner__header\" style=\"text-align:center\"><div class=\"container\"><h1 class=\"hero-banner__header--title\">Keresked\u0151 keres\u00e9se<\/h1><\/div><\/div><\/div>\n\n\n\n<div style=\"height:50px\" aria-hidden=\"true\" class=\"wp-block-spacer spacer-fifty\"><\/div>\n\n\n\n<h5 class=\"wp-block-heading\" id=\"h-hogyan-vasarolhatok-kovacsolt-aluminium-alcoa-kerektarcsakat\"><strong>Hogyan v\u00e1s\u00e1rolhatok kov\u00e1csolt alum\u00ednium Alcoa<sup>\u00ae<\/sup> ker\u00e9kt\u00e1rcs\u00e1kat?<\/strong><\/h5>\n\n\n\n<p>Alcoa<sup>\u00ae<\/sup> ker\u00e9kt\u00e1rcs\u00e1kat a hivatalos \u00e9rt\u00e9kes\u00edt\u0151i h\u00e1l\u00f3zatunkt\u00f3l v\u00e1s\u00e1rolhat. Keresse meg az \u00d6nh\u00f6z legk\u00f6zelebb es\u0151t a keres\u0151 alkalmaz\u00e1ssal. Vagy vegye fel a kapcsolatot j\u00e1rm\u0171ve gy\u00e1rt\u00f3j\u00e1val.<\/p>\n\n\n\n<hr class=\"wp-block-separator alignwide has-text-color has-alpha-channel-opacity has-background is-style-wide\" style=\"background-color:#282828;color:#282828\"\/>\n\n\n\n<div style=\"height:50px\" aria-hidden=\"true\" class=\"wp-block-spacer spacer-fifty\"><\/div>\n\n\n\n<h5 class=\"wp-block-heading\"><strong>Keresked\u0151 keres\u00e9se alkalmaz\u00e1s:<\/strong><\/h5>\n\n\n\n<p>Alcoa<sup>\u00ae<\/sup> ker\u00e9kt\u00e1rcs\u00e1kat \u00e9s kieg\u00e9sz\u00edt\u0151ket forgalmaz\u00f3 keresked\u0151 keres\u00e9se<\/p>\n\n\n\t\t<div class=\"wp-block-aw-distributor-distributors-location\" data-nonce=\"4ad672972f\">\n\t\t\t\t\t\t\t<div class=\"distributor-map\">\n\t\t\t\t\t<div class=\"form-group\">\n\t\t\t\t\t\t\t\t\t\t\t\t\t\t<select id=\"country\" name=\"country\" size=\"1\">\n\t\t\t\t\t\t\t\t\t<option selected=\"selected\" value=\"\">Az \u00f6sszes helysz\u00edn megjelen\u00edt\u00e9se<\/option>\n\t\t\t\t\t\t\t\t\t\t\t\t\t\t\t\t\t\t\t<option value=\"austria\">AUSTRIA<\/option>\n\t\t\t\t\t\t\t\t\t\t\t\t\t\t\t\t\t\t\t<option value=\"belgium\">BELGIUM<\/option>\n\t\t\t\t\t\t\t\t\t\t\t\t\t\t\t\t\t\t\t<option value=\"czech-republic\">CZECH REPUBLIC<\/option>\n\t\t\t\t\t\t\t\t\t\t\t\t\t\t\t\t\t\t\t<option value=\"denmark\">DENMARK<\/option>\n\t\t\t\t\t\t\t\t\t\t\t\t\t\t\t\t\t\t\t<option value=\"finland\">FINLAND<\/option>\n\t\t\t\t\t\t\t\t\t\t\t\t\t\t\t\t\t\t\t<option value=\"france\">FRANCE<\/option>\n\t\t\t\t\t\t\t\t\t\t\t\t\t\t\t\t\t\t\t<option value=\"germany\">GERMANY<\/option>\n\t\t\t\t\t\t\t\t\t\t\t\t\t\t\t\t\t\t\t<option value=\"greece\">GREECE<\/option>\n\t\t\t\t\t\t\t\t\t\t\t\t\t\t\t\t\t\t\t<option value=\"hungary\">HUNGARY<\/option>\n\t\t\t\t\t\t\t\t\t\t\t\t\t\t\t\t\t\t\t<option value=\"ireland\">IRELAND<\/option>\n\t\t\t\t\t\t\t\t\t\t\t\t\t\t\t\t\t\t\t<option value=\"israel\">ISRAEL<\/option>\n\t\t\t\t\t\t\t\t\t\t\t\t\t\t\t\t\t\t\t<option value=\"italy\">ITALY<\/option>\n\t\t\t\t\t\t\t\t\t\t\t\t\t\t\t\t\t\t\t<option value=\"lithuania\">LITHUANIA<\/option>\n\t\t\t\t\t\t\t\t\t\t\t\t\t\t\t\t\t\t\t<option value=\"luxembourg\">LUXEMBOURG<\/option>\n\t\t\t\t\t\t\t\t\t\t\t\t\t\t\t\t\t\t\t<option value=\"netherlands\">NETHERLANDS<\/option>\n\t\t\t\t\t\t\t\t\t\t\t\t\t\t\t\t\t\t\t<option value=\"norway\">NORWAY<\/option>\n\t\t\t\t\t\t\t\t\t\t\t\t\t\t\t\t\t\t\t<option value=\"poland\">POLAND<\/option>\n\t\t\t\t\t\t\t\t\t\t\t\t\t\t\t\t\t\t\t<option value=\"portugal\">PORTUGAL<\/option>\n\t\t\t\t\t\t\t\t\t\t\t\t\t\t\t\t\t\t\t<option value=\"romania\">ROMANIA<\/option>\n\t\t\t\t\t\t\t\t\t\t\t\t\t\t\t\t\t\t\t<option value=\"serbia\">SERBIA<\/option>\n\t\t\t\t\t\t\t\t\t\t\t\t\t\t\t\t\t\t\t<option value=\"slovakia\">SLOVAKIA<\/option>\n\t\t\t\t\t\t\t\t\t\t\t\t\t\t\t\t\t\t\t<option value=\"slovenia\">SLOVENIA<\/option>\n\t\t\t\t\t\t\t\t\t\t\t\t\t\t\t\t\t\t\t<option value=\"spain\">SPAIN<\/option>\n\t\t\t\t\t\t\t\t\t\t\t\t\t\t\t\t\t\t\t<option value=\"sweden\">SWEDEN<\/option>\n\t\t\t\t\t\t\t\t\t\t\t\t\t\t\t\t\t\t\t<option value=\"switzerland\">SWITZERLAND<\/option>\n\t\t\t\t\t\t\t\t\t\t\t\t\t\t\t\t\t\t\t<option value=\"turkey\">TURKEY<\/option>\n\t\t\t\t\t\t\t\t\t\t\t\t\t\t\t\t\t\t\t<option value=\"united-kingdom\">UNITED KINGDOM<\/option>\n\t\t\t\t\t\t\t\t\t\t\t\t\t\t\t\t\t<\/select>\n\t\t\t\t\t\t\t\t\t\t\t\t\t\t\t\t\t\t\t<\/div>\n\t\t\t\t<\/div>\n\t\t\t\t<input type='hidden' id='map-latitude' value='51.5'>\n\t\t\t\t<input type='hidden' id='map-longitude' value='15'>\n\t\t\t\t\t\t\t\t\t<img decoding=\"async\" src=\"https:\/\/www.alcoawheels.com\/europe\/hu\/wp-content\/plugins\/aw-distributors\/\/assets\/images\/google-map.png\" alt=\"google-map\">\n\t\t\t\t\t\t<\/div>\n\t\t\n\n\n<p>A list\u00e1n nem szerepl\u0151 orsz\u00e1gok eset\u00e9ben k\u00e9rj\u00fck, t\u00f6ltse ki <a href=\"https:\/\/www.alcoawheels.com\/europe\/hu\/kapcsolat\/\">kapcsolatfelv\u00e9teli \u0171rlapunkat<\/a>.<\/p>\n\n\n\n<div style=\"height:50px\" aria-hidden=\"true\" class=\"wp-block-spacer spacer-fifty\"><\/div>\n\n\n\n<div class=\"wp-block-alcoa-wheels-card-usecase-1 card-box-v1__body with-icon align-center vertical-align-center\" id=\"card_box_v1-68bc4686-6a68-46bd-bacf-e056e85c7662\"><div class=\"fullwidthcontainer\"><div class=\"card-box-v1__boxes has-4-columns\"><div class=\"card-box-v1__box  with-link \" style=\"background-color:#00afb9\"><img decoding=\"async\" src=\"https:\/\/www.alcoawheels.com\/europe\/hu\/wp-content\/themes\/alcoa-wheels\/assets\/build\/js\/blocks\/card-usecase-1\/..\/..\/..\/images\/placeholder-image.db2b4d5c.jpeg\" alt=\"Kapcsolat\"\/><div class=\"card-box-v1__box__inner pos-abs\"><div class=\"card-box-v1__box_icon\"><img loading=\"lazy\" decoding=\"async\" width=\"171\" height=\"171\" src=\"https:\/\/www.alcoawheels.com\/europe\/hu\/wp-content\/uploads\/sites\/16\/2023\/06\/contact.png\" alt=\"\"\/><\/div><div class=\"card-box-v1__box_content\"><h4 style=\"color:#ffffff\">Kapcsolat<\/h4><\/div><div class=\"btn-wrap\"><\/div><\/div><a href=\"\/europe\/hu\/kapcsolat\" aria-label=\"Kapcsolat\"><\/a><\/div><div class=\"card-box-v1__box  with-link \" style=\"background-color:#34bfc7\"><img decoding=\"async\" src=\"https:\/\/www.alcoawheels.com\/europe\/hu\/wp-content\/themes\/alcoa-wheels\/assets\/build\/js\/blocks\/card-usecase-1\/..\/..\/..\/images\/placeholder-image.db2b4d5c.jpeg\" alt=\"Ker\u00e9kt\u00e1rcsa-v\u00e1laszt\u00e9k\"\/><div class=\"card-box-v1__box__inner pos-abs\"><div class=\"card-box-v1__box_icon\"><img loading=\"lazy\" decoding=\"async\" width=\"169\" height=\"169\" src=\"https:\/\/www.alcoawheels.com\/europe\/hu\/wp-content\/uploads\/sites\/16\/2023\/06\/product-search.png\" alt=\"\"\/><\/div><div class=\"card-box-v1__box_content\"><h4 style=\"color:#ffffff\">Ker\u00e9kt\u00e1rcsa-v\u00e1laszt\u00e9k<\/h4><\/div><div class=\"btn-wrap\"><\/div><\/div><a href=\"\/europe\/hu\/kerektarcsa-valasztek\" aria-label=\"Ker\u00e9kt\u00e1rcsa-v\u00e1laszt\u00e9k\"><\/a><\/div><div class=\"card-box-v1__box  with-link \" style=\"background-color:#00afb9\"><img decoding=\"async\" src=\"https:\/\/www.alcoawheels.com\/europe\/hu\/wp-content\/themes\/alcoa-wheels\/assets\/build\/js\/blocks\/card-usecase-1\/..\/..\/..\/images\/placeholder-image.db2b4d5c.jpeg\" alt=\"Hol v\u00e1s\u00e1rolhatom meg?\"\/><div class=\"card-box-v1__box__inner pos-abs\"><div class=\"card-box-v1__box_icon\"><img loading=\"lazy\" decoding=\"async\" width=\"169\" height=\"169\" src=\"https:\/\/www.alcoawheels.com\/europe\/hu\/wp-content\/uploads\/sites\/16\/2023\/06\/where-to-buy.png\" alt=\"\"\/><\/div><div class=\"card-box-v1__box_content\"><h4 style=\"color:#ffffff\">Hol v\u00e1s\u00e1rolhatom meg?<\/h4><\/div><div class=\"btn-wrap\"><\/div><\/div><a href=\"\/europe\/hu\/hol-vasarolhatom-meg.\" aria-label=\"Hol v\u00e1s\u00e1rolhatom meg?\"><\/a><\/div><div class=\"card-box-v1__box  with-link \" style=\"background-color:#34bfc7\"><img decoding=\"async\" src=\"https:\/\/www.alcoawheels.com\/europe\/hu\/wp-content\/themes\/alcoa-wheels\/assets\/build\/js\/blocks\/card-usecase-1\/..\/..\/..\/images\/placeholder-image.db2b4d5c.jpeg\" alt=\"Let\u00f6lt\u00e9sek\"\/><div class=\"card-box-v1__box__inner pos-abs\"><div class=\"card-box-v1__box_icon\"><img loading=\"lazy\" decoding=\"async\" width=\"169\" height=\"169\" src=\"https:\/\/www.alcoawheels.com\/europe\/hu\/wp-content\/uploads\/sites\/16\/2023\/06\/product-literature.png\" alt=\"\"\/><\/div><div class=\"card-box-v1__box_content\"><h4 style=\"color:#ffffff\">Let\u00f6lt\u00e9sek<\/h4><\/div><div class=\"btn-wrap\"><\/div><\/div><a href=\"\/europe\/hu\/termekirodalom\" aria-label=\"Let\u00f6lt\u00e9sek\"><\/a><\/div><\/div><\/div><\/div>\n","protected":false},"excerpt":{"rendered":"<p>Hogyan v\u00e1s\u00e1rolhatok kov\u00e1csolt alum\u00ednium Alcoa\u00ae ker\u00e9kt\u00e1rcs\u00e1kat? Alcoa\u00ae ker\u00e9kt\u00e1rcs\u00e1kat a hivatalos \u00e9rt\u00e9kes\u00edt\u0151i h\u00e1l\u00f3zatunkt\u00f3l v\u00e1s\u00e1rolhat. Keresse meg az \u00d6nh\u00f6z legk\u00f6zelebb es\u0151t a keres\u0151 alkalmaz\u00e1ssal. Vagy vegye fel a kapcsolatot j\u00e1rm\u0171ve gy\u00e1rt\u00f3j\u00e1val. Keresked\u0151 keres\u00e9se alkalmaz\u00e1s: Alcoa\u00ae ker\u00e9kt\u00e1rcs\u00e1kat \u00e9s kieg\u00e9sz\u00edt\u0151ket forgalmaz\u00f3 keresked\u0151 keres\u00e9se A list\u00e1n nem szerepl\u0151 orsz\u00e1gok eset\u00e9ben k\u00e9rj\u00fck, t\u00f6ltse ki kapcsolatfelv\u00e9teli \u0171rlapunkat.<\/p>\n","protected":false},"author":44,"featured_media":0,"parent":0,"menu_order":0,"comment_status":"closed","ping_status":"closed","template":"","meta":{"_acf_changed":false,"protected_reviewer_email":"","editor_notices":[],"footnotes":""},"class_list":["post-35","page","type-page","status-publish","hentry"],"acf":[],"yoast_head":"<!-- This site is optimized with the Yoast SEO Premium plugin v27.4 (Yoast SEO v27.4) - https:\/\/yoast.com\/product\/yoast-seo-premium-wordpress\/ -->\n<title>hol-v\u00e1s\u00e1rolhatom-meg | Alcoa \u00ae Wheels<\/title>\n<meta name=\"robots\" content=\"index, follow, max-snippet:-1, max-image-preview:large, max-video-preview:-1\" \/>\n<link rel=\"canonical\" href=\"https:\/\/www.alcoawheels.com\/europe\/hu\/hol-vasarolhatom-meg\/\" \/>\n<meta property=\"og:locale\" content=\"en_US\" \/>\n<meta property=\"og:type\" content=\"article\" \/>\n<meta property=\"og:title\" content=\"Hol v\u00e1s\u00e1rolhatom meg?\" \/>\n<meta property=\"og:description\" content=\"Hogyan v\u00e1s\u00e1rolhatok kov\u00e1csolt alum\u00ednium Alcoa\u00ae ker\u00e9kt\u00e1rcs\u00e1kat? Alcoa\u00ae ker\u00e9kt\u00e1rcs\u00e1kat a hivatalos \u00e9rt\u00e9kes\u00edt\u0151i h\u00e1l\u00f3zatunkt\u00f3l v\u00e1s\u00e1rolhat. Keresse meg az \u00d6nh\u00f6z legk\u00f6zelebb es\u0151t a keres\u0151 alkalmaz\u00e1ssal. Vagy vegye fel a kapcsolatot j\u00e1rm\u0171ve gy\u00e1rt\u00f3j\u00e1val. Keresked\u0151 keres\u00e9se alkalmaz\u00e1s: Alcoa\u00ae ker\u00e9kt\u00e1rcs\u00e1kat \u00e9s kieg\u00e9sz\u00edt\u0151ket forgalmaz\u00f3 keresked\u0151 keres\u00e9se A list\u00e1n nem szerepl\u0151 orsz\u00e1gok eset\u00e9ben k\u00e9rj\u00fck, t\u00f6ltse ki kapcsolatfelv\u00e9teli \u0171rlapunkat.\" \/>\n<meta property=\"og:url\" content=\"https:\/\/www.alcoawheels.com\/europe\/hu\/hol-vasarolhatom-meg\/\" \/>\n<meta property=\"og:site_name\" content=\"Europe Hungarian\" \/>\n<meta property=\"article:modified_time\" content=\"2025-12-15T14:04:59+00:00\" \/>\n<meta property=\"og:image\" content=\"https:\/\/www.alcoawheels.com\/europe\/hu\/wp-content\/uploads\/sites\/16\/2023\/06\/hero-where-to-buy.jpg\" \/>\n<meta name=\"twitter:card\" content=\"summary_large_image\" \/>\n<meta name=\"twitter:label1\" content=\"Est. reading time\" \/>\n\t<meta name=\"twitter:data1\" content=\"3 minutes\" \/>\n<script type=\"application\/ld+json\" class=\"yoast-schema-graph\">{\"@context\":\"https:\\\/\\\/schema.org\",\"@graph\":[{\"@type\":\"WebPage\",\"@id\":\"https:\\\/\\\/www.alcoawheels.com\\\/europe\\\/hu\\\/hol-vasarolhatom-meg\\\/\",\"url\":\"https:\\\/\\\/www.alcoawheels.com\\\/europe\\\/hu\\\/hol-vasarolhatom-meg\\\/\",\"name\":\"hol-v\u00e1s\u00e1rolhatom-meg | Alcoa \u00ae Wheels\",\"isPartOf\":{\"@id\":\"https:\\\/\\\/www.alcoawheels.com\\\/europe\\\/hu\\\/#website\"},\"primaryImageOfPage\":{\"@id\":\"https:\\\/\\\/www.alcoawheels.com\\\/europe\\\/hu\\\/hol-vasarolhatom-meg\\\/#primaryimage\"},\"image\":{\"@id\":\"https:\\\/\\\/www.alcoawheels.com\\\/europe\\\/hu\\\/hol-vasarolhatom-meg\\\/#primaryimage\"},\"thumbnailUrl\":\"https:\\\/\\\/www.alcoawheels.com\\\/europe\\\/hu\\\/wp-content\\\/uploads\\\/sites\\\/16\\\/2023\\\/06\\\/hero-where-to-buy.jpg\",\"datePublished\":\"2023-05-26T07:17:39+00:00\",\"dateModified\":\"2025-12-15T14:04:59+00:00\",\"breadcrumb\":{\"@id\":\"https:\\\/\\\/www.alcoawheels.com\\\/europe\\\/hu\\\/hol-vasarolhatom-meg\\\/#breadcrumb\"},\"inLanguage\":\"en-US\",\"potentialAction\":[{\"@type\":\"ReadAction\",\"target\":[\"https:\\\/\\\/www.alcoawheels.com\\\/europe\\\/hu\\\/hol-vasarolhatom-meg\\\/\"]}]},{\"@type\":\"ImageObject\",\"inLanguage\":\"en-US\",\"@id\":\"https:\\\/\\\/www.alcoawheels.com\\\/europe\\\/hu\\\/hol-vasarolhatom-meg\\\/#primaryimage\",\"url\":\"https:\\\/\\\/www.alcoawheels.com\\\/europe\\\/hu\\\/wp-content\\\/uploads\\\/sites\\\/16\\\/2023\\\/06\\\/hero-where-to-buy.jpg\",\"contentUrl\":\"https:\\\/\\\/www.alcoawheels.com\\\/europe\\\/hu\\\/wp-content\\\/uploads\\\/sites\\\/16\\\/2023\\\/06\\\/hero-where-to-buy.jpg\",\"width\":1119,\"height\":280,\"caption\":\"Keresked\u0151 keres\u00e9se\"},{\"@type\":\"BreadcrumbList\",\"@id\":\"https:\\\/\\\/www.alcoawheels.com\\\/europe\\\/hu\\\/hol-vasarolhatom-meg\\\/#breadcrumb\",\"itemListElement\":[{\"@type\":\"ListItem\",\"position\":1,\"name\":\"Home\",\"item\":\"https:\\\/\\\/www.alcoawheels.com\\\/europe\\\/hu\\\/\"},{\"@type\":\"ListItem\",\"position\":2,\"name\":\"Hol v\u00e1s\u00e1rolhatom meg?\"}]},{\"@type\":\"WebSite\",\"@id\":\"https:\\\/\\\/www.alcoawheels.com\\\/europe\\\/hu\\\/#website\",\"url\":\"https:\\\/\\\/www.alcoawheels.com\\\/europe\\\/hu\\\/\",\"name\":\"Europe Hungarian\",\"description\":\"\",\"publisher\":{\"@id\":\"https:\\\/\\\/www.alcoawheels.com\\\/europe\\\/hu\\\/#organization\"},\"potentialAction\":[{\"@type\":\"SearchAction\",\"target\":{\"@type\":\"EntryPoint\",\"urlTemplate\":\"https:\\\/\\\/www.alcoawheels.com\\\/europe\\\/hu\\\/?s={search_term_string}\"},\"query-input\":{\"@type\":\"PropertyValueSpecification\",\"valueRequired\":true,\"valueName\":\"search_term_string\"}}],\"inLanguage\":\"en-US\"},{\"@type\":\"Organization\",\"@id\":\"https:\\\/\\\/www.alcoawheels.com\\\/europe\\\/hu\\\/#organization\",\"name\":\"Europe Hungarian\",\"url\":\"https:\\\/\\\/www.alcoawheels.com\\\/europe\\\/hu\\\/\",\"logo\":{\"@type\":\"ImageObject\",\"inLanguage\":\"en-US\",\"@id\":\"https:\\\/\\\/www.alcoawheels.com\\\/europe\\\/hu\\\/#\\\/schema\\\/logo\\\/image\\\/\",\"url\":\"https:\\\/\\\/www.alcoawheels.com\\\/europe\\\/hu\\\/wp-content\\\/uploads\\\/sites\\\/16\\\/2023\\\/05\\\/logo-black.gif\",\"contentUrl\":\"https:\\\/\\\/www.alcoawheels.com\\\/europe\\\/hu\\\/wp-content\\\/uploads\\\/sites\\\/16\\\/2023\\\/05\\\/logo-black.gif\",\"width\":71,\"height\":64,\"caption\":\"Europe Hungarian\"},\"image\":{\"@id\":\"https:\\\/\\\/www.alcoawheels.com\\\/europe\\\/hu\\\/#\\\/schema\\\/logo\\\/image\\\/\"}}]}<\/script>\n<!-- \/ Yoast SEO Premium plugin. -->","yoast_head_json":{"title":"hol-v\u00e1s\u00e1rolhatom-meg | Alcoa \u00ae Wheels","robots":{"index":"index","follow":"follow","max-snippet":"max-snippet:-1","max-image-preview":"max-image-preview:large","max-video-preview":"max-video-preview:-1"},"canonical":"https:\/\/www.alcoawheels.com\/europe\/hu\/hol-vasarolhatom-meg\/","og_locale":"en_US","og_type":"article","og_title":"Hol v\u00e1s\u00e1rolhatom meg?","og_description":"Hogyan v\u00e1s\u00e1rolhatok kov\u00e1csolt alum\u00ednium Alcoa\u00ae ker\u00e9kt\u00e1rcs\u00e1kat? Alcoa\u00ae ker\u00e9kt\u00e1rcs\u00e1kat a hivatalos \u00e9rt\u00e9kes\u00edt\u0151i h\u00e1l\u00f3zatunkt\u00f3l v\u00e1s\u00e1rolhat. Keresse meg az \u00d6nh\u00f6z legk\u00f6zelebb es\u0151t a keres\u0151 alkalmaz\u00e1ssal. Vagy vegye fel a kapcsolatot j\u00e1rm\u0171ve gy\u00e1rt\u00f3j\u00e1val. Keresked\u0151 keres\u00e9se alkalmaz\u00e1s: Alcoa\u00ae ker\u00e9kt\u00e1rcs\u00e1kat \u00e9s kieg\u00e9sz\u00edt\u0151ket forgalmaz\u00f3 keresked\u0151 keres\u00e9se A list\u00e1n nem szerepl\u0151 orsz\u00e1gok eset\u00e9ben k\u00e9rj\u00fck, t\u00f6ltse ki kapcsolatfelv\u00e9teli \u0171rlapunkat.","og_url":"https:\/\/www.alcoawheels.com\/europe\/hu\/hol-vasarolhatom-meg\/","og_site_name":"Europe Hungarian","article_modified_time":"2025-12-15T14:04:59+00:00","og_image":[{"url":"https:\/\/www.alcoawheels.com\/europe\/hu\/wp-content\/uploads\/sites\/16\/2023\/06\/hero-where-to-buy.jpg","type":"","width":"","height":""}],"twitter_card":"summary_large_image","twitter_misc":{"Est. reading time":"3 minutes"},"schema":{"@context":"https:\/\/schema.org","@graph":[{"@type":"WebPage","@id":"https:\/\/www.alcoawheels.com\/europe\/hu\/hol-vasarolhatom-meg\/","url":"https:\/\/www.alcoawheels.com\/europe\/hu\/hol-vasarolhatom-meg\/","name":"hol-v\u00e1s\u00e1rolhatom-meg | Alcoa \u00ae Wheels","isPartOf":{"@id":"https:\/\/www.alcoawheels.com\/europe\/hu\/#website"},"primaryImageOfPage":{"@id":"https:\/\/www.alcoawheels.com\/europe\/hu\/hol-vasarolhatom-meg\/#primaryimage"},"image":{"@id":"https:\/\/www.alcoawheels.com\/europe\/hu\/hol-vasarolhatom-meg\/#primaryimage"},"thumbnailUrl":"https:\/\/www.alcoawheels.com\/europe\/hu\/wp-content\/uploads\/sites\/16\/2023\/06\/hero-where-to-buy.jpg","datePublished":"2023-05-26T07:17:39+00:00","dateModified":"2025-12-15T14:04:59+00:00","breadcrumb":{"@id":"https:\/\/www.alcoawheels.com\/europe\/hu\/hol-vasarolhatom-meg\/#breadcrumb"},"inLanguage":"en-US","potentialAction":[{"@type":"ReadAction","target":["https:\/\/www.alcoawheels.com\/europe\/hu\/hol-vasarolhatom-meg\/"]}]},{"@type":"ImageObject","inLanguage":"en-US","@id":"https:\/\/www.alcoawheels.com\/europe\/hu\/hol-vasarolhatom-meg\/#primaryimage","url":"https:\/\/www.alcoawheels.com\/europe\/hu\/wp-content\/uploads\/sites\/16\/2023\/06\/hero-where-to-buy.jpg","contentUrl":"https:\/\/www.alcoawheels.com\/europe\/hu\/wp-content\/uploads\/sites\/16\/2023\/06\/hero-where-to-buy.jpg","width":1119,"height":280,"caption":"Keresked\u0151 keres\u00e9se"},{"@type":"BreadcrumbList","@id":"https:\/\/www.alcoawheels.com\/europe\/hu\/hol-vasarolhatom-meg\/#breadcrumb","itemListElement":[{"@type":"ListItem","position":1,"name":"Home","item":"https:\/\/www.alcoawheels.com\/europe\/hu\/"},{"@type":"ListItem","position":2,"name":"Hol v\u00e1s\u00e1rolhatom meg?"}]},{"@type":"WebSite","@id":"https:\/\/www.alcoawheels.com\/europe\/hu\/#website","url":"https:\/\/www.alcoawheels.com\/europe\/hu\/","name":"Europe Hungarian","description":"","publisher":{"@id":"https:\/\/www.alcoawheels.com\/europe\/hu\/#organization"},"potentialAction":[{"@type":"SearchAction","target":{"@type":"EntryPoint","urlTemplate":"https:\/\/www.alcoawheels.com\/europe\/hu\/?s={search_term_string}"},"query-input":{"@type":"PropertyValueSpecification","valueRequired":true,"valueName":"search_term_string"}}],"inLanguage":"en-US"},{"@type":"Organization","@id":"https:\/\/www.alcoawheels.com\/europe\/hu\/#organization","name":"Europe Hungarian","url":"https:\/\/www.alcoawheels.com\/europe\/hu\/","logo":{"@type":"ImageObject","inLanguage":"en-US","@id":"https:\/\/www.alcoawheels.com\/europe\/hu\/#\/schema\/logo\/image\/","url":"https:\/\/www.alcoawheels.com\/europe\/hu\/wp-content\/uploads\/sites\/16\/2023\/05\/logo-black.gif","contentUrl":"https:\/\/www.alcoawheels.com\/europe\/hu\/wp-content\/uploads\/sites\/16\/2023\/05\/logo-black.gif","width":71,"height":64,"caption":"Europe Hungarian"},"image":{"@id":"https:\/\/www.alcoawheels.com\/europe\/hu\/#\/schema\/logo\/image\/"}}]}},"parsely":{"version":"1.1.0","canonical_url":"https:\/\/alcoawheels.com\/europe\/hu\/hol-vasarolhatom-meg\/","smart_links":{"inbound":0,"outbound":0},"traffic_boost_suggestions_count":0,"meta":{"@context":"https:\/\/schema.org","@type":"WebPage","headline":"Hol v\u00e1s\u00e1rolhatom meg?","url":"http:\/\/www.alcoawheels.com\/europe\/hu\/hol-vasarolhatom-meg\/","mainEntityOfPage":{"@type":"WebPage","@id":"http:\/\/www.alcoawheels.com\/europe\/hu\/hol-vasarolhatom-meg\/"},"thumbnailUrl":"","image":{"@type":"ImageObject","url":""},"articleSection":"Uncategorized","author":[{"@type":"Person","name":"howmet"}],"creator":["howmet"],"publisher":{"@type":"Organization","name":"Europe Hungarian","logo":""},"keywords":[],"dateCreated":"2023-05-26T07:17:39Z","datePublished":"2023-05-26T07:17:39Z","dateModified":"2025-12-15T14:04:59Z"},"rendered":"<script type=\"application\/ld+json\" class=\"wp-parsely-metadata\">{\"@context\":\"https:\\\/\\\/schema.org\",\"@type\":\"WebPage\",\"headline\":\"Hol v\\u00e1s\\u00e1rolhatom meg?\",\"url\":\"http:\\\/\\\/www.alcoawheels.com\\\/europe\\\/hu\\\/hol-vasarolhatom-meg\\\/\",\"mainEntityOfPage\":{\"@type\":\"WebPage\",\"@id\":\"http:\\\/\\\/www.alcoawheels.com\\\/europe\\\/hu\\\/hol-vasarolhatom-meg\\\/\"},\"thumbnailUrl\":\"\",\"image\":{\"@type\":\"ImageObject\",\"url\":\"\"},\"articleSection\":\"Uncategorized\",\"author\":[{\"@type\":\"Person\",\"name\":\"howmet\"}],\"creator\":[\"howmet\"],\"publisher\":{\"@type\":\"Organization\",\"name\":\"Europe Hungarian\",\"logo\":\"\"},\"keywords\":[],\"dateCreated\":\"2023-05-26T07:17:39Z\",\"datePublished\":\"2023-05-26T07:17:39Z\",\"dateModified\":\"2025-12-15T14:04:59Z\"}<\/script>","tracker_url":"https:\/\/cdn.parsely.com\/keys\/alcoawheels.com\/p.js"},"jetpack_sharing_enabled":true,"_links":{"self":[{"href":"https:\/\/www.alcoawheels.com\/europe\/hu\/wp-json\/wp\/v2\/pages\/35","targetHints":{"allow":["GET"]}}],"collection":[{"href":"https:\/\/www.alcoawheels.com\/europe\/hu\/wp-json\/wp\/v2\/pages"}],"about":[{"href":"https:\/\/www.alcoawheels.com\/europe\/hu\/wp-json\/wp\/v2\/types\/page"}],"author":[{"embeddable":true,"href":"https:\/\/www.alcoawheels.com\/europe\/hu\/wp-json\/wp\/v2\/users\/44"}],"replies":[{"embeddable":true,"href":"https:\/\/www.alcoawheels.com\/europe\/hu\/wp-json\/wp\/v2\/comments?post=35"}],"version-history":[{"count":9,"href":"https:\/\/www.alcoawheels.com\/europe\/hu\/wp-json\/wp\/v2\/pages\/35\/revisions"}],"predecessor-version":[{"id":2554,"href":"https:\/\/www.alcoawheels.com\/europe\/hu\/wp-json\/wp\/v2\/pages\/35\/revisions\/2554"}],"wp:attachment":[{"href":"https:\/\/www.alcoawheels.com\/europe\/hu\/wp-json\/wp\/v2\/media?parent=35"}],"curies":[{"name":"wp","href":"https:\/\/api.w.org\/{rel}","templated":true}]}}