{"id":9,"date":"2023-05-26T07:08:45","date_gmt":"2023-05-26T07:08:45","guid":{"rendered":"https:\/\/www.alcoawheels.com\/europe\/hu\/?page_id=9"},"modified":"2025-11-20T14:24:54","modified_gmt":"2025-11-20T13:24:54","slug":"alcoa-wheels","status":"publish","type":"page","link":"https:\/\/www.alcoawheels.com\/europe\/hu\/","title":{"rendered":"Alcoa Wheels Europe"},"content":{"rendered":"\n<div class=\"wp-block-alcoa-wheels-hero-slider hero-slider\" id=\"hero-slider-d3784cde-d1f5-40c4-9ec0-ff666c3f4a93\"><div class=\"ad-container-fluid\"><div class=\"hero-slider-inner\"><div class=\"hero-slider-body\"><div class=\"hero-slider-main\" data-slide-fade=\"false\" data-slide-autoplay=\"true\" data-slide-interval=\"1000\" data-slide-arrows=\"true\" data-slide-dots=\"true\" data-slide-infinite=\"true\" data-slide-show=\"1\" data-slide-scroll=\"1\"><div class=\"hero-slide-item\" style=\"background-color:#fff\"><div class=\"hero-slide-inner-wrap fullsmallslide valign-center align-left with-link slide-withbg mediaresponsive\"><div class=\"desktopImage hero-slider__bg\"><img loading=\"lazy\" decoding=\"async\" width=\"1920\" height=\"600\" src=\"https:\/\/www.alcoawheels.com\/europe\/hu\/wp-content\/uploads\/sites\/16\/2023\/05\/homepage-ultra-one_large.jpg\" alt=\"Thumbnail\"\/><\/div><div class=\"responsiveImage hero-slider__bg\"><img loading=\"lazy\" decoding=\"async\" width=\"1920\" height=\"600\" src=\"https:\/\/www.alcoawheels.com\/europe\/hu\/wp-content\/uploads\/sites\/16\/2023\/05\/homepage-ultra-one_small.jpg\" alt=\"Thumbnail\"\/><\/div><div class=\"hero-slide-inner\"><div class=\"hero-slide-info\"><\/div><\/div><a href=\"\/europe\/hu\/ultra-one\" aria-label=\"\"><\/a><\/div><\/div><div class=\"hero-slide-item\" style=\"background-color:#fff\"><div class=\"hero-slide-inner-wrap fullsmallslide valign-center align-left with-link slide-withbg mediaresponsive\"><div class=\"desktopImage hero-slider__bg\"><img loading=\"lazy\" decoding=\"async\" width=\"1920\" height=\"600\" src=\"https:\/\/www.alcoawheels.com\/europe\/hu\/wp-content\/uploads\/sites\/16\/2023\/05\/homepage-EVO-slide2_large.jpeg\" alt=\"Thumbnail\"\/><\/div><div class=\"responsiveImage hero-slider__bg\"><img loading=\"lazy\" decoding=\"async\" width=\"1920\" height=\"600\" src=\"https:\/\/www.alcoawheels.com\/europe\/hu\/wp-content\/uploads\/sites\/16\/2023\/05\/homepage-EVO-slide2_small.jpeg\" alt=\"Thumbnail\"\/><\/div><div class=\"hero-slide-inner\"><div class=\"hero-slide-info\"><p class=\"slide-info-desc\" style=\"color:#000\"><strong>Dura-Bright<sup>\u00ae<\/sup> <mark style=\"background-color:rgba(0, 0, 0, 0);color:#49b04b\" class=\"has-inline-color\">EVO<\/mark> ker\u00e9kt\u00e1rcs\u00e1k<\/strong><\/p><h2 class=\"slide-info-title\" style=\"color:#000\">Nagyszer\u0171 k\u00fcls\u0151, egyszer\u0171 karbantart\u00e1s<\/h2><p class=\"btn-main btn-primary\">Dura-Bright<sup>\u00ae<\/sup> EVO<\/p><\/div><\/div><a href=\"\/europe\/hu\/feluletkezelesek\/#dura-bright-evo\" aria-label=\"<strong&gt;Dura-Bright<sup&gt;\u00ae<\/sup&gt; <mark style=&quot;background-color:rgba(0, 0, 0, 0);color:#49b04b&quot; class=&quot;has-inline-color&quot;&gt;EVO<\/mark&gt; ker\u00e9kt\u00e1rcs\u00e1k<\/strong&gt;\"><\/a><\/div><\/div><div class=\"hero-slide-item\" style=\"background-color:#fff\"><div class=\"hero-slide-inner-wrap fullsmallslide valign-center align-left with-link slide-withbg mediaresponsive\"><div class=\"desktopImage hero-slider__bg\"><img loading=\"lazy\" decoding=\"async\" width=\"1920\" height=\"600\" src=\"https:\/\/www.alcoawheels.com\/europe\/hu\/wp-content\/uploads\/sites\/16\/2023\/05\/homepage-range2_large.jpeg\" alt=\"Thumbnail\"\/><\/div><div class=\"responsiveImage hero-slider__bg\"><img loading=\"lazy\" decoding=\"async\" width=\"1920\" height=\"600\" src=\"https:\/\/www.alcoawheels.com\/europe\/hu\/wp-content\/uploads\/sites\/16\/2023\/05\/homepage-range2_small.jpeg\" alt=\"Thumbnail\"\/><\/div><div class=\"hero-slide-inner\"><div class=\"hero-slide-info\"><h2 class=\"slide-info-title\" style=\"color:#000\">Az Alcoa<sup>\u00ae<\/sup> ker\u00e9kt\u00e1rcs\u00e1k t\u00f6k\u00e9letesen illenek \u00fczletvitel\u00e9be<\/h2><p class=\"btn-main btn-primary\">Ker\u00e9kt\u00e1rcsa-v\u00e1laszt\u00e9k<\/p><\/div><\/div><a href=\"\/europe\/hu\/kerektarcsa-valasztek\" aria-label=\"\"><\/a><\/div><\/div><div class=\"hero-slide-item\" style=\"background-color:#fff\"><div class=\"hero-slide-inner-wrap fullwidthslide valign-center align-right with-link slide-withbg mediaresponsive\"><div class=\"desktopImage hero-slider__bg\"><img loading=\"lazy\" decoding=\"async\" width=\"1920\" height=\"600\" src=\"https:\/\/www.alcoawheels.com\/europe\/hu\/wp-content\/uploads\/sites\/16\/2023\/05\/homepage-youtube-cleaning_large.jpeg\" alt=\"Thumbnail\"\/><\/div><div class=\"responsiveImage hero-slider__bg\"><img loading=\"lazy\" decoding=\"async\" width=\"1920\" height=\"600\" src=\"https:\/\/www.alcoawheels.com\/europe\/hu\/wp-content\/uploads\/sites\/16\/2023\/05\/homepage-youtube-cleaning_small.jpeg\" alt=\"Thumbnail\"\/><\/div><div class=\"hero-slide-inner\"><div class=\"hero-slide-info\"><h2 class=\"slide-info-title\" style=\"color:#ffffff\">Hogyan kell az Alcoa Dura-Bright<sup>\u00ae<\/sup> kerekeket tiszt\u00edtani?<\/h2><p class=\"btn-main btn-primary\">Vide\u00f3 a Dura-Bright<sup>\u00ae<\/sup> kerekek tiszt\u00edt\u00e1s\u00e1r\u00f3l<\/p><\/div><\/div><a href=\"\/europe\/hu\/hogyan-kell-tisztitani\/#db-video\" aria-label=\"\"><\/a><\/div><\/div><\/div><\/div><\/div><\/div><\/div>\n\n\n\n<h1 class=\"wp-block-heading has-text-align-center\" id=\"h-az-innovacio-a-genjeinkben-van\">Az innov\u00e1ci\u00f3 a g\u00e9njeinkben van.<\/h1>\n\n\n\n<p>El\u0151sz\u00f6r 1888-ban feltal\u00e1ltuk az alum\u00edniumipart, majd 1948-ban a kov\u00e1csolt alum\u00ednium kereket. Ma a Howmet folyamatosan fejleszti a technol\u00f3gi\u00e1t, hogy \u00e1tt\u00f6r\u0151 megold\u00e1sokat k\u00edn\u00e1ljon. A kov\u00e1csolt alum\u00ednium ker\u00e9km\u00e9retek sz\u00e9les v\u00e1laszt\u00e9k\u00e1t k\u00edn\u00e1ljuk, a 17,5\u201d-t\u00f3l \u00e9s a 19,5\u201d-t\u0151l a 22,5\u201d-os kerekek sz\u00e9les v\u00e1laszt\u00e9k\u00e1ig.<\/p>\n\n\n\n<div class=\"wp-block-alcoa-wheels-card-usecase-1 card-box-v1__body with-icon align-center vertical-align-center\" id=\"card_box_v1-1df33607-5c3b-466c-9ba1-14d0d6b6529f\"><div class=\"fullwidthcontainer\"><div class=\"card-box-v1__boxes has-4-columns\"><div class=\"card-box-v1__box  with-link \" style=\"background-color:#00afb9\"><img decoding=\"async\" src=\"https:\/\/www.alcoawheels.com\/europe\/hu\/wp-content\/themes\/alcoa-wheels\/assets\/build\/js\/blocks\/card-usecase-1\/..\/..\/..\/images\/placeholder-image.db2b4d5c.jpeg\" alt=\"Kapcsolat\"\/><div class=\"card-box-v1__box__inner pos-abs\"><div class=\"card-box-v1__box_icon\"><img loading=\"lazy\" decoding=\"async\" width=\"171\" height=\"171\" src=\"https:\/\/www.alcoawheels.com\/europe\/hu\/wp-content\/uploads\/sites\/16\/2023\/06\/contact.png\" alt=\"\"\/><\/div><div class=\"card-box-v1__box_content\"><h4 style=\"color:#ffffff\">Kapcsolat<\/h4><\/div><div class=\"btn-wrap\"><\/div><\/div><a href=\"\/europe\/hu\/kapcsolat\" aria-label=\"Kapcsolat\"><\/a><\/div><div class=\"card-box-v1__box  with-link \" style=\"background-color:#34bfc7\"><img decoding=\"async\" src=\"https:\/\/www.alcoawheels.com\/europe\/hu\/wp-content\/themes\/alcoa-wheels\/assets\/build\/js\/blocks\/card-usecase-1\/..\/..\/..\/images\/placeholder-image.db2b4d5c.jpeg\" alt=\"Ker\u00e9kt\u00e1rcsa-v\u00e1laszt\u00e9k\"\/><div class=\"card-box-v1__box__inner pos-abs\"><div class=\"card-box-v1__box_icon\"><img loading=\"lazy\" decoding=\"async\" width=\"169\" height=\"169\" src=\"https:\/\/www.alcoawheels.com\/europe\/hu\/wp-content\/uploads\/sites\/16\/2023\/06\/product-search.png\" alt=\"\"\/><\/div><div class=\"card-box-v1__box_content\"><h4 style=\"color:#ffffff\">Ker\u00e9kt\u00e1rcsa-v\u00e1laszt\u00e9k<\/h4><\/div><div class=\"btn-wrap\"><\/div><\/div><a href=\"\/europe\/hu\/kerektarcsa-valasztek\" aria-label=\"Ker\u00e9kt\u00e1rcsa-v\u00e1laszt\u00e9k\"><\/a><\/div><div class=\"card-box-v1__box  with-link \" style=\"background-color:#00afb9\"><img decoding=\"async\" src=\"https:\/\/www.alcoawheels.com\/europe\/hu\/wp-content\/themes\/alcoa-wheels\/assets\/build\/js\/blocks\/card-usecase-1\/..\/..\/..\/images\/placeholder-image.db2b4d5c.jpeg\" alt=\"Hol v\u00e1s\u00e1rolhatom meg?\"\/><div class=\"card-box-v1__box__inner pos-abs\"><div class=\"card-box-v1__box_icon\"><img loading=\"lazy\" decoding=\"async\" width=\"169\" height=\"169\" src=\"https:\/\/www.alcoawheels.com\/europe\/hu\/wp-content\/uploads\/sites\/16\/2023\/06\/where-to-buy.png\" alt=\"\"\/><\/div><div class=\"card-box-v1__box_content\"><h4 style=\"color:#ffffff\">Hol v\u00e1s\u00e1rolhatom meg?<\/h4><\/div><div class=\"btn-wrap\"><\/div><\/div><a href=\"\/europe\/hu\/hol-vasarolhatom-meg.\" aria-label=\"Hol v\u00e1s\u00e1rolhatom meg?\"><\/a><\/div><div class=\"card-box-v1__box  with-link \" style=\"background-color:#34bfc7\"><img decoding=\"async\" src=\"https:\/\/www.alcoawheels.com\/europe\/hu\/wp-content\/themes\/alcoa-wheels\/assets\/build\/js\/blocks\/card-usecase-1\/..\/..\/..\/images\/placeholder-image.db2b4d5c.jpeg\" alt=\"Let\u00f6lt\u00e9sek\"\/><div class=\"card-box-v1__box__inner pos-abs\"><div class=\"card-box-v1__box_icon\"><img loading=\"lazy\" decoding=\"async\" width=\"169\" height=\"169\" src=\"https:\/\/www.alcoawheels.com\/europe\/hu\/wp-content\/uploads\/sites\/16\/2023\/06\/product-literature.png\" alt=\"\"\/><\/div><div class=\"card-box-v1__box_content\"><h4 style=\"color:#ffffff\">Let\u00f6lt\u00e9sek<\/h4><\/div><div class=\"btn-wrap\"><\/div><\/div><a href=\"\/europe\/hu\/termekirodalom\" aria-label=\"Let\u00f6lt\u00e9sek\"><\/a><\/div><\/div><\/div><\/div>\n","protected":false},"excerpt":{"rendered":"<p>Az innov\u00e1ci\u00f3 a g\u00e9njeinkben van. El\u0151sz\u00f6r 1888-ban feltal\u00e1ltuk az alum\u00edniumipart, majd 1948-ban a kov\u00e1csolt alum\u00ednium kereket. Ma a Howmet folyamatosan fejleszti a technol\u00f3gi\u00e1t, hogy \u00e1tt\u00f6r\u0151 megold\u00e1sokat k\u00edn\u00e1ljon. A kov\u00e1csolt alum\u00ednium ker\u00e9km\u00e9retek sz\u00e9les v\u00e1laszt\u00e9k\u00e1t k\u00edn\u00e1ljuk, a 17,5\u201d-t\u00f3l \u00e9s a 19,5\u201d-t\u0151l a 22,5\u201d-os kerekek sz\u00e9les v\u00e1laszt\u00e9k\u00e1ig.<\/p>\n","protected":false},"author":44,"featured_media":0,"parent":0,"menu_order":0,"comment_status":"closed","ping_status":"closed","template":"","meta":{"_acf_changed":false,"protected_reviewer_email":"","editor_notices":[],"footnotes":""},"class_list":["post-9","page","type-page","status-publish","hentry"],"acf":[],"yoast_head":"<!-- This site is optimized with the Yoast SEO Premium plugin v27.3 (Yoast SEO v27.3) - https:\/\/yoast.com\/product\/yoast-seo-premium-wordpress\/ -->\n<title>Alcoa\u00ae Wheels Eur\u00f3pa | Alcoa Wheels<\/title>\n<meta name=\"description\" content=\"El\u0151sz\u00f6r 1888-ban feltal\u00e1ltuk az alum\u00edniumipart, majd a kov\u00e1csolt alum\u00ednium ker\u00e9kt\u00e1rcs\u00e1kat 1948-ban. Napjainkban folyamatosan fejlesztj\u00fck a technol\u00f3gi\u00e1t, hogy \u00fatt\u00f6r\u0151 megold\u00e1sokkal szolg\u00e1lhassunk. Mindegy, milyen kih\u00edv\u00e1sokkal kell megk\u00fczdenie, n\u00e1lunk tal\u00e1l teherg\u00e9pj\u00e1rm\u0171vekre, p\u00f3tkocsikra \u00e9s buszokra val\u00f3 ker\u00e9kt\u00e1rcs\u00e1kat, amelyek t\u00f6k\u00e9letesen megfelelnek napi sz\u00e1ll\u00edt\u00e1si ig\u00e9nyeinek.\" \/>\n<meta name=\"robots\" content=\"index, follow, max-snippet:-1, max-image-preview:large, max-video-preview:-1\" \/>\n<link rel=\"canonical\" href=\"https:\/\/www.alcoawheels.com\/europe\/hu\/\" \/>\n<meta property=\"og:locale\" content=\"en_US\" \/>\n<meta property=\"og:type\" content=\"article\" \/>\n<meta property=\"og:title\" content=\"Alcoa Wheels Europe\" \/>\n<meta property=\"og:description\" content=\"El\u0151sz\u00f6r 1888-ban feltal\u00e1ltuk az alum\u00edniumipart, majd a kov\u00e1csolt alum\u00ednium ker\u00e9kt\u00e1rcs\u00e1kat 1948-ban. Napjainkban folyamatosan fejlesztj\u00fck a technol\u00f3gi\u00e1t, hogy \u00fatt\u00f6r\u0151 megold\u00e1sokkal szolg\u00e1lhassunk. Mindegy, milyen kih\u00edv\u00e1sokkal kell megk\u00fczdenie, n\u00e1lunk tal\u00e1l teherg\u00e9pj\u00e1rm\u0171vekre, p\u00f3tkocsikra \u00e9s buszokra val\u00f3 ker\u00e9kt\u00e1rcs\u00e1kat, amelyek t\u00f6k\u00e9letesen megfelelnek napi sz\u00e1ll\u00edt\u00e1si ig\u00e9nyeinek.\" \/>\n<meta property=\"og:url\" content=\"https:\/\/www.alcoawheels.com\/europe\/hu\/\" \/>\n<meta property=\"og:site_name\" content=\"Europe Hungarian\" \/>\n<meta property=\"article:modified_time\" content=\"2025-11-20T13:24:54+00:00\" \/>\n<meta property=\"og:image\" content=\"https:\/\/www.alcoawheels.com\/europe\/hu\/wp-content\/uploads\/sites\/16\/2023\/05\/homepage-ultra-one_large.jpg\" \/>\n<meta name=\"twitter:card\" content=\"summary_large_image\" \/>\n<meta name=\"twitter:label1\" content=\"Est. reading time\" \/>\n\t<meta name=\"twitter:data1\" content=\"4 minutes\" \/>\n<script type=\"application\/ld+json\" class=\"yoast-schema-graph\">{\"@context\":\"https:\\\/\\\/schema.org\",\"@graph\":[{\"@type\":\"WebPage\",\"@id\":\"https:\\\/\\\/www.alcoawheels.com\\\/europe\\\/hu\\\/\",\"url\":\"https:\\\/\\\/www.alcoawheels.com\\\/europe\\\/hu\\\/\",\"name\":\"Alcoa\u00ae Wheels Eur\u00f3pa | Alcoa Wheels\",\"isPartOf\":{\"@id\":\"https:\\\/\\\/www.alcoawheels.com\\\/europe\\\/hu\\\/#website\"},\"primaryImageOfPage\":{\"@id\":\"https:\\\/\\\/www.alcoawheels.com\\\/europe\\\/hu\\\/#primaryimage\"},\"image\":{\"@id\":\"https:\\\/\\\/www.alcoawheels.com\\\/europe\\\/hu\\\/#primaryimage\"},\"thumbnailUrl\":\"https:\\\/\\\/www.alcoawheels.com\\\/europe\\\/hu\\\/wp-content\\\/uploads\\\/sites\\\/16\\\/2023\\\/05\\\/homepage-ultra-one_large.jpg\",\"datePublished\":\"2023-05-26T07:08:45+00:00\",\"dateModified\":\"2025-11-20T13:24:54+00:00\",\"description\":\"El\u0151sz\u00f6r 1888-ban feltal\u00e1ltuk az alum\u00edniumipart, majd a kov\u00e1csolt alum\u00ednium ker\u00e9kt\u00e1rcs\u00e1kat 1948-ban. Napjainkban folyamatosan fejlesztj\u00fck a technol\u00f3gi\u00e1t, hogy \u00fatt\u00f6r\u0151 megold\u00e1sokkal szolg\u00e1lhassunk. Mindegy, milyen kih\u00edv\u00e1sokkal kell megk\u00fczdenie, n\u00e1lunk tal\u00e1l teherg\u00e9pj\u00e1rm\u0171vekre, p\u00f3tkocsikra \u00e9s buszokra val\u00f3 ker\u00e9kt\u00e1rcs\u00e1kat, amelyek t\u00f6k\u00e9letesen megfelelnek napi sz\u00e1ll\u00edt\u00e1si ig\u00e9nyeinek.\",\"breadcrumb\":{\"@id\":\"https:\\\/\\\/www.alcoawheels.com\\\/europe\\\/hu\\\/#breadcrumb\"},\"inLanguage\":\"en-US\",\"potentialAction\":[{\"@type\":\"ReadAction\",\"target\":[\"https:\\\/\\\/www.alcoawheels.com\\\/europe\\\/hu\\\/\"]}]},{\"@type\":\"ImageObject\",\"inLanguage\":\"en-US\",\"@id\":\"https:\\\/\\\/www.alcoawheels.com\\\/europe\\\/hu\\\/#primaryimage\",\"url\":\"https:\\\/\\\/www.alcoawheels.com\\\/europe\\\/hu\\\/wp-content\\\/uploads\\\/sites\\\/16\\\/2023\\\/05\\\/homepage-ultra-one_large.jpg\",\"contentUrl\":\"https:\\\/\\\/www.alcoawheels.com\\\/europe\\\/hu\\\/wp-content\\\/uploads\\\/sites\\\/16\\\/2023\\\/05\\\/homepage-ultra-one_large.jpg\",\"width\":1440,\"height\":440,\"caption\":\"Ultra ONE\"},{\"@type\":\"BreadcrumbList\",\"@id\":\"https:\\\/\\\/www.alcoawheels.com\\\/europe\\\/hu\\\/#breadcrumb\",\"itemListElement\":[{\"@type\":\"ListItem\",\"position\":1,\"name\":\"Home\",\"item\":\"https:\\\/\\\/www.alcoawheels.com\\\/europe\\\/hu\\\/\"},{\"@type\":\"ListItem\",\"position\":2,\"name\":\"Alcoa Wheels Europe\"}]},{\"@type\":\"WebSite\",\"@id\":\"https:\\\/\\\/www.alcoawheels.com\\\/europe\\\/hu\\\/#website\",\"url\":\"https:\\\/\\\/www.alcoawheels.com\\\/europe\\\/hu\\\/\",\"name\":\"Europe Hungarian\",\"description\":\"\",\"publisher\":{\"@id\":\"https:\\\/\\\/www.alcoawheels.com\\\/europe\\\/hu\\\/#organization\"},\"potentialAction\":[{\"@type\":\"SearchAction\",\"target\":{\"@type\":\"EntryPoint\",\"urlTemplate\":\"https:\\\/\\\/www.alcoawheels.com\\\/europe\\\/hu\\\/?s={search_term_string}\"},\"query-input\":{\"@type\":\"PropertyValueSpecification\",\"valueRequired\":true,\"valueName\":\"search_term_string\"}}],\"inLanguage\":\"en-US\"},{\"@type\":\"Organization\",\"@id\":\"https:\\\/\\\/www.alcoawheels.com\\\/europe\\\/hu\\\/#organization\",\"name\":\"Europe Hungarian\",\"url\":\"https:\\\/\\\/www.alcoawheels.com\\\/europe\\\/hu\\\/\",\"logo\":{\"@type\":\"ImageObject\",\"inLanguage\":\"en-US\",\"@id\":\"https:\\\/\\\/www.alcoawheels.com\\\/europe\\\/hu\\\/#\\\/schema\\\/logo\\\/image\\\/\",\"url\":\"https:\\\/\\\/www.alcoawheels.com\\\/europe\\\/hu\\\/wp-content\\\/uploads\\\/sites\\\/16\\\/2023\\\/05\\\/logo-black.gif\",\"contentUrl\":\"https:\\\/\\\/www.alcoawheels.com\\\/europe\\\/hu\\\/wp-content\\\/uploads\\\/sites\\\/16\\\/2023\\\/05\\\/logo-black.gif\",\"width\":71,\"height\":64,\"caption\":\"Europe Hungarian\"},\"image\":{\"@id\":\"https:\\\/\\\/www.alcoawheels.com\\\/europe\\\/hu\\\/#\\\/schema\\\/logo\\\/image\\\/\"}}]}<\/script>\n<!-- \/ Yoast SEO Premium plugin. -->","yoast_head_json":{"title":"Alcoa\u00ae Wheels Eur\u00f3pa | Alcoa Wheels","description":"El\u0151sz\u00f6r 1888-ban feltal\u00e1ltuk az alum\u00edniumipart, majd a kov\u00e1csolt alum\u00ednium ker\u00e9kt\u00e1rcs\u00e1kat 1948-ban. Napjainkban folyamatosan fejlesztj\u00fck a technol\u00f3gi\u00e1t, hogy \u00fatt\u00f6r\u0151 megold\u00e1sokkal szolg\u00e1lhassunk. Mindegy, milyen kih\u00edv\u00e1sokkal kell megk\u00fczdenie, n\u00e1lunk tal\u00e1l teherg\u00e9pj\u00e1rm\u0171vekre, p\u00f3tkocsikra \u00e9s buszokra val\u00f3 ker\u00e9kt\u00e1rcs\u00e1kat, amelyek t\u00f6k\u00e9letesen megfelelnek napi sz\u00e1ll\u00edt\u00e1si ig\u00e9nyeinek.","robots":{"index":"index","follow":"follow","max-snippet":"max-snippet:-1","max-image-preview":"max-image-preview:large","max-video-preview":"max-video-preview:-1"},"canonical":"https:\/\/www.alcoawheels.com\/europe\/hu\/","og_locale":"en_US","og_type":"article","og_title":"Alcoa Wheels Europe","og_description":"El\u0151sz\u00f6r 1888-ban feltal\u00e1ltuk az alum\u00edniumipart, majd a kov\u00e1csolt alum\u00ednium ker\u00e9kt\u00e1rcs\u00e1kat 1948-ban. Napjainkban folyamatosan fejlesztj\u00fck a technol\u00f3gi\u00e1t, hogy \u00fatt\u00f6r\u0151 megold\u00e1sokkal szolg\u00e1lhassunk. Mindegy, milyen kih\u00edv\u00e1sokkal kell megk\u00fczdenie, n\u00e1lunk tal\u00e1l teherg\u00e9pj\u00e1rm\u0171vekre, p\u00f3tkocsikra \u00e9s buszokra val\u00f3 ker\u00e9kt\u00e1rcs\u00e1kat, amelyek t\u00f6k\u00e9letesen megfelelnek napi sz\u00e1ll\u00edt\u00e1si ig\u00e9nyeinek.","og_url":"https:\/\/www.alcoawheels.com\/europe\/hu\/","og_site_name":"Europe Hungarian","article_modified_time":"2025-11-20T13:24:54+00:00","og_image":[{"url":"https:\/\/www.alcoawheels.com\/europe\/hu\/wp-content\/uploads\/sites\/16\/2023\/05\/homepage-ultra-one_large.jpg","type":"","width":"","height":""}],"twitter_card":"summary_large_image","twitter_misc":{"Est. reading time":"4 minutes"},"schema":{"@context":"https:\/\/schema.org","@graph":[{"@type":"WebPage","@id":"https:\/\/www.alcoawheels.com\/europe\/hu\/","url":"https:\/\/www.alcoawheels.com\/europe\/hu\/","name":"Alcoa\u00ae Wheels Eur\u00f3pa | Alcoa Wheels","isPartOf":{"@id":"https:\/\/www.alcoawheels.com\/europe\/hu\/#website"},"primaryImageOfPage":{"@id":"https:\/\/www.alcoawheels.com\/europe\/hu\/#primaryimage"},"image":{"@id":"https:\/\/www.alcoawheels.com\/europe\/hu\/#primaryimage"},"thumbnailUrl":"https:\/\/www.alcoawheels.com\/europe\/hu\/wp-content\/uploads\/sites\/16\/2023\/05\/homepage-ultra-one_large.jpg","datePublished":"2023-05-26T07:08:45+00:00","dateModified":"2025-11-20T13:24:54+00:00","description":"El\u0151sz\u00f6r 1888-ban feltal\u00e1ltuk az alum\u00edniumipart, majd a kov\u00e1csolt alum\u00ednium ker\u00e9kt\u00e1rcs\u00e1kat 1948-ban. Napjainkban folyamatosan fejlesztj\u00fck a technol\u00f3gi\u00e1t, hogy \u00fatt\u00f6r\u0151 megold\u00e1sokkal szolg\u00e1lhassunk. Mindegy, milyen kih\u00edv\u00e1sokkal kell megk\u00fczdenie, n\u00e1lunk tal\u00e1l teherg\u00e9pj\u00e1rm\u0171vekre, p\u00f3tkocsikra \u00e9s buszokra val\u00f3 ker\u00e9kt\u00e1rcs\u00e1kat, amelyek t\u00f6k\u00e9letesen megfelelnek napi sz\u00e1ll\u00edt\u00e1si ig\u00e9nyeinek.","breadcrumb":{"@id":"https:\/\/www.alcoawheels.com\/europe\/hu\/#breadcrumb"},"inLanguage":"en-US","potentialAction":[{"@type":"ReadAction","target":["https:\/\/www.alcoawheels.com\/europe\/hu\/"]}]},{"@type":"ImageObject","inLanguage":"en-US","@id":"https:\/\/www.alcoawheels.com\/europe\/hu\/#primaryimage","url":"https:\/\/www.alcoawheels.com\/europe\/hu\/wp-content\/uploads\/sites\/16\/2023\/05\/homepage-ultra-one_large.jpg","contentUrl":"https:\/\/www.alcoawheels.com\/europe\/hu\/wp-content\/uploads\/sites\/16\/2023\/05\/homepage-ultra-one_large.jpg","width":1440,"height":440,"caption":"Ultra ONE"},{"@type":"BreadcrumbList","@id":"https:\/\/www.alcoawheels.com\/europe\/hu\/#breadcrumb","itemListElement":[{"@type":"ListItem","position":1,"name":"Home","item":"https:\/\/www.alcoawheels.com\/europe\/hu\/"},{"@type":"ListItem","position":2,"name":"Alcoa Wheels Europe"}]},{"@type":"WebSite","@id":"https:\/\/www.alcoawheels.com\/europe\/hu\/#website","url":"https:\/\/www.alcoawheels.com\/europe\/hu\/","name":"Europe Hungarian","description":"","publisher":{"@id":"https:\/\/www.alcoawheels.com\/europe\/hu\/#organization"},"potentialAction":[{"@type":"SearchAction","target":{"@type":"EntryPoint","urlTemplate":"https:\/\/www.alcoawheels.com\/europe\/hu\/?s={search_term_string}"},"query-input":{"@type":"PropertyValueSpecification","valueRequired":true,"valueName":"search_term_string"}}],"inLanguage":"en-US"},{"@type":"Organization","@id":"https:\/\/www.alcoawheels.com\/europe\/hu\/#organization","name":"Europe Hungarian","url":"https:\/\/www.alcoawheels.com\/europe\/hu\/","logo":{"@type":"ImageObject","inLanguage":"en-US","@id":"https:\/\/www.alcoawheels.com\/europe\/hu\/#\/schema\/logo\/image\/","url":"https:\/\/www.alcoawheels.com\/europe\/hu\/wp-content\/uploads\/sites\/16\/2023\/05\/logo-black.gif","contentUrl":"https:\/\/www.alcoawheels.com\/europe\/hu\/wp-content\/uploads\/sites\/16\/2023\/05\/logo-black.gif","width":71,"height":64,"caption":"Europe Hungarian"},"image":{"@id":"https:\/\/www.alcoawheels.com\/europe\/hu\/#\/schema\/logo\/image\/"}}]}},"parsely":{"version":"1.1.0","canonical_url":"https:\/\/alcoawheels.com\/europe\/hu\/","smart_links":{"inbound":0,"outbound":0},"traffic_boost_suggestions_count":0,"meta":{"@context":"https:\/\/schema.org","@type":"WebPage","headline":"Alcoa Wheels Europe","url":"http:\/\/www.alcoawheels.com\/europe\/hu\/","mainEntityOfPage":{"@type":"WebPage","@id":"http:\/\/www.alcoawheels.com\/europe\/hu\/"},"thumbnailUrl":"","image":{"@type":"ImageObject","url":""},"articleSection":"Uncategorized","author":[{"@type":"Person","name":"howmet"}],"creator":["howmet"],"publisher":{"@type":"Organization","name":"Europe Hungarian","logo":""},"keywords":[],"dateCreated":"2023-05-26T07:08:45Z","datePublished":"2023-05-26T07:08:45Z","dateModified":"2025-11-20T13:24:54Z"},"rendered":"<script type=\"application\/ld+json\" class=\"wp-parsely-metadata\">{\"@context\":\"https:\\\/\\\/schema.org\",\"@type\":\"WebPage\",\"headline\":\"Alcoa Wheels Europe\",\"url\":\"http:\\\/\\\/www.alcoawheels.com\\\/europe\\\/hu\\\/\",\"mainEntityOfPage\":{\"@type\":\"WebPage\",\"@id\":\"http:\\\/\\\/www.alcoawheels.com\\\/europe\\\/hu\\\/\"},\"thumbnailUrl\":\"\",\"image\":{\"@type\":\"ImageObject\",\"url\":\"\"},\"articleSection\":\"Uncategorized\",\"author\":[{\"@type\":\"Person\",\"name\":\"howmet\"}],\"creator\":[\"howmet\"],\"publisher\":{\"@type\":\"Organization\",\"name\":\"Europe Hungarian\",\"logo\":\"\"},\"keywords\":[],\"dateCreated\":\"2023-05-26T07:08:45Z\",\"datePublished\":\"2023-05-26T07:08:45Z\",\"dateModified\":\"2025-11-20T13:24:54Z\"}<\/script>","tracker_url":"https:\/\/cdn.parsely.com\/keys\/alcoawheels.com\/p.js"},"jetpack_sharing_enabled":true,"_links":{"self":[{"href":"https:\/\/www.alcoawheels.com\/europe\/hu\/wp-json\/wp\/v2\/pages\/9","targetHints":{"allow":["GET"]}}],"collection":[{"href":"https:\/\/www.alcoawheels.com\/europe\/hu\/wp-json\/wp\/v2\/pages"}],"about":[{"href":"https:\/\/www.alcoawheels.com\/europe\/hu\/wp-json\/wp\/v2\/types\/page"}],"author":[{"embeddable":true,"href":"https:\/\/www.alcoawheels.com\/europe\/hu\/wp-json\/wp\/v2\/users\/44"}],"replies":[{"embeddable":true,"href":"https:\/\/www.alcoawheels.com\/europe\/hu\/wp-json\/wp\/v2\/comments?post=9"}],"version-history":[{"count":13,"href":"https:\/\/www.alcoawheels.com\/europe\/hu\/wp-json\/wp\/v2\/pages\/9\/revisions"}],"predecessor-version":[{"id":2521,"href":"https:\/\/www.alcoawheels.com\/europe\/hu\/wp-json\/wp\/v2\/pages\/9\/revisions\/2521"}],"wp:attachment":[{"href":"https:\/\/www.alcoawheels.com\/europe\/hu\/wp-json\/wp\/v2\/media?parent=9"}],"curies":[{"name":"wp","href":"https:\/\/api.w.org\/{rel}","templated":true}]}}