{"id":4713,"date":"2024-07-19T16:41:19","date_gmt":"2024-07-19T14:41:19","guid":{"rendered":"https:\/\/www.alcoawheels.com\/europe\/it\/?page_id=4713"},"modified":"2024-10-07T17:42:09","modified_gmt":"2024-10-07T15:42:09","slug":"prova-di-resistenza","status":"publish","type":"page","link":"https:\/\/www.alcoawheels.com\/europe\/it\/prova-di-resistenza\/","title":{"rendered":"Prova di resistenza"},"content":{"rendered":"\n<div class=\"wp-block-alcoa-wheels-hero-banner-innerpage hero-banner with-image layout-2 overlayEnable align- vertical-align- align-center vertical-align-center\" style=\"background-color:#eee\"><img decoding=\"async\" src=\"https:\/\/www.alcoawheels.com\/europe\/it\/wp-content\/uploads\/sites\/17\/2023\/06\/benefits-banner.jpeg\" alt=\"Why Alcoa Wheels\" class=\"responsiveImage\"\/><div class=\"hero-banner__header\" style=\"text-align:center\"><div class=\"container\"><h1 class=\"hero-banner__header--title\">Prova di resistenza<\/h1><\/div><\/div><\/div>\n\n\n\n<div style=\"height:50px\" aria-hidden=\"true\" class=\"wp-block-spacer spacer-fifty\"><\/div>\n\n\n\n<p>La ruota Alcoa<sup>\u00ae<\/sup> Ultra ONE<sup>\u00ae<\/sup> 22,5&#8243; x 9,00&#8243; (numero di parte 89U520) si \u00e8 deformata di 50 mm con una forza di 442 kN \/ 45076 kg, risultando 3,4 volte pi\u00f9 resistente rispetto alla ruota in ferro Maxion (numero di parte 2920841) di pari dimensioni che si \u00e8 deformata di 50 mm con una forza di 129 kN \/ 13154 kg.<\/p>\n\n\n<div class=\"wp-block-image\">\n<figure class=\"aligncenter size-large is-resized\"><img loading=\"lazy\" decoding=\"async\" height=\"569\" width=\"1024\" src=\"https:\/\/www.alcoawheels.com\/europe\/it\/wp-content\/uploads\/sites\/17\/2024\/07\/Alcoa-vs.-Steel-high-resolution.png?w=1024\" alt=\"\" class=\"wp-image-4715\" style=\"width:881px\" srcset=\"https:\/\/www.alcoawheels.com\/europe\/it\/wp-content\/uploads\/sites\/17\/2024\/07\/Alcoa-vs.-Steel-high-resolution.png 4266w, https:\/\/www.alcoawheels.com\/europe\/it\/wp-content\/uploads\/sites\/17\/2024\/07\/Alcoa-vs.-Steel-high-resolution.png?resize=300,167 300w, https:\/\/www.alcoawheels.com\/europe\/it\/wp-content\/uploads\/sites\/17\/2024\/07\/Alcoa-vs.-Steel-high-resolution.png?resize=768,427 768w, https:\/\/www.alcoawheels.com\/europe\/it\/wp-content\/uploads\/sites\/17\/2024\/07\/Alcoa-vs.-Steel-high-resolution.png?resize=1024,569 1024w, https:\/\/www.alcoawheels.com\/europe\/it\/wp-content\/uploads\/sites\/17\/2024\/07\/Alcoa-vs.-Steel-high-resolution.png?resize=1536,854 1536w, https:\/\/www.alcoawheels.com\/europe\/it\/wp-content\/uploads\/sites\/17\/2024\/07\/Alcoa-vs.-Steel-high-resolution.png?resize=2048,1139 2048w\" sizes=\"auto, (max-width: 1024px) 100vw, 1024px\" \/><\/figure>\n<\/div>\n\n\n<p>Prova di resistenza &#8211; Universit\u00e0 Sz\u00e9chenyi Istv\u00e1n, Dipartimento di produzione e tecnologia dei veicoli, Ungheria, 2023<\/p>\n","protected":false},"excerpt":{"rendered":"<p>La ruota Alcoa\u00ae Ultra ONE\u00ae 22,5&#8243; x 9,00&#8243; (numero di parte 89U520) si \u00e8 deformata di 50 mm con una forza di 442 kN \/ 45076 kg, risultando 3,4 volte pi\u00f9 resistente rispetto alla ruota in ferro Maxion (numero di parte 2920841) di pari dimensioni che si \u00e8 deformata di 50 mm con una forza [&hellip;]<\/p>\n","protected":false},"author":62,"featured_media":0,"parent":0,"menu_order":0,"comment_status":"closed","ping_status":"closed","template":"","meta":{"_acf_changed":false,"protected_reviewer_email":"","editor_notices":[],"footnotes":""},"class_list":["post-4713","page","type-page","status-publish","hentry"],"acf":[],"yoast_head":"<!-- This site is optimized with the Yoast SEO Premium plugin v27.4 (Yoast SEO v27.4) - https:\/\/yoast.com\/product\/yoast-seo-premium-wordpress\/ -->\n<title>Prova di resistenza - Europe Italian<\/title>\n<meta name=\"robots\" content=\"index, follow, max-snippet:-1, max-image-preview:large, max-video-preview:-1\" \/>\n<link rel=\"canonical\" href=\"https:\/\/www.alcoawheels.com\/europe\/it\/prova-di-resistenza\/\" \/>\n<meta property=\"og:locale\" content=\"en_US\" \/>\n<meta property=\"og:type\" content=\"article\" \/>\n<meta property=\"og:title\" content=\"Prova di resistenza\" \/>\n<meta property=\"og:description\" content=\"La ruota Alcoa\u00ae Ultra ONE\u00ae 22,5&#8243; x 9,00&#8243; (numero di parte 89U520) si \u00e8 deformata di 50 mm con una forza di 442 kN \/ 45076 kg, risultando 3,4 volte pi\u00f9 resistente rispetto alla ruota in ferro Maxion (numero di parte 2920841) di pari dimensioni che si \u00e8 deformata di 50 mm con una forza [&hellip;]\" \/>\n<meta property=\"og:url\" content=\"https:\/\/www.alcoawheels.com\/europe\/it\/prova-di-resistenza\/\" \/>\n<meta property=\"og:site_name\" content=\"Europe Italian\" \/>\n<meta property=\"article:modified_time\" content=\"2024-10-07T15:42:09+00:00\" \/>\n<meta property=\"og:image\" content=\"https:\/\/www.alcoawheels.com\/europe\/it\/wp-content\/uploads\/sites\/17\/2023\/06\/benefits-banner.jpeg\" \/>\n<meta name=\"twitter:card\" content=\"summary_large_image\" \/>\n<meta name=\"twitter:label1\" content=\"Est. reading time\" \/>\n\t<meta name=\"twitter:data1\" content=\"1 minute\" \/>\n<script type=\"application\/ld+json\" class=\"yoast-schema-graph\">{\"@context\":\"https:\\\/\\\/schema.org\",\"@graph\":[{\"@type\":\"WebPage\",\"@id\":\"https:\\\/\\\/www.alcoawheels.com\\\/europe\\\/it\\\/prova-di-resistenza\\\/\",\"url\":\"https:\\\/\\\/www.alcoawheels.com\\\/europe\\\/it\\\/prova-di-resistenza\\\/\",\"name\":\"Prova di resistenza - Europe Italian\",\"isPartOf\":{\"@id\":\"https:\\\/\\\/www.alcoawheels.com\\\/europe\\\/it\\\/#website\"},\"primaryImageOfPage\":{\"@id\":\"https:\\\/\\\/www.alcoawheels.com\\\/europe\\\/it\\\/prova-di-resistenza\\\/#primaryimage\"},\"image\":{\"@id\":\"https:\\\/\\\/www.alcoawheels.com\\\/europe\\\/it\\\/prova-di-resistenza\\\/#primaryimage\"},\"thumbnailUrl\":\"https:\\\/\\\/www.alcoawheels.com\\\/europe\\\/it\\\/wp-content\\\/uploads\\\/sites\\\/17\\\/2023\\\/06\\\/benefits-banner.jpeg\",\"datePublished\":\"2024-07-19T14:41:19+00:00\",\"dateModified\":\"2024-10-07T15:42:09+00:00\",\"breadcrumb\":{\"@id\":\"https:\\\/\\\/www.alcoawheels.com\\\/europe\\\/it\\\/prova-di-resistenza\\\/#breadcrumb\"},\"inLanguage\":\"en-US\",\"potentialAction\":[{\"@type\":\"ReadAction\",\"target\":[\"https:\\\/\\\/www.alcoawheels.com\\\/europe\\\/it\\\/prova-di-resistenza\\\/\"]}]},{\"@type\":\"ImageObject\",\"inLanguage\":\"en-US\",\"@id\":\"https:\\\/\\\/www.alcoawheels.com\\\/europe\\\/it\\\/prova-di-resistenza\\\/#primaryimage\",\"url\":\"https:\\\/\\\/www.alcoawheels.com\\\/europe\\\/it\\\/wp-content\\\/uploads\\\/sites\\\/17\\\/2023\\\/06\\\/benefits-banner.jpeg\",\"contentUrl\":\"https:\\\/\\\/www.alcoawheels.com\\\/europe\\\/it\\\/wp-content\\\/uploads\\\/sites\\\/17\\\/2023\\\/06\\\/benefits-banner.jpeg\",\"width\":1119,\"height\":280,\"caption\":\"Why Alcoa Wheels\"},{\"@type\":\"BreadcrumbList\",\"@id\":\"https:\\\/\\\/www.alcoawheels.com\\\/europe\\\/it\\\/prova-di-resistenza\\\/#breadcrumb\",\"itemListElement\":[{\"@type\":\"ListItem\",\"position\":1,\"name\":\"Home\",\"item\":\"https:\\\/\\\/www.alcoawheels.com\\\/europe\\\/it\\\/\"},{\"@type\":\"ListItem\",\"position\":2,\"name\":\"Prova di resistenza\"}]},{\"@type\":\"WebSite\",\"@id\":\"https:\\\/\\\/www.alcoawheels.com\\\/europe\\\/it\\\/#website\",\"url\":\"https:\\\/\\\/www.alcoawheels.com\\\/europe\\\/it\\\/\",\"name\":\"Europe Italian\",\"description\":\"\",\"publisher\":{\"@id\":\"https:\\\/\\\/www.alcoawheels.com\\\/europe\\\/it\\\/#organization\"},\"potentialAction\":[{\"@type\":\"SearchAction\",\"target\":{\"@type\":\"EntryPoint\",\"urlTemplate\":\"https:\\\/\\\/www.alcoawheels.com\\\/europe\\\/it\\\/?s={search_term_string}\"},\"query-input\":{\"@type\":\"PropertyValueSpecification\",\"valueRequired\":true,\"valueName\":\"search_term_string\"}}],\"inLanguage\":\"en-US\"},{\"@type\":\"Organization\",\"@id\":\"https:\\\/\\\/www.alcoawheels.com\\\/europe\\\/it\\\/#organization\",\"name\":\"Europe Italian\",\"url\":\"https:\\\/\\\/www.alcoawheels.com\\\/europe\\\/it\\\/\",\"logo\":{\"@type\":\"ImageObject\",\"inLanguage\":\"en-US\",\"@id\":\"https:\\\/\\\/www.alcoawheels.com\\\/europe\\\/it\\\/#\\\/schema\\\/logo\\\/image\\\/\",\"url\":\"https:\\\/\\\/www.alcoawheels.com\\\/europe\\\/it\\\/wp-content\\\/uploads\\\/sites\\\/17\\\/2023\\\/05\\\/logo-black.gif\",\"contentUrl\":\"https:\\\/\\\/www.alcoawheels.com\\\/europe\\\/it\\\/wp-content\\\/uploads\\\/sites\\\/17\\\/2023\\\/05\\\/logo-black.gif\",\"width\":71,\"height\":64,\"caption\":\"Europe Italian\"},\"image\":{\"@id\":\"https:\\\/\\\/www.alcoawheels.com\\\/europe\\\/it\\\/#\\\/schema\\\/logo\\\/image\\\/\"}}]}<\/script>\n<!-- \/ Yoast SEO Premium plugin. -->","yoast_head_json":{"title":"Prova di resistenza - Europe Italian","robots":{"index":"index","follow":"follow","max-snippet":"max-snippet:-1","max-image-preview":"max-image-preview:large","max-video-preview":"max-video-preview:-1"},"canonical":"https:\/\/www.alcoawheels.com\/europe\/it\/prova-di-resistenza\/","og_locale":"en_US","og_type":"article","og_title":"Prova di resistenza","og_description":"La ruota Alcoa\u00ae Ultra ONE\u00ae 22,5&#8243; x 9,00&#8243; (numero di parte 89U520) si \u00e8 deformata di 50 mm con una forza di 442 kN \/ 45076 kg, risultando 3,4 volte pi\u00f9 resistente rispetto alla ruota in ferro Maxion (numero di parte 2920841) di pari dimensioni che si \u00e8 deformata di 50 mm con una forza [&hellip;]","og_url":"https:\/\/www.alcoawheels.com\/europe\/it\/prova-di-resistenza\/","og_site_name":"Europe Italian","article_modified_time":"2024-10-07T15:42:09+00:00","og_image":[{"url":"https:\/\/www.alcoawheels.com\/europe\/it\/wp-content\/uploads\/sites\/17\/2023\/06\/benefits-banner.jpeg","type":"","width":"","height":""}],"twitter_card":"summary_large_image","twitter_misc":{"Est. reading time":"1 minute"},"schema":{"@context":"https:\/\/schema.org","@graph":[{"@type":"WebPage","@id":"https:\/\/www.alcoawheels.com\/europe\/it\/prova-di-resistenza\/","url":"https:\/\/www.alcoawheels.com\/europe\/it\/prova-di-resistenza\/","name":"Prova di resistenza - Europe Italian","isPartOf":{"@id":"https:\/\/www.alcoawheels.com\/europe\/it\/#website"},"primaryImageOfPage":{"@id":"https:\/\/www.alcoawheels.com\/europe\/it\/prova-di-resistenza\/#primaryimage"},"image":{"@id":"https:\/\/www.alcoawheels.com\/europe\/it\/prova-di-resistenza\/#primaryimage"},"thumbnailUrl":"https:\/\/www.alcoawheels.com\/europe\/it\/wp-content\/uploads\/sites\/17\/2023\/06\/benefits-banner.jpeg","datePublished":"2024-07-19T14:41:19+00:00","dateModified":"2024-10-07T15:42:09+00:00","breadcrumb":{"@id":"https:\/\/www.alcoawheels.com\/europe\/it\/prova-di-resistenza\/#breadcrumb"},"inLanguage":"en-US","potentialAction":[{"@type":"ReadAction","target":["https:\/\/www.alcoawheels.com\/europe\/it\/prova-di-resistenza\/"]}]},{"@type":"ImageObject","inLanguage":"en-US","@id":"https:\/\/www.alcoawheels.com\/europe\/it\/prova-di-resistenza\/#primaryimage","url":"https:\/\/www.alcoawheels.com\/europe\/it\/wp-content\/uploads\/sites\/17\/2023\/06\/benefits-banner.jpeg","contentUrl":"https:\/\/www.alcoawheels.com\/europe\/it\/wp-content\/uploads\/sites\/17\/2023\/06\/benefits-banner.jpeg","width":1119,"height":280,"caption":"Why Alcoa Wheels"},{"@type":"BreadcrumbList","@id":"https:\/\/www.alcoawheels.com\/europe\/it\/prova-di-resistenza\/#breadcrumb","itemListElement":[{"@type":"ListItem","position":1,"name":"Home","item":"https:\/\/www.alcoawheels.com\/europe\/it\/"},{"@type":"ListItem","position":2,"name":"Prova di resistenza"}]},{"@type":"WebSite","@id":"https:\/\/www.alcoawheels.com\/europe\/it\/#website","url":"https:\/\/www.alcoawheels.com\/europe\/it\/","name":"Europe Italian","description":"","publisher":{"@id":"https:\/\/www.alcoawheels.com\/europe\/it\/#organization"},"potentialAction":[{"@type":"SearchAction","target":{"@type":"EntryPoint","urlTemplate":"https:\/\/www.alcoawheels.com\/europe\/it\/?s={search_term_string}"},"query-input":{"@type":"PropertyValueSpecification","valueRequired":true,"valueName":"search_term_string"}}],"inLanguage":"en-US"},{"@type":"Organization","@id":"https:\/\/www.alcoawheels.com\/europe\/it\/#organization","name":"Europe Italian","url":"https:\/\/www.alcoawheels.com\/europe\/it\/","logo":{"@type":"ImageObject","inLanguage":"en-US","@id":"https:\/\/www.alcoawheels.com\/europe\/it\/#\/schema\/logo\/image\/","url":"https:\/\/www.alcoawheels.com\/europe\/it\/wp-content\/uploads\/sites\/17\/2023\/05\/logo-black.gif","contentUrl":"https:\/\/www.alcoawheels.com\/europe\/it\/wp-content\/uploads\/sites\/17\/2023\/05\/logo-black.gif","width":71,"height":64,"caption":"Europe Italian"},"image":{"@id":"https:\/\/www.alcoawheels.com\/europe\/it\/#\/schema\/logo\/image\/"}}]}},"parsely":{"version":"1.1.0","canonical_url":"https:\/\/alcoawheels.com\/europe\/it\/prova-di-resistenza\/","smart_links":{"inbound":0,"outbound":0},"traffic_boost_suggestions_count":0,"meta":{"@context":"https:\/\/schema.org","@type":"WebPage","headline":"Prova di resistenza","url":"http:\/\/www.alcoawheels.com\/europe\/it\/prova-di-resistenza\/","mainEntityOfPage":{"@type":"WebPage","@id":"http:\/\/www.alcoawheels.com\/europe\/it\/prova-di-resistenza\/"},"thumbnailUrl":"","image":{"@type":"ImageObject","url":""},"articleSection":"Uncategorized","author":[{"@type":"Person","name":"riccirm"}],"creator":["riccirm"],"publisher":{"@type":"Organization","name":"Europe Italian","logo":""},"keywords":[],"dateCreated":"2024-07-19T14:41:19Z","datePublished":"2024-07-19T14:41:19Z","dateModified":"2024-10-07T15:42:09Z"},"rendered":"<script type=\"application\/ld+json\" class=\"wp-parsely-metadata\">{\"@context\":\"https:\\\/\\\/schema.org\",\"@type\":\"WebPage\",\"headline\":\"Prova di resistenza\",\"url\":\"http:\\\/\\\/www.alcoawheels.com\\\/europe\\\/it\\\/prova-di-resistenza\\\/\",\"mainEntityOfPage\":{\"@type\":\"WebPage\",\"@id\":\"http:\\\/\\\/www.alcoawheels.com\\\/europe\\\/it\\\/prova-di-resistenza\\\/\"},\"thumbnailUrl\":\"\",\"image\":{\"@type\":\"ImageObject\",\"url\":\"\"},\"articleSection\":\"Uncategorized\",\"author\":[{\"@type\":\"Person\",\"name\":\"riccirm\"}],\"creator\":[\"riccirm\"],\"publisher\":{\"@type\":\"Organization\",\"name\":\"Europe Italian\",\"logo\":\"\"},\"keywords\":[],\"dateCreated\":\"2024-07-19T14:41:19Z\",\"datePublished\":\"2024-07-19T14:41:19Z\",\"dateModified\":\"2024-10-07T15:42:09Z\"}<\/script>","tracker_url":"https:\/\/cdn.parsely.com\/keys\/alcoawheels.com\/p.js"},"jetpack_sharing_enabled":true,"_links":{"self":[{"href":"https:\/\/www.alcoawheels.com\/europe\/it\/wp-json\/wp\/v2\/pages\/4713","targetHints":{"allow":["GET"]}}],"collection":[{"href":"https:\/\/www.alcoawheels.com\/europe\/it\/wp-json\/wp\/v2\/pages"}],"about":[{"href":"https:\/\/www.alcoawheels.com\/europe\/it\/wp-json\/wp\/v2\/types\/page"}],"author":[{"embeddable":true,"href":"https:\/\/www.alcoawheels.com\/europe\/it\/wp-json\/wp\/v2\/users\/62"}],"replies":[{"embeddable":true,"href":"https:\/\/www.alcoawheels.com\/europe\/it\/wp-json\/wp\/v2\/comments?post=4713"}],"version-history":[{"count":4,"href":"https:\/\/www.alcoawheels.com\/europe\/it\/wp-json\/wp\/v2\/pages\/4713\/revisions"}],"predecessor-version":[{"id":4841,"href":"https:\/\/www.alcoawheels.com\/europe\/it\/wp-json\/wp\/v2\/pages\/4713\/revisions\/4841"}],"wp:attachment":[{"href":"https:\/\/www.alcoawheels.com\/europe\/it\/wp-json\/wp\/v2\/media?parent=4713"}],"curies":[{"name":"wp","href":"https:\/\/api.w.org\/{rel}","templated":true}]}}