{"id":68,"date":"2023-05-26T10:22:04","date_gmt":"2023-05-26T10:22:04","guid":{"rendered":"https:\/\/www.alcoawheels.com\/europe\/nl\/?page_id=68"},"modified":"2025-07-11T21:14:30","modified_gmt":"2025-07-11T19:14:30","slug":"onderhoud","status":"publish","type":"page","link":"https:\/\/www.alcoawheels.com\/europe\/nl\/onderhoud\/","title":{"rendered":"Onderhoud"},"content":{"rendered":"\n<div class=\"wp-block-alcoa-wheels-hero-banner-innerpage hero-banner with-image layout-2 overlayEnable align- vertical-align- align-center vertical-align-center\" style=\"background-color:#eee\"><img decoding=\"async\" src=\"https:\/\/www.alcoawheels.com\/europe\/nl\/wp-content\/uploads\/sites\/18\/2023\/06\/maintenance-banner.jpeg\" alt=\"Maintenance of Alcoa Wheels\" class=\"responsiveImage\"\/><div class=\"hero-banner__header\" style=\"text-align:center\"><div class=\"container\"><h1 class=\"hero-banner__header--title\">Onderhoud<\/h1><\/div><\/div><\/div>\n\n\n\n<div style=\"height:50px\" aria-hidden=\"true\" class=\"wp-block-spacer spacer-fifty\"><\/div>\n\n\n\n<h3 class=\"wp-block-heading\" id=\"h-tilbehor-til-alcoa-felger\">Tilbeh\u00f8r til Alcoa<sup>\u00ae<\/sup>-felger<\/h3>\n\n\n\n<p>Vedlikehold av Alcoa<sup>\u00ae<\/sup>-felger er og b\u00f8r v\u00e6re en topprioritet<\/p>\n\n\n\n<p>1. Tilbeh\u00f8rsprodukter for Alcoa<sup>\u00ae<\/sup>-felger er utviklet og valgt ut gjennom mange \u00e5r for \u00e5 holde felgene i best mulig stand og sikre lang levetid<\/p>\n\n\n\n<p>2. Tilbeh\u00f8r til Alcoa<sup>\u00ae<\/sup>-felger er tilgjengelig fra v\u00e5rt autoriserte forhandlernettverk<\/p>\n\n\n\n<hr class=\"wp-block-separator has-text-color has-alpha-channel-opacity has-background is-style-wide\" style=\"background-color:#cccccc;color:#cccccc\"\/>\n\n\n\n<div class=\"wp-block-alcoa-wheels-zigzag media-list__body\" id=\"zigzag-main-dd37ab2b-fdde-4f03-8751-426b0a716ec7\"><div class=\"media-list__body_main  vertical-align-center  container row-reverse\">\n<div class=\"wp-block-alcoa-wheels-zigzag-item media-list-item\"><div class=\"media-list-item__box_content\"><div class=\"media-list-item__box_content_inner\">\n<h5 class=\"wp-block-heading\" id=\"h-hubgrease\"><strong>HUBgrease<\/strong><\/h5>\n\n\n\n<p>Een vet dat moet worden aangebracht bij het monteren van Alcoa<sup>\u00ae<\/sup> wielen ter voorkoming van corrosie en het vast komen te zitten op de naaf. Raadpleeg voor meer informatie de Onderhoudshandleiding voor Alcoa<sup>\u00ae<\/sup> Wheels, sectie 10.a-stap 4<\/p>\n\n\n\n<p>&nbsp;<\/p>\n<\/div><\/div><div class=\"media-list-item__box_image\"><img loading=\"lazy\" decoding=\"async\" width=\"450\" height=\"300\" src=\"https:\/\/www.alcoawheels.com\/europe\/nl\/wp-content\/uploads\/sites\/18\/2023\/06\/maintenance-Hubgrease-thumbnail.jpg\" alt=\"HUBgrease\"\/><\/div><\/div>\n\n\n\n<div class=\"wp-block-alcoa-wheels-zigzag-item media-list-item\"><div class=\"media-list-item__box_content\"><div class=\"media-list-item__box_content_inner\">\n<h5 class=\"wp-block-heading has-text-align-right\" id=\"h-valvegrease\"><strong>VALVEgrease<\/strong><\/h5>\n\n\n\n<p class=\"has-text-align-right\">Een vet dat als corrosieremmer werkt bij het monteren\/vervangen van ventielen. Sterk aanbevolen bij elke banden- en ventielwissel. Raadpleeg voor meer informatie de Onderhoudshandleiding voor Alcoa<sup>\u00ae<\/sup> Wheels, paragraaf 10.a, stap 4<\/p>\n<\/div><\/div><div class=\"media-list-item__box_image\"><img loading=\"lazy\" decoding=\"async\" width=\"450\" height=\"300\" src=\"https:\/\/www.alcoawheels.com\/europe\/nl\/wp-content\/uploads\/sites\/18\/2023\/06\/maintenance-VALVEgrease-thumbnail.jpg\" alt=\"VALVEgrease\"\/><\/div><\/div>\n\n\n\n<div class=\"wp-block-alcoa-wheels-zigzag-item media-list-item\"><div class=\"media-list-item__box_content\"><div class=\"media-list-item__box_content_inner\">\n<h5 class=\"wp-block-heading\" id=\"h-schuurborstels-en-sponsen\"><strong>Schuurborstels en -sponsen<\/strong><\/h5>\n\n\n\n<p>Schurende borstels en pads in verschillende maten en hardheden voor het reinigen van contactvlakken, hielzittingen, centreernokken en centreerranden van de naaf.<\/p>\n<\/div><\/div><div class=\"media-list-item__box_image\"><img loading=\"lazy\" decoding=\"async\" width=\"450\" height=\"300\" src=\"https:\/\/www.alcoawheels.com\/europe\/nl\/wp-content\/uploads\/sites\/18\/2023\/06\/maintenance-Bristle-discs-thumbnail.jpg\" alt=\"Bristle discs and pads\"\/><\/div><\/div>\n\n\n\n<div class=\"wp-block-alcoa-wheels-zigzag-item media-list-item\"><div class=\"media-list-item__box_content\"><div class=\"media-list-item__box_content_inner\">\n<h5 class=\"wp-block-heading has-text-align-right\" id=\"h-discmate\"><strong>Discmate<\/strong><\/h5>\n\n\n\n<p class=\"has-text-align-right\">Een schijf om corrosievorming tussen stalen en Alcoa<sup>\u00ae<\/sup>aluminium wielen en tussen stalen naven en aluminium wielen te helpen voorkomen.<\/p>\n<\/div><\/div><div class=\"media-list-item__box_image\"><img loading=\"lazy\" decoding=\"async\" width=\"450\" height=\"300\" src=\"https:\/\/www.alcoawheels.com\/europe\/nl\/wp-content\/uploads\/sites\/18\/2023\/06\/maintenance-Discmates-thumbnail.jpg\" alt=\"Discmates\"\/><\/div><\/div>\n<\/div><\/div>\n\n\n\n<hr class=\"wp-block-separator has-text-color has-alpha-channel-opacity has-background is-style-wide\" style=\"background-color:#cccccc;color:#cccccc\"\/>\n\n\n\n<div style=\"height:50px\" aria-hidden=\"true\" class=\"wp-block-spacer spacer-fifty\"><\/div>\n\n\n\n<p class=\"u-margin-b10\">Voor meer informatie:<\/p>\n\n\n\t\t<div class=\"wp-block-alcoa-product-literature\">\n\t\t\t<div class=\"product-literature-columns container wp-block-alcoa-wheels-related-documents\">\n\t\t\t\t\t\t\t\t\t<div class=\"literature-inner\">\n\t\t\t\t\t\t<div class=\"literature-inner-item\">\n\t\t\t\t\t\t\t<div class=\"pdf-lists-items\">\n\t\t\t\t\t\t\t\t\t\t\t\t\t\t\t\t\t\t\t\t\t\t\t\t\t\t<div class=\"pdf-files\">\n\t\t\t\t\t\t\t\t\t\t<a href=\"https:\/\/www.alcoawheels.com\/europe\/nl\/wp-content\/uploads\/sites\/18\/2026\/02\/Alcoa-Wheels-Accessories-NL.pdf\" target=\"_blank\" class=\"pdf-file\">\n\t\t\t\t\t\t\t\t\t\t\tALCOA<sup>\u00ae<\/sup> productcatalogus wielaccessoires\t\t\t\t\t\t\t\t\t\t<\/a>\n\t\t\t\t\t\t\t\t\t\t<div class=\"pdf-size\">2.92 MB<\/div>\n\t\t\t\t\t\t\t\t\t<\/div>\n\t\t\t\t\t\t\t\t\t\t\t\t\t\t\t<\/div>\n\t\t\t\t\t\t<\/div>\n\t\t\t\t\t<\/div>\n\t\t\t\t\t\t\t<\/div>\n\n\t\t<\/div>\n\n\n\n<div id=\"alcoa-wheels-buttons-cb67026a-19a0-4542-b5a7-2868f5d9ff0e\" class=\"wp-block-alcoa-wheels-button-group alcoa-wheels-buttons\"><div class=\"button-row\"><div class=\"button-item\" button-item=\"0\"><p class=\"btn-main btn-link-left-arrow\" aria-label=\"<a href=&quot;https:\/\/apps.spheracloud.net\/communicator\/login.aspx?userid=qD3CEfpiugwA&amp;companyid=SzqDqsuXTJwA&amp;method=home&quot;&gt;<a href=&quot;https:\/\/apps.spheracloud.net\/communicator\/login.aspx?userid=qD3CEfpiugwA&amp;companyid=SzqDqsuXTJwA&amp;method=home&quot;&gt;Safety Data (MSDS)<\/a&gt;<\/a&gt;\"><a href=\"https:\/\/apps.spheracloud.net\/communicator\/login.aspx?userid=qD3CEfpiugwA&amp;companyid=SzqDqsuXTJwA&amp;method=home\"><a href=\"https:\/\/apps.spheracloud.net\/communicator\/login.aspx?userid=qD3CEfpiugwA&amp;companyid=SzqDqsuXTJwA&amp;method=home\">Safety Data (MSDS)<\/a><\/a><\/p><\/div><\/div><\/div>\n\n\n\n<div style=\"height:50px\" aria-hidden=\"true\" class=\"wp-block-spacer spacer-fifty\"><\/div>\n\n\n\n<div class=\"wp-block-alcoa-wheels-card-usecase-1 card-box-v1__body with-icon align-center vertical-align-center\" id=\"card_box_v1-3a04bde0-e96a-4dba-8ec2-77c267c71596\"><div class=\"fullwidthcontainer\"><div class=\"card-box-v1__boxes has-4-columns\"><div class=\"card-box-v1__box  with-link \" style=\"background-color:#00afb9\"><img decoding=\"async\" src=\"https:\/\/www.alcoawheels.com\/europe\/nl\/wp-content\/themes\/alcoa-wheels\/assets\/build\/js\/blocks\/card-usecase-1\/..\/..\/..\/images\/placeholder-image.db2b4d5c.jpeg\" alt=\"Contacteer\"\/><div class=\"card-box-v1__box__inner pos-abs\"><div class=\"card-box-v1__box_icon\"><img loading=\"lazy\" decoding=\"async\" width=\"171\" height=\"171\" src=\"https:\/\/www.alcoawheels.com\/europe\/nl\/wp-content\/uploads\/sites\/18\/2023\/06\/contact.png\" alt=\"\"\/><\/div><div class=\"card-box-v1__box_content\"><h4 style=\"color:#ffffff\">Contacteer<\/h4><\/div><div class=\"btn-wrap\"><\/div><\/div><a href=\"\/europe\/nl\/contact\" aria-label=\"Contacteer\"><\/a><\/div><div class=\"card-box-v1__box  with-link \" style=\"background-color:#34bfc7\"><img decoding=\"async\" src=\"https:\/\/www.alcoawheels.com\/europe\/nl\/wp-content\/themes\/alcoa-wheels\/assets\/build\/js\/blocks\/card-usecase-1\/..\/..\/..\/images\/placeholder-image.db2b4d5c.jpeg\" alt=\"Wielassortiment\"\/><div class=\"card-box-v1__box__inner pos-abs\"><div class=\"card-box-v1__box_icon\"><img loading=\"lazy\" decoding=\"async\" width=\"169\" height=\"169\" src=\"https:\/\/www.alcoawheels.com\/europe\/nl\/wp-content\/uploads\/sites\/18\/2023\/06\/product-search.png\" alt=\"\"\/><\/div><div class=\"card-box-v1__box_content\"><h4 style=\"color:#ffffff\">Wielassortiment<\/h4><\/div><div class=\"btn-wrap\"><\/div><\/div><a href=\"\/europe\/nl\/wielassortiment\" aria-label=\"Wielassortiment\"><\/a><\/div><div class=\"card-box-v1__box  with-link \" style=\"background-color:#00afb9\"><img decoding=\"async\" src=\"https:\/\/www.alcoawheels.com\/europe\/nl\/wp-content\/themes\/alcoa-wheels\/assets\/build\/js\/blocks\/card-usecase-1\/..\/..\/..\/images\/placeholder-image.db2b4d5c.jpeg\" alt=\"Waar te koop\"\/><div class=\"card-box-v1__box__inner pos-abs\"><div class=\"card-box-v1__box_icon\"><img loading=\"lazy\" decoding=\"async\" width=\"169\" height=\"169\" src=\"https:\/\/www.alcoawheels.com\/europe\/nl\/wp-content\/uploads\/sites\/18\/2023\/06\/where-to-buy.png\" alt=\"\"\/><\/div><div class=\"card-box-v1__box_content\"><h4 style=\"color:#ffffff\">Waar te koop<\/h4><\/div><div class=\"btn-wrap\"><\/div><\/div><a href=\"\/europe\/nl\/waar-te-koop\" aria-label=\"Waar te koop\"><\/a><\/div><div class=\"card-box-v1__box  with-link \" style=\"background-color:#34bfc7\"><img decoding=\"async\" src=\"https:\/\/www.alcoawheels.com\/europe\/nl\/wp-content\/themes\/alcoa-wheels\/assets\/build\/js\/blocks\/card-usecase-1\/..\/..\/..\/images\/placeholder-image.db2b4d5c.jpeg\" alt=\"Productliteratuur\"\/><div class=\"card-box-v1__box__inner pos-abs\"><div class=\"card-box-v1__box_icon\"><img loading=\"lazy\" decoding=\"async\" width=\"169\" height=\"169\" src=\"https:\/\/www.alcoawheels.com\/europe\/nl\/wp-content\/uploads\/sites\/18\/2023\/06\/product-literature.png\" alt=\"\"\/><\/div><div class=\"card-box-v1__box_content\"><h4 style=\"color:#ffffff\">Productliteratuur<\/h4><\/div><div class=\"btn-wrap\"><\/div><\/div><a href=\"\/europe\/nl\/productliteratuur\" aria-label=\"Productliteratuur\"><\/a><\/div><\/div><\/div><\/div>\n","protected":false},"excerpt":{"rendered":"<p>Tilbeh\u00f8r til Alcoa\u00ae-felger Vedlikehold av Alcoa\u00ae-felger er og b\u00f8r v\u00e6re en topprioritet 1. Tilbeh\u00f8rsprodukter for Alcoa\u00ae-felger er utviklet og valgt ut gjennom mange \u00e5r for \u00e5 holde felgene i best mulig stand og sikre lang levetid 2. Tilbeh\u00f8r til Alcoa\u00ae-felger er tilgjengelig fra v\u00e5rt autoriserte forhandlernettverk Voor meer informatie:<\/p>\n","protected":false},"author":44,"featured_media":481,"parent":0,"menu_order":0,"comment_status":"closed","ping_status":"closed","template":"","meta":{"_acf_changed":false,"protected_reviewer_email":"","editor_notices":[],"footnotes":""},"class_list":["post-68","page","type-page","status-publish","has-post-thumbnail","hentry"],"acf":[],"yoast_head":"<!-- This site is optimized with the Yoast SEO Premium plugin v27.3 (Yoast SEO v27.3) - https:\/\/yoast.com\/product\/yoast-seo-premium-wordpress\/ -->\n<title>Onderhoud | Alcoa Wheels<\/title>\n<meta name=\"description\" content=\"Alcoa\u00ae Wheels accessoires om uw Alcoa\u00ae Wheels in topvorm te houden. Bij ons vindt u HUBgrease, VALVEgrease, Bristle-Discs en -pads en Discmates.\" \/>\n<meta name=\"robots\" content=\"index, follow, max-snippet:-1, max-image-preview:large, max-video-preview:-1\" \/>\n<link rel=\"canonical\" href=\"https:\/\/www.alcoawheels.com\/europe\/nl\/onderhoud\/\" \/>\n<meta property=\"og:locale\" content=\"en_US\" \/>\n<meta property=\"og:type\" content=\"article\" \/>\n<meta property=\"og:title\" content=\"Onderhoud\" \/>\n<meta property=\"og:description\" content=\"Alcoa\u00ae Wheels accessoires om uw Alcoa\u00ae Wheels in topvorm te houden. Bij ons vindt u HUBgrease, VALVEgrease, Bristle-Discs en -pads en Discmates.\" \/>\n<meta property=\"og:url\" content=\"https:\/\/www.alcoawheels.com\/europe\/nl\/onderhoud\/\" \/>\n<meta property=\"og:site_name\" content=\"Europe Dutch\" \/>\n<meta property=\"article:modified_time\" content=\"2025-07-11T19:14:30+00:00\" \/>\n<meta property=\"og:image\" content=\"https:\/\/www.alcoawheels.com\/europe\/nl\/wp-content\/uploads\/sites\/18\/2023\/06\/maintenance-Hubgrease-thumbnail.jpg\" \/>\n\t<meta property=\"og:image:width\" content=\"450\" \/>\n\t<meta property=\"og:image:height\" content=\"300\" \/>\n\t<meta property=\"og:image:type\" content=\"image\/jpeg\" \/>\n<meta name=\"twitter:card\" content=\"summary_large_image\" \/>\n<meta name=\"twitter:label1\" content=\"Est. reading time\" \/>\n\t<meta name=\"twitter:data1\" content=\"4 minutes\" \/>\n<script type=\"application\/ld+json\" class=\"yoast-schema-graph\">{\"@context\":\"https:\\\/\\\/schema.org\",\"@graph\":[{\"@type\":\"WebPage\",\"@id\":\"https:\\\/\\\/www.alcoawheels.com\\\/europe\\\/nl\\\/onderhoud\\\/\",\"url\":\"https:\\\/\\\/www.alcoawheels.com\\\/europe\\\/nl\\\/onderhoud\\\/\",\"name\":\"Onderhoud | Alcoa Wheels\",\"isPartOf\":{\"@id\":\"https:\\\/\\\/www.alcoawheels.com\\\/europe\\\/nl\\\/#website\"},\"primaryImageOfPage\":{\"@id\":\"https:\\\/\\\/www.alcoawheels.com\\\/europe\\\/nl\\\/onderhoud\\\/#primaryimage\"},\"image\":{\"@id\":\"https:\\\/\\\/www.alcoawheels.com\\\/europe\\\/nl\\\/onderhoud\\\/#primaryimage\"},\"thumbnailUrl\":\"https:\\\/\\\/www.alcoawheels.com\\\/europe\\\/nl\\\/wp-content\\\/uploads\\\/sites\\\/18\\\/2023\\\/06\\\/maintenance-Hubgrease-thumbnail.jpg\",\"datePublished\":\"2023-05-26T10:22:04+00:00\",\"dateModified\":\"2025-07-11T19:14:30+00:00\",\"description\":\"Alcoa\u00ae Wheels accessoires om uw Alcoa\u00ae Wheels in topvorm te houden. Bij ons vindt u HUBgrease, VALVEgrease, Bristle-Discs en -pads en Discmates.\",\"breadcrumb\":{\"@id\":\"https:\\\/\\\/www.alcoawheels.com\\\/europe\\\/nl\\\/onderhoud\\\/#breadcrumb\"},\"inLanguage\":\"en-US\",\"potentialAction\":[{\"@type\":\"ReadAction\",\"target\":[\"https:\\\/\\\/www.alcoawheels.com\\\/europe\\\/nl\\\/onderhoud\\\/\"]}]},{\"@type\":\"ImageObject\",\"inLanguage\":\"en-US\",\"@id\":\"https:\\\/\\\/www.alcoawheels.com\\\/europe\\\/nl\\\/onderhoud\\\/#primaryimage\",\"url\":\"https:\\\/\\\/www.alcoawheels.com\\\/europe\\\/nl\\\/wp-content\\\/uploads\\\/sites\\\/18\\\/2023\\\/06\\\/maintenance-Hubgrease-thumbnail.jpg\",\"contentUrl\":\"https:\\\/\\\/www.alcoawheels.com\\\/europe\\\/nl\\\/wp-content\\\/uploads\\\/sites\\\/18\\\/2023\\\/06\\\/maintenance-Hubgrease-thumbnail.jpg\",\"width\":450,\"height\":300,\"caption\":\"HUBgrease\"},{\"@type\":\"BreadcrumbList\",\"@id\":\"https:\\\/\\\/www.alcoawheels.com\\\/europe\\\/nl\\\/onderhoud\\\/#breadcrumb\",\"itemListElement\":[{\"@type\":\"ListItem\",\"position\":1,\"name\":\"Home\",\"item\":\"https:\\\/\\\/www.alcoawheels.com\\\/europe\\\/nl\\\/\"},{\"@type\":\"ListItem\",\"position\":2,\"name\":\"Onderhoud\"}]},{\"@type\":\"WebSite\",\"@id\":\"https:\\\/\\\/www.alcoawheels.com\\\/europe\\\/nl\\\/#website\",\"url\":\"https:\\\/\\\/www.alcoawheels.com\\\/europe\\\/nl\\\/\",\"name\":\"Europe Dutch\",\"description\":\"\",\"publisher\":{\"@id\":\"https:\\\/\\\/www.alcoawheels.com\\\/europe\\\/nl\\\/#organization\"},\"potentialAction\":[{\"@type\":\"SearchAction\",\"target\":{\"@type\":\"EntryPoint\",\"urlTemplate\":\"https:\\\/\\\/www.alcoawheels.com\\\/europe\\\/nl\\\/?s={search_term_string}\"},\"query-input\":{\"@type\":\"PropertyValueSpecification\",\"valueRequired\":true,\"valueName\":\"search_term_string\"}}],\"inLanguage\":\"en-US\"},{\"@type\":\"Organization\",\"@id\":\"https:\\\/\\\/www.alcoawheels.com\\\/europe\\\/nl\\\/#organization\",\"name\":\"Europe Dutch\",\"url\":\"https:\\\/\\\/www.alcoawheels.com\\\/europe\\\/nl\\\/\",\"logo\":{\"@type\":\"ImageObject\",\"inLanguage\":\"en-US\",\"@id\":\"https:\\\/\\\/www.alcoawheels.com\\\/europe\\\/nl\\\/#\\\/schema\\\/logo\\\/image\\\/\",\"url\":\"https:\\\/\\\/www.alcoawheels.com\\\/europe\\\/nl\\\/wp-content\\\/uploads\\\/sites\\\/18\\\/2023\\\/05\\\/logo-black.gif\",\"contentUrl\":\"https:\\\/\\\/www.alcoawheels.com\\\/europe\\\/nl\\\/wp-content\\\/uploads\\\/sites\\\/18\\\/2023\\\/05\\\/logo-black.gif\",\"width\":71,\"height\":64,\"caption\":\"Europe Dutch\"},\"image\":{\"@id\":\"https:\\\/\\\/www.alcoawheels.com\\\/europe\\\/nl\\\/#\\\/schema\\\/logo\\\/image\\\/\"}}]}<\/script>\n<!-- \/ Yoast SEO Premium plugin. -->","yoast_head_json":{"title":"Onderhoud | Alcoa Wheels","description":"Alcoa\u00ae Wheels accessoires om uw Alcoa\u00ae Wheels in topvorm te houden. Bij ons vindt u HUBgrease, VALVEgrease, Bristle-Discs en -pads en Discmates.","robots":{"index":"index","follow":"follow","max-snippet":"max-snippet:-1","max-image-preview":"max-image-preview:large","max-video-preview":"max-video-preview:-1"},"canonical":"https:\/\/www.alcoawheels.com\/europe\/nl\/onderhoud\/","og_locale":"en_US","og_type":"article","og_title":"Onderhoud","og_description":"Alcoa\u00ae Wheels accessoires om uw Alcoa\u00ae Wheels in topvorm te houden. Bij ons vindt u HUBgrease, VALVEgrease, Bristle-Discs en -pads en Discmates.","og_url":"https:\/\/www.alcoawheels.com\/europe\/nl\/onderhoud\/","og_site_name":"Europe Dutch","article_modified_time":"2025-07-11T19:14:30+00:00","og_image":[{"width":450,"height":300,"url":"https:\/\/www.alcoawheels.com\/europe\/nl\/wp-content\/uploads\/sites\/18\/2023\/06\/maintenance-Hubgrease-thumbnail.jpg","type":"image\/jpeg"}],"twitter_card":"summary_large_image","twitter_misc":{"Est. reading time":"4 minutes"},"schema":{"@context":"https:\/\/schema.org","@graph":[{"@type":"WebPage","@id":"https:\/\/www.alcoawheels.com\/europe\/nl\/onderhoud\/","url":"https:\/\/www.alcoawheels.com\/europe\/nl\/onderhoud\/","name":"Onderhoud | Alcoa Wheels","isPartOf":{"@id":"https:\/\/www.alcoawheels.com\/europe\/nl\/#website"},"primaryImageOfPage":{"@id":"https:\/\/www.alcoawheels.com\/europe\/nl\/onderhoud\/#primaryimage"},"image":{"@id":"https:\/\/www.alcoawheels.com\/europe\/nl\/onderhoud\/#primaryimage"},"thumbnailUrl":"https:\/\/www.alcoawheels.com\/europe\/nl\/wp-content\/uploads\/sites\/18\/2023\/06\/maintenance-Hubgrease-thumbnail.jpg","datePublished":"2023-05-26T10:22:04+00:00","dateModified":"2025-07-11T19:14:30+00:00","description":"Alcoa\u00ae Wheels accessoires om uw Alcoa\u00ae Wheels in topvorm te houden. Bij ons vindt u HUBgrease, VALVEgrease, Bristle-Discs en -pads en Discmates.","breadcrumb":{"@id":"https:\/\/www.alcoawheels.com\/europe\/nl\/onderhoud\/#breadcrumb"},"inLanguage":"en-US","potentialAction":[{"@type":"ReadAction","target":["https:\/\/www.alcoawheels.com\/europe\/nl\/onderhoud\/"]}]},{"@type":"ImageObject","inLanguage":"en-US","@id":"https:\/\/www.alcoawheels.com\/europe\/nl\/onderhoud\/#primaryimage","url":"https:\/\/www.alcoawheels.com\/europe\/nl\/wp-content\/uploads\/sites\/18\/2023\/06\/maintenance-Hubgrease-thumbnail.jpg","contentUrl":"https:\/\/www.alcoawheels.com\/europe\/nl\/wp-content\/uploads\/sites\/18\/2023\/06\/maintenance-Hubgrease-thumbnail.jpg","width":450,"height":300,"caption":"HUBgrease"},{"@type":"BreadcrumbList","@id":"https:\/\/www.alcoawheels.com\/europe\/nl\/onderhoud\/#breadcrumb","itemListElement":[{"@type":"ListItem","position":1,"name":"Home","item":"https:\/\/www.alcoawheels.com\/europe\/nl\/"},{"@type":"ListItem","position":2,"name":"Onderhoud"}]},{"@type":"WebSite","@id":"https:\/\/www.alcoawheels.com\/europe\/nl\/#website","url":"https:\/\/www.alcoawheels.com\/europe\/nl\/","name":"Europe Dutch","description":"","publisher":{"@id":"https:\/\/www.alcoawheels.com\/europe\/nl\/#organization"},"potentialAction":[{"@type":"SearchAction","target":{"@type":"EntryPoint","urlTemplate":"https:\/\/www.alcoawheels.com\/europe\/nl\/?s={search_term_string}"},"query-input":{"@type":"PropertyValueSpecification","valueRequired":true,"valueName":"search_term_string"}}],"inLanguage":"en-US"},{"@type":"Organization","@id":"https:\/\/www.alcoawheels.com\/europe\/nl\/#organization","name":"Europe Dutch","url":"https:\/\/www.alcoawheels.com\/europe\/nl\/","logo":{"@type":"ImageObject","inLanguage":"en-US","@id":"https:\/\/www.alcoawheels.com\/europe\/nl\/#\/schema\/logo\/image\/","url":"https:\/\/www.alcoawheels.com\/europe\/nl\/wp-content\/uploads\/sites\/18\/2023\/05\/logo-black.gif","contentUrl":"https:\/\/www.alcoawheels.com\/europe\/nl\/wp-content\/uploads\/sites\/18\/2023\/05\/logo-black.gif","width":71,"height":64,"caption":"Europe Dutch"},"image":{"@id":"https:\/\/www.alcoawheels.com\/europe\/nl\/#\/schema\/logo\/image\/"}}]}},"parsely":{"version":"1.1.0","canonical_url":"https:\/\/alcoawheels.com\/europe\/nl\/onderhoud\/","smart_links":{"inbound":0,"outbound":0},"traffic_boost_suggestions_count":0,"meta":{"@context":"https:\/\/schema.org","@type":"WebPage","headline":"Onderhoud","url":"http:\/\/www.alcoawheels.com\/europe\/nl\/onderhoud\/","mainEntityOfPage":{"@type":"WebPage","@id":"http:\/\/www.alcoawheels.com\/europe\/nl\/onderhoud\/"},"thumbnailUrl":"https:\/\/www.alcoawheels.com\/europe\/nl\/wp-content\/uploads\/sites\/18\/2023\/06\/maintenance-Hubgrease-thumbnail.jpg?w=150&h=150&crop=1","image":{"@type":"ImageObject","url":"https:\/\/www.alcoawheels.com\/europe\/nl\/wp-content\/uploads\/sites\/18\/2023\/06\/maintenance-Hubgrease-thumbnail.jpg"},"articleSection":"Uncategorized","author":[{"@type":"Person","name":"howmet"}],"creator":["howmet"],"publisher":{"@type":"Organization","name":"Europe Dutch","logo":""},"keywords":[],"dateCreated":"2023-05-26T10:22:04Z","datePublished":"2023-05-26T10:22:04Z","dateModified":"2025-07-11T19:14:30Z"},"rendered":"<script type=\"application\/ld+json\" class=\"wp-parsely-metadata\">{\"@context\":\"https:\\\/\\\/schema.org\",\"@type\":\"WebPage\",\"headline\":\"Onderhoud\",\"url\":\"http:\\\/\\\/www.alcoawheels.com\\\/europe\\\/nl\\\/onderhoud\\\/\",\"mainEntityOfPage\":{\"@type\":\"WebPage\",\"@id\":\"http:\\\/\\\/www.alcoawheels.com\\\/europe\\\/nl\\\/onderhoud\\\/\"},\"thumbnailUrl\":\"https:\\\/\\\/www.alcoawheels.com\\\/europe\\\/nl\\\/wp-content\\\/uploads\\\/sites\\\/18\\\/2023\\\/06\\\/maintenance-Hubgrease-thumbnail.jpg?w=150&h=150&crop=1\",\"image\":{\"@type\":\"ImageObject\",\"url\":\"https:\\\/\\\/www.alcoawheels.com\\\/europe\\\/nl\\\/wp-content\\\/uploads\\\/sites\\\/18\\\/2023\\\/06\\\/maintenance-Hubgrease-thumbnail.jpg\"},\"articleSection\":\"Uncategorized\",\"author\":[{\"@type\":\"Person\",\"name\":\"howmet\"}],\"creator\":[\"howmet\"],\"publisher\":{\"@type\":\"Organization\",\"name\":\"Europe Dutch\",\"logo\":\"\"},\"keywords\":[],\"dateCreated\":\"2023-05-26T10:22:04Z\",\"datePublished\":\"2023-05-26T10:22:04Z\",\"dateModified\":\"2025-07-11T19:14:30Z\"}<\/script>","tracker_url":"https:\/\/cdn.parsely.com\/keys\/alcoawheels.com\/p.js"},"jetpack_sharing_enabled":true,"_links":{"self":[{"href":"https:\/\/www.alcoawheels.com\/europe\/nl\/wp-json\/wp\/v2\/pages\/68","targetHints":{"allow":["GET"]}}],"collection":[{"href":"https:\/\/www.alcoawheels.com\/europe\/nl\/wp-json\/wp\/v2\/pages"}],"about":[{"href":"https:\/\/www.alcoawheels.com\/europe\/nl\/wp-json\/wp\/v2\/types\/page"}],"author":[{"embeddable":true,"href":"https:\/\/www.alcoawheels.com\/europe\/nl\/wp-json\/wp\/v2\/users\/44"}],"replies":[{"embeddable":true,"href":"https:\/\/www.alcoawheels.com\/europe\/nl\/wp-json\/wp\/v2\/comments?post=68"}],"version-history":[{"count":17,"href":"https:\/\/www.alcoawheels.com\/europe\/nl\/wp-json\/wp\/v2\/pages\/68\/revisions"}],"predecessor-version":[{"id":3290,"href":"https:\/\/www.alcoawheels.com\/europe\/nl\/wp-json\/wp\/v2\/pages\/68\/revisions\/3290"}],"wp:featuredmedia":[{"embeddable":true,"href":"https:\/\/www.alcoawheels.com\/europe\/nl\/wp-json\/wp\/v2\/media\/481"}],"wp:attachment":[{"href":"https:\/\/www.alcoawheels.com\/europe\/nl\/wp-json\/wp\/v2\/media?parent=68"}],"curies":[{"name":"wp","href":"https:\/\/api.w.org\/{rel}","templated":true}]}}