{"id":78,"date":"2023-05-26T10:23:23","date_gmt":"2023-05-26T10:23:23","guid":{"rendered":"https:\/\/www.alcoawheels.com\/europe\/nl\/?page_id=78"},"modified":"2026-01-12T13:42:41","modified_gmt":"2026-01-12T12:42:41","slug":"fsc-inleiding","status":"publish","type":"page","link":"https:\/\/www.alcoawheels.com\/europe\/nl\/fsc-inleiding\/","title":{"rendered":"Fleet Service Center"},"content":{"rendered":"\n<div class=\"wp-block-alcoa-wheels-hero-banner-innerpage hero-banner with-image layout-2 overlayEnable align- vertical-align- align-center vertical-align-center\" style=\"background-color:#eee\"><img decoding=\"async\" src=\"https:\/\/www.alcoawheels.com\/europe\/nl\/wp-content\/uploads\/sites\/18\/2023\/06\/fsc-intro-banner.jpg\" alt=\"Fleet Service Center for Alcoa Wheels\" class=\"responsiveImage\"\/><div class=\"hero-banner__header\" style=\"text-align:center\"><div class=\"container\"><h1 class=\"hero-banner__header--title\">Fleet Service Center<\/h1><\/div><\/div><\/div>\n\n\n\n<div style=\"height:25px\" aria-hidden=\"true\" class=\"wp-block-spacer spacer-fifty\"><\/div>\n\n\n\n<div class=\"wp-block-buttons is-layout-flex wp-block-buttons-is-layout-flex\">\n<div class=\"wp-block-button is-style-fill\"><a class=\"wp-block-button__link has-white-color has-text-color has-background has-link-color wp-element-button\" href=\"https:\/\/www.alcoawheels.com\/europe\/nl\/statuscontrole-wielregistratieformulier\/\" style=\"border-radius:0px;background-color:#00afba\">Statuscontrole wielregistratieformulier<\/a><\/div>\n<\/div>\n\n\n\n<div style=\"height:35px\" aria-hidden=\"true\" class=\"wp-block-spacer\"><\/div>\n\n\n\n\n\n<p>Het&nbsp;Howmet Fleet Service Center kan gecontacteerd worden voor:<\/p>\n\n\n\n<div class=\"wp-block-alcoa-wheels-lists alcoa-wheels-lists-block\"><div class=\"list-wrapper\"><ol style=\"list-style-type:none\">\n<div class=\"wp-block-alcoa-wheels-list-items inner-list-item-wrapper  with-icon list-item-wrapper\"><img decoding=\"async\" src=\"https:\/\/www.alcoawheels.com\/europe\/nl\/wp-content\/uploads\/sites\/18\/2023\/05\/wheel-bullet.jpg\" class=\"image-icon\" alt=\"https:\/\/www.alcoawheels.com\/europe\/nl\/wp-content\/uploads\/sites\/18\/2023\/05\/wheel-bullet.jpg\"\/><li class=\"inner-list-item  with-icon\"><span>Technische ondersteuning en diensten na verkoop<\/span><\/li><\/div>\n\n\n\n<div class=\"wp-block-alcoa-wheels-list-items inner-list-item-wrapper  with-icon list-item-wrapper\"><img decoding=\"async\" src=\"https:\/\/www.alcoawheels.com\/europe\/nl\/wp-content\/uploads\/sites\/18\/2023\/05\/wheel-bullet.jpg\" class=\"image-icon\" alt=\"https:\/\/www.alcoawheels.com\/europe\/nl\/wp-content\/uploads\/sites\/18\/2023\/05\/wheel-bullet.jpg\"\/><li class=\"inner-list-item  with-icon\"><span>Onderhoud en reiniging van ALCOA<sup>\u00ae<\/sup>\u00a0WHEELS\u00a0wielen<\/span><\/li><\/div>\n\n\n\n<div class=\"wp-block-alcoa-wheels-list-items inner-list-item-wrapper  with-icon list-item-wrapper\"><img decoding=\"async\" src=\"https:\/\/www.alcoawheels.com\/europe\/nl\/wp-content\/uploads\/sites\/18\/2023\/05\/wheel-bullet.jpg\" class=\"image-icon\" alt=\"https:\/\/www.alcoawheels.com\/europe\/nl\/wp-content\/uploads\/sites\/18\/2023\/05\/wheel-bullet.jpg\"\/><li class=\"inner-list-item  with-icon\"><span>Informatie over gerelateerde ALCOA<sup>\u00ae<\/sup>\u00a0WHEELS producten en accessoires<\/span><\/li><\/div>\n<\/ol><\/div><\/div>\n\n\n\n<p>Wielen welke moeten worden onderzocht of die uit gebruik genomen zijn, kunnen in het&nbsp;<a href=\"\/europe\/nl\/fleet-service-center\">Wielregistratieformulier<\/a><a href=\"https:\/\/www.alcoawheels.com\/alcoawheels\/europe\/nl\/fleet-service-center.asp\">&nbsp;<\/a>ingevoerd worden en naar het Fleet Service Center worden gestuurd.<\/p>\n\n\n\n<p>Het Fleet Service Center behandelt aanvragen uit de volgende landen: Oostenrijk, Belgi\u00eb, Kroati\u00eb, de Tsjechische Republiek, Denemarken, Finland, Frankrijk, Duitsland, Griekenland, Hongarije, Ierland, Itali\u00eb, Luxemburg, Nederland, Noorwegen, Polen, Portugal, Roemeni\u00eb, Slovakije, Sloveni\u00eb, Spanje, Zweden, Zwitserland, Turkije en het Verenigd Koninkrijk.<\/p>\n\n\n\n<p>De technische informatie kan&nbsp;<a href=\"\/europe\/nl\/productliteratuur\">hier<\/a><a href=\"https:\/\/www.alcoawheels.com\/alcoawheels\/europe\/nl\/productliteratuur.asp\">&nbsp;<\/a>gedownload worden.<br>Klik&nbsp;<a href=\"\/europe\/nl\/wp-content\/uploads\/sites\/18\/2023\/06\/Alcoa-Wheels-Limited-warranty-NL.pdf\">hier<\/a>&nbsp;voor informatie omtrent de garantie van ALCOA<sup>\u00ae<\/sup>&nbsp;WHEELS.<\/p>\n\n\n\n<div class=\"wp-block-alcoa-wheels-message alert-warning-group\"><p>Bezoek de <a href=\"..\/faq\">FAQ<\/a> voor gedetailleerde informatie over ons garantieproces.<\/p><\/div>\n\n\n\n<p>Het Fleet Service Center behandelt aanvragen uit de volgende landen: Oostenrijk, Belgi\u00eb, Kroati\u00eb, de Tsjechische Republiek, Denemarken, Finland, Frankrijk, Duitsland, Griekenland, Hongarije, Ierland, Itali\u00eb, Luxemburg, Nederland, Noorwegen, Polen, Portugal, Roemeni\u00eb, Slovakije, Sloveni\u00eb, Spanje, Zweden, Zwitserland, Turkije en het Verenigd Koninkrijk.<\/p>\n\n\n\n<p>De technische informatie kan&nbsp;<a href=\"\/europe\/nl\/productliteratuur\">hier<\/a><a href=\"https:\/\/www.alcoawheels.com\/alcoawheels\/europe\/nl\/productliteratuur.asp\">&nbsp;<\/a>gedownload worden.<br>Klik&nbsp;<a href=\"\/europe\/nl\/wp-content\/uploads\/sites\/18\/2023\/06\/Alcoa-Wheels-Limited-warranty-NL.pdf\">hier<\/a>&nbsp;voor informatie omtrent de garantie van ALCOA<sup>\u00ae<\/sup>&nbsp;WHEELS.<\/p>\n\n\n\n<p>Contact opnemen met het Howmet Aerospace Fleet Service Center:&nbsp;<img loading=\"lazy\" decoding=\"async\" width=\"16\" height=\"15\" class=\"wp-image-240\" style=\"width: 16px;\" src=\"https:\/\/www.alcoawheels.com\/europe\/nl\/wp-content\/uploads\/sites\/18\/2023\/05\/phone-icon.4e773c4f.png\" alt=\"\"> <a href=\"tel:0036-2253-1841\">0036 2253 1841<\/a><\/p>\n\n\n\n<p>Indien uw land niet in de lijst vermeld wordt, gelieve contact op te nemen met het Fleet Service Center:&nbsp;<br>&nbsp;<img loading=\"lazy\" decoding=\"async\" width=\"16\" height=\"13\" class=\"wp-image-241\" style=\"width: 16px;\" src=\"https:\/\/www.alcoawheels.com\/europe\/nl\/wp-content\/uploads\/sites\/18\/2023\/05\/email-icon.1a0ba940.png\" alt=\"\"> <a href=\"mailto:fleet@howmet.com\">fleet@howmet.com<\/a><\/p>\n\n\n\n<div class=\"wp-block-alcoa-wheels-card-usecase-1 card-box-v1__body with-icon align-center vertical-align-center\" id=\"card_box_v1-3a04bde0-e96a-4dba-8ec2-77c267c71596\"><div class=\"fullwidthcontainer\"><div class=\"card-box-v1__boxes has-4-columns\"><div class=\"card-box-v1__box  with-link \" style=\"background-color:#00afb9\"><img decoding=\"async\" src=\"https:\/\/www.alcoawheels.com\/europe\/nl\/wp-content\/themes\/alcoa-wheels\/assets\/build\/js\/blocks\/card-usecase-1\/..\/..\/..\/images\/placeholder-image.db2b4d5c.jpeg\" alt=\"Contacteer\"\/><div class=\"card-box-v1__box__inner pos-abs\"><div class=\"card-box-v1__box_icon\"><img loading=\"lazy\" decoding=\"async\" width=\"171\" height=\"171\" src=\"https:\/\/www.alcoawheels.com\/europe\/nl\/wp-content\/uploads\/sites\/18\/2023\/06\/contact.png\" alt=\"\"\/><\/div><div class=\"card-box-v1__box_content\"><h4 style=\"color:#ffffff\">Contacteer<\/h4><\/div><div class=\"btn-wrap\"><\/div><\/div><a href=\"\/europe\/nl\/contact\" aria-label=\"Contacteer\"><\/a><\/div><div class=\"card-box-v1__box  with-link \" style=\"background-color:#34bfc7\"><img decoding=\"async\" src=\"https:\/\/www.alcoawheels.com\/europe\/nl\/wp-content\/themes\/alcoa-wheels\/assets\/build\/js\/blocks\/card-usecase-1\/..\/..\/..\/images\/placeholder-image.db2b4d5c.jpeg\" alt=\"Wielassortiment\"\/><div class=\"card-box-v1__box__inner pos-abs\"><div class=\"card-box-v1__box_icon\"><img loading=\"lazy\" decoding=\"async\" width=\"169\" height=\"169\" src=\"https:\/\/www.alcoawheels.com\/europe\/nl\/wp-content\/uploads\/sites\/18\/2023\/06\/product-search.png\" alt=\"\"\/><\/div><div class=\"card-box-v1__box_content\"><h4 style=\"color:#ffffff\">Wielassortiment<\/h4><\/div><div class=\"btn-wrap\"><\/div><\/div><a href=\"\/europe\/nl\/wielassortiment\" aria-label=\"Wielassortiment\"><\/a><\/div><div class=\"card-box-v1__box  with-link \" style=\"background-color:#00afb9\"><img decoding=\"async\" src=\"https:\/\/www.alcoawheels.com\/europe\/nl\/wp-content\/themes\/alcoa-wheels\/assets\/build\/js\/blocks\/card-usecase-1\/..\/..\/..\/images\/placeholder-image.db2b4d5c.jpeg\" alt=\"Waar te koop\"\/><div class=\"card-box-v1__box__inner pos-abs\"><div class=\"card-box-v1__box_icon\"><img loading=\"lazy\" decoding=\"async\" width=\"169\" height=\"169\" src=\"https:\/\/www.alcoawheels.com\/europe\/nl\/wp-content\/uploads\/sites\/18\/2023\/06\/where-to-buy.png\" alt=\"\"\/><\/div><div class=\"card-box-v1__box_content\"><h4 style=\"color:#ffffff\">Waar te koop<\/h4><\/div><div class=\"btn-wrap\"><\/div><\/div><a href=\"\/europe\/nl\/waar-te-koop\" aria-label=\"Waar te koop\"><\/a><\/div><div class=\"card-box-v1__box  with-link \" style=\"background-color:#34bfc7\"><img decoding=\"async\" src=\"https:\/\/www.alcoawheels.com\/europe\/nl\/wp-content\/themes\/alcoa-wheels\/assets\/build\/js\/blocks\/card-usecase-1\/..\/..\/..\/images\/placeholder-image.db2b4d5c.jpeg\" alt=\"Productliteratuur\"\/><div class=\"card-box-v1__box__inner pos-abs\"><div class=\"card-box-v1__box_icon\"><img loading=\"lazy\" decoding=\"async\" width=\"169\" height=\"169\" src=\"https:\/\/www.alcoawheels.com\/europe\/nl\/wp-content\/uploads\/sites\/18\/2023\/06\/product-literature.png\" alt=\"\"\/><\/div><div class=\"card-box-v1__box_content\"><h4 style=\"color:#ffffff\">Productliteratuur<\/h4><\/div><div class=\"btn-wrap\"><\/div><\/div><a href=\"\/europe\/nl\/productliteratuur\" aria-label=\"Productliteratuur\"><\/a><\/div><\/div><\/div><\/div>\n","protected":false},"excerpt":{"rendered":"<p>Het&nbsp;Howmet Fleet Service Center kan gecontacteerd worden voor: Wielen welke moeten worden onderzocht of die uit gebruik genomen zijn, kunnen in het&nbsp;Wielregistratieformulier&nbsp;ingevoerd worden en naar het Fleet Service Center worden gestuurd. Het Fleet Service Center behandelt aanvragen uit de volgende landen: Oostenrijk, Belgi\u00eb, Kroati\u00eb, de Tsjechische Republiek, Denemarken, Finland, Frankrijk, Duitsland, Griekenland, Hongarije, Ierland, Itali\u00eb, [&hellip;]<\/p>\n","protected":false},"author":44,"featured_media":0,"parent":0,"menu_order":0,"comment_status":"closed","ping_status":"closed","template":"","meta":{"_acf_changed":false,"protected_reviewer_email":"","editor_notices":[],"footnotes":""},"class_list":["post-78","page","type-page","status-publish","hentry"],"acf":[],"yoast_head":"<!-- This site is optimized with the Yoast SEO Premium plugin v27.4 (Yoast SEO v27.4) - https:\/\/yoast.com\/product\/yoast-seo-premium-wordpress\/ -->\n<title>Fleet Service Center | Alcoa Wheels<\/title>\n<meta name=\"description\" content=\"U kunt terecht bij ons Fleet Service Center voor wielen die onderzocht moeten worden.\" \/>\n<meta name=\"robots\" content=\"index, follow, max-snippet:-1, max-image-preview:large, max-video-preview:-1\" \/>\n<link rel=\"canonical\" href=\"https:\/\/www.alcoawheels.com\/europe\/nl\/fsc-inleiding\/\" \/>\n<meta property=\"og:locale\" content=\"en_US\" \/>\n<meta property=\"og:type\" content=\"article\" \/>\n<meta property=\"og:title\" content=\"Fleet Service Center\" \/>\n<meta property=\"og:description\" content=\"U kunt terecht bij ons Fleet Service Center voor wielen die onderzocht moeten worden.\" \/>\n<meta property=\"og:url\" content=\"https:\/\/www.alcoawheels.com\/europe\/nl\/fsc-inleiding\/\" \/>\n<meta property=\"og:site_name\" content=\"Europe Dutch\" \/>\n<meta property=\"article:modified_time\" content=\"2026-01-12T12:42:41+00:00\" \/>\n<meta property=\"og:image\" content=\"https:\/\/www.alcoawheels.com\/europe\/nl\/wp-content\/uploads\/sites\/18\/2023\/06\/fsc-intro-banner.jpg\" \/>\n<meta name=\"twitter:card\" content=\"summary_large_image\" \/>\n<meta name=\"twitter:label1\" content=\"Est. reading time\" \/>\n\t<meta name=\"twitter:data1\" content=\"5 minutes\" \/>\n<script type=\"application\/ld+json\" class=\"yoast-schema-graph\">{\"@context\":\"https:\\\/\\\/schema.org\",\"@graph\":[{\"@type\":\"WebPage\",\"@id\":\"https:\\\/\\\/www.alcoawheels.com\\\/europe\\\/nl\\\/fsc-inleiding\\\/\",\"url\":\"https:\\\/\\\/www.alcoawheels.com\\\/europe\\\/nl\\\/fsc-inleiding\\\/\",\"name\":\"Fleet Service Center | Alcoa Wheels\",\"isPartOf\":{\"@id\":\"https:\\\/\\\/www.alcoawheels.com\\\/europe\\\/nl\\\/#website\"},\"primaryImageOfPage\":{\"@id\":\"https:\\\/\\\/www.alcoawheels.com\\\/europe\\\/nl\\\/fsc-inleiding\\\/#primaryimage\"},\"image\":{\"@id\":\"https:\\\/\\\/www.alcoawheels.com\\\/europe\\\/nl\\\/fsc-inleiding\\\/#primaryimage\"},\"thumbnailUrl\":\"https:\\\/\\\/www.alcoawheels.com\\\/europe\\\/nl\\\/wp-content\\\/uploads\\\/sites\\\/18\\\/2023\\\/06\\\/fsc-intro-banner.jpg\",\"datePublished\":\"2023-05-26T10:23:23+00:00\",\"dateModified\":\"2026-01-12T12:42:41+00:00\",\"description\":\"U kunt terecht bij ons Fleet Service Center voor wielen die onderzocht moeten worden.\",\"breadcrumb\":{\"@id\":\"https:\\\/\\\/www.alcoawheels.com\\\/europe\\\/nl\\\/fsc-inleiding\\\/#breadcrumb\"},\"inLanguage\":\"en-US\",\"potentialAction\":[{\"@type\":\"ReadAction\",\"target\":[\"https:\\\/\\\/www.alcoawheels.com\\\/europe\\\/nl\\\/fsc-inleiding\\\/\"]}]},{\"@type\":\"ImageObject\",\"inLanguage\":\"en-US\",\"@id\":\"https:\\\/\\\/www.alcoawheels.com\\\/europe\\\/nl\\\/fsc-inleiding\\\/#primaryimage\",\"url\":\"https:\\\/\\\/www.alcoawheels.com\\\/europe\\\/nl\\\/wp-content\\\/uploads\\\/sites\\\/18\\\/2023\\\/06\\\/fsc-intro-banner.jpg\",\"contentUrl\":\"https:\\\/\\\/www.alcoawheels.com\\\/europe\\\/nl\\\/wp-content\\\/uploads\\\/sites\\\/18\\\/2023\\\/06\\\/fsc-intro-banner.jpg\",\"width\":1119,\"height\":280,\"caption\":\"Fleet Service Center for Alcoa Wheels\"},{\"@type\":\"BreadcrumbList\",\"@id\":\"https:\\\/\\\/www.alcoawheels.com\\\/europe\\\/nl\\\/fsc-inleiding\\\/#breadcrumb\",\"itemListElement\":[{\"@type\":\"ListItem\",\"position\":1,\"name\":\"Home\",\"item\":\"https:\\\/\\\/www.alcoawheels.com\\\/europe\\\/nl\\\/\"},{\"@type\":\"ListItem\",\"position\":2,\"name\":\"Fleet Service Center\"}]},{\"@type\":\"WebSite\",\"@id\":\"https:\\\/\\\/www.alcoawheels.com\\\/europe\\\/nl\\\/#website\",\"url\":\"https:\\\/\\\/www.alcoawheels.com\\\/europe\\\/nl\\\/\",\"name\":\"Europe Dutch\",\"description\":\"\",\"publisher\":{\"@id\":\"https:\\\/\\\/www.alcoawheels.com\\\/europe\\\/nl\\\/#organization\"},\"potentialAction\":[{\"@type\":\"SearchAction\",\"target\":{\"@type\":\"EntryPoint\",\"urlTemplate\":\"https:\\\/\\\/www.alcoawheels.com\\\/europe\\\/nl\\\/?s={search_term_string}\"},\"query-input\":{\"@type\":\"PropertyValueSpecification\",\"valueRequired\":true,\"valueName\":\"search_term_string\"}}],\"inLanguage\":\"en-US\"},{\"@type\":\"Organization\",\"@id\":\"https:\\\/\\\/www.alcoawheels.com\\\/europe\\\/nl\\\/#organization\",\"name\":\"Europe Dutch\",\"url\":\"https:\\\/\\\/www.alcoawheels.com\\\/europe\\\/nl\\\/\",\"logo\":{\"@type\":\"ImageObject\",\"inLanguage\":\"en-US\",\"@id\":\"https:\\\/\\\/www.alcoawheels.com\\\/europe\\\/nl\\\/#\\\/schema\\\/logo\\\/image\\\/\",\"url\":\"https:\\\/\\\/www.alcoawheels.com\\\/europe\\\/nl\\\/wp-content\\\/uploads\\\/sites\\\/18\\\/2023\\\/05\\\/logo-black.gif\",\"contentUrl\":\"https:\\\/\\\/www.alcoawheels.com\\\/europe\\\/nl\\\/wp-content\\\/uploads\\\/sites\\\/18\\\/2023\\\/05\\\/logo-black.gif\",\"width\":71,\"height\":64,\"caption\":\"Europe Dutch\"},\"image\":{\"@id\":\"https:\\\/\\\/www.alcoawheels.com\\\/europe\\\/nl\\\/#\\\/schema\\\/logo\\\/image\\\/\"}}]}<\/script>\n<!-- \/ Yoast SEO Premium plugin. -->","yoast_head_json":{"title":"Fleet Service Center | Alcoa Wheels","description":"U kunt terecht bij ons Fleet Service Center voor wielen die onderzocht moeten worden.","robots":{"index":"index","follow":"follow","max-snippet":"max-snippet:-1","max-image-preview":"max-image-preview:large","max-video-preview":"max-video-preview:-1"},"canonical":"https:\/\/www.alcoawheels.com\/europe\/nl\/fsc-inleiding\/","og_locale":"en_US","og_type":"article","og_title":"Fleet Service Center","og_description":"U kunt terecht bij ons Fleet Service Center voor wielen die onderzocht moeten worden.","og_url":"https:\/\/www.alcoawheels.com\/europe\/nl\/fsc-inleiding\/","og_site_name":"Europe Dutch","article_modified_time":"2026-01-12T12:42:41+00:00","og_image":[{"url":"https:\/\/www.alcoawheels.com\/europe\/nl\/wp-content\/uploads\/sites\/18\/2023\/06\/fsc-intro-banner.jpg","type":"","width":"","height":""}],"twitter_card":"summary_large_image","twitter_misc":{"Est. reading time":"5 minutes"},"schema":{"@context":"https:\/\/schema.org","@graph":[{"@type":"WebPage","@id":"https:\/\/www.alcoawheels.com\/europe\/nl\/fsc-inleiding\/","url":"https:\/\/www.alcoawheels.com\/europe\/nl\/fsc-inleiding\/","name":"Fleet Service Center | Alcoa Wheels","isPartOf":{"@id":"https:\/\/www.alcoawheels.com\/europe\/nl\/#website"},"primaryImageOfPage":{"@id":"https:\/\/www.alcoawheels.com\/europe\/nl\/fsc-inleiding\/#primaryimage"},"image":{"@id":"https:\/\/www.alcoawheels.com\/europe\/nl\/fsc-inleiding\/#primaryimage"},"thumbnailUrl":"https:\/\/www.alcoawheels.com\/europe\/nl\/wp-content\/uploads\/sites\/18\/2023\/06\/fsc-intro-banner.jpg","datePublished":"2023-05-26T10:23:23+00:00","dateModified":"2026-01-12T12:42:41+00:00","description":"U kunt terecht bij ons Fleet Service Center voor wielen die onderzocht moeten worden.","breadcrumb":{"@id":"https:\/\/www.alcoawheels.com\/europe\/nl\/fsc-inleiding\/#breadcrumb"},"inLanguage":"en-US","potentialAction":[{"@type":"ReadAction","target":["https:\/\/www.alcoawheels.com\/europe\/nl\/fsc-inleiding\/"]}]},{"@type":"ImageObject","inLanguage":"en-US","@id":"https:\/\/www.alcoawheels.com\/europe\/nl\/fsc-inleiding\/#primaryimage","url":"https:\/\/www.alcoawheels.com\/europe\/nl\/wp-content\/uploads\/sites\/18\/2023\/06\/fsc-intro-banner.jpg","contentUrl":"https:\/\/www.alcoawheels.com\/europe\/nl\/wp-content\/uploads\/sites\/18\/2023\/06\/fsc-intro-banner.jpg","width":1119,"height":280,"caption":"Fleet Service Center for Alcoa Wheels"},{"@type":"BreadcrumbList","@id":"https:\/\/www.alcoawheels.com\/europe\/nl\/fsc-inleiding\/#breadcrumb","itemListElement":[{"@type":"ListItem","position":1,"name":"Home","item":"https:\/\/www.alcoawheels.com\/europe\/nl\/"},{"@type":"ListItem","position":2,"name":"Fleet Service Center"}]},{"@type":"WebSite","@id":"https:\/\/www.alcoawheels.com\/europe\/nl\/#website","url":"https:\/\/www.alcoawheels.com\/europe\/nl\/","name":"Europe Dutch","description":"","publisher":{"@id":"https:\/\/www.alcoawheels.com\/europe\/nl\/#organization"},"potentialAction":[{"@type":"SearchAction","target":{"@type":"EntryPoint","urlTemplate":"https:\/\/www.alcoawheels.com\/europe\/nl\/?s={search_term_string}"},"query-input":{"@type":"PropertyValueSpecification","valueRequired":true,"valueName":"search_term_string"}}],"inLanguage":"en-US"},{"@type":"Organization","@id":"https:\/\/www.alcoawheels.com\/europe\/nl\/#organization","name":"Europe Dutch","url":"https:\/\/www.alcoawheels.com\/europe\/nl\/","logo":{"@type":"ImageObject","inLanguage":"en-US","@id":"https:\/\/www.alcoawheels.com\/europe\/nl\/#\/schema\/logo\/image\/","url":"https:\/\/www.alcoawheels.com\/europe\/nl\/wp-content\/uploads\/sites\/18\/2023\/05\/logo-black.gif","contentUrl":"https:\/\/www.alcoawheels.com\/europe\/nl\/wp-content\/uploads\/sites\/18\/2023\/05\/logo-black.gif","width":71,"height":64,"caption":"Europe Dutch"},"image":{"@id":"https:\/\/www.alcoawheels.com\/europe\/nl\/#\/schema\/logo\/image\/"}}]}},"parsely":{"version":"1.1.0","canonical_url":"https:\/\/alcoawheels.com\/europe\/nl\/fsc-inleiding\/","smart_links":{"inbound":0,"outbound":0},"traffic_boost_suggestions_count":0,"meta":{"@context":"https:\/\/schema.org","@type":"WebPage","headline":"Fleet Service Center","url":"http:\/\/www.alcoawheels.com\/europe\/nl\/fsc-inleiding\/","mainEntityOfPage":{"@type":"WebPage","@id":"http:\/\/www.alcoawheels.com\/europe\/nl\/fsc-inleiding\/"},"thumbnailUrl":"","image":{"@type":"ImageObject","url":""},"articleSection":"Uncategorized","author":[{"@type":"Person","name":"howmet"}],"creator":["howmet"],"publisher":{"@type":"Organization","name":"Europe Dutch","logo":""},"keywords":[],"dateCreated":"2023-05-26T10:23:23Z","datePublished":"2023-05-26T10:23:23Z","dateModified":"2026-01-12T12:42:41Z"},"rendered":"<script type=\"application\/ld+json\" class=\"wp-parsely-metadata\">{\"@context\":\"https:\\\/\\\/schema.org\",\"@type\":\"WebPage\",\"headline\":\"Fleet Service Center\",\"url\":\"http:\\\/\\\/www.alcoawheels.com\\\/europe\\\/nl\\\/fsc-inleiding\\\/\",\"mainEntityOfPage\":{\"@type\":\"WebPage\",\"@id\":\"http:\\\/\\\/www.alcoawheels.com\\\/europe\\\/nl\\\/fsc-inleiding\\\/\"},\"thumbnailUrl\":\"\",\"image\":{\"@type\":\"ImageObject\",\"url\":\"\"},\"articleSection\":\"Uncategorized\",\"author\":[{\"@type\":\"Person\",\"name\":\"howmet\"}],\"creator\":[\"howmet\"],\"publisher\":{\"@type\":\"Organization\",\"name\":\"Europe Dutch\",\"logo\":\"\"},\"keywords\":[],\"dateCreated\":\"2023-05-26T10:23:23Z\",\"datePublished\":\"2023-05-26T10:23:23Z\",\"dateModified\":\"2026-01-12T12:42:41Z\"}<\/script>","tracker_url":"https:\/\/cdn.parsely.com\/keys\/alcoawheels.com\/p.js"},"jetpack_sharing_enabled":true,"_links":{"self":[{"href":"https:\/\/www.alcoawheels.com\/europe\/nl\/wp-json\/wp\/v2\/pages\/78","targetHints":{"allow":["GET"]}}],"collection":[{"href":"https:\/\/www.alcoawheels.com\/europe\/nl\/wp-json\/wp\/v2\/pages"}],"about":[{"href":"https:\/\/www.alcoawheels.com\/europe\/nl\/wp-json\/wp\/v2\/types\/page"}],"author":[{"embeddable":true,"href":"https:\/\/www.alcoawheels.com\/europe\/nl\/wp-json\/wp\/v2\/users\/44"}],"replies":[{"embeddable":true,"href":"https:\/\/www.alcoawheels.com\/europe\/nl\/wp-json\/wp\/v2\/comments?post=78"}],"version-history":[{"count":28,"href":"https:\/\/www.alcoawheels.com\/europe\/nl\/wp-json\/wp\/v2\/pages\/78\/revisions"}],"predecessor-version":[{"id":3450,"href":"https:\/\/www.alcoawheels.com\/europe\/nl\/wp-json\/wp\/v2\/pages\/78\/revisions\/3450"}],"wp:attachment":[{"href":"https:\/\/www.alcoawheels.com\/europe\/nl\/wp-json\/wp\/v2\/media?parent=78"}],"curies":[{"name":"wp","href":"https:\/\/api.w.org\/{rel}","templated":true}]}}