{"id":2064,"date":"2024-05-02T13:58:38","date_gmt":"2024-05-02T11:58:38","guid":{"rendered":"https:\/\/www.alcoawheels.com\/europe\/no\/?page_id=2064"},"modified":"2024-09-20T15:45:30","modified_gmt":"2024-09-20T13:45:30","slug":"tpms-ventil-soker","status":"publish","type":"page","link":"https:\/\/www.alcoawheels.com\/europe\/no\/tpms-ventil-soker\/","title":{"rendered":"TPMS ventil s\u00f8ker"},"content":{"rendered":"\n<div class=\"wp-block-alcoa-wheels-hero-banner-innerpage hero-banner with-image layout-2 overlayEnable align- vertical-align-\" style=\"background-color:#eee\"><img decoding=\"async\" src=\"https:\/\/www.alcoawheels.com\/europe\/en\/wp-content\/uploads\/sites\/8\/2024\/01\/TPMS_banner_skyscaper.png\" alt=\"\" class=\"responsiveImage\"\/><div class=\"hero-banner__header\" style=\"text-align:center\"><div class=\"container\"><h1 class=\"hero-banner__header--title\">TPMS ventil s\u00f8ker<\/h1><\/div><\/div><\/div>\n\n\n\n<div class=\"wp-block-alcoa-wheels-hero-banner-innerpage hero-banner with-image layout-2 overlayEnable align- vertical-align-\" style=\"background-color:#eee\"><img decoding=\"async\" src=\"http:\/\/howmet-preprod.local\/alcoawheels\/wp-content\/uploads\/sites\/3\/2023\/11\/image.png\" alt=\"\" class=\"responsiveImage\"\/><div class=\"hero-banner__header\" style=\"text-align:center\"><div class=\"container\"><h1 class=\"hero-banner__header--title\">TPMS Valve Selector<\/h1><\/div><\/div><\/div>\n\n\n\n<p>Identifiser kompatible ventiler og festeskruer til Alcoa<sup>\u00ae<\/sup>-felgene dine for passende ventilmonterte dekktrykkoverv\u00e5kningssystemer (TPMS) fra Sensata Technologies Inc med TPMS Valve Selector Tool nedenfor.<\/p>\n\n\n\n<p>De oppf\u00f8rte ventilene og festeskruene kan kj\u00f8pes via en autorisert distribut\u00f8r for Alcoa<sup>\u00ae<\/sup> -felger, eller sp\u00f8r bilprodusenten<\/p>\n\n\n\n<p>Den individuelle kompatibiliteten kan variere avhengig av spesifikasjonene til kj\u00f8ret\u00f8yet, TPMS-sensorene og felgene.<\/p>\n\n\n\t\t<div class=\"wp-block-valve-selector\">\n\t\t\t<div class=\"productFilter valve-selector-filter\">\n\t\t\t\t<div class=\"productFilter--header\">\n\t\t\t\t\t<div class=\"productFilter--columns\">\n\t\t\t\t\t\t\t\t\t\t\t\t\t<div class=\"productFilter--column filter-dropdown\">\t\t\t\t\t\t\t\t\t<div class=\"form-group\">\n\t\t\t\t\t\t\t\t\t\t<label class=\"control-label\" for=\"wheel-size\">Felgst\u00f8rrelse<\/label>\n\t\t\t\t\t\t\t\t\t\t<select name=\"wheel_size\" id=\"wheel-size\" class=\"form-control\">\n\t\t\t\t\t\t\t\t\t\t\t<option value=\"\"><\/option>\n\t\t\t\t\t\t\t\t\t\t\t\t\t\t\t\t\t\t\t\t\t\t\t<option value=\"85\">17.5&#215;6.00<\/option>\n\t\t\t\t\t\t\t\t\t\t\t\t\t\t\t\t\t\t\t\t\t\t\t<option value=\"75\">17.5&#215;6.75<\/option>\n\t\t\t\t\t\t\t\t\t\t\t\t\t\t\t\t\t\t\t\t\t\t\t<option value=\"80\">19.5&#215;14.00<\/option>\n\t\t\t\t\t\t\t\t\t\t\t\t\t\t\t\t\t\t\t\t\t\t\t<option value=\"88\">19.5&#215;7.50<\/option>\n\t\t\t\t\t\t\t\t\t\t\t\t\t\t\t\t\t\t\t\t\t\t\t<option value=\"78\">19.5&#215;8.25<\/option>\n\t\t\t\t\t\t\t\t\t\t\t\t\t\t\t\t\t\t\t\t\t\t\t<option value=\"81\">22.5&#215;11.75<\/option>\n\t\t\t\t\t\t\t\t\t\t\t\t\t\t\t\t\t\t\t\t\t\t\t<option value=\"82\">22.5&#215;13.00<\/option>\n\t\t\t\t\t\t\t\t\t\t\t\t\t\t\t\t\t\t\t\t\t\t\t<option value=\"84\">22.5&#215;14.00<\/option>\n\t\t\t\t\t\t\t\t\t\t\t\t\t\t\t\t\t\t\t\t\t\t\t<option value=\"83\">22.5&#215;17.00<\/option>\n\t\t\t\t\t\t\t\t\t\t\t\t\t\t\t\t\t\t\t\t\t\t\t<option value=\"79\">22.5&#215;7.50<\/option>\n\t\t\t\t\t\t\t\t\t\t\t\t\t\t\t\t\t\t\t\t\t\t\t<option value=\"86\">22.5&#215;8.25<\/option>\n\t\t\t\t\t\t\t\t\t\t\t\t\t\t\t\t\t\t\t\t\t\t\t<option value=\"87\">22.5&#215;9.00<\/option>\n\t\t\t\t\t\t\t\t\t\t\t\t\t\t\t\t\t\t\t\t\t<\/select>\n\t\t\t\t\t\t\t\t\t<\/div>\n\t\t\t\t\t\t\t\t\t\t\t\t\t\t\t<\/div>\n\t\t\t\t\t\t\t\t\t\t\t\t\t\t\t\t\t\t\t<div class=\"productFilter--column filter-dropdown\">\n\t\t\t\t\t\t\t\t<div class=\"form-group\">\n\t\t\t\t\t\t\t\t\t<label class=\"control-label\" for=\"part-number\">Delenummer p\u00e5 felgen<\/label>\n\t\t\t\t\t\t\t\t\t<select name=\"part_number\" id=\"part-number\" class=\"form-control\">\n\t\t\t\t\t\t\t\t\t\t<option value=\"\"><\/option>\n\t\t\t\t\t\t\t\t\t\t\t\t\t\t\t\t\t\t\t\t\t\t\t<option value=\"66182X\">66182X<\/option>\t\t\t\t\t\t\t\t\t\t\t\t\t<option value=\"66320x\">66320x<\/option>\t\t\t\t\t\t\t\t\t\t\t\t\t<option value=\"66382X\">66382X<\/option>\t\t\t\t\t\t\t\t\t\t\t\t\t<option value=\"66780x\">66780x<\/option>\t\t\t\t\t\t\t\t\t\t\t\t\t<option value=\"66782x\">66782x<\/option>\t\t\t\t\t\t\t\t\t\t\t\t\t<option value=\"74340x\">74340x<\/option>\t\t\t\t\t\t\t\t\t\t\t\t\t<option value=\"74852X\">74852X<\/option>\t\t\t\t\t\t\t\t\t\t\t\t\t<option value=\"77345x\">77345x<\/option>\t\t\t\t\t\t\t\t\t\t\t\t\t<option value=\"77346x\">77346x<\/option>\t\t\t\t\t\t\t\t\t\t\t\t\t<option value=\"77347x\">77347x<\/option>\t\t\t\t\t\t\t\t\t\t\t\t\t<option value=\"77U45x\">77U45x<\/option>\t\t\t\t\t\t\t\t\t\t\t\t\t<option value=\"77U46x\">77U46x<\/option>\t\t\t\t\t\t\t\t\t\t\t\t\t<option value=\"77U47x\">77U47x<\/option>\t\t\t\t\t\t\t\t\t\t\t\t\t<option value=\"78345X\">78345X<\/option>\t\t\t\t\t\t\t\t\t\t\t\t\t<option value=\"78346X\">78346X<\/option>\t\t\t\t\t\t\t\t\t\t\t\t\t<option value=\"81056x\">81056x<\/option>\t\t\t\t\t\t\t\t\t\t\t\t\t<option value=\"81056X\">81056X<\/option>\t\t\t\t\t\t\t\t\t\t\t\t\t<option value=\"81151X\">81151X<\/option>\t\t\t\t\t\t\t\t\t\t\t\t\t<option value=\"81152X\">81152X<\/option>\t\t\t\t\t\t\t\t\t\t\t\t\t<option value=\"81251x\">81251x<\/option>\t\t\t\t\t\t\t\t\t\t\t\t\t<option value=\"81252x\">81252x<\/option>\t\t\t\t\t\t\t\t\t\t\t\t\t<option value=\"81251X\">81251X<\/option>\t\t\t\t\t\t\t\t\t\t\t\t\t<option value=\"81252X\">81252X<\/option>\t\t\t\t\t\t\t\t\t\t\t\t\t<option value=\"81255x\">81255x<\/option>\t\t\t\t\t\t\t\t\t\t\t\t\t<option value=\"81256X\">81256X<\/option>\t\t\t\t\t\t\t\t\t\t\t\t\t<option value=\"81451X\">81451X<\/option>\t\t\t\t\t\t\t\t\t\t\t\t\t<option value=\"81452X\">81452X<\/option>\t\t\t\t\t\t\t\t\t\t\t\t\t<option value=\"81851x\">81851x<\/option>\t\t\t\t\t\t\t\t\t\t\t\t\t<option value=\"81852x\">81852x<\/option>\t\t\t\t\t\t\t\t\t\t\t\t\t<option value=\"81857x\">81857x<\/option>\t\t\t\t\t\t\t\t\t\t\t\t\t<option value=\"81855X\">81855X<\/option>\t\t\t\t\t\t\t\t\t\t\t\t\t<option value=\"81856X\">81856X<\/option>\t\t\t\t\t\t\t\t\t\t\t\t\t<option value=\"81855x\">81855x<\/option>\t\t\t\t\t\t\t\t\t\t\t\t\t<option value=\"81856x\">81856x<\/option>\t\t\t\t\t\t\t\t\t\t\t\t\t<option value=\"818570\">818570<\/option>\t\t\t\t\t\t\t\t\t\t\t\t\t<option value=\"81U51x\">81U51x<\/option>\t\t\t\t\t\t\t\t\t\t\t\t\t<option value=\"81U52x\">81U52x<\/option>\t\t\t\t\t\t\t\t\t\t\t\t\t<option value=\"81U55x\">81U55x<\/option>\t\t\t\t\t\t\t\t\t\t\t\t\t<option value=\"81U56x\">81U56x<\/option>\t\t\t\t\t\t\t\t\t\t\t\t\t<option value=\"83552X\">83552X<\/option>\t\t\t\t\t\t\t\t\t\t\t\t\t<option value=\"84051x\">84051x<\/option>\t\t\t\t\t\t\t\t\t\t\t\t\t<option value=\"84151X\">84151X<\/option>\t\t\t\t\t\t\t\t\t\t\t\t\t<option value=\"84352x\">84352x<\/option>\t\t\t\t\t\t\t\t\t\t\t\t\t<option value=\"87451x\">87451x<\/option>\t\t\t\t\t\t\t\t\t\t\t\t\t<option value=\"87452x\">87452x<\/option>\t\t\t\t\t\t\t\t\t\t\t\t\t<option value=\"87551x\">87551x<\/option>\t\t\t\t\t\t\t\t\t\t\t\t\t<option value=\"87552x\">87552x<\/option>\t\t\t\t\t\t\t\t\t\t\t\t\t<option value=\"87551X\">87551X<\/option>\t\t\t\t\t\t\t\t\t\t\t\t\t<option value=\"87552X\">87552X<\/option>\t\t\t\t\t\t\t\t\t\t\t\t\t<option value=\"87U51x\">87U51x<\/option>\t\t\t\t\t\t\t\t\t\t\t\t\t<option value=\"87U52x\">87U52x<\/option>\t\t\t\t\t\t\t\t\t\t\t\t\t<option value=\"88251x\">88251x<\/option>\t\t\t\t\t\t\t\t\t\t\t\t\t<option value=\"88252x\">88252x<\/option>\t\t\t\t\t\t\t\t\t\t\t\t\t<option value=\"88651x\">88651x<\/option>\t\t\t\t\t\t\t\t\t\t\t\t\t<option value=\"88652x\">88652x<\/option>\t\t\t\t\t\t\t\t\t\t\t\t\t<option value=\"88657x\">88657x<\/option>\t\t\t\t\t\t\t\t\t\t\t\t\t<option value=\"88U51x\">88U51x<\/option>\t\t\t\t\t\t\t\t\t\t\t\t\t<option value=\"88U52x\">88U52x<\/option>\t\t\t\t\t\t\t\t\t\t\t\t\t<option value=\"88U55x\">88U55x<\/option>\t\t\t\t\t\t\t\t\t\t\t\t\t<option value=\"88U56x\">88U56x<\/option>\t\t\t\t\t\t\t\t\t\t\t\t\t<option value=\"89251x\">89251x<\/option>\t\t\t\t\t\t\t\t\t\t\t\t\t<option value=\"89252x\">89252x<\/option>\t\t\t\t\t\t\t\t\t\t\t\t\t<option value=\"89651x\">89651x<\/option>\t\t\t\t\t\t\t\t\t\t\t\t\t<option value=\"89652x\">89652x<\/option>\t\t\t\t\t\t\t\t\t\t\t\t\t<option value=\"89657x\">89657x<\/option>\t\t\t\t\t\t\t\t\t\t\t\t\t<option value=\"89U51x\">89U51x<\/option>\t\t\t\t\t\t\t\t\t\t\t\t\t<option value=\"89U52x\">89U52x<\/option>\t\t\t\t\t\t\t\t\t<\/select>\n\t\t\t\t\t\t\t\t<\/div>\n\t\t\t\t\t\t\t<\/div>\n\t\t\t\t\t\t\n\t\t\t\t\t\t\t\t\t\t\t\t\t<div class=\"productFilter--column filter-dropdown\">\n\t\t\t\t\t\t\t\t<div class=\"form-group\">\n\t\t\t\t\t\t\t\t\t<label class=\"control-label\" for=\"sensta-module\">Sensata modul<\/label>\n\t\t\t\t\t\t\t\t\t<select name=\"sensta_module\" id=\"sensta-module\" class=\"form-control\">\n\t\t\t\t\t\t\t\t\t\t<option value=\"\"><\/option>\n\t\t\t\t\t\t\t\t\t\t<option value=\"generation-1\" id=\"gen_one\">Generasjon 1<\/option>\n\t\t\t\t\t\t\t\t\t\t<option value=\"generation-2\" id=\"gen_two\">Generasjon 2<\/option>\n\t\t\t\t\t\t\t\t\t<\/select>\n\t\t\t\t\t\t\t\t<\/div>\n\t\t\t\t\t\t\t<\/div>\n\t\t\t\t\t\t\t\t\t\t\t\t<div class=\"productFilter--column filter-dropdown\">\n\t\t\t\t\t\t\t<div class=\"form-group\">\n\t\t\t\t\t\t\t\t<label class=\"control-label\" for=\"valve-numbers\">TPMS ventil<\/label>\n\t\t\t\t\t\t\t\t<span class=\"valve-numbers\" id=\"valve-numbers\" data-message=\"Ingen ventil tilgjengelig\"><\/span><br>\n\t\t\t\t\t\t\t\t<span class=\"valve-screws\" id=\"valve-screws\"><\/span>\n\n\t\t\t\t\t\t\t<\/div>\n\t\t\t\t\t\t<\/div>\n\t\t\t\t\t<\/div>\n\n\t\t\t\t\t<div class=\"productFilter--columns\">\n\t\t\t\t\t\t<img decoding=\"async\" src=\"https:\/\/www.alcoawheels.com\/europe\/no\/wp-content\/plugins\/aw-products\/assets\/src\/images\/part-number.png\" alt=\"Part Number Graphic\" \/>\n\t\t\t\t\t\t<p><em>delenumrene viser bare de f\u00f8rste 5 sifrene<\/em><\/p>\n\t\t\t\t\t<\/div>\n\t\t\t\t<\/div>\n\n\t\t\t\t<div class=\"productFilter--content\">\n\t\t\t\t\t<!-- <div class=\"error-message\" data-error=\"\">\n\t\t\t\t\t<\/div> -->\n\t\t\t\t\t<div class=\"note-message\">\n\t\t\t\t\t\t<p>MERK: Ventilene som er oppf\u00f8rt ovenfor, leveres UTEN festeskrue. Du m\u00e5 ogs\u00e5 kj\u00f8pe den riktige skruen som er oppf\u00f8rt under ventilen. Fikseringsskruer for Generation1- og Generation2-sensorer kan ikke byttes \u00fat<\/p>\n\t\t\t\t\t<\/div>\n\t\t\t\t<\/div>\n\t\t\t<\/div>\n\t\t<\/div>\n\t\t\n\n\n<div style=\"height:50px\" aria-hidden=\"true\" class=\"wp-block-spacer\"><\/div>\n\n\n<div class=\"wp-block-image\">\n<figure class=\"aligncenter size-full is-resized\"><img decoding=\"async\" src=\"https:\/\/www.alcoawheels.com\/europe\/en\/wp-content\/uploads\/sites\/8\/2023\/12\/image.png\" alt=\"\" class=\"wp-image-4943\" style=\"width:478px;height:auto\"\/><\/figure>\n<\/div>\n\n\n<div class=\"wp-block-columns is-layout-flex wp-container-core-columns-is-layout-9d6595d7 wp-block-columns-is-layout-flex\">\n<div class=\"wp-block-column is-layout-flow wp-block-column-is-layout-flow\">\n<p class=\"has-text-align-center\">Generasjon 1<\/p>\n\n\n<div class=\"wp-block-image\">\n<figure class=\"aligncenter size-full\"><img decoding=\"async\" src=\"https:\/\/www.alcoawheels.com\/europe\/en\/wp-content\/uploads\/sites\/8\/2023\/12\/image-1.png\" alt=\"\" class=\"wp-image-4944\"\/><\/figure>\n<\/div><\/div>\n\n\n\n<div class=\"wp-block-column is-layout-flow wp-block-column-is-layout-flow\">\n<p class=\"has-text-align-center\">Generasjon 2<\/p>\n\n\n<div class=\"wp-block-image\">\n<figure class=\"aligncenter size-full is-resized\"><img decoding=\"async\" src=\"https:\/\/www.alcoawheels.com\/europe\/en\/wp-content\/uploads\/sites\/8\/2023\/12\/image-2.png\" alt=\"\" class=\"wp-image-4945\" style=\"width:332px;height:auto\"\/><\/figure>\n<\/div><\/div>\n<\/div>\n\n\n\n<div style=\"height:50px\" aria-hidden=\"true\" class=\"wp-block-spacer\"><\/div>\n\n\n\n<p class=\"has-text-align-center\">Fikseringsskruer for Sensata-modul<\/p>\n\n\n\n<div class=\"wp-block-columns is-layout-flex wp-container-core-columns-is-layout-9d6595d7 wp-block-columns-is-layout-flex\">\n<div class=\"wp-block-column is-layout-flow wp-block-column-is-layout-flow\">\n<p class=\"has-text-align-center\">Generasjon 1<\/p>\n\n\n<div class=\"wp-block-image\">\n<figure class=\"aligncenter size-full is-resized\"><img loading=\"lazy\" decoding=\"async\" width=\"565\" height=\"227\" src=\"https:\/\/www.alcoawheels.com\/europe\/no\/wp-content\/uploads\/sites\/19\/2024\/08\/gen1screw.jpg\" alt=\"\" class=\"wp-image-2156\" style=\"width:481px\" srcset=\"https:\/\/www.alcoawheels.com\/europe\/no\/wp-content\/uploads\/sites\/19\/2024\/08\/gen1screw.jpg 565w, https:\/\/www.alcoawheels.com\/europe\/no\/wp-content\/uploads\/sites\/19\/2024\/08\/gen1screw.jpg?resize=300,121 300w\" sizes=\"auto, (max-width: 565px) 100vw, 565px\" \/><\/figure>\n<\/div><\/div>\n\n\n\n<div class=\"wp-block-column is-layout-flow wp-block-column-is-layout-flow\" style=\"flex-basis:10%\"><\/div>\n\n\n\n<div class=\"wp-block-column is-layout-flow wp-block-column-is-layout-flow\">\n<p class=\"has-text-align-center\">Generasjon 2<\/p>\n\n\n<div class=\"wp-block-image\">\n<figure class=\"aligncenter size-full is-resized\"><img loading=\"lazy\" decoding=\"async\" width=\"565\" height=\"227\" src=\"https:\/\/www.alcoawheels.com\/europe\/no\/wp-content\/uploads\/sites\/19\/2024\/08\/gen2screw.jpg\" alt=\"\" class=\"wp-image-2157\" style=\"width:481px;height:auto\" srcset=\"https:\/\/www.alcoawheels.com\/europe\/no\/wp-content\/uploads\/sites\/19\/2024\/08\/gen2screw.jpg 565w, https:\/\/www.alcoawheels.com\/europe\/no\/wp-content\/uploads\/sites\/19\/2024\/08\/gen2screw.jpg?resize=300,121 300w\" sizes=\"auto, (max-width: 565px) 100vw, 565px\" \/><\/figure>\n<\/div><\/div>\n<\/div>\n\n\n\n<p>R\u00e5df\u00f8r deg med bilprodusenten n\u00e5r det gjelder montering eller utskifting av ventiler med moduler for dekktrykkoverv\u00e5kingssystem (TPMS). Mer informasjon om utskifting av ventiler med TPMS-moduler finner du i serviceh\u00e5ndboken for Alcoa<sup>\u00ae<\/sup> felger i avsnitt 5.e.iv. p\u00e5 side 24 og 5.e.v. p\u00e5 side 25.<\/p>\n\n\n\n<p>Det er ikke sikkert at denne sammenligningen gjenspeiler den nyeste utviklingen, og det kan ikke garanteres at informasjonen er korrekt. Howmet Aerospace forbeholder seg retten til \u00e5 endre informasjonen i denne sammenligningen, inkludert de tekniske egenskapene og designene til Alcoa<sup>\u00ae<\/sup> felger.<\/p>\n\n\n\n<hr class=\"wp-block-separator has-alpha-channel-opacity\"\/>\n","protected":false},"excerpt":{"rendered":"<p>Identifiser kompatible ventiler og festeskruer til Alcoa\u00ae-felgene dine for passende ventilmonterte dekktrykkoverv\u00e5kningssystemer (TPMS) fra Sensata Technologies Inc med TPMS Valve Selector Tool nedenfor. De oppf\u00f8rte ventilene og festeskruene kan kj\u00f8pes via en autorisert distribut\u00f8r for Alcoa\u00ae -felger, eller sp\u00f8r bilprodusenten Den individuelle kompatibiliteten kan variere avhengig av spesifikasjonene til kj\u00f8ret\u00f8yet, TPMS-sensorene og felgene. Generasjon 1 [&hellip;]<\/p>\n","protected":false},"author":12,"featured_media":0,"parent":0,"menu_order":0,"comment_status":"closed","ping_status":"closed","template":"","meta":{"_acf_changed":false,"protected_reviewer_email":"","editor_notices":[],"footnotes":""},"class_list":["post-2064","page","type-page","status-publish","hentry"],"acf":[],"yoast_head":"<!-- This site is optimized with the Yoast SEO Premium plugin v27.4 (Yoast SEO v27.4) - https:\/\/yoast.com\/product\/yoast-seo-premium-wordpress\/ -->\n<title>TPMS ventil s\u00f8ker - Europe Norwegian<\/title>\n<meta name=\"robots\" content=\"index, follow, max-snippet:-1, max-image-preview:large, max-video-preview:-1\" \/>\n<link rel=\"canonical\" href=\"https:\/\/www.alcoawheels.com\/europe\/no\/tpms-ventil-soker\/\" \/>\n<meta property=\"og:locale\" content=\"en_US\" \/>\n<meta property=\"og:type\" content=\"article\" \/>\n<meta property=\"og:title\" content=\"TPMS ventil s\u00f8ker\" \/>\n<meta property=\"og:description\" content=\"Identifiser kompatible ventiler og festeskruer til Alcoa\u00ae-felgene dine for passende ventilmonterte dekktrykkoverv\u00e5kningssystemer (TPMS) fra Sensata Technologies Inc med TPMS Valve Selector Tool nedenfor. De oppf\u00f8rte ventilene og festeskruene kan kj\u00f8pes via en autorisert distribut\u00f8r for Alcoa\u00ae -felger, eller sp\u00f8r bilprodusenten Den individuelle kompatibiliteten kan variere avhengig av spesifikasjonene til kj\u00f8ret\u00f8yet, TPMS-sensorene og felgene. Generasjon 1 [&hellip;]\" \/>\n<meta property=\"og:url\" content=\"https:\/\/www.alcoawheels.com\/europe\/no\/tpms-ventil-soker\/\" \/>\n<meta property=\"og:site_name\" content=\"Europe Norwegian\" \/>\n<meta property=\"article:modified_time\" content=\"2024-09-20T13:45:30+00:00\" \/>\n<meta property=\"og:image\" content=\"https:\/\/www.alcoawheels.com\/europe\/en\/wp-content\/uploads\/sites\/8\/2024\/01\/TPMS_banner_skyscaper.png\" \/>\n<meta name=\"twitter:card\" content=\"summary_large_image\" \/>\n<meta name=\"twitter:label1\" content=\"Est. reading time\" \/>\n\t<meta name=\"twitter:data1\" content=\"3 minutes\" \/>\n<script type=\"application\/ld+json\" class=\"yoast-schema-graph\">{\"@context\":\"https:\\\/\\\/schema.org\",\"@graph\":[{\"@type\":\"WebPage\",\"@id\":\"https:\\\/\\\/www.alcoawheels.com\\\/europe\\\/no\\\/tpms-ventil-soker\\\/\",\"url\":\"https:\\\/\\\/www.alcoawheels.com\\\/europe\\\/no\\\/tpms-ventil-soker\\\/\",\"name\":\"TPMS ventil s\u00f8ker - Europe Norwegian\",\"isPartOf\":{\"@id\":\"https:\\\/\\\/www.alcoawheels.com\\\/europe\\\/no\\\/#website\"},\"primaryImageOfPage\":{\"@id\":\"https:\\\/\\\/www.alcoawheels.com\\\/europe\\\/no\\\/tpms-ventil-soker\\\/#primaryimage\"},\"image\":{\"@id\":\"https:\\\/\\\/www.alcoawheels.com\\\/europe\\\/no\\\/tpms-ventil-soker\\\/#primaryimage\"},\"thumbnailUrl\":\"https:\\\/\\\/www.alcoawheels.com\\\/europe\\\/en\\\/wp-content\\\/uploads\\\/sites\\\/8\\\/2024\\\/01\\\/TPMS_banner_skyscaper.png\",\"datePublished\":\"2024-05-02T11:58:38+00:00\",\"dateModified\":\"2024-09-20T13:45:30+00:00\",\"breadcrumb\":{\"@id\":\"https:\\\/\\\/www.alcoawheels.com\\\/europe\\\/no\\\/tpms-ventil-soker\\\/#breadcrumb\"},\"inLanguage\":\"en-US\",\"potentialAction\":[{\"@type\":\"ReadAction\",\"target\":[\"https:\\\/\\\/www.alcoawheels.com\\\/europe\\\/no\\\/tpms-ventil-soker\\\/\"]}]},{\"@type\":\"ImageObject\",\"inLanguage\":\"en-US\",\"@id\":\"https:\\\/\\\/www.alcoawheels.com\\\/europe\\\/no\\\/tpms-ventil-soker\\\/#primaryimage\",\"url\":\"https:\\\/\\\/www.alcoawheels.com\\\/europe\\\/en\\\/wp-content\\\/uploads\\\/sites\\\/8\\\/2024\\\/01\\\/TPMS_banner_skyscaper.png\",\"contentUrl\":\"https:\\\/\\\/www.alcoawheels.com\\\/europe\\\/en\\\/wp-content\\\/uploads\\\/sites\\\/8\\\/2024\\\/01\\\/TPMS_banner_skyscaper.png\"},{\"@type\":\"BreadcrumbList\",\"@id\":\"https:\\\/\\\/www.alcoawheels.com\\\/europe\\\/no\\\/tpms-ventil-soker\\\/#breadcrumb\",\"itemListElement\":[{\"@type\":\"ListItem\",\"position\":1,\"name\":\"Home\",\"item\":\"https:\\\/\\\/www.alcoawheels.com\\\/europe\\\/no\\\/\"},{\"@type\":\"ListItem\",\"position\":2,\"name\":\"TPMS ventil s\u00f8ker\"}]},{\"@type\":\"WebSite\",\"@id\":\"https:\\\/\\\/www.alcoawheels.com\\\/europe\\\/no\\\/#website\",\"url\":\"https:\\\/\\\/www.alcoawheels.com\\\/europe\\\/no\\\/\",\"name\":\"Europe Norwegian\",\"description\":\"\",\"publisher\":{\"@id\":\"https:\\\/\\\/www.alcoawheels.com\\\/europe\\\/no\\\/#organization\"},\"potentialAction\":[{\"@type\":\"SearchAction\",\"target\":{\"@type\":\"EntryPoint\",\"urlTemplate\":\"https:\\\/\\\/www.alcoawheels.com\\\/europe\\\/no\\\/?s={search_term_string}\"},\"query-input\":{\"@type\":\"PropertyValueSpecification\",\"valueRequired\":true,\"valueName\":\"search_term_string\"}}],\"inLanguage\":\"en-US\"},{\"@type\":\"Organization\",\"@id\":\"https:\\\/\\\/www.alcoawheels.com\\\/europe\\\/no\\\/#organization\",\"name\":\"Europe Norwegian\",\"url\":\"https:\\\/\\\/www.alcoawheels.com\\\/europe\\\/no\\\/\",\"logo\":{\"@type\":\"ImageObject\",\"inLanguage\":\"en-US\",\"@id\":\"https:\\\/\\\/www.alcoawheels.com\\\/europe\\\/no\\\/#\\\/schema\\\/logo\\\/image\\\/\",\"url\":\"https:\\\/\\\/www.alcoawheels.com\\\/europe\\\/no\\\/wp-content\\\/uploads\\\/sites\\\/19\\\/2023\\\/05\\\/logo-black.gif\",\"contentUrl\":\"https:\\\/\\\/www.alcoawheels.com\\\/europe\\\/no\\\/wp-content\\\/uploads\\\/sites\\\/19\\\/2023\\\/05\\\/logo-black.gif\",\"width\":71,\"height\":64,\"caption\":\"Europe Norwegian\"},\"image\":{\"@id\":\"https:\\\/\\\/www.alcoawheels.com\\\/europe\\\/no\\\/#\\\/schema\\\/logo\\\/image\\\/\"}}]}<\/script>\n<!-- \/ Yoast SEO Premium plugin. -->","yoast_head_json":{"title":"TPMS ventil s\u00f8ker - Europe Norwegian","robots":{"index":"index","follow":"follow","max-snippet":"max-snippet:-1","max-image-preview":"max-image-preview:large","max-video-preview":"max-video-preview:-1"},"canonical":"https:\/\/www.alcoawheels.com\/europe\/no\/tpms-ventil-soker\/","og_locale":"en_US","og_type":"article","og_title":"TPMS ventil s\u00f8ker","og_description":"Identifiser kompatible ventiler og festeskruer til Alcoa\u00ae-felgene dine for passende ventilmonterte dekktrykkoverv\u00e5kningssystemer (TPMS) fra Sensata Technologies Inc med TPMS Valve Selector Tool nedenfor. De oppf\u00f8rte ventilene og festeskruene kan kj\u00f8pes via en autorisert distribut\u00f8r for Alcoa\u00ae -felger, eller sp\u00f8r bilprodusenten Den individuelle kompatibiliteten kan variere avhengig av spesifikasjonene til kj\u00f8ret\u00f8yet, TPMS-sensorene og felgene. Generasjon 1 [&hellip;]","og_url":"https:\/\/www.alcoawheels.com\/europe\/no\/tpms-ventil-soker\/","og_site_name":"Europe Norwegian","article_modified_time":"2024-09-20T13:45:30+00:00","og_image":[{"url":"https:\/\/www.alcoawheels.com\/europe\/en\/wp-content\/uploads\/sites\/8\/2024\/01\/TPMS_banner_skyscaper.png","type":"","width":"","height":""}],"twitter_card":"summary_large_image","twitter_misc":{"Est. reading time":"3 minutes"},"schema":{"@context":"https:\/\/schema.org","@graph":[{"@type":"WebPage","@id":"https:\/\/www.alcoawheels.com\/europe\/no\/tpms-ventil-soker\/","url":"https:\/\/www.alcoawheels.com\/europe\/no\/tpms-ventil-soker\/","name":"TPMS ventil s\u00f8ker - Europe Norwegian","isPartOf":{"@id":"https:\/\/www.alcoawheels.com\/europe\/no\/#website"},"primaryImageOfPage":{"@id":"https:\/\/www.alcoawheels.com\/europe\/no\/tpms-ventil-soker\/#primaryimage"},"image":{"@id":"https:\/\/www.alcoawheels.com\/europe\/no\/tpms-ventil-soker\/#primaryimage"},"thumbnailUrl":"https:\/\/www.alcoawheels.com\/europe\/en\/wp-content\/uploads\/sites\/8\/2024\/01\/TPMS_banner_skyscaper.png","datePublished":"2024-05-02T11:58:38+00:00","dateModified":"2024-09-20T13:45:30+00:00","breadcrumb":{"@id":"https:\/\/www.alcoawheels.com\/europe\/no\/tpms-ventil-soker\/#breadcrumb"},"inLanguage":"en-US","potentialAction":[{"@type":"ReadAction","target":["https:\/\/www.alcoawheels.com\/europe\/no\/tpms-ventil-soker\/"]}]},{"@type":"ImageObject","inLanguage":"en-US","@id":"https:\/\/www.alcoawheels.com\/europe\/no\/tpms-ventil-soker\/#primaryimage","url":"https:\/\/www.alcoawheels.com\/europe\/en\/wp-content\/uploads\/sites\/8\/2024\/01\/TPMS_banner_skyscaper.png","contentUrl":"https:\/\/www.alcoawheels.com\/europe\/en\/wp-content\/uploads\/sites\/8\/2024\/01\/TPMS_banner_skyscaper.png"},{"@type":"BreadcrumbList","@id":"https:\/\/www.alcoawheels.com\/europe\/no\/tpms-ventil-soker\/#breadcrumb","itemListElement":[{"@type":"ListItem","position":1,"name":"Home","item":"https:\/\/www.alcoawheels.com\/europe\/no\/"},{"@type":"ListItem","position":2,"name":"TPMS ventil s\u00f8ker"}]},{"@type":"WebSite","@id":"https:\/\/www.alcoawheels.com\/europe\/no\/#website","url":"https:\/\/www.alcoawheels.com\/europe\/no\/","name":"Europe Norwegian","description":"","publisher":{"@id":"https:\/\/www.alcoawheels.com\/europe\/no\/#organization"},"potentialAction":[{"@type":"SearchAction","target":{"@type":"EntryPoint","urlTemplate":"https:\/\/www.alcoawheels.com\/europe\/no\/?s={search_term_string}"},"query-input":{"@type":"PropertyValueSpecification","valueRequired":true,"valueName":"search_term_string"}}],"inLanguage":"en-US"},{"@type":"Organization","@id":"https:\/\/www.alcoawheels.com\/europe\/no\/#organization","name":"Europe Norwegian","url":"https:\/\/www.alcoawheels.com\/europe\/no\/","logo":{"@type":"ImageObject","inLanguage":"en-US","@id":"https:\/\/www.alcoawheels.com\/europe\/no\/#\/schema\/logo\/image\/","url":"https:\/\/www.alcoawheels.com\/europe\/no\/wp-content\/uploads\/sites\/19\/2023\/05\/logo-black.gif","contentUrl":"https:\/\/www.alcoawheels.com\/europe\/no\/wp-content\/uploads\/sites\/19\/2023\/05\/logo-black.gif","width":71,"height":64,"caption":"Europe Norwegian"},"image":{"@id":"https:\/\/www.alcoawheels.com\/europe\/no\/#\/schema\/logo\/image\/"}}]}},"parsely":{"version":"1.1.0","canonical_url":"https:\/\/alcoawheels.com\/europe\/no\/tpms-ventil-soker\/","smart_links":{"inbound":0,"outbound":0},"traffic_boost_suggestions_count":0,"meta":{"@context":"https:\/\/schema.org","@type":"WebPage","headline":"TPMS ventil s\u00f8ker","url":"http:\/\/www.alcoawheels.com\/europe\/no\/tpms-ventil-soker\/","mainEntityOfPage":{"@type":"WebPage","@id":"http:\/\/www.alcoawheels.com\/europe\/no\/tpms-ventil-soker\/"},"thumbnailUrl":"","image":{"@type":"ImageObject","url":""},"articleSection":"Uncategorized","author":[],"creator":[],"publisher":{"@type":"Organization","name":"Europe Norwegian","logo":""},"keywords":[],"dateCreated":"2024-05-02T11:58:38Z","datePublished":"2024-05-02T11:58:38Z","dateModified":"2024-09-20T13:45:30Z"},"rendered":"<script type=\"application\/ld+json\" class=\"wp-parsely-metadata\">{\"@context\":\"https:\\\/\\\/schema.org\",\"@type\":\"WebPage\",\"headline\":\"TPMS ventil s\\u00f8ker\",\"url\":\"http:\\\/\\\/www.alcoawheels.com\\\/europe\\\/no\\\/tpms-ventil-soker\\\/\",\"mainEntityOfPage\":{\"@type\":\"WebPage\",\"@id\":\"http:\\\/\\\/www.alcoawheels.com\\\/europe\\\/no\\\/tpms-ventil-soker\\\/\"},\"thumbnailUrl\":\"\",\"image\":{\"@type\":\"ImageObject\",\"url\":\"\"},\"articleSection\":\"Uncategorized\",\"author\":[],\"creator\":[],\"publisher\":{\"@type\":\"Organization\",\"name\":\"Europe Norwegian\",\"logo\":\"\"},\"keywords\":[],\"dateCreated\":\"2024-05-02T11:58:38Z\",\"datePublished\":\"2024-05-02T11:58:38Z\",\"dateModified\":\"2024-09-20T13:45:30Z\"}<\/script>","tracker_url":"https:\/\/cdn.parsely.com\/keys\/alcoawheels.com\/p.js"},"jetpack_sharing_enabled":true,"_links":{"self":[{"href":"https:\/\/www.alcoawheels.com\/europe\/no\/wp-json\/wp\/v2\/pages\/2064","targetHints":{"allow":["GET"]}}],"collection":[{"href":"https:\/\/www.alcoawheels.com\/europe\/no\/wp-json\/wp\/v2\/pages"}],"about":[{"href":"https:\/\/www.alcoawheels.com\/europe\/no\/wp-json\/wp\/v2\/types\/page"}],"author":[{"embeddable":true,"href":"https:\/\/www.alcoawheels.com\/europe\/no\/wp-json\/wp\/v2\/users\/12"}],"replies":[{"embeddable":true,"href":"https:\/\/www.alcoawheels.com\/europe\/no\/wp-json\/wp\/v2\/comments?post=2064"}],"version-history":[{"count":6,"href":"https:\/\/www.alcoawheels.com\/europe\/no\/wp-json\/wp\/v2\/pages\/2064\/revisions"}],"predecessor-version":[{"id":2171,"href":"https:\/\/www.alcoawheels.com\/europe\/no\/wp-json\/wp\/v2\/pages\/2064\/revisions\/2171"}],"wp:attachment":[{"href":"https:\/\/www.alcoawheels.com\/europe\/no\/wp-json\/wp\/v2\/media?parent=2064"}],"curies":[{"name":"wp","href":"https:\/\/api.w.org\/{rel}","templated":true}]}}