{"id":2164,"date":"2024-09-17T14:31:28","date_gmt":"2024-09-17T12:31:28","guid":{"rendered":"https:\/\/www.alcoawheels.com\/europe\/no\/?page_id=2164"},"modified":"2025-02-07T15:30:47","modified_gmt":"2025-02-07T14:30:47","slug":"registreringsskjema-for-felg-status-tracker","status":"publish","type":"page","link":"https:\/\/www.alcoawheels.com\/europe\/no\/registreringsskjema-for-felg-status-tracker\/","title":{"rendered":"Registreringsskjema for felg Status Tracker"},"content":{"rendered":"\n<div class=\"wp-block-alcoa-wheels-hero-banner-innerpage hero-banner with-image layout-2 overlayEnable align- vertical-align- align-center vertical-align-center\" style=\"background-color:#eee\"><img decoding=\"async\" src=\"https:\/\/www.alcoawheels.com\/europe\/en\/wp-content\/uploads\/sites\/8\/2023\/06\/fsc-intro-banner.jpg\" alt=\"Fleet Service Center for Alcoa Wheels\" class=\"responsiveImage\"\/><div class=\"hero-banner__header\" style=\"text-align:center\"><div class=\"container\"><h1 class=\"hero-banner__header--title\">Registreringsskjema for felg Status Tracker<\/h1><\/div><\/div><\/div>\n\n\n\n<div style=\"height:50px\" aria-hidden=\"true\" class=\"wp-block-spacer\"><\/div>\n\n\n    <div class=\"lead-status-block-frontend\" data-attributes=\"{&quot;email&quot;:&quot;Skriv inn din e-post&quot;,&quot;leadId&quot;:&quot;Skriv inn lead-ID&quot;,&quot;status&quot;:&quot;Statusinformasjon&quot;,&quot;resetText&quot;:&quot;Fjern&quot;,&quot;loading&quot;:&quot;Laster inn kundeemnestatus\\u2026&quot;,&quot;noMatch&quot;:&quot;Ingen matchende kundeemne funnet for den oppgitte e-postadressen og ID-en. Vennligst bekreft opplysningene dine og pr\\u00f8v p\\u00e5 nytt.&quot;,&quot;dearCustomer&quot;:&quot;Kj\\u00e6re kunde&quot;,&quot;thankYou&quot;:&quot;Den siste statusen for din felgregistrerings-ID finner du nedenfor:&quot;,&quot;customerMessage&quot;:&quot;Den siste statusen for din felgregistrerings-ID&quot;,&quot;description&quot;:&quot;Beskrivelse av nettstedet&quot;,&quot;followMessage&quot;:&quot;For ytterligere informasjon, vennligst kontakt: &quot;,&quot;followEmail&quot;:&quot;fleet@howmet.com&quot;,&quot;followPhone&quot;:&quot;eller ring +3622531841 kl. 08.00 - 16.30 p\\u00e5 hverdager.&quot;,&quot;checkboxText&quot;:&quot;Kryss av i boksen for \\u00e5 godta v\\u00e5re&quot;,&quot;privacyText&quot;:&quot;retningslinjer for personvern&quot;,&quot;privacyLink&quot;:&quot;\\\/europe\\\/no\\\/personvern\\\/&quot;,&quot;consentMessage&quot;:&quot;Ved \\u00e5 sende inn denne foresp\\u00f8rselen samtykker jeg herved til overf\\u00f8ring av personopplysningene mine som er oppgitt ovenfor til Howmet Aerospace Inc.\\nog alle dets kontrollerte enheter i USA og andre steder, og til deres autoriserte tredjepartsleverand\\u00f8rer eller agenter, og til behandling av slike data med det form\\u00e5l \\u00e5 svare p\\u00e5 foresp\\u00f8rselen min. Howmet Aerospace skal bruke informasjonen som oppgis utelukkende for \\u00e5 svare p\\u00e5 foresp\\u00f8rselen, og skal lagre opplysningene s\\u00e5 lenge det er strengt n\\u00f8dvendig for \\u00e5 kunne fullf\\u00f8re foresp\\u00f8rselen. Jeg bekrefter at jeg er fullt informert om \\u00e5rsakene til behandlingen og overf\\u00f8ringen av personopplysningene mine, og at jeg er klar over alle rettighetene mine med hensyn til slike personopplysninger og alle gjeldende lover. Hvis jeg p\\u00e5 et senere tidspunkt bestemmer meg for at jeg \\u00f8nsker \\u00e5 trekke tilbake samtykket jeg har gitt ovenfor, skal jeg kontakte Howmet Aerospace for \\u00e5 informere dem om denne beslutningen. Jeg har ogs\\u00e5 rett til \\u00e5 f\\u00e5 eventuelle feilaktige opplysninger som er lagret av Howmet Aerospace, rettet.&quot;,&quot;leadStatus&quot;:&quot;Lead Status&quot;,&quot;leadTime&quot;:&quot;Lead Time&quot;}\">\n        <form class=\"lead_form\">\n            <input type=\"email\" placeholder=\"Skriv inn din e-post\" required class=\"email_input\">\n            <input type=\"text\" placeholder=\"Skriv inn lead-ID\" required>\n            <button type=\"submit\" class=\"input-group-addon submit_button\" disabled>Statusinformasjon<\/button>\n            <button type=\"button\" class=\"input-group-addon reset-button\">Fjern<\/button>\n            <p class=\"field-label consent-label\"><strong>Kryss av i boksen for \u00e5 godta v\u00e5re<\/strong> <a href=\"\/europe\/no\/personvern\/\" target=\"_blank\">retningslinjer for personvern<\/a>.<\/p>\n            <div class=\"checkbox-group\" id=\"checkbox_group\">\n                <div class=\"formbuilder-checkbox\">\n                    <input type=\"checkbox\" id=\"consent\" name=\"consent_message\" value=\"Ved \u00e5 sende inn denne foresp\u00f8rselen samtykker jeg herved til overf\u00f8ring av personopplysningene mine som er oppgitt ovenfor til Howmet Aerospace Inc.\nog alle dets kontrollerte enheter i USA og andre steder, og til deres autoriserte tredjepartsleverand\u00f8rer eller agenter, og til behandling av slike data med det form\u00e5l \u00e5 svare p\u00e5 foresp\u00f8rselen min. Howmet Aerospace skal bruke informasjonen som oppgis utelukkende for \u00e5 svare p\u00e5 foresp\u00f8rselen, og skal lagre opplysningene s\u00e5 lenge det er strengt n\u00f8dvendig for \u00e5 kunne fullf\u00f8re foresp\u00f8rselen. Jeg bekrefter at jeg er fullt informert om \u00e5rsakene til behandlingen og overf\u00f8ringen av personopplysningene mine, og at jeg er klar over alle rettighetene mine med hensyn til slike personopplysninger og alle gjeldende lover. Hvis jeg p\u00e5 et senere tidspunkt bestemmer meg for at jeg \u00f8nsker \u00e5 trekke tilbake samtykket jeg har gitt ovenfor, skal jeg kontakte Howmet Aerospace for \u00e5 informere dem om denne beslutningen. Jeg har ogs\u00e5 rett til \u00e5 f\u00e5 eventuelle feilaktige opplysninger som er lagret av Howmet Aerospace, rettet.\" class=\"consent_message\" required>\n                    <label for=\"consent_message\">Ved \u00e5 sende inn denne foresp\u00f8rselen samtykker jeg herved til overf\u00f8ring av personopplysningene mine som er oppgitt ovenfor til Howmet Aerospace Inc.\nog alle dets kontrollerte enheter i USA og andre steder, og til deres autoriserte tredjepartsleverand\u00f8rer eller agenter, og til behandling av slike data med det form\u00e5l \u00e5 svare p\u00e5 foresp\u00f8rselen min. Howmet Aerospace skal bruke informasjonen som oppgis utelukkende for \u00e5 svare p\u00e5 foresp\u00f8rselen, og skal lagre opplysningene s\u00e5 lenge det er strengt n\u00f8dvendig for \u00e5 kunne fullf\u00f8re foresp\u00f8rselen. Jeg bekrefter at jeg er fullt informert om \u00e5rsakene til behandlingen og overf\u00f8ringen av personopplysningene mine, og at jeg er klar over alle rettighetene mine med hensyn til slike personopplysninger og alle gjeldende lover. Hvis jeg p\u00e5 et senere tidspunkt bestemmer meg for at jeg \u00f8nsker \u00e5 trekke tilbake samtykket jeg har gitt ovenfor, skal jeg kontakte Howmet Aerospace for \u00e5 informere dem om denne beslutningen. Jeg har ogs\u00e5 rett til \u00e5 f\u00e5 eventuelle feilaktige opplysninger som er lagret av Howmet Aerospace, rettet.<\/label>\n                <\/div>\n            <\/div>\n        <\/form>\n        <div class=\"lead_section\"><\/div>\n    <\/div>\n\n\n\n<div style=\"height:50px\" aria-hidden=\"true\" class=\"wp-block-spacer\"><\/div>\n\n\n\n<p>Trenger du \u00e5 sende inn et annet registreringsskjema for felger? Vennligst klikk <a href=\"https:\/\/www.alcoawheels.com\/europe\/no\/felgreturskjema\/\">her<\/a><\/p>\n\n\n\n<p>Hvis du opplever problemer eller har sp\u00f8rsm\u00e5l, kan du g\u00e5 til <a href=\"https:\/\/www.alcoawheels.com\/europe\/no\/introduksjon\/\">Fleet Service Center<\/a> og\/eller v\u00e5r <a href=\"https:\/\/www.alcoawheels.com\/europe\/no\/sporsmal-og-svar\/\">FAQ-seksjon<\/a>.<\/p>\n","protected":false},"excerpt":{"rendered":"<p>Trenger du \u00e5 sende inn et annet registreringsskjema for felger? Vennligst klikk her Hvis du opplever problemer eller har sp\u00f8rsm\u00e5l, kan du g\u00e5 til Fleet Service Center og\/eller v\u00e5r FAQ-seksjon.<\/p>\n","protected":false},"author":62,"featured_media":0,"parent":0,"menu_order":0,"comment_status":"closed","ping_status":"closed","template":"","meta":{"_acf_changed":false,"protected_reviewer_email":"","editor_notices":[],"footnotes":""},"class_list":["post-2164","page","type-page","status-publish","hentry"],"acf":[],"yoast_head":"<!-- This site is optimized with the Yoast SEO Premium plugin v27.3 (Yoast SEO v27.3) - https:\/\/yoast.com\/product\/yoast-seo-premium-wordpress\/ -->\n<title>Registreringsskjema for felg Status Tracker - Europe Norwegian<\/title>\n<meta name=\"robots\" content=\"index, follow, max-snippet:-1, max-image-preview:large, max-video-preview:-1\" \/>\n<link rel=\"canonical\" href=\"https:\/\/www.alcoawheels.com\/europe\/no\/registreringsskjema-for-felg-status-tracker\/\" \/>\n<meta property=\"og:locale\" content=\"en_US\" \/>\n<meta property=\"og:type\" content=\"article\" \/>\n<meta property=\"og:title\" content=\"Registreringsskjema for felg Status Tracker\" \/>\n<meta property=\"og:description\" content=\"Trenger du \u00e5 sende inn et annet registreringsskjema for felger? Vennligst klikk her Hvis du opplever problemer eller har sp\u00f8rsm\u00e5l, kan du g\u00e5 til Fleet Service Center og\/eller v\u00e5r FAQ-seksjon.\" \/>\n<meta property=\"og:url\" content=\"https:\/\/www.alcoawheels.com\/europe\/no\/registreringsskjema-for-felg-status-tracker\/\" \/>\n<meta property=\"og:site_name\" content=\"Europe Norwegian\" \/>\n<meta property=\"article:modified_time\" content=\"2025-02-07T14:30:47+00:00\" \/>\n<meta property=\"og:image\" content=\"https:\/\/www.alcoawheels.com\/europe\/en\/wp-content\/uploads\/sites\/8\/2023\/06\/fsc-intro-banner.jpg\" \/>\n<meta name=\"twitter:card\" content=\"summary_large_image\" \/>\n<meta name=\"twitter:label1\" content=\"Est. reading time\" \/>\n\t<meta name=\"twitter:data1\" content=\"1 minute\" \/>\n<script type=\"application\/ld+json\" class=\"yoast-schema-graph\">{\"@context\":\"https:\\\/\\\/schema.org\",\"@graph\":[{\"@type\":\"WebPage\",\"@id\":\"https:\\\/\\\/www.alcoawheels.com\\\/europe\\\/no\\\/registreringsskjema-for-felg-status-tracker\\\/\",\"url\":\"https:\\\/\\\/www.alcoawheels.com\\\/europe\\\/no\\\/registreringsskjema-for-felg-status-tracker\\\/\",\"name\":\"Registreringsskjema for felg Status Tracker - Europe Norwegian\",\"isPartOf\":{\"@id\":\"https:\\\/\\\/www.alcoawheels.com\\\/europe\\\/no\\\/#website\"},\"primaryImageOfPage\":{\"@id\":\"https:\\\/\\\/www.alcoawheels.com\\\/europe\\\/no\\\/registreringsskjema-for-felg-status-tracker\\\/#primaryimage\"},\"image\":{\"@id\":\"https:\\\/\\\/www.alcoawheels.com\\\/europe\\\/no\\\/registreringsskjema-for-felg-status-tracker\\\/#primaryimage\"},\"thumbnailUrl\":\"https:\\\/\\\/www.alcoawheels.com\\\/europe\\\/en\\\/wp-content\\\/uploads\\\/sites\\\/8\\\/2023\\\/06\\\/fsc-intro-banner.jpg\",\"datePublished\":\"2024-09-17T12:31:28+00:00\",\"dateModified\":\"2025-02-07T14:30:47+00:00\",\"breadcrumb\":{\"@id\":\"https:\\\/\\\/www.alcoawheels.com\\\/europe\\\/no\\\/registreringsskjema-for-felg-status-tracker\\\/#breadcrumb\"},\"inLanguage\":\"en-US\",\"potentialAction\":[{\"@type\":\"ReadAction\",\"target\":[\"https:\\\/\\\/www.alcoawheels.com\\\/europe\\\/no\\\/registreringsskjema-for-felg-status-tracker\\\/\"]}]},{\"@type\":\"ImageObject\",\"inLanguage\":\"en-US\",\"@id\":\"https:\\\/\\\/www.alcoawheels.com\\\/europe\\\/no\\\/registreringsskjema-for-felg-status-tracker\\\/#primaryimage\",\"url\":\"https:\\\/\\\/www.alcoawheels.com\\\/europe\\\/en\\\/wp-content\\\/uploads\\\/sites\\\/8\\\/2023\\\/06\\\/fsc-intro-banner.jpg\",\"contentUrl\":\"https:\\\/\\\/www.alcoawheels.com\\\/europe\\\/en\\\/wp-content\\\/uploads\\\/sites\\\/8\\\/2023\\\/06\\\/fsc-intro-banner.jpg\"},{\"@type\":\"BreadcrumbList\",\"@id\":\"https:\\\/\\\/www.alcoawheels.com\\\/europe\\\/no\\\/registreringsskjema-for-felg-status-tracker\\\/#breadcrumb\",\"itemListElement\":[{\"@type\":\"ListItem\",\"position\":1,\"name\":\"Home\",\"item\":\"https:\\\/\\\/www.alcoawheels.com\\\/europe\\\/no\\\/\"},{\"@type\":\"ListItem\",\"position\":2,\"name\":\"Registreringsskjema for felg Status Tracker\"}]},{\"@type\":\"WebSite\",\"@id\":\"https:\\\/\\\/www.alcoawheels.com\\\/europe\\\/no\\\/#website\",\"url\":\"https:\\\/\\\/www.alcoawheels.com\\\/europe\\\/no\\\/\",\"name\":\"Europe Norwegian\",\"description\":\"\",\"publisher\":{\"@id\":\"https:\\\/\\\/www.alcoawheels.com\\\/europe\\\/no\\\/#organization\"},\"potentialAction\":[{\"@type\":\"SearchAction\",\"target\":{\"@type\":\"EntryPoint\",\"urlTemplate\":\"https:\\\/\\\/www.alcoawheels.com\\\/europe\\\/no\\\/?s={search_term_string}\"},\"query-input\":{\"@type\":\"PropertyValueSpecification\",\"valueRequired\":true,\"valueName\":\"search_term_string\"}}],\"inLanguage\":\"en-US\"},{\"@type\":\"Organization\",\"@id\":\"https:\\\/\\\/www.alcoawheels.com\\\/europe\\\/no\\\/#organization\",\"name\":\"Europe Norwegian\",\"url\":\"https:\\\/\\\/www.alcoawheels.com\\\/europe\\\/no\\\/\",\"logo\":{\"@type\":\"ImageObject\",\"inLanguage\":\"en-US\",\"@id\":\"https:\\\/\\\/www.alcoawheels.com\\\/europe\\\/no\\\/#\\\/schema\\\/logo\\\/image\\\/\",\"url\":\"https:\\\/\\\/www.alcoawheels.com\\\/europe\\\/no\\\/wp-content\\\/uploads\\\/sites\\\/19\\\/2023\\\/05\\\/logo-black.gif\",\"contentUrl\":\"https:\\\/\\\/www.alcoawheels.com\\\/europe\\\/no\\\/wp-content\\\/uploads\\\/sites\\\/19\\\/2023\\\/05\\\/logo-black.gif\",\"width\":71,\"height\":64,\"caption\":\"Europe Norwegian\"},\"image\":{\"@id\":\"https:\\\/\\\/www.alcoawheels.com\\\/europe\\\/no\\\/#\\\/schema\\\/logo\\\/image\\\/\"}}]}<\/script>\n<!-- \/ Yoast SEO Premium plugin. -->","yoast_head_json":{"title":"Registreringsskjema for felg Status Tracker - Europe Norwegian","robots":{"index":"index","follow":"follow","max-snippet":"max-snippet:-1","max-image-preview":"max-image-preview:large","max-video-preview":"max-video-preview:-1"},"canonical":"https:\/\/www.alcoawheels.com\/europe\/no\/registreringsskjema-for-felg-status-tracker\/","og_locale":"en_US","og_type":"article","og_title":"Registreringsskjema for felg Status Tracker","og_description":"Trenger du \u00e5 sende inn et annet registreringsskjema for felger? Vennligst klikk her Hvis du opplever problemer eller har sp\u00f8rsm\u00e5l, kan du g\u00e5 til Fleet Service Center og\/eller v\u00e5r FAQ-seksjon.","og_url":"https:\/\/www.alcoawheels.com\/europe\/no\/registreringsskjema-for-felg-status-tracker\/","og_site_name":"Europe Norwegian","article_modified_time":"2025-02-07T14:30:47+00:00","og_image":[{"url":"https:\/\/www.alcoawheels.com\/europe\/en\/wp-content\/uploads\/sites\/8\/2023\/06\/fsc-intro-banner.jpg","type":"","width":"","height":""}],"twitter_card":"summary_large_image","twitter_misc":{"Est. reading time":"1 minute"},"schema":{"@context":"https:\/\/schema.org","@graph":[{"@type":"WebPage","@id":"https:\/\/www.alcoawheels.com\/europe\/no\/registreringsskjema-for-felg-status-tracker\/","url":"https:\/\/www.alcoawheels.com\/europe\/no\/registreringsskjema-for-felg-status-tracker\/","name":"Registreringsskjema for felg Status Tracker - Europe Norwegian","isPartOf":{"@id":"https:\/\/www.alcoawheels.com\/europe\/no\/#website"},"primaryImageOfPage":{"@id":"https:\/\/www.alcoawheels.com\/europe\/no\/registreringsskjema-for-felg-status-tracker\/#primaryimage"},"image":{"@id":"https:\/\/www.alcoawheels.com\/europe\/no\/registreringsskjema-for-felg-status-tracker\/#primaryimage"},"thumbnailUrl":"https:\/\/www.alcoawheels.com\/europe\/en\/wp-content\/uploads\/sites\/8\/2023\/06\/fsc-intro-banner.jpg","datePublished":"2024-09-17T12:31:28+00:00","dateModified":"2025-02-07T14:30:47+00:00","breadcrumb":{"@id":"https:\/\/www.alcoawheels.com\/europe\/no\/registreringsskjema-for-felg-status-tracker\/#breadcrumb"},"inLanguage":"en-US","potentialAction":[{"@type":"ReadAction","target":["https:\/\/www.alcoawheels.com\/europe\/no\/registreringsskjema-for-felg-status-tracker\/"]}]},{"@type":"ImageObject","inLanguage":"en-US","@id":"https:\/\/www.alcoawheels.com\/europe\/no\/registreringsskjema-for-felg-status-tracker\/#primaryimage","url":"https:\/\/www.alcoawheels.com\/europe\/en\/wp-content\/uploads\/sites\/8\/2023\/06\/fsc-intro-banner.jpg","contentUrl":"https:\/\/www.alcoawheels.com\/europe\/en\/wp-content\/uploads\/sites\/8\/2023\/06\/fsc-intro-banner.jpg"},{"@type":"BreadcrumbList","@id":"https:\/\/www.alcoawheels.com\/europe\/no\/registreringsskjema-for-felg-status-tracker\/#breadcrumb","itemListElement":[{"@type":"ListItem","position":1,"name":"Home","item":"https:\/\/www.alcoawheels.com\/europe\/no\/"},{"@type":"ListItem","position":2,"name":"Registreringsskjema for felg Status Tracker"}]},{"@type":"WebSite","@id":"https:\/\/www.alcoawheels.com\/europe\/no\/#website","url":"https:\/\/www.alcoawheels.com\/europe\/no\/","name":"Europe Norwegian","description":"","publisher":{"@id":"https:\/\/www.alcoawheels.com\/europe\/no\/#organization"},"potentialAction":[{"@type":"SearchAction","target":{"@type":"EntryPoint","urlTemplate":"https:\/\/www.alcoawheels.com\/europe\/no\/?s={search_term_string}"},"query-input":{"@type":"PropertyValueSpecification","valueRequired":true,"valueName":"search_term_string"}}],"inLanguage":"en-US"},{"@type":"Organization","@id":"https:\/\/www.alcoawheels.com\/europe\/no\/#organization","name":"Europe Norwegian","url":"https:\/\/www.alcoawheels.com\/europe\/no\/","logo":{"@type":"ImageObject","inLanguage":"en-US","@id":"https:\/\/www.alcoawheels.com\/europe\/no\/#\/schema\/logo\/image\/","url":"https:\/\/www.alcoawheels.com\/europe\/no\/wp-content\/uploads\/sites\/19\/2023\/05\/logo-black.gif","contentUrl":"https:\/\/www.alcoawheels.com\/europe\/no\/wp-content\/uploads\/sites\/19\/2023\/05\/logo-black.gif","width":71,"height":64,"caption":"Europe Norwegian"},"image":{"@id":"https:\/\/www.alcoawheels.com\/europe\/no\/#\/schema\/logo\/image\/"}}]}},"parsely":{"version":"1.1.0","canonical_url":"https:\/\/alcoawheels.com\/europe\/no\/registreringsskjema-for-felg-status-tracker\/","smart_links":{"inbound":0,"outbound":0},"traffic_boost_suggestions_count":0,"meta":{"@context":"https:\/\/schema.org","@type":"WebPage","headline":"Registreringsskjema for felg Status Tracker","url":"http:\/\/www.alcoawheels.com\/europe\/no\/registreringsskjema-for-felg-status-tracker\/","mainEntityOfPage":{"@type":"WebPage","@id":"http:\/\/www.alcoawheels.com\/europe\/no\/registreringsskjema-for-felg-status-tracker\/"},"thumbnailUrl":"","image":{"@type":"ImageObject","url":""},"articleSection":"Uncategorized","author":[{"@type":"Person","name":"riccirm"}],"creator":["riccirm"],"publisher":{"@type":"Organization","name":"Europe Norwegian","logo":""},"keywords":[],"dateCreated":"2024-09-17T12:31:28Z","datePublished":"2024-09-17T12:31:28Z","dateModified":"2025-02-07T14:30:47Z"},"rendered":"<script type=\"application\/ld+json\" class=\"wp-parsely-metadata\">{\"@context\":\"https:\\\/\\\/schema.org\",\"@type\":\"WebPage\",\"headline\":\"Registreringsskjema for felg Status Tracker\",\"url\":\"http:\\\/\\\/www.alcoawheels.com\\\/europe\\\/no\\\/registreringsskjema-for-felg-status-tracker\\\/\",\"mainEntityOfPage\":{\"@type\":\"WebPage\",\"@id\":\"http:\\\/\\\/www.alcoawheels.com\\\/europe\\\/no\\\/registreringsskjema-for-felg-status-tracker\\\/\"},\"thumbnailUrl\":\"\",\"image\":{\"@type\":\"ImageObject\",\"url\":\"\"},\"articleSection\":\"Uncategorized\",\"author\":[{\"@type\":\"Person\",\"name\":\"riccirm\"}],\"creator\":[\"riccirm\"],\"publisher\":{\"@type\":\"Organization\",\"name\":\"Europe Norwegian\",\"logo\":\"\"},\"keywords\":[],\"dateCreated\":\"2024-09-17T12:31:28Z\",\"datePublished\":\"2024-09-17T12:31:28Z\",\"dateModified\":\"2025-02-07T14:30:47Z\"}<\/script>","tracker_url":"https:\/\/cdn.parsely.com\/keys\/alcoawheels.com\/p.js"},"jetpack_sharing_enabled":true,"_links":{"self":[{"href":"https:\/\/www.alcoawheels.com\/europe\/no\/wp-json\/wp\/v2\/pages\/2164","targetHints":{"allow":["GET"]}}],"collection":[{"href":"https:\/\/www.alcoawheels.com\/europe\/no\/wp-json\/wp\/v2\/pages"}],"about":[{"href":"https:\/\/www.alcoawheels.com\/europe\/no\/wp-json\/wp\/v2\/types\/page"}],"author":[{"embeddable":true,"href":"https:\/\/www.alcoawheels.com\/europe\/no\/wp-json\/wp\/v2\/users\/62"}],"replies":[{"embeddable":true,"href":"https:\/\/www.alcoawheels.com\/europe\/no\/wp-json\/wp\/v2\/comments?post=2164"}],"version-history":[{"count":11,"href":"https:\/\/www.alcoawheels.com\/europe\/no\/wp-json\/wp\/v2\/pages\/2164\/revisions"}],"predecessor-version":[{"id":2210,"href":"https:\/\/www.alcoawheels.com\/europe\/no\/wp-json\/wp\/v2\/pages\/2164\/revisions\/2210"}],"wp:attachment":[{"href":"https:\/\/www.alcoawheels.com\/europe\/no\/wp-json\/wp\/v2\/media?parent=2164"}],"curies":[{"name":"wp","href":"https:\/\/api.w.org\/{rel}","templated":true}]}}