{"id":23,"date":"2023-05-26T11:40:09","date_gmt":"2023-05-26T11:40:09","guid":{"rendered":"https:\/\/www.alcoawheels.com\/europe\/no\/?page_id=23"},"modified":"2025-11-24T14:17:12","modified_gmt":"2025-11-24T13:17:12","slug":"ultra-one","status":"publish","type":"page","link":"https:\/\/www.alcoawheels.com\/europe\/no\/ultra-one\/","title":{"rendered":"Ultra ONE<sup>\u00ae<\/sup>"},"content":{"rendered":"\n<div class=\"wp-block-alcoa-wheels-hero-slider hero-slider\" id=\"hero-slider-5bd95af7-87d5-42f9-af7e-8aa98c567af1\"><div class=\"ad-container-fluid\"><div class=\"hero-slider-inner\"><div class=\"hero-slider-body\"><div class=\"hero-slider-main\" data-slide-fade=\"false\" data-slide-autoplay=\"true\" data-slide-interval=\"1000\" data-slide-arrows=\"true\" data-slide-dots=\"false\" data-slide-infinite=\"false\" data-slide-show=\"1\" data-slide-scroll=\"1\"><div class=\"hero-slide-item\" style=\"background-color:#fff\"><div class=\"hero-slide-inner-wrap fullsmallslide valign-center align-left  slide-withbg mediaresponsive\"><div class=\"desktopImage hero-slider__bg\"><img loading=\"lazy\" decoding=\"async\" width=\"1920\" height=\"600\" src=\"https:\/\/www.alcoawheels.com\/europe\/no\/wp-content\/uploads\/sites\/19\/2023\/05\/homepage-ultra-one_large.jpg\" alt=\"Thumbnail\"\/><\/div><div class=\"responsiveImage hero-slider__bg\"><img loading=\"lazy\" decoding=\"async\" width=\"1920\" height=\"600\" src=\"https:\/\/www.alcoawheels.com\/europe\/no\/wp-content\/uploads\/sites\/19\/2023\/05\/homepage-ultra-one_small.jpg\" alt=\"Thumbnail\"\/><\/div><div class=\"hero-slide-inner\"><div class=\"hero-slide-info\"><\/div><\/div><\/div><\/div><\/div><\/div><\/div><\/div><\/div>\n\n\n\n<div class=\"wp-block-alcoa-wheels-youtube-video youtube-video-main\"><div class=\"youtube-Videos container\"><div class=\"youtube-Videos-item\"><div class=\"videoWrapper privacyEnable\"><div class=\"onetrust-placeholder\"><p class=\"onetrust-message text-center vertical-center\"><span class=\"onetrust-unavailable-notice\">This content requires certain cookies to function. Please <a class=\"optanon-toggle\">accept<\/a> cookies in order to continue. You may need to refresh your browser window afterwards.<\/span><\/p><\/div><div class=\"youtube-video-wrapper\"><iframe data-src=\"\/\/www.youtube.com\/embed\/djpeFlb9S9Q?rel=0\" class=\"youtube-iframe\" title=\"video\"><\/iframe><\/div><\/div><\/div><\/div><\/div>\n\n\n\n<div style=\"height:30px\" aria-hidden=\"true\" class=\"wp-block-spacer\"><\/div>\n\n\n\n<h3 class=\"wp-block-heading\" id=\"h-our-attitude-is-to-always-keep-it-rolling\"><strong><em>Our attitude is to always keep it rolling<\/em><\/strong><\/h3>\n\n\n\n<p>Alcoa<sup>\u00ae<\/sup> Ultra ONE<sup>\u00ae<\/sup> felger er v\u00e5re letteste og sterkeste felger. De er laget av den propriet\u00e6re MagnaForce<sup>\u00ae<\/sup> legeringsteknologien. Denne legeringen er sterkere enn den eksisterende industristandarden, noe som gj\u00f8r det mulig \u00e5 lage lettere felger uten \u00e5 g\u00e5 p\u00e5 kompromiss med styrken.<\/p>\n\n\n\n<h3 class=\"wp-block-heading\" id=\"h-designed-to-be-a-part-of-the-family\"><strong><em>Designed to be a part of the family<\/em><\/strong><\/h3>\n\n\n\n<p>Alcoa<sup>\u00ae<\/sup> Ultra ONE<sup>\u00ae<\/sup> felger er tilgjengelig i b\u00f8rstet, LvL ONE<sup>\u00ae<\/sup>, Dura-Bright<sup>\u00ae<\/sup> EVO, Dura-Flange<sup>\u00ae<\/sup> og Dura-Bright<sup>\u00ae<\/sup>\/Dura-Flange<sup>\u00ae<\/sup> finish.<\/p>\n\n\n\n<p>Som alle Alcoa<sup>\u00ae<\/sup> Ultra ONE<sup>\u00ae<\/sup> felger tilbyr:<\/p>\n\n\n\n<div class=\"wp-block-alcoa-wheels-lists alcoa-wheels-lists-block\"><div class=\"list-wrapper\"><ol style=\"list-style-type:none\">\n<div class=\"wp-block-alcoa-wheels-list-items inner-list-item-wrapper  with-icon list-item-wrapper\"><img decoding=\"async\" src=\"https:\/\/www.alcoawheels.com\/europe\/no\/wp-content\/uploads\/sites\/19\/2023\/05\/wheel-bullet.jpg\" class=\"image-icon\" alt=\"https:\/\/www.alcoawheels.com\/europe\/no\/wp-content\/uploads\/sites\/19\/2023\/05\/wheel-bullet.jpg\"\/><li class=\"inner-list-item  with-icon\"><span>Excellent heat dissipation, enabling cooler running temperatures, extending brake and tyre life.<\/span><\/li><\/div>\n\n\n\n<div class=\"wp-block-alcoa-wheels-list-items inner-list-item-wrapper  with-icon list-item-wrapper\"><img decoding=\"async\" src=\"https:\/\/www.alcoawheels.com\/europe\/no\/wp-content\/uploads\/sites\/19\/2023\/05\/wheel-bullet.jpg\" class=\"image-icon\" alt=\"https:\/\/www.alcoawheels.com\/europe\/no\/wp-content\/uploads\/sites\/19\/2023\/05\/wheel-bullet.jpg\"\/><li class=\"inner-list-item  with-icon\"><span>Lower weight contributing to reduced CO<sub>2<\/sub>\u00a0emissions and less fuel consumption.<\/span><\/li><\/div>\n<\/ol><\/div><\/div>\n\n\n\n<p>Find out more about available Ultra ONE<sup>\u00ae<\/sup>&nbsp;sizes here:<\/p>\n\n\n\n<div class=\"wp-block-alcoa-wheels-columns-with-button columns-with-button\"><div class=\"fullcolumn\"><div class=\"columns-with-button__boxes\"><div class=\"columns-with-button__box\"><p class=\"btn-main btn-primary\"><a href=\"\/europe\/no\/products\/alcoa-felg-88u51x-88u52x\/\">22.5 x 8.25<\/a><\/p><\/div><div class=\"columns-with-button__box\"><p class=\"btn-main btn-primary\"><a href=\"\/europe\/no\/products\/alcoa-felg-88u55x-88u56x\/\">22.5 x 8.25 | 4.1 t nyttelast<\/a><\/p><\/div><div class=\"columns-with-button__box\"><p class=\"btn-main btn-primary\"><a href=\"\/europe\/no\/products\/alcoa-felg-89u5xx\/\">22.5 x 9.00<\/a><\/p><\/div><div class=\"columns-with-button__box\"><p class=\"btn-main btn-primary\"><a href=\"\/europe\/no\/products\/alcoa-felg-81u55x-81u56x\/\">22.5 x 11.75 | 0 ET | 5 t\u00a0nyttelast<\/a><\/p><\/div><div class=\"columns-with-button__box\"><p class=\"btn-main btn-primary\"><a href=\"\/europe\/no\/products\/alcoa-felg-81u51x-81u52x\/\">22.5 x 11.75 | 120 ET<\/a><\/p><\/div><div class=\"columns-with-button__box\"><p class=\"btn-main btn-primary\"><a href=\"\/europe\/no\/products\/alcoa-felg-87u51x-87u52x\/\">22.5 x 7.5 | 4 t nyttelast<\/a><\/p><\/div><div class=\"columns-with-button__box\"><p class=\"btn-main btn-primary\"><a href=\"\/europe\/no\/products\/alcoa-felg-77u4xx\/\"><strong>NY!<\/strong>\u00a019.5 x 7.5 | 3.15 t nyttelast<\/a><\/p><\/div><\/div><\/div><\/div>\n\n\n\n<figure class=\"wp-block-gallery alignfull has-nested-images columns-default is-cropped wp-block-gallery-1 is-layout-flex wp-block-gallery-is-layout-flex\">\n<figure class=\"wp-block-image size-large\"><img decoding=\"async\" data-id=\"271\" src=\"https:\/\/www.alcoawheels.com\/europe\/no\/wp-content\/uploads\/sites\/19\/2023\/06\/ultra-one-1.jpg?w=720\" alt=\"Ultra ONE\" class=\"wp-image-271\"\/><\/figure>\n\n\n\n<figure class=\"wp-block-image size-large\"><img decoding=\"async\" data-id=\"272\" src=\"https:\/\/www.alcoawheels.com\/europe\/no\/wp-content\/uploads\/sites\/19\/2023\/06\/ultra-one-2.jpg?w=720\" alt=\"Ultra ONE\" class=\"wp-image-272\"\/><\/figure>\n\n\n\n<figure class=\"wp-block-image size-large\"><img decoding=\"async\" data-id=\"273\" src=\"https:\/\/www.alcoawheels.com\/europe\/no\/wp-content\/uploads\/sites\/19\/2023\/06\/ultra-one-3.jpg?w=720\" alt=\"Ultra ONE\" class=\"wp-image-273\"\/><\/figure>\n<\/figure>\n\n\n\n<div class=\"wp-block-alcoa-wheels-card-usecase-1 card-box-v1__body with-icon align-center vertical-align-center\" id=\"card_box_v1-cc77c781-6f12-42c1-a210-f221fd5f6633\"><div class=\"fullwidthcontainer\"><div class=\"card-box-v1__boxes has-4-columns\"><div class=\"card-box-v1__box  with-link \" style=\"background-color:#00afb9\"><img decoding=\"async\" src=\"https:\/\/www.alcoawheels.com\/europe\/no\/wp-content\/themes\/alcoa-wheels\/assets\/build\/js\/blocks\/card-usecase-1\/..\/..\/..\/images\/placeholder-image.db2b4d5c.jpeg\" alt=\"Kontakt\"\/><div class=\"card-box-v1__box__inner pos-abs\"><div class=\"card-box-v1__box_icon\"><img loading=\"lazy\" decoding=\"async\" width=\"171\" height=\"171\" src=\"https:\/\/www.alcoawheels.com\/europe\/no\/wp-content\/uploads\/sites\/19\/2023\/06\/contact.png\" alt=\"\"\/><\/div><div class=\"card-box-v1__box_content\"><h4 style=\"color:#ffffff\">Kontakt<\/h4><\/div><div class=\"btn-wrap\"><\/div><\/div><a href=\"\/europe\/no\/kontakt\" aria-label=\"Kontakt\"><\/a><\/div><div class=\"card-box-v1__box  with-link \" style=\"background-color:#34bfc7\"><img decoding=\"async\" src=\"https:\/\/www.alcoawheels.com\/europe\/no\/wp-content\/themes\/alcoa-wheels\/assets\/build\/js\/blocks\/card-usecase-1\/..\/..\/..\/images\/placeholder-image.db2b4d5c.jpeg\" alt=\"Felgutvalg\"\/><div class=\"card-box-v1__box__inner pos-abs\"><div class=\"card-box-v1__box_icon\"><img loading=\"lazy\" decoding=\"async\" width=\"169\" height=\"169\" src=\"https:\/\/www.alcoawheels.com\/europe\/no\/wp-content\/uploads\/sites\/19\/2023\/06\/product-search.png\" alt=\"\"\/><\/div><div class=\"card-box-v1__box_content\"><h4 style=\"color:#ffffff\">Felgutvalg<\/h4><\/div><div class=\"btn-wrap\"><\/div><\/div><a href=\"\/europe\/no\/felgutvalg\" aria-label=\"Felgutvalg\"><\/a><\/div><div class=\"card-box-v1__box  with-link \" style=\"background-color:#00afb9\"><img decoding=\"async\" src=\"https:\/\/www.alcoawheels.com\/europe\/no\/wp-content\/themes\/alcoa-wheels\/assets\/build\/js\/blocks\/card-usecase-1\/..\/..\/..\/images\/placeholder-image.db2b4d5c.jpeg\" alt=\"Forhandlere\"\/><div class=\"card-box-v1__box__inner pos-abs\"><div class=\"card-box-v1__box_icon\"><img loading=\"lazy\" decoding=\"async\" width=\"169\" height=\"169\" src=\"https:\/\/www.alcoawheels.com\/europe\/no\/wp-content\/uploads\/sites\/19\/2023\/06\/where-to-buy.png\" alt=\"\"\/><\/div><div class=\"card-box-v1__box_content\"><h4 style=\"color:#ffffff\">Forhandlere<\/h4><\/div><div class=\"btn-wrap\"><\/div><\/div><a href=\"\/europe\/no\/forhandlere\" aria-label=\"Forhandlere\"><\/a><\/div><div class=\"card-box-v1__box  with-link \" style=\"background-color:#34bfc7\"><img decoding=\"async\" src=\"https:\/\/www.alcoawheels.com\/europe\/no\/wp-content\/themes\/alcoa-wheels\/assets\/build\/js\/blocks\/card-usecase-1\/..\/..\/..\/images\/placeholder-image.db2b4d5c.jpeg\" alt=\"Nedlastinger\"\/><div class=\"card-box-v1__box__inner pos-abs\"><div class=\"card-box-v1__box_icon\"><img loading=\"lazy\" decoding=\"async\" width=\"169\" height=\"169\" src=\"https:\/\/www.alcoawheels.com\/europe\/no\/wp-content\/uploads\/sites\/19\/2023\/06\/product-literature.png\" alt=\"\"\/><\/div><div class=\"card-box-v1__box_content\"><h4 style=\"color:#ffffff\">Nedlastinger<\/h4><\/div><div class=\"btn-wrap\"><\/div><\/div><a href=\"\/europe\/no\/hvordan-rengjore\/#db-video\" aria-label=\"Nedlastinger\"><\/a><\/div><\/div><\/div><\/div>\n","protected":false},"excerpt":{"rendered":"<p>Our attitude is to always keep it rolling Alcoa\u00ae Ultra ONE\u00ae felger er v\u00e5re letteste og sterkeste felger. De er laget av den propriet\u00e6re MagnaForce\u00ae legeringsteknologien. Denne legeringen er sterkere enn den eksisterende industristandarden, noe som gj\u00f8r det mulig \u00e5 lage lettere felger uten \u00e5 g\u00e5 p\u00e5 kompromiss med styrken. Designed to be a part [&hellip;]<\/p>\n","protected":false},"author":44,"featured_media":0,"parent":0,"menu_order":0,"comment_status":"closed","ping_status":"closed","template":"","meta":{"_acf_changed":false,"protected_reviewer_email":"","editor_notices":[],"footnotes":""},"class_list":["post-23","page","type-page","status-publish","hentry"],"acf":[],"yoast_head":"<!-- This site is optimized with the Yoast SEO Premium plugin v27.2 (Yoast SEO v27.2) - https:\/\/yoast.com\/product\/yoast-seo-premium-wordpress\/ -->\n<title>Alcoa Wheels | Felger | Teknologi | Ultra ONE \u00ae<\/title>\n<meta name=\"robots\" content=\"index, follow, max-snippet:-1, max-image-preview:large, max-video-preview:-1\" \/>\n<link rel=\"canonical\" href=\"https:\/\/www.alcoawheels.com\/europe\/no\/ultra-one\/\" \/>\n<meta property=\"og:locale\" content=\"en_US\" \/>\n<meta property=\"og:type\" content=\"article\" \/>\n<meta property=\"og:title\" content=\"Ultra ONE\u00ae\" \/>\n<meta property=\"og:description\" content=\"Our attitude is to always keep it rolling Alcoa\u00ae Ultra ONE\u00ae felger er v\u00e5re letteste og sterkeste felger. De er laget av den propriet\u00e6re MagnaForce\u00ae legeringsteknologien. Denne legeringen er sterkere enn den eksisterende industristandarden, noe som gj\u00f8r det mulig \u00e5 lage lettere felger uten \u00e5 g\u00e5 p\u00e5 kompromiss med styrken. Designed to be a part [&hellip;]\" \/>\n<meta property=\"og:url\" content=\"https:\/\/www.alcoawheels.com\/europe\/no\/ultra-one\/\" \/>\n<meta property=\"og:site_name\" content=\"Europe Norwegian\" \/>\n<meta property=\"article:modified_time\" content=\"2025-11-24T13:17:12+00:00\" \/>\n<meta property=\"og:image\" content=\"https:\/\/www.alcoawheels.com\/europe\/no\/wp-content\/uploads\/sites\/19\/2023\/05\/homepage-ultra-one_large.jpg\" \/>\n<meta name=\"twitter:card\" content=\"summary_large_image\" \/>\n<meta name=\"twitter:label1\" content=\"Est. reading time\" \/>\n\t<meta name=\"twitter:data1\" content=\"4 minutes\" \/>\n<script type=\"application\/ld+json\" class=\"yoast-schema-graph\">{\"@context\":\"https:\/\/schema.org\",\"@graph\":[{\"@type\":\"WebPage\",\"@id\":\"https:\/\/www.alcoawheels.com\/europe\/no\/ultra-one\/\",\"url\":\"https:\/\/www.alcoawheels.com\/europe\/no\/ultra-one\/\",\"name\":\"Alcoa Wheels | Felger | Teknologi | Ultra ONE \u00ae\",\"isPartOf\":{\"@id\":\"https:\/\/www.alcoawheels.com\/europe\/no\/#website\"},\"primaryImageOfPage\":{\"@id\":\"https:\/\/www.alcoawheels.com\/europe\/no\/ultra-one\/#primaryimage\"},\"image\":{\"@id\":\"https:\/\/www.alcoawheels.com\/europe\/no\/ultra-one\/#primaryimage\"},\"thumbnailUrl\":\"https:\/\/www.alcoawheels.com\/europe\/no\/wp-content\/uploads\/sites\/19\/2023\/05\/homepage-ultra-one_large.jpg\",\"datePublished\":\"2023-05-26T11:40:09+00:00\",\"dateModified\":\"2025-11-24T13:17:12+00:00\",\"breadcrumb\":{\"@id\":\"https:\/\/www.alcoawheels.com\/europe\/no\/ultra-one\/#breadcrumb\"},\"inLanguage\":\"en-US\",\"potentialAction\":[{\"@type\":\"ReadAction\",\"target\":[\"https:\/\/www.alcoawheels.com\/europe\/no\/ultra-one\/\"]}]},{\"@type\":\"ImageObject\",\"inLanguage\":\"en-US\",\"@id\":\"https:\/\/www.alcoawheels.com\/europe\/no\/ultra-one\/#primaryimage\",\"url\":\"https:\/\/www.alcoawheels.com\/europe\/no\/wp-content\/uploads\/sites\/19\/2023\/05\/homepage-ultra-one_large.jpg\",\"contentUrl\":\"https:\/\/www.alcoawheels.com\/europe\/no\/wp-content\/uploads\/sites\/19\/2023\/05\/homepage-ultra-one_large.jpg\",\"width\":1440,\"height\":440,\"caption\":\"Ultra ONE\"},{\"@type\":\"BreadcrumbList\",\"@id\":\"https:\/\/www.alcoawheels.com\/europe\/no\/ultra-one\/#breadcrumb\",\"itemListElement\":[{\"@type\":\"ListItem\",\"position\":1,\"name\":\"Home\",\"item\":\"https:\/\/www.alcoawheels.com\/europe\/no\/\"},{\"@type\":\"ListItem\",\"position\":2,\"name\":\"Ultra ONE\u00ae\"}]},{\"@type\":\"WebSite\",\"@id\":\"https:\/\/www.alcoawheels.com\/europe\/no\/#website\",\"url\":\"https:\/\/www.alcoawheels.com\/europe\/no\/\",\"name\":\"Europe Norwegian\",\"description\":\"\",\"publisher\":{\"@id\":\"https:\/\/www.alcoawheels.com\/europe\/no\/#organization\"},\"potentialAction\":[{\"@type\":\"SearchAction\",\"target\":{\"@type\":\"EntryPoint\",\"urlTemplate\":\"https:\/\/www.alcoawheels.com\/europe\/no\/?s={search_term_string}\"},\"query-input\":{\"@type\":\"PropertyValueSpecification\",\"valueRequired\":true,\"valueName\":\"search_term_string\"}}],\"inLanguage\":\"en-US\"},{\"@type\":\"Organization\",\"@id\":\"https:\/\/www.alcoawheels.com\/europe\/no\/#organization\",\"name\":\"Europe Norwegian\",\"url\":\"https:\/\/www.alcoawheels.com\/europe\/no\/\",\"logo\":{\"@type\":\"ImageObject\",\"inLanguage\":\"en-US\",\"@id\":\"https:\/\/www.alcoawheels.com\/europe\/no\/#\/schema\/logo\/image\/\",\"url\":\"https:\/\/www.alcoawheels.com\/europe\/no\/wp-content\/uploads\/sites\/19\/2023\/05\/logo-black.gif\",\"contentUrl\":\"https:\/\/www.alcoawheels.com\/europe\/no\/wp-content\/uploads\/sites\/19\/2023\/05\/logo-black.gif\",\"width\":71,\"height\":64,\"caption\":\"Europe Norwegian\"},\"image\":{\"@id\":\"https:\/\/www.alcoawheels.com\/europe\/no\/#\/schema\/logo\/image\/\"}}]}<\/script>\n<!-- \/ Yoast SEO Premium plugin. -->","yoast_head_json":{"title":"Alcoa Wheels | Felger | Teknologi | Ultra ONE \u00ae","robots":{"index":"index","follow":"follow","max-snippet":"max-snippet:-1","max-image-preview":"max-image-preview:large","max-video-preview":"max-video-preview:-1"},"canonical":"https:\/\/www.alcoawheels.com\/europe\/no\/ultra-one\/","og_locale":"en_US","og_type":"article","og_title":"Ultra ONE\u00ae","og_description":"Our attitude is to always keep it rolling Alcoa\u00ae Ultra ONE\u00ae felger er v\u00e5re letteste og sterkeste felger. De er laget av den propriet\u00e6re MagnaForce\u00ae legeringsteknologien. Denne legeringen er sterkere enn den eksisterende industristandarden, noe som gj\u00f8r det mulig \u00e5 lage lettere felger uten \u00e5 g\u00e5 p\u00e5 kompromiss med styrken. Designed to be a part [&hellip;]","og_url":"https:\/\/www.alcoawheels.com\/europe\/no\/ultra-one\/","og_site_name":"Europe Norwegian","article_modified_time":"2025-11-24T13:17:12+00:00","og_image":[{"url":"https:\/\/www.alcoawheels.com\/europe\/no\/wp-content\/uploads\/sites\/19\/2023\/05\/homepage-ultra-one_large.jpg","type":"","width":"","height":""}],"twitter_card":"summary_large_image","twitter_misc":{"Est. reading time":"4 minutes"},"schema":{"@context":"https:\/\/schema.org","@graph":[{"@type":"WebPage","@id":"https:\/\/www.alcoawheels.com\/europe\/no\/ultra-one\/","url":"https:\/\/www.alcoawheels.com\/europe\/no\/ultra-one\/","name":"Alcoa Wheels | Felger | Teknologi | Ultra ONE \u00ae","isPartOf":{"@id":"https:\/\/www.alcoawheels.com\/europe\/no\/#website"},"primaryImageOfPage":{"@id":"https:\/\/www.alcoawheels.com\/europe\/no\/ultra-one\/#primaryimage"},"image":{"@id":"https:\/\/www.alcoawheels.com\/europe\/no\/ultra-one\/#primaryimage"},"thumbnailUrl":"https:\/\/www.alcoawheels.com\/europe\/no\/wp-content\/uploads\/sites\/19\/2023\/05\/homepage-ultra-one_large.jpg","datePublished":"2023-05-26T11:40:09+00:00","dateModified":"2025-11-24T13:17:12+00:00","breadcrumb":{"@id":"https:\/\/www.alcoawheels.com\/europe\/no\/ultra-one\/#breadcrumb"},"inLanguage":"en-US","potentialAction":[{"@type":"ReadAction","target":["https:\/\/www.alcoawheels.com\/europe\/no\/ultra-one\/"]}]},{"@type":"ImageObject","inLanguage":"en-US","@id":"https:\/\/www.alcoawheels.com\/europe\/no\/ultra-one\/#primaryimage","url":"https:\/\/www.alcoawheels.com\/europe\/no\/wp-content\/uploads\/sites\/19\/2023\/05\/homepage-ultra-one_large.jpg","contentUrl":"https:\/\/www.alcoawheels.com\/europe\/no\/wp-content\/uploads\/sites\/19\/2023\/05\/homepage-ultra-one_large.jpg","width":1440,"height":440,"caption":"Ultra ONE"},{"@type":"BreadcrumbList","@id":"https:\/\/www.alcoawheels.com\/europe\/no\/ultra-one\/#breadcrumb","itemListElement":[{"@type":"ListItem","position":1,"name":"Home","item":"https:\/\/www.alcoawheels.com\/europe\/no\/"},{"@type":"ListItem","position":2,"name":"Ultra ONE\u00ae"}]},{"@type":"WebSite","@id":"https:\/\/www.alcoawheels.com\/europe\/no\/#website","url":"https:\/\/www.alcoawheels.com\/europe\/no\/","name":"Europe Norwegian","description":"","publisher":{"@id":"https:\/\/www.alcoawheels.com\/europe\/no\/#organization"},"potentialAction":[{"@type":"SearchAction","target":{"@type":"EntryPoint","urlTemplate":"https:\/\/www.alcoawheels.com\/europe\/no\/?s={search_term_string}"},"query-input":{"@type":"PropertyValueSpecification","valueRequired":true,"valueName":"search_term_string"}}],"inLanguage":"en-US"},{"@type":"Organization","@id":"https:\/\/www.alcoawheels.com\/europe\/no\/#organization","name":"Europe Norwegian","url":"https:\/\/www.alcoawheels.com\/europe\/no\/","logo":{"@type":"ImageObject","inLanguage":"en-US","@id":"https:\/\/www.alcoawheels.com\/europe\/no\/#\/schema\/logo\/image\/","url":"https:\/\/www.alcoawheels.com\/europe\/no\/wp-content\/uploads\/sites\/19\/2023\/05\/logo-black.gif","contentUrl":"https:\/\/www.alcoawheels.com\/europe\/no\/wp-content\/uploads\/sites\/19\/2023\/05\/logo-black.gif","width":71,"height":64,"caption":"Europe Norwegian"},"image":{"@id":"https:\/\/www.alcoawheels.com\/europe\/no\/#\/schema\/logo\/image\/"}}]}},"parsely":{"version":"1.1.0","canonical_url":"https:\/\/alcoawheels.com\/europe\/no\/ultra-one\/","smart_links":{"inbound":0,"outbound":0},"traffic_boost_suggestions_count":0,"meta":{"@context":"https:\/\/schema.org","@type":"WebPage","headline":"Ultra ONE\u00ae","url":"http:\/\/www.alcoawheels.com\/europe\/no\/ultra-one\/","mainEntityOfPage":{"@type":"WebPage","@id":"http:\/\/www.alcoawheels.com\/europe\/no\/ultra-one\/"},"thumbnailUrl":"","image":{"@type":"ImageObject","url":""},"articleSection":"Uncategorized","author":[{"@type":"Person","name":"howmet"}],"creator":["howmet"],"publisher":{"@type":"Organization","name":"Europe Norwegian","logo":""},"keywords":[],"dateCreated":"2023-05-26T11:40:09Z","datePublished":"2023-05-26T11:40:09Z","dateModified":"2025-11-24T13:17:12Z"},"rendered":"<script type=\"application\/ld+json\" class=\"wp-parsely-metadata\">{\"@context\":\"https:\\\/\\\/schema.org\",\"@type\":\"WebPage\",\"headline\":\"Ultra ONE\\u00ae\",\"url\":\"http:\\\/\\\/www.alcoawheels.com\\\/europe\\\/no\\\/ultra-one\\\/\",\"mainEntityOfPage\":{\"@type\":\"WebPage\",\"@id\":\"http:\\\/\\\/www.alcoawheels.com\\\/europe\\\/no\\\/ultra-one\\\/\"},\"thumbnailUrl\":\"\",\"image\":{\"@type\":\"ImageObject\",\"url\":\"\"},\"articleSection\":\"Uncategorized\",\"author\":[{\"@type\":\"Person\",\"name\":\"howmet\"}],\"creator\":[\"howmet\"],\"publisher\":{\"@type\":\"Organization\",\"name\":\"Europe Norwegian\",\"logo\":\"\"},\"keywords\":[],\"dateCreated\":\"2023-05-26T11:40:09Z\",\"datePublished\":\"2023-05-26T11:40:09Z\",\"dateModified\":\"2025-11-24T13:17:12Z\"}<\/script>","tracker_url":"https:\/\/cdn.parsely.com\/keys\/alcoawheels.com\/p.js"},"jetpack_sharing_enabled":true,"_links":{"self":[{"href":"https:\/\/www.alcoawheels.com\/europe\/no\/wp-json\/wp\/v2\/pages\/23","targetHints":{"allow":["GET"]}}],"collection":[{"href":"https:\/\/www.alcoawheels.com\/europe\/no\/wp-json\/wp\/v2\/pages"}],"about":[{"href":"https:\/\/www.alcoawheels.com\/europe\/no\/wp-json\/wp\/v2\/types\/page"}],"author":[{"embeddable":true,"href":"https:\/\/www.alcoawheels.com\/europe\/no\/wp-json\/wp\/v2\/users\/44"}],"replies":[{"embeddable":true,"href":"https:\/\/www.alcoawheels.com\/europe\/no\/wp-json\/wp\/v2\/comments?post=23"}],"version-history":[{"count":9,"href":"https:\/\/www.alcoawheels.com\/europe\/no\/wp-json\/wp\/v2\/pages\/23\/revisions"}],"predecessor-version":[{"id":2366,"href":"https:\/\/www.alcoawheels.com\/europe\/no\/wp-json\/wp\/v2\/pages\/23\/revisions\/2366"}],"wp:attachment":[{"href":"https:\/\/www.alcoawheels.com\/europe\/no\/wp-json\/wp\/v2\/media?parent=23"}],"curies":[{"name":"wp","href":"https:\/\/api.w.org\/{rel}","templated":true}]}}