{"id":27,"date":"2023-05-26T11:40:58","date_gmt":"2023-05-26T11:40:58","guid":{"rendered":"https:\/\/www.alcoawheels.com\/europe\/no\/?page_id=27"},"modified":"2025-07-11T21:15:55","modified_gmt":"2025-07-11T19:15:55","slug":"vedlikehold","status":"publish","type":"page","link":"https:\/\/www.alcoawheels.com\/europe\/no\/vedlikehold\/","title":{"rendered":"Vedlikehold"},"content":{"rendered":"\n<div class=\"wp-block-alcoa-wheels-hero-banner-innerpage hero-banner with-image layout-2 overlayEnable align- vertical-align- align-center vertical-align-center\" style=\"background-color:#eee\"><img decoding=\"async\" src=\"https:\/\/www.alcoawheels.com\/europe\/no\/wp-content\/uploads\/sites\/19\/2023\/06\/maintenance-banner.jpeg\" alt=\"Maintenance of Alcoa Wheels\" class=\"responsiveImage\"\/><div class=\"hero-banner__header\" style=\"text-align:center\"><div class=\"container\"><h1 class=\"hero-banner__header--title\">Vedlikehold<\/h1><\/div><\/div><\/div>\n\n\n\n<div style=\"height:50px\" aria-hidden=\"true\" class=\"wp-block-spacer spacer-fifty\"><\/div>\n\n\n\n<h3 class=\"wp-block-heading\" id=\"h-accessoires-voor-alcoa-wielen\">Accessoires voor Alcoa<sup>\u00ae<\/sup> wielen<\/h3>\n\n\n\n<p>Het onderhoud van uw Alcoa<sup>\u00ae<\/sup> wielen is belangrijk en dient daarom een top prioriteit te zijn<\/p>\n\n\n\n<p>1. Accessoires voor Alcoa<sup>\u00ae<\/sup> wielen zijn door de jaren heen ontwikkeld en geselecteerd om de wielen in optimale conditie te houden en een lange levensduur te garanderen.<\/p>\n\n\n\n<p>2. Accessoires voor Alcoa<sup>\u00ae<\/sup> wielen zijn verkrijgbaar via ons netwerk van erkende distributeurs.<\/p>\n\n\n\n<hr class=\"wp-block-separator has-text-color has-alpha-channel-opacity has-background is-style-wide\" style=\"background-color:#cccccc;color:#cccccc\"\/>\n\n\n\n<div class=\"wp-block-alcoa-wheels-zigzag media-list__body\" id=\"zigzag-main-dd37ab2b-fdde-4f03-8751-426b0a716ec7\"><div class=\"media-list__body_main  vertical-align-center  container row-reverse\">\n<div class=\"wp-block-alcoa-wheels-zigzag-item media-list-item\"><div class=\"media-list-item__box_content\"><div class=\"media-list-item__box_content_inner\">\n<h5 class=\"wp-block-heading\" id=\"h-hubgrease\"><strong>HUBgrease<\/strong><\/h5>\n\n\n\n<p>Et fett som skal anvendes ved montering Alcoa<sup>\u00ae<\/sup>-felger for \u00e5 forhindre korrosjon og at felgen sitter fast p\u00e5 navet. For ytterligere instruksjoner, se serviceh\u00e5ndboken for Alcoa<sup>\u00ae<\/sup>-felger i avsnitt 10.a \u2013 trinn 4.<\/p>\n\n\n\n<p>&nbsp;<\/p>\n<\/div><\/div><div class=\"media-list-item__box_image\"><img loading=\"lazy\" decoding=\"async\" width=\"450\" height=\"300\" src=\"https:\/\/www.alcoawheels.com\/europe\/no\/wp-content\/uploads\/sites\/19\/2023\/06\/maintenance-Hubgrease-thumbnail.jpg\" alt=\"HUBgrease\"\/><\/div><\/div>\n\n\n\n<div class=\"wp-block-alcoa-wheels-zigzag-item media-list-item\"><div class=\"media-list-item__box_content\"><div class=\"media-list-item__box_content_inner\">\n<h5 class=\"wp-block-heading has-text-align-right\" id=\"h-valvegrease\"><strong>VALVEgrease<\/strong><\/h5>\n\n\n\n<p class=\"has-text-align-right\">Et sm\u00f8remiddel som virker som korrosjonshemmer ved montering\/utskifting av ventiler. Anbefales p\u00e5 det sterkeste ved hvert dekk- og ventilskift. For ytterligere instruksjoner, se serviceh\u00e5ndboken for Alcoa<sup>\u00ae<\/sup>-hjul i avsnitt 10.a trinn 4<\/p>\n\n\n\n<p class=\"has-text-align-right\"><\/p>\n<\/div><\/div><div class=\"media-list-item__box_image\"><img loading=\"lazy\" decoding=\"async\" width=\"450\" height=\"300\" src=\"https:\/\/www.alcoawheels.com\/europe\/no\/wp-content\/uploads\/sites\/19\/2023\/06\/maintenance-VALVEgrease-thumbnail.jpg\" alt=\"VALVEgrease\"\/><\/div><\/div>\n\n\n\n<div class=\"wp-block-alcoa-wheels-zigzag-item media-list-item\"><div class=\"media-list-item__box_content\"><div class=\"media-list-item__box_content_inner\">\n<h5 class=\"wp-block-heading\" id=\"h-borsteskiver-og-pads\"><strong>B\u00f8rsteskiver og -pads<\/strong><\/h5>\n\n\n\n<p>Slipeb\u00f8rster og pads i forskjellige st\u00f8rrelser og hardhet for \u00e5 rengj\u00f8re anleggsflater, felghorn, sentreringsflater, og sentreringsribber p\u00e5 navet.&nbsp;<\/p>\n<\/div><\/div><div class=\"media-list-item__box_image\"><img loading=\"lazy\" decoding=\"async\" width=\"450\" height=\"300\" src=\"https:\/\/www.alcoawheels.com\/europe\/no\/wp-content\/uploads\/sites\/19\/2023\/06\/maintenance-Bristle-discs-thumbnail.jpg\" alt=\"Bristle discs and pads\"\/><\/div><\/div>\n\n\n\n<div class=\"wp-block-alcoa-wheels-zigzag-item media-list-item\"><div class=\"media-list-item__box_content\"><div class=\"media-list-item__box_content_inner\">\n<h5 class=\"wp-block-heading has-text-align-right\" id=\"h-discmate\"><strong>Discmate<\/strong><\/h5>\n\n\n\n<p class=\"has-text-align-right\">En pakning som bidrar til \u00e5 forhindre korrosjon mellom st\u00e5l og Alcoa<sup>\u00ae<\/sup>-aluminiumsfelger og mellom st\u00e5lnav og aluminiumsfelger.<\/p>\n\n\n\n<p class=\"has-text-align-right\"><\/p>\n<\/div><\/div><div class=\"media-list-item__box_image\"><img loading=\"lazy\" decoding=\"async\" width=\"450\" height=\"300\" src=\"https:\/\/www.alcoawheels.com\/europe\/no\/wp-content\/uploads\/sites\/19\/2023\/06\/maintenance-Discmates-thumbnail.jpg\" alt=\"Discmates\"\/><\/div><\/div>\n<\/div><\/div>\n\n\n\n<hr class=\"wp-block-separator has-text-color has-alpha-channel-opacity has-background is-style-wide\" style=\"background-color:#cccccc;color:#cccccc\"\/>\n\n\n\n<div style=\"height:50px\" aria-hidden=\"true\" class=\"wp-block-spacer spacer-fifty\"><\/div>\n\n\n\n<p class=\"u-margin-b10\">For mer informasjon:<\/p>\n\n\n\t\t<div class=\"wp-block-alcoa-product-literature\">\n\t\t\t<div class=\"product-literature-columns container wp-block-alcoa-wheels-related-documents\">\n\t\t\t\t\t\t\t\t\t<div class=\"literature-inner\">\n\t\t\t\t\t\t<div class=\"literature-inner-item\">\n\t\t\t\t\t\t\t<div class=\"pdf-lists-items\">\n\t\t\t\t\t\t\t\t\t\t\t\t\t\t\t\t\t\t\t\t\t\t\t\t\t\t<div class=\"pdf-files\">\n\t\t\t\t\t\t\t\t\t\t<a href=\"https:\/\/www.alcoawheels.com\/europe\/no\/wp-content\/uploads\/sites\/19\/2026\/02\/Alcoa-Wheels-Accessories-NO.pdf\" target=\"_blank\" class=\"pdf-file\">\n\t\t\t\t\t\t\t\t\t\t\tALCOA<sup>\u00ae<\/sup> tilbeh\u00f8rsprodukter\t\t\t\t\t\t\t\t\t\t<\/a>\n\t\t\t\t\t\t\t\t\t\t<div class=\"pdf-size\">2.93 MB<\/div>\n\t\t\t\t\t\t\t\t\t<\/div>\n\t\t\t\t\t\t\t\t\t\t\t\t\t\t\t<\/div>\n\t\t\t\t\t\t<\/div>\n\t\t\t\t\t<\/div>\n\t\t\t\t\t\t\t<\/div>\n\n\t\t<\/div>\n\n\n\n<div id=\"alcoa-wheels-buttons-263c0240-3725-4b3e-abc1-479adf9a1f74\" class=\"wp-block-alcoa-wheels-button-group alcoa-wheels-buttons\"><div class=\"button-row\"><div class=\"button-item\" button-item=\"0\"><p class=\"btn-main btn-link-left-arrow\" aria-label=\"<a href=&quot;https:\/\/apps.spheracloud.net\/communicator\/login.aspx?userid=qD3CEfpiugwA&amp;companyid=SzqDqsuXTJwA&amp;method=home&quot;&gt;<a href=&quot;https:\/\/apps.spheracloud.net\/communicator\/login.aspx?userid=qD3CEfpiugwA&amp;companyid=SzqDqsuXTJwA&amp;method=home&quot;&gt;Safety Data (MSDS)<\/a&gt;<\/a&gt;\"><a href=\"https:\/\/apps.spheracloud.net\/communicator\/login.aspx?userid=qD3CEfpiugwA&amp;companyid=SzqDqsuXTJwA&amp;method=home\"><a href=\"https:\/\/apps.spheracloud.net\/communicator\/login.aspx?userid=qD3CEfpiugwA&amp;companyid=SzqDqsuXTJwA&amp;method=home\">Safety Data (MSDS)<\/a><\/a><\/p><\/div><\/div><\/div>\n\n\n\n<div style=\"height:50px\" aria-hidden=\"true\" class=\"wp-block-spacer spacer-fifty\"><\/div>\n\n\n\n<div class=\"wp-block-alcoa-wheels-card-usecase-1 card-box-v1__body with-icon align-center vertical-align-center\" id=\"card_box_v1-cc77c781-6f12-42c1-a210-f221fd5f6633\"><div class=\"fullwidthcontainer\"><div class=\"card-box-v1__boxes has-4-columns\"><div class=\"card-box-v1__box  with-link \" style=\"background-color:#00afb9\"><img decoding=\"async\" src=\"https:\/\/www.alcoawheels.com\/europe\/no\/wp-content\/themes\/alcoa-wheels\/assets\/build\/js\/blocks\/card-usecase-1\/..\/..\/..\/images\/placeholder-image.db2b4d5c.jpeg\" alt=\"Kontakt\"\/><div class=\"card-box-v1__box__inner pos-abs\"><div class=\"card-box-v1__box_icon\"><img loading=\"lazy\" decoding=\"async\" width=\"171\" height=\"171\" src=\"https:\/\/www.alcoawheels.com\/europe\/no\/wp-content\/uploads\/sites\/19\/2023\/06\/contact.png\" alt=\"\"\/><\/div><div class=\"card-box-v1__box_content\"><h4 style=\"color:#ffffff\">Kontakt<\/h4><\/div><div class=\"btn-wrap\"><\/div><\/div><a href=\"\/europe\/no\/kontakt\" aria-label=\"Kontakt\"><\/a><\/div><div class=\"card-box-v1__box  with-link \" style=\"background-color:#34bfc7\"><img decoding=\"async\" src=\"https:\/\/www.alcoawheels.com\/europe\/no\/wp-content\/themes\/alcoa-wheels\/assets\/build\/js\/blocks\/card-usecase-1\/..\/..\/..\/images\/placeholder-image.db2b4d5c.jpeg\" alt=\"Felgutvalg\"\/><div class=\"card-box-v1__box__inner pos-abs\"><div class=\"card-box-v1__box_icon\"><img loading=\"lazy\" decoding=\"async\" width=\"169\" height=\"169\" src=\"https:\/\/www.alcoawheels.com\/europe\/no\/wp-content\/uploads\/sites\/19\/2023\/06\/product-search.png\" alt=\"\"\/><\/div><div class=\"card-box-v1__box_content\"><h4 style=\"color:#ffffff\">Felgutvalg<\/h4><\/div><div class=\"btn-wrap\"><\/div><\/div><a href=\"\/europe\/no\/felgutvalg\" aria-label=\"Felgutvalg\"><\/a><\/div><div class=\"card-box-v1__box  with-link \" style=\"background-color:#00afb9\"><img decoding=\"async\" src=\"https:\/\/www.alcoawheels.com\/europe\/no\/wp-content\/themes\/alcoa-wheels\/assets\/build\/js\/blocks\/card-usecase-1\/..\/..\/..\/images\/placeholder-image.db2b4d5c.jpeg\" alt=\"Forhandlere\"\/><div class=\"card-box-v1__box__inner pos-abs\"><div class=\"card-box-v1__box_icon\"><img loading=\"lazy\" decoding=\"async\" width=\"169\" height=\"169\" src=\"https:\/\/www.alcoawheels.com\/europe\/no\/wp-content\/uploads\/sites\/19\/2023\/06\/where-to-buy.png\" alt=\"\"\/><\/div><div class=\"card-box-v1__box_content\"><h4 style=\"color:#ffffff\">Forhandlere<\/h4><\/div><div class=\"btn-wrap\"><\/div><\/div><a href=\"\/europe\/no\/forhandlere\" aria-label=\"Forhandlere\"><\/a><\/div><div class=\"card-box-v1__box  with-link \" style=\"background-color:#34bfc7\"><img decoding=\"async\" src=\"https:\/\/www.alcoawheels.com\/europe\/no\/wp-content\/themes\/alcoa-wheels\/assets\/build\/js\/blocks\/card-usecase-1\/..\/..\/..\/images\/placeholder-image.db2b4d5c.jpeg\" alt=\"Nedlastinger\"\/><div class=\"card-box-v1__box__inner pos-abs\"><div class=\"card-box-v1__box_icon\"><img loading=\"lazy\" decoding=\"async\" width=\"169\" height=\"169\" src=\"https:\/\/www.alcoawheels.com\/europe\/no\/wp-content\/uploads\/sites\/19\/2023\/06\/product-literature.png\" alt=\"\"\/><\/div><div class=\"card-box-v1__box_content\"><h4 style=\"color:#ffffff\">Nedlastinger<\/h4><\/div><div class=\"btn-wrap\"><\/div><\/div><a href=\"\/europe\/no\/hvordan-rengjore\/#db-video\" aria-label=\"Nedlastinger\"><\/a><\/div><\/div><\/div><\/div>\n","protected":false},"excerpt":{"rendered":"<p>Accessoires voor Alcoa\u00ae wielen Het onderhoud van uw Alcoa\u00ae wielen is belangrijk en dient daarom een top prioriteit te zijn 1. Accessoires voor Alcoa\u00ae wielen zijn door de jaren heen ontwikkeld en geselecteerd om de wielen in optimale conditie te houden en een lange levensduur te garanderen. 2. Accessoires voor Alcoa\u00ae wielen zijn verkrijgbaar via [&hellip;]<\/p>\n","protected":false},"author":44,"featured_media":481,"parent":0,"menu_order":0,"comment_status":"closed","ping_status":"closed","template":"","meta":{"_acf_changed":false,"protected_reviewer_email":"","editor_notices":[],"footnotes":""},"class_list":["post-27","page","type-page","status-publish","has-post-thumbnail","hentry"],"acf":[],"yoast_head":"<!-- This site is optimized with the Yoast SEO Premium plugin v27.4 (Yoast SEO v27.4) - https:\/\/yoast.com\/product\/yoast-seo-premium-wordpress\/ -->\n<title>Alcoa Wheels | Tilbeh\u00f8r | Vedlikehold<\/title>\n<meta name=\"robots\" content=\"index, follow, max-snippet:-1, max-image-preview:large, max-video-preview:-1\" \/>\n<link rel=\"canonical\" href=\"https:\/\/www.alcoawheels.com\/europe\/no\/vedlikehold\/\" \/>\n<meta property=\"og:locale\" content=\"en_US\" \/>\n<meta property=\"og:type\" content=\"article\" \/>\n<meta property=\"og:title\" content=\"Vedlikehold\" \/>\n<meta property=\"og:description\" content=\"Accessoires voor Alcoa\u00ae wielen Het onderhoud van uw Alcoa\u00ae wielen is belangrijk en dient daarom een top prioriteit te zijn 1. Accessoires voor Alcoa\u00ae wielen zijn door de jaren heen ontwikkeld en geselecteerd om de wielen in optimale conditie te houden en een lange levensduur te garanderen. 2. Accessoires voor Alcoa\u00ae wielen zijn verkrijgbaar via [&hellip;]\" \/>\n<meta property=\"og:url\" content=\"https:\/\/www.alcoawheels.com\/europe\/no\/vedlikehold\/\" \/>\n<meta property=\"og:site_name\" content=\"Europe Norwegian\" \/>\n<meta property=\"article:modified_time\" content=\"2025-07-11T19:15:55+00:00\" \/>\n<meta property=\"og:image\" content=\"https:\/\/www.alcoawheels.com\/europe\/no\/wp-content\/uploads\/sites\/19\/2023\/06\/maintenance-Hubgrease-thumbnail.jpg\" \/>\n\t<meta property=\"og:image:width\" content=\"450\" \/>\n\t<meta property=\"og:image:height\" content=\"300\" \/>\n\t<meta property=\"og:image:type\" content=\"image\/jpeg\" \/>\n<meta name=\"twitter:card\" content=\"summary_large_image\" \/>\n<meta name=\"twitter:label1\" content=\"Est. reading time\" \/>\n\t<meta name=\"twitter:data1\" content=\"4 minutes\" \/>\n<script type=\"application\/ld+json\" class=\"yoast-schema-graph\">{\"@context\":\"https:\\\/\\\/schema.org\",\"@graph\":[{\"@type\":\"WebPage\",\"@id\":\"https:\\\/\\\/www.alcoawheels.com\\\/europe\\\/no\\\/vedlikehold\\\/\",\"url\":\"https:\\\/\\\/www.alcoawheels.com\\\/europe\\\/no\\\/vedlikehold\\\/\",\"name\":\"Alcoa Wheels | Tilbeh\u00f8r | Vedlikehold\",\"isPartOf\":{\"@id\":\"https:\\\/\\\/www.alcoawheels.com\\\/europe\\\/no\\\/#website\"},\"primaryImageOfPage\":{\"@id\":\"https:\\\/\\\/www.alcoawheels.com\\\/europe\\\/no\\\/vedlikehold\\\/#primaryimage\"},\"image\":{\"@id\":\"https:\\\/\\\/www.alcoawheels.com\\\/europe\\\/no\\\/vedlikehold\\\/#primaryimage\"},\"thumbnailUrl\":\"https:\\\/\\\/www.alcoawheels.com\\\/europe\\\/no\\\/wp-content\\\/uploads\\\/sites\\\/19\\\/2023\\\/06\\\/maintenance-Hubgrease-thumbnail.jpg\",\"datePublished\":\"2023-05-26T11:40:58+00:00\",\"dateModified\":\"2025-07-11T19:15:55+00:00\",\"breadcrumb\":{\"@id\":\"https:\\\/\\\/www.alcoawheels.com\\\/europe\\\/no\\\/vedlikehold\\\/#breadcrumb\"},\"inLanguage\":\"en-US\",\"potentialAction\":[{\"@type\":\"ReadAction\",\"target\":[\"https:\\\/\\\/www.alcoawheels.com\\\/europe\\\/no\\\/vedlikehold\\\/\"]}]},{\"@type\":\"ImageObject\",\"inLanguage\":\"en-US\",\"@id\":\"https:\\\/\\\/www.alcoawheels.com\\\/europe\\\/no\\\/vedlikehold\\\/#primaryimage\",\"url\":\"https:\\\/\\\/www.alcoawheels.com\\\/europe\\\/no\\\/wp-content\\\/uploads\\\/sites\\\/19\\\/2023\\\/06\\\/maintenance-Hubgrease-thumbnail.jpg\",\"contentUrl\":\"https:\\\/\\\/www.alcoawheels.com\\\/europe\\\/no\\\/wp-content\\\/uploads\\\/sites\\\/19\\\/2023\\\/06\\\/maintenance-Hubgrease-thumbnail.jpg\",\"width\":450,\"height\":300,\"caption\":\"HUBgrease\"},{\"@type\":\"BreadcrumbList\",\"@id\":\"https:\\\/\\\/www.alcoawheels.com\\\/europe\\\/no\\\/vedlikehold\\\/#breadcrumb\",\"itemListElement\":[{\"@type\":\"ListItem\",\"position\":1,\"name\":\"Home\",\"item\":\"https:\\\/\\\/www.alcoawheels.com\\\/europe\\\/no\\\/\"},{\"@type\":\"ListItem\",\"position\":2,\"name\":\"Vedlikehold\"}]},{\"@type\":\"WebSite\",\"@id\":\"https:\\\/\\\/www.alcoawheels.com\\\/europe\\\/no\\\/#website\",\"url\":\"https:\\\/\\\/www.alcoawheels.com\\\/europe\\\/no\\\/\",\"name\":\"Europe Norwegian\",\"description\":\"\",\"publisher\":{\"@id\":\"https:\\\/\\\/www.alcoawheels.com\\\/europe\\\/no\\\/#organization\"},\"potentialAction\":[{\"@type\":\"SearchAction\",\"target\":{\"@type\":\"EntryPoint\",\"urlTemplate\":\"https:\\\/\\\/www.alcoawheels.com\\\/europe\\\/no\\\/?s={search_term_string}\"},\"query-input\":{\"@type\":\"PropertyValueSpecification\",\"valueRequired\":true,\"valueName\":\"search_term_string\"}}],\"inLanguage\":\"en-US\"},{\"@type\":\"Organization\",\"@id\":\"https:\\\/\\\/www.alcoawheels.com\\\/europe\\\/no\\\/#organization\",\"name\":\"Europe Norwegian\",\"url\":\"https:\\\/\\\/www.alcoawheels.com\\\/europe\\\/no\\\/\",\"logo\":{\"@type\":\"ImageObject\",\"inLanguage\":\"en-US\",\"@id\":\"https:\\\/\\\/www.alcoawheels.com\\\/europe\\\/no\\\/#\\\/schema\\\/logo\\\/image\\\/\",\"url\":\"https:\\\/\\\/www.alcoawheels.com\\\/europe\\\/no\\\/wp-content\\\/uploads\\\/sites\\\/19\\\/2023\\\/05\\\/logo-black.gif\",\"contentUrl\":\"https:\\\/\\\/www.alcoawheels.com\\\/europe\\\/no\\\/wp-content\\\/uploads\\\/sites\\\/19\\\/2023\\\/05\\\/logo-black.gif\",\"width\":71,\"height\":64,\"caption\":\"Europe Norwegian\"},\"image\":{\"@id\":\"https:\\\/\\\/www.alcoawheels.com\\\/europe\\\/no\\\/#\\\/schema\\\/logo\\\/image\\\/\"}}]}<\/script>\n<!-- \/ Yoast SEO Premium plugin. -->","yoast_head_json":{"title":"Alcoa Wheels | Tilbeh\u00f8r | Vedlikehold","robots":{"index":"index","follow":"follow","max-snippet":"max-snippet:-1","max-image-preview":"max-image-preview:large","max-video-preview":"max-video-preview:-1"},"canonical":"https:\/\/www.alcoawheels.com\/europe\/no\/vedlikehold\/","og_locale":"en_US","og_type":"article","og_title":"Vedlikehold","og_description":"Accessoires voor Alcoa\u00ae wielen Het onderhoud van uw Alcoa\u00ae wielen is belangrijk en dient daarom een top prioriteit te zijn 1. Accessoires voor Alcoa\u00ae wielen zijn door de jaren heen ontwikkeld en geselecteerd om de wielen in optimale conditie te houden en een lange levensduur te garanderen. 2. Accessoires voor Alcoa\u00ae wielen zijn verkrijgbaar via [&hellip;]","og_url":"https:\/\/www.alcoawheels.com\/europe\/no\/vedlikehold\/","og_site_name":"Europe Norwegian","article_modified_time":"2025-07-11T19:15:55+00:00","og_image":[{"width":450,"height":300,"url":"https:\/\/www.alcoawheels.com\/europe\/no\/wp-content\/uploads\/sites\/19\/2023\/06\/maintenance-Hubgrease-thumbnail.jpg","type":"image\/jpeg"}],"twitter_card":"summary_large_image","twitter_misc":{"Est. reading time":"4 minutes"},"schema":{"@context":"https:\/\/schema.org","@graph":[{"@type":"WebPage","@id":"https:\/\/www.alcoawheels.com\/europe\/no\/vedlikehold\/","url":"https:\/\/www.alcoawheels.com\/europe\/no\/vedlikehold\/","name":"Alcoa Wheels | Tilbeh\u00f8r | Vedlikehold","isPartOf":{"@id":"https:\/\/www.alcoawheels.com\/europe\/no\/#website"},"primaryImageOfPage":{"@id":"https:\/\/www.alcoawheels.com\/europe\/no\/vedlikehold\/#primaryimage"},"image":{"@id":"https:\/\/www.alcoawheels.com\/europe\/no\/vedlikehold\/#primaryimage"},"thumbnailUrl":"https:\/\/www.alcoawheels.com\/europe\/no\/wp-content\/uploads\/sites\/19\/2023\/06\/maintenance-Hubgrease-thumbnail.jpg","datePublished":"2023-05-26T11:40:58+00:00","dateModified":"2025-07-11T19:15:55+00:00","breadcrumb":{"@id":"https:\/\/www.alcoawheels.com\/europe\/no\/vedlikehold\/#breadcrumb"},"inLanguage":"en-US","potentialAction":[{"@type":"ReadAction","target":["https:\/\/www.alcoawheels.com\/europe\/no\/vedlikehold\/"]}]},{"@type":"ImageObject","inLanguage":"en-US","@id":"https:\/\/www.alcoawheels.com\/europe\/no\/vedlikehold\/#primaryimage","url":"https:\/\/www.alcoawheels.com\/europe\/no\/wp-content\/uploads\/sites\/19\/2023\/06\/maintenance-Hubgrease-thumbnail.jpg","contentUrl":"https:\/\/www.alcoawheels.com\/europe\/no\/wp-content\/uploads\/sites\/19\/2023\/06\/maintenance-Hubgrease-thumbnail.jpg","width":450,"height":300,"caption":"HUBgrease"},{"@type":"BreadcrumbList","@id":"https:\/\/www.alcoawheels.com\/europe\/no\/vedlikehold\/#breadcrumb","itemListElement":[{"@type":"ListItem","position":1,"name":"Home","item":"https:\/\/www.alcoawheels.com\/europe\/no\/"},{"@type":"ListItem","position":2,"name":"Vedlikehold"}]},{"@type":"WebSite","@id":"https:\/\/www.alcoawheels.com\/europe\/no\/#website","url":"https:\/\/www.alcoawheels.com\/europe\/no\/","name":"Europe Norwegian","description":"","publisher":{"@id":"https:\/\/www.alcoawheels.com\/europe\/no\/#organization"},"potentialAction":[{"@type":"SearchAction","target":{"@type":"EntryPoint","urlTemplate":"https:\/\/www.alcoawheels.com\/europe\/no\/?s={search_term_string}"},"query-input":{"@type":"PropertyValueSpecification","valueRequired":true,"valueName":"search_term_string"}}],"inLanguage":"en-US"},{"@type":"Organization","@id":"https:\/\/www.alcoawheels.com\/europe\/no\/#organization","name":"Europe Norwegian","url":"https:\/\/www.alcoawheels.com\/europe\/no\/","logo":{"@type":"ImageObject","inLanguage":"en-US","@id":"https:\/\/www.alcoawheels.com\/europe\/no\/#\/schema\/logo\/image\/","url":"https:\/\/www.alcoawheels.com\/europe\/no\/wp-content\/uploads\/sites\/19\/2023\/05\/logo-black.gif","contentUrl":"https:\/\/www.alcoawheels.com\/europe\/no\/wp-content\/uploads\/sites\/19\/2023\/05\/logo-black.gif","width":71,"height":64,"caption":"Europe Norwegian"},"image":{"@id":"https:\/\/www.alcoawheels.com\/europe\/no\/#\/schema\/logo\/image\/"}}]}},"parsely":{"version":"1.1.0","canonical_url":"https:\/\/alcoawheels.com\/europe\/no\/vedlikehold\/","smart_links":{"inbound":0,"outbound":0},"traffic_boost_suggestions_count":0,"meta":{"@context":"https:\/\/schema.org","@type":"WebPage","headline":"Vedlikehold","url":"http:\/\/www.alcoawheels.com\/europe\/no\/vedlikehold\/","mainEntityOfPage":{"@type":"WebPage","@id":"http:\/\/www.alcoawheels.com\/europe\/no\/vedlikehold\/"},"thumbnailUrl":"https:\/\/www.alcoawheels.com\/europe\/no\/wp-content\/uploads\/sites\/19\/2023\/06\/maintenance-Hubgrease-thumbnail.jpg?w=150&h=150&crop=1","image":{"@type":"ImageObject","url":"https:\/\/www.alcoawheels.com\/europe\/no\/wp-content\/uploads\/sites\/19\/2023\/06\/maintenance-Hubgrease-thumbnail.jpg"},"articleSection":"Uncategorized","author":[{"@type":"Person","name":"howmet"}],"creator":["howmet"],"publisher":{"@type":"Organization","name":"Europe Norwegian","logo":""},"keywords":[],"dateCreated":"2023-05-26T11:40:58Z","datePublished":"2023-05-26T11:40:58Z","dateModified":"2025-07-11T19:15:55Z"},"rendered":"<script type=\"application\/ld+json\" class=\"wp-parsely-metadata\">{\"@context\":\"https:\\\/\\\/schema.org\",\"@type\":\"WebPage\",\"headline\":\"Vedlikehold\",\"url\":\"http:\\\/\\\/www.alcoawheels.com\\\/europe\\\/no\\\/vedlikehold\\\/\",\"mainEntityOfPage\":{\"@type\":\"WebPage\",\"@id\":\"http:\\\/\\\/www.alcoawheels.com\\\/europe\\\/no\\\/vedlikehold\\\/\"},\"thumbnailUrl\":\"https:\\\/\\\/www.alcoawheels.com\\\/europe\\\/no\\\/wp-content\\\/uploads\\\/sites\\\/19\\\/2023\\\/06\\\/maintenance-Hubgrease-thumbnail.jpg?w=150&h=150&crop=1\",\"image\":{\"@type\":\"ImageObject\",\"url\":\"https:\\\/\\\/www.alcoawheels.com\\\/europe\\\/no\\\/wp-content\\\/uploads\\\/sites\\\/19\\\/2023\\\/06\\\/maintenance-Hubgrease-thumbnail.jpg\"},\"articleSection\":\"Uncategorized\",\"author\":[{\"@type\":\"Person\",\"name\":\"howmet\"}],\"creator\":[\"howmet\"],\"publisher\":{\"@type\":\"Organization\",\"name\":\"Europe Norwegian\",\"logo\":\"\"},\"keywords\":[],\"dateCreated\":\"2023-05-26T11:40:58Z\",\"datePublished\":\"2023-05-26T11:40:58Z\",\"dateModified\":\"2025-07-11T19:15:55Z\"}<\/script>","tracker_url":"https:\/\/cdn.parsely.com\/keys\/alcoawheels.com\/p.js"},"jetpack_sharing_enabled":true,"_links":{"self":[{"href":"https:\/\/www.alcoawheels.com\/europe\/no\/wp-json\/wp\/v2\/pages\/27","targetHints":{"allow":["GET"]}}],"collection":[{"href":"https:\/\/www.alcoawheels.com\/europe\/no\/wp-json\/wp\/v2\/pages"}],"about":[{"href":"https:\/\/www.alcoawheels.com\/europe\/no\/wp-json\/wp\/v2\/types\/page"}],"author":[{"embeddable":true,"href":"https:\/\/www.alcoawheels.com\/europe\/no\/wp-json\/wp\/v2\/users\/44"}],"replies":[{"embeddable":true,"href":"https:\/\/www.alcoawheels.com\/europe\/no\/wp-json\/wp\/v2\/comments?post=27"}],"version-history":[{"count":13,"href":"https:\/\/www.alcoawheels.com\/europe\/no\/wp-json\/wp\/v2\/pages\/27\/revisions"}],"predecessor-version":[{"id":2295,"href":"https:\/\/www.alcoawheels.com\/europe\/no\/wp-json\/wp\/v2\/pages\/27\/revisions\/2295"}],"wp:featuredmedia":[{"embeddable":true,"href":"https:\/\/www.alcoawheels.com\/europe\/no\/wp-json\/wp\/v2\/media\/481"}],"wp:attachment":[{"href":"https:\/\/www.alcoawheels.com\/europe\/no\/wp-json\/wp\/v2\/media?parent=27"}],"curies":[{"name":"wp","href":"https:\/\/api.w.org\/{rel}","templated":true}]}}