{"id":29,"date":"2023-05-26T11:41:09","date_gmt":"2023-05-26T11:41:09","guid":{"rendered":"https:\/\/www.alcoawheels.com\/europe\/no\/?page_id=29"},"modified":"2025-11-24T16:01:08","modified_gmt":"2025-11-24T15:01:08","slug":"utseende","status":"publish","type":"page","link":"https:\/\/www.alcoawheels.com\/europe\/no\/utseende\/","title":{"rendered":"Utseende"},"content":{"rendered":"\n<div class=\"wp-block-alcoa-wheels-hero-banner-innerpage hero-banner with-image layout-2 overlayEnable align- vertical-align- align-center vertical-align-center\" style=\"background-color:#eee\"><img decoding=\"async\" src=\"https:\/\/www.alcoawheels.com\/europe\/no\/wp-content\/uploads\/sites\/19\/2023\/06\/appearance-banner.jpeg\" alt=\"Appearance Alcoa Wheels\" class=\"responsiveImage\"\/><div class=\"hero-banner__header\" style=\"text-align:center\"><div class=\"container\"><h1 class=\"hero-banner__header--title\">Utseende<\/h1><\/div><\/div><\/div>\n\n\n\n<div style=\"height:50px\" aria-hidden=\"true\" class=\"wp-block-spacer spacer-fifty\"><\/div>\n\n\n\n<h3 class=\"wp-block-heading\" id=\"h-tilbehor-til-alcoa-felger\">Tilbeh\u00f8r til Alcoa<sup>\u00ae<\/sup>-felger<\/h3>\n\n\n\n<p>Vedlikehold av Alcoa<sup>\u00ae<\/sup>-felger er og b\u00f8r v\u00e6re en topprioritet<\/p>\n\n\n\n<p>1. Tilbeh\u00f8rsprodukter for Alcoa<sup>\u00ae<\/sup>-felger er utviklet og valgt ut gjennom mange \u00e5r for \u00e5 holde felgene i best mulig stand og sikre lang levetid.<\/p>\n\n\n\n<p>2. Tilbeh\u00f8r til Alcoa<sup>\u00ae<\/sup>-felger er tilgjengelig fra v\u00e5rt autoriserte forhandlernettverk.<\/p>\n\n\n\n<hr class=\"wp-block-separator has-text-color has-alpha-channel-opacity has-background is-style-wide\" style=\"background-color:#cccccc;color:#cccccc\"\/>\n\n\n\n<div class=\"wp-block-alcoa-wheels-zigzag media-list__body\" id=\"zigzag-main-dd37ab2b-fdde-4f03-8751-426b0a716ec7\"><div class=\"media-list__body_main  vertical-align-center  container row-reverse\">\n<div class=\"wp-block-alcoa-wheels-zigzag-item media-list-item\"><div class=\"media-list-item__box_content\"><div class=\"media-list-item__box_content_inner\">\n<h5 class=\"wp-block-heading\" id=\"h-alcover-forkrommet-abs-alcover\"><strong>Alcover: Forkrommet ABS Alcover+<\/strong><\/h5>\n\n\n\n<p>Universell for Alcoa<sup>\u00ae<\/sup>-felger, hylsemuttere med 32 og 33 mm sekskant.<\/p>\n<\/div><\/div><div class=\"media-list-item__box_image\"><img loading=\"lazy\" decoding=\"async\" width=\"450\" height=\"323\" src=\"https:\/\/www.alcoawheels.com\/europe\/no\/wp-content\/uploads\/sites\/19\/2025\/08\/Alcover_chrome_plastic_web_450x323.jpg\" alt=\"Alcover: Forkrommet ABS Alcover\"\/><\/div><\/div>\n\n\n\n<div class=\"wp-block-alcoa-wheels-zigzag-item media-list-item\"><div class=\"media-list-item__box_content\"><div class=\"media-list-item__box_content_inner\">\n<h5 class=\"wp-block-heading has-text-align-right\" id=\"h-alcover-rustfritt-stal\"><strong>ALcover: rustfritt st\u00e5l<\/strong><\/h5>\n\n\n\n<p class=\"has-text-align-right\">Hjulmutterdeksler i rustfritt st\u00e5l av h\u00f8y kvalitet med preget Alcoa<sup>\u00ae<\/sup>-logo. Tilgjengelig for Alcoa<sup>\u00ae<\/sup>-felger med hylsemuttere. B\u00e5de 32 og 33 mm sekskant. Algrip, verkt\u00f8y for montering eller fjerning av st\u00e5lmuttere, kan bestilles separat.<\/p>\n<\/div><\/div><div class=\"media-list-item__box_image\"><img loading=\"lazy\" decoding=\"async\" width=\"450\" height=\"300\" src=\"https:\/\/www.alcoawheels.com\/europe\/no\/wp-content\/uploads\/sites\/19\/2025\/08\/ALcover-standard-steel-2025-web-resize.jpg\" alt=\"ALcover standard steel\"\/><\/div><\/div>\n\n\n\n<div class=\"wp-block-alcoa-wheels-zigzag-item media-list-item\"><div class=\"media-list-item__box_content\"><div class=\"media-list-item__box_content_inner\">\n<h5 class=\"wp-block-heading\" id=\"h-alcover-rustfritt-stal-ekstra-hoyt\"><strong>ALcover+ rustfritt st\u00e5l, ekstra h\u00f8yt<\/strong><\/h5>\n\n\n\n<p>Ekstra h\u00f8ye mutterdeksel i rustfritt st\u00e5l av h\u00f8y kvalitet med preget Alcoa<sup>\u00ae<\/sup>-logo.<\/p>\n\n\n\n<p>IDEELT for kj\u00f8ret\u00f8y med lengre bolter. Tilgjengelig for hjulmuttere med 32 mm og 33 mm sekskant.<\/p>\n<\/div><\/div><div class=\"media-list-item__box_image\"><img loading=\"lazy\" decoding=\"async\" width=\"450\" height=\"300\" src=\"https:\/\/www.alcoawheels.com\/europe\/no\/wp-content\/uploads\/sites\/19\/2025\/08\/ALcover_stainless_steel_nut_cover_box_1_450x300.jpg\" alt=\"ALcover+stainless steelnut cover box\"\/><\/div><\/div>\n\n\n\n<div class=\"wp-block-alcoa-wheels-zigzag-item media-list-item\"><div class=\"media-list-item__box_content\"><div class=\"media-list-item__box_content_inner\">\n<h5 class=\"wp-block-heading\" id=\"h-algrip\"><strong>ALgrip<\/strong><\/h5>\n\n\n\n<p>En tang for montering og fjerne hjulmuttere i rustfritt st\u00e5l. Algrip, verkt\u00f8y for montering eller fjerning av st\u00e5lmuttere, kan bestilles separat.<\/p>\n<\/div><\/div><div class=\"media-list-item__box_image\"><img loading=\"lazy\" decoding=\"async\" width=\"450\" height=\"300\" src=\"https:\/\/www.alcoawheels.com\/europe\/no\/wp-content\/uploads\/sites\/19\/2023\/06\/appearance-ALgrip-thumbnail.jpg\" alt=\"ALgrip\"\/><\/div><\/div>\n<\/div><\/div>\n\n\n\n<hr class=\"wp-block-separator has-text-color has-alpha-channel-opacity has-background is-style-wide\" style=\"background-color:#cccccc;color:#cccccc\"\/>\n\n\n\n<div style=\"height:50px\" aria-hidden=\"true\" class=\"wp-block-spacer spacer-fifty\"><\/div>\n\n\n\n<p class=\"u-margin-b10\">For mer informasjon:<\/p>\n\n\n\t\t<div class=\"wp-block-alcoa-product-literature\">\n\t\t\t<div class=\"product-literature-columns container wp-block-alcoa-wheels-related-documents\">\n\t\t\t\t\t\t\t\t\t<div class=\"literature-inner\">\n\t\t\t\t\t\t<div class=\"literature-inner-item\">\n\t\t\t\t\t\t\t<div class=\"pdf-lists-items\">\n\t\t\t\t\t\t\t\t\t\t\t\t\t\t\t\t\t\t\t\t\t\t\t\t\t\t<div class=\"pdf-files\">\n\t\t\t\t\t\t\t\t\t\t<a href=\"https:\/\/www.alcoawheels.com\/europe\/no\/wp-content\/uploads\/sites\/19\/2026\/02\/Alcoa-Wheels-Accessories-NO.pdf\" target=\"_blank\" class=\"pdf-file\">\n\t\t\t\t\t\t\t\t\t\t\tALCOA<sup>\u00ae<\/sup> tilbeh\u00f8rsprodukter\t\t\t\t\t\t\t\t\t\t<\/a>\n\t\t\t\t\t\t\t\t\t\t<div class=\"pdf-size\">2.93 MB<\/div>\n\t\t\t\t\t\t\t\t\t<\/div>\n\t\t\t\t\t\t\t\t\t\t\t\t\t\t\t<\/div>\n\t\t\t\t\t\t<\/div>\n\t\t\t\t\t<\/div>\n\t\t\t\t\t\t\t<\/div>\n\n\t\t<\/div>\n\n\n\n<div style=\"height:50px\" aria-hidden=\"true\" class=\"wp-block-spacer spacer-fifty\"><\/div>\n\n\n\n<div class=\"wp-block-alcoa-wheels-card-usecase-1 card-box-v1__body with-icon align-center vertical-align-center\" id=\"card_box_v1-cc77c781-6f12-42c1-a210-f221fd5f6633\"><div class=\"fullwidthcontainer\"><div class=\"card-box-v1__boxes has-4-columns\"><div class=\"card-box-v1__box  with-link \" style=\"background-color:#00afb9\"><img decoding=\"async\" src=\"https:\/\/www.alcoawheels.com\/europe\/no\/wp-content\/themes\/alcoa-wheels\/assets\/build\/js\/blocks\/card-usecase-1\/..\/..\/..\/images\/placeholder-image.db2b4d5c.jpeg\" alt=\"Kontakt\"\/><div class=\"card-box-v1__box__inner pos-abs\"><div class=\"card-box-v1__box_icon\"><img loading=\"lazy\" decoding=\"async\" width=\"171\" height=\"171\" src=\"https:\/\/www.alcoawheels.com\/europe\/no\/wp-content\/uploads\/sites\/19\/2023\/06\/contact.png\" alt=\"\"\/><\/div><div class=\"card-box-v1__box_content\"><h4 style=\"color:#ffffff\">Kontakt<\/h4><\/div><div class=\"btn-wrap\"><\/div><\/div><a href=\"\/europe\/no\/kontakt\" aria-label=\"Kontakt\"><\/a><\/div><div class=\"card-box-v1__box  with-link \" style=\"background-color:#34bfc7\"><img decoding=\"async\" src=\"https:\/\/www.alcoawheels.com\/europe\/no\/wp-content\/themes\/alcoa-wheels\/assets\/build\/js\/blocks\/card-usecase-1\/..\/..\/..\/images\/placeholder-image.db2b4d5c.jpeg\" alt=\"Felgutvalg\"\/><div class=\"card-box-v1__box__inner pos-abs\"><div class=\"card-box-v1__box_icon\"><img loading=\"lazy\" decoding=\"async\" width=\"169\" height=\"169\" src=\"https:\/\/www.alcoawheels.com\/europe\/no\/wp-content\/uploads\/sites\/19\/2023\/06\/product-search.png\" alt=\"\"\/><\/div><div class=\"card-box-v1__box_content\"><h4 style=\"color:#ffffff\">Felgutvalg<\/h4><\/div><div class=\"btn-wrap\"><\/div><\/div><a href=\"\/europe\/no\/felgutvalg\" aria-label=\"Felgutvalg\"><\/a><\/div><div class=\"card-box-v1__box  with-link \" style=\"background-color:#00afb9\"><img decoding=\"async\" src=\"https:\/\/www.alcoawheels.com\/europe\/no\/wp-content\/themes\/alcoa-wheels\/assets\/build\/js\/blocks\/card-usecase-1\/..\/..\/..\/images\/placeholder-image.db2b4d5c.jpeg\" alt=\"Forhandlere\"\/><div class=\"card-box-v1__box__inner pos-abs\"><div class=\"card-box-v1__box_icon\"><img loading=\"lazy\" decoding=\"async\" width=\"169\" height=\"169\" src=\"https:\/\/www.alcoawheels.com\/europe\/no\/wp-content\/uploads\/sites\/19\/2023\/06\/where-to-buy.png\" alt=\"\"\/><\/div><div class=\"card-box-v1__box_content\"><h4 style=\"color:#ffffff\">Forhandlere<\/h4><\/div><div class=\"btn-wrap\"><\/div><\/div><a href=\"\/europe\/no\/forhandlere\" aria-label=\"Forhandlere\"><\/a><\/div><div class=\"card-box-v1__box  with-link \" style=\"background-color:#34bfc7\"><img decoding=\"async\" src=\"https:\/\/www.alcoawheels.com\/europe\/no\/wp-content\/themes\/alcoa-wheels\/assets\/build\/js\/blocks\/card-usecase-1\/..\/..\/..\/images\/placeholder-image.db2b4d5c.jpeg\" alt=\"Nedlastinger\"\/><div class=\"card-box-v1__box__inner pos-abs\"><div class=\"card-box-v1__box_icon\"><img loading=\"lazy\" decoding=\"async\" width=\"169\" height=\"169\" src=\"https:\/\/www.alcoawheels.com\/europe\/no\/wp-content\/uploads\/sites\/19\/2023\/06\/product-literature.png\" alt=\"\"\/><\/div><div class=\"card-box-v1__box_content\"><h4 style=\"color:#ffffff\">Nedlastinger<\/h4><\/div><div class=\"btn-wrap\"><\/div><\/div><a href=\"\/europe\/no\/hvordan-rengjore\/#db-video\" aria-label=\"Nedlastinger\"><\/a><\/div><\/div><\/div><\/div>\n","protected":false},"excerpt":{"rendered":"<p>Tilbeh\u00f8r til Alcoa\u00ae-felger Vedlikehold av Alcoa\u00ae-felger er og b\u00f8r v\u00e6re en topprioritet 1. Tilbeh\u00f8rsprodukter for Alcoa\u00ae-felger er utviklet og valgt ut gjennom mange \u00e5r for \u00e5 holde felgene i best mulig stand og sikre lang levetid. 2. Tilbeh\u00f8r til Alcoa\u00ae-felger er tilgjengelig fra v\u00e5rt autoriserte forhandlernettverk. For mer informasjon:<\/p>\n","protected":false},"author":44,"featured_media":2367,"parent":0,"menu_order":0,"comment_status":"closed","ping_status":"closed","template":"","meta":{"_acf_changed":false,"protected_reviewer_email":"","editor_notices":[],"footnotes":""},"class_list":["post-29","page","type-page","status-publish","has-post-thumbnail","hentry"],"acf":[],"yoast_head":"<!-- This site is optimized with the Yoast SEO Premium plugin v27.3 (Yoast SEO v27.3) - https:\/\/yoast.com\/product\/yoast-seo-premium-wordpress\/ -->\n<title>Alcoa Wheels | Tilbeh\u00f8r | Utseende<\/title>\n<meta name=\"robots\" content=\"index, follow, max-snippet:-1, max-image-preview:large, max-video-preview:-1\" \/>\n<link rel=\"canonical\" href=\"https:\/\/www.alcoawheels.com\/europe\/no\/utseende\/\" \/>\n<meta property=\"og:locale\" content=\"en_US\" \/>\n<meta property=\"og:type\" content=\"article\" \/>\n<meta property=\"og:title\" content=\"Utseende\" \/>\n<meta property=\"og:description\" content=\"Tilbeh\u00f8r til Alcoa\u00ae-felger Vedlikehold av Alcoa\u00ae-felger er og b\u00f8r v\u00e6re en topprioritet 1. Tilbeh\u00f8rsprodukter for Alcoa\u00ae-felger er utviklet og valgt ut gjennom mange \u00e5r for \u00e5 holde felgene i best mulig stand og sikre lang levetid. 2. Tilbeh\u00f8r til Alcoa\u00ae-felger er tilgjengelig fra v\u00e5rt autoriserte forhandlernettverk. For mer informasjon:\" \/>\n<meta property=\"og:url\" content=\"https:\/\/www.alcoawheels.com\/europe\/no\/utseende\/\" \/>\n<meta property=\"og:site_name\" content=\"Europe Norwegian\" \/>\n<meta property=\"article:modified_time\" content=\"2025-11-24T15:01:08+00:00\" \/>\n<meta property=\"og:image\" content=\"https:\/\/www.alcoawheels.com\/europe\/no\/wp-content\/uploads\/sites\/19\/2025\/11\/Alcover_chrome_plastic_box_and_Alcover_3pc_low-resize.jpg\" \/>\n\t<meta property=\"og:image:width\" content=\"450\" \/>\n\t<meta property=\"og:image:height\" content=\"300\" \/>\n\t<meta property=\"og:image:type\" content=\"image\/jpeg\" \/>\n<meta name=\"twitter:card\" content=\"summary_large_image\" \/>\n<meta name=\"twitter:label1\" content=\"Est. reading time\" \/>\n\t<meta name=\"twitter:data1\" content=\"4 minutes\" \/>\n<script type=\"application\/ld+json\" class=\"yoast-schema-graph\">{\"@context\":\"https:\\\/\\\/schema.org\",\"@graph\":[{\"@type\":\"WebPage\",\"@id\":\"https:\\\/\\\/www.alcoawheels.com\\\/europe\\\/no\\\/utseende\\\/\",\"url\":\"https:\\\/\\\/www.alcoawheels.com\\\/europe\\\/no\\\/utseende\\\/\",\"name\":\"Alcoa Wheels | Tilbeh\u00f8r | Utseende\",\"isPartOf\":{\"@id\":\"https:\\\/\\\/www.alcoawheels.com\\\/europe\\\/no\\\/#website\"},\"primaryImageOfPage\":{\"@id\":\"https:\\\/\\\/www.alcoawheels.com\\\/europe\\\/no\\\/utseende\\\/#primaryimage\"},\"image\":{\"@id\":\"https:\\\/\\\/www.alcoawheels.com\\\/europe\\\/no\\\/utseende\\\/#primaryimage\"},\"thumbnailUrl\":\"https:\\\/\\\/www.alcoawheels.com\\\/europe\\\/no\\\/wp-content\\\/uploads\\\/sites\\\/19\\\/2025\\\/11\\\/Alcover_chrome_plastic_box_and_Alcover_3pc_low-resize.jpg\",\"datePublished\":\"2023-05-26T11:41:09+00:00\",\"dateModified\":\"2025-11-24T15:01:08+00:00\",\"breadcrumb\":{\"@id\":\"https:\\\/\\\/www.alcoawheels.com\\\/europe\\\/no\\\/utseende\\\/#breadcrumb\"},\"inLanguage\":\"en-US\",\"potentialAction\":[{\"@type\":\"ReadAction\",\"target\":[\"https:\\\/\\\/www.alcoawheels.com\\\/europe\\\/no\\\/utseende\\\/\"]}]},{\"@type\":\"ImageObject\",\"inLanguage\":\"en-US\",\"@id\":\"https:\\\/\\\/www.alcoawheels.com\\\/europe\\\/no\\\/utseende\\\/#primaryimage\",\"url\":\"https:\\\/\\\/www.alcoawheels.com\\\/europe\\\/no\\\/wp-content\\\/uploads\\\/sites\\\/19\\\/2025\\\/11\\\/Alcover_chrome_plastic_box_and_Alcover_3pc_low-resize.jpg\",\"contentUrl\":\"https:\\\/\\\/www.alcoawheels.com\\\/europe\\\/no\\\/wp-content\\\/uploads\\\/sites\\\/19\\\/2025\\\/11\\\/Alcover_chrome_plastic_box_and_Alcover_3pc_low-resize.jpg\",\"width\":450,\"height\":300,\"caption\":\"Chromed plastic Alcovers\"},{\"@type\":\"BreadcrumbList\",\"@id\":\"https:\\\/\\\/www.alcoawheels.com\\\/europe\\\/no\\\/utseende\\\/#breadcrumb\",\"itemListElement\":[{\"@type\":\"ListItem\",\"position\":1,\"name\":\"Home\",\"item\":\"https:\\\/\\\/www.alcoawheels.com\\\/europe\\\/no\\\/\"},{\"@type\":\"ListItem\",\"position\":2,\"name\":\"Utseende\"}]},{\"@type\":\"WebSite\",\"@id\":\"https:\\\/\\\/www.alcoawheels.com\\\/europe\\\/no\\\/#website\",\"url\":\"https:\\\/\\\/www.alcoawheels.com\\\/europe\\\/no\\\/\",\"name\":\"Europe Norwegian\",\"description\":\"\",\"publisher\":{\"@id\":\"https:\\\/\\\/www.alcoawheels.com\\\/europe\\\/no\\\/#organization\"},\"potentialAction\":[{\"@type\":\"SearchAction\",\"target\":{\"@type\":\"EntryPoint\",\"urlTemplate\":\"https:\\\/\\\/www.alcoawheels.com\\\/europe\\\/no\\\/?s={search_term_string}\"},\"query-input\":{\"@type\":\"PropertyValueSpecification\",\"valueRequired\":true,\"valueName\":\"search_term_string\"}}],\"inLanguage\":\"en-US\"},{\"@type\":\"Organization\",\"@id\":\"https:\\\/\\\/www.alcoawheels.com\\\/europe\\\/no\\\/#organization\",\"name\":\"Europe Norwegian\",\"url\":\"https:\\\/\\\/www.alcoawheels.com\\\/europe\\\/no\\\/\",\"logo\":{\"@type\":\"ImageObject\",\"inLanguage\":\"en-US\",\"@id\":\"https:\\\/\\\/www.alcoawheels.com\\\/europe\\\/no\\\/#\\\/schema\\\/logo\\\/image\\\/\",\"url\":\"https:\\\/\\\/www.alcoawheels.com\\\/europe\\\/no\\\/wp-content\\\/uploads\\\/sites\\\/19\\\/2023\\\/05\\\/logo-black.gif\",\"contentUrl\":\"https:\\\/\\\/www.alcoawheels.com\\\/europe\\\/no\\\/wp-content\\\/uploads\\\/sites\\\/19\\\/2023\\\/05\\\/logo-black.gif\",\"width\":71,\"height\":64,\"caption\":\"Europe Norwegian\"},\"image\":{\"@id\":\"https:\\\/\\\/www.alcoawheels.com\\\/europe\\\/no\\\/#\\\/schema\\\/logo\\\/image\\\/\"}}]}<\/script>\n<!-- \/ Yoast SEO Premium plugin. -->","yoast_head_json":{"title":"Alcoa Wheels | Tilbeh\u00f8r | Utseende","robots":{"index":"index","follow":"follow","max-snippet":"max-snippet:-1","max-image-preview":"max-image-preview:large","max-video-preview":"max-video-preview:-1"},"canonical":"https:\/\/www.alcoawheels.com\/europe\/no\/utseende\/","og_locale":"en_US","og_type":"article","og_title":"Utseende","og_description":"Tilbeh\u00f8r til Alcoa\u00ae-felger Vedlikehold av Alcoa\u00ae-felger er og b\u00f8r v\u00e6re en topprioritet 1. Tilbeh\u00f8rsprodukter for Alcoa\u00ae-felger er utviklet og valgt ut gjennom mange \u00e5r for \u00e5 holde felgene i best mulig stand og sikre lang levetid. 2. Tilbeh\u00f8r til Alcoa\u00ae-felger er tilgjengelig fra v\u00e5rt autoriserte forhandlernettverk. For mer informasjon:","og_url":"https:\/\/www.alcoawheels.com\/europe\/no\/utseende\/","og_site_name":"Europe Norwegian","article_modified_time":"2025-11-24T15:01:08+00:00","og_image":[{"width":450,"height":300,"url":"https:\/\/www.alcoawheels.com\/europe\/no\/wp-content\/uploads\/sites\/19\/2025\/11\/Alcover_chrome_plastic_box_and_Alcover_3pc_low-resize.jpg","type":"image\/jpeg"}],"twitter_card":"summary_large_image","twitter_misc":{"Est. reading time":"4 minutes"},"schema":{"@context":"https:\/\/schema.org","@graph":[{"@type":"WebPage","@id":"https:\/\/www.alcoawheels.com\/europe\/no\/utseende\/","url":"https:\/\/www.alcoawheels.com\/europe\/no\/utseende\/","name":"Alcoa Wheels | Tilbeh\u00f8r | Utseende","isPartOf":{"@id":"https:\/\/www.alcoawheels.com\/europe\/no\/#website"},"primaryImageOfPage":{"@id":"https:\/\/www.alcoawheels.com\/europe\/no\/utseende\/#primaryimage"},"image":{"@id":"https:\/\/www.alcoawheels.com\/europe\/no\/utseende\/#primaryimage"},"thumbnailUrl":"https:\/\/www.alcoawheels.com\/europe\/no\/wp-content\/uploads\/sites\/19\/2025\/11\/Alcover_chrome_plastic_box_and_Alcover_3pc_low-resize.jpg","datePublished":"2023-05-26T11:41:09+00:00","dateModified":"2025-11-24T15:01:08+00:00","breadcrumb":{"@id":"https:\/\/www.alcoawheels.com\/europe\/no\/utseende\/#breadcrumb"},"inLanguage":"en-US","potentialAction":[{"@type":"ReadAction","target":["https:\/\/www.alcoawheels.com\/europe\/no\/utseende\/"]}]},{"@type":"ImageObject","inLanguage":"en-US","@id":"https:\/\/www.alcoawheels.com\/europe\/no\/utseende\/#primaryimage","url":"https:\/\/www.alcoawheels.com\/europe\/no\/wp-content\/uploads\/sites\/19\/2025\/11\/Alcover_chrome_plastic_box_and_Alcover_3pc_low-resize.jpg","contentUrl":"https:\/\/www.alcoawheels.com\/europe\/no\/wp-content\/uploads\/sites\/19\/2025\/11\/Alcover_chrome_plastic_box_and_Alcover_3pc_low-resize.jpg","width":450,"height":300,"caption":"Chromed plastic Alcovers"},{"@type":"BreadcrumbList","@id":"https:\/\/www.alcoawheels.com\/europe\/no\/utseende\/#breadcrumb","itemListElement":[{"@type":"ListItem","position":1,"name":"Home","item":"https:\/\/www.alcoawheels.com\/europe\/no\/"},{"@type":"ListItem","position":2,"name":"Utseende"}]},{"@type":"WebSite","@id":"https:\/\/www.alcoawheels.com\/europe\/no\/#website","url":"https:\/\/www.alcoawheels.com\/europe\/no\/","name":"Europe Norwegian","description":"","publisher":{"@id":"https:\/\/www.alcoawheels.com\/europe\/no\/#organization"},"potentialAction":[{"@type":"SearchAction","target":{"@type":"EntryPoint","urlTemplate":"https:\/\/www.alcoawheels.com\/europe\/no\/?s={search_term_string}"},"query-input":{"@type":"PropertyValueSpecification","valueRequired":true,"valueName":"search_term_string"}}],"inLanguage":"en-US"},{"@type":"Organization","@id":"https:\/\/www.alcoawheels.com\/europe\/no\/#organization","name":"Europe Norwegian","url":"https:\/\/www.alcoawheels.com\/europe\/no\/","logo":{"@type":"ImageObject","inLanguage":"en-US","@id":"https:\/\/www.alcoawheels.com\/europe\/no\/#\/schema\/logo\/image\/","url":"https:\/\/www.alcoawheels.com\/europe\/no\/wp-content\/uploads\/sites\/19\/2023\/05\/logo-black.gif","contentUrl":"https:\/\/www.alcoawheels.com\/europe\/no\/wp-content\/uploads\/sites\/19\/2023\/05\/logo-black.gif","width":71,"height":64,"caption":"Europe Norwegian"},"image":{"@id":"https:\/\/www.alcoawheels.com\/europe\/no\/#\/schema\/logo\/image\/"}}]}},"parsely":{"version":"1.1.0","canonical_url":"https:\/\/alcoawheels.com\/europe\/no\/utseende\/","smart_links":{"inbound":0,"outbound":0},"traffic_boost_suggestions_count":0,"meta":{"@context":"https:\/\/schema.org","@type":"WebPage","headline":"Utseende","url":"http:\/\/www.alcoawheels.com\/europe\/no\/utseende\/","mainEntityOfPage":{"@type":"WebPage","@id":"http:\/\/www.alcoawheels.com\/europe\/no\/utseende\/"},"thumbnailUrl":"https:\/\/www.alcoawheels.com\/europe\/no\/wp-content\/uploads\/sites\/19\/2025\/11\/Alcover_chrome_plastic_box_and_Alcover_3pc_low-resize.jpg?w=150&h=150&crop=1","image":{"@type":"ImageObject","url":"https:\/\/www.alcoawheels.com\/europe\/no\/wp-content\/uploads\/sites\/19\/2025\/11\/Alcover_chrome_plastic_box_and_Alcover_3pc_low-resize.jpg"},"articleSection":"Uncategorized","author":[{"@type":"Person","name":"howmet"}],"creator":["howmet"],"publisher":{"@type":"Organization","name":"Europe Norwegian","logo":""},"keywords":[],"dateCreated":"2023-05-26T11:41:09Z","datePublished":"2023-05-26T11:41:09Z","dateModified":"2025-11-24T15:01:08Z"},"rendered":"<script type=\"application\/ld+json\" class=\"wp-parsely-metadata\">{\"@context\":\"https:\\\/\\\/schema.org\",\"@type\":\"WebPage\",\"headline\":\"Utseende\",\"url\":\"http:\\\/\\\/www.alcoawheels.com\\\/europe\\\/no\\\/utseende\\\/\",\"mainEntityOfPage\":{\"@type\":\"WebPage\",\"@id\":\"http:\\\/\\\/www.alcoawheels.com\\\/europe\\\/no\\\/utseende\\\/\"},\"thumbnailUrl\":\"https:\\\/\\\/www.alcoawheels.com\\\/europe\\\/no\\\/wp-content\\\/uploads\\\/sites\\\/19\\\/2025\\\/11\\\/Alcover_chrome_plastic_box_and_Alcover_3pc_low-resize.jpg?w=150&h=150&crop=1\",\"image\":{\"@type\":\"ImageObject\",\"url\":\"https:\\\/\\\/www.alcoawheels.com\\\/europe\\\/no\\\/wp-content\\\/uploads\\\/sites\\\/19\\\/2025\\\/11\\\/Alcover_chrome_plastic_box_and_Alcover_3pc_low-resize.jpg\"},\"articleSection\":\"Uncategorized\",\"author\":[{\"@type\":\"Person\",\"name\":\"howmet\"}],\"creator\":[\"howmet\"],\"publisher\":{\"@type\":\"Organization\",\"name\":\"Europe Norwegian\",\"logo\":\"\"},\"keywords\":[],\"dateCreated\":\"2023-05-26T11:41:09Z\",\"datePublished\":\"2023-05-26T11:41:09Z\",\"dateModified\":\"2025-11-24T15:01:08Z\"}<\/script>","tracker_url":"https:\/\/cdn.parsely.com\/keys\/alcoawheels.com\/p.js"},"jetpack_sharing_enabled":true,"_links":{"self":[{"href":"https:\/\/www.alcoawheels.com\/europe\/no\/wp-json\/wp\/v2\/pages\/29","targetHints":{"allow":["GET"]}}],"collection":[{"href":"https:\/\/www.alcoawheels.com\/europe\/no\/wp-json\/wp\/v2\/pages"}],"about":[{"href":"https:\/\/www.alcoawheels.com\/europe\/no\/wp-json\/wp\/v2\/types\/page"}],"author":[{"embeddable":true,"href":"https:\/\/www.alcoawheels.com\/europe\/no\/wp-json\/wp\/v2\/users\/44"}],"replies":[{"embeddable":true,"href":"https:\/\/www.alcoawheels.com\/europe\/no\/wp-json\/wp\/v2\/comments?post=29"}],"version-history":[{"count":20,"href":"https:\/\/www.alcoawheels.com\/europe\/no\/wp-json\/wp\/v2\/pages\/29\/revisions"}],"predecessor-version":[{"id":2339,"href":"https:\/\/www.alcoawheels.com\/europe\/no\/wp-json\/wp\/v2\/pages\/29\/revisions\/2339"}],"wp:featuredmedia":[{"embeddable":true,"href":"https:\/\/www.alcoawheels.com\/europe\/no\/wp-json\/wp\/v2\/media\/2367"}],"wp:attachment":[{"href":"https:\/\/www.alcoawheels.com\/europe\/no\/wp-json\/wp\/v2\/media?parent=29"}],"curies":[{"name":"wp","href":"https:\/\/api.w.org\/{rel}","templated":true}]}}