		{"id":33,"date":"2023-05-26T11:41:35","date_gmt":"2023-05-26T11:41:35","guid":{"rendered":"https:\/\/www.alcoawheels.com\/europe\/no\/?page_id=33"},"modified":"2025-12-15T14:44:48","modified_gmt":"2025-12-15T13:44:48","slug":"forhandlere","status":"publish","type":"page","link":"https:\/\/www.alcoawheels.com\/europe\/no\/forhandlere\/","title":{"rendered":"Forhandlere"},"content":{"rendered":"\n<div class=\"wp-block-alcoa-wheels-hero-banner-innerpage hero-banner with-image layout-2 overlayEnable align- vertical-align-\" style=\"background-color:#eee\"><img decoding=\"async\" src=\"https:\/\/www.alcoawheels.com\/europe\/no\/wp-content\/uploads\/sites\/19\/2023\/06\/hero-where-to-buy.jpeg\" alt=\"hero-where-to-buy\" class=\"responsiveImage\"\/><div class=\"hero-banner__header\" style=\"text-align:center\"><div class=\"container\"><h1 class=\"hero-banner__header--title\">Finn en forhandler<\/h1><\/div><\/div><\/div>\n\n\n\n<div style=\"height:50px\" aria-hidden=\"true\" class=\"wp-block-spacer spacer-fifty\"><\/div>\n\n\n\n<h5 class=\"wp-block-heading\" id=\"h-hvordan-kjope-smidd-aluminium-alcoa-felger\"><strong>Hvordan kj\u00f8pe smidd aluminium Alcoa<sup>\u00ae<\/sup>-felger?<\/strong><\/h5>\n\n\n\n<p>Alcoa<sup>\u00ae<\/sup>-felger kan kj\u00f8pes via det offisielle forhandlernettverket. S\u00f8k etter din n\u00e6rmeste forhandler, eller ta kontakt med din bilprodusent.<\/p>\n\n\n\n<hr class=\"wp-block-separator alignwide has-text-color has-alpha-channel-opacity has-background is-style-wide\" style=\"background-color:#282828;color:#282828\"\/>\n\n\n\n<div style=\"height:50px\" aria-hidden=\"true\" class=\"wp-block-spacer spacer-fifty\"><\/div>\n\n\n\n<h5 class=\"wp-block-heading\"><strong>S\u00f8k etter forhandler:<\/strong><\/h5>\n\n\n\n<p>Finn forhandler av Alcoa<sup>\u00ae<\/sup> hjul- og tilbeh\u00f8rsprodukter<\/p>\n\n\n\t\t<div class=\"wp-block-aw-distributor-distributors-location\" data-nonce=\"0d198181b1\">\n\t\t\t\t\t\t\t<div class=\"distributor-map\">\n\t\t\t\t\t<div class=\"form-group\">\n\t\t\t\t\t\t\t\t\t\t\t\t\t\t<select id=\"country\" name=\"country\" size=\"1\">\n\t\t\t\t\t\t\t\t\t<option selected=\"selected\" value=\"\">Vis alle beliggenheter<\/option>\n\t\t\t\t\t\t\t\t\t\t\t\t\t\t\t\t\t\t\t<option value=\"austria\">AUSTRIA<\/option>\n\t\t\t\t\t\t\t\t\t\t\t\t\t\t\t\t\t\t\t<option value=\"belgium\">BELGIUM<\/option>\n\t\t\t\t\t\t\t\t\t\t\t\t\t\t\t\t\t\t\t<option value=\"czech-republic\">CZECH REPUBLIC<\/option>\n\t\t\t\t\t\t\t\t\t\t\t\t\t\t\t\t\t\t\t<option value=\"denmark\">DENMARK<\/option>\n\t\t\t\t\t\t\t\t\t\t\t\t\t\t\t\t\t\t\t<option value=\"finland\">FINLAND<\/option>\n\t\t\t\t\t\t\t\t\t\t\t\t\t\t\t\t\t\t\t<option value=\"france\">FRANCE<\/option>\n\t\t\t\t\t\t\t\t\t\t\t\t\t\t\t\t\t\t\t<option value=\"germany\">GERMANY<\/option>\n\t\t\t\t\t\t\t\t\t\t\t\t\t\t\t\t\t\t\t<option value=\"greece\">GREECE<\/option>\n\t\t\t\t\t\t\t\t\t\t\t\t\t\t\t\t\t\t\t<option value=\"hungary\">HUNGARY<\/option>\n\t\t\t\t\t\t\t\t\t\t\t\t\t\t\t\t\t\t\t<option value=\"ireland\">IRELAND<\/option>\n\t\t\t\t\t\t\t\t\t\t\t\t\t\t\t\t\t\t\t<option value=\"israel\">ISRAEL<\/option>\n\t\t\t\t\t\t\t\t\t\t\t\t\t\t\t\t\t\t\t<option value=\"italy\">ITALY<\/option>\n\t\t\t\t\t\t\t\t\t\t\t\t\t\t\t\t\t\t\t<option value=\"lithuania\">LITHUANIA<\/option>\n\t\t\t\t\t\t\t\t\t\t\t\t\t\t\t\t\t\t\t<option value=\"luxembourg\">LUXEMBOURG<\/option>\n\t\t\t\t\t\t\t\t\t\t\t\t\t\t\t\t\t\t\t<option value=\"netherlands\">NETHERLANDS<\/option>\n\t\t\t\t\t\t\t\t\t\t\t\t\t\t\t\t\t\t\t<option value=\"norway\">NORWAY<\/option>\n\t\t\t\t\t\t\t\t\t\t\t\t\t\t\t\t\t\t\t<option value=\"poland\">POLAND<\/option>\n\t\t\t\t\t\t\t\t\t\t\t\t\t\t\t\t\t\t\t<option value=\"portugal\">PORTUGAL<\/option>\n\t\t\t\t\t\t\t\t\t\t\t\t\t\t\t\t\t\t\t<option value=\"romania\">ROMANIA<\/option>\n\t\t\t\t\t\t\t\t\t\t\t\t\t\t\t\t\t\t\t<option value=\"serbia\">SERBIA<\/option>\n\t\t\t\t\t\t\t\t\t\t\t\t\t\t\t\t\t\t\t<option value=\"slovakia\">SLOVAKIA<\/option>\n\t\t\t\t\t\t\t\t\t\t\t\t\t\t\t\t\t\t\t<option value=\"slovenia\">SLOVENIA<\/option>\n\t\t\t\t\t\t\t\t\t\t\t\t\t\t\t\t\t\t\t<option value=\"spain\">SPAIN<\/option>\n\t\t\t\t\t\t\t\t\t\t\t\t\t\t\t\t\t\t\t<option value=\"sweden\">SWEDEN<\/option>\n\t\t\t\t\t\t\t\t\t\t\t\t\t\t\t\t\t\t\t<option value=\"switzerland\">SWITZERLAND<\/option>\n\t\t\t\t\t\t\t\t\t\t\t\t\t\t\t\t\t\t\t<option value=\"turkey\">TURKEY<\/option>\n\t\t\t\t\t\t\t\t\t\t\t\t\t\t\t\t\t\t\t<option value=\"united-kingdom\">UNITED KINGDOM<\/option>\n\t\t\t\t\t\t\t\t\t\t\t\t\t\t\t\t\t<\/select>\n\t\t\t\t\t\t\t\t\t\t\t\t\t\t\t\t\t\t\t<\/div>\n\t\t\t\t<\/div>\n\t\t\t\t<input type='hidden' id='map-latitude' value='51.5'>\n\t\t\t\t<input type='hidden' id='map-longitude' value='15'>\n\t\t\t\t\t\t\t\t\t<img decoding=\"async\" src=\"https:\/\/www.alcoawheels.com\/europe\/no\/wp-content\/plugins\/aw-distributors\/\/assets\/images\/google-map.png\" alt=\"google-map\">\n\t\t\t\t\t\t<\/div>\n\t\t\n\n\n<p>For land som ikke er nevnt i listen, fyll ut v\u00e5rt <a href=\"https:\/\/www.alcoawheels.com\/europe\/no\/kontakt\/\">kontaktskjema<\/a>.<\/p>\n\n\n\n<div style=\"height:50px\" aria-hidden=\"true\" class=\"wp-block-spacer spacer-fifty\"><\/div>\n\n\n\n<div style=\"height:50px\" aria-hidden=\"true\" class=\"wp-block-spacer spacer-fifty\"><\/div>\n\n\n\n<div class=\"wp-block-alcoa-wheels-card-usecase-1 card-box-v1__body with-icon align-center vertical-align-center\" id=\"card_box_v1-cc77c781-6f12-42c1-a210-f221fd5f6633\"><div class=\"fullwidthcontainer\"><div class=\"card-box-v1__boxes has-4-columns\"><div class=\"card-box-v1__box  with-link \" style=\"background-color:#00afb9\"><img decoding=\"async\" src=\"https:\/\/www.alcoawheels.com\/europe\/no\/wp-content\/themes\/alcoa-wheels\/assets\/build\/js\/blocks\/card-usecase-1\/..\/..\/..\/images\/placeholder-image.db2b4d5c.jpeg\" alt=\"Kontakt\"\/><div class=\"card-box-v1__box__inner pos-abs\"><div class=\"card-box-v1__box_icon\"><img loading=\"lazy\" decoding=\"async\" width=\"171\" height=\"171\" src=\"https:\/\/www.alcoawheels.com\/europe\/no\/wp-content\/uploads\/sites\/19\/2023\/06\/contact.png\" alt=\"\"\/><\/div><div class=\"card-box-v1__box_content\"><h4 style=\"color:#ffffff\">Kontakt<\/h4><\/div><div class=\"btn-wrap\"><\/div><\/div><a href=\"\/europe\/no\/kontakt\" aria-label=\"Kontakt\"><\/a><\/div><div class=\"card-box-v1__box  with-link \" style=\"background-color:#34bfc7\"><img decoding=\"async\" src=\"https:\/\/www.alcoawheels.com\/europe\/no\/wp-content\/themes\/alcoa-wheels\/assets\/build\/js\/blocks\/card-usecase-1\/..\/..\/..\/images\/placeholder-image.db2b4d5c.jpeg\" alt=\"Felgutvalg\"\/><div class=\"card-box-v1__box__inner pos-abs\"><div class=\"card-box-v1__box_icon\"><img loading=\"lazy\" decoding=\"async\" width=\"169\" height=\"169\" src=\"https:\/\/www.alcoawheels.com\/europe\/no\/wp-content\/uploads\/sites\/19\/2023\/06\/product-search.png\" alt=\"\"\/><\/div><div class=\"card-box-v1__box_content\"><h4 style=\"color:#ffffff\">Felgutvalg<\/h4><\/div><div class=\"btn-wrap\"><\/div><\/div><a href=\"\/europe\/no\/felgutvalg\" aria-label=\"Felgutvalg\"><\/a><\/div><div class=\"card-box-v1__box  with-link \" style=\"background-color:#00afb9\"><img decoding=\"async\" src=\"https:\/\/www.alcoawheels.com\/europe\/no\/wp-content\/themes\/alcoa-wheels\/assets\/build\/js\/blocks\/card-usecase-1\/..\/..\/..\/images\/placeholder-image.db2b4d5c.jpeg\" alt=\"Forhandlere\"\/><div class=\"card-box-v1__box__inner pos-abs\"><div class=\"card-box-v1__box_icon\"><img loading=\"lazy\" decoding=\"async\" width=\"169\" height=\"169\" src=\"https:\/\/www.alcoawheels.com\/europe\/no\/wp-content\/uploads\/sites\/19\/2023\/06\/where-to-buy.png\" alt=\"\"\/><\/div><div class=\"card-box-v1__box_content\"><h4 style=\"color:#ffffff\">Forhandlere<\/h4><\/div><div class=\"btn-wrap\"><\/div><\/div><a href=\"\/europe\/no\/forhandlere\" aria-label=\"Forhandlere\"><\/a><\/div><div class=\"card-box-v1__box  with-link \" style=\"background-color:#34bfc7\"><img decoding=\"async\" src=\"https:\/\/www.alcoawheels.com\/europe\/no\/wp-content\/themes\/alcoa-wheels\/assets\/build\/js\/blocks\/card-usecase-1\/..\/..\/..\/images\/placeholder-image.db2b4d5c.jpeg\" alt=\"Nedlastinger\"\/><div class=\"card-box-v1__box__inner pos-abs\"><div class=\"card-box-v1__box_icon\"><img loading=\"lazy\" decoding=\"async\" width=\"169\" height=\"169\" src=\"https:\/\/www.alcoawheels.com\/europe\/no\/wp-content\/uploads\/sites\/19\/2023\/06\/product-literature.png\" alt=\"\"\/><\/div><div class=\"card-box-v1__box_content\"><h4 style=\"color:#ffffff\">Nedlastinger<\/h4><\/div><div class=\"btn-wrap\"><\/div><\/div><a href=\"\/europe\/no\/hvordan-rengjore\/#db-video\" aria-label=\"Nedlastinger\"><\/a><\/div><\/div><\/div><\/div>\n","protected":false},"excerpt":{"rendered":"<p>Hvordan kj\u00f8pe smidd aluminium Alcoa\u00ae-felger? Alcoa\u00ae-felger kan kj\u00f8pes via det offisielle forhandlernettverket. S\u00f8k etter din n\u00e6rmeste forhandler, eller ta kontakt med din bilprodusent. S\u00f8k etter forhandler: Finn forhandler av Alcoa\u00ae hjul- og tilbeh\u00f8rsprodukter For land som ikke er nevnt i listen, fyll ut v\u00e5rt kontaktskjema.<\/p>\n","protected":false},"author":44,"featured_media":0,"parent":0,"menu_order":0,"comment_status":"closed","ping_status":"closed","template":"","meta":{"_acf_changed":false,"protected_reviewer_email":"","editor_notices":[],"footnotes":""},"class_list":["post-33","page","type-page","status-publish","hentry"],"acf":[],"yoast_head":"<!-- This site is optimized with the Yoast SEO Premium plugin v27.3 (Yoast SEO v27.3) - https:\/\/yoast.com\/product\/yoast-seo-premium-wordpress\/ -->\n<title>Forhandlere| Alcoa \u00ae Wheels<\/title>\n<meta name=\"robots\" content=\"index, follow, max-snippet:-1, max-image-preview:large, max-video-preview:-1\" \/>\n<link rel=\"canonical\" href=\"https:\/\/www.alcoawheels.com\/europe\/no\/forhandlere\/\" \/>\n<meta property=\"og:locale\" content=\"en_US\" \/>\n<meta property=\"og:type\" content=\"article\" \/>\n<meta property=\"og:title\" content=\"Forhandlere\" \/>\n<meta property=\"og:description\" content=\"Hvordan kj\u00f8pe smidd aluminium Alcoa\u00ae-felger? Alcoa\u00ae-felger kan kj\u00f8pes via det offisielle forhandlernettverket. S\u00f8k etter din n\u00e6rmeste forhandler, eller ta kontakt med din bilprodusent. S\u00f8k etter forhandler: Finn forhandler av Alcoa\u00ae hjul- og tilbeh\u00f8rsprodukter For land som ikke er nevnt i listen, fyll ut v\u00e5rt kontaktskjema.\" \/>\n<meta property=\"og:url\" content=\"https:\/\/www.alcoawheels.com\/europe\/no\/forhandlere\/\" \/>\n<meta property=\"og:site_name\" content=\"Europe Norwegian\" \/>\n<meta property=\"article:modified_time\" content=\"2025-12-15T13:44:48+00:00\" \/>\n<meta property=\"og:image\" content=\"https:\/\/www.alcoawheels.com\/europe\/no\/wp-content\/uploads\/sites\/19\/2023\/06\/hero-where-to-buy.jpeg\" \/>\n<meta name=\"twitter:card\" content=\"summary_large_image\" \/>\n<meta name=\"twitter:label1\" content=\"Est. reading time\" \/>\n\t<meta name=\"twitter:data1\" content=\"3 minutes\" \/>\n<script type=\"application\/ld+json\" class=\"yoast-schema-graph\">{\"@context\":\"https:\\\/\\\/schema.org\",\"@graph\":[{\"@type\":\"WebPage\",\"@id\":\"https:\\\/\\\/www.alcoawheels.com\\\/europe\\\/no\\\/forhandlere\\\/\",\"url\":\"https:\\\/\\\/www.alcoawheels.com\\\/europe\\\/no\\\/forhandlere\\\/\",\"name\":\"Forhandlere| Alcoa \u00ae Wheels\",\"isPartOf\":{\"@id\":\"https:\\\/\\\/www.alcoawheels.com\\\/europe\\\/no\\\/#website\"},\"primaryImageOfPage\":{\"@id\":\"https:\\\/\\\/www.alcoawheels.com\\\/europe\\\/no\\\/forhandlere\\\/#primaryimage\"},\"image\":{\"@id\":\"https:\\\/\\\/www.alcoawheels.com\\\/europe\\\/no\\\/forhandlere\\\/#primaryimage\"},\"thumbnailUrl\":\"https:\\\/\\\/www.alcoawheels.com\\\/europe\\\/no\\\/wp-content\\\/uploads\\\/sites\\\/19\\\/2023\\\/06\\\/hero-where-to-buy.jpeg\",\"datePublished\":\"2023-05-26T11:41:35+00:00\",\"dateModified\":\"2025-12-15T13:44:48+00:00\",\"breadcrumb\":{\"@id\":\"https:\\\/\\\/www.alcoawheels.com\\\/europe\\\/no\\\/forhandlere\\\/#breadcrumb\"},\"inLanguage\":\"en-US\",\"potentialAction\":[{\"@type\":\"ReadAction\",\"target\":[\"https:\\\/\\\/www.alcoawheels.com\\\/europe\\\/no\\\/forhandlere\\\/\"]}]},{\"@type\":\"ImageObject\",\"inLanguage\":\"en-US\",\"@id\":\"https:\\\/\\\/www.alcoawheels.com\\\/europe\\\/no\\\/forhandlere\\\/#primaryimage\",\"url\":\"https:\\\/\\\/www.alcoawheels.com\\\/europe\\\/no\\\/wp-content\\\/uploads\\\/sites\\\/19\\\/2023\\\/06\\\/hero-where-to-buy.jpeg\",\"contentUrl\":\"https:\\\/\\\/www.alcoawheels.com\\\/europe\\\/no\\\/wp-content\\\/uploads\\\/sites\\\/19\\\/2023\\\/06\\\/hero-where-to-buy.jpeg\",\"width\":1119,\"height\":280,\"caption\":\"hero-where-to-buy\"},{\"@type\":\"BreadcrumbList\",\"@id\":\"https:\\\/\\\/www.alcoawheels.com\\\/europe\\\/no\\\/forhandlere\\\/#breadcrumb\",\"itemListElement\":[{\"@type\":\"ListItem\",\"position\":1,\"name\":\"Home\",\"item\":\"https:\\\/\\\/www.alcoawheels.com\\\/europe\\\/no\\\/\"},{\"@type\":\"ListItem\",\"position\":2,\"name\":\"Forhandlere\"}]},{\"@type\":\"WebSite\",\"@id\":\"https:\\\/\\\/www.alcoawheels.com\\\/europe\\\/no\\\/#website\",\"url\":\"https:\\\/\\\/www.alcoawheels.com\\\/europe\\\/no\\\/\",\"name\":\"Europe Norwegian\",\"description\":\"\",\"publisher\":{\"@id\":\"https:\\\/\\\/www.alcoawheels.com\\\/europe\\\/no\\\/#organization\"},\"potentialAction\":[{\"@type\":\"SearchAction\",\"target\":{\"@type\":\"EntryPoint\",\"urlTemplate\":\"https:\\\/\\\/www.alcoawheels.com\\\/europe\\\/no\\\/?s={search_term_string}\"},\"query-input\":{\"@type\":\"PropertyValueSpecification\",\"valueRequired\":true,\"valueName\":\"search_term_string\"}}],\"inLanguage\":\"en-US\"},{\"@type\":\"Organization\",\"@id\":\"https:\\\/\\\/www.alcoawheels.com\\\/europe\\\/no\\\/#organization\",\"name\":\"Europe Norwegian\",\"url\":\"https:\\\/\\\/www.alcoawheels.com\\\/europe\\\/no\\\/\",\"logo\":{\"@type\":\"ImageObject\",\"inLanguage\":\"en-US\",\"@id\":\"https:\\\/\\\/www.alcoawheels.com\\\/europe\\\/no\\\/#\\\/schema\\\/logo\\\/image\\\/\",\"url\":\"https:\\\/\\\/www.alcoawheels.com\\\/europe\\\/no\\\/wp-content\\\/uploads\\\/sites\\\/19\\\/2023\\\/05\\\/logo-black.gif\",\"contentUrl\":\"https:\\\/\\\/www.alcoawheels.com\\\/europe\\\/no\\\/wp-content\\\/uploads\\\/sites\\\/19\\\/2023\\\/05\\\/logo-black.gif\",\"width\":71,\"height\":64,\"caption\":\"Europe Norwegian\"},\"image\":{\"@id\":\"https:\\\/\\\/www.alcoawheels.com\\\/europe\\\/no\\\/#\\\/schema\\\/logo\\\/image\\\/\"}}]}<\/script>\n<!-- \/ Yoast SEO Premium plugin. -->","yoast_head_json":{"title":"Forhandlere| Alcoa \u00ae Wheels","robots":{"index":"index","follow":"follow","max-snippet":"max-snippet:-1","max-image-preview":"max-image-preview:large","max-video-preview":"max-video-preview:-1"},"canonical":"https:\/\/www.alcoawheels.com\/europe\/no\/forhandlere\/","og_locale":"en_US","og_type":"article","og_title":"Forhandlere","og_description":"Hvordan kj\u00f8pe smidd aluminium Alcoa\u00ae-felger? Alcoa\u00ae-felger kan kj\u00f8pes via det offisielle forhandlernettverket. S\u00f8k etter din n\u00e6rmeste forhandler, eller ta kontakt med din bilprodusent. S\u00f8k etter forhandler: Finn forhandler av Alcoa\u00ae hjul- og tilbeh\u00f8rsprodukter For land som ikke er nevnt i listen, fyll ut v\u00e5rt kontaktskjema.","og_url":"https:\/\/www.alcoawheels.com\/europe\/no\/forhandlere\/","og_site_name":"Europe Norwegian","article_modified_time":"2025-12-15T13:44:48+00:00","og_image":[{"url":"https:\/\/www.alcoawheels.com\/europe\/no\/wp-content\/uploads\/sites\/19\/2023\/06\/hero-where-to-buy.jpeg","type":"","width":"","height":""}],"twitter_card":"summary_large_image","twitter_misc":{"Est. reading time":"3 minutes"},"schema":{"@context":"https:\/\/schema.org","@graph":[{"@type":"WebPage","@id":"https:\/\/www.alcoawheels.com\/europe\/no\/forhandlere\/","url":"https:\/\/www.alcoawheels.com\/europe\/no\/forhandlere\/","name":"Forhandlere| Alcoa \u00ae Wheels","isPartOf":{"@id":"https:\/\/www.alcoawheels.com\/europe\/no\/#website"},"primaryImageOfPage":{"@id":"https:\/\/www.alcoawheels.com\/europe\/no\/forhandlere\/#primaryimage"},"image":{"@id":"https:\/\/www.alcoawheels.com\/europe\/no\/forhandlere\/#primaryimage"},"thumbnailUrl":"https:\/\/www.alcoawheels.com\/europe\/no\/wp-content\/uploads\/sites\/19\/2023\/06\/hero-where-to-buy.jpeg","datePublished":"2023-05-26T11:41:35+00:00","dateModified":"2025-12-15T13:44:48+00:00","breadcrumb":{"@id":"https:\/\/www.alcoawheels.com\/europe\/no\/forhandlere\/#breadcrumb"},"inLanguage":"en-US","potentialAction":[{"@type":"ReadAction","target":["https:\/\/www.alcoawheels.com\/europe\/no\/forhandlere\/"]}]},{"@type":"ImageObject","inLanguage":"en-US","@id":"https:\/\/www.alcoawheels.com\/europe\/no\/forhandlere\/#primaryimage","url":"https:\/\/www.alcoawheels.com\/europe\/no\/wp-content\/uploads\/sites\/19\/2023\/06\/hero-where-to-buy.jpeg","contentUrl":"https:\/\/www.alcoawheels.com\/europe\/no\/wp-content\/uploads\/sites\/19\/2023\/06\/hero-where-to-buy.jpeg","width":1119,"height":280,"caption":"hero-where-to-buy"},{"@type":"BreadcrumbList","@id":"https:\/\/www.alcoawheels.com\/europe\/no\/forhandlere\/#breadcrumb","itemListElement":[{"@type":"ListItem","position":1,"name":"Home","item":"https:\/\/www.alcoawheels.com\/europe\/no\/"},{"@type":"ListItem","position":2,"name":"Forhandlere"}]},{"@type":"WebSite","@id":"https:\/\/www.alcoawheels.com\/europe\/no\/#website","url":"https:\/\/www.alcoawheels.com\/europe\/no\/","name":"Europe Norwegian","description":"","publisher":{"@id":"https:\/\/www.alcoawheels.com\/europe\/no\/#organization"},"potentialAction":[{"@type":"SearchAction","target":{"@type":"EntryPoint","urlTemplate":"https:\/\/www.alcoawheels.com\/europe\/no\/?s={search_term_string}"},"query-input":{"@type":"PropertyValueSpecification","valueRequired":true,"valueName":"search_term_string"}}],"inLanguage":"en-US"},{"@type":"Organization","@id":"https:\/\/www.alcoawheels.com\/europe\/no\/#organization","name":"Europe Norwegian","url":"https:\/\/www.alcoawheels.com\/europe\/no\/","logo":{"@type":"ImageObject","inLanguage":"en-US","@id":"https:\/\/www.alcoawheels.com\/europe\/no\/#\/schema\/logo\/image\/","url":"https:\/\/www.alcoawheels.com\/europe\/no\/wp-content\/uploads\/sites\/19\/2023\/05\/logo-black.gif","contentUrl":"https:\/\/www.alcoawheels.com\/europe\/no\/wp-content\/uploads\/sites\/19\/2023\/05\/logo-black.gif","width":71,"height":64,"caption":"Europe Norwegian"},"image":{"@id":"https:\/\/www.alcoawheels.com\/europe\/no\/#\/schema\/logo\/image\/"}}]}},"parsely":{"version":"1.1.0","canonical_url":"https:\/\/alcoawheels.com\/europe\/no\/forhandlere\/","smart_links":{"inbound":0,"outbound":0},"traffic_boost_suggestions_count":0,"meta":{"@context":"https:\/\/schema.org","@type":"WebPage","headline":"Forhandlere","url":"http:\/\/www.alcoawheels.com\/europe\/no\/forhandlere\/","mainEntityOfPage":{"@type":"WebPage","@id":"http:\/\/www.alcoawheels.com\/europe\/no\/forhandlere\/"},"thumbnailUrl":"","image":{"@type":"ImageObject","url":""},"articleSection":"Uncategorized","author":[{"@type":"Person","name":"howmet"}],"creator":["howmet"],"publisher":{"@type":"Organization","name":"Europe Norwegian","logo":""},"keywords":[],"dateCreated":"2023-05-26T11:41:35Z","datePublished":"2023-05-26T11:41:35Z","dateModified":"2025-12-15T13:44:48Z"},"rendered":"<script type=\"application\/ld+json\" class=\"wp-parsely-metadata\">{\"@context\":\"https:\\\/\\\/schema.org\",\"@type\":\"WebPage\",\"headline\":\"Forhandlere\",\"url\":\"http:\\\/\\\/www.alcoawheels.com\\\/europe\\\/no\\\/forhandlere\\\/\",\"mainEntityOfPage\":{\"@type\":\"WebPage\",\"@id\":\"http:\\\/\\\/www.alcoawheels.com\\\/europe\\\/no\\\/forhandlere\\\/\"},\"thumbnailUrl\":\"\",\"image\":{\"@type\":\"ImageObject\",\"url\":\"\"},\"articleSection\":\"Uncategorized\",\"author\":[{\"@type\":\"Person\",\"name\":\"howmet\"}],\"creator\":[\"howmet\"],\"publisher\":{\"@type\":\"Organization\",\"name\":\"Europe Norwegian\",\"logo\":\"\"},\"keywords\":[],\"dateCreated\":\"2023-05-26T11:41:35Z\",\"datePublished\":\"2023-05-26T11:41:35Z\",\"dateModified\":\"2025-12-15T13:44:48Z\"}<\/script>","tracker_url":"https:\/\/cdn.parsely.com\/keys\/alcoawheels.com\/p.js"},"jetpack_sharing_enabled":true,"_links":{"self":[{"href":"https:\/\/www.alcoawheels.com\/europe\/no\/wp-json\/wp\/v2\/pages\/33","targetHints":{"allow":["GET"]}}],"collection":[{"href":"https:\/\/www.alcoawheels.com\/europe\/no\/wp-json\/wp\/v2\/pages"}],"about":[{"href":"https:\/\/www.alcoawheels.com\/europe\/no\/wp-json\/wp\/v2\/types\/page"}],"author":[{"embeddable":true,"href":"https:\/\/www.alcoawheels.com\/europe\/no\/wp-json\/wp\/v2\/users\/44"}],"replies":[{"embeddable":true,"href":"https:\/\/www.alcoawheels.com\/europe\/no\/wp-json\/wp\/v2\/comments?post=33"}],"version-history":[{"count":8,"href":"https:\/\/www.alcoawheels.com\/europe\/no\/wp-json\/wp\/v2\/pages\/33\/revisions"}],"predecessor-version":[{"id":2383,"href":"https:\/\/www.alcoawheels.com\/europe\/no\/wp-json\/wp\/v2\/pages\/33\/revisions\/2383"}],"wp:attachment":[{"href":"https:\/\/www.alcoawheels.com\/europe\/no\/wp-json\/wp\/v2\/media?parent=33"}],"curies":[{"name":"wp","href":"https:\/\/api.w.org\/{rel}","templated":true}]}}